{"id":127,"date":"2025-06-12T03:29:21","date_gmt":"2025-06-12T03:29:21","guid":{"rendered":"https:\/\/www.dataslatitudes.com\/sosuniversal\/?page_id=127"},"modified":"2025-07-13T07:26:58","modified_gmt":"2025-07-13T07:26:58","slug":"cas-dutilisation","status":"publish","type":"page","link":"https:\/\/www.dataslatitudes.com\/sosuniversal\/it\/cas-dutilisation\/","title":{"rendered":"Casi d'uso"},"content":{"rendered":"\r\n<p class=\"has-small-font-size\"><\/p>\r\n\r\n\r\n\r\n<h1 class=\"wp-block-heading has-text-align-center has-medium-font-size\"><strong>CASI D&#8217;USO<\/strong><\/h1>\r\n\r\n\r\n\r\n<p style=\"font-size:1rem\">Un&#8217;applicazione per smartphone che consente di inviare allerte, richieste di aiuto o semplicemente la propria posizione attuale pu\u00f2 rivelarsi cruciale in molte situazioni, offrendo tranquillit\u00e0 e contribuendo a un rapido accesso all&#8217;assistenza. Ecco alcuni esempi dei suoi casi d&#8217;uso, classificati per categorie per una migliore comprensione.<\/p>\r\n\r\n\r\n\r\n<h2 class=\"wp-block-heading has-background\" style=\"background-color:#f9f3eb;margin-top:var(--wp--preset--spacing--30);margin-bottom:var(--wp--preset--spacing--30);padding-top:var(--wp--preset--spacing--20);padding-bottom:var(--wp--preset--spacing--20);font-size:1.2rem\">Sicurezza personale e situazioni di emergenza<\/h2>\r\n\r\n\r\n\r\n<ul class=\"wp-block-list\">\r\n<li style=\"font-size:1rem\"><strong>Violenza contro le donne, violenza LGBTfobica e serofobica, violenza razzista, xenofoba o per motivi religiosi, violenza contro le persone con disabilit\u00e0&nbsp;: <\/strong>In caso di aggressione fisica o verbale, l&#8217;applicazione consente di attivare un allerta discreta con un solo clic verso contatti fidati con la condivisione della posizione GPS in tempo reale. Una registrazione audio pu\u00f2 anche essere configurata per servire da prova in caso di denuncia.<\/li>\r\n\r\n\r\n\r\n<li style=\"font-size:1rem\"><strong>Vittima di gesti inappropriati nei trasporti pubblici (es: palpeggiamenti in metropolitana): <\/strong>la vittima pu\u00f2 attivare un allarme sonoro di forte intensit\u00e0 (sirena della polizia o urlo umano, ad esempio) e una registrazione audio.<\/li>\r\n\r\n\r\n\r\n<li style=\"font-size:1rem\"><strong>Aggressione o minaccia immediata: <\/strong>In caso di aggressione fisica, tentativo di stupro, rapina con violenza o qualsiasi situazione che minacci direttamente l&#8217;integrit\u00e0 fisica dell&#8217;utente, l&#8217;applicazione consente di inviare un allerta discreta e rapida ai contatti di emergenza.<\/li>\r\n\r\n\r\n\r\n<li style=\"font-size:1rem\"><strong>Situazione di molestie o stalking: <\/strong>L&#8217;applicazione consente di avvisare discretamente contatti fidati o le autorit\u00e0 in caso di pedinamento o molestie, con la possibilit\u00e0 di registrare una prova tramite registrazione audio.<\/li>\r\n\r\n\r\n\r\n<li style=\"font-size:1rem\"><strong>Vittime di violenza domestica: <\/strong>\u00e8 possibile disporre di un mezzo discreto e rapido per chiedere aiuto in caso di pericolo, senza allertare l&#8217;aggressore.<\/li>\r\n<\/ul>\r\n\r\n\r\n\r\n<p style=\"font-size:1rem\">Nei casi precedenti, l&#8217;allerta discreta pu\u00f2 essere integrata o sostituita da una dissuasione sonora: l&#8217;attivazione di una sirena ad alta intensit\u00e0 o la simulazione di una chiamata telefonica in arrivo per creare un diversivo.<\/p>\r\n\r\n\r\n\r\n<ul class=\"wp-block-list\">\r\n<li style=\"font-size:1rem\"><strong>Disagio medico: <\/strong>per le persone affette da malattie croniche (attacchi cardiaci, gravi crisi asmatiche, epilessia, gravi allergie) o in caso di incidente (caduta, lesione), l&#8217;applicazione consente di inviare una richiesta di aiuto.<\/li>\r\n\r\n\r\n\r\n<li style=\"font-size:1rem\"><strong>Scomparsa o smarrimento: <\/strong>Particolarmente utile per i bambini, gli anziani con disturbi cognitivi o gli escursionisti, l&#8217;applicazione consente di inviare la posizione GPS in tempo reale, facilitando le ricerche.<\/li>\r\n\r\n\r\n\r\n<li style=\"font-size:1rem\"><strong>Incidenti stradali: <\/strong>in caso di incidente, l&#8217;applicazione consente di inviare un allerta con la localizzazione.<\/li>\r\n\r\n\r\n\r\n<li style=\"font-size:1rem\"><strong>Disastri naturali: <\/strong>Durante terremoti, inondazioni, incendi boschivi o altre catastrofi, l&#8217;applicazione pu\u00f2 essere utilizzata per segnalare la propria posizione, chiedere aiuto e informare i propri cari della propria sicurezza.<\/li>\r\n<\/ul>\r\n\r\n\r\n\r\n<h2 class=\"wp-block-heading has-background\" style=\"background-color:#f9f3eb;margin-top:var(--wp--preset--spacing--30);margin-bottom:var(--wp--preset--spacing--30);padding-top:var(--wp--preset--spacing--20);padding-bottom:var(--wp--preset--spacing--20);font-size:1.2rem\">Vita quotidiana e assistenza<\/h2>\r\n\r\n\r\n\r\n<ul class=\"wp-block-list\">\r\n<li style=\"font-size:1rem\"><strong>Anziani o persone con disabilit\u00e0: <\/strong>L&#8217;applicazione pu\u00f2 essere utilizzata per attivare una richiesta di assistenza.<\/li>\r\n\r\n\r\n\r\n<li style=\"font-size:1rem\"><strong>Bambini e adolescenti: <\/strong>Per i genitori preoccupati per la sicurezza dei propri figli, l&#8217;applicazione pu\u00f2 consentire ai bambini di inviare un allerta discreta in caso di pericolo, quando si sentono persi o in situazioni di molestie (con registrazione di prove).<br>Esempio: un\/a adolescente a una festa che si sente a disagio, che subisce una pressione o che ha bisogno di essere riaccompagnato\/a senza potersi esprimere direttamente, pu\u00f2 inviare un allerta discreta ai suoi genitori o a un adulto di fiducia.<\/li>\r\n\r\n\r\n\r\n<li style=\"font-size:1rem\"><strong>Problemi meccanici o guasto del veicolo: <\/strong>In caso di guasto su una strada isolata o pericolosa, l&#8217;applicazione consente di inviare un allerta ai servizi di assistenza stradale o ai contatti per chiedere aiuto.<\/li>\r\n\r\n\r\n\r\n<li style=\"font-size:1rem\"><strong>Isolamento sociale o sensazione di pericolo: <\/strong>una persona che si sente vulnerabile o minacciata in una particolare situazione sociale (ad esempio, durante un appuntamento con uno sconosciuto) pu\u00f2 utilizzare l&#8217;applicazione per allertare discretamente un amico e condividere la sua posizione.<\/li>\r\n\r\n\r\n\r\n<li style=\"font-size:1rem\"><strong>Supporto psicologico: <\/strong>Per le persone che soffrono di ansia o attacchi di panico, l&#8217;applicazione consente di avvisare un contatto fidato per un supporto immediato.<\/li>\r\n<\/ul>\r\n\r\n\r\n\r\n<h2 class=\"wp-block-heading has-background\" style=\"background-color:#f9f3eb;margin-top:var(--wp--preset--spacing--30);margin-bottom:var(--wp--preset--spacing--30);padding-top:var(--wp--preset--spacing--20);padding-bottom:var(--wp--preset--spacing--20);font-size:1.2rem\">Lavoro e situazioni professionali<\/h2>\r\n\r\n\r\n\r\n<ul class=\"wp-block-list\">\r\n<li style=\"font-size:1rem\"><strong>Lavoratori isolati: <\/strong>per i professionisti che lavorano da soli in ambienti a rischio (agenti di sicurezza, tecnici di manutenzione, tassisti, agricoltori, ostricultori), l&#8217;applicazione contribuisce a un&#8217;assistenza rapida in caso di incidente o aggressione.<\/li>\r\n\r\n\r\n\r\n<li style=\"font-size:1rem\"><strong>Professionisti della salute e del sociale: <\/strong>medici, infermieri, assistenti sociali o assistenti domiciliari che visitano pazienti o clienti a rischio possono utilizzare l&#8217;applicazione per segnalare una situazione pericolosa o chiedere aiuto.<\/li>\r\n\r\n\r\n\r\n<li style=\"font-size:1rem\"><strong>Personale notturno: <\/strong>i dipendenti che lavorano di notte in luoghi isolati (stazioni di servizio, supermercati, hotel) possono avere un mezzo per chiedere aiuto rapidamente in caso di furto o aggressione.<\/li>\r\n\r\n\r\n\r\n<li style=\"font-size:1rem\"><strong>Giornalisti e reporter in zone a rischio: <\/strong>possibilit\u00e0 di segnalare una situazione pericolosa o un arresto, trasmettendo la posizione e informazioni contestuali (tramite chiamata telefonica o SMS) ai contatti di emergenza.<\/li>\r\n<\/ul>\r\n\r\n\r\n\r\n<h2 class=\"wp-block-heading has-background\" style=\"background-color:#f9f3eb;margin-top:var(--wp--preset--spacing--30);margin-bottom:var(--wp--preset--spacing--30);padding-top:var(--wp--preset--spacing--20);padding-bottom:var(--wp--preset--spacing--20);font-size:1.2rem\">Tempo libero e attivit\u00e0 all&#8217;aperto<\/h2>\r\n\r\n\r\n\r\n<ul class=\"wp-block-list\">\r\n<li style=\"font-size:1rem\"><strong>Escursionismo e alpinismo: <\/strong>In caso di caduta, infortunio, perdita di orientamento o condizioni meteorologiche estreme, l&#8217;applicazione consente di inviare un allerta con la posizione GPS alle squadre di soccorso o alla propria famiglia.<\/li>\r\n\r\n\r\n\r\n<li style=\"font-size:1rem\"><strong>Sport acquatici: <\/strong>per i diportisti, ad esempio, l&#8217;applicazione pu\u00f2 essere utilizzata per segnalare un problema (ribaltamento, guasto al motore, lesione) con trasmissione della posizione.<\/li>\r\n\r\n\r\n\r\n<li style=\"font-size:1rem\"><strong>Ciclismo e corsa: <\/strong>in caso di caduta, infortunio o malore, l&#8217;applicazione consente di avvisare i contatti predefiniti con la localizzazione.<\/li>\r\n\r\n\r\n\r\n<li style=\"font-size:1rem\"><strong>Viaggi e turismo: <\/strong>i viaggiatori, soprattutto quelli che esplorano zone sconosciute o pericolose, possono utilizzare l&#8217;applicazione per avvisare i propri cari o i servizi consolari in caso di problemi (aggressione, malattia, furto di documenti).<\/li>\r\n<\/ul>\r\n\r\n\r\n\r\n<p style=\"font-size:1rem\">Nei casi precedenti, al fine di informare il tuo ambiente professionale o familiare, ad esempio, l&#8217;allerta pu\u00f2 anche limitarsi a inviare via SMS solo la posizione geografica attuale. Esempio: in modalit\u00e0 ripetitiva, per 5 ore, ogni 15 minuti, invio un SMS contenente solo la mia posizione.<\/p>\r\n\r\n\r\n\r\n<p class=\"has-small-font-size\" style=\"margin-top:var(--wp--preset--spacing--30);margin-bottom:var(--wp--preset--spacing--30)\"><\/p>\r\n","protected":false},"excerpt":{"rendered":"<p>CASI D&#8217;USO Un&#8217;applicazione per smartphone che consente di inviare allerte, richieste di aiuto o semplicemente la propria posizione attuale pu\u00f2 [&hellip;]<\/p>\n","protected":false},"author":1,"featured_media":0,"parent":0,"menu_order":1,"comment_status":"closed","ping_status":"closed","template":"","meta":{"site-sidebar-layout":"default","site-content-layout":"","ast-site-content-layout":"","site-content-style":"default","site-sidebar-style":"default","ast-global-header-display":"","ast-banner-title-visibility":"","ast-main-header-display":"","ast-hfb-above-header-display":"","ast-hfb-below-header-display":"","ast-hfb-mobile-header-display":"","site-post-title":"disabled","ast-breadcrumbs-content":"","ast-featured-img":"","footer-sml-layout":"","theme-transparent-header-meta":"","adv-header-id-meta":"","stick-header-meta":"","header-above-stick-meta":"","header-main-stick-meta":"","header-below-stick-meta":"","astra-migrate-meta-layouts":"default","ast-page-background-enabled":"default","ast-page-background-meta":{"desktop":{"background-color":"var(--ast-global-color-5)","background-image":"","background-repeat":"repeat","background-position":"center center","background-size":"auto","background-attachment":"scroll","background-type":"","background-media":"","overlay-type":"","overlay-color":"","overlay-opacity":"","overlay-gradient":""},"tablet":{"background-color":"","background-image":"","background-repeat":"repeat","background-position":"center center","background-size":"auto","background-attachment":"scroll","background-type":"","background-media":"","overlay-type":"","overlay-color":"","overlay-opacity":"","overlay-gradient":""},"mobile":{"background-color":"","background-image":"","background-repeat":"repeat","background-position":"center center","background-size":"auto","background-attachment":"scroll","background-type":"","background-media":"","overlay-type":"","overlay-color":"","overlay-opacity":"","overlay-gradient":""}},"ast-content-background-meta":{"desktop":{"background-color":"var(--ast-global-color-4)","background-image":"","background-repeat":"repeat","background-position":"center center","background-size":"auto","background-attachment":"scroll","background-type":"","background-media":"","overlay-type":"","overlay-color":"","overlay-opacity":"","overlay-gradient":""},"tablet":{"background-color":"var(--ast-global-color-4)","background-image":"","background-repeat":"repeat","background-position":"center center","background-size":"auto","background-attachment":"scroll","background-type":"","background-media":"","overlay-type":"","overlay-color":"","overlay-opacity":"","overlay-gradient":""},"mobile":{"background-color":"var(--ast-global-color-4)","background-image":"","background-repeat":"repeat","background-position":"center center","background-size":"auto","background-attachment":"scroll","background-type":"","background-media":"","overlay-type":"","overlay-color":"","overlay-opacity":"","overlay-gradient":""}},"footnotes":""},"class_list":["post-127","page","type-page","status-publish","hentry"],"yoast_head":"<!-- This site is optimized with the Yoast SEO plugin v25.6 - https:\/\/yoast.com\/wordpress\/plugins\/seo\/ -->\n<title>Casi d&#039;uso<\/title>\n<meta name=\"description\" content=\"Un&#039;applicazione per smartphone che consente di inviare allerte, richieste di aiuto o semplicemente la propria posizione attuale pu\u00f2 rivelarsi cruciale in molte situazioni, offrendo tranquillit\u00e0 e contribuendo a un rapido accesso all&#039;assistenza. Esempi: sicurezza personale e situazioni di emergenza, vita quotidiana e assistenza, lavoro e situazioni professionali, nonch\u00e9 tempo libero e attivit\u00e0 all&#039;aperto.\" \/>\n<meta name=\"robots\" content=\"index, follow, max-snippet:-1, max-image-preview:large, max-video-preview:-1\" \/>\n<link rel=\"canonical\" href=\"http:\/\/CASI%20D'USO%20Un'applicazione%20per%20smartphone%20che%20consente%20di%20inviare%20allerte,%20richieste%20di%20aiuto%20o%20semplicemente%20la%20propria%20posizione%20attuale%20pu\u00f2%20rivelarsi%20cruciale%20in%20molte%20situazioni,%20offrendo%20tranquillit\u00e0%20e%20contribuendo%20a%20un%20rapido%20accesso%20all'assistenza.%20Ecco%20alcuni%20esempi%20dei%20suoi%20casi%20d'uso,%20classificati%20per%20categorie%20per%20una%20migliore%20comprensione.%20Sicurezza%20personale%20e%20situazioni%20di%20emergenza%20Violenza&hellip;\" \/>\n<meta property=\"og:locale\" content=\"it_IT\" \/>\n<meta property=\"og:type\" content=\"article\" \/>\n<meta property=\"og:title\" content=\"Casi d&#039;uso\" \/>\n<meta property=\"og:description\" content=\"Un&#039;applicazione per smartphone che consente di inviare allerte, richieste di aiuto o semplicemente la propria posizione attuale pu\u00f2 rivelarsi cruciale in molte situazioni, offrendo tranquillit\u00e0 e contribuendo a un rapido accesso all&#039;assistenza. Esempi: sicurezza personale e situazioni di emergenza, vita quotidiana e assistenza, lavoro e situazioni professionali, nonch\u00e9 tempo libero e attivit\u00e0 all&#039;aperto.\" \/>\n<meta property=\"og:url\" content=\"https:\/\/www.dataslatitudes.com\/sosuniversal\/it\/cas-dutilisation\/\" \/>\n<meta property=\"og:site_name\" content=\"SOS Universal\" \/>\n<meta property=\"article:modified_time\" content=\"2025-07-13T07:26:58+00:00\" \/>\n<meta name=\"twitter:card\" content=\"summary_large_image\" \/>\n<meta name=\"twitter:label1\" content=\"Tempo di lettura stimato\" \/>\n\t<meta name=\"twitter:data1\" content=\"5 minuti\" \/>\n<script type=\"application\/ld+json\" class=\"yoast-schema-graph\">{\"@context\":\"https:\/\/schema.org\",\"@graph\":[{\"@type\":\"WebPage\",\"@id\":\"https:\/\/www.dataslatitudes.com\/sosuniversal\/it\/cas-dutilisation\/\",\"url\":\"https:\/\/www.dataslatitudes.com\/sosuniversal\/it\/cas-dutilisation\/\",\"name\":\"Cas d'utilisation - SOS Universal\",\"isPartOf\":{\"@id\":\"https:\/\/www.dataslatitudes.com\/sosuniversal\/#website\"},\"datePublished\":\"2025-06-12T03:29:21+00:00\",\"dateModified\":\"2025-07-13T07:26:58+00:00\",\"description\":\"Une application pour smartphone permettant d\u2019envoyer des alertes, des appels \u00e0 l\u2019aide ou tout simplement sa localisation courante peut s\u2019av\u00e9rer cruciale dans de nombreuses situations, offrant une tranquillit\u00e9 d\u2019esprit et contribuant \u00e0 un acc\u00e8s rapide \u00e0 l\u2019assistance. Exemples : s\u00e9curit\u00e9 personnelle et situations d\u2019urgence, vie quotidienne et assistance, travail et situations professionnelles ainsi que loisirs et activit\u00e9s en ext\u00e9rieur.\",\"breadcrumb\":{\"@id\":\"https:\/\/www.dataslatitudes.com\/sosuniversal\/it\/cas-dutilisation\/#breadcrumb\"},\"inLanguage\":\"it-IT\",\"potentialAction\":[{\"@type\":\"ReadAction\",\"target\":[\"https:\/\/www.dataslatitudes.com\/sosuniversal\/it\/cas-dutilisation\/\"]}]},{\"@type\":\"BreadcrumbList\",\"@id\":\"https:\/\/www.dataslatitudes.com\/sosuniversal\/it\/cas-dutilisation\/#breadcrumb\",\"itemListElement\":[{\"@type\":\"ListItem\",\"position\":1,\"name\":\"Presentazione\",\"item\":\"https:\/\/www.dataslatitudes.com\/sosuniversal\/fr\/\"},{\"@type\":\"ListItem\",\"position\":2,\"name\":\"Casi d'uso\"}]},{\"@type\":\"WebSite\",\"@id\":\"https:\/\/www.dataslatitudes.com\/sosuniversal\/it\/#website\",\"url\":\"https:\/\/www.dataslatitudes.com\/sosuniversal\/it\/\",\"name\":\"SOS Universal\",\"description\":\"\",\"publisher\":{\"@id\":\"https:\/\/www.dataslatitudes.com\/sosuniversal\/it\/#organization\"},\"potentialAction\":[{\"@type\":\"SearchAction\",\"target\":{\"@type\":\"EntryPoint\",\"urlTemplate\":\"https:\/\/www.dataslatitudes.com\/sosuniversal\/it\/?s={search_term_string}\"},\"query-input\":{\"@type\":\"PropertyValueSpecification\",\"valueRequired\":true,\"valueName\":\"search_term_string\"}}],\"inLanguage\":\"it-IT\"},{\"@type\":\"Organization\",\"@id\":\"https:\/\/www.dataslatitudes.com\/sosuniversal\/it\/#organization\",\"name\":\"DATASLATITUDES\",\"url\":\"https:\/\/www.dataslatitudes.com\/sosuniversal\/it\/\",\"logo\":{\"@type\":\"ImageObject\",\"inLanguage\":\"it-IT\",\"@id\":\"https:\/\/www.dataslatitudes.com\/sosuniversal\/it\/#\/schema\/logo\/image\/\",\"url\":\"https:\/\/www.dataslatitudes.com\/sosuniversal\/wp-content\/uploads\/2025\/07\/logo_mrdv.png\",\"contentUrl\":\"https:\/\/www.dataslatitudes.com\/sosuniversal\/wp-content\/uploads\/2025\/07\/logo_mrdv.png\",\"width\":72,\"height\":72,\"caption\":\"DATASLATITUDES\"},\"image\":{\"@id\":\"https:\/\/www.dataslatitudes.com\/sosuniversal\/it\/#\/schema\/logo\/image\/\"}}]}<\/script>\n<!-- \/ Yoast SEO plugin. -->","yoast_head_json":{"title":"Casi d'uso","description":"Un'applicazione per smartphone che consente di inviare allerte, richieste di aiuto o semplicemente la propria posizione attuale pu\u00f2 rivelarsi cruciale in molte situazioni, offrendo tranquillit\u00e0 e contribuendo a un rapido accesso all'assistenza. Esempi: sicurezza personale e situazioni di emergenza, vita quotidiana e assistenza, lavoro e situazioni professionali, nonch\u00e9 tempo libero e attivit\u00e0 all'aperto.","robots":{"index":"index","follow":"follow","max-snippet":"max-snippet:-1","max-image-preview":"max-image-preview:large","max-video-preview":"max-video-preview:-1"},"canonical":"CASI D'USO Un'applicazione per smartphone che consente di inviare allerte, richieste di aiuto o semplicemente la propria posizione attuale pu\u00f2 rivelarsi cruciale in molte situazioni, offrendo tranquillit\u00e0 e contribuendo a un rapido accesso all'assistenza. Ecco alcuni esempi dei suoi casi d'uso, classificati per categorie per una migliore comprensione. Sicurezza personale e situazioni di emergenza Violenza&hellip;","og_locale":"it_IT","og_type":"article","og_title":"Casi d'uso","og_description":"Un'applicazione per smartphone che consente di inviare allerte, richieste di aiuto o semplicemente la propria posizione attuale pu\u00f2 rivelarsi cruciale in molte situazioni, offrendo tranquillit\u00e0 e contribuendo a un rapido accesso all'assistenza. Esempi: sicurezza personale e situazioni di emergenza, vita quotidiana e assistenza, lavoro e situazioni professionali, nonch\u00e9 tempo libero e attivit\u00e0 all'aperto.","og_url":"https:\/\/www.dataslatitudes.com\/sosuniversal\/it\/cas-dutilisation\/","og_site_name":"SOS Universal","article_modified_time":"2025-07-13T07:26:58+00:00","twitter_card":"summary_large_image","twitter_misc":{"Tempo di lettura stimato":"5 minuti"},"schema":{"@context":"https:\/\/schema.org","@graph":[{"@type":"WebPage","@id":"https:\/\/www.dataslatitudes.com\/sosuniversal\/it\/cas-dutilisation\/","url":"https:\/\/www.dataslatitudes.com\/sosuniversal\/it\/cas-dutilisation\/","name":"Cas d'utilisation - SOS Universal","isPartOf":{"@id":"https:\/\/www.dataslatitudes.com\/sosuniversal\/#website"},"datePublished":"2025-06-12T03:29:21+00:00","dateModified":"2025-07-13T07:26:58+00:00","description":"Une application pour smartphone permettant d\u2019envoyer des alertes, des appels \u00e0 l\u2019aide ou tout simplement sa localisation courante peut s\u2019av\u00e9rer cruciale dans de nombreuses situations, offrant une tranquillit\u00e9 d\u2019esprit et contribuant \u00e0 un acc\u00e8s rapide \u00e0 l\u2019assistance. Exemples : s\u00e9curit\u00e9 personnelle et situations d\u2019urgence, vie quotidienne et assistance, travail et situations professionnelles ainsi que loisirs et activit\u00e9s en ext\u00e9rieur.","breadcrumb":{"@id":"https:\/\/www.dataslatitudes.com\/sosuniversal\/it\/cas-dutilisation\/#breadcrumb"},"inLanguage":"it-IT","potentialAction":[{"@type":"ReadAction","target":["https:\/\/www.dataslatitudes.com\/sosuniversal\/it\/cas-dutilisation\/"]}]},{"@type":"BreadcrumbList","@id":"https:\/\/www.dataslatitudes.com\/sosuniversal\/it\/cas-dutilisation\/#breadcrumb","itemListElement":[{"@type":"ListItem","position":1,"name":"Presentazione","item":"https:\/\/www.dataslatitudes.com\/sosuniversal\/fr\/"},{"@type":"ListItem","position":2,"name":"Casi d'uso"}]},{"@type":"WebSite","@id":"https:\/\/www.dataslatitudes.com\/sosuniversal\/it\/#website","url":"https:\/\/www.dataslatitudes.com\/sosuniversal\/it\/","name":"SOS Universal","description":"","publisher":{"@id":"https:\/\/www.dataslatitudes.com\/sosuniversal\/it\/#organization"},"potentialAction":[{"@type":"SearchAction","target":{"@type":"EntryPoint","urlTemplate":"https:\/\/www.dataslatitudes.com\/sosuniversal\/it\/?s={search_term_string}"},"query-input":{"@type":"PropertyValueSpecification","valueRequired":true,"valueName":"search_term_string"}}],"inLanguage":"it-IT"},{"@type":"Organization","@id":"https:\/\/www.dataslatitudes.com\/sosuniversal\/it\/#organization","name":"DATASLATITUDES","url":"https:\/\/www.dataslatitudes.com\/sosuniversal\/it\/","logo":{"@type":"ImageObject","inLanguage":"it-IT","@id":"https:\/\/www.dataslatitudes.com\/sosuniversal\/it\/#\/schema\/logo\/image\/","url":"https:\/\/www.dataslatitudes.com\/sosuniversal\/wp-content\/uploads\/2025\/07\/logo_mrdv.png","contentUrl":"https:\/\/www.dataslatitudes.com\/sosuniversal\/wp-content\/uploads\/2025\/07\/logo_mrdv.png","width":72,"height":72,"caption":"DATASLATITUDES"},"image":{"@id":"https:\/\/www.dataslatitudes.com\/sosuniversal\/it\/#\/schema\/logo\/image\/"}}]}},"_links":{"self":[{"href":"https:\/\/www.dataslatitudes.com\/sosuniversal\/it\/wp-json\/wp\/v2\/pages\/127","targetHints":{"allow":["GET"]}}],"collection":[{"href":"https:\/\/www.dataslatitudes.com\/sosuniversal\/it\/wp-json\/wp\/v2\/pages"}],"about":[{"href":"https:\/\/www.dataslatitudes.com\/sosuniversal\/it\/wp-json\/wp\/v2\/types\/page"}],"author":[{"embeddable":true,"href":"https:\/\/www.dataslatitudes.com\/sosuniversal\/it\/wp-json\/wp\/v2\/users\/1"}],"replies":[{"embeddable":true,"href":"https:\/\/www.dataslatitudes.com\/sosuniversal\/it\/wp-json\/wp\/v2\/comments?post=127"}],"version-history":[{"count":34,"href":"https:\/\/www.dataslatitudes.com\/sosuniversal\/it\/wp-json\/wp\/v2\/pages\/127\/revisions"}],"predecessor-version":[{"id":868,"href":"https:\/\/www.dataslatitudes.com\/sosuniversal\/it\/wp-json\/wp\/v2\/pages\/127\/revisions\/868"}],"wp:attachment":[{"href":"https:\/\/www.dataslatitudes.com\/sosuniversal\/it\/wp-json\/wp\/v2\/media?parent=127"}],"curies":[{"name":"wp","href":"https:\/\/api.w.org\/{rel}","templated":true}]}}