{"id":75,"date":"2025-06-11T15:05:57","date_gmt":"2025-06-11T15:05:57","guid":{"rendered":"http:\/\/www.dataslatitudes.com\/sosuniversal\/index.php\/mode-demploi\/"},"modified":"2025-08-14T09:50:55","modified_gmt":"2025-08-14T09:50:55","slug":"politique-confidentialite","status":"publish","type":"page","link":"https:\/\/www.dataslatitudes.com\/sosuniversal\/id\/politique-confidentialite\/","title":{"rendered":"Privasi"},"content":{"rendered":"\r\n<p class=\"has-small-font-size\"><\/p>\r\n\r\n\r\n\r\n<h1 class=\"wp-block-heading has-text-align-center has-medium-font-size\"><strong>KEBIJAKAN PRIVASI<\/strong><\/h1>\r\n\r\n\r\n\r\n<p style=\"margin-top:0;margin-bottom:0;font-size:1rem\">Kebijakan Privasi ini bertujuan untuk memberi tahu Anda secara transparan tentang bagaimana aplikasi seluler SOS Universal (selanjutnya disebut &#8220;Aplikasi&#8221;), yang dikembangkan oleh DATASLATITUDES (selanjutnya disebut &#8220;Penerbit&#8221;), mengumpulkan, menggunakan, dan melindungi data pribadi Anda.<\/p>\r\n\r\n\r\n\r\n<p style=\"margin-top:var(--wp--preset--spacing--20);margin-bottom:var(--wp--preset--spacing--20)\">Dengan menggunakan Aplikasi, Anda menyetujui ketentuan kebijakan ini. Jika Anda tidak menyetujui ketentuan ini, mohon jangan gunakan Aplikasi.<\/p>\r\n\r\n\r\n\r\n<p><strong>Tanggal efektif: 28 Juni 2025<\/strong><\/p>\r\n\r\n\r\n\r\n<h2 class=\"wp-block-heading has-background\" style=\"background-color:#f9f3eb;margin-top:var(--wp--preset--spacing--30);margin-bottom:var(--wp--preset--spacing--30);padding-top:var(--wp--preset--spacing--30);padding-bottom:var(--wp--preset--spacing--30);font-size:1.2rem\">1. Pengontrol data<\/h2>\r\n\r\n\r\n\r\n<p>Pengontrol data pribadi Anda adalah: DATASLATITUDES. <strong>(Email: privacy.sos_universal@dataslatitudes.com)<\/strong><\/p>\r\n\r\n\r\n\r\n<p class=\"has-small-font-size\"><\/p>\r\n\r\n\r\n\r\n<h2 class=\"wp-block-heading has-background\" style=\"background-color:#f9f3eb;margin-top:var(--wp--preset--spacing--30);margin-bottom:var(--wp--preset--spacing--30);padding-top:var(--wp--preset--spacing--30);padding-bottom:var(--wp--preset--spacing--30);font-size:1.2rem\">2. Data yang dikumpulkan dan tujuannya<\/h2>\r\n\r\n\r\n\r\n<p style=\"margin-top:var(--wp--preset--spacing--30);margin-bottom:var(--wp--preset--spacing--30);padding-top:0;padding-bottom:0\">Aplikasi dirancang untuk meminimalkan pengumpulan data pribadi dan secara eksklusif mengutamakan penyimpanan lokal di perangkat Anda. Data diproses untuk tujuan berikut:<\/p>\r\n\r\n\r\n\r\n<h3 class=\"wp-block-heading\" style=\"margin-top:var(--wp--preset--spacing--20);margin-bottom:var(--wp--preset--spacing--20);padding-top:0;padding-bottom:0;font-size:1.1rem\">2.1. Data yang Anda berikan secara langsung<\/h3>\r\n\r\n\r\n\r\n<ul style=\"margin-top:var(--wp--preset--spacing--20);margin-bottom:var(--wp--preset--spacing--20);padding-top:0;padding-bottom:0\" class=\"wp-block-list\">\r\n<li style=\"margin-top:var(--wp--preset--spacing--20);margin-bottom:var(--wp--preset--spacing--20);padding-top:0;padding-bottom:0\"><strong>Kontak darurat: <\/strong>Anda membuat atau mengimpor kontak (nama dan nomor telepon) dari buku alamat Anda.\r\n<ul class=\"wp-block-list\">\r\n<li><strong>Tujuan: <\/strong>Data ini digunakan secara eksklusif untuk mengirim SMS peringatan dan menghasilkan panggilan telepon ke kontak darurat Anda.<\/li>\r\n\r\n\r\n\r\n<li><strong>Penyimpanan: <\/strong>Data ini disimpan secara lokal di perangkat Anda dan tidak dikirimkan ke server kami.<\/li>\r\n<\/ul>\r\n<\/li>\r\n\r\n\r\n\r\n<li><strong>Pesan standar dan tambahan: <\/strong>teks yang Anda tulis untuk SMS peringatan.\r\n<ul class=\"wp-block-list\">\r\n<li><strong>Tujuan: <\/strong>integrasikan pesan pribadi Anda ke dalam peringatan yang dikirim.<\/li>\r\n\r\n\r\n\r\n<li><strong>Penyimpanan: <\/strong>disimpan secara lokal di perangkat Anda.<\/li>\r\n<\/ul>\r\n<\/li>\r\n\r\n\r\n\r\n<li style=\"padding-top:var(--wp--preset--spacing--20);padding-bottom:var(--wp--preset--spacing--20)\"><strong>Rekaman audio: <\/strong>rekaman yang Anda picu.\r\n<ul class=\"wp-block-list\">\r\n<li><strong>Tujuan: <\/strong>memungkinkan mendengarkan, mengganti nama, dan menghapus rekaman Anda. Dengan kualitas yang baik, mereka dapat berfungsi sebagai bukti jika mengajukan keluhan.<\/li>\r\n\r\n\r\n\r\n<li><strong>Penyimpanan: <\/strong>Disimpan secara lokal di folder unduhan smartphone Anda. Anda bertanggung jawab penuh atas pengelolaan dan penghapusan file-file ini.<\/li>\r\n<\/ul>\r\n<\/li>\r\n<\/ul>\r\n\r\n\r\n\r\n<p class=\"has-small-font-size\"><\/p>\r\n\r\n\r\n\r\n<h3 class=\"wp-block-heading\" style=\"margin-top:var(--wp--preset--spacing--20);margin-bottom:var(--wp--preset--spacing--20);padding-top:0;padding-bottom:0;font-size:1.1rem\"><strong>2.2. Data yang dikumpulkan secara otomatis<\/strong><\/h3>\r\n\r\n\r\n\r\n<ul style=\"margin-top:var(--wp--preset--spacing--20);margin-bottom:var(--wp--preset--spacing--20);padding-top:0;padding-bottom:0\" class=\"wp-block-list\">\r\n<li style=\"margin-top:var(--wp--preset--spacing--20);margin-bottom:var(--wp--preset--spacing--20);padding-top:0;padding-bottom:0\"><strong>Data geolokasi: <\/strong>Aplikasi mengakses lokasi perangkat Anda (GPS atau Wi-Fi) hanya ketika Anda mengaktifkan fungsi pengiriman lokasi Anda dalam pesan peringatan.\r\n<ul class=\"wp-block-list\">\r\n<li><strong>Tujuan: <\/strong>memberikan posisi geografis Anda (koordinat dan alamat) kepada kontak darurat Anda saat terjadi peringatan.<\/li>\r\n\r\n\r\n\r\n<li><strong>Penyimpanan: <\/strong>data ini tidak disimpan atau dipelihara oleh Penerbit. Data ini digunakan secara real-time untuk menghasilkan tautan GoogleMaps (atau OpenStreetMap) dan alamat, kemudian disertakan dalam SMS yang dikirim melalui operator telekomunikasi Anda.<\/li>\r\n<\/ul>\r\n<\/li>\r\n\r\n\r\n\r\n<li><strong>Riwayat peringatan: <\/strong>tanggal, waktu, mode, penerima, dan isi 50 peringatan terakhir yang dikeluarkan.\r\n<ul class=\"wp-block-list\">\r\n<li><strong>Tujuan: <\/strong>memungkinkan Anda untuk melihat riwayat peringatan Anda untuk tujuan pemantauan dan pengelolaan.<\/li>\r\n\r\n\r\n\r\n<li><strong>Penyimpanan: <\/strong>disimpan secara lokal di perangkat Anda.<\/li>\r\n<\/ul>\r\n<\/li>\r\n\r\n\r\n\r\n<li style=\"padding-top:var(--wp--preset--spacing--20);padding-bottom:var(--wp--preset--spacing--20)\"><strong>Izin akses: <\/strong>Aplikasi memerlukan akses ke kontak Anda, geolokasi, mikrofon, perekaman audio, penyimpanan, notifikasi, dan fungsi SMS\/telepon.\r\n<ul class=\"wp-block-list\">\r\n<li><strong>Tujuan: <\/strong>Izin ini sangat diperlukan untuk berfungsinya Aplikasi dan pelaksanaan fungsinya.<\/li>\r\n<\/ul>\r\n<\/li>\r\n<\/ul>\r\n\r\n\r\n\r\n<p class=\"has-small-font-size\"><\/p>\r\n\r\n\r\n\r\n<h2 class=\"wp-block-heading has-background\" style=\"background-color:#f9f3eb;margin-top:var(--wp--preset--spacing--30);margin-bottom:var(--wp--preset--spacing--30);padding-top:var(--wp--preset--spacing--30);padding-bottom:var(--wp--preset--spacing--30);font-size:1.2rem\">3. Pembagian data<\/h2>\r\n\r\n\r\n\r\n<p style=\"margin-top:var(--wp--preset--spacing--30);margin-bottom:var(--wp--preset--spacing--30);padding-top:0;padding-bottom:0\">Penerbit tidak membagikan, menjual, atau menyewakan data pribadi Anda kepada pihak ketiga baik untuk tujuan komersial atau gratis. Satu-satunya entitas yang menerima data Anda adalah:<\/p>\r\n\r\n\r\n\r\n<ul style=\"margin-top:var(--wp--preset--spacing--20);margin-bottom:var(--wp--preset--spacing--20)\" class=\"wp-block-list\">\r\n<li><strong>Kontak darurat Anda: <\/strong>Anda memilih untuk mengirimkan informasi (pesan, lokasi) kepada mereka melalui layanan operator seluler Anda (SMS\/panggilan).<\/li>\r\n\r\n\r\n\r\n<li><strong>Google Maps: <\/strong>Aplikasi menggunakan layanan pemetaan Google untuk menghasilkan tautan ke lokasi Anda. Penggunaan tautan ini tunduk pada persyaratan penggunaan dan kebijakan privasi Google.<\/li>\r\n\r\n\r\n\r\n<li><strong>OpenStreetMap: <\/strong>Aplikasi juga dapat menggunakan layanan pemetaan OpenStreetMap untuk menghasilkan tautan ke lokasi Anda. Penggunaan tautan ini tunduk pada syarat penggunaan dan kebijakan privasi OpenStreetMap.<\/li>\r\n<\/ul>\r\n\r\n\r\n\r\n<p class=\"has-small-font-size\"><\/p>\r\n\r\n\r\n\r\n<h2 class=\"wp-block-heading has-background\" style=\"background-color:#f9f3eb;margin-top:var(--wp--preset--spacing--30);margin-bottom:var(--wp--preset--spacing--30);padding-top:var(--wp--preset--spacing--30);padding-bottom:var(--wp--preset--spacing--30);font-size:1.2rem\">4. Hak Anda (kepatuhan GDPR)<\/h2>\r\n\r\n\r\n\r\n<p style=\"margin-top:var(--wp--preset--spacing--30);margin-bottom:var(--wp--preset--spacing--30);padding-top:0;padding-bottom:0\">Sebagai pengguna, Anda memiliki hak-hak berikut mengenai data pribadi Anda:<\/p>\r\n\r\n\r\n\r\n<ul style=\"margin-top:var(--wp--preset--spacing--20);margin-bottom:var(--wp--preset--spacing--20)\" class=\"wp-block-list\">\r\n<li><strong>Hak akses: <\/strong>Anda dapat mengakses data yang disimpan di perangkat Anda kapan saja melalui Aplikasi.<\/li>\r\n\r\n\r\n\r\n<li><strong>Hak koreksi: <\/strong>Anda dapat mengubah atau mengoreksi kontak dan pengaturan Anda langsung di Aplikasi.<\/li>\r\n\r\n\r\n\r\n<li><strong>Hak untuk menghapus (&#8220;hak untuk dilupakan&#8221;): <\/strong>Anda dapat menghapus data kontak dan rekaman audio Anda kapan saja. Penghapusan Aplikasi akan menghapus semua data yang disimpan secara lokal.<\/li>\r\n\r\n\r\n\r\n<li><strong>Hak pembatasan pemrosesan: <\/strong>Anda dapat menonaktifkan kontak atau fitur sementara (seperti lokasi) untuk membatasi pemrosesan data Anda.<\/li>\r\n\r\n\r\n\r\n<li><strong>Hak keberatan: <\/strong>Anda dapat menolak pemrosesan dengan berhenti menggunakan Aplikasi dan menghapusnya.<\/li>\r\n<\/ul>\r\n\r\n\r\n\r\n<p class=\"has-small-font-size\"><\/p>\r\n\r\n\r\n\r\n<h2 class=\"wp-block-heading has-background\" style=\"background-color:#f9f3eb;margin-top:var(--wp--preset--spacing--30);margin-bottom:var(--wp--preset--spacing--30);padding-top:var(--wp--preset--spacing--30);padding-bottom:var(--wp--preset--spacing--30);font-size:1.2rem\">5. Modifikasi Kebijakan Privasi<\/h2>\r\n\r\n\r\n\r\n<p style=\"margin-top:var(--wp--preset--spacing--30);margin-bottom:var(--wp--preset--spacing--30);padding-top:0;padding-bottom:0\">Penerbit berhak mengubah Kebijakan Privasi ini kapan saja. Penggunaan berkelanjutan Anda atas layanan setelah publikasi perubahan akan dianggap sebagai penerimaan ketentuan baru.<\/p>\r\n\r\n\r\n\r\n<p class=\"has-small-font-size\"><\/p>\r\n\r\n\r\n\r\n<h2 class=\"wp-block-heading has-background\" style=\"background-color:#f9f3eb;margin-top:var(--wp--preset--spacing--30);margin-bottom:var(--wp--preset--spacing--30);padding-top:var(--wp--preset--spacing--30);padding-bottom:var(--wp--preset--spacing--30);font-size:1.2rem\">6. Hubungi Kami<\/h2>\r\n\r\n\r\n\r\n<p style=\"margin-top:var(--wp--preset--spacing--30);margin-bottom:var(--wp--preset--spacing--30);padding-top:0;padding-bottom:0\">Jika Anda memiliki pertanyaan atau kekhawatiran mengenai kebijakan privasi ini atau pengelolaan data Anda, Anda dapat menghubungi kami di alamat email berikut: <br><strong>privacy.sos_universal@dataslatitudes.com<\/strong><\/p>\r\n\r\n\r\n\r\n<p class=\"has-medium-font-size\"><\/p>\r\n\r\n\r\n\r\n<p class=\"has-medium-font-size\"><\/p>\r\n","protected":false},"excerpt":{"rendered":"<p>KEBIJAKAN PRIVASI Kebijakan Privasi ini bertujuan untuk memberi tahu Anda secara transparan tentang bagaimana aplikasi seluler SOS Universal (selanjutnya disebut [&hellip;]<\/p>\n","protected":false},"author":1,"featured_media":0,"parent":0,"menu_order":4,"comment_status":"closed","ping_status":"closed","template":"","meta":{"site-sidebar-layout":"default","site-content-layout":"","ast-site-content-layout":"default","site-content-style":"default","site-sidebar-style":"default","ast-global-header-display":"","ast-banner-title-visibility":"","ast-main-header-display":"","ast-hfb-above-header-display":"","ast-hfb-below-header-display":"","ast-hfb-mobile-header-display":"","site-post-title":"disabled","ast-breadcrumbs-content":"","ast-featured-img":"","footer-sml-layout":"","theme-transparent-header-meta":"","adv-header-id-meta":"","stick-header-meta":"","header-above-stick-meta":"","header-main-stick-meta":"","header-below-stick-meta":"","astra-migrate-meta-layouts":"default","ast-page-background-enabled":"default","ast-page-background-meta":{"desktop":{"background-color":"var(--ast-global-color-5)","background-image":"","background-repeat":"repeat","background-position":"center center","background-size":"auto","background-attachment":"scroll","background-type":"","background-media":"","overlay-type":"","overlay-color":"","overlay-opacity":"","overlay-gradient":""},"tablet":{"background-color":"","background-image":"","background-repeat":"repeat","background-position":"center center","background-size":"auto","background-attachment":"scroll","background-type":"","background-media":"","overlay-type":"","overlay-color":"","overlay-opacity":"","overlay-gradient":""},"mobile":{"background-color":"","background-image":"","background-repeat":"repeat","background-position":"center center","background-size":"auto","background-attachment":"scroll","background-type":"","background-media":"","overlay-type":"","overlay-color":"","overlay-opacity":"","overlay-gradient":""}},"ast-content-background-meta":{"desktop":{"background-color":"var(--ast-global-color-4)","background-image":"","background-repeat":"repeat","background-position":"center center","background-size":"auto","background-attachment":"scroll","background-type":"","background-media":"","overlay-type":"","overlay-color":"","overlay-opacity":"","overlay-gradient":""},"tablet":{"background-color":"var(--ast-global-color-4)","background-image":"","background-repeat":"repeat","background-position":"center center","background-size":"auto","background-attachment":"scroll","background-type":"","background-media":"","overlay-type":"","overlay-color":"","overlay-opacity":"","overlay-gradient":""},"mobile":{"background-color":"var(--ast-global-color-4)","background-image":"","background-repeat":"repeat","background-position":"center center","background-size":"auto","background-attachment":"scroll","background-type":"","background-media":"","overlay-type":"","overlay-color":"","overlay-opacity":"","overlay-gradient":""}},"footnotes":""},"class_list":["post-75","page","type-page","status-publish","hentry"],"yoast_head":"<!-- This site is optimized with the Yoast SEO plugin v25.6 - https:\/\/yoast.com\/wordpress\/plugins\/seo\/ -->\n<title>Privasi<\/title>\n<meta name=\"description\" content=\"Kebijakan Privasi ini bertujuan untuk memberi Anda informasi transparan tentang bagaimana aplikasi seluler SOS Universal, yang dikembangkan oleh DATASLATITUDES, mengumpulkan, menggunakan, dan melindungi data pribadi Anda. Ini menjelaskan pengontrol data, data yang dikumpulkan dan tujuannya, berbagi data, hak Anda (kepatuhan GDPR) dan ketentuan modifikasi Kebijakan Privasi.\" \/>\n<meta name=\"robots\" content=\"index, follow, max-snippet:-1, max-image-preview:large, max-video-preview:-1\" \/>\n<link rel=\"canonical\" href=\"\" \/>\n<meta property=\"og:locale\" content=\"id_ID\" \/>\n<meta property=\"og:type\" content=\"article\" \/>\n<meta property=\"og:title\" content=\"Privasi\" \/>\n<meta property=\"og:description\" content=\"Kebijakan Privasi ini bertujuan untuk memberi Anda informasi transparan tentang bagaimana aplikasi seluler SOS Universal, yang dikembangkan oleh DATASLATITUDES, mengumpulkan, menggunakan, dan melindungi data pribadi Anda. Ini menjelaskan pengontrol data, data yang dikumpulkan dan tujuannya, berbagi data, hak Anda (kepatuhan GDPR) dan ketentuan modifikasi Kebijakan Privasi.\" \/>\n<meta property=\"og:url\" content=\"https:\/\/www.dataslatitudes.com\/sosuniversal\/id\/politique-confidentialite\/\" \/>\n<meta property=\"og:site_name\" content=\"SOS Universal\" \/>\n<meta property=\"article:modified_time\" content=\"2025-08-14T09:50:55+00:00\" \/>\n<meta name=\"twitter:card\" content=\"summary_large_image\" \/>\n<meta name=\"twitter:label1\" content=\"Estimasi waktu membaca\" \/>\n\t<meta name=\"twitter:data1\" content=\"4 menit\" \/>\n<script type=\"application\/ld+json\" class=\"yoast-schema-graph\">{\"@context\":\"https:\/\/schema.org\",\"@graph\":[{\"@type\":\"WebPage\",\"@id\":\"https:\/\/www.dataslatitudes.com\/sosuniversal\/id\/politique-confidentialite\/\",\"url\":\"https:\/\/www.dataslatitudes.com\/sosuniversal\/id\/politique-confidentialite\/\",\"name\":\"Confidentialit\u00e9 - SOS Universal\",\"isPartOf\":{\"@id\":\"https:\/\/www.dataslatitudes.com\/sosuniversal\/#website\"},\"datePublished\":\"2025-06-11T15:05:57+00:00\",\"dateModified\":\"2025-08-14T09:50:55+00:00\",\"description\":\"La pr\u00e9sente Politique de Confidentialit\u00e9 a pour objectif de vous informer de mani\u00e8re transparente sur la mani\u00e8re dont l'application mobile SOS Universal, d\u00e9velopp\u00e9e par DATASLATITUDES, collecte, utilise et prot\u00e8ge vos donn\u00e9es personnelles. On y expose le responsable du traitement des donn\u00e9es, les donn\u00e9es collect\u00e9es et les finalit\u00e9s, le partage des donn\u00e9es, vos droits (conformit\u00e9 RGPD) et les conditions de modifications de la Politique de Confidentialit\u00e9.\",\"breadcrumb\":{\"@id\":\"https:\/\/www.dataslatitudes.com\/sosuniversal\/id\/politique-confidentialite\/#breadcrumb\"},\"inLanguage\":\"id\",\"potentialAction\":[{\"@type\":\"ReadAction\",\"target\":[\"https:\/\/www.dataslatitudes.com\/sosuniversal\/id\/politique-confidentialite\/\"]}]},{\"@type\":\"BreadcrumbList\",\"@id\":\"https:\/\/www.dataslatitudes.com\/sosuniversal\/id\/politique-confidentialite\/#breadcrumb\",\"itemListElement\":[{\"@type\":\"ListItem\",\"position\":1,\"name\":\"Presentasi\",\"item\":\"https:\/\/www.dataslatitudes.com\/sosuniversal\/fr\/\"},{\"@type\":\"ListItem\",\"position\":2,\"name\":\"Privasi\"}]},{\"@type\":\"WebSite\",\"@id\":\"https:\/\/www.dataslatitudes.com\/sosuniversal\/id\/#website\",\"url\":\"https:\/\/www.dataslatitudes.com\/sosuniversal\/id\/\",\"name\":\"SOS Universal\",\"description\":\"\",\"publisher\":{\"@id\":\"https:\/\/www.dataslatitudes.com\/sosuniversal\/id\/#organization\"},\"potentialAction\":[{\"@type\":\"SearchAction\",\"target\":{\"@type\":\"EntryPoint\",\"urlTemplate\":\"https:\/\/www.dataslatitudes.com\/sosuniversal\/id\/?s={search_term_string}\"},\"query-input\":{\"@type\":\"PropertyValueSpecification\",\"valueRequired\":true,\"valueName\":\"search_term_string\"}}],\"inLanguage\":\"id\"},{\"@type\":\"Organization\",\"@id\":\"https:\/\/www.dataslatitudes.com\/sosuniversal\/id\/#organization\",\"name\":\"DATASLATITUDES\",\"url\":\"https:\/\/www.dataslatitudes.com\/sosuniversal\/id\/\",\"logo\":{\"@type\":\"ImageObject\",\"inLanguage\":\"id\",\"@id\":\"https:\/\/www.dataslatitudes.com\/sosuniversal\/id\/#\/schema\/logo\/image\/\",\"url\":\"https:\/\/www.dataslatitudes.com\/sosuniversal\/wp-content\/uploads\/2025\/07\/logo_mrdv.png\",\"contentUrl\":\"https:\/\/www.dataslatitudes.com\/sosuniversal\/wp-content\/uploads\/2025\/07\/logo_mrdv.png\",\"width\":72,\"height\":72,\"caption\":\"DATASLATITUDES\"},\"image\":{\"@id\":\"https:\/\/www.dataslatitudes.com\/sosuniversal\/id\/#\/schema\/logo\/image\/\"}}]}<\/script>\n<!-- \/ Yoast SEO plugin. -->","yoast_head_json":{"title":"Privasi","description":"Kebijakan Privasi ini bertujuan untuk memberi Anda informasi transparan tentang bagaimana aplikasi seluler SOS Universal, yang dikembangkan oleh DATASLATITUDES, mengumpulkan, menggunakan, dan melindungi data pribadi Anda. Ini menjelaskan pengontrol data, data yang dikumpulkan dan tujuannya, berbagi data, hak Anda (kepatuhan GDPR) dan ketentuan modifikasi Kebijakan Privasi.","robots":{"index":"index","follow":"follow","max-snippet":"max-snippet:-1","max-image-preview":"max-image-preview:large","max-video-preview":"max-video-preview:-1"},"canonical":"KEBIJAKAN PRIVASI Kebijakan Privasi ini bertujuan untuk memberi tahu Anda secara transparan tentang bagaimana aplikasi seluler SOS Universal (selanjutnya disebut \"Aplikasi\"), yang dikembangkan oleh DATASLATITUDES (selanjutnya disebut \"Penerbit\"), mengumpulkan, menggunakan, dan melindungi data pribadi Anda. Dengan menggunakan Aplikasi, Anda menyetujui ketentuan kebijakan ini. Jika Anda tidak menyetujui ketentuan ini, mohon jangan gunakan Aplikasi. Tanggal efektif:&hellip;","og_locale":"id_ID","og_type":"article","og_title":"Privasi","og_description":"Kebijakan Privasi ini bertujuan untuk memberi Anda informasi transparan tentang bagaimana aplikasi seluler SOS Universal, yang dikembangkan oleh DATASLATITUDES, mengumpulkan, menggunakan, dan melindungi data pribadi Anda. Ini menjelaskan pengontrol data, data yang dikumpulkan dan tujuannya, berbagi data, hak Anda (kepatuhan GDPR) dan ketentuan modifikasi Kebijakan Privasi.","og_url":"https:\/\/www.dataslatitudes.com\/sosuniversal\/id\/politique-confidentialite\/","og_site_name":"SOS Universal","article_modified_time":"2025-08-14T09:50:55+00:00","twitter_card":"summary_large_image","twitter_misc":{"Estimasi waktu membaca":"4 menit"},"schema":{"@context":"https:\/\/schema.org","@graph":[{"@type":"WebPage","@id":"https:\/\/www.dataslatitudes.com\/sosuniversal\/id\/politique-confidentialite\/","url":"https:\/\/www.dataslatitudes.com\/sosuniversal\/id\/politique-confidentialite\/","name":"Confidentialit\u00e9 - SOS Universal","isPartOf":{"@id":"https:\/\/www.dataslatitudes.com\/sosuniversal\/#website"},"datePublished":"2025-06-11T15:05:57+00:00","dateModified":"2025-08-14T09:50:55+00:00","description":"La pr\u00e9sente Politique de Confidentialit\u00e9 a pour objectif de vous informer de mani\u00e8re transparente sur la mani\u00e8re dont l'application mobile SOS Universal, d\u00e9velopp\u00e9e par DATASLATITUDES, collecte, utilise et prot\u00e8ge vos donn\u00e9es personnelles. On y expose le responsable du traitement des donn\u00e9es, les donn\u00e9es collect\u00e9es et les finalit\u00e9s, le partage des donn\u00e9es, vos droits (conformit\u00e9 RGPD) et les conditions de modifications de la Politique de Confidentialit\u00e9.","breadcrumb":{"@id":"https:\/\/www.dataslatitudes.com\/sosuniversal\/id\/politique-confidentialite\/#breadcrumb"},"inLanguage":"id","potentialAction":[{"@type":"ReadAction","target":["https:\/\/www.dataslatitudes.com\/sosuniversal\/id\/politique-confidentialite\/"]}]},{"@type":"BreadcrumbList","@id":"https:\/\/www.dataslatitudes.com\/sosuniversal\/id\/politique-confidentialite\/#breadcrumb","itemListElement":[{"@type":"ListItem","position":1,"name":"Presentasi","item":"https:\/\/www.dataslatitudes.com\/sosuniversal\/fr\/"},{"@type":"ListItem","position":2,"name":"Privasi"}]},{"@type":"WebSite","@id":"https:\/\/www.dataslatitudes.com\/sosuniversal\/id\/#website","url":"https:\/\/www.dataslatitudes.com\/sosuniversal\/id\/","name":"SOS Universal","description":"","publisher":{"@id":"https:\/\/www.dataslatitudes.com\/sosuniversal\/id\/#organization"},"potentialAction":[{"@type":"SearchAction","target":{"@type":"EntryPoint","urlTemplate":"https:\/\/www.dataslatitudes.com\/sosuniversal\/id\/?s={search_term_string}"},"query-input":{"@type":"PropertyValueSpecification","valueRequired":true,"valueName":"search_term_string"}}],"inLanguage":"id"},{"@type":"Organization","@id":"https:\/\/www.dataslatitudes.com\/sosuniversal\/id\/#organization","name":"DATASLATITUDES","url":"https:\/\/www.dataslatitudes.com\/sosuniversal\/id\/","logo":{"@type":"ImageObject","inLanguage":"id","@id":"https:\/\/www.dataslatitudes.com\/sosuniversal\/id\/#\/schema\/logo\/image\/","url":"https:\/\/www.dataslatitudes.com\/sosuniversal\/wp-content\/uploads\/2025\/07\/logo_mrdv.png","contentUrl":"https:\/\/www.dataslatitudes.com\/sosuniversal\/wp-content\/uploads\/2025\/07\/logo_mrdv.png","width":72,"height":72,"caption":"DATASLATITUDES"},"image":{"@id":"https:\/\/www.dataslatitudes.com\/sosuniversal\/id\/#\/schema\/logo\/image\/"}}]}},"_links":{"self":[{"href":"https:\/\/www.dataslatitudes.com\/sosuniversal\/id\/wp-json\/wp\/v2\/pages\/75","targetHints":{"allow":["GET"]}}],"collection":[{"href":"https:\/\/www.dataslatitudes.com\/sosuniversal\/id\/wp-json\/wp\/v2\/pages"}],"about":[{"href":"https:\/\/www.dataslatitudes.com\/sosuniversal\/id\/wp-json\/wp\/v2\/types\/page"}],"author":[{"embeddable":true,"href":"https:\/\/www.dataslatitudes.com\/sosuniversal\/id\/wp-json\/wp\/v2\/users\/1"}],"replies":[{"embeddable":true,"href":"https:\/\/www.dataslatitudes.com\/sosuniversal\/id\/wp-json\/wp\/v2\/comments?post=75"}],"version-history":[{"count":30,"href":"https:\/\/www.dataslatitudes.com\/sosuniversal\/id\/wp-json\/wp\/v2\/pages\/75\/revisions"}],"predecessor-version":[{"id":2927,"href":"https:\/\/www.dataslatitudes.com\/sosuniversal\/id\/wp-json\/wp\/v2\/pages\/75\/revisions\/2927"}],"wp:attachment":[{"href":"https:\/\/www.dataslatitudes.com\/sosuniversal\/id\/wp-json\/wp\/v2\/media?parent=75"}],"curies":[{"name":"wp","href":"https:\/\/api.w.org\/{rel}","templated":true}]}}