{"id":14,"date":"2025-06-10T17:50:33","date_gmt":"2025-06-10T17:50:33","guid":{"rendered":"https:\/\/www.dataslatitudes.com\/sosuniversal\/?page_id=14"},"modified":"2025-07-21T15:55:15","modified_gmt":"2025-07-21T15:55:15","slug":"ecran-principal","status":"publish","type":"page","link":"https:\/\/www.dataslatitudes.com\/sosuniversal\/id\/ecran-principal\/","title":{"rendered":"Layar utama"},"content":{"rendered":"\r\n<p class=\"has-small-font-size\"><\/p>\r\n\r\n\r\n\r\n<h1 class=\"wp-block-heading has-text-align-center has-medium-font-size\"><strong>PANDUAN PENGGUNA<\/strong><\/h1>\r\n\r\n\r\n\r\n<h2 class=\"wp-block-heading has-background\" style=\"background-color:#f9f3eb;padding-top:var(--wp--preset--spacing--20);padding-bottom:var(--wp--preset--spacing--20);font-size:1.2rem\">Meluncurkan aplikasi<\/h2>\r\n\r\n\r\n\r\n<ol style=\"margin-top:0;margin-bottom:0;padding-top:0;padding-bottom:0\" class=\"wp-block-list\">\r\n<li style=\"margin-top:var(--wp--preset--spacing--40);margin-bottom:var(--wp--preset--spacing--40);font-size:1rem\">SOS Universal dapat diluncurkan secara klasik dengan mengklik ikon aplikasi.<\/li>\r\n\r\n\r\n\r\n<li style=\"margin-top:0;margin-bottom:0;padding-top:0;padding-bottom:0\">Dimungkinkan juga untuk menginstal dan menggunakan salah satu dari dua widget aplikasi yang dirancang untuk SOS Universal.<br>Tergantung pada versi Android, dua mode instalasi tersedia: baik dengan menekan lama pada ruang kosong di layar smartphone (layar beranda misalnya), atau dengan menekan lama pada ikon aplikasi. Anda kemudian memilih opsi &#8220;Widget&#8221; lalu aplikasi SOS Universal.<\/li>\r\n<\/ol>\r\n\r\n\r\n\r\n<p class=\"has-small-font-size\"><\/p>\r\n\r\n\r\n\r\n<div class=\"wp-block-columns is-layout-flex wp-container-core-columns-is-layout-7d874bf9 wp-block-columns-is-layout-flex\" style=\"margin-top:0;margin-bottom:0;padding-top:0;padding-bottom:0\">\r\n<div class=\"wp-block-column is-layout-flow wp-block-column-is-layout-flow\" style=\"flex-basis:20%\">\r\n<figure class=\"wp-block-image aligncenter size-full is-resized\" style=\"margin-top:0;margin-bottom:0\"><img fetchpriority=\"high\" decoding=\"async\" width=\"1080\" height=\"2400\" src=\"http:\/\/www.dataslatitudes.com\/sosuniversal\/wp-content\/uploads\/2025\/07\/choix_appwidget.webp\" alt=\"SOS Universal - pilihan widget aplikasi\" class=\"wp-image-712\" style=\"width:190px\" srcset=\"https:\/\/www.dataslatitudes.com\/sosuniversal\/wp-content\/uploads\/2025\/07\/choix_appwidget.webp 1080w, https:\/\/www.dataslatitudes.com\/sosuniversal\/wp-content\/uploads\/2025\/07\/choix_appwidget-135x300.webp 135w, https:\/\/www.dataslatitudes.com\/sosuniversal\/wp-content\/uploads\/2025\/07\/choix_appwidget-461x1024.webp 461w, https:\/\/www.dataslatitudes.com\/sosuniversal\/wp-content\/uploads\/2025\/07\/choix_appwidget-768x1707.webp 768w, https:\/\/www.dataslatitudes.com\/sosuniversal\/wp-content\/uploads\/2025\/07\/choix_appwidget-691x1536.webp 691w, https:\/\/www.dataslatitudes.com\/sosuniversal\/wp-content\/uploads\/2025\/07\/choix_appwidget-922x2048.webp 922w\" sizes=\"(max-width: 1080px) 100vw, 1080px\" \/><\/figure>\r\n\r\n\r\n\r\n<p class=\"has-text-align-center\" style=\"margin-top:0;margin-bottom:0\">Pilihan salah satu dari dua widget aplikasi<\/p>\r\n<\/div>\r\n\r\n\r\n\r\n<div class=\"wp-block-column is-layout-flow wp-block-column-is-layout-flow\" style=\"flex-basis:40%\">\r\n<p style=\"margin-top:0;margin-bottom:0\">Dua widget aplikasi ditawarkan kepada Anda:<br>&#8211; yang pertama (berlogo) menggunakan logo SOS Universal.<br>&#8211; yang kedua (anonim) tidak menyertakan merek apa pun: ini dimaksudkan untuk memungkinkan pengoperasian yang bijaksana.<\/p>\r\n\r\n\r\n\r\n<p style=\"margin-top:var(--wp--preset--spacing--30);margin-bottom:var(--wp--preset--spacing--30)\">Anda memilih salah satu dari dua dan melanjutkan untuk menambahkannya.<\/p>\r\n\r\n\r\n\r\n<p style=\"margin-top:var(--wp--preset--spacing--30);margin-bottom:var(--wp--preset--spacing--30)\">Widget aplikasi kemudian muncul dalam bentuk yang memungkinkan Anda mengukur ukurannya.<\/p>\r\n\r\n\r\n\r\n<p style=\"margin-top:var(--wp--preset--spacing--30);margin-bottom:var(--wp--preset--spacing--30)\">Widget berfungsi sebagai tombol peluncur.<\/p>\r\n\r\n\r\n\r\n<p style=\"margin-top:var(--wp--preset--spacing--30);margin-bottom:var(--wp--preset--spacing--30)\"><strong>Catatan: <\/strong>Jika pemicu alarm SOS Universal telah dikonfigurasi dengan pilihan &#8220;Pemicu otomatis oleh widget aplikasi&#8221;, widget tersebut kemudian memungkinkan untuk membuka aplikasi dan, terlebih lagi, untuk memicu alarm dengan konten dan mode yang telah Anda tentukan.<br>Lihat: <a href=\"https:\/\/www.dataslatitudes.com\/sosuniversal\/id\/index.php\/mode-emploi\/mode-emploi-parametre\/\">Pengaturan<\/a>.<\/p>\r\n<\/div>\r\n\r\n\r\n\r\n<div class=\"wp-block-column is-layout-flow wp-block-column-is-layout-flow\" style=\"flex-basis:20%\">\r\n<figure class=\"wp-block-image aligncenter size-large is-resized\" style=\"margin-top:0;margin-bottom:0\"><img decoding=\"async\" src=\"http:\/\/www.dataslatitudes.com\/sosuniversal\/wp-content\/uploads\/2025\/07\/exemple_app_widget_normal-461x1024.webp\" alt=\"SOS Universal - widget aplikasi utama\" class=\"wp-image-709\" style=\"width:190px\"\/><\/figure>\r\n\r\n\r\n\r\n<p class=\"has-text-align-center\" style=\"margin-top:0;margin-bottom:0\">Widget pertama<\/p>\r\n<\/div>\r\n\r\n\r\n\r\n<div class=\"wp-block-column is-layout-flow wp-block-column-is-layout-flow\" style=\"flex-basis:20%\">\r\n<figure class=\"wp-block-image aligncenter size-large is-resized\" style=\"margin-top:0;margin-bottom:0\"><img decoding=\"async\" width=\"461\" height=\"1024\" src=\"http:\/\/www.dataslatitudes.com\/sosuniversal\/wp-content\/uploads\/2025\/07\/exemple_app_widget_blanc-461x1024.webp\" alt=\"SOS Universal - widget aplikasi sekunder\" class=\"wp-image-708\" style=\"width:190px\" srcset=\"https:\/\/www.dataslatitudes.com\/sosuniversal\/wp-content\/uploads\/2025\/07\/exemple_app_widget_blanc-461x1024.webp 461w, https:\/\/www.dataslatitudes.com\/sosuniversal\/wp-content\/uploads\/2025\/07\/exemple_app_widget_blanc-135x300.webp 135w, https:\/\/www.dataslatitudes.com\/sosuniversal\/wp-content\/uploads\/2025\/07\/exemple_app_widget_blanc-768x1707.webp 768w, https:\/\/www.dataslatitudes.com\/sosuniversal\/wp-content\/uploads\/2025\/07\/exemple_app_widget_blanc-691x1536.webp 691w, https:\/\/www.dataslatitudes.com\/sosuniversal\/wp-content\/uploads\/2025\/07\/exemple_app_widget_blanc-922x2048.webp 922w, https:\/\/www.dataslatitudes.com\/sosuniversal\/wp-content\/uploads\/2025\/07\/exemple_app_widget_blanc.webp 1080w\" sizes=\"(max-width: 461px) 100vw, 461px\" \/><\/figure>\r\n\r\n\r\n\r\n<p class=\"has-text-align-center\" style=\"margin-top:0;margin-bottom:0\">Widget kedua<\/p>\r\n<\/div>\r\n<\/div>\r\n\r\n\r\n\r\n<p class=\"has-medium-font-size\" style=\"margin-top:var(--wp--preset--spacing--20);margin-bottom:var(--wp--preset--spacing--20)\"><\/p>\r\n\r\n\r\n\r\n<p>Dalam hal pembaruan aplikasi, tergantung pada versi Android atau perangkat Anda, widget aplikasi mungkin memerlukan salah satu dari dua tindakan berikut untuk terus berfungsi:<br>&#8211; mulai ulang perangkat Anda<br>&#8211; atau hapus (dengan menekan lama) dan instal ulang widget aplikasi.<\/p>\r\n\r\n\r\n\r\n<p class=\"has-small-font-size\"><\/p>\r\n\r\n\r\n\r\n<h2 class=\"wp-block-heading has-background\" style=\"background-color:#f9f3eb;padding-top:var(--wp--preset--spacing--20);padding-bottom:var(--wp--preset--spacing--20);font-size:1.2rem\">Layar utama<\/h2>\r\n\r\n\r\n\r\n<div class=\"wp-block-columns is-layout-flex wp-container-core-columns-is-layout-a5331a9e wp-block-columns-is-layout-flex\" style=\"padding-top:0;padding-right:0;padding-bottom:0;padding-left:0\">\r\n<div class=\"wp-block-column is-layout-flow wp-block-column-is-layout-flow\" style=\"flex-basis:33.33%\">\r\n<figure class=\"wp-block-image aligncenter size-large is-resized\"><img decoding=\"async\" src=\"http:\/\/www.dataslatitudes.com\/sosuniversal\/wp-content\/uploads\/in_accueil_puce-459x1024.webp\" alt=\"SOS Universal - layar utama\" class=\"wp-image-216\" style=\"width:305px;height:auto\"\/><\/figure>\r\n<\/div>\r\n\r\n\r\n\r\n<div class=\"wp-block-column is-vertically-aligned-center is-layout-flow wp-block-column-is-layout-flow\" style=\"flex-basis:66.66%\">\r\n<div class=\"wp-block-columns is-layout-flex wp-container-core-columns-is-layout-28f84493 wp-block-columns-is-layout-flex\">\r\n<div class=\"wp-block-column is-vertically-aligned-center is-layout-flow wp-block-column-is-layout-flow\" style=\"flex-basis:70%\">\r\n<p style=\"font-size:1rem\">(1) Akses ke menu utama<br>(2) Piktogram yang meringkas isi peringatan (dalam contoh: panggilan telepon, pengiriman SMS dengan lokasi geografis dan alamat, rekaman audio, dan alarm suara)<br>(3) Indikasi mode peringatan yang dipilih (segera, tunda, atau berulang)<br>(4) Tombol utama pemicu peringatan<br>(5) Tombol pembatalan peringatan saat ini<br>(6) Tombol kunci \/ buka kunci aplikasi<br>(7) Fungsi penulisan pesan tambahan yang ditambahkan ke pesan utama SMS<\/p>\r\n<\/div>\r\n\r\n\r\n\r\n<div class=\"wp-block-column is-vertically-aligned-center is-layout-flow wp-block-column-is-layout-flow\" style=\"flex-basis:30%\">\r\n<figure class=\"wp-block-image aligncenter size-large is-resized\" style=\"margin-top:0;margin-bottom:0\"><img decoding=\"async\" src=\"http:\/\/www.dataslatitudes.com\/sosuniversal\/wp-content\/uploads\/in_accueil_menu_puce-459x1024.webp\" alt=\"SOS Universal - menu utama\" class=\"wp-image-230\" style=\"width:172px;height:auto\"\/><\/figure>\r\n<\/div>\r\n<\/div>\r\n\r\n\r\n\r\n<p class=\"has-text-align-left\" style=\"font-size:1rem\">(8) Fungsi perekaman audio segera (independen dari peringatan)<br>(9) Fungsi pemicu segera alarm suara (independen dari peringatan)<br>(10) Fungsi pemicu segera panggilan telepon palsu masuk (independen dari peringatan)<\/p>\r\n<\/div>\r\n<\/div>\r\n\r\n\r\n\r\n<div class=\"wp-block-columns is-layout-flex wp-container-core-columns-is-layout-ff679dcb wp-block-columns-is-layout-flex\" style=\"margin-top:0;margin-bottom:0;padding-top:var(--wp--preset--spacing--20);padding-bottom:var(--wp--preset--spacing--20)\">\r\n<div class=\"wp-block-column is-layout-flow wp-block-column-is-layout-flow\">\r\n<p style=\"margin-top:var(--wp--preset--spacing--20);margin-bottom:var(--wp--preset--spacing--20);font-size:1rem\">Dari menu utama (1), Anda dapat:<\/p>\r\n\r\n\r\n\r\n<ul style=\"margin-top:var(--wp--preset--spacing--20);margin-bottom:var(--wp--preset--spacing--20)\" class=\"wp-block-list\">\r\n<li style=\"font-size:1rem\">Mengelola <a href=\"https:\/\/www.dataslatitudes.com\/sosuniversal\/id\/index.php\/mode-emploi\/mode-emploi-contact\/\">kontak yang akan diberi peringatan<\/a><\/li>\r\n\r\n\r\n\r\n<li style=\"font-size:1rem\">Tentukan <a href=\"https:\/\/www.dataslatitudes.com\/sosuniversal\/id\/index.php\/mode-emploi\/mode-emploi-contenu\/\" data-type=\"page\" data-id=\"189\">isi dan mode peringatan<\/a><\/li>\r\n\r\n\r\n\r\n<li style=\"font-size:1rem\"><a href=\"https:\/\/www.dataslatitudes.com\/sosuniversal\/id\/index.php\/mode-emploi\/mode-emploi-parametre\/\">Mengatur aplikasi<\/a><\/li>\r\n\r\n\r\n\r\n<li style=\"font-size:1rem\">Akses <a href=\"https:\/\/www.dataslatitudes.com\/sosuniversal\/id\/index.php\/mode-emploi\/mode-emploi-historique-enregistrement-audio\/\">riwayat peringatan<\/a><\/li>\r\n\r\n\r\n\r\n<li style=\"font-size:1rem\">Mengelola <a href=\"https:\/\/www.dataslatitudes.com\/sosuniversal\/id\/index.php\/mode-emploi\/mode-emploi-historique-enregistrement-audio\/\">rekaman audio<\/a><\/li>\r\n\r\n\r\n\r\n<li style=\"font-size:1rem\">Bagikan aplikasi SOS Universal<\/li>\r\n\r\n\r\n\r\n<li style=\"font-size:1rem\">Lihat situs web ini<\/li>\r\n<\/ul>\r\n<\/div>\r\n\r\n\r\n\r\n<div class=\"wp-block-column is-layout-flow wp-block-column-is-layout-flow\">\r\n<p style=\"font-size:1rem\">Dari layar beranda (6), (7), (8), (9), dan (10) Anda dapat menggunakan <a href=\"https:\/\/www.dataslatitudes.com\/sosuniversal\/id\/index.php\/mode-emploi\/mode-emploi-outils-supplementaire\/\">alat tambahan<\/a>.<\/p>\r\n<\/div>\r\n<\/div>\r\n\r\n\r\n\r\n<p style=\"margin-top:var(--wp--preset--spacing--30);margin-bottom:var(--wp--preset--spacing--30)\"><\/p>\r\n","protected":false},"excerpt":{"rendered":"<p>PANDUAN PENGGUNA Meluncurkan aplikasi SOS Universal dapat diluncurkan secara klasik dengan mengklik ikon aplikasi. Dimungkinkan juga untuk menginstal dan menggunakan [&hellip;]<\/p>\n","protected":false},"author":1,"featured_media":0,"parent":0,"menu_order":2,"comment_status":"closed","ping_status":"closed","template":"","meta":{"site-sidebar-layout":"default","site-content-layout":"","ast-site-content-layout":"","site-content-style":"default","site-sidebar-style":"default","ast-global-header-display":"","ast-banner-title-visibility":"","ast-main-header-display":"","ast-hfb-above-header-display":"","ast-hfb-below-header-display":"","ast-hfb-mobile-header-display":"","site-post-title":"disabled","ast-breadcrumbs-content":"","ast-featured-img":"","footer-sml-layout":"","theme-transparent-header-meta":"","adv-header-id-meta":"","stick-header-meta":"","header-above-stick-meta":"","header-main-stick-meta":"","header-below-stick-meta":"","astra-migrate-meta-layouts":"default","ast-page-background-enabled":"default","ast-page-background-meta":{"desktop":{"background-color":"var(--ast-global-color-5)","background-image":"","background-repeat":"repeat","background-position":"center center","background-size":"auto","background-attachment":"scroll","background-type":"","background-media":"","overlay-type":"","overlay-color":"","overlay-opacity":"","overlay-gradient":""},"tablet":{"background-color":"","background-image":"","background-repeat":"repeat","background-position":"center center","background-size":"auto","background-attachment":"scroll","background-type":"","background-media":"","overlay-type":"","overlay-color":"","overlay-opacity":"","overlay-gradient":""},"mobile":{"background-color":"","background-image":"","background-repeat":"repeat","background-position":"center center","background-size":"auto","background-attachment":"scroll","background-type":"","background-media":"","overlay-type":"","overlay-color":"","overlay-opacity":"","overlay-gradient":""}},"ast-content-background-meta":{"desktop":{"background-color":"var(--ast-global-color-4)","background-image":"","background-repeat":"repeat","background-position":"center center","background-size":"auto","background-attachment":"scroll","background-type":"","background-media":"","overlay-type":"","overlay-color":"","overlay-opacity":"","overlay-gradient":""},"tablet":{"background-color":"var(--ast-global-color-4)","background-image":"","background-repeat":"repeat","background-position":"center center","background-size":"auto","background-attachment":"scroll","background-type":"","background-media":"","overlay-type":"","overlay-color":"","overlay-opacity":"","overlay-gradient":""},"mobile":{"background-color":"var(--ast-global-color-4)","background-image":"","background-repeat":"repeat","background-position":"center center","background-size":"auto","background-attachment":"scroll","background-type":"","background-media":"","overlay-type":"","overlay-color":"","overlay-opacity":"","overlay-gradient":""}},"footnotes":""},"class_list":["post-14","page","type-page","status-publish","hentry"],"yoast_head":"<!-- This site is optimized with the Yoast SEO plugin v25.6 - https:\/\/yoast.com\/wordpress\/plugins\/seo\/ -->\n<title>Layar utama<\/title>\n<meta name=\"description\" content=\"Dari menu utama, Anda dapat mengelola kontak yang akan diberi peringatan, menentukan isi dan mode peringatan, mengonfigurasi aplikasi, mengakses riwayat peringatan, mengelola rekaman audio, berbagi aplikasi, melihat situs web ini, dan tentu saja memicu peringatan.\" \/>\n<meta name=\"robots\" content=\"index, follow, max-snippet:-1, max-image-preview:large, max-video-preview:-1\" \/>\n<link rel=\"canonical\" href=\"\" \/>\n<meta property=\"og:locale\" content=\"id_ID\" \/>\n<meta property=\"og:type\" content=\"article\" \/>\n<meta property=\"og:title\" content=\"Layar utama\" \/>\n<meta property=\"og:description\" content=\"Dari menu utama, Anda dapat mengelola kontak yang akan diberi peringatan, menentukan isi dan mode peringatan, mengonfigurasi aplikasi, mengakses riwayat peringatan, mengelola rekaman audio, berbagi aplikasi, melihat situs web ini, dan tentu saja memicu peringatan.\" \/>\n<meta property=\"og:url\" content=\"https:\/\/www.dataslatitudes.com\/sosuniversal\/id\/ecran-principal\/\" \/>\n<meta property=\"og:site_name\" content=\"SOS Universal\" \/>\n<meta property=\"article:modified_time\" content=\"2025-07-21T15:55:15+00:00\" \/>\n<meta property=\"og:image\" content=\"https:\/\/www.dataslatitudes.com\/sosuniversal\/wp-content\/uploads\/2025\/07\/choix_appwidget.webp\" \/>\n\t<meta property=\"og:image:width\" content=\"1080\" \/>\n\t<meta property=\"og:image:height\" content=\"2400\" \/>\n\t<meta property=\"og:image:type\" content=\"image\/webp\" \/>\n<meta name=\"twitter:card\" content=\"summary_large_image\" \/>\n<meta name=\"twitter:label1\" content=\"Estimasi waktu membaca\" \/>\n\t<meta name=\"twitter:data1\" content=\"4 menit\" \/>\n<script type=\"application\/ld+json\" class=\"yoast-schema-graph\">{\"@context\":\"https:\/\/schema.org\",\"@graph\":[{\"@type\":\"WebPage\",\"@id\":\"https:\/\/www.dataslatitudes.com\/sosuniversal\/id\/ecran-principal\/\",\"url\":\"https:\/\/www.dataslatitudes.com\/sosuniversal\/id\/ecran-principal\/\",\"name\":\"Ecran principal - SOS Universal\",\"isPartOf\":{\"@id\":\"https:\/\/www.dataslatitudes.com\/sosuniversal\/#website\"},\"primaryImageOfPage\":{\"@id\":\"https:\/\/www.dataslatitudes.com\/sosuniversal\/id\/ecran-principal\/#primaryimage\"},\"image\":{\"@id\":\"https:\/\/www.dataslatitudes.com\/sosuniversal\/id\/ecran-principal\/#primaryimage\"},\"thumbnailUrl\":\"http:\/\/www.dataslatitudes.com\/sosuniversal\/wp-content\/uploads\/2025\/07\/choix_appwidget.webp\",\"datePublished\":\"2025-06-10T17:50:33+00:00\",\"dateModified\":\"2025-07-21T15:55:15+00:00\",\"description\":\"A partir du menu principal, vous pouvez g\u00e9rer les contacts \u00e0 alerter, d\u00e9finir le contenu et le mode de l\u2019alerte, param\u00e9trer l\u2019application, acc\u00e9der \u00e0 l\u2019historique des alertes, administrer les enregistrements audios, partager l\u2019application, consulter le pr\u00e9sent site web et bien sur d\u00e9clencher une alerte.\",\"breadcrumb\":{\"@id\":\"https:\/\/www.dataslatitudes.com\/sosuniversal\/id\/ecran-principal\/#breadcrumb\"},\"inLanguage\":\"id\",\"potentialAction\":[{\"@type\":\"ReadAction\",\"target\":[\"https:\/\/www.dataslatitudes.com\/sosuniversal\/id\/ecran-principal\/\"]}]},{\"@type\":\"ImageObject\",\"inLanguage\":\"id\",\"@id\":\"https:\/\/www.dataslatitudes.com\/sosuniversal\/id\/ecran-principal\/#primaryimage\",\"url\":\"http:\/\/www.dataslatitudes.com\/sosuniversal\/wp-content\/uploads\/2025\/07\/choix_appwidget.webp\",\"contentUrl\":\"http:\/\/www.dataslatitudes.com\/sosuniversal\/wp-content\/uploads\/2025\/07\/choix_appwidget.webp\"},{\"@type\":\"BreadcrumbList\",\"@id\":\"https:\/\/www.dataslatitudes.com\/sosuniversal\/id\/ecran-principal\/#breadcrumb\",\"itemListElement\":[{\"@type\":\"ListItem\",\"position\":1,\"name\":\"Presentasi\",\"item\":\"https:\/\/www.dataslatitudes.com\/sosuniversal\/fr\/\"},{\"@type\":\"ListItem\",\"position\":2,\"name\":\"Layar utama\"}]},{\"@type\":\"WebSite\",\"@id\":\"https:\/\/www.dataslatitudes.com\/sosuniversal\/id\/#website\",\"url\":\"https:\/\/www.dataslatitudes.com\/sosuniversal\/id\/\",\"name\":\"SOS Universal\",\"description\":\"\",\"publisher\":{\"@id\":\"https:\/\/www.dataslatitudes.com\/sosuniversal\/id\/#organization\"},\"potentialAction\":[{\"@type\":\"SearchAction\",\"target\":{\"@type\":\"EntryPoint\",\"urlTemplate\":\"https:\/\/www.dataslatitudes.com\/sosuniversal\/id\/?s={search_term_string}\"},\"query-input\":{\"@type\":\"PropertyValueSpecification\",\"valueRequired\":true,\"valueName\":\"search_term_string\"}}],\"inLanguage\":\"id\"},{\"@type\":\"Organization\",\"@id\":\"https:\/\/www.dataslatitudes.com\/sosuniversal\/id\/#organization\",\"name\":\"DATASLATITUDES\",\"url\":\"https:\/\/www.dataslatitudes.com\/sosuniversal\/id\/\",\"logo\":{\"@type\":\"ImageObject\",\"inLanguage\":\"id\",\"@id\":\"https:\/\/www.dataslatitudes.com\/sosuniversal\/id\/#\/schema\/logo\/image\/\",\"url\":\"https:\/\/www.dataslatitudes.com\/sosuniversal\/wp-content\/uploads\/2025\/07\/logo_mrdv.png\",\"contentUrl\":\"https:\/\/www.dataslatitudes.com\/sosuniversal\/wp-content\/uploads\/2025\/07\/logo_mrdv.png\",\"width\":72,\"height\":72,\"caption\":\"DATASLATITUDES\"},\"image\":{\"@id\":\"https:\/\/www.dataslatitudes.com\/sosuniversal\/id\/#\/schema\/logo\/image\/\"}}]}<\/script>\n<!-- \/ Yoast SEO plugin. -->","yoast_head_json":{"title":"Layar utama","description":"Dari menu utama, Anda dapat mengelola kontak yang akan diberi peringatan, menentukan isi dan mode peringatan, mengonfigurasi aplikasi, mengakses riwayat peringatan, mengelola rekaman audio, berbagi aplikasi, melihat situs web ini, dan tentu saja memicu peringatan.","robots":{"index":"index","follow":"follow","max-snippet":"max-snippet:-1","max-image-preview":"max-image-preview:large","max-video-preview":"max-video-preview:-1"},"canonical":"PANDUAN PENGGUNA Meluncurkan aplikasi SOS Universal dapat diluncurkan secara klasik dengan mengklik ikon aplikasi. Dimungkinkan juga untuk menginstal dan menggunakan salah satu dari dua widget aplikasi yang dirancang untuk SOS Universal.Tergantung pada versi Android, dua mode instalasi tersedia: baik dengan menekan lama pada ruang kosong di layar smartphone (layar beranda misalnya), atau dengan menekan lama&hellip;","og_locale":"id_ID","og_type":"article","og_title":"Layar utama","og_description":"Dari menu utama, Anda dapat mengelola kontak yang akan diberi peringatan, menentukan isi dan mode peringatan, mengonfigurasi aplikasi, mengakses riwayat peringatan, mengelola rekaman audio, berbagi aplikasi, melihat situs web ini, dan tentu saja memicu peringatan.","og_url":"https:\/\/www.dataslatitudes.com\/sosuniversal\/id\/ecran-principal\/","og_site_name":"SOS Universal","article_modified_time":"2025-07-21T15:55:15+00:00","og_image":[{"width":1080,"height":2400,"url":"https:\/\/www.dataslatitudes.com\/sosuniversal\/wp-content\/uploads\/2025\/07\/choix_appwidget.webp","type":"image\/webp"}],"twitter_card":"summary_large_image","twitter_misc":{"Estimasi waktu membaca":"4 menit"},"schema":{"@context":"https:\/\/schema.org","@graph":[{"@type":"WebPage","@id":"https:\/\/www.dataslatitudes.com\/sosuniversal\/id\/ecran-principal\/","url":"https:\/\/www.dataslatitudes.com\/sosuniversal\/id\/ecran-principal\/","name":"Ecran principal - SOS Universal","isPartOf":{"@id":"https:\/\/www.dataslatitudes.com\/sosuniversal\/#website"},"primaryImageOfPage":{"@id":"https:\/\/www.dataslatitudes.com\/sosuniversal\/id\/ecran-principal\/#primaryimage"},"image":{"@id":"https:\/\/www.dataslatitudes.com\/sosuniversal\/id\/ecran-principal\/#primaryimage"},"thumbnailUrl":"http:\/\/www.dataslatitudes.com\/sosuniversal\/wp-content\/uploads\/2025\/07\/choix_appwidget.webp","datePublished":"2025-06-10T17:50:33+00:00","dateModified":"2025-07-21T15:55:15+00:00","description":"A partir du menu principal, vous pouvez g\u00e9rer les contacts \u00e0 alerter, d\u00e9finir le contenu et le mode de l\u2019alerte, param\u00e9trer l\u2019application, acc\u00e9der \u00e0 l\u2019historique des alertes, administrer les enregistrements audios, partager l\u2019application, consulter le pr\u00e9sent site web et bien sur d\u00e9clencher une alerte.","breadcrumb":{"@id":"https:\/\/www.dataslatitudes.com\/sosuniversal\/id\/ecran-principal\/#breadcrumb"},"inLanguage":"id","potentialAction":[{"@type":"ReadAction","target":["https:\/\/www.dataslatitudes.com\/sosuniversal\/id\/ecran-principal\/"]}]},{"@type":"ImageObject","inLanguage":"id","@id":"https:\/\/www.dataslatitudes.com\/sosuniversal\/id\/ecran-principal\/#primaryimage","url":"http:\/\/www.dataslatitudes.com\/sosuniversal\/wp-content\/uploads\/2025\/07\/choix_appwidget.webp","contentUrl":"http:\/\/www.dataslatitudes.com\/sosuniversal\/wp-content\/uploads\/2025\/07\/choix_appwidget.webp"},{"@type":"BreadcrumbList","@id":"https:\/\/www.dataslatitudes.com\/sosuniversal\/id\/ecran-principal\/#breadcrumb","itemListElement":[{"@type":"ListItem","position":1,"name":"Presentasi","item":"https:\/\/www.dataslatitudes.com\/sosuniversal\/fr\/"},{"@type":"ListItem","position":2,"name":"Layar utama"}]},{"@type":"WebSite","@id":"https:\/\/www.dataslatitudes.com\/sosuniversal\/id\/#website","url":"https:\/\/www.dataslatitudes.com\/sosuniversal\/id\/","name":"SOS Universal","description":"","publisher":{"@id":"https:\/\/www.dataslatitudes.com\/sosuniversal\/id\/#organization"},"potentialAction":[{"@type":"SearchAction","target":{"@type":"EntryPoint","urlTemplate":"https:\/\/www.dataslatitudes.com\/sosuniversal\/id\/?s={search_term_string}"},"query-input":{"@type":"PropertyValueSpecification","valueRequired":true,"valueName":"search_term_string"}}],"inLanguage":"id"},{"@type":"Organization","@id":"https:\/\/www.dataslatitudes.com\/sosuniversal\/id\/#organization","name":"DATASLATITUDES","url":"https:\/\/www.dataslatitudes.com\/sosuniversal\/id\/","logo":{"@type":"ImageObject","inLanguage":"id","@id":"https:\/\/www.dataslatitudes.com\/sosuniversal\/id\/#\/schema\/logo\/image\/","url":"https:\/\/www.dataslatitudes.com\/sosuniversal\/wp-content\/uploads\/2025\/07\/logo_mrdv.png","contentUrl":"https:\/\/www.dataslatitudes.com\/sosuniversal\/wp-content\/uploads\/2025\/07\/logo_mrdv.png","width":72,"height":72,"caption":"DATASLATITUDES"},"image":{"@id":"https:\/\/www.dataslatitudes.com\/sosuniversal\/id\/#\/schema\/logo\/image\/"}}]}},"_links":{"self":[{"href":"https:\/\/www.dataslatitudes.com\/sosuniversal\/id\/wp-json\/wp\/v2\/pages\/14","targetHints":{"allow":["GET"]}}],"collection":[{"href":"https:\/\/www.dataslatitudes.com\/sosuniversal\/id\/wp-json\/wp\/v2\/pages"}],"about":[{"href":"https:\/\/www.dataslatitudes.com\/sosuniversal\/id\/wp-json\/wp\/v2\/types\/page"}],"author":[{"embeddable":true,"href":"https:\/\/www.dataslatitudes.com\/sosuniversal\/id\/wp-json\/wp\/v2\/users\/1"}],"replies":[{"embeddable":true,"href":"https:\/\/www.dataslatitudes.com\/sosuniversal\/id\/wp-json\/wp\/v2\/comments?post=14"}],"version-history":[{"count":65,"href":"https:\/\/www.dataslatitudes.com\/sosuniversal\/id\/wp-json\/wp\/v2\/pages\/14\/revisions"}],"predecessor-version":[{"id":1048,"href":"https:\/\/www.dataslatitudes.com\/sosuniversal\/id\/wp-json\/wp\/v2\/pages\/14\/revisions\/1048"}],"wp:attachment":[{"href":"https:\/\/www.dataslatitudes.com\/sosuniversal\/id\/wp-json\/wp\/v2\/media?parent=14"}],"curies":[{"name":"wp","href":"https:\/\/api.w.org\/{rel}","templated":true}]}}