{"id":250,"date":"2025-06-13T07:11:06","date_gmt":"2025-06-13T07:11:06","guid":{"rendered":"https:\/\/www.dataslatitudes.com\/sosuniversal\/index.php\/mode-emploi\/mode-demploi-enregistrements\/"},"modified":"2025-07-22T17:01:26","modified_gmt":"2025-07-22T17:01:26","slug":"mode-emploi-outils-supplementaire","status":"publish","type":"page","link":"https:\/\/www.dataslatitudes.com\/sosuniversal\/hu\/ecran-principal\/mode-emploi-outils-supplementaire\/","title":{"rendered":"Tov\u00e1bbi eszk\u00f6z\u00f6k"},"content":{"rendered":"\r\n<p class=\"has-small-font-size\"><\/p>\r\n\r\n\r\n\r\n<h1 class=\"wp-block-heading has-text-align-center has-medium-font-size\" style=\"margin-top:var(--wp--preset--spacing--20);margin-bottom:var(--wp--preset--spacing--20)\"><strong>TOV\u00c1BBI ESZK\u00d6Z\u00d6K<\/strong><\/h1>\r\n\r\n\r\n\r\n<p class=\"has-text-align-center\" style=\"font-size:1.2rem\">\u00d6t tov\u00e1bbi eszk\u00f6zt k\u00edn\u00e1l az SOS Universal:<\/p>\r\n\r\n\r\n\r\n<figure class=\"wp-block-image aligncenter size-full is-resized\"><img decoding=\"async\" src=\"http:\/\/www.dataslatitudes.com\/sosuniversal\/wp-content\/uploads\/hu_ecran_principal_partie_basse_puce_recadre.webp\" alt=\"A f\u0151k\u00e9perny\u0151 als\u00f3 r\u00e9sze\" class=\"wp-image-421\" style=\"width:273px\"\/><\/figure>\r\n\r\n\r\n\r\n<div class=\"wp-block-columns is-layout-flex wp-container-core-columns-is-layout-d2a8f814 wp-block-columns-is-layout-flex\" style=\"padding-top:0;padding-bottom:0\">\r\n<div class=\"wp-block-column is-layout-flow wp-block-column-is-layout-flow\">\r\n<h2 class=\"wp-block-heading has-text-align-center\" style=\"margin-top:var(--wp--preset--spacing--20);margin-bottom:var(--wp--preset--spacing--20);font-size:1.2rem\">(1) Alkalmaz\u00e1s z\u00e1rol\u00e1sa<\/h2>\r\n\r\n\r\n\r\n<figure class=\"wp-block-image aligncenter size-large is-resized\" style=\"margin-top:0;margin-bottom:0\"><img decoding=\"async\" src=\"http:\/\/www.dataslatitudes.com\/sosuniversal\/wp-content\/uploads\/hu_verrouillage-459x1024.webp\" alt=\"SOS Universal - alkalmaz\u00e1s z\u00e1rol\u00e1sa\" class=\"wp-image-426\" style=\"width:273px\"\/><\/figure>\r\n\r\n\r\n\r\n<p style=\"margin-right:var(--wp--preset--spacing--50);margin-left:var(--wp--preset--spacing--50);font-size:1rem\">A sebezhet\u0151 szem\u00e9lyek hib\u00e1s kezel\u00e9s\u00e9nek elker\u00fcl\u00e9se \u00e9rdek\u00e9ben az SOS Universal egy megb\u00edzhat\u00f3 harmadik f\u00e9l \u00e1ltal konfigur\u00e1lhat\u00f3, majd z\u00e1rolhat\u00f3: ebben az esetben csak a f\u0151 riaszt\u00e1sind\u00edt\u00f3 gomb haszn\u00e1lhat\u00f3 (valamint a riaszt\u00e1s megszak\u00edt\u00f3 gomb). A felold\u00e1s nagyon egyszer\u0171en t\u00f6rt\u00e9nik (a k\u00f3d 0000).<\/p>\r\n\r\n\r\n\r\n<p style=\"margin-top:var(--wp--preset--spacing--50);margin-bottom:var(--wp--preset--spacing--50)\"><\/p>\r\n<\/div>\r\n\r\n\r\n\r\n<div class=\"wp-block-column is-layout-flow wp-block-column-is-layout-flow\">\r\n<h2 class=\"wp-block-heading has-text-align-center\" style=\"margin-top:var(--wp--preset--spacing--20);margin-bottom:var(--wp--preset--spacing--20);font-size:1.2rem\">(2) Kieg\u00e9sz\u00edt\u0151 \u00fczenet<\/h2>\r\n\r\n\r\n\r\n<figure class=\"wp-block-image aligncenter size-large is-resized\" style=\"margin-top:0;margin-bottom:0\"><img decoding=\"async\" src=\"http:\/\/www.dataslatitudes.com\/sosuniversal\/wp-content\/uploads\/hu_message_complementaire-459x1024.webp\" alt=\"SOS Universal - kieg\u00e9sz\u00edt\u0151 \u00fczenet\" class=\"wp-image-425\" style=\"width:273px\"\/><\/figure>\r\n\r\n\r\n\r\n<p style=\"padding-right:var(--wp--preset--spacing--50);padding-left:var(--wp--preset--spacing--50);font-size:1rem\">Gyorsan szerkeszthet egy kieg\u00e9sz\u00edt\u0151 \u00fczenetet, amely be\u00e9p\u00fcl az SMS sz\u00f6veg\u00e9be a k\u00f6vetkez\u0151 riaszt\u00e1sokhoz.<\/p>\r\n<\/div>\r\n<\/div>\r\n\r\n\r\n\r\n<p class=\"has-text-align-center\" style=\"font-size:1.1rem\"><br>Minden riaszt\u00e1son k\u00edv\u00fcl h\u00e1rom tov\u00e1bbi seg\u00e9dprogram \u00e1ll rendelkez\u00e9s\u00e9re, amelyek opcion\u00e1lis ind\u00edt\u00e1si k\u00e9sleltet\u00e9ssel konfigur\u00e1lhat\u00f3k:<\/p>\r\n\r\n\r\n\r\n<div class=\"wp-block-columns is-layout-flex wp-container-core-columns-is-layout-8d88fe0f wp-block-columns-is-layout-flex\" style=\"padding-top:var(--wp--preset--spacing--20);padding-bottom:var(--wp--preset--spacing--20)\">\r\n<div class=\"wp-block-column is-layout-flow wp-block-column-is-layout-flow\">\r\n<h2 class=\"wp-block-heading has-text-align-center\" style=\"margin-top:0;margin-bottom:0;font-size:1.2rem\">(3) Hangfelv\u00e9tel<\/h2>\r\n\r\n\r\n\r\n<figure class=\"wp-block-image aligncenter size-large is-resized\" style=\"margin-top:var(--wp--preset--spacing--20);margin-bottom:var(--wp--preset--spacing--20)\"><img decoding=\"async\" src=\"http:\/\/www.dataslatitudes.com\/sosuniversal\/wp-content\/uploads\/hu_enregistrement_direct-459x1024.webp\" alt=\"SOS Universal - hangfelv\u00e9tel\" class=\"wp-image-424\" style=\"width:273px\"\/><\/figure>\r\n\r\n\r\n\r\n<p class=\"has-text-align-center\" style=\"font-size:1rem\">A felv\u00e9tel elm\u00e9leti kapacit\u00e1sa meg van adva.<\/p>\r\n<\/div>\r\n\r\n\r\n\r\n<div class=\"wp-block-column is-layout-flow wp-block-column-is-layout-flow\">\r\n<h2 class=\"wp-block-heading has-text-align-center\" style=\"margin-top:0;margin-bottom:0;font-size:1.2rem\">(4) Hangriaszt\u00e1s<\/h2>\r\n\r\n\r\n\r\n<figure class=\"wp-block-image aligncenter size-large is-resized\" style=\"margin-top:var(--wp--preset--spacing--20);margin-bottom:var(--wp--preset--spacing--20)\"><img decoding=\"async\" src=\"http:\/\/www.dataslatitudes.com\/sosuniversal\/wp-content\/uploads\/hu_alarme_sonore-459x1024.webp\" alt=\"SOS Universal - hangriaszt\u00e1s\" class=\"wp-image-423\" style=\"width:273px\"\/><\/figure>\r\n\r\n\r\n\r\n<p class=\"has-text-align-center\" style=\"font-size:1rem\">A riaszt\u00e1s hangereje automatikusan a maxim\u00e1lisra van \u00e1ll\u00edtva. A riaszt\u00e1s t\u00edpusa (rend\u0151rs\u00e9gi szir\u00e9na vagy emberi ki\u00e1lt\u00e1s) a be\u00e1ll\u00edt\u00e1sokban v\u00e1laszthat\u00f3 ki.<\/p>\r\n<\/div>\r\n\r\n\r\n\r\n<div class=\"wp-block-column is-layout-flow wp-block-column-is-layout-flow\">\r\n<h2 class=\"wp-block-heading has-text-align-center\" style=\"margin-top:0;margin-bottom:0;font-size:1.2rem\">(5) Bej\u00f6v\u0151 telefonh\u00edv\u00e1s szimul\u00e1l\u00e1sa<\/h2>\r\n\r\n\r\n\r\n<figure class=\"wp-block-image aligncenter size-large is-resized\" style=\"margin-top:var(--wp--preset--spacing--20);margin-bottom:var(--wp--preset--spacing--20)\"><img decoding=\"async\" src=\"http:\/\/www.dataslatitudes.com\/sosuniversal\/wp-content\/uploads\/hu_appel_entrant_simule-459x1024.webp\" alt=\"SOS Universal - szimul\u00e1lt bej\u00f6v\u0151 h\u00edv\u00e1s\" class=\"wp-image-422\" style=\"width:273px\"\/><\/figure>\r\n\r\n\r\n\r\n<p class=\"has-text-align-center\" style=\"font-size:1rem\">A cseng\u0151hang hangereje automatikusan a maxim\u00e1lisra van \u00e1ll\u00edtva. Ez a funkci\u00f3 nem haszn\u00e1lhat\u00f3, ha az okostelefon n\u00e9ma m\u00f3dban van, vagy &#8222;ne zavarjanak&#8221; m\u00f3dban.<\/p>\r\n<\/div>\r\n<\/div>\r\n\r\n\r\n\r\n<p class=\"has-small-font-size\"><\/p>\r\n\r\n\r\n\r\n<p class=\"has-small-font-size\"><\/p>\r\n","protected":false},"excerpt":{"rendered":"<p>TOV\u00c1BBI ESZK\u00d6Z\u00d6K \u00d6t tov\u00e1bbi eszk\u00f6zt k\u00edn\u00e1l az SOS Universal: (1) Alkalmaz\u00e1s z\u00e1rol\u00e1sa A sebezhet\u0151 szem\u00e9lyek hib\u00e1s kezel\u00e9s\u00e9nek elker\u00fcl\u00e9se \u00e9rdek\u00e9ben az [&hellip;]<\/p>\n","protected":false},"author":1,"featured_media":0,"parent":14,"menu_order":7,"comment_status":"closed","ping_status":"closed","template":"","meta":{"site-sidebar-layout":"default","site-content-layout":"","ast-site-content-layout":"","site-content-style":"default","site-sidebar-style":"default","ast-global-header-display":"","ast-banner-title-visibility":"","ast-main-header-display":"","ast-hfb-above-header-display":"","ast-hfb-below-header-display":"","ast-hfb-mobile-header-display":"","site-post-title":"disabled","ast-breadcrumbs-content":"","ast-featured-img":"","footer-sml-layout":"","theme-transparent-header-meta":"","adv-header-id-meta":"","stick-header-meta":"","header-above-stick-meta":"","header-main-stick-meta":"","header-below-stick-meta":"","astra-migrate-meta-layouts":"default","ast-page-background-enabled":"default","ast-page-background-meta":{"desktop":{"background-color":"var(--ast-global-color-5)","background-image":"","background-repeat":"repeat","background-position":"center center","background-size":"auto","background-attachment":"scroll","background-type":"","background-media":"","overlay-type":"","overlay-color":"","overlay-opacity":"","overlay-gradient":""},"tablet":{"background-color":"","background-image":"","background-repeat":"repeat","background-position":"center center","background-size":"auto","background-attachment":"scroll","background-type":"","background-media":"","overlay-type":"","overlay-color":"","overlay-opacity":"","overlay-gradient":""},"mobile":{"background-color":"","background-image":"","background-repeat":"repeat","background-position":"center center","background-size":"auto","background-attachment":"scroll","background-type":"","background-media":"","overlay-type":"","overlay-color":"","overlay-opacity":"","overlay-gradient":""}},"ast-content-background-meta":{"desktop":{"background-color":"var(--ast-global-color-4)","background-image":"","background-repeat":"repeat","background-position":"center center","background-size":"auto","background-attachment":"scroll","background-type":"","background-media":"","overlay-type":"","overlay-color":"","overlay-opacity":"","overlay-gradient":""},"tablet":{"background-color":"var(--ast-global-color-4)","background-image":"","background-repeat":"repeat","background-position":"center center","background-size":"auto","background-attachment":"scroll","background-type":"","background-media":"","overlay-type":"","overlay-color":"","overlay-opacity":"","overlay-gradient":""},"mobile":{"background-color":"var(--ast-global-color-4)","background-image":"","background-repeat":"repeat","background-position":"center center","background-size":"auto","background-attachment":"scroll","background-type":"","background-media":"","overlay-type":"","overlay-color":"","overlay-opacity":"","overlay-gradient":""}},"footnotes":""},"class_list":["post-250","page","type-page","status-publish","hentry"],"yoast_head":"<!-- This site is optimized with the Yoast SEO plugin v25.6 - https:\/\/yoast.com\/wordpress\/plugins\/seo\/ -->\n<title>Tov\u00e1bbi eszk\u00f6z\u00f6k<\/title>\n<meta name=\"description\" content=\"\u00d6t tov\u00e1bbi eszk\u00f6zt k\u00edn\u00e1l az SOS Universal. Annak \u00e9rdek\u00e9ben, hogy a sebezhet\u0151 szem\u00e9lyek ne v\u00e9tsenek hib\u00e1t, az SOS Universal-t egy megb\u00edzhat\u00f3 harmadik f\u00e9l konfigur\u00e1lhatja, majd z\u00e1rolhatja. Gyorsan megfogalmazhat egy kieg\u00e9sz\u00edt\u0151 \u00fczenetet, amelyet a k\u00f6vetkez\u0151 riaszt\u00e1sok SMS-sz\u00f6veg\u00e9be integr\u00e1l. Minden riaszt\u00e1son k\u00edv\u00fcl h\u00e1rom seg\u00e9dprogram \u00e1ll rendelkez\u00e9s\u00e9re, amelyek opcion\u00e1lis ind\u00edt\u00e1si k\u00e9sleltet\u00e9ssel konfigur\u00e1lhat\u00f3k: hangfelv\u00e9tel, hangriaszt\u00e1s ind\u00edt\u00e1sa \u00e9s bej\u00f6v\u0151 telefonh\u00edv\u00e1s szimul\u00e1ci\u00f3ja.\" \/>\n<meta name=\"robots\" content=\"index, follow, max-snippet:-1, max-image-preview:large, max-video-preview:-1\" \/>\n<link rel=\"canonical\" href=\"\" \/>\n<meta property=\"og:locale\" content=\"hu_HU\" \/>\n<meta property=\"og:type\" content=\"article\" \/>\n<meta property=\"og:title\" content=\"Tov\u00e1bbi eszk\u00f6z\u00f6k\" \/>\n<meta property=\"og:description\" content=\"\u00d6t tov\u00e1bbi eszk\u00f6zt k\u00edn\u00e1l az SOS Universal. Annak \u00e9rdek\u00e9ben, hogy a sebezhet\u0151 szem\u00e9lyek ne v\u00e9tsenek hib\u00e1t, az SOS Universal-t egy megb\u00edzhat\u00f3 harmadik f\u00e9l konfigur\u00e1lhatja, majd z\u00e1rolhatja. Gyorsan megfogalmazhat egy kieg\u00e9sz\u00edt\u0151 \u00fczenetet, amelyet a k\u00f6vetkez\u0151 riaszt\u00e1sok SMS-sz\u00f6veg\u00e9be integr\u00e1l. Minden riaszt\u00e1son k\u00edv\u00fcl h\u00e1rom seg\u00e9dprogram \u00e1ll rendelkez\u00e9s\u00e9re, amelyek opcion\u00e1lis ind\u00edt\u00e1si k\u00e9sleltet\u00e9ssel konfigur\u00e1lhat\u00f3k: hangfelv\u00e9tel, hangriaszt\u00e1s ind\u00edt\u00e1sa \u00e9s bej\u00f6v\u0151 telefonh\u00edv\u00e1s szimul\u00e1ci\u00f3ja.\" \/>\n<meta property=\"og:url\" content=\"https:\/\/www.dataslatitudes.com\/sosuniversal\/hu\/ecran-principal\/mode-emploi-outils-supplementaire\/\" \/>\n<meta property=\"og:site_name\" content=\"SOS Universal\" \/>\n<meta property=\"article:modified_time\" content=\"2025-07-22T17:01:26+00:00\" \/>\n<meta name=\"twitter:card\" content=\"summary_large_image\" \/>\n<meta name=\"twitter:label1\" content=\"Becs\u00fclt olvas\u00e1si id\u0151\" \/>\n\t<meta name=\"twitter:data1\" content=\"3 perc\" \/>\n<script type=\"application\/ld+json\" class=\"yoast-schema-graph\">{\"@context\":\"https:\/\/schema.org\",\"@graph\":[{\"@type\":\"WebPage\",\"@id\":\"https:\/\/www.dataslatitudes.com\/sosuniversal\/hu\/ecran-principal\/mode-emploi-outils-supplementaire\/\",\"url\":\"https:\/\/www.dataslatitudes.com\/sosuniversal\/hu\/ecran-principal\/mode-emploi-outils-supplementaire\/\",\"name\":\"Outils suppl\u00e9mentaires - SOS Universal\",\"isPartOf\":{\"@id\":\"https:\/\/www.dataslatitudes.com\/sosuniversal\/#website\"},\"primaryImageOfPage\":{\"@id\":\"https:\/\/www.dataslatitudes.com\/sosuniversal\/hu\/ecran-principal\/mode-emploi-outils-supplementaire\/#primaryimage\"},\"image\":{\"@id\":\"https:\/\/www.dataslatitudes.com\/sosuniversal\/hu\/ecran-principal\/mode-emploi-outils-supplementaire\/#primaryimage\"},\"thumbnailUrl\":\"http:\/\/www.dataslatitudes.com\/sosuniversal\/wp-content\/uploads\/2025\/07\/fr_ecran_principal_partie_basse_puce_recadre.webp\",\"datePublished\":\"2025-06-13T07:11:06+00:00\",\"dateModified\":\"2025-07-22T17:01:26+00:00\",\"description\":\"Cinq outils suppl\u00e9mentaires vous sont propos\u00e9s par SOS Universal. Dans le but d\u2019\u00e9viter des erreurs de manipulation par des personnes vuln\u00e9rables, SOS Universal peut \u00eatre param\u00e9tr\u00e9e par un tiers de confiance puis ensuite \u00eatre verrouill\u00e9e. Vous avez la facult\u00e9 de r\u00e9diger rapidement un message compl\u00e9mentaire qui sera int\u00e9gr\u00e9 dans le texte du SMS des prochaines alertes. En dehors de toute alerte, vous disposez de trois utilitaires qui peuvent \u00eatre param\u00e9tr\u00e9s avec un d\u00e9lai de d\u00e9clenchement optionnel : l'enregistrement audio, le d\u00e9clenchement d'une alarme sonore et la simulation d\u2019un appel t\u00e9l\u00e9phonique entrant.\",\"breadcrumb\":{\"@id\":\"https:\/\/www.dataslatitudes.com\/sosuniversal\/hu\/ecran-principal\/mode-emploi-outils-supplementaire\/#breadcrumb\"},\"inLanguage\":\"hu\",\"potentialAction\":[{\"@type\":\"ReadAction\",\"target\":[\"https:\/\/www.dataslatitudes.com\/sosuniversal\/hu\/ecran-principal\/mode-emploi-outils-supplementaire\/\"]}]},{\"@type\":\"ImageObject\",\"inLanguage\":\"hu\",\"@id\":\"https:\/\/www.dataslatitudes.com\/sosuniversal\/hu\/ecran-principal\/mode-emploi-outils-supplementaire\/#primaryimage\",\"url\":\"http:\/\/www.dataslatitudes.com\/sosuniversal\/wp-content\/uploads\/2025\/07\/fr_ecran_principal_partie_basse_puce_recadre.webp\",\"contentUrl\":\"http:\/\/www.dataslatitudes.com\/sosuniversal\/wp-content\/uploads\/2025\/07\/fr_ecran_principal_partie_basse_puce_recadre.webp\"},{\"@type\":\"BreadcrumbList\",\"@id\":\"https:\/\/www.dataslatitudes.com\/sosuniversal\/hu\/ecran-principal\/mode-emploi-outils-supplementaire\/#breadcrumb\",\"itemListElement\":[{\"@type\":\"ListItem\",\"position\":1,\"name\":\"Bemutat\u00e1s\",\"item\":\"https:\/\/www.dataslatitudes.com\/sosuniversal\/fr\/\"},{\"@type\":\"ListItem\",\"position\":2,\"name\":\"F\u0151k\u00e9perny\u0151\",\"item\":\"https:\/\/www.dataslatitudes.com\/sosuniversal\/ecran-principal\/\"},{\"@type\":\"ListItem\",\"position\":3,\"name\":\"Tov\u00e1bbi eszk\u00f6z\u00f6k\"}]},{\"@type\":\"WebSite\",\"@id\":\"https:\/\/www.dataslatitudes.com\/sosuniversal\/hu\/#website\",\"url\":\"https:\/\/www.dataslatitudes.com\/sosuniversal\/hu\/\",\"name\":\"SOS Universal\",\"description\":\"\",\"publisher\":{\"@id\":\"https:\/\/www.dataslatitudes.com\/sosuniversal\/hu\/#organization\"},\"potentialAction\":[{\"@type\":\"SearchAction\",\"target\":{\"@type\":\"EntryPoint\",\"urlTemplate\":\"https:\/\/www.dataslatitudes.com\/sosuniversal\/hu\/?s={search_term_string}\"},\"query-input\":{\"@type\":\"PropertyValueSpecification\",\"valueRequired\":true,\"valueName\":\"search_term_string\"}}],\"inLanguage\":\"hu\"},{\"@type\":\"Organization\",\"@id\":\"https:\/\/www.dataslatitudes.com\/sosuniversal\/hu\/#organization\",\"name\":\"DATASLATITUDES\",\"url\":\"https:\/\/www.dataslatitudes.com\/sosuniversal\/hu\/\",\"logo\":{\"@type\":\"ImageObject\",\"inLanguage\":\"hu\",\"@id\":\"https:\/\/www.dataslatitudes.com\/sosuniversal\/hu\/#\/schema\/logo\/image\/\",\"url\":\"https:\/\/www.dataslatitudes.com\/sosuniversal\/wp-content\/uploads\/2025\/07\/logo_mrdv.png\",\"contentUrl\":\"https:\/\/www.dataslatitudes.com\/sosuniversal\/wp-content\/uploads\/2025\/07\/logo_mrdv.png\",\"width\":72,\"height\":72,\"caption\":\"DATASLATITUDES\"},\"image\":{\"@id\":\"https:\/\/www.dataslatitudes.com\/sosuniversal\/hu\/#\/schema\/logo\/image\/\"}}]}<\/script>\n<!-- \/ Yoast SEO plugin. -->","yoast_head_json":{"title":"Tov\u00e1bbi eszk\u00f6z\u00f6k","description":"\u00d6t tov\u00e1bbi eszk\u00f6zt k\u00edn\u00e1l az SOS Universal. Annak \u00e9rdek\u00e9ben, hogy a sebezhet\u0151 szem\u00e9lyek ne v\u00e9tsenek hib\u00e1t, az SOS Universal-t egy megb\u00edzhat\u00f3 harmadik f\u00e9l konfigur\u00e1lhatja, majd z\u00e1rolhatja. Gyorsan megfogalmazhat egy kieg\u00e9sz\u00edt\u0151 \u00fczenetet, amelyet a k\u00f6vetkez\u0151 riaszt\u00e1sok SMS-sz\u00f6veg\u00e9be integr\u00e1l. Minden riaszt\u00e1son k\u00edv\u00fcl h\u00e1rom seg\u00e9dprogram \u00e1ll rendelkez\u00e9s\u00e9re, amelyek opcion\u00e1lis ind\u00edt\u00e1si k\u00e9sleltet\u00e9ssel konfigur\u00e1lhat\u00f3k: hangfelv\u00e9tel, hangriaszt\u00e1s ind\u00edt\u00e1sa \u00e9s bej\u00f6v\u0151 telefonh\u00edv\u00e1s szimul\u00e1ci\u00f3ja.","robots":{"index":"index","follow":"follow","max-snippet":"max-snippet:-1","max-image-preview":"max-image-preview:large","max-video-preview":"max-video-preview:-1"},"canonical":"TOV\u00c1BBI ESZK\u00d6Z\u00d6K \u00d6t tov\u00e1bbi eszk\u00f6zt k\u00edn\u00e1l az SOS Universal: (1) Alkalmaz\u00e1s z\u00e1rol\u00e1sa A sebezhet\u0151 szem\u00e9lyek hib\u00e1s kezel\u00e9s\u00e9nek elker\u00fcl\u00e9se \u00e9rdek\u00e9ben az SOS Universal egy megb\u00edzhat\u00f3 harmadik f\u00e9l \u00e1ltal konfigur\u00e1lhat\u00f3, majd z\u00e1rolhat\u00f3: ebben az esetben csak a f\u0151 riaszt\u00e1sind\u00edt\u00f3 gomb haszn\u00e1lhat\u00f3 (valamint a riaszt\u00e1s megszak\u00edt\u00f3 gomb). A felold\u00e1s nagyon egyszer\u0171en t\u00f6rt\u00e9nik (a k\u00f3d 0000). (2) Kieg\u00e9sz\u00edt\u0151 \u00fczenet&hellip;","og_locale":"hu_HU","og_type":"article","og_title":"Tov\u00e1bbi eszk\u00f6z\u00f6k","og_description":"\u00d6t tov\u00e1bbi eszk\u00f6zt k\u00edn\u00e1l az SOS Universal. Annak \u00e9rdek\u00e9ben, hogy a sebezhet\u0151 szem\u00e9lyek ne v\u00e9tsenek hib\u00e1t, az SOS Universal-t egy megb\u00edzhat\u00f3 harmadik f\u00e9l konfigur\u00e1lhatja, majd z\u00e1rolhatja. Gyorsan megfogalmazhat egy kieg\u00e9sz\u00edt\u0151 \u00fczenetet, amelyet a k\u00f6vetkez\u0151 riaszt\u00e1sok SMS-sz\u00f6veg\u00e9be integr\u00e1l. Minden riaszt\u00e1son k\u00edv\u00fcl h\u00e1rom seg\u00e9dprogram \u00e1ll rendelkez\u00e9s\u00e9re, amelyek opcion\u00e1lis ind\u00edt\u00e1si k\u00e9sleltet\u00e9ssel konfigur\u00e1lhat\u00f3k: hangfelv\u00e9tel, hangriaszt\u00e1s ind\u00edt\u00e1sa \u00e9s bej\u00f6v\u0151 telefonh\u00edv\u00e1s szimul\u00e1ci\u00f3ja.","og_url":"https:\/\/www.dataslatitudes.com\/sosuniversal\/hu\/ecran-principal\/mode-emploi-outils-supplementaire\/","og_site_name":"SOS Universal","article_modified_time":"2025-07-22T17:01:26+00:00","twitter_card":"summary_large_image","twitter_misc":{"Becs\u00fclt olvas\u00e1si id\u0151":"3 perc"},"schema":{"@context":"https:\/\/schema.org","@graph":[{"@type":"WebPage","@id":"https:\/\/www.dataslatitudes.com\/sosuniversal\/hu\/ecran-principal\/mode-emploi-outils-supplementaire\/","url":"https:\/\/www.dataslatitudes.com\/sosuniversal\/hu\/ecran-principal\/mode-emploi-outils-supplementaire\/","name":"Outils suppl\u00e9mentaires - SOS Universal","isPartOf":{"@id":"https:\/\/www.dataslatitudes.com\/sosuniversal\/#website"},"primaryImageOfPage":{"@id":"https:\/\/www.dataslatitudes.com\/sosuniversal\/hu\/ecran-principal\/mode-emploi-outils-supplementaire\/#primaryimage"},"image":{"@id":"https:\/\/www.dataslatitudes.com\/sosuniversal\/hu\/ecran-principal\/mode-emploi-outils-supplementaire\/#primaryimage"},"thumbnailUrl":"http:\/\/www.dataslatitudes.com\/sosuniversal\/wp-content\/uploads\/2025\/07\/fr_ecran_principal_partie_basse_puce_recadre.webp","datePublished":"2025-06-13T07:11:06+00:00","dateModified":"2025-07-22T17:01:26+00:00","description":"Cinq outils suppl\u00e9mentaires vous sont propos\u00e9s par SOS Universal. Dans le but d\u2019\u00e9viter des erreurs de manipulation par des personnes vuln\u00e9rables, SOS Universal peut \u00eatre param\u00e9tr\u00e9e par un tiers de confiance puis ensuite \u00eatre verrouill\u00e9e. Vous avez la facult\u00e9 de r\u00e9diger rapidement un message compl\u00e9mentaire qui sera int\u00e9gr\u00e9 dans le texte du SMS des prochaines alertes. En dehors de toute alerte, vous disposez de trois utilitaires qui peuvent \u00eatre param\u00e9tr\u00e9s avec un d\u00e9lai de d\u00e9clenchement optionnel : l'enregistrement audio, le d\u00e9clenchement d'une alarme sonore et la simulation d\u2019un appel t\u00e9l\u00e9phonique entrant.","breadcrumb":{"@id":"https:\/\/www.dataslatitudes.com\/sosuniversal\/hu\/ecran-principal\/mode-emploi-outils-supplementaire\/#breadcrumb"},"inLanguage":"hu","potentialAction":[{"@type":"ReadAction","target":["https:\/\/www.dataslatitudes.com\/sosuniversal\/hu\/ecran-principal\/mode-emploi-outils-supplementaire\/"]}]},{"@type":"ImageObject","inLanguage":"hu","@id":"https:\/\/www.dataslatitudes.com\/sosuniversal\/hu\/ecran-principal\/mode-emploi-outils-supplementaire\/#primaryimage","url":"http:\/\/www.dataslatitudes.com\/sosuniversal\/wp-content\/uploads\/2025\/07\/fr_ecran_principal_partie_basse_puce_recadre.webp","contentUrl":"http:\/\/www.dataslatitudes.com\/sosuniversal\/wp-content\/uploads\/2025\/07\/fr_ecran_principal_partie_basse_puce_recadre.webp"},{"@type":"BreadcrumbList","@id":"https:\/\/www.dataslatitudes.com\/sosuniversal\/hu\/ecran-principal\/mode-emploi-outils-supplementaire\/#breadcrumb","itemListElement":[{"@type":"ListItem","position":1,"name":"Bemutat\u00e1s","item":"https:\/\/www.dataslatitudes.com\/sosuniversal\/fr\/"},{"@type":"ListItem","position":2,"name":"F\u0151k\u00e9perny\u0151","item":"https:\/\/www.dataslatitudes.com\/sosuniversal\/ecran-principal\/"},{"@type":"ListItem","position":3,"name":"Tov\u00e1bbi eszk\u00f6z\u00f6k"}]},{"@type":"WebSite","@id":"https:\/\/www.dataslatitudes.com\/sosuniversal\/hu\/#website","url":"https:\/\/www.dataslatitudes.com\/sosuniversal\/hu\/","name":"SOS Universal","description":"","publisher":{"@id":"https:\/\/www.dataslatitudes.com\/sosuniversal\/hu\/#organization"},"potentialAction":[{"@type":"SearchAction","target":{"@type":"EntryPoint","urlTemplate":"https:\/\/www.dataslatitudes.com\/sosuniversal\/hu\/?s={search_term_string}"},"query-input":{"@type":"PropertyValueSpecification","valueRequired":true,"valueName":"search_term_string"}}],"inLanguage":"hu"},{"@type":"Organization","@id":"https:\/\/www.dataslatitudes.com\/sosuniversal\/hu\/#organization","name":"DATASLATITUDES","url":"https:\/\/www.dataslatitudes.com\/sosuniversal\/hu\/","logo":{"@type":"ImageObject","inLanguage":"hu","@id":"https:\/\/www.dataslatitudes.com\/sosuniversal\/hu\/#\/schema\/logo\/image\/","url":"https:\/\/www.dataslatitudes.com\/sosuniversal\/wp-content\/uploads\/2025\/07\/logo_mrdv.png","contentUrl":"https:\/\/www.dataslatitudes.com\/sosuniversal\/wp-content\/uploads\/2025\/07\/logo_mrdv.png","width":72,"height":72,"caption":"DATASLATITUDES"},"image":{"@id":"https:\/\/www.dataslatitudes.com\/sosuniversal\/hu\/#\/schema\/logo\/image\/"}}]}},"_links":{"self":[{"href":"https:\/\/www.dataslatitudes.com\/sosuniversal\/hu\/wp-json\/wp\/v2\/pages\/250","targetHints":{"allow":["GET"]}}],"collection":[{"href":"https:\/\/www.dataslatitudes.com\/sosuniversal\/hu\/wp-json\/wp\/v2\/pages"}],"about":[{"href":"https:\/\/www.dataslatitudes.com\/sosuniversal\/hu\/wp-json\/wp\/v2\/types\/page"}],"author":[{"embeddable":true,"href":"https:\/\/www.dataslatitudes.com\/sosuniversal\/hu\/wp-json\/wp\/v2\/users\/1"}],"replies":[{"embeddable":true,"href":"https:\/\/www.dataslatitudes.com\/sosuniversal\/hu\/wp-json\/wp\/v2\/comments?post=250"}],"version-history":[{"count":40,"href":"https:\/\/www.dataslatitudes.com\/sosuniversal\/hu\/wp-json\/wp\/v2\/pages\/250\/revisions"}],"predecessor-version":[{"id":1070,"href":"https:\/\/www.dataslatitudes.com\/sosuniversal\/hu\/wp-json\/wp\/v2\/pages\/250\/revisions\/1070"}],"up":[{"embeddable":true,"href":"https:\/\/www.dataslatitudes.com\/sosuniversal\/hu\/wp-json\/wp\/v2\/pages\/14"}],"wp:attachment":[{"href":"https:\/\/www.dataslatitudes.com\/sosuniversal\/hu\/wp-json\/wp\/v2\/media?parent=250"}],"curies":[{"name":"wp","href":"https:\/\/api.w.org\/{rel}","templated":true}]}}