{"id":246,"date":"2025-06-13T07:09:52","date_gmt":"2025-06-13T07:09:52","guid":{"rendered":"https:\/\/www.dataslatitudes.com\/sosuniversal\/index.php\/mode-emploi\/mode-demploi-parametres\/"},"modified":"2025-07-21T16:04:04","modified_gmt":"2025-07-21T16:04:04","slug":"mode-emploi-historique-enregistrement-audio","status":"publish","type":"page","link":"https:\/\/www.dataslatitudes.com\/sosuniversal\/hu\/ecran-principal\/mode-emploi-historique-enregistrement-audio\/","title":{"rendered":"El\u0151zm\u00e9nyek \u00e9s hangfelv\u00e9telek"},"content":{"rendered":"\r\n<p class=\"has-small-font-size\"><\/p>\r\n\r\n\r\n\r\n<h1 class=\"wp-block-heading has-text-align-center has-medium-font-size\" style=\"margin-top:var(--wp--preset--spacing--30);margin-bottom:var(--wp--preset--spacing--30)\"><strong>RIASZT\u00c1SI EL\u0150ZM\u00c9NYEK<\/strong><\/h1>\r\n\r\n\r\n\r\n<p style=\"font-size:1rem\">Az utols\u00f3 50 elk\u00fcld\u00f6tt riaszt\u00e1s minden jellemz\u0151j\u00e9vel egy\u00fctt napl\u00f3zva van.<\/p>\r\n\r\n\r\n\r\n<div class=\"wp-block-columns is-layout-flex wp-container-core-columns-is-layout-ec2e7a44 wp-block-columns-is-layout-flex\" style=\"padding-top:0;padding-bottom:0\">\r\n<div class=\"wp-block-column is-layout-flow wp-block-column-is-layout-flow\" style=\"flex-basis:33.33%\">\r\n<figure class=\"wp-block-image aligncenter size-large is-resized\"><img decoding=\"async\" src=\"http:\/\/www.dataslatitudes.com\/sosuniversal\/wp-content\/uploads\/hu_historique_alerte_puce-459x1024.webp\" alt=\"SOS Universal - riaszt\u00e1si el\u0151zm\u00e9nyek\" class=\"wp-image-402\" style=\"width:273px\"\/><\/figure>\r\n<\/div>\r\n\r\n\r\n\r\n<div class=\"wp-block-column is-layout-flow wp-block-column-is-layout-flow\" style=\"padding-top:0;padding-bottom:0;flex-basis:66.66%\">\r\n<p style=\"font-size:1rem\">(1) A megkeresett kapcsolattart\u00f3 vezet\u00e9k- \u00e9s keresztneve<br>(2) A riaszt\u00e1s ind\u00edt\u00e1s\u00e1nak d\u00e1tuma \u00e9s ideje<br>(3) A riaszt\u00e1s tartalm\u00e1t \u00f6sszefoglal\u00f3 piktogramok (p\u00e9ld\u00e1ul: telefonh\u00edv\u00e1s, SMS k\u00fcld\u00e9se f\u00f6ldrajzi helymeghat\u00e1roz\u00e1ssal \u00e9s c\u00edmmel, hangfelv\u00e9tel \u00e9s hangriaszt\u00e1s)<br>(4) Haszn\u00e1lt riaszt\u00e1si m\u00f3d a param\u00e9tereivel<br>(5) Az \u00f6sszes riaszt\u00e1si el\u0151zm\u00e9ny t\u00f6rl\u00e9se<\/p>\r\n\r\n\r\n\r\n<p>A d\u00e1tum \u00c9\u00c9\u00c9\u00c9-HH-NN form\u00e1tumban (ISO 8601 nemzetk\u00f6zi szabv\u00e1ny) van kifejezve.<\/p>\r\n<\/div>\r\n<\/div>\r\n\r\n\r\n\r\n<p class=\"has-small-font-size\"><\/p>\r\n\r\n\r\n\r\n<h2 class=\"wp-block-heading has-text-align-center has-medium-font-size\" style=\"margin-top:var(--wp--preset--spacing--30);margin-bottom:var(--wp--preset--spacing--30)\"><strong>HANGFELV\u00c9TELEK<\/strong><\/h2>\r\n\r\n\r\n\r\n<p style=\"font-size:1rem\">Ak\u00e1r 200 hangfelv\u00e9telt is t\u00e1rolhat az okostelefon let\u00f6lt\u00e9si k\u00f6nyvt\u00e1r\u00e1ban. Minden felv\u00e9tel id\u0151b\u00e9lyeggel ell\u00e1tott, \u00e9s meghallgathat\u00f3, \u00e1tnevezhet\u0151 vagy t\u00f6r\u00f6lhet\u0151.<\/p>\r\n\r\n\r\n\r\n<div class=\"wp-block-columns is-layout-flex wp-container-core-columns-is-layout-ec2e7a44 wp-block-columns-is-layout-flex\" style=\"padding-top:0;padding-bottom:0\">\r\n<div class=\"wp-block-column is-layout-flow wp-block-column-is-layout-flow\" style=\"flex-basis:33.33%\">\r\n<figure class=\"wp-block-image aligncenter size-large is-resized\"><img decoding=\"async\" src=\"http:\/\/www.dataslatitudes.com\/sosuniversal\/wp-content\/uploads\/hu_enregistrement_audio_puce-459x1024.webp\" alt=\"SOS Universal - hangfelv\u00e9telek kezel\u00e9se\" class=\"wp-image-403\" style=\"width:273px\"\/><\/figure>\r\n<\/div>\r\n\r\n\r\n\r\n<div class=\"wp-block-column is-layout-flow wp-block-column-is-layout-flow\" style=\"flex-basis:66.66%\">\r\n<p style=\"font-size:1rem\">(1) A felv\u00e9tel neve<br>(2) A felv\u00e9tel d\u00e1tuma, ideje \u00e9s m\u00e9rete<br>(3) T\u00f6rl\u00e9si funkci\u00f3<br>(4) F\u00e1jln\u00e9v m\u00f3dos\u00edt\u00e1si funkci\u00f3<br>(5) Felv\u00e9tel lej\u00e1tsz\u00e1sa vagy lej\u00e1tsz\u00e1s le\u00e1ll\u00edt\u00e1sa<br>(6) 5 m\u00e1sodperc vissza<br>(7) 5 m\u00e1sodperc el\u0151re<br>(8) Lej\u00e1tsz\u00e1si el\u0151rehalad\u00e1s cs\u00faszka<br>(9) A felv\u00e9tel lej\u00e1tsz\u00e1si sebess\u00e9ge: cs\u00f6kkenthet\u0151 (x 0,5) vagy n\u00f6velhet\u0151 (x 1,5, x 2,0)<\/p>\r\n\r\n\r\n\r\n<p>A d\u00e1tum \u00c9\u00c9\u00c9\u00c9-HH-NN form\u00e1tumban (ISO 8601 nemzetk\u00f6zi szabv\u00e1ny) van kifejezve.<\/p>\r\n<\/div>\r\n<\/div>\r\n\r\n\r\n\r\n<p class=\"has-medium-font-size\"><\/p>\r\n\r\n\r\n\r\n<p><\/p>\r\n","protected":false},"excerpt":{"rendered":"<p>RIASZT\u00c1SI EL\u0150ZM\u00c9NYEK Az utols\u00f3 50 elk\u00fcld\u00f6tt riaszt\u00e1s minden jellemz\u0151j\u00e9vel egy\u00fctt napl\u00f3zva van. (1) A megkeresett kapcsolattart\u00f3 vezet\u00e9k- \u00e9s keresztneve(2) A [&hellip;]<\/p>\n","protected":false},"author":1,"featured_media":0,"parent":14,"menu_order":5,"comment_status":"closed","ping_status":"closed","template":"","meta":{"site-sidebar-layout":"default","site-content-layout":"","ast-site-content-layout":"","site-content-style":"default","site-sidebar-style":"default","ast-global-header-display":"","ast-banner-title-visibility":"","ast-main-header-display":"","ast-hfb-above-header-display":"","ast-hfb-below-header-display":"","ast-hfb-mobile-header-display":"","site-post-title":"disabled","ast-breadcrumbs-content":"","ast-featured-img":"","footer-sml-layout":"","theme-transparent-header-meta":"","adv-header-id-meta":"","stick-header-meta":"","header-above-stick-meta":"","header-main-stick-meta":"","header-below-stick-meta":"","astra-migrate-meta-layouts":"default","ast-page-background-enabled":"default","ast-page-background-meta":{"desktop":{"background-color":"var(--ast-global-color-5)","background-image":"","background-repeat":"repeat","background-position":"center center","background-size":"auto","background-attachment":"scroll","background-type":"","background-media":"","overlay-type":"","overlay-color":"","overlay-opacity":"","overlay-gradient":""},"tablet":{"background-color":"","background-image":"","background-repeat":"repeat","background-position":"center center","background-size":"auto","background-attachment":"scroll","background-type":"","background-media":"","overlay-type":"","overlay-color":"","overlay-opacity":"","overlay-gradient":""},"mobile":{"background-color":"","background-image":"","background-repeat":"repeat","background-position":"center center","background-size":"auto","background-attachment":"scroll","background-type":"","background-media":"","overlay-type":"","overlay-color":"","overlay-opacity":"","overlay-gradient":""}},"ast-content-background-meta":{"desktop":{"background-color":"var(--ast-global-color-4)","background-image":"","background-repeat":"repeat","background-position":"center center","background-size":"auto","background-attachment":"scroll","background-type":"","background-media":"","overlay-type":"","overlay-color":"","overlay-opacity":"","overlay-gradient":""},"tablet":{"background-color":"var(--ast-global-color-4)","background-image":"","background-repeat":"repeat","background-position":"center center","background-size":"auto","background-attachment":"scroll","background-type":"","background-media":"","overlay-type":"","overlay-color":"","overlay-opacity":"","overlay-gradient":""},"mobile":{"background-color":"var(--ast-global-color-4)","background-image":"","background-repeat":"repeat","background-position":"center center","background-size":"auto","background-attachment":"scroll","background-type":"","background-media":"","overlay-type":"","overlay-color":"","overlay-opacity":"","overlay-gradient":""}},"footnotes":""},"class_list":["post-246","page","type-page","status-publish","hentry"],"yoast_head":"<!-- This site is optimized with the Yoast SEO plugin v25.6 - https:\/\/yoast.com\/wordpress\/plugins\/seo\/ -->\n<title>El\u0151zm\u00e9nyek \u00e9s hangfelv\u00e9telek<\/title>\n<meta name=\"description\" content=\"Az utols\u00f3 50 elk\u00fcld\u00f6tt riaszt\u00e1s minden jellemz\u0151j\u00e9vel egy\u00fctt napl\u00f3zva van. Legfeljebb 200 hangfelv\u00e9telt t\u00e1rolhat az okostelefon let\u00f6lt\u00e9si k\u00f6nyvt\u00e1r\u00e1ban. Minden felv\u00e9tel id\u0151b\u00e9lyeggel van ell\u00e1tva, \u00e9s meghallgathat\u00f3, \u00e1tnevezhet\u0151 vagy t\u00f6r\u00f6lhet\u0151.\" \/>\n<meta name=\"robots\" content=\"index, follow, max-snippet:-1, max-image-preview:large, max-video-preview:-1\" \/>\n<link rel=\"canonical\" href=\"\" \/>\n<meta property=\"og:locale\" content=\"hu_HU\" \/>\n<meta property=\"og:type\" content=\"article\" \/>\n<meta property=\"og:title\" content=\"El\u0151zm\u00e9nyek \u00e9s hangfelv\u00e9telek\" \/>\n<meta property=\"og:description\" content=\"Az utols\u00f3 50 elk\u00fcld\u00f6tt riaszt\u00e1s minden jellemz\u0151j\u00e9vel egy\u00fctt napl\u00f3zva van. Legfeljebb 200 hangfelv\u00e9telt t\u00e1rolhat az okostelefon let\u00f6lt\u00e9si k\u00f6nyvt\u00e1r\u00e1ban. Minden felv\u00e9tel id\u0151b\u00e9lyeggel van ell\u00e1tva, \u00e9s meghallgathat\u00f3, \u00e1tnevezhet\u0151 vagy t\u00f6r\u00f6lhet\u0151.\" \/>\n<meta property=\"og:url\" content=\"https:\/\/www.dataslatitudes.com\/sosuniversal\/hu\/ecran-principal\/mode-emploi-historique-enregistrement-audio\/\" \/>\n<meta property=\"og:site_name\" content=\"SOS Universal\" \/>\n<meta property=\"article:modified_time\" content=\"2025-07-21T16:04:04+00:00\" \/>\n<meta name=\"twitter:card\" content=\"summary_large_image\" \/>\n<meta name=\"twitter:label1\" content=\"Becs\u00fclt olvas\u00e1si id\u0151\" \/>\n\t<meta name=\"twitter:data1\" content=\"2 perc\" \/>\n<script type=\"application\/ld+json\" class=\"yoast-schema-graph\">{\"@context\":\"https:\/\/schema.org\",\"@graph\":[{\"@type\":\"WebPage\",\"@id\":\"https:\/\/www.dataslatitudes.com\/sosuniversal\/hu\/ecran-principal\/mode-emploi-historique-enregistrement-audio\/\",\"url\":\"https:\/\/www.dataslatitudes.com\/sosuniversal\/hu\/ecran-principal\/mode-emploi-historique-enregistrement-audio\/\",\"name\":\"Historique et enregistrements audios - SOS Universal\",\"isPartOf\":{\"@id\":\"https:\/\/www.dataslatitudes.com\/sosuniversal\/#website\"},\"primaryImageOfPage\":{\"@id\":\"https:\/\/www.dataslatitudes.com\/sosuniversal\/hu\/ecran-principal\/mode-emploi-historique-enregistrement-audio\/#primaryimage\"},\"image\":{\"@id\":\"https:\/\/www.dataslatitudes.com\/sosuniversal\/hu\/ecran-principal\/mode-emploi-historique-enregistrement-audio\/#primaryimage\"},\"thumbnailUrl\":\"http:\/\/www.dataslatitudes.com\/sosuniversal\/wp-content\/uploads\/2025\/07\/fr_historique_alerte_puce-459x1024.webp\",\"datePublished\":\"2025-06-13T07:09:52+00:00\",\"dateModified\":\"2025-07-21T16:04:04+00:00\",\"description\":\"Les 50 derni\u00e8res alertes \u00e9mises sont historis\u00e9es avec toutes leurs caract\u00e9ristiques. Vous pouvez conserver jusqu\u2019\u00e0 200 enregistrements audios qui sont stock\u00e9s dans le r\u00e9pertoire des t\u00e9l\u00e9chargements du smartphone. Chaque enregistrement est horodat\u00e9 et peut \u00eatre \u00e9cout\u00e9, renomm\u00e9 ou supprim\u00e9.\",\"breadcrumb\":{\"@id\":\"https:\/\/www.dataslatitudes.com\/sosuniversal\/hu\/ecran-principal\/mode-emploi-historique-enregistrement-audio\/#breadcrumb\"},\"inLanguage\":\"hu\",\"potentialAction\":[{\"@type\":\"ReadAction\",\"target\":[\"https:\/\/www.dataslatitudes.com\/sosuniversal\/hu\/ecran-principal\/mode-emploi-historique-enregistrement-audio\/\"]}]},{\"@type\":\"ImageObject\",\"inLanguage\":\"hu\",\"@id\":\"https:\/\/www.dataslatitudes.com\/sosuniversal\/hu\/ecran-principal\/mode-emploi-historique-enregistrement-audio\/#primaryimage\",\"url\":\"http:\/\/www.dataslatitudes.com\/sosuniversal\/wp-content\/uploads\/2025\/07\/fr_historique_alerte_puce-459x1024.webp\",\"contentUrl\":\"http:\/\/www.dataslatitudes.com\/sosuniversal\/wp-content\/uploads\/2025\/07\/fr_historique_alerte_puce-459x1024.webp\"},{\"@type\":\"BreadcrumbList\",\"@id\":\"https:\/\/www.dataslatitudes.com\/sosuniversal\/hu\/ecran-principal\/mode-emploi-historique-enregistrement-audio\/#breadcrumb\",\"itemListElement\":[{\"@type\":\"ListItem\",\"position\":1,\"name\":\"Bemutat\u00e1s\",\"item\":\"https:\/\/www.dataslatitudes.com\/sosuniversal\/fr\/\"},{\"@type\":\"ListItem\",\"position\":2,\"name\":\"F\u0151k\u00e9perny\u0151\",\"item\":\"https:\/\/www.dataslatitudes.com\/sosuniversal\/ecran-principal\/\"},{\"@type\":\"ListItem\",\"position\":3,\"name\":\"El\u0151zm\u00e9nyek \u00e9s hangfelv\u00e9telek\"}]},{\"@type\":\"WebSite\",\"@id\":\"https:\/\/www.dataslatitudes.com\/sosuniversal\/hu\/#website\",\"url\":\"https:\/\/www.dataslatitudes.com\/sosuniversal\/hu\/\",\"name\":\"SOS Universal\",\"description\":\"\",\"publisher\":{\"@id\":\"https:\/\/www.dataslatitudes.com\/sosuniversal\/hu\/#organization\"},\"potentialAction\":[{\"@type\":\"SearchAction\",\"target\":{\"@type\":\"EntryPoint\",\"urlTemplate\":\"https:\/\/www.dataslatitudes.com\/sosuniversal\/hu\/?s={search_term_string}\"},\"query-input\":{\"@type\":\"PropertyValueSpecification\",\"valueRequired\":true,\"valueName\":\"search_term_string\"}}],\"inLanguage\":\"hu\"},{\"@type\":\"Organization\",\"@id\":\"https:\/\/www.dataslatitudes.com\/sosuniversal\/hu\/#organization\",\"name\":\"DATASLATITUDES\",\"url\":\"https:\/\/www.dataslatitudes.com\/sosuniversal\/hu\/\",\"logo\":{\"@type\":\"ImageObject\",\"inLanguage\":\"hu\",\"@id\":\"https:\/\/www.dataslatitudes.com\/sosuniversal\/hu\/#\/schema\/logo\/image\/\",\"url\":\"https:\/\/www.dataslatitudes.com\/sosuniversal\/wp-content\/uploads\/2025\/07\/logo_mrdv.png\",\"contentUrl\":\"https:\/\/www.dataslatitudes.com\/sosuniversal\/wp-content\/uploads\/2025\/07\/logo_mrdv.png\",\"width\":72,\"height\":72,\"caption\":\"DATASLATITUDES\"},\"image\":{\"@id\":\"https:\/\/www.dataslatitudes.com\/sosuniversal\/hu\/#\/schema\/logo\/image\/\"}}]}<\/script>\n<!-- \/ Yoast SEO plugin. -->","yoast_head_json":{"title":"El\u0151zm\u00e9nyek \u00e9s hangfelv\u00e9telek","description":"Az utols\u00f3 50 elk\u00fcld\u00f6tt riaszt\u00e1s minden jellemz\u0151j\u00e9vel egy\u00fctt napl\u00f3zva van. Legfeljebb 200 hangfelv\u00e9telt t\u00e1rolhat az okostelefon let\u00f6lt\u00e9si k\u00f6nyvt\u00e1r\u00e1ban. Minden felv\u00e9tel id\u0151b\u00e9lyeggel van ell\u00e1tva, \u00e9s meghallgathat\u00f3, \u00e1tnevezhet\u0151 vagy t\u00f6r\u00f6lhet\u0151.","robots":{"index":"index","follow":"follow","max-snippet":"max-snippet:-1","max-image-preview":"max-image-preview:large","max-video-preview":"max-video-preview:-1"},"canonical":"RIASZT\u00c1SI EL\u0150ZM\u00c9NYEK Az utols\u00f3 50 elk\u00fcld\u00f6tt riaszt\u00e1s minden jellemz\u0151j\u00e9vel egy\u00fctt napl\u00f3zva van. (1) A megkeresett kapcsolattart\u00f3 vezet\u00e9k- \u00e9s keresztneve(2) A riaszt\u00e1s ind\u00edt\u00e1s\u00e1nak d\u00e1tuma \u00e9s ideje(3) A riaszt\u00e1s tartalm\u00e1t \u00f6sszefoglal\u00f3 piktogramok (p\u00e9ld\u00e1ul: telefonh\u00edv\u00e1s, SMS k\u00fcld\u00e9se f\u00f6ldrajzi helymeghat\u00e1roz\u00e1ssal \u00e9s c\u00edmmel, hangfelv\u00e9tel \u00e9s hangriaszt\u00e1s)(4) Haszn\u00e1lt riaszt\u00e1si m\u00f3d a param\u00e9tereivel(5) Az \u00f6sszes riaszt\u00e1si el\u0151zm\u00e9ny t\u00f6rl\u00e9se A d\u00e1tum \u00c9\u00c9\u00c9\u00c9-HH-NN form\u00e1tumban&hellip;","og_locale":"hu_HU","og_type":"article","og_title":"El\u0151zm\u00e9nyek \u00e9s hangfelv\u00e9telek","og_description":"Az utols\u00f3 50 elk\u00fcld\u00f6tt riaszt\u00e1s minden jellemz\u0151j\u00e9vel egy\u00fctt napl\u00f3zva van. Legfeljebb 200 hangfelv\u00e9telt t\u00e1rolhat az okostelefon let\u00f6lt\u00e9si k\u00f6nyvt\u00e1r\u00e1ban. Minden felv\u00e9tel id\u0151b\u00e9lyeggel van ell\u00e1tva, \u00e9s meghallgathat\u00f3, \u00e1tnevezhet\u0151 vagy t\u00f6r\u00f6lhet\u0151.","og_url":"https:\/\/www.dataslatitudes.com\/sosuniversal\/hu\/ecran-principal\/mode-emploi-historique-enregistrement-audio\/","og_site_name":"SOS Universal","article_modified_time":"2025-07-21T16:04:04+00:00","twitter_card":"summary_large_image","twitter_misc":{"Becs\u00fclt olvas\u00e1si id\u0151":"2 perc"},"schema":{"@context":"https:\/\/schema.org","@graph":[{"@type":"WebPage","@id":"https:\/\/www.dataslatitudes.com\/sosuniversal\/hu\/ecran-principal\/mode-emploi-historique-enregistrement-audio\/","url":"https:\/\/www.dataslatitudes.com\/sosuniversal\/hu\/ecran-principal\/mode-emploi-historique-enregistrement-audio\/","name":"Historique et enregistrements audios - SOS Universal","isPartOf":{"@id":"https:\/\/www.dataslatitudes.com\/sosuniversal\/#website"},"primaryImageOfPage":{"@id":"https:\/\/www.dataslatitudes.com\/sosuniversal\/hu\/ecran-principal\/mode-emploi-historique-enregistrement-audio\/#primaryimage"},"image":{"@id":"https:\/\/www.dataslatitudes.com\/sosuniversal\/hu\/ecran-principal\/mode-emploi-historique-enregistrement-audio\/#primaryimage"},"thumbnailUrl":"http:\/\/www.dataslatitudes.com\/sosuniversal\/wp-content\/uploads\/2025\/07\/fr_historique_alerte_puce-459x1024.webp","datePublished":"2025-06-13T07:09:52+00:00","dateModified":"2025-07-21T16:04:04+00:00","description":"Les 50 derni\u00e8res alertes \u00e9mises sont historis\u00e9es avec toutes leurs caract\u00e9ristiques. Vous pouvez conserver jusqu\u2019\u00e0 200 enregistrements audios qui sont stock\u00e9s dans le r\u00e9pertoire des t\u00e9l\u00e9chargements du smartphone. Chaque enregistrement est horodat\u00e9 et peut \u00eatre \u00e9cout\u00e9, renomm\u00e9 ou supprim\u00e9.","breadcrumb":{"@id":"https:\/\/www.dataslatitudes.com\/sosuniversal\/hu\/ecran-principal\/mode-emploi-historique-enregistrement-audio\/#breadcrumb"},"inLanguage":"hu","potentialAction":[{"@type":"ReadAction","target":["https:\/\/www.dataslatitudes.com\/sosuniversal\/hu\/ecran-principal\/mode-emploi-historique-enregistrement-audio\/"]}]},{"@type":"ImageObject","inLanguage":"hu","@id":"https:\/\/www.dataslatitudes.com\/sosuniversal\/hu\/ecran-principal\/mode-emploi-historique-enregistrement-audio\/#primaryimage","url":"http:\/\/www.dataslatitudes.com\/sosuniversal\/wp-content\/uploads\/2025\/07\/fr_historique_alerte_puce-459x1024.webp","contentUrl":"http:\/\/www.dataslatitudes.com\/sosuniversal\/wp-content\/uploads\/2025\/07\/fr_historique_alerte_puce-459x1024.webp"},{"@type":"BreadcrumbList","@id":"https:\/\/www.dataslatitudes.com\/sosuniversal\/hu\/ecran-principal\/mode-emploi-historique-enregistrement-audio\/#breadcrumb","itemListElement":[{"@type":"ListItem","position":1,"name":"Bemutat\u00e1s","item":"https:\/\/www.dataslatitudes.com\/sosuniversal\/fr\/"},{"@type":"ListItem","position":2,"name":"F\u0151k\u00e9perny\u0151","item":"https:\/\/www.dataslatitudes.com\/sosuniversal\/ecran-principal\/"},{"@type":"ListItem","position":3,"name":"El\u0151zm\u00e9nyek \u00e9s hangfelv\u00e9telek"}]},{"@type":"WebSite","@id":"https:\/\/www.dataslatitudes.com\/sosuniversal\/hu\/#website","url":"https:\/\/www.dataslatitudes.com\/sosuniversal\/hu\/","name":"SOS Universal","description":"","publisher":{"@id":"https:\/\/www.dataslatitudes.com\/sosuniversal\/hu\/#organization"},"potentialAction":[{"@type":"SearchAction","target":{"@type":"EntryPoint","urlTemplate":"https:\/\/www.dataslatitudes.com\/sosuniversal\/hu\/?s={search_term_string}"},"query-input":{"@type":"PropertyValueSpecification","valueRequired":true,"valueName":"search_term_string"}}],"inLanguage":"hu"},{"@type":"Organization","@id":"https:\/\/www.dataslatitudes.com\/sosuniversal\/hu\/#organization","name":"DATASLATITUDES","url":"https:\/\/www.dataslatitudes.com\/sosuniversal\/hu\/","logo":{"@type":"ImageObject","inLanguage":"hu","@id":"https:\/\/www.dataslatitudes.com\/sosuniversal\/hu\/#\/schema\/logo\/image\/","url":"https:\/\/www.dataslatitudes.com\/sosuniversal\/wp-content\/uploads\/2025\/07\/logo_mrdv.png","contentUrl":"https:\/\/www.dataslatitudes.com\/sosuniversal\/wp-content\/uploads\/2025\/07\/logo_mrdv.png","width":72,"height":72,"caption":"DATASLATITUDES"},"image":{"@id":"https:\/\/www.dataslatitudes.com\/sosuniversal\/hu\/#\/schema\/logo\/image\/"}}]}},"_links":{"self":[{"href":"https:\/\/www.dataslatitudes.com\/sosuniversal\/hu\/wp-json\/wp\/v2\/pages\/246","targetHints":{"allow":["GET"]}}],"collection":[{"href":"https:\/\/www.dataslatitudes.com\/sosuniversal\/hu\/wp-json\/wp\/v2\/pages"}],"about":[{"href":"https:\/\/www.dataslatitudes.com\/sosuniversal\/hu\/wp-json\/wp\/v2\/types\/page"}],"author":[{"embeddable":true,"href":"https:\/\/www.dataslatitudes.com\/sosuniversal\/hu\/wp-json\/wp\/v2\/users\/1"}],"replies":[{"embeddable":true,"href":"https:\/\/www.dataslatitudes.com\/sosuniversal\/hu\/wp-json\/wp\/v2\/comments?post=246"}],"version-history":[{"count":24,"href":"https:\/\/www.dataslatitudes.com\/sosuniversal\/hu\/wp-json\/wp\/v2\/pages\/246\/revisions"}],"predecessor-version":[{"id":1054,"href":"https:\/\/www.dataslatitudes.com\/sosuniversal\/hu\/wp-json\/wp\/v2\/pages\/246\/revisions\/1054"}],"up":[{"embeddable":true,"href":"https:\/\/www.dataslatitudes.com\/sosuniversal\/hu\/wp-json\/wp\/v2\/pages\/14"}],"wp:attachment":[{"href":"https:\/\/www.dataslatitudes.com\/sosuniversal\/hu\/wp-json\/wp\/v2\/media?parent=246"}],"curies":[{"name":"wp","href":"https:\/\/api.w.org\/{rel}","templated":true}]}}