{"id":187,"date":"2025-06-12T17:37:24","date_gmt":"2025-06-12T17:37:24","guid":{"rendered":"https:\/\/www.dataslatitudes.com\/sosuniversal\/index.php\/mode-demploi\/"},"modified":"2025-07-21T15:59:54","modified_gmt":"2025-07-21T15:59:54","slug":"mode-emploi-contact","status":"publish","type":"page","link":"https:\/\/www.dataslatitudes.com\/sosuniversal\/hu\/ecran-principal\/mode-emploi-contact\/","title":{"rendered":"Kapcsolatok kezel\u00e9se"},"content":{"rendered":"\r\n<p class=\"has-small-font-size\" style=\"border-style:none;border-width:0px\"><\/p>\r\n\r\n\r\n\r\n<h1 class=\"wp-block-heading has-text-align-center has-medium-font-size\"><strong>KAPCSOLATOK KEZEL\u00c9SE<\/strong><\/h1>\r\n\r\n\r\n\r\n<p style=\"font-size:1rem\">A kapcsolatok az \u00d6n \u00e1ltal v\u00e1lasztott megb\u00edzhat\u00f3 szem\u00e9lyek, akiket riaszt\u00e1s ind\u00edt\u00e1sakor \u00e9rtes\u00edtenek vagy felk\u00e9rnek (telefonh\u00edv\u00e1ssal vagy SMS-ben).<\/p>\r\n\r\n\r\n\r\n<div class=\"wp-block-columns are-vertically-aligned-center is-layout-flex wp-container-core-columns-is-layout-c0b51a3c wp-block-columns-is-layout-flex\" style=\"margin-top:0;margin-bottom:0;padding-top:0;padding-bottom:0\">\r\n<div class=\"wp-block-column is-vertically-aligned-center is-layout-flow wp-block-column-is-layout-flow\" style=\"flex-basis:33.33%\">\r\n<figure class=\"wp-block-image aligncenter size-large is-resized\"><img decoding=\"async\" src=\"http:\/\/www.dataslatitudes.com\/sosuniversal\/wp-content\/uploads\/hu_contact_gestion_puce-459x1024.webp\" alt=\"SOS Universal - kapcsolatok kezel\u00e9se\" class=\"wp-image-265\" style=\"width:260px\"\/><\/figure>\r\n<\/div>\r\n\r\n\r\n\r\n<div class=\"wp-block-column is-vertically-aligned-center is-layout-flow wp-container-core-column-is-layout-b2a27621 wp-block-column-is-layout-flow\" style=\"padding-top:0;padding-right:0;padding-bottom:0;padding-left:0;flex-basis:66.66%\">\r\n<p style=\"margin-top:var(--wp--preset--spacing--20);margin-bottom:var(--wp--preset--spacing--20);font-size:1rem\">(1) Hozz\u00e1f\u00e9r\u00e9s az \u00e1ltal\u00e1nos men\u00fch\u00f6z<\/p>\r\n\r\n\r\n\r\n<p style=\"margin-top:var(--wp--preset--spacing--20);margin-bottom:var(--wp--preset--spacing--20);font-size:1rem\">(2) R\u00f6gz\u00edtett kapcsolatok list\u00e1ja:<br>&#8211; egy n\u00e9v (egyszer\u0171 kattint\u00e1ssal) \u00e1th\u00fazva, hogy \u00e1tmenetileg inakt\u00edv legyen (p\u00e9lda: Jean Dupond). Egy m\u00e1sodik kattint\u00e1s \u00fajra aktiv\u00e1lja.<br>&#8211; a z\u00f6ld piktogram (i) azt jelzi, hogy a kapcsolatot t\u00e1j\u00e9koztatt\u00e1k arr\u00f3l, hogy riaszt\u00e1s eset\u00e9n megkereshetik.<br>&#8211; a piros piktogram (x) azt jelzi, hogy a kapcsolat m\u00e9g nem lett \u00e9rtes\u00edtve.<\/p>\r\n\r\n\r\n\r\n<p style=\"margin-top:var(--wp--preset--spacing--20);margin-bottom:var(--wp--preset--spacing--20);font-size:1rem;text-decoration:underline\">Megjegyz\u00e9s: ahhoz, hogy egy kapcsolat riaszt\u00e1s eset\u00e9n haszn\u00e1lhat\u00f3 legyen, akt\u00edvnak kell lennie \u00c9S t\u00e1j\u00e9koztatva kell lennie.<\/p>\r\n\r\n\r\n\r\n<p style=\"margin-top:var(--wp--preset--spacing--20);margin-bottom:var(--wp--preset--spacing--20);font-size:1rem\">(9) Az akt\u00edv kapcsolatok sz\u00e1m\u00e1nak \u00f6sszefoglal\u00f3ja a k\u00e9perny\u0151 alj\u00e1n tal\u00e1lhat\u00f3.<\/p>\r\n\r\n\r\n\r\n<p style=\"padding-top:0;padding-bottom:0;font-size:1rem\">(7) Kapcsolat t\u00f6rl\u00e9se<br>(8) Kapcsolat m\u00f3dos\u00edt\u00e1sa<\/p>\r\n<\/div>\r\n<\/div>\r\n\r\n\r\n\r\n<p class=\"has-small-font-size\"><\/p>\r\n\r\n\r\n\r\n<div class=\"wp-block-columns is-layout-flex wp-container-core-columns-is-layout-ea9f20df wp-block-columns-is-layout-flex\" style=\"margin-top:0;margin-bottom:0;padding-top:var(--wp--preset--spacing--30);padding-right:0;padding-bottom:var(--wp--preset--spacing--30);padding-left:0\">\r\n<div class=\"wp-block-column is-vertically-aligned-top is-layout-flow wp-block-column-is-layout-flow\" style=\"padding-top:0;padding-bottom:0\">\r\n<h2 class=\"wp-block-heading has-text-align-center\" style=\"margin-top:0;margin-bottom:0;font-size:1rem\">(3)(8) Hozz\u00e1ad\u00e1s \/ M\u00f3dos\u00edt\u00e1s<\/h2>\r\n\r\n\r\n\r\n<figure class=\"wp-block-image aligncenter size-large is-resized\" style=\"margin-top:0;margin-bottom:0\"><img decoding=\"async\" src=\"http:\/\/www.dataslatitudes.com\/sosuniversal\/wp-content\/uploads\/hu_contact_ajout_modification-459x1024.webp\" alt=\"SOS Universal - n\u00e9vjegy hozz\u00e1ad\u00e1sa vagy m\u00f3dos\u00edt\u00e1sa\" class=\"wp-image-761\" style=\"width:260px\"\/><\/figure>\r\n\r\n\r\n\r\n<p class=\"has-text-align-center\" style=\"margin-top:0;margin-bottom:0;font-size:1rem\">Az esetleges szem\u00e9lyre szabott \u00fczenet fel\u00fcl\u00edrja a szabv\u00e1nyos SMS \u00fczenetet.<br><strong>NB: <\/strong>Sz\u00e1mos orsz\u00e1gban \u00e9rv\u00e9nyes szab\u00e1lyoz\u00e1snak val\u00f3 megfelel\u00e9s \u00e9rdek\u00e9ben a hivatalos seg\u00e9lyh\u00edv\u00f3 sz\u00e1mok (pl. 17, 18, 112, 911 stb.) tilosak.<br>A d\u00e1tum \u00c9\u00c9\u00c9\u00c9-HH-NN form\u00e1tumban (ISO 8601 nemzetk\u00f6zi szabv\u00e1ny) van kifejezve.<\/p>\r\n\r\n\r\n\r\n<p style=\"margin-top:var(--wp--preset--spacing--40);margin-bottom:var(--wp--preset--spacing--40)\"><\/p>\r\n<\/div>\r\n\r\n\r\n\r\n<div class=\"wp-block-column is-vertically-aligned-top is-layout-flow wp-container-core-column-is-layout-15d35364 wp-block-column-is-layout-flow\" style=\"padding-top:0;padding-bottom:0\">\r\n<h2 class=\"wp-block-heading has-text-align-center\" style=\"margin-top:0;margin-bottom:0;font-size:1rem\">(4) Hozz\u00e1ad\u00e1s az okostelefon n\u00e9vjegyei k\u00f6z\u00fcl<\/h2>\r\n\r\n\r\n\r\n<figure class=\"wp-block-image aligncenter size-large is-resized\" style=\"margin-top:0;margin-bottom:0\"><img decoding=\"async\" src=\"http:\/\/www.dataslatitudes.com\/sosuniversal\/wp-content\/uploads\/hu_contact_ajout_smartphone-459x1024.webp\" alt=\"SOS Universal - n\u00e9vjegy hozz\u00e1ad\u00e1sa a c\u00edmjegyz\u00e9kb\u0151l\" class=\"wp-image-697\" style=\"width:260px\"\/><\/figure>\r\n\r\n\r\n\r\n<p class=\"has-text-align-center\" style=\"margin-top:0;margin-bottom:0;font-size:1rem\">Lehet\u0151s\u00e9g van keres\u00e9st v\u00e9gezni az okostelefon n\u00e9vjegyei k\u00f6z\u00f6tt.<\/p>\r\n\r\n\r\n\r\n<p style=\"margin-top:var(--wp--preset--spacing--40);margin-bottom:var(--wp--preset--spacing--40)\"><\/p>\r\n<\/div>\r\n\r\n\r\n\r\n<div class=\"wp-block-column is-vertically-aligned-top is-layout-flow wp-container-core-column-is-layout-47e5a185 wp-block-column-is-layout-flow\">\r\n<h2 class=\"wp-block-heading has-text-align-center\" style=\"margin-top:0;margin-bottom:0;font-size:1rem\">(5) Kapcsolatok prioritiz\u00e1l\u00e1sa<\/h2>\r\n\r\n\r\n\r\n<figure class=\"wp-block-image aligncenter size-large is-resized\" style=\"margin-top:0;margin-bottom:0\"><img decoding=\"async\" src=\"http:\/\/www.dataslatitudes.com\/sosuniversal\/wp-content\/uploads\/hu_contact_priorisation-459x1024.webp\" alt=\"SOS Universal - kapcsolatok prioritiz\u00e1l\u00e1sa\" class=\"wp-image-275\" style=\"width:260px\"\/><\/figure>\r\n\r\n\r\n\r\n<p class=\"has-text-align-center\" style=\"font-size:1rem\">A kapcsolatok h\u00faz\u00e1ssal \/ mozgat\u00e1ssal prioritiz\u00e1lhat\u00f3k.<\/p>\r\n\r\n\r\n\r\n<p style=\"margin-top:var(--wp--preset--spacing--30);margin-bottom:var(--wp--preset--spacing--30)\"><\/p>\r\n<\/div>\r\n\r\n\r\n\r\n<div class=\"wp-block-column is-layout-flow wp-container-core-column-is-layout-47e5a185 wp-block-column-is-layout-flow\">\r\n<h2 class=\"wp-block-heading has-text-align-center\" style=\"margin-top:0;margin-bottom:0;font-size:1rem\">(6) T\u00e1j\u00e9koztat\u00e1s<\/h2>\r\n\r\n\r\n\r\n<figure class=\"wp-block-image aligncenter size-large is-resized\" style=\"margin-top:0;margin-bottom:0\"><img decoding=\"async\" src=\"http:\/\/www.dataslatitudes.com\/sosuniversal\/wp-content\/uploads\/hu_contact_information-459x1024.webp\" alt=\"SOS Universal - kapcsolatok t\u00e1j\u00e9koztat\u00e1sa\" class=\"wp-image-274\" style=\"width:260px\"\/><\/figure>\r\n\r\n\r\n\r\n<p class=\"has-text-align-center\" style=\"font-size:1rem\">A kieg\u00e9sz\u00edt\u0151 \u00fczenet k\u00f6telez\u0151<\/p>\r\n\r\n\r\n\r\n<p style=\"margin-top:var(--wp--preset--spacing--40);margin-bottom:var(--wp--preset--spacing--40)\"><\/p>\r\n<\/div>\r\n<\/div>\r\n","protected":false},"excerpt":{"rendered":"<p>KAPCSOLATOK KEZEL\u00c9SE A kapcsolatok az \u00d6n \u00e1ltal v\u00e1lasztott megb\u00edzhat\u00f3 szem\u00e9lyek, akiket riaszt\u00e1s ind\u00edt\u00e1sakor \u00e9rtes\u00edtenek vagy felk\u00e9rnek (telefonh\u00edv\u00e1ssal vagy SMS-ben). (1) [&hellip;]<\/p>\n","protected":false},"author":1,"featured_media":0,"parent":14,"menu_order":1,"comment_status":"closed","ping_status":"closed","template":"","meta":{"site-sidebar-layout":"default","site-content-layout":"","ast-site-content-layout":"","site-content-style":"default","site-sidebar-style":"default","ast-global-header-display":"","ast-banner-title-visibility":"","ast-main-header-display":"","ast-hfb-above-header-display":"","ast-hfb-below-header-display":"","ast-hfb-mobile-header-display":"","site-post-title":"disabled","ast-breadcrumbs-content":"","ast-featured-img":"","footer-sml-layout":"","theme-transparent-header-meta":"","adv-header-id-meta":"","stick-header-meta":"","header-above-stick-meta":"","header-main-stick-meta":"","header-below-stick-meta":"","astra-migrate-meta-layouts":"default","ast-page-background-enabled":"default","ast-page-background-meta":{"desktop":{"background-color":"var(--ast-global-color-5)","background-image":"","background-repeat":"repeat","background-position":"center center","background-size":"auto","background-attachment":"scroll","background-type":"","background-media":"","overlay-type":"","overlay-color":"","overlay-opacity":"","overlay-gradient":""},"tablet":{"background-color":"","background-image":"","background-repeat":"repeat","background-position":"center center","background-size":"auto","background-attachment":"scroll","background-type":"","background-media":"","overlay-type":"","overlay-color":"","overlay-opacity":"","overlay-gradient":""},"mobile":{"background-color":"","background-image":"","background-repeat":"repeat","background-position":"center center","background-size":"auto","background-attachment":"scroll","background-type":"","background-media":"","overlay-type":"","overlay-color":"","overlay-opacity":"","overlay-gradient":""}},"ast-content-background-meta":{"desktop":{"background-color":"var(--ast-global-color-4)","background-image":"","background-repeat":"repeat","background-position":"center center","background-size":"auto","background-attachment":"scroll","background-type":"","background-media":"","overlay-type":"","overlay-color":"","overlay-opacity":"","overlay-gradient":""},"tablet":{"background-color":"var(--ast-global-color-4)","background-image":"","background-repeat":"repeat","background-position":"center center","background-size":"auto","background-attachment":"scroll","background-type":"","background-media":"","overlay-type":"","overlay-color":"","overlay-opacity":"","overlay-gradient":""},"mobile":{"background-color":"var(--ast-global-color-4)","background-image":"","background-repeat":"repeat","background-position":"center center","background-size":"auto","background-attachment":"scroll","background-type":"","background-media":"","overlay-type":"","overlay-color":"","overlay-opacity":"","overlay-gradient":""}},"footnotes":""},"class_list":["post-187","page","type-page","status-publish","hentry"],"yoast_head":"<!-- This site is optimized with the Yoast SEO plugin v25.6 - https:\/\/yoast.com\/wordpress\/plugins\/seo\/ -->\n<title>Kapcsolatok kezel\u00e9se<\/title>\n<meta name=\"description\" content=\"A kapcsolatok az \u00d6n \u00e1ltal v\u00e1lasztott megb\u00edzhat\u00f3 szem\u00e9lyek, akiket riaszt\u00e1s ind\u00edt\u00e1sakor \u00e9rtes\u00edtenek vagy felk\u00e9rnek (telefonh\u00edv\u00e1ssal vagy SMS-ben). Lehet\u0151s\u00e9g van az okostelefon n\u00e9vjegyz\u00e9k\u00e9b\u0151l val\u00f3 lek\u00e9r\u00e9sre. A kapcsolatok prioritiz\u00e1lhat\u00f3k \u00e9s \u00e9rtes\u00edt\u00e9sre ker\u00fclnek. Egy kapcsolat ideiglenesen letilthat\u00f3.\" \/>\n<meta name=\"robots\" content=\"index, follow, max-snippet:-1, max-image-preview:large, max-video-preview:-1\" \/>\n<link rel=\"canonical\" href=\"\" \/>\n<meta property=\"og:locale\" content=\"hu_HU\" \/>\n<meta property=\"og:type\" content=\"article\" \/>\n<meta property=\"og:title\" content=\"Kapcsolatok kezel\u00e9se\" \/>\n<meta property=\"og:description\" content=\"A kapcsolatok az \u00d6n \u00e1ltal v\u00e1lasztott megb\u00edzhat\u00f3 szem\u00e9lyek, akiket riaszt\u00e1s ind\u00edt\u00e1sakor \u00e9rtes\u00edtenek vagy felk\u00e9rnek (telefonh\u00edv\u00e1ssal vagy SMS-ben). Lehet\u0151s\u00e9g van az okostelefon n\u00e9vjegyz\u00e9k\u00e9b\u0151l val\u00f3 lek\u00e9r\u00e9sre. A kapcsolatok prioritiz\u00e1lhat\u00f3k \u00e9s \u00e9rtes\u00edt\u00e9sre ker\u00fclnek. Egy kapcsolat ideiglenesen letilthat\u00f3.\" \/>\n<meta property=\"og:url\" content=\"https:\/\/www.dataslatitudes.com\/sosuniversal\/hu\/ecran-principal\/mode-emploi-contact\/\" \/>\n<meta property=\"og:site_name\" content=\"SOS Universal\" \/>\n<meta property=\"article:modified_time\" content=\"2025-07-21T15:59:54+00:00\" \/>\n<meta name=\"twitter:card\" content=\"summary_large_image\" \/>\n<meta name=\"twitter:label1\" content=\"Becs\u00fclt olvas\u00e1si id\u0151\" \/>\n\t<meta name=\"twitter:data1\" content=\"3 perc\" \/>\n<script type=\"application\/ld+json\" class=\"yoast-schema-graph\">{\"@context\":\"https:\/\/schema.org\",\"@graph\":[{\"@type\":\"WebPage\",\"@id\":\"https:\/\/www.dataslatitudes.com\/sosuniversal\/hu\/ecran-principal\/mode-emploi-contact\/\",\"url\":\"https:\/\/www.dataslatitudes.com\/sosuniversal\/hu\/ecran-principal\/mode-emploi-contact\/\",\"name\":\"Gestion des contacts - SOS Universal\",\"isPartOf\":{\"@id\":\"https:\/\/www.dataslatitudes.com\/sosuniversal\/#website\"},\"primaryImageOfPage\":{\"@id\":\"https:\/\/www.dataslatitudes.com\/sosuniversal\/hu\/ecran-principal\/mode-emploi-contact\/#primaryimage\"},\"image\":{\"@id\":\"https:\/\/www.dataslatitudes.com\/sosuniversal\/hu\/ecran-principal\/mode-emploi-contact\/#primaryimage\"},\"thumbnailUrl\":\"http:\/\/www.dataslatitudes.com\/sosuniversal\/wp-content\/uploads\/2025\/07\/fr_contact_gestion_puce-459x1024.webp\",\"datePublished\":\"2025-06-12T17:37:24+00:00\",\"dateModified\":\"2025-07-21T15:59:54+00:00\",\"description\":\"Les contacts sont les personnes de confiance de votre choix qui sont pr\u00e9venues ou sollicit\u00e9es (par appel t\u00e9l\u00e9phonique ou par SMS) lorsqu\u2019une alerte est d\u00e9clench\u00e9e. Il est possible de r\u00e9cup\u00e9rer ceux du carnet d'adresses du smartphone. Les contacts peuvent \u00eatre prioris\u00e9s et ils sont inform\u00e9s. Un contact peut \u00eatre d\u00e9sactiv\u00e9 momentan\u00e9ment.\",\"breadcrumb\":{\"@id\":\"https:\/\/www.dataslatitudes.com\/sosuniversal\/hu\/ecran-principal\/mode-emploi-contact\/#breadcrumb\"},\"inLanguage\":\"hu\",\"potentialAction\":[{\"@type\":\"ReadAction\",\"target\":[\"https:\/\/www.dataslatitudes.com\/sosuniversal\/hu\/ecran-principal\/mode-emploi-contact\/\"]}]},{\"@type\":\"ImageObject\",\"inLanguage\":\"hu\",\"@id\":\"https:\/\/www.dataslatitudes.com\/sosuniversal\/hu\/ecran-principal\/mode-emploi-contact\/#primaryimage\",\"url\":\"http:\/\/www.dataslatitudes.com\/sosuniversal\/wp-content\/uploads\/2025\/07\/fr_contact_gestion_puce-459x1024.webp\",\"contentUrl\":\"http:\/\/www.dataslatitudes.com\/sosuniversal\/wp-content\/uploads\/2025\/07\/fr_contact_gestion_puce-459x1024.webp\"},{\"@type\":\"BreadcrumbList\",\"@id\":\"https:\/\/www.dataslatitudes.com\/sosuniversal\/hu\/ecran-principal\/mode-emploi-contact\/#breadcrumb\",\"itemListElement\":[{\"@type\":\"ListItem\",\"position\":1,\"name\":\"Bemutat\u00e1s\",\"item\":\"https:\/\/www.dataslatitudes.com\/sosuniversal\/fr\/\"},{\"@type\":\"ListItem\",\"position\":2,\"name\":\"F\u0151k\u00e9perny\u0151\",\"item\":\"https:\/\/www.dataslatitudes.com\/sosuniversal\/ecran-principal\/\"},{\"@type\":\"ListItem\",\"position\":3,\"name\":\"Kapcsolatok kezel\u00e9se\"}]},{\"@type\":\"WebSite\",\"@id\":\"https:\/\/www.dataslatitudes.com\/sosuniversal\/hu\/#website\",\"url\":\"https:\/\/www.dataslatitudes.com\/sosuniversal\/hu\/\",\"name\":\"SOS Universal\",\"description\":\"\",\"publisher\":{\"@id\":\"https:\/\/www.dataslatitudes.com\/sosuniversal\/hu\/#organization\"},\"potentialAction\":[{\"@type\":\"SearchAction\",\"target\":{\"@type\":\"EntryPoint\",\"urlTemplate\":\"https:\/\/www.dataslatitudes.com\/sosuniversal\/hu\/?s={search_term_string}\"},\"query-input\":{\"@type\":\"PropertyValueSpecification\",\"valueRequired\":true,\"valueName\":\"search_term_string\"}}],\"inLanguage\":\"hu\"},{\"@type\":\"Organization\",\"@id\":\"https:\/\/www.dataslatitudes.com\/sosuniversal\/hu\/#organization\",\"name\":\"DATASLATITUDES\",\"url\":\"https:\/\/www.dataslatitudes.com\/sosuniversal\/hu\/\",\"logo\":{\"@type\":\"ImageObject\",\"inLanguage\":\"hu\",\"@id\":\"https:\/\/www.dataslatitudes.com\/sosuniversal\/hu\/#\/schema\/logo\/image\/\",\"url\":\"https:\/\/www.dataslatitudes.com\/sosuniversal\/wp-content\/uploads\/2025\/07\/logo_mrdv.png\",\"contentUrl\":\"https:\/\/www.dataslatitudes.com\/sosuniversal\/wp-content\/uploads\/2025\/07\/logo_mrdv.png\",\"width\":72,\"height\":72,\"caption\":\"DATASLATITUDES\"},\"image\":{\"@id\":\"https:\/\/www.dataslatitudes.com\/sosuniversal\/hu\/#\/schema\/logo\/image\/\"}}]}<\/script>\n<!-- \/ Yoast SEO plugin. -->","yoast_head_json":{"title":"Kapcsolatok kezel\u00e9se","description":"A kapcsolatok az \u00d6n \u00e1ltal v\u00e1lasztott megb\u00edzhat\u00f3 szem\u00e9lyek, akiket riaszt\u00e1s ind\u00edt\u00e1sakor \u00e9rtes\u00edtenek vagy felk\u00e9rnek (telefonh\u00edv\u00e1ssal vagy SMS-ben). Lehet\u0151s\u00e9g van az okostelefon n\u00e9vjegyz\u00e9k\u00e9b\u0151l val\u00f3 lek\u00e9r\u00e9sre. A kapcsolatok prioritiz\u00e1lhat\u00f3k \u00e9s \u00e9rtes\u00edt\u00e9sre ker\u00fclnek. Egy kapcsolat ideiglenesen letilthat\u00f3.","robots":{"index":"index","follow":"follow","max-snippet":"max-snippet:-1","max-image-preview":"max-image-preview:large","max-video-preview":"max-video-preview:-1"},"canonical":"KAPCSOLATOK KEZEL\u00c9SE A kapcsolatok az \u00d6n \u00e1ltal v\u00e1lasztott megb\u00edzhat\u00f3 szem\u00e9lyek, akiket riaszt\u00e1s ind\u00edt\u00e1sakor \u00e9rtes\u00edtenek vagy felk\u00e9rnek (telefonh\u00edv\u00e1ssal vagy SMS-ben). (1) Hozz\u00e1f\u00e9r\u00e9s az \u00e1ltal\u00e1nos men\u00fch\u00f6z (2) R\u00f6gz\u00edtett kapcsolatok list\u00e1ja:- egy n\u00e9v (egyszer\u0171 kattint\u00e1ssal) \u00e1th\u00fazva, hogy \u00e1tmenetileg inakt\u00edv legyen (p\u00e9lda: Jean Dupond). Egy m\u00e1sodik kattint\u00e1s \u00fajra aktiv\u00e1lja.- a z\u00f6ld piktogram (i) azt jelzi, hogy a kapcsolatot t\u00e1j\u00e9koztatt\u00e1k&hellip;","og_locale":"hu_HU","og_type":"article","og_title":"Kapcsolatok kezel\u00e9se","og_description":"A kapcsolatok az \u00d6n \u00e1ltal v\u00e1lasztott megb\u00edzhat\u00f3 szem\u00e9lyek, akiket riaszt\u00e1s ind\u00edt\u00e1sakor \u00e9rtes\u00edtenek vagy felk\u00e9rnek (telefonh\u00edv\u00e1ssal vagy SMS-ben). Lehet\u0151s\u00e9g van az okostelefon n\u00e9vjegyz\u00e9k\u00e9b\u0151l val\u00f3 lek\u00e9r\u00e9sre. A kapcsolatok prioritiz\u00e1lhat\u00f3k \u00e9s \u00e9rtes\u00edt\u00e9sre ker\u00fclnek. Egy kapcsolat ideiglenesen letilthat\u00f3.","og_url":"https:\/\/www.dataslatitudes.com\/sosuniversal\/hu\/ecran-principal\/mode-emploi-contact\/","og_site_name":"SOS Universal","article_modified_time":"2025-07-21T15:59:54+00:00","twitter_card":"summary_large_image","twitter_misc":{"Becs\u00fclt olvas\u00e1si id\u0151":"3 perc"},"schema":{"@context":"https:\/\/schema.org","@graph":[{"@type":"WebPage","@id":"https:\/\/www.dataslatitudes.com\/sosuniversal\/hu\/ecran-principal\/mode-emploi-contact\/","url":"https:\/\/www.dataslatitudes.com\/sosuniversal\/hu\/ecran-principal\/mode-emploi-contact\/","name":"Gestion des contacts - SOS Universal","isPartOf":{"@id":"https:\/\/www.dataslatitudes.com\/sosuniversal\/#website"},"primaryImageOfPage":{"@id":"https:\/\/www.dataslatitudes.com\/sosuniversal\/hu\/ecran-principal\/mode-emploi-contact\/#primaryimage"},"image":{"@id":"https:\/\/www.dataslatitudes.com\/sosuniversal\/hu\/ecran-principal\/mode-emploi-contact\/#primaryimage"},"thumbnailUrl":"http:\/\/www.dataslatitudes.com\/sosuniversal\/wp-content\/uploads\/2025\/07\/fr_contact_gestion_puce-459x1024.webp","datePublished":"2025-06-12T17:37:24+00:00","dateModified":"2025-07-21T15:59:54+00:00","description":"Les contacts sont les personnes de confiance de votre choix qui sont pr\u00e9venues ou sollicit\u00e9es (par appel t\u00e9l\u00e9phonique ou par SMS) lorsqu\u2019une alerte est d\u00e9clench\u00e9e. Il est possible de r\u00e9cup\u00e9rer ceux du carnet d'adresses du smartphone. Les contacts peuvent \u00eatre prioris\u00e9s et ils sont inform\u00e9s. Un contact peut \u00eatre d\u00e9sactiv\u00e9 momentan\u00e9ment.","breadcrumb":{"@id":"https:\/\/www.dataslatitudes.com\/sosuniversal\/hu\/ecran-principal\/mode-emploi-contact\/#breadcrumb"},"inLanguage":"hu","potentialAction":[{"@type":"ReadAction","target":["https:\/\/www.dataslatitudes.com\/sosuniversal\/hu\/ecran-principal\/mode-emploi-contact\/"]}]},{"@type":"ImageObject","inLanguage":"hu","@id":"https:\/\/www.dataslatitudes.com\/sosuniversal\/hu\/ecran-principal\/mode-emploi-contact\/#primaryimage","url":"http:\/\/www.dataslatitudes.com\/sosuniversal\/wp-content\/uploads\/2025\/07\/fr_contact_gestion_puce-459x1024.webp","contentUrl":"http:\/\/www.dataslatitudes.com\/sosuniversal\/wp-content\/uploads\/2025\/07\/fr_contact_gestion_puce-459x1024.webp"},{"@type":"BreadcrumbList","@id":"https:\/\/www.dataslatitudes.com\/sosuniversal\/hu\/ecran-principal\/mode-emploi-contact\/#breadcrumb","itemListElement":[{"@type":"ListItem","position":1,"name":"Bemutat\u00e1s","item":"https:\/\/www.dataslatitudes.com\/sosuniversal\/fr\/"},{"@type":"ListItem","position":2,"name":"F\u0151k\u00e9perny\u0151","item":"https:\/\/www.dataslatitudes.com\/sosuniversal\/ecran-principal\/"},{"@type":"ListItem","position":3,"name":"Kapcsolatok kezel\u00e9se"}]},{"@type":"WebSite","@id":"https:\/\/www.dataslatitudes.com\/sosuniversal\/hu\/#website","url":"https:\/\/www.dataslatitudes.com\/sosuniversal\/hu\/","name":"SOS Universal","description":"","publisher":{"@id":"https:\/\/www.dataslatitudes.com\/sosuniversal\/hu\/#organization"},"potentialAction":[{"@type":"SearchAction","target":{"@type":"EntryPoint","urlTemplate":"https:\/\/www.dataslatitudes.com\/sosuniversal\/hu\/?s={search_term_string}"},"query-input":{"@type":"PropertyValueSpecification","valueRequired":true,"valueName":"search_term_string"}}],"inLanguage":"hu"},{"@type":"Organization","@id":"https:\/\/www.dataslatitudes.com\/sosuniversal\/hu\/#organization","name":"DATASLATITUDES","url":"https:\/\/www.dataslatitudes.com\/sosuniversal\/hu\/","logo":{"@type":"ImageObject","inLanguage":"hu","@id":"https:\/\/www.dataslatitudes.com\/sosuniversal\/hu\/#\/schema\/logo\/image\/","url":"https:\/\/www.dataslatitudes.com\/sosuniversal\/wp-content\/uploads\/2025\/07\/logo_mrdv.png","contentUrl":"https:\/\/www.dataslatitudes.com\/sosuniversal\/wp-content\/uploads\/2025\/07\/logo_mrdv.png","width":72,"height":72,"caption":"DATASLATITUDES"},"image":{"@id":"https:\/\/www.dataslatitudes.com\/sosuniversal\/hu\/#\/schema\/logo\/image\/"}}]}},"_links":{"self":[{"href":"https:\/\/www.dataslatitudes.com\/sosuniversal\/hu\/wp-json\/wp\/v2\/pages\/187","targetHints":{"allow":["GET"]}}],"collection":[{"href":"https:\/\/www.dataslatitudes.com\/sosuniversal\/hu\/wp-json\/wp\/v2\/pages"}],"about":[{"href":"https:\/\/www.dataslatitudes.com\/sosuniversal\/hu\/wp-json\/wp\/v2\/types\/page"}],"author":[{"embeddable":true,"href":"https:\/\/www.dataslatitudes.com\/sosuniversal\/hu\/wp-json\/wp\/v2\/users\/1"}],"replies":[{"embeddable":true,"href":"https:\/\/www.dataslatitudes.com\/sosuniversal\/hu\/wp-json\/wp\/v2\/comments?post=187"}],"version-history":[{"count":47,"href":"https:\/\/www.dataslatitudes.com\/sosuniversal\/hu\/wp-json\/wp\/v2\/pages\/187\/revisions"}],"predecessor-version":[{"id":1050,"href":"https:\/\/www.dataslatitudes.com\/sosuniversal\/hu\/wp-json\/wp\/v2\/pages\/187\/revisions\/1050"}],"up":[{"embeddable":true,"href":"https:\/\/www.dataslatitudes.com\/sosuniversal\/hu\/wp-json\/wp\/v2\/pages\/14"}],"wp:attachment":[{"href":"https:\/\/www.dataslatitudes.com\/sosuniversal\/hu\/wp-json\/wp\/v2\/media?parent=187"}],"curies":[{"name":"wp","href":"https:\/\/api.w.org\/{rel}","templated":true}]}}