{"id":185,"date":"2025-06-12T17:24:48","date_gmt":"2025-06-12T17:24:48","guid":{"rendered":"https:\/\/www.dataslatitudes.com\/sosuniversal\/index.php\/politique-de-confidentialite\/"},"modified":"2025-08-14T10:02:03","modified_gmt":"2025-08-14T10:02:03","slug":"mentions-legales","status":"publish","type":"page","link":"https:\/\/www.dataslatitudes.com\/sosuniversal\/hu\/mentions-legales\/","title":{"rendered":"Jogi nyilatkozat"},"content":{"rendered":"\r\n<p class=\"has-small-font-size\"><\/p>\r\n\r\n\r\n\r\n<h1 class=\"wp-block-heading has-text-align-center has-medium-font-size\"><strong>JOGI NYILATKOZAT<\/strong><\/h1>\r\n\r\n\r\n\r\n<h2 class=\"wp-block-heading has-background\" style=\"background-color:#f9f3eb;margin-top:var(--wp--preset--spacing--20);margin-bottom:var(--wp--preset--spacing--20);padding-top:var(--wp--preset--spacing--30);padding-bottom:var(--wp--preset--spacing--30);font-size:1.2rem\">1. Az alkalmaz\u00e1s kiad\u00f3j\u00e1r\u00f3l sz\u00f3l\u00f3 inform\u00e1ci\u00f3k<\/h2>\r\n\r\n\r\n\r\n<p style=\"margin-top:0;margin-bottom:0;font-size:1rem\">A jelen weboldalt \u00e9s az SOS Universal mobilalkalmaz\u00e1st a DATASLATITUDES v\u00e1llalat adja ki.<\/p>\r\n\r\n\r\n\r\n<p style=\"font-size:1rem\">Seg\u00edts\u00e9get k\u00e9rhet a k\u00f6vetkez\u0151 e-mail c\u00edmen: <strong>hotline.sos_universal@dataslatitudes.com<\/strong><\/p>\r\n\r\n\r\n\r\n<h2 class=\"wp-block-heading has-background\" style=\"background-color:#f9f3eb;margin-top:var(--wp--preset--spacing--20);margin-bottom:var(--wp--preset--spacing--20);padding-top:var(--wp--preset--spacing--30);padding-bottom:var(--wp--preset--spacing--30);font-size:1.2rem\">2. T\u00e1rhely<\/h2>\r\n\r\n\r\n\r\n<p style=\"margin-top:0;margin-bottom:0\">Az SOS Universal egy mobilalkalmaz\u00e1s, amelyet let\u00f6lt\u00e9si platformokon (Google Play Store \u00e9s hamarosan App Store) kereszt\u00fcl terjesztenek. K\u00fcl\u00f6n megjegyzend\u0151, hogy a felhaszn\u00e1l\u00f3i adatok kiz\u00e1r\u00f3lag helyben, a saj\u00e1t eszk\u00f6z\u00e9n t\u00e1rol\u00f3dnak.<\/p>\r\n\r\n\r\n\r\n<p style=\"margin-top:0;margin-bottom:0;padding-top:0;padding-bottom:0\">A disztrib\u00faci\u00f3s platformok szerverei t\u00e1rolj\u00e1k az alkalmaz\u00e1s telep\u00edt\u0151f\u00e1jljait.<\/p>\r\n\r\n\r\n\r\n<ul style=\"margin-top:0;margin-bottom:0\" class=\"wp-block-list\">\r\n<li style=\"margin-top:0;margin-bottom:0;padding-top:var(--wp--preset--spacing--20);padding-bottom:var(--wp--preset--spacing--20)\">Mobilalkalmaz\u00e1s t\u00e1rhelyszolg\u00e1ltat\u00f3i:\r\n<ul class=\"wp-block-list\">\r\n<li style=\"margin-top:0;margin-bottom:0\"><strong>Androidhoz: <\/strong>Google LLC, 1600 Amphitheatre Parkway, Mountain View, CA 94043, USA<\/li>\r\n\r\n\r\n\r\n<li><strong>iOS-hez: <\/strong>Apple Inc., One Apple Park Way, Cupertino, CA 95014, USA<\/li>\r\n<\/ul>\r\n<\/li>\r\n\r\n\r\n\r\n<li>A jelen weboldal t\u00e1rhelyszolg\u00e1ltat\u00f3ja: <strong>AlwaysData<\/strong>, 91 Rue du Faubourg Saint-Honor\u00e9, 75008 Paris<\/li>\r\n<\/ul>\r\n\r\n\r\n\r\n<p class=\"has-small-font-size\"><\/p>\r\n\r\n\r\n\r\n<h2 class=\"wp-block-heading has-background\" style=\"background-color:#f9f3eb;margin-top:var(--wp--preset--spacing--20);margin-bottom:var(--wp--preset--spacing--20);padding-top:var(--wp--preset--spacing--30);padding-bottom:var(--wp--preset--spacing--30);font-size:1.2rem\">3. Szellemi tulajdon<\/h2>\r\n\r\n\r\n\r\n<p style=\"margin-top:0;margin-bottom:0\">Ez a weboldal \u00e9s az SOS Universal alkalmaz\u00e1s eg\u00e9sze, bele\u00e9rtve a strukt\u00far\u00e1t, az interf\u00e9szeket, a forr\u00e1sk\u00f3dot, a grafikai tervez\u00e9st, az ikonokat, a sz\u00f6vegeket, a k\u00e9peket \u00e9s minden egy\u00e9b tartalmat, a DATASLATITUDES kiad\u00f3 kiz\u00e1r\u00f3lagos tulajdon\u00e1t k\u00e9pezi.<\/p>\r\n\r\n\r\n\r\n<p style=\"margin-top:var(--wp--preset--spacing--30);margin-bottom:var(--wp--preset--spacing--30)\">Az alkalmaz\u00e1s vagy annak tartalm\u00e1nak, illetve a weboldal b\u00e1rmilyen m\u00f3don \u00e9s b\u00e1rmilyen adathordoz\u00f3n t\u00f6rt\u00e9n\u0151 teljes vagy r\u00e9szleges reproduk\u00e1l\u00e1sa, \u00e1br\u00e1zol\u00e1sa, m\u00f3dos\u00edt\u00e1sa, k\u00f6zz\u00e9t\u00e9tele, tov\u00e1bb\u00edt\u00e1sa vagy eltorz\u00edt\u00e1sa szigor\u00faan tilos.<\/p>\r\n\r\n\r\n\r\n<p>A weboldal, az alkalmaz\u00e1s vagy b\u00e1rmely alkot\u00f3elem\u00e9nek jogosulatlan felhaszn\u00e1l\u00e1sa hamis\u00edt\u00e1snak min\u0151s\u00fcl \u00e9s b\u00fcntet\u0151jogi elj\u00e1r\u00e1st von maga ut\u00e1n.<\/p>\r\n\r\n\r\n\r\n<h2 class=\"wp-block-heading has-background\" style=\"background-color:#f9f3eb;margin-top:var(--wp--preset--spacing--20);margin-bottom:var(--wp--preset--spacing--20);padding-top:var(--wp--preset--spacing--30);padding-bottom:var(--wp--preset--spacing--30);font-size:1.2rem\">4. K\u00fcls\u0151 hivatkoz\u00e1sok<\/h2>\r\n\r\n\r\n\r\n<p style=\"margin-top:0;margin-bottom:0\">Az alkalmaz\u00e1s hiperhivatkoz\u00e1sokat tartalmazhat harmadik f\u00e9l webhelyeire vagy szolg\u00e1ltat\u00e1saira, k\u00fcl\u00f6n\u00f6sen a GoogleMaps-re (vagy OpenStreetMap-re), geolokaliz\u00e1ci\u00f3s okokb\u00f3l. A Kiad\u00f3 nem tehet\u0151 felel\u0151ss\u00e9 ezen harmadik f\u00e9l webhelyeinek tartalm\u00e1\u00e9rt vagy az \u00e1ltaluk alkalmazott adatv\u00e9delmi gyakorlatok\u00e9rt. A felhaszn\u00e1l\u00f3 felk\u00e9r\u00e9st kap, hogy tekintse meg ezen webhelyek vagy szolg\u00e1ltat\u00e1sok \u00e1ltal\u00e1nos felt\u00e9teleit \u00e9s adatv\u00e9delmi ir\u00e1nyelveit.<\/p>\r\n\r\n\r\n\r\n<p class=\"has-small-font-size\"><\/p>\r\n\r\n\r\n\r\n<h2 class=\"wp-block-heading has-background\" style=\"background-color:#f9f3eb;margin-top:var(--wp--preset--spacing--20);margin-bottom:var(--wp--preset--spacing--20);padding-top:var(--wp--preset--spacing--30);padding-bottom:var(--wp--preset--spacing--30);font-size:1.2rem\">5. Felel\u0151ss\u00e9g<\/h2>\r\n\r\n\r\n\r\n<p style=\"margin-top:0;margin-bottom:0\">A Kiad\u00f3 t\u00f6rekszik az alkalmaz\u00e1s inform\u00e1ci\u00f3inak \u00e9s funkci\u00f3inak megb\u00edzhat\u00f3s\u00e1g\u00e1nak \u00e9s pontoss\u00e1g\u00e1nak garant\u00e1l\u00e1s\u00e1ra. Azonban a Kiad\u00f3 nem garant\u00e1lja, hogy az alkalmaz\u00e1s hib\u00e1kt\u00f3l, bugokt\u00f3l vagy megszak\u00edt\u00e1sokt\u00f3l mentes lesz.<br><strong>Fontos figyelmeztet\u00e9s: <\/strong>az SOS Universal alkalmaz\u00e1s csup\u00e1n egy seg\u00edt\u0151 eszk\u00f6z. <strong>Semmilyen k\u00f6r\u00fclm\u00e9nyek k\u00f6z\u00f6tt nem helyettes\u00edti a hivatalos seg\u00e9lyszolg\u00e1latokat. <\/strong>A Kiad\u00f3 elh\u00e1r\u00edt minden felel\u0151ss\u00e9get az alkalmaz\u00e1s helytelen haszn\u00e1lata, vagy a t\u00e1vk\u00f6zl\u00e9si szolg\u00e1ltat\u00e1sok (mobilh\u00e1l\u00f3zat, SMS) meghib\u00e1sod\u00e1sa eset\u00e9n, amelyek nem tartoznak a Kiad\u00f3 ellen\u0151rz\u00e9se al\u00e1.<\/p>\r\n\r\n\r\n\r\n<p class=\"has-small-font-size\"><\/p>\r\n\r\n\r\n\r\n<h2 class=\"wp-block-heading has-background\" style=\"background-color:#f9f3eb;margin-top:var(--wp--preset--spacing--20);margin-bottom:var(--wp--preset--spacing--20);padding-top:var(--wp--preset--spacing--30);padding-bottom:var(--wp--preset--spacing--30);font-size:1.2rem\">6. Kreditek (a jelen weboldalhoz \u00e9s az SOS Universal alkalmaz\u00e1shoz)<\/h2>\r\n\r\n\r\n\r\n<ul style=\"margin-top:0;margin-bottom:0;padding-top:0;padding-bottom:0\" class=\"wp-block-list\">\r\n<li style=\"margin-top:0;margin-bottom:0;padding-top:0;padding-bottom:0\"><strong>Tanulm\u00e1ny \u00e9s tervez\u00e9s: <\/strong>DATASLATITUDES<\/li>\r\n\r\n\r\n\r\n<li><strong>Fejleszt\u00e9s: <\/strong>DATASLATITUDES<\/li>\r\n<\/ul>\r\n\r\n\r\n\r\n<p class=\"has-medium-font-size\"><\/p>\r\n\r\n\r\n\r\n<p class=\"has-medium-font-size\"><\/p>\r\n","protected":false},"excerpt":{"rendered":"<p>JOGI NYILATKOZAT 1. Az alkalmaz\u00e1s kiad\u00f3j\u00e1r\u00f3l sz\u00f3l\u00f3 inform\u00e1ci\u00f3k A jelen weboldalt \u00e9s az SOS Universal mobilalkalmaz\u00e1st a DATASLATITUDES v\u00e1llalat adja [&hellip;]<\/p>\n","protected":false},"author":1,"featured_media":0,"parent":0,"menu_order":5,"comment_status":"closed","ping_status":"closed","template":"","meta":{"site-sidebar-layout":"default","site-content-layout":"","ast-site-content-layout":"default","site-content-style":"default","site-sidebar-style":"default","ast-global-header-display":"","ast-banner-title-visibility":"","ast-main-header-display":"","ast-hfb-above-header-display":"","ast-hfb-below-header-display":"","ast-hfb-mobile-header-display":"","site-post-title":"disabled","ast-breadcrumbs-content":"","ast-featured-img":"","footer-sml-layout":"","theme-transparent-header-meta":"","adv-header-id-meta":"","stick-header-meta":"","header-above-stick-meta":"","header-main-stick-meta":"","header-below-stick-meta":"","astra-migrate-meta-layouts":"default","ast-page-background-enabled":"default","ast-page-background-meta":{"desktop":{"background-color":"var(--ast-global-color-5)","background-image":"","background-repeat":"repeat","background-position":"center center","background-size":"auto","background-attachment":"scroll","background-type":"","background-media":"","overlay-type":"","overlay-color":"","overlay-opacity":"","overlay-gradient":""},"tablet":{"background-color":"","background-image":"","background-repeat":"repeat","background-position":"center center","background-size":"auto","background-attachment":"scroll","background-type":"","background-media":"","overlay-type":"","overlay-color":"","overlay-opacity":"","overlay-gradient":""},"mobile":{"background-color":"","background-image":"","background-repeat":"repeat","background-position":"center center","background-size":"auto","background-attachment":"scroll","background-type":"","background-media":"","overlay-type":"","overlay-color":"","overlay-opacity":"","overlay-gradient":""}},"ast-content-background-meta":{"desktop":{"background-color":"var(--ast-global-color-4)","background-image":"","background-repeat":"repeat","background-position":"center center","background-size":"auto","background-attachment":"scroll","background-type":"","background-media":"","overlay-type":"","overlay-color":"","overlay-opacity":"","overlay-gradient":""},"tablet":{"background-color":"var(--ast-global-color-4)","background-image":"","background-repeat":"repeat","background-position":"center center","background-size":"auto","background-attachment":"scroll","background-type":"","background-media":"","overlay-type":"","overlay-color":"","overlay-opacity":"","overlay-gradient":""},"mobile":{"background-color":"var(--ast-global-color-4)","background-image":"","background-repeat":"repeat","background-position":"center center","background-size":"auto","background-attachment":"scroll","background-type":"","background-media":"","overlay-type":"","overlay-color":"","overlay-opacity":"","overlay-gradient":""}},"footnotes":""},"class_list":["post-185","page","type-page","status-publish","hentry"],"yoast_head":"<!-- This site is optimized with the Yoast SEO plugin v25.6 - https:\/\/yoast.com\/wordpress\/plugins\/seo\/ -->\n<title>Jogi nyilatkozat<\/title>\n<meta name=\"description\" content=\"A jelen jogi nyilatkozat \u00f6sszefoglalja az alkalmaz\u00e1s kiad\u00f3j\u00e1ra, a t\u00e1rhelyszolg\u00e1ltat\u00e1sra, a szellemi tulajdonra, a k\u00fcls\u0151 linkekre, a felel\u0151ss\u00e9gre \u00e9s a DATASLATITUDES (a jelen weboldal \u00e9s az SOS Universal alkalmaz\u00e1s) szerz\u0151i jogaira vonatkoz\u00f3 inform\u00e1ci\u00f3kat.\" \/>\n<meta name=\"robots\" content=\"index, follow, max-snippet:-1, max-image-preview:large, max-video-preview:-1\" \/>\n<link rel=\"canonical\" href=\"\" \/>\n<meta property=\"og:locale\" content=\"hu_HU\" \/>\n<meta property=\"og:type\" content=\"article\" \/>\n<meta property=\"og:title\" content=\"Jogi nyilatkozat\" \/>\n<meta property=\"og:description\" content=\"A jelen jogi nyilatkozat \u00f6sszefoglalja az alkalmaz\u00e1s kiad\u00f3j\u00e1ra, a t\u00e1rhelyszolg\u00e1ltat\u00e1sra, a szellemi tulajdonra, a k\u00fcls\u0151 linkekre, a felel\u0151ss\u00e9gre \u00e9s a DATASLATITUDES (a jelen weboldal \u00e9s az SOS Universal alkalmaz\u00e1s) szerz\u0151i jogaira vonatkoz\u00f3 inform\u00e1ci\u00f3kat.\" \/>\n<meta property=\"og:url\" content=\"https:\/\/www.dataslatitudes.com\/sosuniversal\/hu\/mentions-legales\/\" \/>\n<meta property=\"og:site_name\" content=\"SOS Universal\" \/>\n<meta property=\"article:modified_time\" content=\"2025-08-14T10:02:03+00:00\" \/>\n<meta name=\"twitter:card\" content=\"summary_large_image\" \/>\n<meta name=\"twitter:label1\" content=\"Becs\u00fclt olvas\u00e1si id\u0151\" \/>\n\t<meta name=\"twitter:data1\" content=\"3 perc\" \/>\n<script type=\"application\/ld+json\" class=\"yoast-schema-graph\">{\"@context\":\"https:\/\/schema.org\",\"@graph\":[{\"@type\":\"WebPage\",\"@id\":\"https:\/\/www.dataslatitudes.com\/sosuniversal\/hu\/mentions-legales\/\",\"url\":\"https:\/\/www.dataslatitudes.com\/sosuniversal\/hu\/mentions-legales\/\",\"name\":\"Mentions l\u00e9gales - SOS Universal\",\"isPartOf\":{\"@id\":\"https:\/\/www.dataslatitudes.com\/sosuniversal\/#website\"},\"datePublished\":\"2025-06-12T17:24:48+00:00\",\"dateModified\":\"2025-08-14T10:02:03+00:00\",\"description\":\"Les pr\u00e9sentes mentions l\u00e9gales r\u00e9capitulent les aspects relatifs aux informations sur l\u2019\u00e9diteur de l\u2019application, l'h\u00e9bergement, la propri\u00e9t\u00e9 Intellectuelle, les liens externes, la responsabilit\u00e9 et les cr\u00e9dits de DATASLATITUDES (pour le pr\u00e9sent site Web et l\u2019application SOS Universal).\",\"breadcrumb\":{\"@id\":\"https:\/\/www.dataslatitudes.com\/sosuniversal\/hu\/mentions-legales\/#breadcrumb\"},\"inLanguage\":\"hu\",\"potentialAction\":[{\"@type\":\"ReadAction\",\"target\":[\"https:\/\/www.dataslatitudes.com\/sosuniversal\/hu\/mentions-legales\/\"]}]},{\"@type\":\"BreadcrumbList\",\"@id\":\"https:\/\/www.dataslatitudes.com\/sosuniversal\/hu\/mentions-legales\/#breadcrumb\",\"itemListElement\":[{\"@type\":\"ListItem\",\"position\":1,\"name\":\"Bemutat\u00e1s\",\"item\":\"https:\/\/www.dataslatitudes.com\/sosuniversal\/fr\/\"},{\"@type\":\"ListItem\",\"position\":2,\"name\":\"Jogi nyilatkozat\"}]},{\"@type\":\"WebSite\",\"@id\":\"https:\/\/www.dataslatitudes.com\/sosuniversal\/hu\/#website\",\"url\":\"https:\/\/www.dataslatitudes.com\/sosuniversal\/hu\/\",\"name\":\"SOS Universal\",\"description\":\"\",\"publisher\":{\"@id\":\"https:\/\/www.dataslatitudes.com\/sosuniversal\/hu\/#organization\"},\"potentialAction\":[{\"@type\":\"SearchAction\",\"target\":{\"@type\":\"EntryPoint\",\"urlTemplate\":\"https:\/\/www.dataslatitudes.com\/sosuniversal\/hu\/?s={search_term_string}\"},\"query-input\":{\"@type\":\"PropertyValueSpecification\",\"valueRequired\":true,\"valueName\":\"search_term_string\"}}],\"inLanguage\":\"hu\"},{\"@type\":\"Organization\",\"@id\":\"https:\/\/www.dataslatitudes.com\/sosuniversal\/hu\/#organization\",\"name\":\"DATASLATITUDES\",\"url\":\"https:\/\/www.dataslatitudes.com\/sosuniversal\/hu\/\",\"logo\":{\"@type\":\"ImageObject\",\"inLanguage\":\"hu\",\"@id\":\"https:\/\/www.dataslatitudes.com\/sosuniversal\/hu\/#\/schema\/logo\/image\/\",\"url\":\"https:\/\/www.dataslatitudes.com\/sosuniversal\/wp-content\/uploads\/2025\/07\/logo_mrdv.png\",\"contentUrl\":\"https:\/\/www.dataslatitudes.com\/sosuniversal\/wp-content\/uploads\/2025\/07\/logo_mrdv.png\",\"width\":72,\"height\":72,\"caption\":\"DATASLATITUDES\"},\"image\":{\"@id\":\"https:\/\/www.dataslatitudes.com\/sosuniversal\/hu\/#\/schema\/logo\/image\/\"}}]}<\/script>\n<!-- \/ Yoast SEO plugin. -->","yoast_head_json":{"title":"Jogi nyilatkozat","description":"A jelen jogi nyilatkozat \u00f6sszefoglalja az alkalmaz\u00e1s kiad\u00f3j\u00e1ra, a t\u00e1rhelyszolg\u00e1ltat\u00e1sra, a szellemi tulajdonra, a k\u00fcls\u0151 linkekre, a felel\u0151ss\u00e9gre \u00e9s a DATASLATITUDES (a jelen weboldal \u00e9s az SOS Universal alkalmaz\u00e1s) szerz\u0151i jogaira vonatkoz\u00f3 inform\u00e1ci\u00f3kat.","robots":{"index":"index","follow":"follow","max-snippet":"max-snippet:-1","max-image-preview":"max-image-preview:large","max-video-preview":"max-video-preview:-1"},"canonical":"JOGI NYILATKOZAT 1. Az alkalmaz\u00e1s kiad\u00f3j\u00e1r\u00f3l sz\u00f3l\u00f3 inform\u00e1ci\u00f3k A jelen weboldalt \u00e9s az SOS Universal mobilalkalmaz\u00e1st a DATASLATITUDES v\u00e1llalat adja ki. Seg\u00edts\u00e9get k\u00e9rhet a k\u00f6vetkez\u0151 e-mail c\u00edmen: hotline.sos_universal@dataslatitudes.com 2. T\u00e1rhely Az SOS Universal egy mobilalkalmaz\u00e1s, amelyet let\u00f6lt\u00e9si platformokon (Google Play Store \u00e9s hamarosan App Store) kereszt\u00fcl terjesztenek. K\u00fcl\u00f6n megjegyzend\u0151, hogy a felhaszn\u00e1l\u00f3i adatok kiz\u00e1r\u00f3lag helyben,&hellip;","og_locale":"hu_HU","og_type":"article","og_title":"Jogi nyilatkozat","og_description":"A jelen jogi nyilatkozat \u00f6sszefoglalja az alkalmaz\u00e1s kiad\u00f3j\u00e1ra, a t\u00e1rhelyszolg\u00e1ltat\u00e1sra, a szellemi tulajdonra, a k\u00fcls\u0151 linkekre, a felel\u0151ss\u00e9gre \u00e9s a DATASLATITUDES (a jelen weboldal \u00e9s az SOS Universal alkalmaz\u00e1s) szerz\u0151i jogaira vonatkoz\u00f3 inform\u00e1ci\u00f3kat.","og_url":"https:\/\/www.dataslatitudes.com\/sosuniversal\/hu\/mentions-legales\/","og_site_name":"SOS Universal","article_modified_time":"2025-08-14T10:02:03+00:00","twitter_card":"summary_large_image","twitter_misc":{"Becs\u00fclt olvas\u00e1si id\u0151":"3 perc"},"schema":{"@context":"https:\/\/schema.org","@graph":[{"@type":"WebPage","@id":"https:\/\/www.dataslatitudes.com\/sosuniversal\/hu\/mentions-legales\/","url":"https:\/\/www.dataslatitudes.com\/sosuniversal\/hu\/mentions-legales\/","name":"Mentions l\u00e9gales - SOS Universal","isPartOf":{"@id":"https:\/\/www.dataslatitudes.com\/sosuniversal\/#website"},"datePublished":"2025-06-12T17:24:48+00:00","dateModified":"2025-08-14T10:02:03+00:00","description":"Les pr\u00e9sentes mentions l\u00e9gales r\u00e9capitulent les aspects relatifs aux informations sur l\u2019\u00e9diteur de l\u2019application, l'h\u00e9bergement, la propri\u00e9t\u00e9 Intellectuelle, les liens externes, la responsabilit\u00e9 et les cr\u00e9dits de DATASLATITUDES (pour le pr\u00e9sent site Web et l\u2019application SOS Universal).","breadcrumb":{"@id":"https:\/\/www.dataslatitudes.com\/sosuniversal\/hu\/mentions-legales\/#breadcrumb"},"inLanguage":"hu","potentialAction":[{"@type":"ReadAction","target":["https:\/\/www.dataslatitudes.com\/sosuniversal\/hu\/mentions-legales\/"]}]},{"@type":"BreadcrumbList","@id":"https:\/\/www.dataslatitudes.com\/sosuniversal\/hu\/mentions-legales\/#breadcrumb","itemListElement":[{"@type":"ListItem","position":1,"name":"Bemutat\u00e1s","item":"https:\/\/www.dataslatitudes.com\/sosuniversal\/fr\/"},{"@type":"ListItem","position":2,"name":"Jogi nyilatkozat"}]},{"@type":"WebSite","@id":"https:\/\/www.dataslatitudes.com\/sosuniversal\/hu\/#website","url":"https:\/\/www.dataslatitudes.com\/sosuniversal\/hu\/","name":"SOS Universal","description":"","publisher":{"@id":"https:\/\/www.dataslatitudes.com\/sosuniversal\/hu\/#organization"},"potentialAction":[{"@type":"SearchAction","target":{"@type":"EntryPoint","urlTemplate":"https:\/\/www.dataslatitudes.com\/sosuniversal\/hu\/?s={search_term_string}"},"query-input":{"@type":"PropertyValueSpecification","valueRequired":true,"valueName":"search_term_string"}}],"inLanguage":"hu"},{"@type":"Organization","@id":"https:\/\/www.dataslatitudes.com\/sosuniversal\/hu\/#organization","name":"DATASLATITUDES","url":"https:\/\/www.dataslatitudes.com\/sosuniversal\/hu\/","logo":{"@type":"ImageObject","inLanguage":"hu","@id":"https:\/\/www.dataslatitudes.com\/sosuniversal\/hu\/#\/schema\/logo\/image\/","url":"https:\/\/www.dataslatitudes.com\/sosuniversal\/wp-content\/uploads\/2025\/07\/logo_mrdv.png","contentUrl":"https:\/\/www.dataslatitudes.com\/sosuniversal\/wp-content\/uploads\/2025\/07\/logo_mrdv.png","width":72,"height":72,"caption":"DATASLATITUDES"},"image":{"@id":"https:\/\/www.dataslatitudes.com\/sosuniversal\/hu\/#\/schema\/logo\/image\/"}}]}},"_links":{"self":[{"href":"https:\/\/www.dataslatitudes.com\/sosuniversal\/hu\/wp-json\/wp\/v2\/pages\/185","targetHints":{"allow":["GET"]}}],"collection":[{"href":"https:\/\/www.dataslatitudes.com\/sosuniversal\/hu\/wp-json\/wp\/v2\/pages"}],"about":[{"href":"https:\/\/www.dataslatitudes.com\/sosuniversal\/hu\/wp-json\/wp\/v2\/types\/page"}],"author":[{"embeddable":true,"href":"https:\/\/www.dataslatitudes.com\/sosuniversal\/hu\/wp-json\/wp\/v2\/users\/1"}],"replies":[{"embeddable":true,"href":"https:\/\/www.dataslatitudes.com\/sosuniversal\/hu\/wp-json\/wp\/v2\/comments?post=185"}],"version-history":[{"count":29,"href":"https:\/\/www.dataslatitudes.com\/sosuniversal\/hu\/wp-json\/wp\/v2\/pages\/185\/revisions"}],"predecessor-version":[{"id":2930,"href":"https:\/\/www.dataslatitudes.com\/sosuniversal\/hu\/wp-json\/wp\/v2\/pages\/185\/revisions\/2930"}],"wp:attachment":[{"href":"https:\/\/www.dataslatitudes.com\/sosuniversal\/hu\/wp-json\/wp\/v2\/media?parent=185"}],"curies":[{"name":"wp","href":"https:\/\/api.w.org\/{rel}","templated":true}]}}