{"id":75,"date":"2025-06-11T15:05:57","date_gmt":"2025-06-11T15:05:57","guid":{"rendered":"http:\/\/www.dataslatitudes.com\/sosuniversal\/index.php\/mode-demploi\/"},"modified":"2025-08-14T09:50:55","modified_gmt":"2025-08-14T09:50:55","slug":"politique-confidentialite","status":"publish","type":"page","link":"https:\/\/www.dataslatitudes.com\/sosuniversal\/hr\/politique-confidentialite\/","title":{"rendered":"Privatnost"},"content":{"rendered":"\r\n<p class=\"has-small-font-size\"><\/p>\r\n\r\n\r\n\r\n<h1 class=\"wp-block-heading has-text-align-center has-medium-font-size\"><strong>POLITIKA PRIVATNOSTI<\/strong><\/h1>\r\n\r\n\r\n\r\n<p style=\"margin-top:0;margin-bottom:0;font-size:1rem\">Svrha ove Politike privatnosti je transparentno vas informirati o tome kako mobilna aplikacija SOS Universal (u daljnjem tekstu \u201eAplikacija\u201c), koju je razvio DATASLATITUDES (u daljnjem tekstu \u201eIzdava\u010d\u201c), prikuplja, koristi i \u0161titi va\u0161e osobne podatke.<\/p>\r\n\r\n\r\n\r\n<p style=\"margin-top:var(--wp--preset--spacing--20);margin-bottom:var(--wp--preset--spacing--20)\">Kori\u0161tenjem aplikacije prihva\u0107ate uvjete ove politike. Ako ne prihva\u0107ate ove uvjete, nemojte koristiti aplikaciju.<\/p>\r\n\r\n\r\n\r\n<p><strong>Datum stupanja na snagu: 28. lipnja 2025.<\/strong><\/p>\r\n\r\n\r\n\r\n<h2 class=\"wp-block-heading has-background\" style=\"background-color:#f9f3eb;margin-top:var(--wp--preset--spacing--30);margin-bottom:var(--wp--preset--spacing--30);padding-top:var(--wp--preset--spacing--30);padding-bottom:var(--wp--preset--spacing--30);font-size:1.2rem\">1. Voditelj obrade podataka<\/h2>\r\n\r\n\r\n\r\n<p>Voditelj obrade va\u0161ih osobnih podataka je: DATASLATITUDES. <strong>(E-mail: privacy.sos_universal@dataslatitudes.com)<\/strong><\/p>\r\n\r\n\r\n\r\n<p class=\"has-small-font-size\"><\/p>\r\n\r\n\r\n\r\n<h2 class=\"wp-block-heading has-background\" style=\"background-color:#f9f3eb;margin-top:var(--wp--preset--spacing--30);margin-bottom:var(--wp--preset--spacing--30);padding-top:var(--wp--preset--spacing--30);padding-bottom:var(--wp--preset--spacing--30);font-size:1.2rem\">2. Prikupljeni podaci i svrhe<\/h2>\r\n\r\n\r\n\r\n<p style=\"margin-top:var(--wp--preset--spacing--30);margin-bottom:var(--wp--preset--spacing--30);padding-top:0;padding-bottom:0\">Aplikacija je dizajnirana da minimizira prikupljanje osobnih podataka i isklju\u010divo preferira lokalnu pohranu na va\u0161em ure\u0111aju. Podaci se obra\u0111uju u sljede\u0107e svrhe:<\/p>\r\n\r\n\r\n\r\n<h3 class=\"wp-block-heading\" style=\"margin-top:var(--wp--preset--spacing--20);margin-bottom:var(--wp--preset--spacing--20);padding-top:0;padding-bottom:0;font-size:1.1rem\">2.1. Podaci koje izravno dostavljate<\/h3>\r\n\r\n\r\n\r\n<ul style=\"margin-top:var(--wp--preset--spacing--20);margin-bottom:var(--wp--preset--spacing--20);padding-top:0;padding-bottom:0\" class=\"wp-block-list\">\r\n<li style=\"margin-top:var(--wp--preset--spacing--20);margin-bottom:var(--wp--preset--spacing--20);padding-top:0;padding-bottom:0\"><strong>Kontakti za hitne slu\u010dajeve: <\/strong>kreirate ili uvozite kontakte (imena i telefonske brojeve) iz svog adresara.\r\n<ul class=\"wp-block-list\">\r\n<li><strong>Svrha: <\/strong>ovi podaci se isklju\u010divo koriste za slanje SMS upozorenja i generiranje telefonskih poziva prema va\u0161im hitnim kontaktima.<\/li>\r\n\r\n\r\n\r\n<li><strong>Pohrana: <\/strong>ovi podaci se pohranjuju lokalno na va\u0161em ure\u0111aju i ne prenose se na na\u0161e poslu\u017eitelje.<\/li>\r\n<\/ul>\r\n<\/li>\r\n\r\n\r\n\r\n<li><strong>Standardne i dodatne poruke: <\/strong>tekst koji pi\u0161ete za SMS upozorenja.\r\n<ul class=\"wp-block-list\">\r\n<li><strong>Svrha: <\/strong>integrirajte svoju personaliziranu poruku u poslana upozorenja.<\/li>\r\n\r\n\r\n\r\n<li><strong>Pohrana: <\/strong>lokalno pohranjeno na va\u0161em ure\u0111aju.<\/li>\r\n<\/ul>\r\n<\/li>\r\n\r\n\r\n\r\n<li style=\"padding-top:var(--wp--preset--spacing--20);padding-bottom:var(--wp--preset--spacing--20)\"><strong>Audio snimke: <\/strong>snimke koje pokrenete.\r\n<ul class=\"wp-block-list\">\r\n<li><strong>Svrha: <\/strong>omogu\u0107iti slu\u0161anje, preimenovanje i brisanje va\u0161ih snimki. Budu\u0107i da su visoke kvalitete, mogu poslu\u017eiti kao dokaz u slu\u010daju podno\u0161enja prijave.<\/li>\r\n\r\n\r\n\r\n<li><strong>Pohrana: <\/strong>Lokalno pohranjeno u mapi za preuzimanja va\u0161eg pametnog telefona. Vi ste isklju\u010divo odgovorni za upravljanje i brisanje tih datoteka.<\/li>\r\n<\/ul>\r\n<\/li>\r\n<\/ul>\r\n\r\n\r\n\r\n<p class=\"has-small-font-size\"><\/p>\r\n\r\n\r\n\r\n<h3 class=\"wp-block-heading\" style=\"margin-top:var(--wp--preset--spacing--20);margin-bottom:var(--wp--preset--spacing--20);padding-top:0;padding-bottom:0;font-size:1.1rem\"><strong>2.2. Automatski prikupljeni podaci<\/strong><\/h3>\r\n\r\n\r\n\r\n<ul style=\"margin-top:var(--wp--preset--spacing--20);margin-bottom:var(--wp--preset--spacing--20);padding-top:0;padding-bottom:0\" class=\"wp-block-list\">\r\n<li style=\"margin-top:var(--wp--preset--spacing--20);margin-bottom:var(--wp--preset--spacing--20);padding-top:0;padding-bottom:0\"><strong>Podaci o geolokaciji: <\/strong>Aplikacija pristupa lokaciji va\u0161eg ure\u0111aja (GPS ili Wi-Fi) samo kada aktivirate funkciju slanja va\u0161e lokacije u poruci upozorenja.\r\n<ul class=\"wp-block-list\">\r\n<li><strong>Svrha: <\/strong>pru\u017eanje va\u0161e geografske lokacije (koordinate i adrese) va\u0161im hitnim kontaktima tijekom upozorenja.<\/li>\r\n\r\n\r\n\r\n<li><strong>Pohrana: <\/strong>ove podatke ne pohranjuje niti \u010duva Izdava\u010d. Koriste se u stvarnom vremenu za generiranje poveznice GoogleMaps (ili OpenStreetMap) i adrese, a zatim se uklju\u010duju u SMS poslan putem va\u0161eg telekomunikacijskog operatera<\/li>\r\n<\/ul>\r\n<\/li>\r\n\r\n\r\n\r\n<li><strong>Povijest upozorenja: <\/strong>datum, vrijeme, na\u010din, primatelj i sadr\u017eaj zadnjih 50 poslanih upozorenja.\r\n<ul class=\"wp-block-list\">\r\n<li><strong>Svrha: <\/strong>omogu\u0107uje vam pregled povijesti va\u0161ih upozorenja radi pra\u0107enja i upravljanja.<\/li>\r\n\r\n\r\n\r\n<li><strong>Pohrana: <\/strong>lokalno pohranjeno na va\u0161em ure\u0111aju.<\/li>\r\n<\/ul>\r\n<\/li>\r\n\r\n\r\n\r\n<li style=\"padding-top:var(--wp--preset--spacing--20);padding-bottom:var(--wp--preset--spacing--20)\"><strong>Dozvole za pristup: <\/strong>Aplikacija zahtijeva pristup va\u0161im kontaktima, geolokaciji, mikrofonu, audio snimanju, pohrani, obavijestima i SMS\/telefonskim funkcijama.\r\n<ul class=\"wp-block-list\">\r\n<li><strong>Svrha: <\/strong>ova su dopu\u0161tenja strogo potrebna za pravilno funkcioniranje aplikacije i izvr\u0161avanje njezinih funkcija.<\/li>\r\n<\/ul>\r\n<\/li>\r\n<\/ul>\r\n\r\n\r\n\r\n<p class=\"has-small-font-size\"><\/p>\r\n\r\n\r\n\r\n<h2 class=\"wp-block-heading has-background\" style=\"background-color:#f9f3eb;margin-top:var(--wp--preset--spacing--30);margin-bottom:var(--wp--preset--spacing--30);padding-top:var(--wp--preset--spacing--30);padding-bottom:var(--wp--preset--spacing--30);font-size:1.2rem\">3. Dijeljenje podataka<\/h2>\r\n\r\n\r\n\r\n<p style=\"margin-top:var(--wp--preset--spacing--30);margin-bottom:var(--wp--preset--spacing--30);padding-top:0;padding-bottom:0\">Izdava\u010d ne dijeli, ne prodaje niti iznajmljuje va\u0161e osobne podatke tre\u0107im stranama, bilo komercijalno ili besplatno. Jedini subjekti koji primaju va\u0161e podatke su:<\/p>\r\n\r\n\r\n\r\n<ul style=\"margin-top:var(--wp--preset--spacing--20);margin-bottom:var(--wp--preset--spacing--20)\" class=\"wp-block-list\">\r\n<li><strong>Va\u0161i kontakti za hitne slu\u010dajeve: <\/strong>vi im odlu\u010dujete poslati informacije (poruku, lokaciju) putem usluga va\u0161eg mobilnog operatera (SMS\/pozivi).<\/li>\r\n\r\n\r\n\r\n<li><strong>Google Maps:\r <\/strong>Aplikacija koristi Googleovu uslugu kartiranja za generiranje poveznice na va\u0161u lokaciju. Kori\u0161tenje te poveznice podlije\u017ee Googleovim uvjetima kori\u0161tenja i pravilima privatnosti.<\/li>\r\n\r\n\r\n\r\n<li><strong>OpenStreetMap: <\/strong>Aplikacija mo\u017ee koristiti i uslugu mapiranja OpenStreetMap-a za generiranje poveznice na va\u0161u lokaciju. Kori\u0161tenje ove poveznice podlije\u017ee uvjetima kori\u0161tenja i politici privatnosti OpenStreetMap-a.<\/li>\r\n<\/ul>\r\n\r\n\r\n\r\n<p class=\"has-small-font-size\"><\/p>\r\n\r\n\r\n\r\n<h2 class=\"wp-block-heading has-background\" style=\"background-color:#f9f3eb;margin-top:var(--wp--preset--spacing--30);margin-bottom:var(--wp--preset--spacing--30);padding-top:var(--wp--preset--spacing--30);padding-bottom:var(--wp--preset--spacing--30);font-size:1.2rem\">4. Va\u0161a prava (uskla\u0111enost s GDPR-om)<\/h2>\r\n\r\n\r\n\r\n<p style=\"margin-top:var(--wp--preset--spacing--30);margin-bottom:var(--wp--preset--spacing--30);padding-top:0;padding-bottom:0\">Kao korisnik, imate sljede\u0107a prava u vezi s va\u0161im osobnim podacima:<\/p>\r\n\r\n\r\n\r\n<ul style=\"margin-top:var(--wp--preset--spacing--20);margin-bottom:var(--wp--preset--spacing--20)\" class=\"wp-block-list\">\r\n<li><strong>Pravo na pristup: <\/strong>podacima pohranjenim na va\u0161em ure\u0111aju mo\u017eete pristupiti u bilo kojem trenutku putem Aplikacije.<\/li>\r\n\r\n\r\n\r\n<li><strong>Pravo na ispravak: <\/strong>kontakte i postavke mo\u017eete mijenjati ili ispravljati izravno u Aplikaciji.<\/li>\r\n\r\n\r\n\r\n<li><strong>Pravo na brisanje (\u201epravo na zaborav\u201c): <\/strong>mo\u017eete izbrisati podatke svojih kontakata i audio snimke u bilo kojem trenutku. Brisanje Aplikacije bri\u0161e sve lokalno pohranjene podatke.<\/li>\r\n\r\n\r\n\r\n<li><strong>Pravo na ograni\u010denje obrade: <\/strong>mo\u017eete privremeno deaktivirati kontakte ili funkcije (poput lokacije) kako biste ograni\u010dili obradu svojih podataka.<\/li>\r\n\r\n\r\n\r\n<li><strong>Pravo na prigovor: <\/strong>protiv obrade se mo\u017eete usprotiviti prestankom kori\u0161tenja Aplikacije i deinstaliranjem iste.<\/li>\r\n<\/ul>\r\n\r\n\r\n\r\n<p class=\"has-small-font-size\"><\/p>\r\n\r\n\r\n\r\n<h2 class=\"wp-block-heading has-background\" style=\"background-color:#f9f3eb;margin-top:var(--wp--preset--spacing--30);margin-bottom:var(--wp--preset--spacing--30);padding-top:var(--wp--preset--spacing--30);padding-bottom:var(--wp--preset--spacing--30);font-size:1.2rem\">5. Izmjene Politike privatnosti<\/h2>\r\n\r\n\r\n\r\n<p style=\"margin-top:var(--wp--preset--spacing--30);margin-bottom:var(--wp--preset--spacing--30);padding-top:0;padding-bottom:0\">Izdava\u010d zadr\u017eava pravo izmjene ove Politike privatnosti u bilo kojem trenutku. Va\u0161e daljnje kori\u0161tenje usluge nakon objave izmjena smatrat \u0107e se prihva\u0107anjem novih uvjeta.<\/p>\r\n\r\n\r\n\r\n<p class=\"has-small-font-size\"><\/p>\r\n\r\n\r\n\r\n<h2 class=\"wp-block-heading has-background\" style=\"background-color:#f9f3eb;margin-top:var(--wp--preset--spacing--30);margin-bottom:var(--wp--preset--spacing--30);padding-top:var(--wp--preset--spacing--30);padding-bottom:var(--wp--preset--spacing--30);font-size:1.2rem\">6. Kontaktirajte nas<\/h2>\r\n\r\n\r\n\r\n<p style=\"margin-top:var(--wp--preset--spacing--30);margin-bottom:var(--wp--preset--spacing--30);padding-top:0;padding-bottom:0\">Ako imate pitanja ili nedoumica u vezi s ovom politikom privatnosti ili upravljanjem va\u0161im podacima, mo\u017eete nas kontaktirati na sljede\u0107u e-mail adresu: <br><strong>privacy.sos_universal@dataslatitudes.com<\/strong><\/p>\r\n\r\n\r\n\r\n<p class=\"has-medium-font-size\"><\/p>\r\n\r\n\r\n\r\n<p class=\"has-medium-font-size\"><\/p>\r\n","protected":false},"excerpt":{"rendered":"<p>POLITIKA PRIVATNOSTI Svrha ove Politike privatnosti je transparentno vas informirati o tome kako mobilna aplikacija SOS Universal (u daljnjem tekstu [&hellip;]<\/p>\n","protected":false},"author":1,"featured_media":0,"parent":0,"menu_order":4,"comment_status":"closed","ping_status":"closed","template":"","meta":{"site-sidebar-layout":"default","site-content-layout":"","ast-site-content-layout":"default","site-content-style":"default","site-sidebar-style":"default","ast-global-header-display":"","ast-banner-title-visibility":"","ast-main-header-display":"","ast-hfb-above-header-display":"","ast-hfb-below-header-display":"","ast-hfb-mobile-header-display":"","site-post-title":"disabled","ast-breadcrumbs-content":"","ast-featured-img":"","footer-sml-layout":"","theme-transparent-header-meta":"","adv-header-id-meta":"","stick-header-meta":"","header-above-stick-meta":"","header-main-stick-meta":"","header-below-stick-meta":"","astra-migrate-meta-layouts":"default","ast-page-background-enabled":"default","ast-page-background-meta":{"desktop":{"background-color":"var(--ast-global-color-5)","background-image":"","background-repeat":"repeat","background-position":"center center","background-size":"auto","background-attachment":"scroll","background-type":"","background-media":"","overlay-type":"","overlay-color":"","overlay-opacity":"","overlay-gradient":""},"tablet":{"background-color":"","background-image":"","background-repeat":"repeat","background-position":"center center","background-size":"auto","background-attachment":"scroll","background-type":"","background-media":"","overlay-type":"","overlay-color":"","overlay-opacity":"","overlay-gradient":""},"mobile":{"background-color":"","background-image":"","background-repeat":"repeat","background-position":"center center","background-size":"auto","background-attachment":"scroll","background-type":"","background-media":"","overlay-type":"","overlay-color":"","overlay-opacity":"","overlay-gradient":""}},"ast-content-background-meta":{"desktop":{"background-color":"var(--ast-global-color-4)","background-image":"","background-repeat":"repeat","background-position":"center center","background-size":"auto","background-attachment":"scroll","background-type":"","background-media":"","overlay-type":"","overlay-color":"","overlay-opacity":"","overlay-gradient":""},"tablet":{"background-color":"var(--ast-global-color-4)","background-image":"","background-repeat":"repeat","background-position":"center center","background-size":"auto","background-attachment":"scroll","background-type":"","background-media":"","overlay-type":"","overlay-color":"","overlay-opacity":"","overlay-gradient":""},"mobile":{"background-color":"var(--ast-global-color-4)","background-image":"","background-repeat":"repeat","background-position":"center center","background-size":"auto","background-attachment":"scroll","background-type":"","background-media":"","overlay-type":"","overlay-color":"","overlay-opacity":"","overlay-gradient":""}},"footnotes":""},"class_list":["post-75","page","type-page","status-publish","hentry"],"yoast_head":"<!-- This site is optimized with the Yoast SEO plugin v25.6 - https:\/\/yoast.com\/wordpress\/plugins\/seo\/ -->\n<title>Privatnost<\/title>\n<meta name=\"description\" content=\"Svrha ove Politike privatnosti je transparentno vas informirati o tome kako mobilna aplikacija SOS Universal, koju je razvio DATASLATITUDES, prikuplja, koristi i \u0161titi va\u0161e osobne podatke. U njoj su izlo\u017eeni voditelj obrade podataka, prikupljeni podaci i svrhe, dijeljenje podataka, va\u0161a prava (sukladnost s GDPR-om) i uvjeti izmjena Politike privatnosti.\" \/>\n<meta name=\"robots\" content=\"index, follow, max-snippet:-1, max-image-preview:large, max-video-preview:-1\" \/>\n<link rel=\"canonical\" href=\"\" \/>\n<meta property=\"og:locale\" content=\"hr_HR\" \/>\n<meta property=\"og:type\" content=\"article\" \/>\n<meta property=\"og:title\" content=\"Privatnost\" \/>\n<meta property=\"og:description\" content=\"Svrha ove Politike privatnosti je transparentno vas informirati o tome kako mobilna aplikacija SOS Universal, koju je razvio DATASLATITUDES, prikuplja, koristi i \u0161titi va\u0161e osobne podatke. U njoj su izlo\u017eeni voditelj obrade podataka, prikupljeni podaci i svrhe, dijeljenje podataka, va\u0161a prava (sukladnost s GDPR-om) i uvjeti izmjena Politike privatnosti.\" \/>\n<meta property=\"og:url\" content=\"https:\/\/www.dataslatitudes.com\/sosuniversal\/hr\/politique-confidentialite\/\" \/>\n<meta property=\"og:site_name\" content=\"SOS Universal\" \/>\n<meta property=\"article:modified_time\" content=\"2025-08-14T09:50:55+00:00\" \/>\n<meta name=\"twitter:card\" content=\"summary_large_image\" \/>\n<meta name=\"twitter:label1\" content=\"Procijenjeno vrijeme \u010ditanja\" \/>\n\t<meta name=\"twitter:data1\" content=\"4 minute\" \/>\n<script type=\"application\/ld+json\" class=\"yoast-schema-graph\">{\"@context\":\"https:\/\/schema.org\",\"@graph\":[{\"@type\":\"WebPage\",\"@id\":\"https:\/\/www.dataslatitudes.com\/sosuniversal\/hr\/politique-confidentialite\/\",\"url\":\"https:\/\/www.dataslatitudes.com\/sosuniversal\/hr\/politique-confidentialite\/\",\"name\":\"Confidentialit\u00e9 - SOS Universal\",\"isPartOf\":{\"@id\":\"https:\/\/www.dataslatitudes.com\/sosuniversal\/#website\"},\"datePublished\":\"2025-06-11T15:05:57+00:00\",\"dateModified\":\"2025-08-14T09:50:55+00:00\",\"description\":\"La pr\u00e9sente Politique de Confidentialit\u00e9 a pour objectif de vous informer de mani\u00e8re transparente sur la mani\u00e8re dont l'application mobile SOS Universal, d\u00e9velopp\u00e9e par DATASLATITUDES, collecte, utilise et prot\u00e8ge vos donn\u00e9es personnelles. On y expose le responsable du traitement des donn\u00e9es, les donn\u00e9es collect\u00e9es et les finalit\u00e9s, le partage des donn\u00e9es, vos droits (conformit\u00e9 RGPD) et les conditions de modifications de la Politique de Confidentialit\u00e9.\",\"breadcrumb\":{\"@id\":\"https:\/\/www.dataslatitudes.com\/sosuniversal\/hr\/politique-confidentialite\/#breadcrumb\"},\"inLanguage\":\"hr\",\"potentialAction\":[{\"@type\":\"ReadAction\",\"target\":[\"https:\/\/www.dataslatitudes.com\/sosuniversal\/hr\/politique-confidentialite\/\"]}]},{\"@type\":\"BreadcrumbList\",\"@id\":\"https:\/\/www.dataslatitudes.com\/sosuniversal\/hr\/politique-confidentialite\/#breadcrumb\",\"itemListElement\":[{\"@type\":\"ListItem\",\"position\":1,\"name\":\"Predstavljanje\",\"item\":\"https:\/\/www.dataslatitudes.com\/sosuniversal\/fr\/\"},{\"@type\":\"ListItem\",\"position\":2,\"name\":\"Privatnost\"}]},{\"@type\":\"WebSite\",\"@id\":\"https:\/\/www.dataslatitudes.com\/sosuniversal\/hr\/#website\",\"url\":\"https:\/\/www.dataslatitudes.com\/sosuniversal\/hr\/\",\"name\":\"SOS Universal\",\"description\":\"\",\"publisher\":{\"@id\":\"https:\/\/www.dataslatitudes.com\/sosuniversal\/hr\/#organization\"},\"potentialAction\":[{\"@type\":\"SearchAction\",\"target\":{\"@type\":\"EntryPoint\",\"urlTemplate\":\"https:\/\/www.dataslatitudes.com\/sosuniversal\/hr\/?s={search_term_string}\"},\"query-input\":{\"@type\":\"PropertyValueSpecification\",\"valueRequired\":true,\"valueName\":\"search_term_string\"}}],\"inLanguage\":\"hr\"},{\"@type\":\"Organization\",\"@id\":\"https:\/\/www.dataslatitudes.com\/sosuniversal\/hr\/#organization\",\"name\":\"DATASLATITUDES\",\"url\":\"https:\/\/www.dataslatitudes.com\/sosuniversal\/hr\/\",\"logo\":{\"@type\":\"ImageObject\",\"inLanguage\":\"hr\",\"@id\":\"https:\/\/www.dataslatitudes.com\/sosuniversal\/hr\/#\/schema\/logo\/image\/\",\"url\":\"https:\/\/www.dataslatitudes.com\/sosuniversal\/wp-content\/uploads\/2025\/07\/logo_mrdv.png\",\"contentUrl\":\"https:\/\/www.dataslatitudes.com\/sosuniversal\/wp-content\/uploads\/2025\/07\/logo_mrdv.png\",\"width\":72,\"height\":72,\"caption\":\"DATASLATITUDES\"},\"image\":{\"@id\":\"https:\/\/www.dataslatitudes.com\/sosuniversal\/hr\/#\/schema\/logo\/image\/\"}}]}<\/script>\n<!-- \/ Yoast SEO plugin. -->","yoast_head_json":{"title":"Privatnost","description":"Svrha ove Politike privatnosti je transparentno vas informirati o tome kako mobilna aplikacija SOS Universal, koju je razvio DATASLATITUDES, prikuplja, koristi i \u0161titi va\u0161e osobne podatke. U njoj su izlo\u017eeni voditelj obrade podataka, prikupljeni podaci i svrhe, dijeljenje podataka, va\u0161a prava (sukladnost s GDPR-om) i uvjeti izmjena Politike privatnosti.","robots":{"index":"index","follow":"follow","max-snippet":"max-snippet:-1","max-image-preview":"max-image-preview:large","max-video-preview":"max-video-preview:-1"},"canonical":"POLITIKA PRIVATNOSTI Svrha ove Politike privatnosti je transparentno vas informirati o tome kako mobilna aplikacija SOS Universal (u daljnjem tekstu \u201eAplikacija\u201c), koju je razvio DATASLATITUDES (u daljnjem tekstu \u201eIzdava\u010d\u201c), prikuplja, koristi i \u0161titi va\u0161e osobne podatke. Kori\u0161tenjem aplikacije prihva\u0107ate uvjete ove politike. Ako ne prihva\u0107ate ove uvjete, nemojte koristiti aplikaciju. Datum stupanja na snagu: 28.&hellip;","og_locale":"hr_HR","og_type":"article","og_title":"Privatnost","og_description":"Svrha ove Politike privatnosti je transparentno vas informirati o tome kako mobilna aplikacija SOS Universal, koju je razvio DATASLATITUDES, prikuplja, koristi i \u0161titi va\u0161e osobne podatke. U njoj su izlo\u017eeni voditelj obrade podataka, prikupljeni podaci i svrhe, dijeljenje podataka, va\u0161a prava (sukladnost s GDPR-om) i uvjeti izmjena Politike privatnosti.","og_url":"https:\/\/www.dataslatitudes.com\/sosuniversal\/hr\/politique-confidentialite\/","og_site_name":"SOS Universal","article_modified_time":"2025-08-14T09:50:55+00:00","twitter_card":"summary_large_image","twitter_misc":{"Procijenjeno vrijeme \u010ditanja":"4 minute"},"schema":{"@context":"https:\/\/schema.org","@graph":[{"@type":"WebPage","@id":"https:\/\/www.dataslatitudes.com\/sosuniversal\/hr\/politique-confidentialite\/","url":"https:\/\/www.dataslatitudes.com\/sosuniversal\/hr\/politique-confidentialite\/","name":"Confidentialit\u00e9 - SOS Universal","isPartOf":{"@id":"https:\/\/www.dataslatitudes.com\/sosuniversal\/#website"},"datePublished":"2025-06-11T15:05:57+00:00","dateModified":"2025-08-14T09:50:55+00:00","description":"La pr\u00e9sente Politique de Confidentialit\u00e9 a pour objectif de vous informer de mani\u00e8re transparente sur la mani\u00e8re dont l'application mobile SOS Universal, d\u00e9velopp\u00e9e par DATASLATITUDES, collecte, utilise et prot\u00e8ge vos donn\u00e9es personnelles. On y expose le responsable du traitement des donn\u00e9es, les donn\u00e9es collect\u00e9es et les finalit\u00e9s, le partage des donn\u00e9es, vos droits (conformit\u00e9 RGPD) et les conditions de modifications de la Politique de Confidentialit\u00e9.","breadcrumb":{"@id":"https:\/\/www.dataslatitudes.com\/sosuniversal\/hr\/politique-confidentialite\/#breadcrumb"},"inLanguage":"hr","potentialAction":[{"@type":"ReadAction","target":["https:\/\/www.dataslatitudes.com\/sosuniversal\/hr\/politique-confidentialite\/"]}]},{"@type":"BreadcrumbList","@id":"https:\/\/www.dataslatitudes.com\/sosuniversal\/hr\/politique-confidentialite\/#breadcrumb","itemListElement":[{"@type":"ListItem","position":1,"name":"Predstavljanje","item":"https:\/\/www.dataslatitudes.com\/sosuniversal\/fr\/"},{"@type":"ListItem","position":2,"name":"Privatnost"}]},{"@type":"WebSite","@id":"https:\/\/www.dataslatitudes.com\/sosuniversal\/hr\/#website","url":"https:\/\/www.dataslatitudes.com\/sosuniversal\/hr\/","name":"SOS Universal","description":"","publisher":{"@id":"https:\/\/www.dataslatitudes.com\/sosuniversal\/hr\/#organization"},"potentialAction":[{"@type":"SearchAction","target":{"@type":"EntryPoint","urlTemplate":"https:\/\/www.dataslatitudes.com\/sosuniversal\/hr\/?s={search_term_string}"},"query-input":{"@type":"PropertyValueSpecification","valueRequired":true,"valueName":"search_term_string"}}],"inLanguage":"hr"},{"@type":"Organization","@id":"https:\/\/www.dataslatitudes.com\/sosuniversal\/hr\/#organization","name":"DATASLATITUDES","url":"https:\/\/www.dataslatitudes.com\/sosuniversal\/hr\/","logo":{"@type":"ImageObject","inLanguage":"hr","@id":"https:\/\/www.dataslatitudes.com\/sosuniversal\/hr\/#\/schema\/logo\/image\/","url":"https:\/\/www.dataslatitudes.com\/sosuniversal\/wp-content\/uploads\/2025\/07\/logo_mrdv.png","contentUrl":"https:\/\/www.dataslatitudes.com\/sosuniversal\/wp-content\/uploads\/2025\/07\/logo_mrdv.png","width":72,"height":72,"caption":"DATASLATITUDES"},"image":{"@id":"https:\/\/www.dataslatitudes.com\/sosuniversal\/hr\/#\/schema\/logo\/image\/"}}]}},"_links":{"self":[{"href":"https:\/\/www.dataslatitudes.com\/sosuniversal\/hr\/wp-json\/wp\/v2\/pages\/75","targetHints":{"allow":["GET"]}}],"collection":[{"href":"https:\/\/www.dataslatitudes.com\/sosuniversal\/hr\/wp-json\/wp\/v2\/pages"}],"about":[{"href":"https:\/\/www.dataslatitudes.com\/sosuniversal\/hr\/wp-json\/wp\/v2\/types\/page"}],"author":[{"embeddable":true,"href":"https:\/\/www.dataslatitudes.com\/sosuniversal\/hr\/wp-json\/wp\/v2\/users\/1"}],"replies":[{"embeddable":true,"href":"https:\/\/www.dataslatitudes.com\/sosuniversal\/hr\/wp-json\/wp\/v2\/comments?post=75"}],"version-history":[{"count":30,"href":"https:\/\/www.dataslatitudes.com\/sosuniversal\/hr\/wp-json\/wp\/v2\/pages\/75\/revisions"}],"predecessor-version":[{"id":2927,"href":"https:\/\/www.dataslatitudes.com\/sosuniversal\/hr\/wp-json\/wp\/v2\/pages\/75\/revisions\/2927"}],"wp:attachment":[{"href":"https:\/\/www.dataslatitudes.com\/sosuniversal\/hr\/wp-json\/wp\/v2\/media?parent=75"}],"curies":[{"name":"wp","href":"https:\/\/api.w.org\/{rel}","templated":true}]}}