{"id":14,"date":"2025-06-10T17:50:33","date_gmt":"2025-06-10T17:50:33","guid":{"rendered":"https:\/\/www.dataslatitudes.com\/sosuniversal\/?page_id=14"},"modified":"2025-07-21T15:55:15","modified_gmt":"2025-07-21T15:55:15","slug":"ecran-principal","status":"publish","type":"page","link":"https:\/\/www.dataslatitudes.com\/sosuniversal\/hr\/ecran-principal\/","title":{"rendered":"Glavni ekran"},"content":{"rendered":"\r\n<p class=\"has-small-font-size\"><\/p>\r\n\r\n\r\n\r\n<h1 class=\"wp-block-heading has-text-align-center has-medium-font-size\"><strong>KORISNI\u010cKI PRIRU\u010cNIK<\/strong><\/h1>\r\n\r\n\r\n\r\n<h2 class=\"wp-block-heading has-background\" style=\"background-color:#f9f3eb;padding-top:var(--wp--preset--spacing--20);padding-bottom:var(--wp--preset--spacing--20);font-size:1.2rem\">Pokretanje aplikacije<\/h2>\r\n\r\n\r\n\r\n<ol style=\"margin-top:0;margin-bottom:0;padding-top:0;padding-bottom:0\" class=\"wp-block-list\">\r\n<li style=\"margin-top:var(--wp--preset--spacing--40);margin-bottom:var(--wp--preset--spacing--40);font-size:1rem\">SOS Universal mo\u017ee se pokrenuti na klasi\u010dan na\u010din klikom na ikonu aplikacije.<\/li>\r\n\r\n\r\n\r\n<li style=\"margin-top:0;margin-bottom:0;padding-top:0;padding-bottom:0\">Tako\u0111er je mogu\u0107e instalirati i koristiti jedan od dva widgeta aplikacije dizajnirana za SOS Universal.<br>Ovisno o verziji Androida, dostupna su dva na\u010dina instalacije: dugim pritiskom na prazan prostor zaslona pametnog telefona (npr. po\u010detni zaslon) ili dugim pritiskom na ikonu aplikacije. Zatim odaberete opciju &#8220;Widgeti&#8221;, a zatim aplikaciju SOS Universal.<\/li>\r\n<\/ol>\r\n\r\n\r\n\r\n<p class=\"has-small-font-size\"><\/p>\r\n\r\n\r\n\r\n<div class=\"wp-block-columns is-layout-flex wp-container-core-columns-is-layout-7d874bf9 wp-block-columns-is-layout-flex\" style=\"margin-top:0;margin-bottom:0;padding-top:0;padding-bottom:0\">\r\n<div class=\"wp-block-column is-layout-flow wp-block-column-is-layout-flow\" style=\"flex-basis:20%\">\r\n<figure class=\"wp-block-image aligncenter size-full is-resized\" style=\"margin-top:0;margin-bottom:0\"><img fetchpriority=\"high\" decoding=\"async\" width=\"1080\" height=\"2400\" src=\"http:\/\/www.dataslatitudes.com\/sosuniversal\/wp-content\/uploads\/2025\/07\/choix_appwidget.webp\" alt=\"SOS Universal - odabir widgeta aplikacije\" class=\"wp-image-712\" style=\"width:190px\" srcset=\"https:\/\/www.dataslatitudes.com\/sosuniversal\/wp-content\/uploads\/2025\/07\/choix_appwidget.webp 1080w, https:\/\/www.dataslatitudes.com\/sosuniversal\/wp-content\/uploads\/2025\/07\/choix_appwidget-135x300.webp 135w, https:\/\/www.dataslatitudes.com\/sosuniversal\/wp-content\/uploads\/2025\/07\/choix_appwidget-461x1024.webp 461w, https:\/\/www.dataslatitudes.com\/sosuniversal\/wp-content\/uploads\/2025\/07\/choix_appwidget-768x1707.webp 768w, https:\/\/www.dataslatitudes.com\/sosuniversal\/wp-content\/uploads\/2025\/07\/choix_appwidget-691x1536.webp 691w, https:\/\/www.dataslatitudes.com\/sosuniversal\/wp-content\/uploads\/2025\/07\/choix_appwidget-922x2048.webp 922w\" sizes=\"(max-width: 1080px) 100vw, 1080px\" \/><\/figure>\r\n\r\n\r\n\r\n<p class=\"has-text-align-center\" style=\"margin-top:0;margin-bottom:0\">Odabir jednog od dva widgeta aplikacije<\/p>\r\n<\/div>\r\n\r\n\r\n\r\n<div class=\"wp-block-column is-layout-flow wp-block-column-is-layout-flow\" style=\"flex-basis:40%\">\r\n<p style=\"margin-top:0;margin-bottom:0\">Dva su vam widgeta aplikacije ponu\u0111ena:<br>&#8211; prvi (ozna\u010deni) prikazuje logotip SOS Universal.<br>&#8211; drugi (anonimni) ne sadr\u017ei nikakvu marku: namijenjen je diskretnom funkcioniranju.<\/p>\r\n\r\n\r\n\r\n<p style=\"margin-top:var(--wp--preset--spacing--30);margin-bottom:var(--wp--preset--spacing--30)\">Odaberite jedan od dva i dodajte ga.<\/p>\r\n\r\n\r\n\r\n<p style=\"margin-top:var(--wp--preset--spacing--30);margin-bottom:var(--wp--preset--spacing--30)\">Widget aplikacije tada se pojavljuje u obliku koji vam omogu\u0107uje da ga dimenzionirate.<\/p>\r\n\r\n\r\n\r\n<p style=\"margin-top:var(--wp--preset--spacing--30);margin-bottom:var(--wp--preset--spacing--30)\">Widget funkcionira kao gumb za pokretanje.<\/p>\r\n\r\n\r\n\r\n<p style=\"margin-top:var(--wp--preset--spacing--30);margin-bottom:var(--wp--preset--spacing--30)\"><strong>Napomena: <\/strong>ako je pokretanje alarma SOS Universal konfigurirano s opcijom &#8220;Automatsko pokretanje putem widgeta aplikacije&#8221;, widget tada omogu\u0107uje otvaranje aplikacije i, dodatno, pokretanje alarma sa sadr\u017eajem i na\u010dinom koje ste definirali.<br>Vidi: <a href=\"https:\/\/www.dataslatitudes.com\/sosuniversal\/hr\/index.php\/mode-emploi\/mode-emploi-parametre\/\">Postavke<\/a>.<\/p>\r\n<\/div>\r\n\r\n\r\n\r\n<div class=\"wp-block-column is-layout-flow wp-block-column-is-layout-flow\" style=\"flex-basis:20%\">\r\n<figure class=\"wp-block-image aligncenter size-large is-resized\" style=\"margin-top:0;margin-bottom:0\"><img decoding=\"async\" src=\"http:\/\/www.dataslatitudes.com\/sosuniversal\/wp-content\/uploads\/2025\/07\/exemple_app_widget_normal-461x1024.webp\" alt=\"SOS Universal - glavni widget aplikacije\" class=\"wp-image-709\" style=\"width:190px\"\/><\/figure>\r\n\r\n\r\n\r\n<p class=\"has-text-align-center\" style=\"margin-top:0;margin-bottom:0\">Prvi widget<\/p>\r\n<\/div>\r\n\r\n\r\n\r\n<div class=\"wp-block-column is-layout-flow wp-block-column-is-layout-flow\" style=\"flex-basis:20%\">\r\n<figure class=\"wp-block-image aligncenter size-large is-resized\" style=\"margin-top:0;margin-bottom:0\"><img decoding=\"async\" width=\"461\" height=\"1024\" src=\"http:\/\/www.dataslatitudes.com\/sosuniversal\/wp-content\/uploads\/2025\/07\/exemple_app_widget_blanc-461x1024.webp\" alt=\"SOS Universal - sekundarni widget aplikacije\" class=\"wp-image-708\" style=\"width:190px\" srcset=\"https:\/\/www.dataslatitudes.com\/sosuniversal\/wp-content\/uploads\/2025\/07\/exemple_app_widget_blanc-461x1024.webp 461w, https:\/\/www.dataslatitudes.com\/sosuniversal\/wp-content\/uploads\/2025\/07\/exemple_app_widget_blanc-135x300.webp 135w, https:\/\/www.dataslatitudes.com\/sosuniversal\/wp-content\/uploads\/2025\/07\/exemple_app_widget_blanc-768x1707.webp 768w, https:\/\/www.dataslatitudes.com\/sosuniversal\/wp-content\/uploads\/2025\/07\/exemple_app_widget_blanc-691x1536.webp 691w, https:\/\/www.dataslatitudes.com\/sosuniversal\/wp-content\/uploads\/2025\/07\/exemple_app_widget_blanc-922x2048.webp 922w, https:\/\/www.dataslatitudes.com\/sosuniversal\/wp-content\/uploads\/2025\/07\/exemple_app_widget_blanc.webp 1080w\" sizes=\"(max-width: 461px) 100vw, 461px\" \/><\/figure>\r\n\r\n\r\n\r\n<p class=\"has-text-align-center\" style=\"margin-top:0;margin-bottom:0\">Drugi widget<\/p>\r\n<\/div>\r\n<\/div>\r\n\r\n\r\n\r\n<p class=\"has-medium-font-size\" style=\"margin-top:var(--wp--preset--spacing--20);margin-bottom:var(--wp--preset--spacing--20)\"><\/p>\r\n\r\n\r\n\r\n<p>U slu\u010daju a\u017euriranja aplikacije, ovisno o verziji Androida ili va\u0161em ure\u0111aju, mogu\u0107e je da widget aplikacije zahtijeva jednu od sljede\u0107e dvije radnje za nastavak rada:<br>&#8211; ponovno pokretanje va\u0161eg ure\u0111aja<br>&#8211; ili brisanje (dugim pritiskom) i ponovna instalacija widgeta aplikacije.<\/p>\r\n\r\n\r\n\r\n<p class=\"has-small-font-size\"><\/p>\r\n\r\n\r\n\r\n<h2 class=\"wp-block-heading has-background\" style=\"background-color:#f9f3eb;padding-top:var(--wp--preset--spacing--20);padding-bottom:var(--wp--preset--spacing--20);font-size:1.2rem\">Glavni ekran<\/h2>\r\n\r\n\r\n\r\n<div class=\"wp-block-columns is-layout-flex wp-container-core-columns-is-layout-a5331a9e wp-block-columns-is-layout-flex\" style=\"padding-top:0;padding-right:0;padding-bottom:0;padding-left:0\">\r\n<div class=\"wp-block-column is-layout-flow wp-block-column-is-layout-flow\" style=\"flex-basis:33.33%\">\r\n<figure class=\"wp-block-image aligncenter size-large is-resized\"><img decoding=\"async\" src=\"http:\/\/www.dataslatitudes.com\/sosuniversal\/wp-content\/uploads\/hr_accueil_puce-459x1024.webp\" alt=\"SOS Universal - glavni zaslon\" class=\"wp-image-216\" style=\"width:305px;height:auto\"\/><\/figure>\r\n<\/div>\r\n\r\n\r\n\r\n<div class=\"wp-block-column is-vertically-aligned-center is-layout-flow wp-block-column-is-layout-flow\" style=\"flex-basis:66.66%\">\r\n<div class=\"wp-block-columns is-layout-flex wp-container-core-columns-is-layout-28f84493 wp-block-columns-is-layout-flex\">\r\n<div class=\"wp-block-column is-vertically-aligned-center is-layout-flow wp-block-column-is-layout-flow\" style=\"flex-basis:70%\">\r\n<p style=\"font-size:1rem\">(1) Pristup glavnom izborniku<br>(2) Piktogrami koji sa\u017eimaju sadr\u017eaj upozorenja (u primjeru: telefonski poziv, slanje SMS-a s geografskom lokacijom i adresom, audio snimanje i zvu\u010dni alarm)<br>(3) Oznaka odabranog na\u010dina upozorenja (trenutno, odgo\u0111eno ili ponavljaju\u0107e)<br>(4) Glavni gumb za pokretanje upozorenja<br>(5) Gumb za otkazivanje trenutnog upozorenja<br>(6) Gumb za zaklju\u010davanje\/otklju\u010davanje aplikacije<br>(7) Funkcija pisanja dodatne poruke dodane glavnoj SMS poruci<\/p>\r\n<\/div>\r\n\r\n\r\n\r\n<div class=\"wp-block-column is-vertically-aligned-center is-layout-flow wp-block-column-is-layout-flow\" style=\"flex-basis:30%\">\r\n<figure class=\"wp-block-image aligncenter size-large is-resized\" style=\"margin-top:0;margin-bottom:0\"><img decoding=\"async\" src=\"http:\/\/www.dataslatitudes.com\/sosuniversal\/wp-content\/uploads\/hr_accueil_menu_puce-459x1024.webp\" alt=\"SOS Universal - glavni izbornik\" class=\"wp-image-230\" style=\"width:172px;height:auto\"\/><\/figure>\r\n<\/div>\r\n<\/div>\r\n\r\n\r\n\r\n<p class=\"has-text-align-left\" style=\"font-size:1rem\">(8) Funkcija trenutnog audio snimanja (neovisno o upozorenju)<br>(9) Funkcija trenutnog pokretanja zvu\u010dnog alarma (neovisno o upozorenju)<br>(10) Funkcija trenutnog pokretanja la\u017enog dolaznog telefonskog poziva (neovisno o upozorenju)<\/p>\r\n<\/div>\r\n<\/div>\r\n\r\n\r\n\r\n<div class=\"wp-block-columns is-layout-flex wp-container-core-columns-is-layout-ff679dcb wp-block-columns-is-layout-flex\" style=\"margin-top:0;margin-bottom:0;padding-top:var(--wp--preset--spacing--20);padding-bottom:var(--wp--preset--spacing--20)\">\r\n<div class=\"wp-block-column is-layout-flow wp-block-column-is-layout-flow\">\r\n<p style=\"margin-top:var(--wp--preset--spacing--20);margin-bottom:var(--wp--preset--spacing--20);font-size:1rem\">Iz glavnog izbornika (1) mo\u017eete:<\/p>\r\n\r\n\r\n\r\n<ul style=\"margin-top:var(--wp--preset--spacing--20);margin-bottom:var(--wp--preset--spacing--20)\" class=\"wp-block-list\">\r\n<li style=\"font-size:1rem\">Upravljaj <a href=\"https:\/\/www.dataslatitudes.com\/sosuniversal\/hr\/index.php\/mode-emploi\/mode-emploi-contact\/\">kontakti za upozorenje<\/a><\/li>\r\n\r\n\r\n\r\n<li style=\"font-size:1rem\">Definiraj <a href=\"https:\/\/www.dataslatitudes.com\/sosuniversal\/hr\/index.php\/mode-emploi\/mode-emploi-contenu\/\" data-type=\"page\" data-id=\"189\">sadr\u017eaj i na\u010din upozorenja<\/a><\/li>\r\n\r\n\r\n\r\n<li style=\"font-size:1rem\"><a href=\"https:\/\/www.dataslatitudes.com\/sosuniversal\/hr\/index.php\/mode-emploi\/mode-emploi-parametre\/\">Postavke aplikacije<\/a><\/li>\r\n\r\n\r\n\r\n<li style=\"font-size:1rem\">Pristupiti <a href=\"https:\/\/www.dataslatitudes.com\/sosuniversal\/hr\/index.php\/mode-emploi\/mode-emploi-historique-enregistrement-audio\/\">povijest upozorenja<\/a><\/li>\r\n\r\n\r\n\r\n<li style=\"font-size:1rem\">Upravljati <a href=\"https:\/\/www.dataslatitudes.com\/sosuniversal\/hr\/index.php\/mode-emploi\/mode-emploi-historique-enregistrement-audio\/\">audio snimke<\/a><\/li>\r\n\r\n\r\n\r\n<li style=\"font-size:1rem\">Podijeli aplikaciju SOS Universal<\/li>\r\n\r\n\r\n\r\n<li style=\"font-size:1rem\">Posjetite ovu web stranicu<\/li>\r\n<\/ul>\r\n<\/div>\r\n\r\n\r\n\r\n<div class=\"wp-block-column is-layout-flow wp-block-column-is-layout-flow\">\r\n<p style=\"font-size:1rem\">S po\u010detnog zaslona (6), (7), (8), (9) i (10) mo\u017eete koristiti <a href=\"https:\/\/www.dataslatitudes.com\/sosuniversal\/hr\/index.php\/mode-emploi\/mode-emploi-outils-supplementaire\/\">dodatni alati<\/a>.<\/p>\r\n<\/div>\r\n<\/div>\r\n\r\n\r\n\r\n<p style=\"margin-top:var(--wp--preset--spacing--30);margin-bottom:var(--wp--preset--spacing--30)\"><\/p>\r\n","protected":false},"excerpt":{"rendered":"<p>KORISNI\u010cKI PRIRU\u010cNIK Pokretanje aplikacije SOS Universal mo\u017ee se pokrenuti na klasi\u010dan na\u010din klikom na ikonu aplikacije. Tako\u0111er je mogu\u0107e instalirati [&hellip;]<\/p>\n","protected":false},"author":1,"featured_media":0,"parent":0,"menu_order":2,"comment_status":"closed","ping_status":"closed","template":"","meta":{"site-sidebar-layout":"default","site-content-layout":"","ast-site-content-layout":"","site-content-style":"default","site-sidebar-style":"default","ast-global-header-display":"","ast-banner-title-visibility":"","ast-main-header-display":"","ast-hfb-above-header-display":"","ast-hfb-below-header-display":"","ast-hfb-mobile-header-display":"","site-post-title":"disabled","ast-breadcrumbs-content":"","ast-featured-img":"","footer-sml-layout":"","theme-transparent-header-meta":"","adv-header-id-meta":"","stick-header-meta":"","header-above-stick-meta":"","header-main-stick-meta":"","header-below-stick-meta":"","astra-migrate-meta-layouts":"default","ast-page-background-enabled":"default","ast-page-background-meta":{"desktop":{"background-color":"var(--ast-global-color-5)","background-image":"","background-repeat":"repeat","background-position":"center center","background-size":"auto","background-attachment":"scroll","background-type":"","background-media":"","overlay-type":"","overlay-color":"","overlay-opacity":"","overlay-gradient":""},"tablet":{"background-color":"","background-image":"","background-repeat":"repeat","background-position":"center center","background-size":"auto","background-attachment":"scroll","background-type":"","background-media":"","overlay-type":"","overlay-color":"","overlay-opacity":"","overlay-gradient":""},"mobile":{"background-color":"","background-image":"","background-repeat":"repeat","background-position":"center center","background-size":"auto","background-attachment":"scroll","background-type":"","background-media":"","overlay-type":"","overlay-color":"","overlay-opacity":"","overlay-gradient":""}},"ast-content-background-meta":{"desktop":{"background-color":"var(--ast-global-color-4)","background-image":"","background-repeat":"repeat","background-position":"center center","background-size":"auto","background-attachment":"scroll","background-type":"","background-media":"","overlay-type":"","overlay-color":"","overlay-opacity":"","overlay-gradient":""},"tablet":{"background-color":"var(--ast-global-color-4)","background-image":"","background-repeat":"repeat","background-position":"center center","background-size":"auto","background-attachment":"scroll","background-type":"","background-media":"","overlay-type":"","overlay-color":"","overlay-opacity":"","overlay-gradient":""},"mobile":{"background-color":"var(--ast-global-color-4)","background-image":"","background-repeat":"repeat","background-position":"center center","background-size":"auto","background-attachment":"scroll","background-type":"","background-media":"","overlay-type":"","overlay-color":"","overlay-opacity":"","overlay-gradient":""}},"footnotes":""},"class_list":["post-14","page","type-page","status-publish","hentry"],"yoast_head":"<!-- This site is optimized with the Yoast SEO plugin v25.6 - https:\/\/yoast.com\/wordpress\/plugins\/seo\/ -->\n<title>Glavni ekran<\/title>\n<meta name=\"description\" content=\"Iz glavnog izbornika mo\u017eete upravljati kontaktima za upozorenja, definirati sadr\u017eaj i na\u010din upozorenja, postaviti aplikaciju, pristupiti povijesti upozorenja, upravljati audio snimkama, dijeliti aplikaciju, posjetiti ovu web stranicu i naravno, pokrenuti upozorenje.\" \/>\n<meta name=\"robots\" content=\"index, follow, max-snippet:-1, max-image-preview:large, max-video-preview:-1\" \/>\n<link rel=\"canonical\" href=\"\" \/>\n<meta property=\"og:locale\" content=\"hr_HR\" \/>\n<meta property=\"og:type\" content=\"article\" \/>\n<meta property=\"og:title\" content=\"Glavni ekran\" \/>\n<meta property=\"og:description\" content=\"Iz glavnog izbornika mo\u017eete upravljati kontaktima za upozorenja, definirati sadr\u017eaj i na\u010din upozorenja, postaviti aplikaciju, pristupiti povijesti upozorenja, upravljati audio snimkama, dijeliti aplikaciju, posjetiti ovu web stranicu i naravno, pokrenuti upozorenje.\" \/>\n<meta property=\"og:url\" content=\"https:\/\/www.dataslatitudes.com\/sosuniversal\/hr\/ecran-principal\/\" \/>\n<meta property=\"og:site_name\" content=\"SOS Universal\" \/>\n<meta property=\"article:modified_time\" content=\"2025-07-21T15:55:15+00:00\" \/>\n<meta property=\"og:image\" content=\"https:\/\/www.dataslatitudes.com\/sosuniversal\/wp-content\/uploads\/2025\/07\/choix_appwidget.webp\" \/>\n\t<meta property=\"og:image:width\" content=\"1080\" \/>\n\t<meta property=\"og:image:height\" content=\"2400\" \/>\n\t<meta property=\"og:image:type\" content=\"image\/webp\" \/>\n<meta name=\"twitter:card\" content=\"summary_large_image\" \/>\n<meta name=\"twitter:label1\" content=\"Procijenjeno vrijeme \u010ditanja\" \/>\n\t<meta name=\"twitter:data1\" content=\"4 minute\" \/>\n<script type=\"application\/ld+json\" class=\"yoast-schema-graph\">{\"@context\":\"https:\/\/schema.org\",\"@graph\":[{\"@type\":\"WebPage\",\"@id\":\"https:\/\/www.dataslatitudes.com\/sosuniversal\/hr\/ecran-principal\/\",\"url\":\"https:\/\/www.dataslatitudes.com\/sosuniversal\/hr\/ecran-principal\/\",\"name\":\"Ecran principal - SOS Universal\",\"isPartOf\":{\"@id\":\"https:\/\/www.dataslatitudes.com\/sosuniversal\/#website\"},\"primaryImageOfPage\":{\"@id\":\"https:\/\/www.dataslatitudes.com\/sosuniversal\/hr\/ecran-principal\/#primaryimage\"},\"image\":{\"@id\":\"https:\/\/www.dataslatitudes.com\/sosuniversal\/hr\/ecran-principal\/#primaryimage\"},\"thumbnailUrl\":\"http:\/\/www.dataslatitudes.com\/sosuniversal\/wp-content\/uploads\/2025\/07\/choix_appwidget.webp\",\"datePublished\":\"2025-06-10T17:50:33+00:00\",\"dateModified\":\"2025-07-21T15:55:15+00:00\",\"description\":\"A partir du menu principal, vous pouvez g\u00e9rer les contacts \u00e0 alerter, d\u00e9finir le contenu et le mode de l\u2019alerte, param\u00e9trer l\u2019application, acc\u00e9der \u00e0 l\u2019historique des alertes, administrer les enregistrements audios, partager l\u2019application, consulter le pr\u00e9sent site web et bien sur d\u00e9clencher une alerte.\",\"breadcrumb\":{\"@id\":\"https:\/\/www.dataslatitudes.com\/sosuniversal\/hr\/ecran-principal\/#breadcrumb\"},\"inLanguage\":\"hr\",\"potentialAction\":[{\"@type\":\"ReadAction\",\"target\":[\"https:\/\/www.dataslatitudes.com\/sosuniversal\/hr\/ecran-principal\/\"]}]},{\"@type\":\"ImageObject\",\"inLanguage\":\"hr\",\"@id\":\"https:\/\/www.dataslatitudes.com\/sosuniversal\/hr\/ecran-principal\/#primaryimage\",\"url\":\"http:\/\/www.dataslatitudes.com\/sosuniversal\/wp-content\/uploads\/2025\/07\/choix_appwidget.webp\",\"contentUrl\":\"http:\/\/www.dataslatitudes.com\/sosuniversal\/wp-content\/uploads\/2025\/07\/choix_appwidget.webp\"},{\"@type\":\"BreadcrumbList\",\"@id\":\"https:\/\/www.dataslatitudes.com\/sosuniversal\/hr\/ecran-principal\/#breadcrumb\",\"itemListElement\":[{\"@type\":\"ListItem\",\"position\":1,\"name\":\"Predstavljanje\",\"item\":\"https:\/\/www.dataslatitudes.com\/sosuniversal\/fr\/\"},{\"@type\":\"ListItem\",\"position\":2,\"name\":\"Glavni ekran\"}]},{\"@type\":\"WebSite\",\"@id\":\"https:\/\/www.dataslatitudes.com\/sosuniversal\/hr\/#website\",\"url\":\"https:\/\/www.dataslatitudes.com\/sosuniversal\/hr\/\",\"name\":\"SOS Universal\",\"description\":\"\",\"publisher\":{\"@id\":\"https:\/\/www.dataslatitudes.com\/sosuniversal\/hr\/#organization\"},\"potentialAction\":[{\"@type\":\"SearchAction\",\"target\":{\"@type\":\"EntryPoint\",\"urlTemplate\":\"https:\/\/www.dataslatitudes.com\/sosuniversal\/hr\/?s={search_term_string}\"},\"query-input\":{\"@type\":\"PropertyValueSpecification\",\"valueRequired\":true,\"valueName\":\"search_term_string\"}}],\"inLanguage\":\"hr\"},{\"@type\":\"Organization\",\"@id\":\"https:\/\/www.dataslatitudes.com\/sosuniversal\/hr\/#organization\",\"name\":\"DATASLATITUDES\",\"url\":\"https:\/\/www.dataslatitudes.com\/sosuniversal\/hr\/\",\"logo\":{\"@type\":\"ImageObject\",\"inLanguage\":\"hr\",\"@id\":\"https:\/\/www.dataslatitudes.com\/sosuniversal\/hr\/#\/schema\/logo\/image\/\",\"url\":\"https:\/\/www.dataslatitudes.com\/sosuniversal\/wp-content\/uploads\/2025\/07\/logo_mrdv.png\",\"contentUrl\":\"https:\/\/www.dataslatitudes.com\/sosuniversal\/wp-content\/uploads\/2025\/07\/logo_mrdv.png\",\"width\":72,\"height\":72,\"caption\":\"DATASLATITUDES\"},\"image\":{\"@id\":\"https:\/\/www.dataslatitudes.com\/sosuniversal\/hr\/#\/schema\/logo\/image\/\"}}]}<\/script>\n<!-- \/ Yoast SEO plugin. -->","yoast_head_json":{"title":"Glavni ekran","description":"Iz glavnog izbornika mo\u017eete upravljati kontaktima za upozorenja, definirati sadr\u017eaj i na\u010din upozorenja, postaviti aplikaciju, pristupiti povijesti upozorenja, upravljati audio snimkama, dijeliti aplikaciju, posjetiti ovu web stranicu i naravno, pokrenuti upozorenje.","robots":{"index":"index","follow":"follow","max-snippet":"max-snippet:-1","max-image-preview":"max-image-preview:large","max-video-preview":"max-video-preview:-1"},"canonical":"KORISNI\u010cKI PRIRU\u010cNIK Pokretanje aplikacije SOS Universal mo\u017ee se pokrenuti na klasi\u010dan na\u010din klikom na ikonu aplikacije. Tako\u0111er je mogu\u0107e instalirati i koristiti jedan od dva widgeta aplikacije dizajnirana za SOS Universal.Ovisno o verziji Androida, dostupna su dva na\u010dina instalacije: dugim pritiskom na prazan prostor zaslona pametnog telefona (npr. po\u010detni zaslon) ili dugim pritiskom na ikonu&hellip;","og_locale":"hr_HR","og_type":"article","og_title":"Glavni ekran","og_description":"Iz glavnog izbornika mo\u017eete upravljati kontaktima za upozorenja, definirati sadr\u017eaj i na\u010din upozorenja, postaviti aplikaciju, pristupiti povijesti upozorenja, upravljati audio snimkama, dijeliti aplikaciju, posjetiti ovu web stranicu i naravno, pokrenuti upozorenje.","og_url":"https:\/\/www.dataslatitudes.com\/sosuniversal\/hr\/ecran-principal\/","og_site_name":"SOS Universal","article_modified_time":"2025-07-21T15:55:15+00:00","og_image":[{"width":1080,"height":2400,"url":"https:\/\/www.dataslatitudes.com\/sosuniversal\/wp-content\/uploads\/2025\/07\/choix_appwidget.webp","type":"image\/webp"}],"twitter_card":"summary_large_image","twitter_misc":{"Procijenjeno vrijeme \u010ditanja":"4 minute"},"schema":{"@context":"https:\/\/schema.org","@graph":[{"@type":"WebPage","@id":"https:\/\/www.dataslatitudes.com\/sosuniversal\/hr\/ecran-principal\/","url":"https:\/\/www.dataslatitudes.com\/sosuniversal\/hr\/ecran-principal\/","name":"Ecran principal - SOS Universal","isPartOf":{"@id":"https:\/\/www.dataslatitudes.com\/sosuniversal\/#website"},"primaryImageOfPage":{"@id":"https:\/\/www.dataslatitudes.com\/sosuniversal\/hr\/ecran-principal\/#primaryimage"},"image":{"@id":"https:\/\/www.dataslatitudes.com\/sosuniversal\/hr\/ecran-principal\/#primaryimage"},"thumbnailUrl":"http:\/\/www.dataslatitudes.com\/sosuniversal\/wp-content\/uploads\/2025\/07\/choix_appwidget.webp","datePublished":"2025-06-10T17:50:33+00:00","dateModified":"2025-07-21T15:55:15+00:00","description":"A partir du menu principal, vous pouvez g\u00e9rer les contacts \u00e0 alerter, d\u00e9finir le contenu et le mode de l\u2019alerte, param\u00e9trer l\u2019application, acc\u00e9der \u00e0 l\u2019historique des alertes, administrer les enregistrements audios, partager l\u2019application, consulter le pr\u00e9sent site web et bien sur d\u00e9clencher une alerte.","breadcrumb":{"@id":"https:\/\/www.dataslatitudes.com\/sosuniversal\/hr\/ecran-principal\/#breadcrumb"},"inLanguage":"hr","potentialAction":[{"@type":"ReadAction","target":["https:\/\/www.dataslatitudes.com\/sosuniversal\/hr\/ecran-principal\/"]}]},{"@type":"ImageObject","inLanguage":"hr","@id":"https:\/\/www.dataslatitudes.com\/sosuniversal\/hr\/ecran-principal\/#primaryimage","url":"http:\/\/www.dataslatitudes.com\/sosuniversal\/wp-content\/uploads\/2025\/07\/choix_appwidget.webp","contentUrl":"http:\/\/www.dataslatitudes.com\/sosuniversal\/wp-content\/uploads\/2025\/07\/choix_appwidget.webp"},{"@type":"BreadcrumbList","@id":"https:\/\/www.dataslatitudes.com\/sosuniversal\/hr\/ecran-principal\/#breadcrumb","itemListElement":[{"@type":"ListItem","position":1,"name":"Predstavljanje","item":"https:\/\/www.dataslatitudes.com\/sosuniversal\/fr\/"},{"@type":"ListItem","position":2,"name":"Glavni ekran"}]},{"@type":"WebSite","@id":"https:\/\/www.dataslatitudes.com\/sosuniversal\/hr\/#website","url":"https:\/\/www.dataslatitudes.com\/sosuniversal\/hr\/","name":"SOS Universal","description":"","publisher":{"@id":"https:\/\/www.dataslatitudes.com\/sosuniversal\/hr\/#organization"},"potentialAction":[{"@type":"SearchAction","target":{"@type":"EntryPoint","urlTemplate":"https:\/\/www.dataslatitudes.com\/sosuniversal\/hr\/?s={search_term_string}"},"query-input":{"@type":"PropertyValueSpecification","valueRequired":true,"valueName":"search_term_string"}}],"inLanguage":"hr"},{"@type":"Organization","@id":"https:\/\/www.dataslatitudes.com\/sosuniversal\/hr\/#organization","name":"DATASLATITUDES","url":"https:\/\/www.dataslatitudes.com\/sosuniversal\/hr\/","logo":{"@type":"ImageObject","inLanguage":"hr","@id":"https:\/\/www.dataslatitudes.com\/sosuniversal\/hr\/#\/schema\/logo\/image\/","url":"https:\/\/www.dataslatitudes.com\/sosuniversal\/wp-content\/uploads\/2025\/07\/logo_mrdv.png","contentUrl":"https:\/\/www.dataslatitudes.com\/sosuniversal\/wp-content\/uploads\/2025\/07\/logo_mrdv.png","width":72,"height":72,"caption":"DATASLATITUDES"},"image":{"@id":"https:\/\/www.dataslatitudes.com\/sosuniversal\/hr\/#\/schema\/logo\/image\/"}}]}},"_links":{"self":[{"href":"https:\/\/www.dataslatitudes.com\/sosuniversal\/hr\/wp-json\/wp\/v2\/pages\/14","targetHints":{"allow":["GET"]}}],"collection":[{"href":"https:\/\/www.dataslatitudes.com\/sosuniversal\/hr\/wp-json\/wp\/v2\/pages"}],"about":[{"href":"https:\/\/www.dataslatitudes.com\/sosuniversal\/hr\/wp-json\/wp\/v2\/types\/page"}],"author":[{"embeddable":true,"href":"https:\/\/www.dataslatitudes.com\/sosuniversal\/hr\/wp-json\/wp\/v2\/users\/1"}],"replies":[{"embeddable":true,"href":"https:\/\/www.dataslatitudes.com\/sosuniversal\/hr\/wp-json\/wp\/v2\/comments?post=14"}],"version-history":[{"count":65,"href":"https:\/\/www.dataslatitudes.com\/sosuniversal\/hr\/wp-json\/wp\/v2\/pages\/14\/revisions"}],"predecessor-version":[{"id":1048,"href":"https:\/\/www.dataslatitudes.com\/sosuniversal\/hr\/wp-json\/wp\/v2\/pages\/14\/revisions\/1048"}],"wp:attachment":[{"href":"https:\/\/www.dataslatitudes.com\/sosuniversal\/hr\/wp-json\/wp\/v2\/media?parent=14"}],"curies":[{"name":"wp","href":"https:\/\/api.w.org\/{rel}","templated":true}]}}