{"id":127,"date":"2025-06-12T03:29:21","date_gmt":"2025-06-12T03:29:21","guid":{"rendered":"https:\/\/www.dataslatitudes.com\/sosuniversal\/?page_id=127"},"modified":"2025-07-13T07:26:58","modified_gmt":"2025-07-13T07:26:58","slug":"cas-dutilisation","status":"publish","type":"page","link":"https:\/\/www.dataslatitudes.com\/sosuniversal\/hr\/cas-dutilisation\/","title":{"rendered":"Slu\u010dajevi kori\u0161tenja"},"content":{"rendered":"\r\n<p class=\"has-small-font-size\"><\/p>\r\n\r\n\r\n\r\n<h1 class=\"wp-block-heading has-text-align-center has-medium-font-size\"><strong>SLU\u010cAJEVI KORI\u0160TENJA<\/strong><\/h1>\r\n\r\n\r\n\r\n<p style=\"font-size:1rem\">Aplikacija za pametni telefon koja omogu\u0107uje slanje upozorenja, poziva u pomo\u0107 ili jednostavno dijeljenje trenutne lokacije mo\u017ee biti klju\u010dna u mnogim situacijama, pru\u017eaju\u0107i mir i pridonose\u0107i brzom pristupu pomo\u0107i. Evo nekoliko primjera njezinih slu\u010dajeva uporabe, razvrstanih po kategorijama radi boljeg razumijevanja.<\/p>\r\n\r\n\r\n\r\n<h2 class=\"wp-block-heading has-background\" style=\"background-color:#f9f3eb;margin-top:var(--wp--preset--spacing--30);margin-bottom:var(--wp--preset--spacing--30);padding-top:var(--wp--preset--spacing--20);padding-bottom:var(--wp--preset--spacing--20);font-size:1.2rem\">Osobna sigurnost i hitne situacije<\/h2>\r\n\r\n\r\n\r\n<ul class=\"wp-block-list\">\r\n<li style=\"font-size:1rem\"><strong>Nasilje nad \u017eenama, LGBTfobno i serofobno nasilje, rasisti\u010dko, ksenofobno nasilje ili nasilje zbog vjere, nasilje nad osobama s invaliditetom&nbsp;: <\/strong>u slu\u010daju fizi\u010dkog ili verbalnog napada, aplikacija omogu\u0107uje diskretno pokretanje upozorenja jednim klikom na povjerljive kontakte uz dijeljenje GPS polo\u017eaja u stvarnom vremenu. Audio snimanje se tako\u0111er mo\u017ee konfigurirati kao dokaz u slu\u010daju podno\u0161enja prijave.<\/li>\r\n\r\n\r\n\r\n<li style=\"font-size:1rem\"><strong>\u017drtva neprikladnih gesta u javnom prijevozu (npr. dodirivanje u podzemnoj \u017eeljeznici): <\/strong>\u017ertva mo\u017ee pokrenuti zvu\u010dni alarm visokog intenziteta (npr. policijsku sirenu ili ljudski krik), kao i audio snimanje.<\/li>\r\n\r\n\r\n\r\n<li style=\"font-size:1rem\"><strong>Agresija ili neposredna prijetnja: <\/strong>u slu\u010daju fizi\u010dkog napada, poku\u0161aja silovanja, nasilne plja\u010dke ili bilo koje situacije koja izravno ugro\u017eava tjelesni integritet korisnika, aplikacija omogu\u0107uje brzo i diskretno slanje upozorenja hitnim kontaktima.<\/li>\r\n\r\n\r\n\r\n<li style=\"font-size:1rem\"><strong>Situacija uznemiravanja ili uho\u0111enja: <\/strong>aplikacija omogu\u0107uje diskretno upozoravanje pouzdanih kontakata ili vlasti u slu\u010daju pra\u0107enja ili uznemiravanja, uz mogu\u0107nost snimanja dokaza putem audio zapisa.<\/li>\r\n\r\n\r\n\r\n<li style=\"font-size:1rem\"><strong>\u017drtve obiteljskog nasilja: <\/strong>mogu\u0107e je imati diskretan i brz na\u010din tra\u017eenja pomo\u0107i u slu\u010daju opasnosti, bez upozoravanja napada\u010da.<\/li>\r\n<\/ul>\r\n\r\n\r\n\r\n<p style=\"font-size:1rem\">U prethodnim slu\u010dajevima, diskretno upozorenje mo\u017ee se nadopuniti ili zamijeniti zvu\u010dnim odvra\u0107anjem: aktiviranjem sirene visokog intenziteta ili simulacijom dolaznog telefonskog poziva radi stvaranja diverzije.<\/p>\r\n\r\n\r\n\r\n<ul class=\"wp-block-list\">\r\n<li style=\"font-size:1rem\"><strong>Medicinski problemi: <\/strong>za osobe koje pate od kroni\u010dnih bolesti (sr\u010dani udar, te\u0161ki napadi astme, epilepsija, te\u0161ke alergije) ili u slu\u010daju nesre\u0107e (pad, ozljeda), aplikacija omogu\u0107uje slanje poziva u pomo\u0107.<\/li>\r\n\r\n\r\n\r\n<li style=\"font-size:1rem\"><strong>Nestanak ili gubitak: <\/strong>posebno korisna za djecu, starije osobe s kognitivnim poreme\u0107ajima ili planinare, aplikacija omogu\u0107uje slanje GPS polo\u017eaja u stvarnom vremenu, olak\u0161avaju\u0107i pretra\u017eivanje.<\/li>\r\n\r\n\r\n\r\n<li style=\"font-size:1rem\"><strong>Prometne nesre\u0107e: <\/strong>u slu\u010daju nesre\u0107e, aplikacija omogu\u0107uje slanje upozorenja s lokacijom.<\/li>\r\n\r\n\r\n\r\n<li style=\"font-size:1rem\"><strong>Prirodne katastrofe: <\/strong>tijekom potresa, poplava, \u0161umskih po\u017eara ili drugih katastrofa, aplikacija se mo\u017ee koristiti za prijavljivanje lokacije, tra\u017eenje pomo\u0107i i obavje\u0161tavanje bli\u017enjih o svojoj sigurnosti.<\/li>\r\n<\/ul>\r\n\r\n\r\n\r\n<h2 class=\"wp-block-heading has-background\" style=\"background-color:#f9f3eb;margin-top:var(--wp--preset--spacing--30);margin-bottom:var(--wp--preset--spacing--30);padding-top:var(--wp--preset--spacing--20);padding-bottom:var(--wp--preset--spacing--20);font-size:1.2rem\">Svakodnevni \u017eivot i pomo\u0107<\/h2>\r\n\r\n\r\n\r\n<ul class=\"wp-block-list\">\r\n<li style=\"font-size:1rem\"><strong>Starije osobe ili osobe s invaliditetom: <\/strong>aplikacija se mo\u017ee koristiti za pokretanje zahtjeva za pomo\u0107.<\/li>\r\n\r\n\r\n\r\n<li style=\"font-size:1rem\"><strong>Djeca i adolescenti: <\/strong>Za roditelje zabrinute za sigurnost svoje djece, aplikacija mo\u017ee omogu\u0107iti djeci diskretno slanje upozorenja u slu\u010daju opasnosti, kada se osje\u0107aju izgubljeno ili u situaciji uznemiravanja (uz snimanje dokaza).<br>Primjer: adolescent(ica) na zabavi koji\/koja se osje\u0107a nelagodno, pod pritiskom je ili ga\/ju treba pokupiti bez mogu\u0107nosti izravnog izra\u017eavanja, mo\u017ee diskretno poslati upozorenje roditeljima ili pouzdanoj odrasloj osobi.<\/li>\r\n\r\n\r\n\r\n<li style=\"font-size:1rem\"><strong>Mehani\u010dki problemi ili kvar vozila: <\/strong>u slu\u010daju kvara na izoliranoj ili opasnoj cesti, aplikacija omogu\u0107uje slanje upozorenja cestovnoj pomo\u0107i ili kontaktima za pomo\u0107.<\/li>\r\n\r\n\r\n\r\n<li style=\"font-size:1rem\"><strong>Dru\u0161tvena izolacija ili osje\u0107aj opasnosti: <\/strong>osoba koja se osje\u0107a ranjivom ili ugro\u017eenom u odre\u0111enoj dru\u0161tvenoj situaciji (na primjer, tijekom spoja s nepoznatom osobom) mo\u017ee koristiti aplikaciju za diskretno upozoravanje prijatelja i dijeljenje svoje lokacije.<\/li>\r\n\r\n\r\n\r\n<li style=\"font-size:1rem\"><strong>Psiholo\u0161ka podr\u0161ka: <\/strong>Za osobe koje pate od anksioznosti ili napadaja panike, aplikacija omogu\u0107uje upozoravanje pouzdanog kontakta za trenutnu podr\u0161ku.<\/li>\r\n<\/ul>\r\n\r\n\r\n\r\n<h2 class=\"wp-block-heading has-background\" style=\"background-color:#f9f3eb;margin-top:var(--wp--preset--spacing--30);margin-bottom:var(--wp--preset--spacing--30);padding-top:var(--wp--preset--spacing--20);padding-bottom:var(--wp--preset--spacing--20);font-size:1.2rem\">Rad i profesionalne situacije<\/h2>\r\n\r\n\r\n\r\n<ul class=\"wp-block-list\">\r\n<li style=\"font-size:1rem\"><strong>Samci: <\/strong>za profesionalce koji rade sami u rizi\u010dnim okru\u017eenjima (za\u0161titari, tehni\u010dari za odr\u017eavanje, taksisti, poljoprivrednici, uzgajiva\u010di kamenica), aplikacija pridonosi brzoj pomo\u0107i u slu\u010daju nesre\u0107e ili napada.<\/li>\r\n\r\n\r\n\r\n<li style=\"font-size:1rem\"><strong>Zdravstveni i socijalni radnici: <\/strong>lije\u010dnici, medicinske sestre, socijalni radnici ili pomo\u0107nici u ku\u0107i koji posje\u0107uju rizi\u010dne pacijente ili klijente mogu koristiti aplikaciju za prijavu opasne situacije ili tra\u017eenje pomo\u0107i.<\/li>\r\n\r\n\r\n\r\n<li style=\"font-size:1rem\"><strong>No\u0107no osoblje: <\/strong>zaposlenici koji rade no\u0107u na izoliranim mjestima (benzinske postaje, supermarketi, hoteli) mogu imati na\u010din da brzo zatra\u017ee pomo\u0107 u slu\u010daju kra\u0111e ili napada.<\/li>\r\n\r\n\r\n\r\n<li style=\"font-size:1rem\"><strong>Novinari i reporteri u rizi\u010dnim zonama: <\/strong>mogu\u0107nost prijave opasne situacije ili uhi\u0107enja, preno\u0161enje lokacije i kontekstualnih informacija (putem telefonskog poziva ili SMS-a) hitnim kontaktima.<\/li>\r\n<\/ul>\r\n\r\n\r\n\r\n<h2 class=\"wp-block-heading has-background\" style=\"background-color:#f9f3eb;margin-top:var(--wp--preset--spacing--30);margin-bottom:var(--wp--preset--spacing--30);padding-top:var(--wp--preset--spacing--20);padding-bottom:var(--wp--preset--spacing--20);font-size:1.2rem\">Slobodne aktivnosti i aktivnosti na otvorenom<\/h2>\r\n\r\n\r\n\r\n<ul class=\"wp-block-list\">\r\n<li style=\"font-size:1rem\"><strong>Planinarenje i alpinizam: <\/strong>u slu\u010daju pada, ozljede, gubitka orijentacije ili ekstremnih vremenskih uvjeta, aplikacija omogu\u0107uje slanje upozorenja s GPS polo\u017eajem spasila\u010dkim timovima ili obitelji.<\/li>\r\n\r\n\r\n\r\n<li style=\"font-size:1rem\"><strong>Vodeni sportovi: <\/strong>za nauti\u010dare, na primjer, aplikacija se mo\u017ee koristiti za prijavljivanje problema (prevrnu\u0107e, kvar motora, ozljeda) uz prijenos polo\u017eaja.<\/li>\r\n\r\n\r\n\r\n<li style=\"font-size:1rem\"><strong>Biciklizam i tr\u010danje: <\/strong>u slu\u010daju pada, ozljede ili nelagode, aplikacija omogu\u0107uje upozoravanje unaprijed definiranih kontakata s lokacijom.<\/li>\r\n\r\n\r\n\r\n<li style=\"font-size:1rem\"><strong>Putovanja i turizam: <\/strong>putnici, posebno oni koji istra\u017euju nepoznata ili opasna podru\u010dja, mogu koristiti aplikaciju za upozoravanje svojih bli\u017enjih ili konzularnih slu\u017ebi u slu\u010daju problema (napad, bolest, kra\u0111a dokumenata).<\/li>\r\n<\/ul>\r\n\r\n\r\n\r\n<p style=\"font-size:1rem\">U prethodnim slu\u010dajevima, s ciljem informiranja va\u0161eg profesionalnog ili obiteljskog okru\u017eenja, na primjer, upozorenje se mo\u017ee ograni\u010diti na slanje samo trenutne geografske lokacije putem SMS-a. Primjer: u ponavljaju\u0107em na\u010dinu rada, tijekom 5 sati, svakih 15 minuta, \u0161aljem SMS koji sadr\u017ei samo moju lokaciju.<\/p>\r\n\r\n\r\n\r\n<p class=\"has-small-font-size\" style=\"margin-top:var(--wp--preset--spacing--30);margin-bottom:var(--wp--preset--spacing--30)\"><\/p>\r\n","protected":false},"excerpt":{"rendered":"<p>SLU\u010cAJEVI KORI\u0160TENJA Aplikacija za pametni telefon koja omogu\u0107uje slanje upozorenja, poziva u pomo\u0107 ili jednostavno dijeljenje trenutne lokacije mo\u017ee biti [&hellip;]<\/p>\n","protected":false},"author":1,"featured_media":0,"parent":0,"menu_order":1,"comment_status":"closed","ping_status":"closed","template":"","meta":{"site-sidebar-layout":"default","site-content-layout":"","ast-site-content-layout":"","site-content-style":"default","site-sidebar-style":"default","ast-global-header-display":"","ast-banner-title-visibility":"","ast-main-header-display":"","ast-hfb-above-header-display":"","ast-hfb-below-header-display":"","ast-hfb-mobile-header-display":"","site-post-title":"disabled","ast-breadcrumbs-content":"","ast-featured-img":"","footer-sml-layout":"","theme-transparent-header-meta":"","adv-header-id-meta":"","stick-header-meta":"","header-above-stick-meta":"","header-main-stick-meta":"","header-below-stick-meta":"","astra-migrate-meta-layouts":"default","ast-page-background-enabled":"default","ast-page-background-meta":{"desktop":{"background-color":"var(--ast-global-color-5)","background-image":"","background-repeat":"repeat","background-position":"center center","background-size":"auto","background-attachment":"scroll","background-type":"","background-media":"","overlay-type":"","overlay-color":"","overlay-opacity":"","overlay-gradient":""},"tablet":{"background-color":"","background-image":"","background-repeat":"repeat","background-position":"center center","background-size":"auto","background-attachment":"scroll","background-type":"","background-media":"","overlay-type":"","overlay-color":"","overlay-opacity":"","overlay-gradient":""},"mobile":{"background-color":"","background-image":"","background-repeat":"repeat","background-position":"center center","background-size":"auto","background-attachment":"scroll","background-type":"","background-media":"","overlay-type":"","overlay-color":"","overlay-opacity":"","overlay-gradient":""}},"ast-content-background-meta":{"desktop":{"background-color":"var(--ast-global-color-4)","background-image":"","background-repeat":"repeat","background-position":"center center","background-size":"auto","background-attachment":"scroll","background-type":"","background-media":"","overlay-type":"","overlay-color":"","overlay-opacity":"","overlay-gradient":""},"tablet":{"background-color":"var(--ast-global-color-4)","background-image":"","background-repeat":"repeat","background-position":"center center","background-size":"auto","background-attachment":"scroll","background-type":"","background-media":"","overlay-type":"","overlay-color":"","overlay-opacity":"","overlay-gradient":""},"mobile":{"background-color":"var(--ast-global-color-4)","background-image":"","background-repeat":"repeat","background-position":"center center","background-size":"auto","background-attachment":"scroll","background-type":"","background-media":"","overlay-type":"","overlay-color":"","overlay-opacity":"","overlay-gradient":""}},"footnotes":""},"class_list":["post-127","page","type-page","status-publish","hentry"],"yoast_head":"<!-- This site is optimized with the Yoast SEO plugin v25.6 - https:\/\/yoast.com\/wordpress\/plugins\/seo\/ -->\n<title>Slu\u010dajevi kori\u0161tenja<\/title>\n<meta name=\"description\" content=\"Aplikacija za pametni telefon koja omogu\u0107uje slanje upozorenja, poziva u pomo\u0107 ili jednostavno svoje trenutne lokacije mo\u017ee biti klju\u010dna u mnogim situacijama, pru\u017eaju\u0107i du\u0161evni mir i pridonose\u0107i brzom pristupu pomo\u0107i. Primjeri: osobna sigurnost i hitne situacije, svakodnevni \u017eivot i pomo\u0107, posao i profesionalne situacije te slobodno vrijeme i aktivnosti na otvorenom.\" \/>\n<meta name=\"robots\" content=\"index, follow, max-snippet:-1, max-image-preview:large, max-video-preview:-1\" \/>\n<link rel=\"canonical\" href=\"http:\/\/SLU\u010cAJEVI%20KORI\u0160TENJA%20Aplikacija%20za%20pametni%20telefon%20koja%20omogu\u0107uje%20slanje%20upozorenja,%20poziva%20u%20pomo\u0107%20ili%20jednostavno%20dijeljenje%20trenutne%20lokacije%20mo\u017ee%20biti%20klju\u010dna%20u%20mnogim%20situacijama,%20pru\u017eaju\u0107i%20mir%20i%20pridonose\u0107i%20brzom%20pristupu%20pomo\u0107i.%20Evo%20nekoliko%20primjera%20njezinih%20slu\u010dajeva%20uporabe,%20razvrstanih%20po%20kategorijama%20radi%20boljeg%20razumijevanja.%20Osobna%20sigurnost%20i%20hitne%20situacije%20Nasilje%20nad%20\u017eenama,%20LGBTfobno%20i%20serofobno%20nasilje,&hellip;\" \/>\n<meta property=\"og:locale\" content=\"hr_HR\" \/>\n<meta property=\"og:type\" content=\"article\" \/>\n<meta property=\"og:title\" content=\"Slu\u010dajevi kori\u0161tenja\" \/>\n<meta property=\"og:description\" content=\"Aplikacija za pametni telefon koja omogu\u0107uje slanje upozorenja, poziva u pomo\u0107 ili jednostavno svoje trenutne lokacije mo\u017ee biti klju\u010dna u mnogim situacijama, pru\u017eaju\u0107i du\u0161evni mir i pridonose\u0107i brzom pristupu pomo\u0107i. Primjeri: osobna sigurnost i hitne situacije, svakodnevni \u017eivot i pomo\u0107, posao i profesionalne situacije te slobodno vrijeme i aktivnosti na otvorenom.\" \/>\n<meta property=\"og:url\" content=\"https:\/\/www.dataslatitudes.com\/sosuniversal\/hr\/cas-dutilisation\/\" \/>\n<meta property=\"og:site_name\" content=\"SOS Universal\" \/>\n<meta property=\"article:modified_time\" content=\"2025-07-13T07:26:58+00:00\" \/>\n<meta name=\"twitter:card\" content=\"summary_large_image\" \/>\n<meta name=\"twitter:label1\" content=\"Procijenjeno vrijeme \u010ditanja\" \/>\n\t<meta name=\"twitter:data1\" content=\"5 minuta\" \/>\n<script type=\"application\/ld+json\" class=\"yoast-schema-graph\">{\"@context\":\"https:\/\/schema.org\",\"@graph\":[{\"@type\":\"WebPage\",\"@id\":\"https:\/\/www.dataslatitudes.com\/sosuniversal\/hr\/cas-dutilisation\/\",\"url\":\"https:\/\/www.dataslatitudes.com\/sosuniversal\/hr\/cas-dutilisation\/\",\"name\":\"Cas d'utilisation - SOS Universal\",\"isPartOf\":{\"@id\":\"https:\/\/www.dataslatitudes.com\/sosuniversal\/#website\"},\"datePublished\":\"2025-06-12T03:29:21+00:00\",\"dateModified\":\"2025-07-13T07:26:58+00:00\",\"description\":\"Une application pour smartphone permettant d\u2019envoyer des alertes, des appels \u00e0 l\u2019aide ou tout simplement sa localisation courante peut s\u2019av\u00e9rer cruciale dans de nombreuses situations, offrant une tranquillit\u00e9 d\u2019esprit et contribuant \u00e0 un acc\u00e8s rapide \u00e0 l\u2019assistance. Exemples : s\u00e9curit\u00e9 personnelle et situations d\u2019urgence, vie quotidienne et assistance, travail et situations professionnelles ainsi que loisirs et activit\u00e9s en ext\u00e9rieur.\",\"breadcrumb\":{\"@id\":\"https:\/\/www.dataslatitudes.com\/sosuniversal\/hr\/cas-dutilisation\/#breadcrumb\"},\"inLanguage\":\"hr\",\"potentialAction\":[{\"@type\":\"ReadAction\",\"target\":[\"https:\/\/www.dataslatitudes.com\/sosuniversal\/hr\/cas-dutilisation\/\"]}]},{\"@type\":\"BreadcrumbList\",\"@id\":\"https:\/\/www.dataslatitudes.com\/sosuniversal\/hr\/cas-dutilisation\/#breadcrumb\",\"itemListElement\":[{\"@type\":\"ListItem\",\"position\":1,\"name\":\"Predstavljanje\",\"item\":\"https:\/\/www.dataslatitudes.com\/sosuniversal\/fr\/\"},{\"@type\":\"ListItem\",\"position\":2,\"name\":\"Slu\u010dajevi kori\u0161tenja\"}]},{\"@type\":\"WebSite\",\"@id\":\"https:\/\/www.dataslatitudes.com\/sosuniversal\/hr\/#website\",\"url\":\"https:\/\/www.dataslatitudes.com\/sosuniversal\/hr\/\",\"name\":\"SOS Universal\",\"description\":\"\",\"publisher\":{\"@id\":\"https:\/\/www.dataslatitudes.com\/sosuniversal\/hr\/#organization\"},\"potentialAction\":[{\"@type\":\"SearchAction\",\"target\":{\"@type\":\"EntryPoint\",\"urlTemplate\":\"https:\/\/www.dataslatitudes.com\/sosuniversal\/hr\/?s={search_term_string}\"},\"query-input\":{\"@type\":\"PropertyValueSpecification\",\"valueRequired\":true,\"valueName\":\"search_term_string\"}}],\"inLanguage\":\"hr\"},{\"@type\":\"Organization\",\"@id\":\"https:\/\/www.dataslatitudes.com\/sosuniversal\/hr\/#organization\",\"name\":\"DATASLATITUDES\",\"url\":\"https:\/\/www.dataslatitudes.com\/sosuniversal\/hr\/\",\"logo\":{\"@type\":\"ImageObject\",\"inLanguage\":\"hr\",\"@id\":\"https:\/\/www.dataslatitudes.com\/sosuniversal\/hr\/#\/schema\/logo\/image\/\",\"url\":\"https:\/\/www.dataslatitudes.com\/sosuniversal\/wp-content\/uploads\/2025\/07\/logo_mrdv.png\",\"contentUrl\":\"https:\/\/www.dataslatitudes.com\/sosuniversal\/wp-content\/uploads\/2025\/07\/logo_mrdv.png\",\"width\":72,\"height\":72,\"caption\":\"DATASLATITUDES\"},\"image\":{\"@id\":\"https:\/\/www.dataslatitudes.com\/sosuniversal\/hr\/#\/schema\/logo\/image\/\"}}]}<\/script>\n<!-- \/ Yoast SEO plugin. -->","yoast_head_json":{"title":"Slu\u010dajevi kori\u0161tenja","description":"Aplikacija za pametni telefon koja omogu\u0107uje slanje upozorenja, poziva u pomo\u0107 ili jednostavno svoje trenutne lokacije mo\u017ee biti klju\u010dna u mnogim situacijama, pru\u017eaju\u0107i du\u0161evni mir i pridonose\u0107i brzom pristupu pomo\u0107i. Primjeri: osobna sigurnost i hitne situacije, svakodnevni \u017eivot i pomo\u0107, posao i profesionalne situacije te slobodno vrijeme i aktivnosti na otvorenom.","robots":{"index":"index","follow":"follow","max-snippet":"max-snippet:-1","max-image-preview":"max-image-preview:large","max-video-preview":"max-video-preview:-1"},"canonical":"SLU\u010cAJEVI KORI\u0160TENJA Aplikacija za pametni telefon koja omogu\u0107uje slanje upozorenja, poziva u pomo\u0107 ili jednostavno dijeljenje trenutne lokacije mo\u017ee biti klju\u010dna u mnogim situacijama, pru\u017eaju\u0107i mir i pridonose\u0107i brzom pristupu pomo\u0107i. Evo nekoliko primjera njezinih slu\u010dajeva uporabe, razvrstanih po kategorijama radi boljeg razumijevanja. Osobna sigurnost i hitne situacije Nasilje nad \u017eenama, LGBTfobno i serofobno nasilje,&hellip;","og_locale":"hr_HR","og_type":"article","og_title":"Slu\u010dajevi kori\u0161tenja","og_description":"Aplikacija za pametni telefon koja omogu\u0107uje slanje upozorenja, poziva u pomo\u0107 ili jednostavno svoje trenutne lokacije mo\u017ee biti klju\u010dna u mnogim situacijama, pru\u017eaju\u0107i du\u0161evni mir i pridonose\u0107i brzom pristupu pomo\u0107i. Primjeri: osobna sigurnost i hitne situacije, svakodnevni \u017eivot i pomo\u0107, posao i profesionalne situacije te slobodno vrijeme i aktivnosti na otvorenom.","og_url":"https:\/\/www.dataslatitudes.com\/sosuniversal\/hr\/cas-dutilisation\/","og_site_name":"SOS Universal","article_modified_time":"2025-07-13T07:26:58+00:00","twitter_card":"summary_large_image","twitter_misc":{"Procijenjeno vrijeme \u010ditanja":"5 minuta"},"schema":{"@context":"https:\/\/schema.org","@graph":[{"@type":"WebPage","@id":"https:\/\/www.dataslatitudes.com\/sosuniversal\/hr\/cas-dutilisation\/","url":"https:\/\/www.dataslatitudes.com\/sosuniversal\/hr\/cas-dutilisation\/","name":"Cas d'utilisation - SOS Universal","isPartOf":{"@id":"https:\/\/www.dataslatitudes.com\/sosuniversal\/#website"},"datePublished":"2025-06-12T03:29:21+00:00","dateModified":"2025-07-13T07:26:58+00:00","description":"Une application pour smartphone permettant d\u2019envoyer des alertes, des appels \u00e0 l\u2019aide ou tout simplement sa localisation courante peut s\u2019av\u00e9rer cruciale dans de nombreuses situations, offrant une tranquillit\u00e9 d\u2019esprit et contribuant \u00e0 un acc\u00e8s rapide \u00e0 l\u2019assistance. Exemples : s\u00e9curit\u00e9 personnelle et situations d\u2019urgence, vie quotidienne et assistance, travail et situations professionnelles ainsi que loisirs et activit\u00e9s en ext\u00e9rieur.","breadcrumb":{"@id":"https:\/\/www.dataslatitudes.com\/sosuniversal\/hr\/cas-dutilisation\/#breadcrumb"},"inLanguage":"hr","potentialAction":[{"@type":"ReadAction","target":["https:\/\/www.dataslatitudes.com\/sosuniversal\/hr\/cas-dutilisation\/"]}]},{"@type":"BreadcrumbList","@id":"https:\/\/www.dataslatitudes.com\/sosuniversal\/hr\/cas-dutilisation\/#breadcrumb","itemListElement":[{"@type":"ListItem","position":1,"name":"Predstavljanje","item":"https:\/\/www.dataslatitudes.com\/sosuniversal\/fr\/"},{"@type":"ListItem","position":2,"name":"Slu\u010dajevi kori\u0161tenja"}]},{"@type":"WebSite","@id":"https:\/\/www.dataslatitudes.com\/sosuniversal\/hr\/#website","url":"https:\/\/www.dataslatitudes.com\/sosuniversal\/hr\/","name":"SOS Universal","description":"","publisher":{"@id":"https:\/\/www.dataslatitudes.com\/sosuniversal\/hr\/#organization"},"potentialAction":[{"@type":"SearchAction","target":{"@type":"EntryPoint","urlTemplate":"https:\/\/www.dataslatitudes.com\/sosuniversal\/hr\/?s={search_term_string}"},"query-input":{"@type":"PropertyValueSpecification","valueRequired":true,"valueName":"search_term_string"}}],"inLanguage":"hr"},{"@type":"Organization","@id":"https:\/\/www.dataslatitudes.com\/sosuniversal\/hr\/#organization","name":"DATASLATITUDES","url":"https:\/\/www.dataslatitudes.com\/sosuniversal\/hr\/","logo":{"@type":"ImageObject","inLanguage":"hr","@id":"https:\/\/www.dataslatitudes.com\/sosuniversal\/hr\/#\/schema\/logo\/image\/","url":"https:\/\/www.dataslatitudes.com\/sosuniversal\/wp-content\/uploads\/2025\/07\/logo_mrdv.png","contentUrl":"https:\/\/www.dataslatitudes.com\/sosuniversal\/wp-content\/uploads\/2025\/07\/logo_mrdv.png","width":72,"height":72,"caption":"DATASLATITUDES"},"image":{"@id":"https:\/\/www.dataslatitudes.com\/sosuniversal\/hr\/#\/schema\/logo\/image\/"}}]}},"_links":{"self":[{"href":"https:\/\/www.dataslatitudes.com\/sosuniversal\/hr\/wp-json\/wp\/v2\/pages\/127","targetHints":{"allow":["GET"]}}],"collection":[{"href":"https:\/\/www.dataslatitudes.com\/sosuniversal\/hr\/wp-json\/wp\/v2\/pages"}],"about":[{"href":"https:\/\/www.dataslatitudes.com\/sosuniversal\/hr\/wp-json\/wp\/v2\/types\/page"}],"author":[{"embeddable":true,"href":"https:\/\/www.dataslatitudes.com\/sosuniversal\/hr\/wp-json\/wp\/v2\/users\/1"}],"replies":[{"embeddable":true,"href":"https:\/\/www.dataslatitudes.com\/sosuniversal\/hr\/wp-json\/wp\/v2\/comments?post=127"}],"version-history":[{"count":34,"href":"https:\/\/www.dataslatitudes.com\/sosuniversal\/hr\/wp-json\/wp\/v2\/pages\/127\/revisions"}],"predecessor-version":[{"id":868,"href":"https:\/\/www.dataslatitudes.com\/sosuniversal\/hr\/wp-json\/wp\/v2\/pages\/127\/revisions\/868"}],"wp:attachment":[{"href":"https:\/\/www.dataslatitudes.com\/sosuniversal\/hr\/wp-json\/wp\/v2\/media?parent=127"}],"curies":[{"name":"wp","href":"https:\/\/api.w.org\/{rel}","templated":true}]}}