{"id":127,"date":"2025-06-12T03:29:21","date_gmt":"2025-06-12T03:29:21","guid":{"rendered":"https:\/\/www.dataslatitudes.com\/sosuniversal\/?page_id=127"},"modified":"2025-07-13T07:26:58","modified_gmt":"2025-07-13T07:26:58","slug":"cas-dutilisation","status":"publish","type":"page","link":"https:\/\/www.dataslatitudes.com\/sosuniversal\/fr\/cas-dutilisation\/","title":{"rendered":"Cas d&rsquo;utilisation"},"content":{"rendered":"\n<p class=\"has-small-font-size\"><\/p>\n\n\n\n<h1 class=\"wp-block-heading has-text-align-center has-medium-font-size\"><strong>CAS D&rsquo;UTILISATION<\/strong><\/h1>\n\n\n\n<p style=\"font-size:1rem\">Une application pour smartphone permettant d&rsquo;envoyer des alertes, des appels \u00e0 l&rsquo;aide ou tout simplement sa localisation courante peut s&rsquo;av\u00e9rer cruciale dans de nombreuses situations, offrant une tranquillit\u00e9 d&rsquo;esprit et contribuant \u00e0 un acc\u00e8s rapide \u00e0 l&rsquo;assistance. Voici quelques exemples de ses cas d&rsquo;utilisation, class\u00e9s par cat\u00e9gories pour une meilleure compr\u00e9hension.<\/p>\n\n\n\n<h2 class=\"wp-block-heading has-background\" style=\"background-color:#f9f3eb;margin-top:var(--wp--preset--spacing--30);margin-bottom:var(--wp--preset--spacing--30);padding-top:var(--wp--preset--spacing--20);padding-bottom:var(--wp--preset--spacing--20);font-size:1.2rem\">S\u00e9curit\u00e9 personnelle et situations d&rsquo;urgence<\/h2>\n\n\n\n<ul class=\"wp-block-list\">\n<li style=\"font-size:1rem\"><strong>Violences faites aux femmes, violences LGBTphobes et s\u00e9rophobes, violences racistes, x\u00e9nophobes ou en raison de la religion, violences faites aux personnes en situation de handicap&nbsp;: <\/strong>en cas d&rsquo;agression physique ou verbale, l\u2019application permet de d\u00e9clencher une alerte discr\u00e8te en un seul clic \u00e0 destination de contacts de confiance avec le partage de la position GPS en temps r\u00e9el. Un enregistrement audio peut \u00e9galement \u00eatre param\u00e9tr\u00e9 pour servir de preuve en cas de d\u00e9p\u00f4t de plainte.<\/li>\n\n\n\n<li style=\"font-size:1rem\"><strong>Victime de gestes inappropri\u00e9s dans les transports en commun<\/strong> (ex : attouchements dans le m\u00e9tro) : la victime peut d\u00e9clencher une alerte sonore de forte intensit\u00e9 (sir\u00e8ne de police ou cri humain par exemple) ainsi qu&rsquo;un enregistrement audio.<\/li>\n\n\n\n<li style=\"font-size:1rem\"><strong>Agression ou menace imm\u00e9diate :<\/strong> en cas d&rsquo;agression physique, de tentative de viol, de vol avec violence, ou de toute situation mena\u00e7ant directement l&rsquo;int\u00e9grit\u00e9 physique de l&rsquo;utilisateur, l&rsquo;application permet d&rsquo;envoyer une alerte discr\u00e8te et rapide aux contacts d&rsquo;urgence.<\/li>\n\n\n\n<li style=\"font-size:1rem\"><strong>Situation de harc\u00e8lement ou de stalking :<\/strong> l&rsquo;application permet d&rsquo;alerter discr\u00e8tement des contacts de confiance ou les autorit\u00e9s en cas de suivi ou de harc\u00e8lement, avec la possibilit\u00e9 d&rsquo;enregistrer une preuve par enregistrement audio.<\/li>\n\n\n\n<li style=\"font-size:1rem\"><strong>Victimes de violence domestique :<\/strong> SOS Universal offre un moyen discret et rapide de demander de l&rsquo;aide en cas de danger, sans alerter l&rsquo;agresseur.<\/li>\n<\/ul>\n\n\n\n<p style=\"font-size:1rem\">Dans les cas pr\u00e9c\u00e9dents, l\u2019alerte discr\u00e8te peut \u00eatre compl\u00e9t\u00e9e ou remplac\u00e9e par une <strong>dissuasion sonore<\/strong>&nbsp;: d\u00e9clenchement d\u2019une sir\u00e8ne de forte intensit\u00e9 ou simulation d\u2019un appel t\u00e9l\u00e9phonique entrant pour cr\u00e9er une diversion.<\/p>\n\n\n\n<ul class=\"wp-block-list\">\n<li style=\"font-size:1rem\"><strong>D\u00e9tresse m\u00e9dicale :<\/strong> pour les personnes souffrant de maladies chroniques (crises cardiaques, crises d&rsquo;asthme s\u00e9v\u00e8res, \u00e9pilepsie, allergies graves) ou en cas d&rsquo;accident (chute, blessure), l&rsquo;application permet d&rsquo;envoyer un appel \u00e0 l&rsquo;aide.<\/li>\n\n\n\n<li style=\"font-size:1rem\"><strong>Disparition ou \u00e9garement :<\/strong> particuli\u00e8rement utile pour les enfants, les personnes \u00e2g\u00e9es atteintes de troubles cognitifs ou les randonneurs, l&rsquo;application permet d&rsquo;envoyer la <strong>position GPS<\/strong> en temps r\u00e9el, facilitant les recherches.<\/li>\n\n\n\n<li style=\"font-size:1rem\"><strong>Accidents de la route :<\/strong> en cas d&rsquo;accident, l&rsquo;application permet d&rsquo;envoyer une alerte avec la localisation.<\/li>\n\n\n\n<li style=\"font-size:1rem\"><strong>Catastrophes naturelles :<\/strong> lors de tremblements de terre, inondations, incendies de for\u00eat, ou autres catastrophes, l&rsquo;application peut servir \u00e0 signaler sa position, demander de l&rsquo;aide et informer ses proches de sa s\u00e9curit\u00e9.<\/li>\n<\/ul>\n\n\n\n<h2 class=\"wp-block-heading has-background\" style=\"background-color:#f9f3eb;margin-top:var(--wp--preset--spacing--30);margin-bottom:var(--wp--preset--spacing--30);padding-top:var(--wp--preset--spacing--20);padding-bottom:var(--wp--preset--spacing--20);font-size:1.2rem\">Vie quotidienne et assistance<\/h2>\n\n\n\n<ul class=\"wp-block-list\">\n<li style=\"font-size:1rem\"><strong>Personnes \u00e2g\u00e9es ou en situation de handicap :<\/strong> l&rsquo;application peut \u00eatre utilis\u00e9e pour d\u00e9clencher une demande d\u2019assistance.<\/li>\n\n\n\n<li style=\"font-size:1rem\"><strong>Enfants et adolescents :<\/strong> pour les parents soucieux de la s\u00e9curit\u00e9 de leurs enfants, l&rsquo;application peut permettre aux enfants d&rsquo;envoyer une alerte discr\u00e8te en cas de danger, lorsqu\u2019ils se sentent perdus, ou bien en situation de harc\u00e8lement (avec enregistrement de preuve).<br>Exemple : un(e) adolescent(e) \u00e0 une soir\u00e9e qui se sent mal \u00e0 l&rsquo;aise, qui subit une pression, ou a besoin d&rsquo;\u00eatre r\u00e9cup\u00e9r\u00e9(e) sans pouvoir s&rsquo;exprimer directement, peut envoyer une alerte discr\u00e8te \u00e0 ses parents ou \u00e0 un adulte de confiance.<\/li>\n\n\n\n<li style=\"font-size:1rem\"><strong>Probl\u00e8mes m\u00e9caniques ou panne de v\u00e9hicule :<\/strong> en cas de panne sur une route isol\u00e9e ou dangereuse, l&rsquo;application permet d&rsquo;envoyer une alerte aux services d&rsquo;assistance routi\u00e8re ou \u00e0 des contacts pour demander de l&rsquo;aide.<\/li>\n\n\n\n<li style=\"font-size:1rem\"><strong>Isolement social ou sentiment de danger :<\/strong> une personne se sentant vuln\u00e9rable ou menac\u00e9e dans une situation sociale particuli\u00e8re (par exemple, lors d&rsquo;un rendez-vous avec un inconnu) peut utiliser l&rsquo;application pour alerter discr\u00e8tement un ami et partager sa position.<\/li>\n\n\n\n<li style=\"font-size:1rem\"><strong>Soutien psychologique :<\/strong> pour les personnes souffrant d&rsquo;anxi\u00e9t\u00e9 ou de crises de panique, l&rsquo;application permet d&rsquo;alerter un contact de confiance pour un soutien imm\u00e9diat.<\/li>\n<\/ul>\n\n\n\n<h2 class=\"wp-block-heading has-background\" style=\"background-color:#f9f3eb;margin-top:var(--wp--preset--spacing--30);margin-bottom:var(--wp--preset--spacing--30);padding-top:var(--wp--preset--spacing--20);padding-bottom:var(--wp--preset--spacing--20);font-size:1.2rem\">Travail et situations professionnelles<\/h2>\n\n\n\n<ul class=\"wp-block-list\">\n<li style=\"font-size:1rem\"><strong>Travailleurs isol\u00e9s :<\/strong> pour les professionnels travaillant seuls dans des environnements \u00e0 risque (agents de s\u00e9curit\u00e9, techniciens de maintenance, chauffeurs de taxi, agriculteurs, ostr\u00e9iculteurs), l&rsquo;application contribue \u00e0 une assistance rapide en cas d&rsquo;accident ou d&rsquo;agression.<\/li>\n\n\n\n<li style=\"font-size:1rem\"><strong>Professionnels de la sant\u00e9 et du social :<\/strong> les m\u00e9decins, infirmi\u00e8res, travailleurs sociaux, ou aides \u00e0 domicile visitant des patients ou clients \u00e0 risque peuvent utiliser l&rsquo;application pour signaler une situation dangereuse ou demander de l&rsquo;aide.<\/li>\n\n\n\n<li style=\"font-size:1rem\"><strong>Personnel de nuit :<\/strong> les employ\u00e9s travaillant la nuit dans des lieux isol\u00e9s (stations-service, supermarch\u00e9s, h\u00f4tels) peuvent avoir un moyen de demander de l&rsquo;aide rapidement en cas de vol ou d&rsquo;agression.<\/li>\n\n\n\n<li style=\"font-size:1rem\"><strong>Journalistes et reporters en zones \u00e0 risque :<\/strong> possibilit\u00e9 de signaler une situation dangereuse ou une arrestation, transmettant la position et des informations contextuelles (par appel t\u00e9l\u00e9phonique ou SMS) aux contacts d&rsquo;urgence.<\/li>\n<\/ul>\n\n\n\n<h2 class=\"wp-block-heading has-background\" style=\"background-color:#f9f3eb;margin-top:var(--wp--preset--spacing--30);margin-bottom:var(--wp--preset--spacing--30);padding-top:var(--wp--preset--spacing--20);padding-bottom:var(--wp--preset--spacing--20);font-size:1.2rem\">Loisirs et activit\u00e9s en ext\u00e9rieur<\/h2>\n\n\n\n<ul class=\"wp-block-list\">\n<li style=\"font-size:1rem\"><strong>Randonn\u00e9e et alpinisme :<\/strong> en cas de chute, de blessure, de perte d&rsquo;orientation, ou de conditions m\u00e9t\u00e9orologiques extr\u00eames, l&rsquo;application permet d&rsquo;envoyer une alerte avec la position GPS aux \u00e9quipes de secours ou \u00e0 sa famille.<\/li>\n\n\n\n<li style=\"font-size:1rem\"><strong>Sports nautiques :<\/strong> pour les plaisanciers par exemple, l&rsquo;application peut \u00eatre utilis\u00e9e pour signaler un probl\u00e8me (chavirage, panne de moteur, blessure) avec transmission de la position.<\/li>\n\n\n\n<li style=\"font-size:1rem\"><strong>Cyclisme et course \u00e0 pied :<\/strong> en cas de chute, de blessure, ou de malaise, l&rsquo;application permet d&rsquo;alerter des contacts pr\u00e9d\u00e9finis avec la localisation.<\/li>\n\n\n\n<li style=\"font-size:1rem\"><strong>Voyages et tourisme :<\/strong> les voyageurs, surtout ceux qui explorent des zones inconnues ou dangereuses, peuvent utiliser l&rsquo;application pour alerter leurs proches ou les services consulaires en cas de probl\u00e8me (agression, maladie, vol de documents).<\/li>\n<\/ul>\n\n\n\n<p style=\"font-size:1rem\">Dans les cas pr\u00e9c\u00e9dents, dans l&rsquo;objectif d&rsquo;informer votre entourage professionnel ou familial par exemple, l&rsquo;alerte peut aussi se limiter \u00e0 n&rsquo;envoyer par SMS que la localisation g\u00e9ographique courante. Exemple : en mode r\u00e9p\u00e9titif, pendant 5 heures, toutes les 15 minutes, j&rsquo;envoie un SMS ne contenant que ma localisation.<\/p>\n\n\n\n<p class=\"has-small-font-size\" style=\"margin-top:var(--wp--preset--spacing--30);margin-bottom:var(--wp--preset--spacing--30)\"><\/p>\n","protected":false},"excerpt":{"rendered":"<p>CAS D&rsquo;UTILISATION Une application pour smartphone permettant d&rsquo;envoyer des alertes, des appels \u00e0 l&rsquo;aide ou tout simplement sa localisation courante [&hellip;]<\/p>\n","protected":false},"author":1,"featured_media":0,"parent":0,"menu_order":1,"comment_status":"closed","ping_status":"closed","template":"","meta":{"site-sidebar-layout":"default","site-content-layout":"","ast-site-content-layout":"","site-content-style":"default","site-sidebar-style":"default","ast-global-header-display":"","ast-banner-title-visibility":"","ast-main-header-display":"","ast-hfb-above-header-display":"","ast-hfb-below-header-display":"","ast-hfb-mobile-header-display":"","site-post-title":"disabled","ast-breadcrumbs-content":"","ast-featured-img":"","footer-sml-layout":"","theme-transparent-header-meta":"","adv-header-id-meta":"","stick-header-meta":"","header-above-stick-meta":"","header-main-stick-meta":"","header-below-stick-meta":"","astra-migrate-meta-layouts":"default","ast-page-background-enabled":"default","ast-page-background-meta":{"desktop":{"background-color":"var(--ast-global-color-5)","background-image":"","background-repeat":"repeat","background-position":"center center","background-size":"auto","background-attachment":"scroll","background-type":"","background-media":"","overlay-type":"","overlay-color":"","overlay-opacity":"","overlay-gradient":""},"tablet":{"background-color":"","background-image":"","background-repeat":"repeat","background-position":"center center","background-size":"auto","background-attachment":"scroll","background-type":"","background-media":"","overlay-type":"","overlay-color":"","overlay-opacity":"","overlay-gradient":""},"mobile":{"background-color":"","background-image":"","background-repeat":"repeat","background-position":"center center","background-size":"auto","background-attachment":"scroll","background-type":"","background-media":"","overlay-type":"","overlay-color":"","overlay-opacity":"","overlay-gradient":""}},"ast-content-background-meta":{"desktop":{"background-color":"var(--ast-global-color-4)","background-image":"","background-repeat":"repeat","background-position":"center center","background-size":"auto","background-attachment":"scroll","background-type":"","background-media":"","overlay-type":"","overlay-color":"","overlay-opacity":"","overlay-gradient":""},"tablet":{"background-color":"var(--ast-global-color-4)","background-image":"","background-repeat":"repeat","background-position":"center center","background-size":"auto","background-attachment":"scroll","background-type":"","background-media":"","overlay-type":"","overlay-color":"","overlay-opacity":"","overlay-gradient":""},"mobile":{"background-color":"var(--ast-global-color-4)","background-image":"","background-repeat":"repeat","background-position":"center center","background-size":"auto","background-attachment":"scroll","background-type":"","background-media":"","overlay-type":"","overlay-color":"","overlay-opacity":"","overlay-gradient":""}},"footnotes":""},"class_list":["post-127","page","type-page","status-publish","hentry"],"yoast_head":"<!-- This site is optimized with the Yoast SEO plugin v25.6 - https:\/\/yoast.com\/wordpress\/plugins\/seo\/ -->\n<title>Cas d&#039;utilisation - SOS Universal<\/title>\n<meta name=\"description\" content=\"Une application pour smartphone permettant d\u2019envoyer des alertes, des appels \u00e0 l\u2019aide ou tout simplement sa localisation courante peut s\u2019av\u00e9rer cruciale dans de nombreuses situations, offrant une tranquillit\u00e9 d\u2019esprit et contribuant \u00e0 un acc\u00e8s rapide \u00e0 l\u2019assistance. Exemples : s\u00e9curit\u00e9 personnelle et situations d\u2019urgence, vie quotidienne et assistance, travail et situations professionnelles ainsi que loisirs et activit\u00e9s en ext\u00e9rieur.\" \/>\n<meta name=\"robots\" content=\"index, follow, max-snippet:-1, max-image-preview:large, max-video-preview:-1\" \/>\n<link rel=\"canonical\" href=\"https:\/\/www.dataslatitudes.com\/sosuniversal\/fr\/cas-dutilisation\/\" \/>\n<meta property=\"og:locale\" content=\"fr_FR\" \/>\n<meta property=\"og:type\" content=\"article\" \/>\n<meta property=\"og:title\" content=\"Cas d&#039;utilisation - SOS Universal\" \/>\n<meta property=\"og:description\" content=\"Une application pour smartphone permettant d\u2019envoyer des alertes, des appels \u00e0 l\u2019aide ou tout simplement sa localisation courante peut s\u2019av\u00e9rer cruciale dans de nombreuses situations, offrant une tranquillit\u00e9 d\u2019esprit et contribuant \u00e0 un acc\u00e8s rapide \u00e0 l\u2019assistance. Exemples : s\u00e9curit\u00e9 personnelle et situations d\u2019urgence, vie quotidienne et assistance, travail et situations professionnelles ainsi que loisirs et activit\u00e9s en ext\u00e9rieur.\" \/>\n<meta property=\"og:url\" content=\"https:\/\/www.dataslatitudes.com\/sosuniversal\/fr\/cas-dutilisation\/\" \/>\n<meta property=\"og:site_name\" content=\"SOS Universal\" \/>\n<meta property=\"article:modified_time\" content=\"2025-07-13T07:26:58+00:00\" \/>\n<meta name=\"twitter:card\" content=\"summary_large_image\" \/>\n<meta name=\"twitter:label1\" content=\"Dur\u00e9e de lecture estim\u00e9e\" \/>\n\t<meta name=\"twitter:data1\" content=\"5 minutes\" \/>\n<script type=\"application\/ld+json\" class=\"yoast-schema-graph\">{\"@context\":\"https:\/\/schema.org\",\"@graph\":[{\"@type\":\"WebPage\",\"@id\":\"https:\/\/www.dataslatitudes.com\/sosuniversal\/fr\/cas-dutilisation\/\",\"url\":\"https:\/\/www.dataslatitudes.com\/sosuniversal\/fr\/cas-dutilisation\/\",\"name\":\"Cas d'utilisation - SOS Universal\",\"isPartOf\":{\"@id\":\"https:\/\/www.dataslatitudes.com\/sosuniversal\/#website\"},\"datePublished\":\"2025-06-12T03:29:21+00:00\",\"dateModified\":\"2025-07-13T07:26:58+00:00\",\"description\":\"Une application pour smartphone permettant d\u2019envoyer des alertes, des appels \u00e0 l\u2019aide ou tout simplement sa localisation courante peut s\u2019av\u00e9rer cruciale dans de nombreuses situations, offrant une tranquillit\u00e9 d\u2019esprit et contribuant \u00e0 un acc\u00e8s rapide \u00e0 l\u2019assistance. Exemples : s\u00e9curit\u00e9 personnelle et situations d\u2019urgence, vie quotidienne et assistance, travail et situations professionnelles ainsi que loisirs et activit\u00e9s en ext\u00e9rieur.\",\"breadcrumb\":{\"@id\":\"https:\/\/www.dataslatitudes.com\/sosuniversal\/fr\/cas-dutilisation\/#breadcrumb\"},\"inLanguage\":\"fr-FR\",\"potentialAction\":[{\"@type\":\"ReadAction\",\"target\":[\"https:\/\/www.dataslatitudes.com\/sosuniversal\/fr\/cas-dutilisation\/\"]}]},{\"@type\":\"BreadcrumbList\",\"@id\":\"https:\/\/www.dataslatitudes.com\/sosuniversal\/fr\/cas-dutilisation\/#breadcrumb\",\"itemListElement\":[{\"@type\":\"ListItem\",\"position\":1,\"name\":\"Accueil\",\"item\":\"https:\/\/www.dataslatitudes.com\/sosuniversal\/fr\/\"},{\"@type\":\"ListItem\",\"position\":2,\"name\":\"Cas d&rsquo;utilisation\"}]},{\"@type\":\"WebSite\",\"@id\":\"https:\/\/www.dataslatitudes.com\/sosuniversal\/#website\",\"url\":\"https:\/\/www.dataslatitudes.com\/sosuniversal\/\",\"name\":\"SOS Universal\",\"description\":\"\",\"publisher\":{\"@id\":\"https:\/\/www.dataslatitudes.com\/sosuniversal\/#organization\"},\"potentialAction\":[{\"@type\":\"SearchAction\",\"target\":{\"@type\":\"EntryPoint\",\"urlTemplate\":\"https:\/\/www.dataslatitudes.com\/sosuniversal\/?s={search_term_string}\"},\"query-input\":{\"@type\":\"PropertyValueSpecification\",\"valueRequired\":true,\"valueName\":\"search_term_string\"}}],\"inLanguage\":\"fr-FR\"},{\"@type\":\"Organization\",\"@id\":\"https:\/\/www.dataslatitudes.com\/sosuniversal\/#organization\",\"name\":\"DATASLATITUDES\",\"url\":\"https:\/\/www.dataslatitudes.com\/sosuniversal\/\",\"logo\":{\"@type\":\"ImageObject\",\"inLanguage\":\"fr-FR\",\"@id\":\"https:\/\/www.dataslatitudes.com\/sosuniversal\/#\/schema\/logo\/image\/\",\"url\":\"https:\/\/www.dataslatitudes.com\/sosuniversal\/wp-content\/uploads\/2025\/07\/logo_mrdv.png\",\"contentUrl\":\"https:\/\/www.dataslatitudes.com\/sosuniversal\/wp-content\/uploads\/2025\/07\/logo_mrdv.png\",\"width\":72,\"height\":72,\"caption\":\"DATASLATITUDES\"},\"image\":{\"@id\":\"https:\/\/www.dataslatitudes.com\/sosuniversal\/#\/schema\/logo\/image\/\"}}]}<\/script>\n<!-- \/ Yoast SEO plugin. -->","yoast_head_json":{"title":"Cas d'utilisation - SOS Universal","description":"Une application pour smartphone permettant d\u2019envoyer des alertes, des appels \u00e0 l\u2019aide ou tout simplement sa localisation courante peut s\u2019av\u00e9rer cruciale dans de nombreuses situations, offrant une tranquillit\u00e9 d\u2019esprit et contribuant \u00e0 un acc\u00e8s rapide \u00e0 l\u2019assistance. Exemples : s\u00e9curit\u00e9 personnelle et situations d\u2019urgence, vie quotidienne et assistance, travail et situations professionnelles ainsi que loisirs et activit\u00e9s en ext\u00e9rieur.","robots":{"index":"index","follow":"follow","max-snippet":"max-snippet:-1","max-image-preview":"max-image-preview:large","max-video-preview":"max-video-preview:-1"},"canonical":"https:\/\/www.dataslatitudes.com\/sosuniversal\/fr\/cas-dutilisation\/","og_locale":"fr_FR","og_type":"article","og_title":"Cas d'utilisation - SOS Universal","og_description":"Une application pour smartphone permettant d\u2019envoyer des alertes, des appels \u00e0 l\u2019aide ou tout simplement sa localisation courante peut s\u2019av\u00e9rer cruciale dans de nombreuses situations, offrant une tranquillit\u00e9 d\u2019esprit et contribuant \u00e0 un acc\u00e8s rapide \u00e0 l\u2019assistance. Exemples : s\u00e9curit\u00e9 personnelle et situations d\u2019urgence, vie quotidienne et assistance, travail et situations professionnelles ainsi que loisirs et activit\u00e9s en ext\u00e9rieur.","og_url":"https:\/\/www.dataslatitudes.com\/sosuniversal\/fr\/cas-dutilisation\/","og_site_name":"SOS Universal","article_modified_time":"2025-07-13T07:26:58+00:00","twitter_card":"summary_large_image","twitter_misc":{"Dur\u00e9e de lecture estim\u00e9e":"5 minutes"},"schema":{"@context":"https:\/\/schema.org","@graph":[{"@type":"WebPage","@id":"https:\/\/www.dataslatitudes.com\/sosuniversal\/fr\/cas-dutilisation\/","url":"https:\/\/www.dataslatitudes.com\/sosuniversal\/fr\/cas-dutilisation\/","name":"Cas d'utilisation - SOS Universal","isPartOf":{"@id":"https:\/\/www.dataslatitudes.com\/sosuniversal\/#website"},"datePublished":"2025-06-12T03:29:21+00:00","dateModified":"2025-07-13T07:26:58+00:00","description":"Une application pour smartphone permettant d\u2019envoyer des alertes, des appels \u00e0 l\u2019aide ou tout simplement sa localisation courante peut s\u2019av\u00e9rer cruciale dans de nombreuses situations, offrant une tranquillit\u00e9 d\u2019esprit et contribuant \u00e0 un acc\u00e8s rapide \u00e0 l\u2019assistance. Exemples : s\u00e9curit\u00e9 personnelle et situations d\u2019urgence, vie quotidienne et assistance, travail et situations professionnelles ainsi que loisirs et activit\u00e9s en ext\u00e9rieur.","breadcrumb":{"@id":"https:\/\/www.dataslatitudes.com\/sosuniversal\/fr\/cas-dutilisation\/#breadcrumb"},"inLanguage":"fr-FR","potentialAction":[{"@type":"ReadAction","target":["https:\/\/www.dataslatitudes.com\/sosuniversal\/fr\/cas-dutilisation\/"]}]},{"@type":"BreadcrumbList","@id":"https:\/\/www.dataslatitudes.com\/sosuniversal\/fr\/cas-dutilisation\/#breadcrumb","itemListElement":[{"@type":"ListItem","position":1,"name":"Accueil","item":"https:\/\/www.dataslatitudes.com\/sosuniversal\/fr\/"},{"@type":"ListItem","position":2,"name":"Cas d&rsquo;utilisation"}]},{"@type":"WebSite","@id":"https:\/\/www.dataslatitudes.com\/sosuniversal\/#website","url":"https:\/\/www.dataslatitudes.com\/sosuniversal\/","name":"SOS Universal","description":"","publisher":{"@id":"https:\/\/www.dataslatitudes.com\/sosuniversal\/#organization"},"potentialAction":[{"@type":"SearchAction","target":{"@type":"EntryPoint","urlTemplate":"https:\/\/www.dataslatitudes.com\/sosuniversal\/?s={search_term_string}"},"query-input":{"@type":"PropertyValueSpecification","valueRequired":true,"valueName":"search_term_string"}}],"inLanguage":"fr-FR"},{"@type":"Organization","@id":"https:\/\/www.dataslatitudes.com\/sosuniversal\/#organization","name":"DATASLATITUDES","url":"https:\/\/www.dataslatitudes.com\/sosuniversal\/","logo":{"@type":"ImageObject","inLanguage":"fr-FR","@id":"https:\/\/www.dataslatitudes.com\/sosuniversal\/#\/schema\/logo\/image\/","url":"https:\/\/www.dataslatitudes.com\/sosuniversal\/wp-content\/uploads\/2025\/07\/logo_mrdv.png","contentUrl":"https:\/\/www.dataslatitudes.com\/sosuniversal\/wp-content\/uploads\/2025\/07\/logo_mrdv.png","width":72,"height":72,"caption":"DATASLATITUDES"},"image":{"@id":"https:\/\/www.dataslatitudes.com\/sosuniversal\/#\/schema\/logo\/image\/"}}]}},"_links":{"self":[{"href":"https:\/\/www.dataslatitudes.com\/sosuniversal\/fr\/wp-json\/wp\/v2\/pages\/127","targetHints":{"allow":["GET"]}}],"collection":[{"href":"https:\/\/www.dataslatitudes.com\/sosuniversal\/fr\/wp-json\/wp\/v2\/pages"}],"about":[{"href":"https:\/\/www.dataslatitudes.com\/sosuniversal\/fr\/wp-json\/wp\/v2\/types\/page"}],"author":[{"embeddable":true,"href":"https:\/\/www.dataslatitudes.com\/sosuniversal\/fr\/wp-json\/wp\/v2\/users\/1"}],"replies":[{"embeddable":true,"href":"https:\/\/www.dataslatitudes.com\/sosuniversal\/fr\/wp-json\/wp\/v2\/comments?post=127"}],"version-history":[{"count":34,"href":"https:\/\/www.dataslatitudes.com\/sosuniversal\/fr\/wp-json\/wp\/v2\/pages\/127\/revisions"}],"predecessor-version":[{"id":868,"href":"https:\/\/www.dataslatitudes.com\/sosuniversal\/fr\/wp-json\/wp\/v2\/pages\/127\/revisions\/868"}],"wp:attachment":[{"href":"https:\/\/www.dataslatitudes.com\/sosuniversal\/fr\/wp-json\/wp\/v2\/media?parent=127"}],"curies":[{"name":"wp","href":"https:\/\/api.w.org\/{rel}","templated":true}]}}