{"id":75,"date":"2025-06-11T15:05:57","date_gmt":"2025-06-11T15:05:57","guid":{"rendered":"http:\/\/www.dataslatitudes.com\/sosuniversal\/index.php\/mode-demploi\/"},"modified":"2025-08-14T09:50:55","modified_gmt":"2025-08-14T09:50:55","slug":"politique-confidentialite","status":"publish","type":"page","link":"https:\/\/www.dataslatitudes.com\/sosuniversal\/fi\/politique-confidentialite\/","title":{"rendered":"Tietosuoja"},"content":{"rendered":"\r\n<p class=\"has-small-font-size\"><\/p>\r\n\r\n\r\n\r\n<h1 class=\"wp-block-heading has-text-align-center has-medium-font-size\"><strong>TIETOSUOJAK\u00c4YT\u00c4NT\u00d6<\/strong><\/h1>\r\n\r\n\r\n\r\n<p style=\"margin-top:0;margin-bottom:0;font-size:1rem\">T\u00e4m\u00e4n tietosuojak\u00e4yt\u00e4nn\u00f6n tarkoituksena on tiedottaa sinulle l\u00e4pin\u00e4kyv\u00e4sti siit\u00e4, miten DATASLATITUDESin kehitt\u00e4m\u00e4 SOS Universal -mobiilisovellus (j\u00e4ljemp\u00e4n\u00e4 &#8221;sovellus&#8221;) ker\u00e4\u00e4, k\u00e4ytt\u00e4\u00e4 ja suojaa henkil\u00f6tietojasi.<\/p>\r\n\r\n\r\n\r\n<p style=\"margin-top:var(--wp--preset--spacing--20);margin-bottom:var(--wp--preset--spacing--20)\">K\u00e4ytt\u00e4m\u00e4ll\u00e4 Sovellusta hyv\u00e4ksyt t\u00e4m\u00e4n k\u00e4yt\u00e4nn\u00f6n ehdot. Jos et hyv\u00e4ksy n\u00e4it\u00e4 ehtoja, \u00e4l\u00e4 k\u00e4yt\u00e4 Sovellusta.<\/p>\r\n\r\n\r\n\r\n<p><strong>Voimaantulop\u00e4iv\u00e4: 28. kes\u00e4kuuta 2025<\/strong><\/p>\r\n\r\n\r\n\r\n<h2 class=\"wp-block-heading has-background\" style=\"background-color:#f9f3eb;margin-top:var(--wp--preset--spacing--30);margin-bottom:var(--wp--preset--spacing--30);padding-top:var(--wp--preset--spacing--30);padding-bottom:var(--wp--preset--spacing--30);font-size:1.2rem\">1. Tietojen k\u00e4sittelyst\u00e4 vastaava<\/h2>\r\n\r\n\r\n\r\n<p>Henkil\u00f6tietojesi k\u00e4sittelyst\u00e4 vastaava taho on: DATASLATITUDES. <strong>(S\u00e4hk\u00f6posti: privacy.sos_universal@dataslatitudes.com)<\/strong><\/p>\r\n\r\n\r\n\r\n<p class=\"has-small-font-size\"><\/p>\r\n\r\n\r\n\r\n<h2 class=\"wp-block-heading has-background\" style=\"background-color:#f9f3eb;margin-top:var(--wp--preset--spacing--30);margin-bottom:var(--wp--preset--spacing--30);padding-top:var(--wp--preset--spacing--30);padding-bottom:var(--wp--preset--spacing--30);font-size:1.2rem\">2. Ker\u00e4tyt tiedot ja tarkoitukset<\/h2>\r\n\r\n\r\n\r\n<p style=\"margin-top:var(--wp--preset--spacing--30);margin-bottom:var(--wp--preset--spacing--30);padding-top:0;padding-bottom:0\">Sovellus on suunniteltu minimoimaan henkil\u00f6tietojen ker\u00e4\u00e4misen ja suosii yksinomaan paikallista tallennusta laitteellasi. Tietoja k\u00e4sitell\u00e4\u00e4n seuraaviin tarkoituksiin:<\/p>\r\n\r\n\r\n\r\n<h3 class=\"wp-block-heading\" style=\"margin-top:var(--wp--preset--spacing--20);margin-bottom:var(--wp--preset--spacing--20);padding-top:0;padding-bottom:0;font-size:1.1rem\">2.1. Suoraan antamasi tiedot<\/h3>\r\n\r\n\r\n\r\n<ul style=\"margin-top:var(--wp--preset--spacing--20);margin-bottom:var(--wp--preset--spacing--20);padding-top:0;padding-bottom:0\" class=\"wp-block-list\">\r\n<li style=\"margin-top:var(--wp--preset--spacing--20);margin-bottom:var(--wp--preset--spacing--20);padding-top:0;padding-bottom:0\"><strong>H\u00e4t\u00e4yhteystiedot: <\/strong>luot tai tuot yhteystietoja (nimi\u00e4 ja puhelinnumeroita) osoitekirjastasi.\r\n<ul class=\"wp-block-list\">\r\n<li><strong>Tarkoitus: <\/strong>n\u00e4it\u00e4 tietoja k\u00e4ytet\u00e4\u00e4n yksinomaan h\u00e4lytys-SMS-viestien l\u00e4hett\u00e4miseen ja puheluiden luomiseen h\u00e4t\u00e4kontakteillesi.<\/li>\r\n\r\n\r\n\r\n<li><strong>Tallennustila: <\/strong>n\u00e4m\u00e4 tiedot tallennetaan paikallisesti laitteellesi, eik\u00e4 niit\u00e4 l\u00e4hetet\u00e4 palvelimillemme.<\/li>\r\n<\/ul>\r\n<\/li>\r\n\r\n\r\n\r\n<li><strong>Vakioviestit ja lis\u00e4viestit: <\/strong>teksti, jonka laadit h\u00e4lytystekstiviestej\u00e4 varten.\r\n<ul class=\"wp-block-list\">\r\n<li><strong>Tarkoitus: <\/strong>integroi henkil\u00f6kohtainen viestisi l\u00e4hetettyihin h\u00e4lytyksiin.<\/li>\r\n\r\n\r\n\r\n<li><strong>Tallennustila: <\/strong>tallennetaan paikallisesti laitteellesi.<\/li>\r\n<\/ul>\r\n<\/li>\r\n\r\n\r\n\r\n<li style=\"padding-top:var(--wp--preset--spacing--20);padding-bottom:var(--wp--preset--spacing--20)\"><strong>\u00c4\u00e4nitallenteet: <\/strong>tallenteet, jotka k\u00e4ynnist\u00e4t.\r\n<ul class=\"wp-block-list\">\r\n<li><strong>Tarkoitus: <\/strong>mahdollistaa tallenteidesi kuuntelun, uudelleennime\u00e4misen ja poistamisen. Laadukkaina ne voivat toimia todisteina rikosilmoituksen yhteydess\u00e4.<\/li>\r\n\r\n\r\n\r\n<li><strong>Tallennustila: <\/strong>Tallennetaan paikallisesti \u00e4lypuhelimesi latauskansioon. Olet yksin vastuussa n\u00e4iden tiedostojen hallinnasta ja poistamisesta.<\/li>\r\n<\/ul>\r\n<\/li>\r\n<\/ul>\r\n\r\n\r\n\r\n<p class=\"has-small-font-size\"><\/p>\r\n\r\n\r\n\r\n<h3 class=\"wp-block-heading\" style=\"margin-top:var(--wp--preset--spacing--20);margin-bottom:var(--wp--preset--spacing--20);padding-top:0;padding-bottom:0;font-size:1.1rem\"><strong>2.2. Automaattisesti ker\u00e4tyt tiedot<\/strong><\/h3>\r\n\r\n\r\n\r\n<ul style=\"margin-top:var(--wp--preset--spacing--20);margin-bottom:var(--wp--preset--spacing--20);padding-top:0;padding-bottom:0\" class=\"wp-block-list\">\r\n<li style=\"margin-top:var(--wp--preset--spacing--20);margin-bottom:var(--wp--preset--spacing--20);padding-top:0;padding-bottom:0\"><strong>Maantieteelliset sijaintitiedot: <\/strong>Sovellus k\u00e4ytt\u00e4\u00e4 laitteesi sijaintia (GPS tai Wi-Fi) vain, kun aktivoit sijaintisi l\u00e4hetystoiminnon h\u00e4lytysviestiss\u00e4.\r\n<ul class=\"wp-block-list\">\r\n<li><strong>Tarkoitus: <\/strong>antaa maantieteellinen sijaintisi (koordinaatit ja osoite) h\u00e4t\u00e4yhteystiedoillesi h\u00e4lytyksen yhteydess\u00e4.<\/li>\r\n\r\n\r\n\r\n<li><strong>Tallennustila: <\/strong>n\u00e4it\u00e4 tietoja ei tallenna eik\u00e4 s\u00e4ilyt\u00e4 julkaisija. Niit\u00e4 k\u00e4ytet\u00e4\u00e4n reaaliaikaisesti GoogleMaps (tai OpenStreetMap) -linkin ja osoitteen luomiseen, ja ne sis\u00e4llytet\u00e4\u00e4n sitten matkapuhelinoperaattorisi kautta l\u00e4hetett\u00e4v\u00e4\u00e4n tekstiviestiin<\/li>\r\n<\/ul>\r\n<\/li>\r\n\r\n\r\n\r\n<li><strong>H\u00e4lytyshistoria: <\/strong>p\u00e4iv\u00e4m\u00e4\u00e4r\u00e4, aika, tila, vastaanottaja ja 50 viimeisimm\u00e4n l\u00e4hetetyn h\u00e4lytyksen sis\u00e4lt\u00f6.\r\n<ul class=\"wp-block-list\">\r\n<li><strong>Tarkoitus: <\/strong>voit tarkastella h\u00e4lytyshistoriaasi seuranta- ja hallintasyist\u00e4.<\/li>\r\n\r\n\r\n\r\n<li><strong>Tallennustila: <\/strong>tallennetaan paikallisesti laitteellesi.<\/li>\r\n<\/ul>\r\n<\/li>\r\n\r\n\r\n\r\n<li style=\"padding-top:var(--wp--preset--spacing--20);padding-bottom:var(--wp--preset--spacing--20)\"><strong>K\u00e4ytt\u00f6oikeudet: <\/strong>Sovellus vaatii p\u00e4\u00e4syn yhteystietoihisi, sijaintiisi, mikrofoniin, \u00e4\u00e4nitallennukseen, tallennustilaan, ilmoituksiin ja tekstiviesti-\/puhelutoimintoihin.\r\n<ul class=\"wp-block-list\">\r\n<li><strong>Tarkoitus: <\/strong>n\u00e4m\u00e4 luvat ovat ehdottoman v\u00e4ltt\u00e4m\u00e4tt\u00f6mi\u00e4 sovelluksen moitteettomalle toiminnalle ja sen toiminnallisuuksien toteuttamiselle.<\/li>\r\n<\/ul>\r\n<\/li>\r\n<\/ul>\r\n\r\n\r\n\r\n<p class=\"has-small-font-size\"><\/p>\r\n\r\n\r\n\r\n<h2 class=\"wp-block-heading has-background\" style=\"background-color:#f9f3eb;margin-top:var(--wp--preset--spacing--30);margin-bottom:var(--wp--preset--spacing--30);padding-top:var(--wp--preset--spacing--30);padding-bottom:var(--wp--preset--spacing--30);font-size:1.2rem\">3. Tietojen jakaminen<\/h2>\r\n\r\n\r\n\r\n<p style=\"margin-top:var(--wp--preset--spacing--30);margin-bottom:var(--wp--preset--spacing--30);padding-top:0;padding-bottom:0\">Julkaisija ei jaa, myy tai vuokraa henkil\u00f6tietojasi kolmansille osapuolille kaupallisessa tai maksuttomassa tarkoituksessa. Ainoat tahot, jotka saavat tietosi, ovat:<\/p>\r\n\r\n\r\n\r\n<ul style=\"margin-top:var(--wp--preset--spacing--20);margin-bottom:var(--wp--preset--spacing--20)\" class=\"wp-block-list\">\r\n<li><strong>H\u00e4t\u00e4yhteystietosi: <\/strong>p\u00e4\u00e4t\u00e4t l\u00e4hett\u00e4\u00e4 heille tietoja (viesti, sijainti) matkapuhelinoperaattorisi palveluiden kautta (tekstiviestit\/puhelut).<\/li>\r\n\r\n\r\n\r\n<li><strong>Google Maps: <\/strong>Sovellus k\u00e4ytt\u00e4\u00e4 Googlen karttapalvelua luodakseen linkin sijaintiisi. T\u00e4m\u00e4n linkin k\u00e4ytt\u00f6\u00f6n sovelletaan Googlen k\u00e4ytt\u00f6ehtoja ja tietosuojak\u00e4yt\u00e4nt\u00f6\u00e4.<\/li>\r\n\r\n\r\n\r\n<li><strong>OpenStreetMap: <\/strong>sovellus voi my\u00f6s k\u00e4ytt\u00e4\u00e4 OpenStreetmapin karttapalvelua luodakseen linkin sijaintiisi. T\u00e4m\u00e4n linkin k\u00e4ytt\u00f6 on OpenStreetmapin k\u00e4ytt\u00f6ehtojen ja tietosuojak\u00e4yt\u00e4nn\u00f6n alaista.<\/li>\r\n<\/ul>\r\n\r\n\r\n\r\n<p class=\"has-small-font-size\"><\/p>\r\n\r\n\r\n\r\n<h2 class=\"wp-block-heading has-background\" style=\"background-color:#f9f3eb;margin-top:var(--wp--preset--spacing--30);margin-bottom:var(--wp--preset--spacing--30);padding-top:var(--wp--preset--spacing--30);padding-bottom:var(--wp--preset--spacing--30);font-size:1.2rem\">4. Oikeutesi (GDPR-yhteensopivuus)<\/h2>\r\n\r\n\r\n\r\n<p style=\"margin-top:var(--wp--preset--spacing--30);margin-bottom:var(--wp--preset--spacing--30);padding-top:0;padding-bottom:0\">K\u00e4ytt\u00e4j\u00e4n\u00e4 sinulla on seuraavat oikeudet henkil\u00f6tietoihisi liittyen:<\/p>\r\n\r\n\r\n\r\n<ul style=\"margin-top:var(--wp--preset--spacing--20);margin-bottom:var(--wp--preset--spacing--20)\" class=\"wp-block-list\">\r\n<li><strong>Oikeus tutustua tietoihin: <\/strong>voit k\u00e4ytt\u00e4\u00e4 laitteellesi tallennettuja tietoja milloin tahansa sovelluksen kautta.<\/li>\r\n\r\n\r\n\r\n<li><strong>Oikeus oikaisemiseen: <\/strong>voit muokata tai korjata yhteystietojasi ja asetuksia suoraan sovelluksessa.<\/li>\r\n\r\n\r\n\r\n<li><strong>Oikeus tietojen poistamiseen (\u201doikeus tulla unohdetuksi\u201d): <\/strong>voit poistaa yhteystietojesi tiedot ja \u00e4\u00e4nitallenteet milloin tahansa. Sovelluksen poistaminen poistaa kaikki paikallisesti tallennetut tiedot.<\/li>\r\n\r\n\r\n\r\n<li><strong>Oikeus k\u00e4sittelyn rajoittamiseen: <\/strong>voit tilap\u00e4isesti poistaa yhteystietoja tai ominaisuuksia (kuten sijainnin) k\u00e4yt\u00f6st\u00e4 tietojesi k\u00e4sittelyn rajoittamiseksi.<\/li>\r\n\r\n\r\n\r\n<li><strong>Vastustamisoikeus: <\/strong>voit vastustaa k\u00e4sittely\u00e4 lopettamalla sovelluksen k\u00e4yt\u00f6n ja poistamalla sen asennuksen.<\/li>\r\n<\/ul>\r\n\r\n\r\n\r\n<p class=\"has-small-font-size\"><\/p>\r\n\r\n\r\n\r\n<h2 class=\"wp-block-heading has-background\" style=\"background-color:#f9f3eb;margin-top:var(--wp--preset--spacing--30);margin-bottom:var(--wp--preset--spacing--30);padding-top:var(--wp--preset--spacing--30);padding-bottom:var(--wp--preset--spacing--30);font-size:1.2rem\">5. Tietosuojak\u00e4yt\u00e4nn\u00f6n muutokset<\/h2>\r\n\r\n\r\n\r\n<p style=\"margin-top:var(--wp--preset--spacing--30);margin-bottom:var(--wp--preset--spacing--30);padding-top:0;padding-bottom:0\">Julkaisija pid\u00e4tt\u00e4\u00e4 oikeuden muuttaa t\u00e4t\u00e4 tietosuojak\u00e4yt\u00e4nt\u00f6\u00e4 milloin tahansa. Palvelun jatkuva k\u00e4ytt\u00f6 muutosten julkaisemisen j\u00e4lkeen katsotaan uusien ehtojen hyv\u00e4ksymiseksi.<\/p>\r\n\r\n\r\n\r\n<p class=\"has-small-font-size\"><\/p>\r\n\r\n\r\n\r\n<h2 class=\"wp-block-heading has-background\" style=\"background-color:#f9f3eb;margin-top:var(--wp--preset--spacing--30);margin-bottom:var(--wp--preset--spacing--30);padding-top:var(--wp--preset--spacing--30);padding-bottom:var(--wp--preset--spacing--30);font-size:1.2rem\">6. Ota yhteytt\u00e4<\/h2>\r\n\r\n\r\n\r\n<p style=\"margin-top:var(--wp--preset--spacing--30);margin-bottom:var(--wp--preset--spacing--30);padding-top:0;padding-bottom:0\">Jos sinulla on kysytt\u00e4v\u00e4\u00e4 tai huolenaiheita t\u00e4st\u00e4 tietosuojak\u00e4yt\u00e4nn\u00f6st\u00e4 tai tietojesi hallinnasta, voit ottaa meihin yhteytt\u00e4 seuraavaan s\u00e4hk\u00f6postiosoitteeseen: <br><strong>privacy.sos_universal@dataslatitudes.com<\/strong><\/p>\r\n\r\n\r\n\r\n<p class=\"has-medium-font-size\"><\/p>\r\n\r\n\r\n\r\n<p class=\"has-medium-font-size\"><\/p>\r\n","protected":false},"excerpt":{"rendered":"<p>TIETOSUOJAK\u00c4YT\u00c4NT\u00d6 T\u00e4m\u00e4n tietosuojak\u00e4yt\u00e4nn\u00f6n tarkoituksena on tiedottaa sinulle l\u00e4pin\u00e4kyv\u00e4sti siit\u00e4, miten DATASLATITUDESin kehitt\u00e4m\u00e4 SOS Universal -mobiilisovellus (j\u00e4ljemp\u00e4n\u00e4 &#8221;sovellus&#8221;) ker\u00e4\u00e4, k\u00e4ytt\u00e4\u00e4 ja [&hellip;]<\/p>\n","protected":false},"author":1,"featured_media":0,"parent":0,"menu_order":4,"comment_status":"closed","ping_status":"closed","template":"","meta":{"site-sidebar-layout":"default","site-content-layout":"","ast-site-content-layout":"default","site-content-style":"default","site-sidebar-style":"default","ast-global-header-display":"","ast-banner-title-visibility":"","ast-main-header-display":"","ast-hfb-above-header-display":"","ast-hfb-below-header-display":"","ast-hfb-mobile-header-display":"","site-post-title":"disabled","ast-breadcrumbs-content":"","ast-featured-img":"","footer-sml-layout":"","theme-transparent-header-meta":"","adv-header-id-meta":"","stick-header-meta":"","header-above-stick-meta":"","header-main-stick-meta":"","header-below-stick-meta":"","astra-migrate-meta-layouts":"default","ast-page-background-enabled":"default","ast-page-background-meta":{"desktop":{"background-color":"var(--ast-global-color-5)","background-image":"","background-repeat":"repeat","background-position":"center center","background-size":"auto","background-attachment":"scroll","background-type":"","background-media":"","overlay-type":"","overlay-color":"","overlay-opacity":"","overlay-gradient":""},"tablet":{"background-color":"","background-image":"","background-repeat":"repeat","background-position":"center center","background-size":"auto","background-attachment":"scroll","background-type":"","background-media":"","overlay-type":"","overlay-color":"","overlay-opacity":"","overlay-gradient":""},"mobile":{"background-color":"","background-image":"","background-repeat":"repeat","background-position":"center center","background-size":"auto","background-attachment":"scroll","background-type":"","background-media":"","overlay-type":"","overlay-color":"","overlay-opacity":"","overlay-gradient":""}},"ast-content-background-meta":{"desktop":{"background-color":"var(--ast-global-color-4)","background-image":"","background-repeat":"repeat","background-position":"center center","background-size":"auto","background-attachment":"scroll","background-type":"","background-media":"","overlay-type":"","overlay-color":"","overlay-opacity":"","overlay-gradient":""},"tablet":{"background-color":"var(--ast-global-color-4)","background-image":"","background-repeat":"repeat","background-position":"center center","background-size":"auto","background-attachment":"scroll","background-type":"","background-media":"","overlay-type":"","overlay-color":"","overlay-opacity":"","overlay-gradient":""},"mobile":{"background-color":"var(--ast-global-color-4)","background-image":"","background-repeat":"repeat","background-position":"center center","background-size":"auto","background-attachment":"scroll","background-type":"","background-media":"","overlay-type":"","overlay-color":"","overlay-opacity":"","overlay-gradient":""}},"footnotes":""},"class_list":["post-75","page","type-page","status-publish","hentry"],"yoast_head":"<!-- This site is optimized with the Yoast SEO plugin v25.6 - https:\/\/yoast.com\/wordpress\/plugins\/seo\/ -->\n<title>Tietosuoja<\/title>\n<meta name=\"description\" content=\"T\u00e4m\u00e4n tietosuojak\u00e4yt\u00e4nn\u00f6n tarkoituksena on informoida sinua l\u00e4pin\u00e4kyv\u00e4sti siit\u00e4, miten DATASLATITUDESin kehitt\u00e4m\u00e4 SOS Universal -mobiilisovellus ker\u00e4\u00e4, k\u00e4ytt\u00e4\u00e4 ja suojaa henkil\u00f6tietojasi. Siin\u00e4 selitet\u00e4\u00e4n tietojen k\u00e4sittelij\u00e4, ker\u00e4tyt tiedot ja tarkoitukset, tietojen jakaminen, oikeutesi (GDPR-yhteensopivuus) ja tietosuojak\u00e4yt\u00e4nn\u00f6n muuttamisen ehdot.\" \/>\n<meta name=\"robots\" content=\"index, follow, max-snippet:-1, max-image-preview:large, max-video-preview:-1\" \/>\n<link rel=\"canonical\" href=\"\" \/>\n<meta property=\"og:locale\" content=\"fi_FI\" \/>\n<meta property=\"og:type\" content=\"article\" \/>\n<meta property=\"og:title\" content=\"Tietosuoja\" \/>\n<meta property=\"og:description\" content=\"T\u00e4m\u00e4n tietosuojak\u00e4yt\u00e4nn\u00f6n tarkoituksena on informoida sinua l\u00e4pin\u00e4kyv\u00e4sti siit\u00e4, miten DATASLATITUDESin kehitt\u00e4m\u00e4 SOS Universal -mobiilisovellus ker\u00e4\u00e4, k\u00e4ytt\u00e4\u00e4 ja suojaa henkil\u00f6tietojasi. Siin\u00e4 selitet\u00e4\u00e4n tietojen k\u00e4sittelij\u00e4, ker\u00e4tyt tiedot ja tarkoitukset, tietojen jakaminen, oikeutesi (GDPR-yhteensopivuus) ja tietosuojak\u00e4yt\u00e4nn\u00f6n muuttamisen ehdot.\" \/>\n<meta property=\"og:url\" content=\"https:\/\/www.dataslatitudes.com\/sosuniversal\/fi\/politique-confidentialite\/\" \/>\n<meta property=\"og:site_name\" content=\"SOS Universal\" \/>\n<meta property=\"article:modified_time\" content=\"2025-08-14T09:50:55+00:00\" \/>\n<meta name=\"twitter:card\" content=\"summary_large_image\" \/>\n<meta name=\"twitter:label1\" content=\"Arvioitu lukuaika\" \/>\n\t<meta name=\"twitter:data1\" content=\"4 minuuttia\" \/>\n<script type=\"application\/ld+json\" class=\"yoast-schema-graph\">{\"@context\":\"https:\/\/schema.org\",\"@graph\":[{\"@type\":\"WebPage\",\"@id\":\"https:\/\/www.dataslatitudes.com\/sosuniversal\/fi\/politique-confidentialite\/\",\"url\":\"https:\/\/www.dataslatitudes.com\/sosuniversal\/fi\/politique-confidentialite\/\",\"name\":\"Confidentialit\u00e9 - SOS Universal\",\"isPartOf\":{\"@id\":\"https:\/\/www.dataslatitudes.com\/sosuniversal\/#website\"},\"datePublished\":\"2025-06-11T15:05:57+00:00\",\"dateModified\":\"2025-08-14T09:50:55+00:00\",\"description\":\"La pr\u00e9sente Politique de Confidentialit\u00e9 a pour objectif de vous informer de mani\u00e8re transparente sur la mani\u00e8re dont l'application mobile SOS Universal, d\u00e9velopp\u00e9e par DATASLATITUDES, collecte, utilise et prot\u00e8ge vos donn\u00e9es personnelles. On y expose le responsable du traitement des donn\u00e9es, les donn\u00e9es collect\u00e9es et les finalit\u00e9s, le partage des donn\u00e9es, vos droits (conformit\u00e9 RGPD) et les conditions de modifications de la Politique de Confidentialit\u00e9.\",\"breadcrumb\":{\"@id\":\"https:\/\/www.dataslatitudes.com\/sosuniversal\/fi\/politique-confidentialite\/#breadcrumb\"},\"inLanguage\":\"fi\",\"potentialAction\":[{\"@type\":\"ReadAction\",\"target\":[\"https:\/\/www.dataslatitudes.com\/sosuniversal\/fi\/politique-confidentialite\/\"]}]},{\"@type\":\"BreadcrumbList\",\"@id\":\"https:\/\/www.dataslatitudes.com\/sosuniversal\/fi\/politique-confidentialite\/#breadcrumb\",\"itemListElement\":[{\"@type\":\"ListItem\",\"position\":1,\"name\":\"Esittely\",\"item\":\"https:\/\/www.dataslatitudes.com\/sosuniversal\/fr\/\"},{\"@type\":\"ListItem\",\"position\":2,\"name\":\"Tietosuoja\"}]},{\"@type\":\"WebSite\",\"@id\":\"https:\/\/www.dataslatitudes.com\/sosuniversal\/fi\/#website\",\"url\":\"https:\/\/www.dataslatitudes.com\/sosuniversal\/fi\/\",\"name\":\"SOS Universal\",\"description\":\"\",\"publisher\":{\"@id\":\"https:\/\/www.dataslatitudes.com\/sosuniversal\/fi\/#organization\"},\"potentialAction\":[{\"@type\":\"SearchAction\",\"target\":{\"@type\":\"EntryPoint\",\"urlTemplate\":\"https:\/\/www.dataslatitudes.com\/sosuniversal\/fi\/?s={search_term_string}\"},\"query-input\":{\"@type\":\"PropertyValueSpecification\",\"valueRequired\":true,\"valueName\":\"search_term_string\"}}],\"inLanguage\":\"fi\"},{\"@type\":\"Organization\",\"@id\":\"https:\/\/www.dataslatitudes.com\/sosuniversal\/fi\/#organization\",\"name\":\"DATASLATITUDES\",\"url\":\"https:\/\/www.dataslatitudes.com\/sosuniversal\/fi\/\",\"logo\":{\"@type\":\"ImageObject\",\"inLanguage\":\"fi\",\"@id\":\"https:\/\/www.dataslatitudes.com\/sosuniversal\/fi\/#\/schema\/logo\/image\/\",\"url\":\"https:\/\/www.dataslatitudes.com\/sosuniversal\/wp-content\/uploads\/2025\/07\/logo_mrdv.png\",\"contentUrl\":\"https:\/\/www.dataslatitudes.com\/sosuniversal\/wp-content\/uploads\/2025\/07\/logo_mrdv.png\",\"width\":72,\"height\":72,\"caption\":\"DATASLATITUDES\"},\"image\":{\"@id\":\"https:\/\/www.dataslatitudes.com\/sosuniversal\/fi\/#\/schema\/logo\/image\/\"}}]}<\/script>\n<!-- \/ Yoast SEO plugin. -->","yoast_head_json":{"title":"Tietosuoja","description":"T\u00e4m\u00e4n tietosuojak\u00e4yt\u00e4nn\u00f6n tarkoituksena on informoida sinua l\u00e4pin\u00e4kyv\u00e4sti siit\u00e4, miten DATASLATITUDESin kehitt\u00e4m\u00e4 SOS Universal -mobiilisovellus ker\u00e4\u00e4, k\u00e4ytt\u00e4\u00e4 ja suojaa henkil\u00f6tietojasi. Siin\u00e4 selitet\u00e4\u00e4n tietojen k\u00e4sittelij\u00e4, ker\u00e4tyt tiedot ja tarkoitukset, tietojen jakaminen, oikeutesi (GDPR-yhteensopivuus) ja tietosuojak\u00e4yt\u00e4nn\u00f6n muuttamisen ehdot.","robots":{"index":"index","follow":"follow","max-snippet":"max-snippet:-1","max-image-preview":"max-image-preview:large","max-video-preview":"max-video-preview:-1"},"canonical":"TIETOSUOJAK\u00c4YT\u00c4NT\u00d6 T\u00e4m\u00e4n tietosuojak\u00e4yt\u00e4nn\u00f6n tarkoituksena on tiedottaa sinulle l\u00e4pin\u00e4kyv\u00e4sti siit\u00e4, miten DATASLATITUDESin kehitt\u00e4m\u00e4 SOS Universal -mobiilisovellus (j\u00e4ljemp\u00e4n\u00e4 \"sovellus\") ker\u00e4\u00e4, k\u00e4ytt\u00e4\u00e4 ja suojaa henkil\u00f6tietojasi. K\u00e4ytt\u00e4m\u00e4ll\u00e4 Sovellusta hyv\u00e4ksyt t\u00e4m\u00e4n k\u00e4yt\u00e4nn\u00f6n ehdot. Jos et hyv\u00e4ksy n\u00e4it\u00e4 ehtoja, \u00e4l\u00e4 k\u00e4yt\u00e4 Sovellusta. Voimaantulop\u00e4iv\u00e4: 28. kes\u00e4kuuta 2025 1. Tietojen k\u00e4sittelyst\u00e4 vastaava Henkil\u00f6tietojesi k\u00e4sittelyst\u00e4 vastaava taho on: DATASLATITUDES. (S\u00e4hk\u00f6posti: privacy.sos_universal@dataslatitudes.com) 2. Ker\u00e4tyt tiedot&hellip;","og_locale":"fi_FI","og_type":"article","og_title":"Tietosuoja","og_description":"T\u00e4m\u00e4n tietosuojak\u00e4yt\u00e4nn\u00f6n tarkoituksena on informoida sinua l\u00e4pin\u00e4kyv\u00e4sti siit\u00e4, miten DATASLATITUDESin kehitt\u00e4m\u00e4 SOS Universal -mobiilisovellus ker\u00e4\u00e4, k\u00e4ytt\u00e4\u00e4 ja suojaa henkil\u00f6tietojasi. Siin\u00e4 selitet\u00e4\u00e4n tietojen k\u00e4sittelij\u00e4, ker\u00e4tyt tiedot ja tarkoitukset, tietojen jakaminen, oikeutesi (GDPR-yhteensopivuus) ja tietosuojak\u00e4yt\u00e4nn\u00f6n muuttamisen ehdot.","og_url":"https:\/\/www.dataslatitudes.com\/sosuniversal\/fi\/politique-confidentialite\/","og_site_name":"SOS Universal","article_modified_time":"2025-08-14T09:50:55+00:00","twitter_card":"summary_large_image","twitter_misc":{"Arvioitu lukuaika":"4 minuuttia"},"schema":{"@context":"https:\/\/schema.org","@graph":[{"@type":"WebPage","@id":"https:\/\/www.dataslatitudes.com\/sosuniversal\/fi\/politique-confidentialite\/","url":"https:\/\/www.dataslatitudes.com\/sosuniversal\/fi\/politique-confidentialite\/","name":"Confidentialit\u00e9 - SOS Universal","isPartOf":{"@id":"https:\/\/www.dataslatitudes.com\/sosuniversal\/#website"},"datePublished":"2025-06-11T15:05:57+00:00","dateModified":"2025-08-14T09:50:55+00:00","description":"La pr\u00e9sente Politique de Confidentialit\u00e9 a pour objectif de vous informer de mani\u00e8re transparente sur la mani\u00e8re dont l'application mobile SOS Universal, d\u00e9velopp\u00e9e par DATASLATITUDES, collecte, utilise et prot\u00e8ge vos donn\u00e9es personnelles. On y expose le responsable du traitement des donn\u00e9es, les donn\u00e9es collect\u00e9es et les finalit\u00e9s, le partage des donn\u00e9es, vos droits (conformit\u00e9 RGPD) et les conditions de modifications de la Politique de Confidentialit\u00e9.","breadcrumb":{"@id":"https:\/\/www.dataslatitudes.com\/sosuniversal\/fi\/politique-confidentialite\/#breadcrumb"},"inLanguage":"fi","potentialAction":[{"@type":"ReadAction","target":["https:\/\/www.dataslatitudes.com\/sosuniversal\/fi\/politique-confidentialite\/"]}]},{"@type":"BreadcrumbList","@id":"https:\/\/www.dataslatitudes.com\/sosuniversal\/fi\/politique-confidentialite\/#breadcrumb","itemListElement":[{"@type":"ListItem","position":1,"name":"Esittely","item":"https:\/\/www.dataslatitudes.com\/sosuniversal\/fr\/"},{"@type":"ListItem","position":2,"name":"Tietosuoja"}]},{"@type":"WebSite","@id":"https:\/\/www.dataslatitudes.com\/sosuniversal\/fi\/#website","url":"https:\/\/www.dataslatitudes.com\/sosuniversal\/fi\/","name":"SOS Universal","description":"","publisher":{"@id":"https:\/\/www.dataslatitudes.com\/sosuniversal\/fi\/#organization"},"potentialAction":[{"@type":"SearchAction","target":{"@type":"EntryPoint","urlTemplate":"https:\/\/www.dataslatitudes.com\/sosuniversal\/fi\/?s={search_term_string}"},"query-input":{"@type":"PropertyValueSpecification","valueRequired":true,"valueName":"search_term_string"}}],"inLanguage":"fi"},{"@type":"Organization","@id":"https:\/\/www.dataslatitudes.com\/sosuniversal\/fi\/#organization","name":"DATASLATITUDES","url":"https:\/\/www.dataslatitudes.com\/sosuniversal\/fi\/","logo":{"@type":"ImageObject","inLanguage":"fi","@id":"https:\/\/www.dataslatitudes.com\/sosuniversal\/fi\/#\/schema\/logo\/image\/","url":"https:\/\/www.dataslatitudes.com\/sosuniversal\/wp-content\/uploads\/2025\/07\/logo_mrdv.png","contentUrl":"https:\/\/www.dataslatitudes.com\/sosuniversal\/wp-content\/uploads\/2025\/07\/logo_mrdv.png","width":72,"height":72,"caption":"DATASLATITUDES"},"image":{"@id":"https:\/\/www.dataslatitudes.com\/sosuniversal\/fi\/#\/schema\/logo\/image\/"}}]}},"_links":{"self":[{"href":"https:\/\/www.dataslatitudes.com\/sosuniversal\/fi\/wp-json\/wp\/v2\/pages\/75","targetHints":{"allow":["GET"]}}],"collection":[{"href":"https:\/\/www.dataslatitudes.com\/sosuniversal\/fi\/wp-json\/wp\/v2\/pages"}],"about":[{"href":"https:\/\/www.dataslatitudes.com\/sosuniversal\/fi\/wp-json\/wp\/v2\/types\/page"}],"author":[{"embeddable":true,"href":"https:\/\/www.dataslatitudes.com\/sosuniversal\/fi\/wp-json\/wp\/v2\/users\/1"}],"replies":[{"embeddable":true,"href":"https:\/\/www.dataslatitudes.com\/sosuniversal\/fi\/wp-json\/wp\/v2\/comments?post=75"}],"version-history":[{"count":30,"href":"https:\/\/www.dataslatitudes.com\/sosuniversal\/fi\/wp-json\/wp\/v2\/pages\/75\/revisions"}],"predecessor-version":[{"id":2927,"href":"https:\/\/www.dataslatitudes.com\/sosuniversal\/fi\/wp-json\/wp\/v2\/pages\/75\/revisions\/2927"}],"wp:attachment":[{"href":"https:\/\/www.dataslatitudes.com\/sosuniversal\/fi\/wp-json\/wp\/v2\/media?parent=75"}],"curies":[{"name":"wp","href":"https:\/\/api.w.org\/{rel}","templated":true}]}}