{"id":250,"date":"2025-06-13T07:11:06","date_gmt":"2025-06-13T07:11:06","guid":{"rendered":"https:\/\/www.dataslatitudes.com\/sosuniversal\/index.php\/mode-emploi\/mode-demploi-enregistrements\/"},"modified":"2025-07-22T17:01:26","modified_gmt":"2025-07-22T17:01:26","slug":"mode-emploi-outils-supplementaire","status":"publish","type":"page","link":"https:\/\/www.dataslatitudes.com\/sosuniversal\/fi\/ecran-principal\/mode-emploi-outils-supplementaire\/","title":{"rendered":"Lis\u00e4ty\u00f6kalut"},"content":{"rendered":"\r\n<p class=\"has-small-font-size\"><\/p>\r\n\r\n\r\n\r\n<h1 class=\"wp-block-heading has-text-align-center has-medium-font-size\" style=\"margin-top:var(--wp--preset--spacing--20);margin-bottom:var(--wp--preset--spacing--20)\"><strong>LIS\u00c4TY\u00d6KALUT<\/strong><\/h1>\r\n\r\n\r\n\r\n<p class=\"has-text-align-center\" style=\"font-size:1.2rem\">SOS Universal tarjoaa sinulle viisi lis\u00e4ty\u00f6kalua:<\/p>\r\n\r\n\r\n\r\n<figure class=\"wp-block-image aligncenter size-full is-resized\"><img decoding=\"async\" src=\"http:\/\/www.dataslatitudes.com\/sosuniversal\/wp-content\/uploads\/fi_ecran_principal_partie_basse_puce_recadre.webp\" alt=\"P\u00e4\u00e4n\u00e4yt\u00f6n alaosa\" class=\"wp-image-421\" style=\"width:273px\"\/><\/figure>\r\n\r\n\r\n\r\n<div class=\"wp-block-columns is-layout-flex wp-container-core-columns-is-layout-d2a8f814 wp-block-columns-is-layout-flex\" style=\"padding-top:0;padding-bottom:0\">\r\n<div class=\"wp-block-column is-layout-flow wp-block-column-is-layout-flow\">\r\n<h2 class=\"wp-block-heading has-text-align-center\" style=\"margin-top:var(--wp--preset--spacing--20);margin-bottom:var(--wp--preset--spacing--20);font-size:1.2rem\">(1) Sovelluksen lukitus<\/h2>\r\n\r\n\r\n\r\n<figure class=\"wp-block-image aligncenter size-large is-resized\" style=\"margin-top:0;margin-bottom:0\"><img decoding=\"async\" src=\"http:\/\/www.dataslatitudes.com\/sosuniversal\/wp-content\/uploads\/fi_verrouillage-459x1024.webp\" alt=\"SOS Universal - sovelluksen lukitus\" class=\"wp-image-426\" style=\"width:273px\"\/><\/figure>\r\n\r\n\r\n\r\n<p style=\"margin-right:var(--wp--preset--spacing--50);margin-left:var(--wp--preset--spacing--50);font-size:1rem\">Jotta v\u00e4ltet\u00e4\u00e4n haavoittuvien henkil\u00f6iden virheelliset k\u00e4sittelyt, SOS Universal voidaan asettaa luotettavan kolmannen osapuolen toimesta ja sen j\u00e4lkeen lukita: t\u00e4ll\u00f6in vain p\u00e4\u00e4painike h\u00e4lytyksen k\u00e4ynnist\u00e4miseen on k\u00e4ytett\u00e4viss\u00e4 (sek\u00e4 h\u00e4lytyksen peruutus-painike). Lukituksen avaaminen on hyvin yksinkertaista (koodi on 0000).<\/p>\r\n\r\n\r\n\r\n<p style=\"margin-top:var(--wp--preset--spacing--50);margin-bottom:var(--wp--preset--spacing--50)\"><\/p>\r\n<\/div>\r\n\r\n\r\n\r\n<div class=\"wp-block-column is-layout-flow wp-block-column-is-layout-flow\">\r\n<h2 class=\"wp-block-heading has-text-align-center\" style=\"margin-top:var(--wp--preset--spacing--20);margin-bottom:var(--wp--preset--spacing--20);font-size:1.2rem\">(2) Lis\u00e4viesti<\/h2>\r\n\r\n\r\n\r\n<figure class=\"wp-block-image aligncenter size-large is-resized\" style=\"margin-top:0;margin-bottom:0\"><img decoding=\"async\" src=\"http:\/\/www.dataslatitudes.com\/sosuniversal\/wp-content\/uploads\/fi_message_complementaire-459x1024.webp\" alt=\"SOS Universal - lis\u00e4viesti\" class=\"wp-image-425\" style=\"width:273px\"\/><\/figure>\r\n\r\n\r\n\r\n<p style=\"padding-right:var(--wp--preset--spacing--50);padding-left:var(--wp--preset--spacing--50);font-size:1rem\">Voit nopeasti laatia lis\u00e4viestin, joka sis\u00e4llytet\u00e4\u00e4n tulevien h\u00e4lytysten tekstiviestin tekstiin.<\/p>\r\n<\/div>\r\n<\/div>\r\n\r\n\r\n\r\n<p class=\"has-text-align-center\" style=\"font-size:1.1rem\"><br>Kaikkien h\u00e4lytysten ulkopuolella k\u00e4yt\u00f6ss\u00e4si on kolme lis\u00e4apuohjelmaa, jotka voidaan asettaa valinnaisella viiveell\u00e4:<\/p>\r\n\r\n\r\n\r\n<div class=\"wp-block-columns is-layout-flex wp-container-core-columns-is-layout-8d88fe0f wp-block-columns-is-layout-flex\" style=\"padding-top:var(--wp--preset--spacing--20);padding-bottom:var(--wp--preset--spacing--20)\">\r\n<div class=\"wp-block-column is-layout-flow wp-block-column-is-layout-flow\">\r\n<h2 class=\"wp-block-heading has-text-align-center\" style=\"margin-top:0;margin-bottom:0;font-size:1.2rem\">(3) \u00c4\u00e4nitallenne<\/h2>\r\n\r\n\r\n\r\n<figure class=\"wp-block-image aligncenter size-large is-resized\" style=\"margin-top:var(--wp--preset--spacing--20);margin-bottom:var(--wp--preset--spacing--20)\"><img decoding=\"async\" src=\"http:\/\/www.dataslatitudes.com\/sosuniversal\/wp-content\/uploads\/fi_enregistrement_direct-459x1024.webp\" alt=\"SOS Universal - \u00e4\u00e4nitallennus\" class=\"wp-image-424\" style=\"width:273px\"\/><\/figure>\r\n\r\n\r\n\r\n<p class=\"has-text-align-center\" style=\"font-size:1rem\">Teoreettinen tallennuskapasiteetti on ilmoitettu.<\/p>\r\n<\/div>\r\n\r\n\r\n\r\n<div class=\"wp-block-column is-layout-flow wp-block-column-is-layout-flow\">\r\n<h2 class=\"wp-block-heading has-text-align-center\" style=\"margin-top:0;margin-bottom:0;font-size:1.2rem\">(4) \u00c4\u00e4nih\u00e4lytys<\/h2>\r\n\r\n\r\n\r\n<figure class=\"wp-block-image aligncenter size-large is-resized\" style=\"margin-top:var(--wp--preset--spacing--20);margin-bottom:var(--wp--preset--spacing--20)\"><img decoding=\"async\" src=\"http:\/\/www.dataslatitudes.com\/sosuniversal\/wp-content\/uploads\/fi_alarme_sonore-459x1024.webp\" alt=\"SOS Universal - \u00e4\u00e4nih\u00e4lytys\" class=\"wp-image-423\" style=\"width:273px\"\/><\/figure>\r\n\r\n\r\n\r\n<p class=\"has-text-align-center\" style=\"font-size:1rem\">H\u00e4lytyksen \u00e4\u00e4nenvoimakkuus s\u00e4\u00e4det\u00e4\u00e4n automaattisesti maksimiin. H\u00e4lytyksen tyyppi (poliisisireeni tai ihmisen huuto) valitaan asetuksista.<\/p>\r\n<\/div>\r\n\r\n\r\n\r\n<div class=\"wp-block-column is-layout-flow wp-block-column-is-layout-flow\">\r\n<h2 class=\"wp-block-heading has-text-align-center\" style=\"margin-top:0;margin-bottom:0;font-size:1.2rem\">(5) Simuloitu saapuva puhelu<\/h2>\r\n\r\n\r\n\r\n<figure class=\"wp-block-image aligncenter size-large is-resized\" style=\"margin-top:var(--wp--preset--spacing--20);margin-bottom:var(--wp--preset--spacing--20)\"><img decoding=\"async\" src=\"http:\/\/www.dataslatitudes.com\/sosuniversal\/wp-content\/uploads\/fi_appel_entrant_simule-459x1024.webp\" alt=\"SOS Universal - simuloitu saapuva puhelu\" class=\"wp-image-422\" style=\"width:273px\"\/><\/figure>\r\n\r\n\r\n\r\n<p class=\"has-text-align-center\" style=\"font-size:1rem\">Soitto\u00e4\u00e4nen \u00e4\u00e4nenvoimakkuus s\u00e4\u00e4det\u00e4\u00e4n automaattisesti maksimiin. T\u00e4t\u00e4 toimintoa ei voi k\u00e4ytt\u00e4\u00e4, jos \u00e4lypuhelin on \u00e4\u00e4nett\u00f6m\u00e4ss\u00e4 tilassa tai &#8221;\u00e4l\u00e4 h\u00e4iritse&#8221; -tilassa.<\/p>\r\n<\/div>\r\n<\/div>\r\n\r\n\r\n\r\n<p class=\"has-small-font-size\"><\/p>\r\n\r\n\r\n\r\n<p class=\"has-small-font-size\"><\/p>\r\n","protected":false},"excerpt":{"rendered":"<p>LIS\u00c4TY\u00d6KALUT SOS Universal tarjoaa sinulle viisi lis\u00e4ty\u00f6kalua: (1) Sovelluksen lukitus Jotta v\u00e4ltet\u00e4\u00e4n haavoittuvien henkil\u00f6iden virheelliset k\u00e4sittelyt, SOS Universal voidaan asettaa [&hellip;]<\/p>\n","protected":false},"author":1,"featured_media":0,"parent":14,"menu_order":7,"comment_status":"closed","ping_status":"closed","template":"","meta":{"site-sidebar-layout":"default","site-content-layout":"","ast-site-content-layout":"","site-content-style":"default","site-sidebar-style":"default","ast-global-header-display":"","ast-banner-title-visibility":"","ast-main-header-display":"","ast-hfb-above-header-display":"","ast-hfb-below-header-display":"","ast-hfb-mobile-header-display":"","site-post-title":"disabled","ast-breadcrumbs-content":"","ast-featured-img":"","footer-sml-layout":"","theme-transparent-header-meta":"","adv-header-id-meta":"","stick-header-meta":"","header-above-stick-meta":"","header-main-stick-meta":"","header-below-stick-meta":"","astra-migrate-meta-layouts":"default","ast-page-background-enabled":"default","ast-page-background-meta":{"desktop":{"background-color":"var(--ast-global-color-5)","background-image":"","background-repeat":"repeat","background-position":"center center","background-size":"auto","background-attachment":"scroll","background-type":"","background-media":"","overlay-type":"","overlay-color":"","overlay-opacity":"","overlay-gradient":""},"tablet":{"background-color":"","background-image":"","background-repeat":"repeat","background-position":"center center","background-size":"auto","background-attachment":"scroll","background-type":"","background-media":"","overlay-type":"","overlay-color":"","overlay-opacity":"","overlay-gradient":""},"mobile":{"background-color":"","background-image":"","background-repeat":"repeat","background-position":"center center","background-size":"auto","background-attachment":"scroll","background-type":"","background-media":"","overlay-type":"","overlay-color":"","overlay-opacity":"","overlay-gradient":""}},"ast-content-background-meta":{"desktop":{"background-color":"var(--ast-global-color-4)","background-image":"","background-repeat":"repeat","background-position":"center center","background-size":"auto","background-attachment":"scroll","background-type":"","background-media":"","overlay-type":"","overlay-color":"","overlay-opacity":"","overlay-gradient":""},"tablet":{"background-color":"var(--ast-global-color-4)","background-image":"","background-repeat":"repeat","background-position":"center center","background-size":"auto","background-attachment":"scroll","background-type":"","background-media":"","overlay-type":"","overlay-color":"","overlay-opacity":"","overlay-gradient":""},"mobile":{"background-color":"var(--ast-global-color-4)","background-image":"","background-repeat":"repeat","background-position":"center center","background-size":"auto","background-attachment":"scroll","background-type":"","background-media":"","overlay-type":"","overlay-color":"","overlay-opacity":"","overlay-gradient":""}},"footnotes":""},"class_list":["post-250","page","type-page","status-publish","hentry"],"yoast_head":"<!-- This site is optimized with the Yoast SEO plugin v25.6 - https:\/\/yoast.com\/wordpress\/plugins\/seo\/ -->\n<title>Lis\u00e4ty\u00f6kalut<\/title>\n<meta name=\"description\" content=\"SOS Universal tarjoaa sinulle viisi lis\u00e4ty\u00f6kalua. Haavoittuvien henkil\u00f6iden virhetoimintojen v\u00e4ltt\u00e4miseksi SOS Universal voidaan asettaa luotettavan kolmannen osapuolen toimesta ja sitten lukita. Voit nopeasti laatia lis\u00e4viestin, joka integroidaan seuraavien h\u00e4lytysten tekstiviestiin. Kaikkien h\u00e4lytysten ulkopuolella k\u00e4yt\u00f6ss\u00e4si on kolme apuohjelmaa, jotka voidaan asettaa valinnaisella viiveell\u00e4: \u00e4\u00e4nitallennus, \u00e4\u00e4nih\u00e4lytyksen k\u00e4ynnist\u00e4minen ja simuloidun saapuvan puhelun soittaminen.\" \/>\n<meta name=\"robots\" content=\"index, follow, max-snippet:-1, max-image-preview:large, max-video-preview:-1\" \/>\n<link rel=\"canonical\" href=\"\" \/>\n<meta property=\"og:locale\" content=\"fi_FI\" \/>\n<meta property=\"og:type\" content=\"article\" \/>\n<meta property=\"og:title\" content=\"Lis\u00e4ty\u00f6kalut\" \/>\n<meta property=\"og:description\" content=\"SOS Universal tarjoaa sinulle viisi lis\u00e4ty\u00f6kalua. Haavoittuvien henkil\u00f6iden virhetoimintojen v\u00e4ltt\u00e4miseksi SOS Universal voidaan asettaa luotettavan kolmannen osapuolen toimesta ja sitten lukita. Voit nopeasti laatia lis\u00e4viestin, joka integroidaan seuraavien h\u00e4lytysten tekstiviestiin. Kaikkien h\u00e4lytysten ulkopuolella k\u00e4yt\u00f6ss\u00e4si on kolme apuohjelmaa, jotka voidaan asettaa valinnaisella viiveell\u00e4: \u00e4\u00e4nitallennus, \u00e4\u00e4nih\u00e4lytyksen k\u00e4ynnist\u00e4minen ja simuloidun saapuvan puhelun soittaminen.\" \/>\n<meta property=\"og:url\" content=\"https:\/\/www.dataslatitudes.com\/sosuniversal\/fi\/ecran-principal\/mode-emploi-outils-supplementaire\/\" \/>\n<meta property=\"og:site_name\" content=\"SOS Universal\" \/>\n<meta property=\"article:modified_time\" content=\"2025-07-22T17:01:26+00:00\" \/>\n<meta name=\"twitter:card\" content=\"summary_large_image\" \/>\n<meta name=\"twitter:label1\" content=\"Arvioitu lukuaika\" \/>\n\t<meta name=\"twitter:data1\" content=\"3 minuuttia\" \/>\n<script type=\"application\/ld+json\" class=\"yoast-schema-graph\">{\"@context\":\"https:\/\/schema.org\",\"@graph\":[{\"@type\":\"WebPage\",\"@id\":\"https:\/\/www.dataslatitudes.com\/sosuniversal\/fi\/ecran-principal\/mode-emploi-outils-supplementaire\/\",\"url\":\"https:\/\/www.dataslatitudes.com\/sosuniversal\/fi\/ecran-principal\/mode-emploi-outils-supplementaire\/\",\"name\":\"Outils suppl\u00e9mentaires - SOS Universal\",\"isPartOf\":{\"@id\":\"https:\/\/www.dataslatitudes.com\/sosuniversal\/#website\"},\"primaryImageOfPage\":{\"@id\":\"https:\/\/www.dataslatitudes.com\/sosuniversal\/fi\/ecran-principal\/mode-emploi-outils-supplementaire\/#primaryimage\"},\"image\":{\"@id\":\"https:\/\/www.dataslatitudes.com\/sosuniversal\/fi\/ecran-principal\/mode-emploi-outils-supplementaire\/#primaryimage\"},\"thumbnailUrl\":\"http:\/\/www.dataslatitudes.com\/sosuniversal\/wp-content\/uploads\/2025\/07\/fr_ecran_principal_partie_basse_puce_recadre.webp\",\"datePublished\":\"2025-06-13T07:11:06+00:00\",\"dateModified\":\"2025-07-22T17:01:26+00:00\",\"description\":\"Cinq outils suppl\u00e9mentaires vous sont propos\u00e9s par SOS Universal. Dans le but d\u2019\u00e9viter des erreurs de manipulation par des personnes vuln\u00e9rables, SOS Universal peut \u00eatre param\u00e9tr\u00e9e par un tiers de confiance puis ensuite \u00eatre verrouill\u00e9e. Vous avez la facult\u00e9 de r\u00e9diger rapidement un message compl\u00e9mentaire qui sera int\u00e9gr\u00e9 dans le texte du SMS des prochaines alertes. En dehors de toute alerte, vous disposez de trois utilitaires qui peuvent \u00eatre param\u00e9tr\u00e9s avec un d\u00e9lai de d\u00e9clenchement optionnel : l'enregistrement audio, le d\u00e9clenchement d'une alarme sonore et la simulation d\u2019un appel t\u00e9l\u00e9phonique entrant.\",\"breadcrumb\":{\"@id\":\"https:\/\/www.dataslatitudes.com\/sosuniversal\/fi\/ecran-principal\/mode-emploi-outils-supplementaire\/#breadcrumb\"},\"inLanguage\":\"fi\",\"potentialAction\":[{\"@type\":\"ReadAction\",\"target\":[\"https:\/\/www.dataslatitudes.com\/sosuniversal\/fi\/ecran-principal\/mode-emploi-outils-supplementaire\/\"]}]},{\"@type\":\"ImageObject\",\"inLanguage\":\"fi\",\"@id\":\"https:\/\/www.dataslatitudes.com\/sosuniversal\/fi\/ecran-principal\/mode-emploi-outils-supplementaire\/#primaryimage\",\"url\":\"http:\/\/www.dataslatitudes.com\/sosuniversal\/wp-content\/uploads\/2025\/07\/fr_ecran_principal_partie_basse_puce_recadre.webp\",\"contentUrl\":\"http:\/\/www.dataslatitudes.com\/sosuniversal\/wp-content\/uploads\/2025\/07\/fr_ecran_principal_partie_basse_puce_recadre.webp\"},{\"@type\":\"BreadcrumbList\",\"@id\":\"https:\/\/www.dataslatitudes.com\/sosuniversal\/fi\/ecran-principal\/mode-emploi-outils-supplementaire\/#breadcrumb\",\"itemListElement\":[{\"@type\":\"ListItem\",\"position\":1,\"name\":\"Esittely\",\"item\":\"https:\/\/www.dataslatitudes.com\/sosuniversal\/fr\/\"},{\"@type\":\"ListItem\",\"position\":2,\"name\":\"P\u00e4\u00e4ikkuna\",\"item\":\"https:\/\/www.dataslatitudes.com\/sosuniversal\/ecran-principal\/\"},{\"@type\":\"ListItem\",\"position\":3,\"name\":\"Lis\u00e4ty\u00f6kalut\"}]},{\"@type\":\"WebSite\",\"@id\":\"https:\/\/www.dataslatitudes.com\/sosuniversal\/fi\/#website\",\"url\":\"https:\/\/www.dataslatitudes.com\/sosuniversal\/fi\/\",\"name\":\"SOS Universal\",\"description\":\"\",\"publisher\":{\"@id\":\"https:\/\/www.dataslatitudes.com\/sosuniversal\/fi\/#organization\"},\"potentialAction\":[{\"@type\":\"SearchAction\",\"target\":{\"@type\":\"EntryPoint\",\"urlTemplate\":\"https:\/\/www.dataslatitudes.com\/sosuniversal\/fi\/?s={search_term_string}\"},\"query-input\":{\"@type\":\"PropertyValueSpecification\",\"valueRequired\":true,\"valueName\":\"search_term_string\"}}],\"inLanguage\":\"fi\"},{\"@type\":\"Organization\",\"@id\":\"https:\/\/www.dataslatitudes.com\/sosuniversal\/fi\/#organization\",\"name\":\"DATASLATITUDES\",\"url\":\"https:\/\/www.dataslatitudes.com\/sosuniversal\/fi\/\",\"logo\":{\"@type\":\"ImageObject\",\"inLanguage\":\"fi\",\"@id\":\"https:\/\/www.dataslatitudes.com\/sosuniversal\/fi\/#\/schema\/logo\/image\/\",\"url\":\"https:\/\/www.dataslatitudes.com\/sosuniversal\/wp-content\/uploads\/2025\/07\/logo_mrdv.png\",\"contentUrl\":\"https:\/\/www.dataslatitudes.com\/sosuniversal\/wp-content\/uploads\/2025\/07\/logo_mrdv.png\",\"width\":72,\"height\":72,\"caption\":\"DATASLATITUDES\"},\"image\":{\"@id\":\"https:\/\/www.dataslatitudes.com\/sosuniversal\/fi\/#\/schema\/logo\/image\/\"}}]}<\/script>\n<!-- \/ Yoast SEO plugin. -->","yoast_head_json":{"title":"Lis\u00e4ty\u00f6kalut","description":"SOS Universal tarjoaa sinulle viisi lis\u00e4ty\u00f6kalua. Haavoittuvien henkil\u00f6iden virhetoimintojen v\u00e4ltt\u00e4miseksi SOS Universal voidaan asettaa luotettavan kolmannen osapuolen toimesta ja sitten lukita. Voit nopeasti laatia lis\u00e4viestin, joka integroidaan seuraavien h\u00e4lytysten tekstiviestiin. Kaikkien h\u00e4lytysten ulkopuolella k\u00e4yt\u00f6ss\u00e4si on kolme apuohjelmaa, jotka voidaan asettaa valinnaisella viiveell\u00e4: \u00e4\u00e4nitallennus, \u00e4\u00e4nih\u00e4lytyksen k\u00e4ynnist\u00e4minen ja simuloidun saapuvan puhelun soittaminen.","robots":{"index":"index","follow":"follow","max-snippet":"max-snippet:-1","max-image-preview":"max-image-preview:large","max-video-preview":"max-video-preview:-1"},"canonical":"LIS\u00c4TY\u00d6KALUT SOS Universal tarjoaa sinulle viisi lis\u00e4ty\u00f6kalua: (1) Sovelluksen lukitus Jotta v\u00e4ltet\u00e4\u00e4n haavoittuvien henkil\u00f6iden virheelliset k\u00e4sittelyt, SOS Universal voidaan asettaa luotettavan kolmannen osapuolen toimesta ja sen j\u00e4lkeen lukita: t\u00e4ll\u00f6in vain p\u00e4\u00e4painike h\u00e4lytyksen k\u00e4ynnist\u00e4miseen on k\u00e4ytett\u00e4viss\u00e4 (sek\u00e4 h\u00e4lytyksen peruutus-painike). Lukituksen avaaminen on hyvin yksinkertaista (koodi on 0000). (2) Lis\u00e4viesti Voit nopeasti laatia lis\u00e4viestin, joka sis\u00e4llytet\u00e4\u00e4n tulevien&hellip;","og_locale":"fi_FI","og_type":"article","og_title":"Lis\u00e4ty\u00f6kalut","og_description":"SOS Universal tarjoaa sinulle viisi lis\u00e4ty\u00f6kalua. Haavoittuvien henkil\u00f6iden virhetoimintojen v\u00e4ltt\u00e4miseksi SOS Universal voidaan asettaa luotettavan kolmannen osapuolen toimesta ja sitten lukita. Voit nopeasti laatia lis\u00e4viestin, joka integroidaan seuraavien h\u00e4lytysten tekstiviestiin. Kaikkien h\u00e4lytysten ulkopuolella k\u00e4yt\u00f6ss\u00e4si on kolme apuohjelmaa, jotka voidaan asettaa valinnaisella viiveell\u00e4: \u00e4\u00e4nitallennus, \u00e4\u00e4nih\u00e4lytyksen k\u00e4ynnist\u00e4minen ja simuloidun saapuvan puhelun soittaminen.","og_url":"https:\/\/www.dataslatitudes.com\/sosuniversal\/fi\/ecran-principal\/mode-emploi-outils-supplementaire\/","og_site_name":"SOS Universal","article_modified_time":"2025-07-22T17:01:26+00:00","twitter_card":"summary_large_image","twitter_misc":{"Arvioitu lukuaika":"3 minuuttia"},"schema":{"@context":"https:\/\/schema.org","@graph":[{"@type":"WebPage","@id":"https:\/\/www.dataslatitudes.com\/sosuniversal\/fi\/ecran-principal\/mode-emploi-outils-supplementaire\/","url":"https:\/\/www.dataslatitudes.com\/sosuniversal\/fi\/ecran-principal\/mode-emploi-outils-supplementaire\/","name":"Outils suppl\u00e9mentaires - SOS Universal","isPartOf":{"@id":"https:\/\/www.dataslatitudes.com\/sosuniversal\/#website"},"primaryImageOfPage":{"@id":"https:\/\/www.dataslatitudes.com\/sosuniversal\/fi\/ecran-principal\/mode-emploi-outils-supplementaire\/#primaryimage"},"image":{"@id":"https:\/\/www.dataslatitudes.com\/sosuniversal\/fi\/ecran-principal\/mode-emploi-outils-supplementaire\/#primaryimage"},"thumbnailUrl":"http:\/\/www.dataslatitudes.com\/sosuniversal\/wp-content\/uploads\/2025\/07\/fr_ecran_principal_partie_basse_puce_recadre.webp","datePublished":"2025-06-13T07:11:06+00:00","dateModified":"2025-07-22T17:01:26+00:00","description":"Cinq outils suppl\u00e9mentaires vous sont propos\u00e9s par SOS Universal. Dans le but d\u2019\u00e9viter des erreurs de manipulation par des personnes vuln\u00e9rables, SOS Universal peut \u00eatre param\u00e9tr\u00e9e par un tiers de confiance puis ensuite \u00eatre verrouill\u00e9e. Vous avez la facult\u00e9 de r\u00e9diger rapidement un message compl\u00e9mentaire qui sera int\u00e9gr\u00e9 dans le texte du SMS des prochaines alertes. En dehors de toute alerte, vous disposez de trois utilitaires qui peuvent \u00eatre param\u00e9tr\u00e9s avec un d\u00e9lai de d\u00e9clenchement optionnel : l'enregistrement audio, le d\u00e9clenchement d'une alarme sonore et la simulation d\u2019un appel t\u00e9l\u00e9phonique entrant.","breadcrumb":{"@id":"https:\/\/www.dataslatitudes.com\/sosuniversal\/fi\/ecran-principal\/mode-emploi-outils-supplementaire\/#breadcrumb"},"inLanguage":"fi","potentialAction":[{"@type":"ReadAction","target":["https:\/\/www.dataslatitudes.com\/sosuniversal\/fi\/ecran-principal\/mode-emploi-outils-supplementaire\/"]}]},{"@type":"ImageObject","inLanguage":"fi","@id":"https:\/\/www.dataslatitudes.com\/sosuniversal\/fi\/ecran-principal\/mode-emploi-outils-supplementaire\/#primaryimage","url":"http:\/\/www.dataslatitudes.com\/sosuniversal\/wp-content\/uploads\/2025\/07\/fr_ecran_principal_partie_basse_puce_recadre.webp","contentUrl":"http:\/\/www.dataslatitudes.com\/sosuniversal\/wp-content\/uploads\/2025\/07\/fr_ecran_principal_partie_basse_puce_recadre.webp"},{"@type":"BreadcrumbList","@id":"https:\/\/www.dataslatitudes.com\/sosuniversal\/fi\/ecran-principal\/mode-emploi-outils-supplementaire\/#breadcrumb","itemListElement":[{"@type":"ListItem","position":1,"name":"Esittely","item":"https:\/\/www.dataslatitudes.com\/sosuniversal\/fr\/"},{"@type":"ListItem","position":2,"name":"P\u00e4\u00e4ikkuna","item":"https:\/\/www.dataslatitudes.com\/sosuniversal\/ecran-principal\/"},{"@type":"ListItem","position":3,"name":"Lis\u00e4ty\u00f6kalut"}]},{"@type":"WebSite","@id":"https:\/\/www.dataslatitudes.com\/sosuniversal\/fi\/#website","url":"https:\/\/www.dataslatitudes.com\/sosuniversal\/fi\/","name":"SOS Universal","description":"","publisher":{"@id":"https:\/\/www.dataslatitudes.com\/sosuniversal\/fi\/#organization"},"potentialAction":[{"@type":"SearchAction","target":{"@type":"EntryPoint","urlTemplate":"https:\/\/www.dataslatitudes.com\/sosuniversal\/fi\/?s={search_term_string}"},"query-input":{"@type":"PropertyValueSpecification","valueRequired":true,"valueName":"search_term_string"}}],"inLanguage":"fi"},{"@type":"Organization","@id":"https:\/\/www.dataslatitudes.com\/sosuniversal\/fi\/#organization","name":"DATASLATITUDES","url":"https:\/\/www.dataslatitudes.com\/sosuniversal\/fi\/","logo":{"@type":"ImageObject","inLanguage":"fi","@id":"https:\/\/www.dataslatitudes.com\/sosuniversal\/fi\/#\/schema\/logo\/image\/","url":"https:\/\/www.dataslatitudes.com\/sosuniversal\/wp-content\/uploads\/2025\/07\/logo_mrdv.png","contentUrl":"https:\/\/www.dataslatitudes.com\/sosuniversal\/wp-content\/uploads\/2025\/07\/logo_mrdv.png","width":72,"height":72,"caption":"DATASLATITUDES"},"image":{"@id":"https:\/\/www.dataslatitudes.com\/sosuniversal\/fi\/#\/schema\/logo\/image\/"}}]}},"_links":{"self":[{"href":"https:\/\/www.dataslatitudes.com\/sosuniversal\/fi\/wp-json\/wp\/v2\/pages\/250","targetHints":{"allow":["GET"]}}],"collection":[{"href":"https:\/\/www.dataslatitudes.com\/sosuniversal\/fi\/wp-json\/wp\/v2\/pages"}],"about":[{"href":"https:\/\/www.dataslatitudes.com\/sosuniversal\/fi\/wp-json\/wp\/v2\/types\/page"}],"author":[{"embeddable":true,"href":"https:\/\/www.dataslatitudes.com\/sosuniversal\/fi\/wp-json\/wp\/v2\/users\/1"}],"replies":[{"embeddable":true,"href":"https:\/\/www.dataslatitudes.com\/sosuniversal\/fi\/wp-json\/wp\/v2\/comments?post=250"}],"version-history":[{"count":40,"href":"https:\/\/www.dataslatitudes.com\/sosuniversal\/fi\/wp-json\/wp\/v2\/pages\/250\/revisions"}],"predecessor-version":[{"id":1070,"href":"https:\/\/www.dataslatitudes.com\/sosuniversal\/fi\/wp-json\/wp\/v2\/pages\/250\/revisions\/1070"}],"up":[{"embeddable":true,"href":"https:\/\/www.dataslatitudes.com\/sosuniversal\/fi\/wp-json\/wp\/v2\/pages\/14"}],"wp:attachment":[{"href":"https:\/\/www.dataslatitudes.com\/sosuniversal\/fi\/wp-json\/wp\/v2\/media?parent=250"}],"curies":[{"name":"wp","href":"https:\/\/api.w.org\/{rel}","templated":true}]}}