{"id":185,"date":"2025-06-12T17:24:48","date_gmt":"2025-06-12T17:24:48","guid":{"rendered":"https:\/\/www.dataslatitudes.com\/sosuniversal\/index.php\/politique-de-confidentialite\/"},"modified":"2025-08-14T10:02:03","modified_gmt":"2025-08-14T10:02:03","slug":"mentions-legales","status":"publish","type":"page","link":"https:\/\/www.dataslatitudes.com\/sosuniversal\/fi\/mentions-legales\/","title":{"rendered":"Lakitiedot"},"content":{"rendered":"\r\n<p class=\"has-small-font-size\"><\/p>\r\n\r\n\r\n\r\n<h1 class=\"wp-block-heading has-text-align-center has-medium-font-size\"><strong>LAKITIETOA<\/strong><\/h1>\r\n\r\n\r\n\r\n<h2 class=\"wp-block-heading has-background\" style=\"background-color:#f9f3eb;margin-top:var(--wp--preset--spacing--20);margin-bottom:var(--wp--preset--spacing--20);padding-top:var(--wp--preset--spacing--30);padding-bottom:var(--wp--preset--spacing--30);font-size:1.2rem\">1. Sovelluksen julkaisijan tiedot<\/h2>\r\n\r\n\r\n\r\n<p style=\"margin-top:0;margin-bottom:0;font-size:1rem\">T\u00e4m\u00e4n verkkosivuston ja SOS Universal -mobiilisovelluksen julkaisija on DATASLATITUDES.<\/p>\r\n\r\n\r\n\r\n<p style=\"font-size:1rem\">Voit pyyt\u00e4\u00e4 apua s\u00e4hk\u00f6postiosoitteesta: <strong>hotline.sos_universal@dataslatitudes.com<\/strong><\/p>\r\n\r\n\r\n\r\n<h2 class=\"wp-block-heading has-background\" style=\"background-color:#f9f3eb;margin-top:var(--wp--preset--spacing--20);margin-bottom:var(--wp--preset--spacing--20);padding-top:var(--wp--preset--spacing--30);padding-bottom:var(--wp--preset--spacing--30);font-size:1.2rem\">2. Hosting<\/h2>\r\n\r\n\r\n\r\n<p style=\"margin-top:0;margin-bottom:0\">SOS Universal on mobiilisovellus, jota jaetaan latausalustojen (Google Play Store ja pian App Store) kautta. On t\u00e4smennetty, ett\u00e4 k\u00e4ytt\u00e4j\u00e4n tiedot tallennetaan yksinomaan paikallisesti h\u00e4nen omalle laitteelleen.<\/p>\r\n\r\n\r\n\r\n<p style=\"margin-top:0;margin-bottom:0;padding-top:0;padding-bottom:0\">Jakelualustojen palvelimet is\u00e4nn\u00f6iv\u00e4t sovelluksen asennustiedostoja.<\/p>\r\n\r\n\r\n\r\n<ul style=\"margin-top:0;margin-bottom:0\" class=\"wp-block-list\">\r\n<li style=\"margin-top:0;margin-bottom:0;padding-top:var(--wp--preset--spacing--20);padding-bottom:var(--wp--preset--spacing--20)\">Mobiilisovelluksen is\u00e4nn\u00f6itsij\u00e4t:\r\n<ul class=\"wp-block-list\">\r\n<li style=\"margin-top:0;margin-bottom:0\"><strong>Androidille: <\/strong>Google LLC, 1600 Amphitheatre Parkway, Mountain View, CA 94043, USA<\/li>\r\n\r\n\r\n\r\n<li><strong>iOS:lle: <\/strong>Apple Inc., One Apple Park Way, Cupertino, CA 95014, USA<\/li>\r\n<\/ul>\r\n<\/li>\r\n\r\n\r\n\r\n<li>T\u00e4m\u00e4n verkkosivuston is\u00e4nn\u00f6itsij\u00e4: <strong>AlwaysData<\/strong>, 91 Rue du Faubourg Saint-Honor\u00e9, 75008 Paris<\/li>\r\n<\/ul>\r\n\r\n\r\n\r\n<p class=\"has-small-font-size\"><\/p>\r\n\r\n\r\n\r\n<h2 class=\"wp-block-heading has-background\" style=\"background-color:#f9f3eb;margin-top:var(--wp--preset--spacing--20);margin-bottom:var(--wp--preset--spacing--20);padding-top:var(--wp--preset--spacing--30);padding-bottom:var(--wp--preset--spacing--30);font-size:1.2rem\">3. Immateriaalioikeudet<\/h2>\r\n\r\n\r\n\r\n<p style=\"margin-top:0;margin-bottom:0\">T\u00e4m\u00e4 verkkosivusto ja koko SOS Universal -sovellus, mukaan lukien rakenne, k\u00e4ytt\u00f6liittym\u00e4t, l\u00e4hdekoodi, graafinen suunnittelu, kuvakkeet, tekstit, kuvat ja kaikki muu sis\u00e4lt\u00f6, ovat yksinomaan julkaisija DATASLATITUDESin omaisuutta.<\/p>\r\n\r\n\r\n\r\n<p style=\"margin-top:var(--wp--preset--spacing--30);margin-bottom:var(--wp--preset--spacing--30)\">Kaikenlainen sovelluksen tai sen sis\u00e4ll\u00f6n tai verkkosivuston kokonaan tai osittainen j\u00e4ljent\u00e4minen, esitt\u00e4minen, muokkaaminen, julkaiseminen, l\u00e4hett\u00e4minen tai v\u00e4\u00e4ristely mill\u00e4 tahansa menetelm\u00e4ll\u00e4 ja mill\u00e4 tahansa v\u00e4lineell\u00e4 on ehdottomasti kielletty.<\/p>\r\n\r\n\r\n\r\n<p>Kaikki luvaton verkkosivuston, sovelluksen tai sen osien hy\u00f6dynt\u00e4minen katsotaan loukkaukseksi ja on rangaistavaa.<\/p>\r\n\r\n\r\n\r\n<h2 class=\"wp-block-heading has-background\" style=\"background-color:#f9f3eb;margin-top:var(--wp--preset--spacing--20);margin-bottom:var(--wp--preset--spacing--20);padding-top:var(--wp--preset--spacing--30);padding-bottom:var(--wp--preset--spacing--30);font-size:1.2rem\">4. Ulkoiset linkit<\/h2>\r\n\r\n\r\n\r\n<p style=\"margin-top:0;margin-bottom:0\">Sovellus voi sis\u00e4lt\u00e4\u00e4 hyperlinkkej\u00e4 kolmannen osapuolen sivustoille tai palveluihin, erityisesti GoogleMapsiin (tai OpenStreetmappiin), sijaintitietojen vuoksi. Julkaisija ei ole vastuussa n\u00e4iden kolmannen osapuolen sivustojen sis\u00e4ll\u00f6st\u00e4 tai niiden soveltamista tietosuojak\u00e4yt\u00e4nn\u00f6ist\u00e4. K\u00e4ytt\u00e4j\u00e4\u00e4 kehotetaan tutustumaan n\u00e4iden sivustojen tai palveluiden yleisiin ehtoihin ja tietosuojak\u00e4yt\u00e4nt\u00f6ihin.<\/p>\r\n\r\n\r\n\r\n<p class=\"has-small-font-size\"><\/p>\r\n\r\n\r\n\r\n<h2 class=\"wp-block-heading has-background\" style=\"background-color:#f9f3eb;margin-top:var(--wp--preset--spacing--20);margin-bottom:var(--wp--preset--spacing--20);padding-top:var(--wp--preset--spacing--30);padding-bottom:var(--wp--preset--spacing--30);font-size:1.2rem\">5. Vastuu<\/h2>\r\n\r\n\r\n\r\n<p style=\"margin-top:0;margin-bottom:0\">Julkaisija pyrkii varmistamaan sovelluksen tietojen ja toimintojen luotettavuuden ja tarkkuuden. Julkaisija ei kuitenkaan voi taata, ett\u00e4 sovellus on virheet\u00f6n, bugiton tai keskeytykset\u00f6n.<br><strong>T\u00e4rke\u00e4 ilmoitus: <\/strong>SOS Universal -sovellus on vain apuv\u00e4line. <strong>Se ei korvaa virallisia h\u00e4t\u00e4palveluita mill\u00e4\u00e4n tavalla. <\/strong>Julkaisija ei ota vastuuta sovelluksen v\u00e4\u00e4rink\u00e4yt\u00f6st\u00e4 tai tietoliikennepalveluiden (matkapuhelinverkko, tekstiviestit) vioista, jotka eiv\u00e4t ole sen hallinnassa.<\/p>\r\n\r\n\r\n\r\n<p class=\"has-small-font-size\"><\/p>\r\n\r\n\r\n\r\n<h2 class=\"wp-block-heading has-background\" style=\"background-color:#f9f3eb;margin-top:var(--wp--preset--spacing--20);margin-bottom:var(--wp--preset--spacing--20);padding-top:var(--wp--preset--spacing--30);padding-bottom:var(--wp--preset--spacing--30);font-size:1.2rem\">6. Tekij\u00e4noikeudet (t\u00e4lle verkkosivustolle ja SOS Universal -sovellukselle)<\/h2>\r\n\r\n\r\n\r\n<ul style=\"margin-top:0;margin-bottom:0;padding-top:0;padding-bottom:0\" class=\"wp-block-list\">\r\n<li style=\"margin-top:0;margin-bottom:0;padding-top:0;padding-bottom:0\"><strong>Tutkimus ja suunnittelu: <\/strong>DATASLATITUDES<\/li>\r\n\r\n\r\n\r\n<li><strong>Kehitys: <\/strong>DATASLATITUDES<\/li>\r\n<\/ul>\r\n\r\n\r\n\r\n<p class=\"has-medium-font-size\"><\/p>\r\n\r\n\r\n\r\n<p class=\"has-medium-font-size\"><\/p>\r\n","protected":false},"excerpt":{"rendered":"<p>LAKITIETOA 1. Sovelluksen julkaisijan tiedot T\u00e4m\u00e4n verkkosivuston ja SOS Universal -mobiilisovelluksen julkaisija on DATASLATITUDES. Voit pyyt\u00e4\u00e4 apua s\u00e4hk\u00f6postiosoitteesta: hotline.sos_universal@dataslatitudes.com 2. [&hellip;]<\/p>\n","protected":false},"author":1,"featured_media":0,"parent":0,"menu_order":5,"comment_status":"closed","ping_status":"closed","template":"","meta":{"site-sidebar-layout":"default","site-content-layout":"","ast-site-content-layout":"default","site-content-style":"default","site-sidebar-style":"default","ast-global-header-display":"","ast-banner-title-visibility":"","ast-main-header-display":"","ast-hfb-above-header-display":"","ast-hfb-below-header-display":"","ast-hfb-mobile-header-display":"","site-post-title":"disabled","ast-breadcrumbs-content":"","ast-featured-img":"","footer-sml-layout":"","theme-transparent-header-meta":"","adv-header-id-meta":"","stick-header-meta":"","header-above-stick-meta":"","header-main-stick-meta":"","header-below-stick-meta":"","astra-migrate-meta-layouts":"default","ast-page-background-enabled":"default","ast-page-background-meta":{"desktop":{"background-color":"var(--ast-global-color-5)","background-image":"","background-repeat":"repeat","background-position":"center center","background-size":"auto","background-attachment":"scroll","background-type":"","background-media":"","overlay-type":"","overlay-color":"","overlay-opacity":"","overlay-gradient":""},"tablet":{"background-color":"","background-image":"","background-repeat":"repeat","background-position":"center center","background-size":"auto","background-attachment":"scroll","background-type":"","background-media":"","overlay-type":"","overlay-color":"","overlay-opacity":"","overlay-gradient":""},"mobile":{"background-color":"","background-image":"","background-repeat":"repeat","background-position":"center center","background-size":"auto","background-attachment":"scroll","background-type":"","background-media":"","overlay-type":"","overlay-color":"","overlay-opacity":"","overlay-gradient":""}},"ast-content-background-meta":{"desktop":{"background-color":"var(--ast-global-color-4)","background-image":"","background-repeat":"repeat","background-position":"center center","background-size":"auto","background-attachment":"scroll","background-type":"","background-media":"","overlay-type":"","overlay-color":"","overlay-opacity":"","overlay-gradient":""},"tablet":{"background-color":"var(--ast-global-color-4)","background-image":"","background-repeat":"repeat","background-position":"center center","background-size":"auto","background-attachment":"scroll","background-type":"","background-media":"","overlay-type":"","overlay-color":"","overlay-opacity":"","overlay-gradient":""},"mobile":{"background-color":"var(--ast-global-color-4)","background-image":"","background-repeat":"repeat","background-position":"center center","background-size":"auto","background-attachment":"scroll","background-type":"","background-media":"","overlay-type":"","overlay-color":"","overlay-opacity":"","overlay-gradient":""}},"footnotes":""},"class_list":["post-185","page","type-page","status-publish","hentry"],"yoast_head":"<!-- This site is optimized with the Yoast SEO plugin v25.6 - https:\/\/yoast.com\/wordpress\/plugins\/seo\/ -->\n<title>Lakitiedot<\/title>\n<meta name=\"description\" content=\"N\u00e4m\u00e4 lakitiedot sis\u00e4lt\u00e4v\u00e4t yhteenvedon sovelluksen julkaisijaa, is\u00e4nn\u00f6inti\u00e4, immateriaalioikeuksia, ulkoisia linkkej\u00e4, vastuuta ja DATASLATITUDESin (t\u00e4m\u00e4n verkkosivuston ja SOS Universal -sovelluksen osalta) tekij\u00e4noikeuksia koskevista tiedoista.\" \/>\n<meta name=\"robots\" content=\"index, follow, max-snippet:-1, max-image-preview:large, max-video-preview:-1\" \/>\n<link rel=\"canonical\" href=\"\" \/>\n<meta property=\"og:locale\" content=\"fi_FI\" \/>\n<meta property=\"og:type\" content=\"article\" \/>\n<meta property=\"og:title\" content=\"Lakitiedot\" \/>\n<meta property=\"og:description\" content=\"N\u00e4m\u00e4 lakitiedot sis\u00e4lt\u00e4v\u00e4t yhteenvedon sovelluksen julkaisijaa, is\u00e4nn\u00f6inti\u00e4, immateriaalioikeuksia, ulkoisia linkkej\u00e4, vastuuta ja DATASLATITUDESin (t\u00e4m\u00e4n verkkosivuston ja SOS Universal -sovelluksen osalta) tekij\u00e4noikeuksia koskevista tiedoista.\" \/>\n<meta property=\"og:url\" content=\"https:\/\/www.dataslatitudes.com\/sosuniversal\/fi\/mentions-legales\/\" \/>\n<meta property=\"og:site_name\" content=\"SOS Universal\" \/>\n<meta property=\"article:modified_time\" content=\"2025-08-14T10:02:03+00:00\" \/>\n<meta name=\"twitter:card\" content=\"summary_large_image\" \/>\n<meta name=\"twitter:label1\" content=\"Arvioitu lukuaika\" \/>\n\t<meta name=\"twitter:data1\" content=\"3 minuuttia\" \/>\n<script type=\"application\/ld+json\" class=\"yoast-schema-graph\">{\"@context\":\"https:\/\/schema.org\",\"@graph\":[{\"@type\":\"WebPage\",\"@id\":\"https:\/\/www.dataslatitudes.com\/sosuniversal\/fi\/mentions-legales\/\",\"url\":\"https:\/\/www.dataslatitudes.com\/sosuniversal\/fi\/mentions-legales\/\",\"name\":\"Mentions l\u00e9gales - SOS Universal\",\"isPartOf\":{\"@id\":\"https:\/\/www.dataslatitudes.com\/sosuniversal\/#website\"},\"datePublished\":\"2025-06-12T17:24:48+00:00\",\"dateModified\":\"2025-08-14T10:02:03+00:00\",\"description\":\"Les pr\u00e9sentes mentions l\u00e9gales r\u00e9capitulent les aspects relatifs aux informations sur l\u2019\u00e9diteur de l\u2019application, l'h\u00e9bergement, la propri\u00e9t\u00e9 Intellectuelle, les liens externes, la responsabilit\u00e9 et les cr\u00e9dits de DATASLATITUDES (pour le pr\u00e9sent site Web et l\u2019application SOS Universal).\",\"breadcrumb\":{\"@id\":\"https:\/\/www.dataslatitudes.com\/sosuniversal\/fi\/mentions-legales\/#breadcrumb\"},\"inLanguage\":\"fi\",\"potentialAction\":[{\"@type\":\"ReadAction\",\"target\":[\"https:\/\/www.dataslatitudes.com\/sosuniversal\/fi\/mentions-legales\/\"]}]},{\"@type\":\"BreadcrumbList\",\"@id\":\"https:\/\/www.dataslatitudes.com\/sosuniversal\/fi\/mentions-legales\/#breadcrumb\",\"itemListElement\":[{\"@type\":\"ListItem\",\"position\":1,\"name\":\"Esittely\",\"item\":\"https:\/\/www.dataslatitudes.com\/sosuniversal\/fr\/\"},{\"@type\":\"ListItem\",\"position\":2,\"name\":\"Lakitiedot\"}]},{\"@type\":\"WebSite\",\"@id\":\"https:\/\/www.dataslatitudes.com\/sosuniversal\/fi\/#website\",\"url\":\"https:\/\/www.dataslatitudes.com\/sosuniversal\/fi\/\",\"name\":\"SOS Universal\",\"description\":\"\",\"publisher\":{\"@id\":\"https:\/\/www.dataslatitudes.com\/sosuniversal\/fi\/#organization\"},\"potentialAction\":[{\"@type\":\"SearchAction\",\"target\":{\"@type\":\"EntryPoint\",\"urlTemplate\":\"https:\/\/www.dataslatitudes.com\/sosuniversal\/fi\/?s={search_term_string}\"},\"query-input\":{\"@type\":\"PropertyValueSpecification\",\"valueRequired\":true,\"valueName\":\"search_term_string\"}}],\"inLanguage\":\"fi\"},{\"@type\":\"Organization\",\"@id\":\"https:\/\/www.dataslatitudes.com\/sosuniversal\/fi\/#organization\",\"name\":\"DATASLATITUDES\",\"url\":\"https:\/\/www.dataslatitudes.com\/sosuniversal\/fi\/\",\"logo\":{\"@type\":\"ImageObject\",\"inLanguage\":\"fi\",\"@id\":\"https:\/\/www.dataslatitudes.com\/sosuniversal\/fi\/#\/schema\/logo\/image\/\",\"url\":\"https:\/\/www.dataslatitudes.com\/sosuniversal\/wp-content\/uploads\/2025\/07\/logo_mrdv.png\",\"contentUrl\":\"https:\/\/www.dataslatitudes.com\/sosuniversal\/wp-content\/uploads\/2025\/07\/logo_mrdv.png\",\"width\":72,\"height\":72,\"caption\":\"DATASLATITUDES\"},\"image\":{\"@id\":\"https:\/\/www.dataslatitudes.com\/sosuniversal\/fi\/#\/schema\/logo\/image\/\"}}]}<\/script>\n<!-- \/ Yoast SEO plugin. -->","yoast_head_json":{"title":"Lakitiedot","description":"N\u00e4m\u00e4 lakitiedot sis\u00e4lt\u00e4v\u00e4t yhteenvedon sovelluksen julkaisijaa, is\u00e4nn\u00f6inti\u00e4, immateriaalioikeuksia, ulkoisia linkkej\u00e4, vastuuta ja DATASLATITUDESin (t\u00e4m\u00e4n verkkosivuston ja SOS Universal -sovelluksen osalta) tekij\u00e4noikeuksia koskevista tiedoista.","robots":{"index":"index","follow":"follow","max-snippet":"max-snippet:-1","max-image-preview":"max-image-preview:large","max-video-preview":"max-video-preview:-1"},"canonical":"LAKITIETOA 1. Sovelluksen julkaisijan tiedot T\u00e4m\u00e4n verkkosivuston ja SOS Universal -mobiilisovelluksen julkaisija on DATASLATITUDES. Voit pyyt\u00e4\u00e4 apua s\u00e4hk\u00f6postiosoitteesta: hotline.sos_universal@dataslatitudes.com 2. Hosting SOS Universal on mobiilisovellus, jota jaetaan latausalustojen (Google Play Store ja pian App Store) kautta. On t\u00e4smennetty, ett\u00e4 k\u00e4ytt\u00e4j\u00e4n tiedot tallennetaan yksinomaan paikallisesti h\u00e4nen omalle laitteelleen. Jakelualustojen palvelimet is\u00e4nn\u00f6iv\u00e4t sovelluksen asennustiedostoja. Mobiilisovelluksen is\u00e4nn\u00f6itsij\u00e4t: Androidille:&hellip;","og_locale":"fi_FI","og_type":"article","og_title":"Lakitiedot","og_description":"N\u00e4m\u00e4 lakitiedot sis\u00e4lt\u00e4v\u00e4t yhteenvedon sovelluksen julkaisijaa, is\u00e4nn\u00f6inti\u00e4, immateriaalioikeuksia, ulkoisia linkkej\u00e4, vastuuta ja DATASLATITUDESin (t\u00e4m\u00e4n verkkosivuston ja SOS Universal -sovelluksen osalta) tekij\u00e4noikeuksia koskevista tiedoista.","og_url":"https:\/\/www.dataslatitudes.com\/sosuniversal\/fi\/mentions-legales\/","og_site_name":"SOS Universal","article_modified_time":"2025-08-14T10:02:03+00:00","twitter_card":"summary_large_image","twitter_misc":{"Arvioitu lukuaika":"3 minuuttia"},"schema":{"@context":"https:\/\/schema.org","@graph":[{"@type":"WebPage","@id":"https:\/\/www.dataslatitudes.com\/sosuniversal\/fi\/mentions-legales\/","url":"https:\/\/www.dataslatitudes.com\/sosuniversal\/fi\/mentions-legales\/","name":"Mentions l\u00e9gales - SOS Universal","isPartOf":{"@id":"https:\/\/www.dataslatitudes.com\/sosuniversal\/#website"},"datePublished":"2025-06-12T17:24:48+00:00","dateModified":"2025-08-14T10:02:03+00:00","description":"Les pr\u00e9sentes mentions l\u00e9gales r\u00e9capitulent les aspects relatifs aux informations sur l\u2019\u00e9diteur de l\u2019application, l'h\u00e9bergement, la propri\u00e9t\u00e9 Intellectuelle, les liens externes, la responsabilit\u00e9 et les cr\u00e9dits de DATASLATITUDES (pour le pr\u00e9sent site Web et l\u2019application SOS Universal).","breadcrumb":{"@id":"https:\/\/www.dataslatitudes.com\/sosuniversal\/fi\/mentions-legales\/#breadcrumb"},"inLanguage":"fi","potentialAction":[{"@type":"ReadAction","target":["https:\/\/www.dataslatitudes.com\/sosuniversal\/fi\/mentions-legales\/"]}]},{"@type":"BreadcrumbList","@id":"https:\/\/www.dataslatitudes.com\/sosuniversal\/fi\/mentions-legales\/#breadcrumb","itemListElement":[{"@type":"ListItem","position":1,"name":"Esittely","item":"https:\/\/www.dataslatitudes.com\/sosuniversal\/fr\/"},{"@type":"ListItem","position":2,"name":"Lakitiedot"}]},{"@type":"WebSite","@id":"https:\/\/www.dataslatitudes.com\/sosuniversal\/fi\/#website","url":"https:\/\/www.dataslatitudes.com\/sosuniversal\/fi\/","name":"SOS Universal","description":"","publisher":{"@id":"https:\/\/www.dataslatitudes.com\/sosuniversal\/fi\/#organization"},"potentialAction":[{"@type":"SearchAction","target":{"@type":"EntryPoint","urlTemplate":"https:\/\/www.dataslatitudes.com\/sosuniversal\/fi\/?s={search_term_string}"},"query-input":{"@type":"PropertyValueSpecification","valueRequired":true,"valueName":"search_term_string"}}],"inLanguage":"fi"},{"@type":"Organization","@id":"https:\/\/www.dataslatitudes.com\/sosuniversal\/fi\/#organization","name":"DATASLATITUDES","url":"https:\/\/www.dataslatitudes.com\/sosuniversal\/fi\/","logo":{"@type":"ImageObject","inLanguage":"fi","@id":"https:\/\/www.dataslatitudes.com\/sosuniversal\/fi\/#\/schema\/logo\/image\/","url":"https:\/\/www.dataslatitudes.com\/sosuniversal\/wp-content\/uploads\/2025\/07\/logo_mrdv.png","contentUrl":"https:\/\/www.dataslatitudes.com\/sosuniversal\/wp-content\/uploads\/2025\/07\/logo_mrdv.png","width":72,"height":72,"caption":"DATASLATITUDES"},"image":{"@id":"https:\/\/www.dataslatitudes.com\/sosuniversal\/fi\/#\/schema\/logo\/image\/"}}]}},"_links":{"self":[{"href":"https:\/\/www.dataslatitudes.com\/sosuniversal\/fi\/wp-json\/wp\/v2\/pages\/185","targetHints":{"allow":["GET"]}}],"collection":[{"href":"https:\/\/www.dataslatitudes.com\/sosuniversal\/fi\/wp-json\/wp\/v2\/pages"}],"about":[{"href":"https:\/\/www.dataslatitudes.com\/sosuniversal\/fi\/wp-json\/wp\/v2\/types\/page"}],"author":[{"embeddable":true,"href":"https:\/\/www.dataslatitudes.com\/sosuniversal\/fi\/wp-json\/wp\/v2\/users\/1"}],"replies":[{"embeddable":true,"href":"https:\/\/www.dataslatitudes.com\/sosuniversal\/fi\/wp-json\/wp\/v2\/comments?post=185"}],"version-history":[{"count":29,"href":"https:\/\/www.dataslatitudes.com\/sosuniversal\/fi\/wp-json\/wp\/v2\/pages\/185\/revisions"}],"predecessor-version":[{"id":2930,"href":"https:\/\/www.dataslatitudes.com\/sosuniversal\/fi\/wp-json\/wp\/v2\/pages\/185\/revisions\/2930"}],"wp:attachment":[{"href":"https:\/\/www.dataslatitudes.com\/sosuniversal\/fi\/wp-json\/wp\/v2\/media?parent=185"}],"curies":[{"name":"wp","href":"https:\/\/api.w.org\/{rel}","templated":true}]}}