{"id":127,"date":"2025-06-12T03:29:21","date_gmt":"2025-06-12T03:29:21","guid":{"rendered":"https:\/\/www.dataslatitudes.com\/sosuniversal\/?page_id=127"},"modified":"2025-07-13T07:26:58","modified_gmt":"2025-07-13T07:26:58","slug":"cas-dutilisation","status":"publish","type":"page","link":"https:\/\/www.dataslatitudes.com\/sosuniversal\/fi\/cas-dutilisation\/","title":{"rendered":"K\u00e4ytt\u00f6tapaukset"},"content":{"rendered":"\r\n<p class=\"has-small-font-size\"><\/p>\r\n\r\n\r\n\r\n<h1 class=\"wp-block-heading has-text-align-center has-medium-font-size\"><strong>K\u00c4YTT\u00d6TAPAT<\/strong><\/h1>\r\n\r\n\r\n\r\n<p style=\"font-size:1rem\">\u00c4lypuhelinsovellus, joka mahdollistaa h\u00e4lytysten, avunpyynt\u00f6jen tai yksinkertaisesti nykyisen sijainnin l\u00e4hett\u00e4misen, voi osoittautua ratkaisevan t\u00e4rke\u00e4ksi monissa tilanteissa, tarjoten mielenrauhaa ja edist\u00e4en nopeaa avunsaantia. T\u00e4ss\u00e4 muutamia esimerkkej\u00e4 sen k\u00e4ytt\u00f6tapauksista, luokiteltuna ymm\u00e4rrett\u00e4vyyden parantamiseksi.<\/p>\r\n\r\n\r\n\r\n<h2 class=\"wp-block-heading has-background\" style=\"background-color:#f9f3eb;margin-top:var(--wp--preset--spacing--30);margin-bottom:var(--wp--preset--spacing--30);padding-top:var(--wp--preset--spacing--20);padding-bottom:var(--wp--preset--spacing--20);font-size:1.2rem\">Henkil\u00f6kohtainen turvallisuus ja h\u00e4t\u00e4tilanteet<\/h2>\r\n\r\n\r\n\r\n<ul class=\"wp-block-list\">\r\n<li style=\"font-size:1rem\"><strong>Naisten vastainen v\u00e4kivalta, LGBT-fobinen ja serofobinen v\u00e4kivalta, rasistinen, muukalaisvihamielinen tai uskonnon perusteella tapahtuva v\u00e4kivalta, vammaisiin kohdistuva v\u00e4kivalta&nbsp;: <\/strong>fyysisen tai sanallisen hy\u00f6kk\u00e4yksen sattuessa sovellus mahdollistaa diskreetin h\u00e4lytyksen k\u00e4ynnist\u00e4misen yhdell\u00e4 napsautuksella luotettaville kontakteille GPS-sijainnin reaaliaikaisen jakamisen kanssa. \u00c4\u00e4nitallenne voidaan my\u00f6s asettaa toimimaan todisteena rikosilmoituksen yhteydess\u00e4.<\/li>\r\n\r\n\r\n\r\n<li style=\"font-size:1rem\"><strong>Sopimattomien tekojen uhri julkisissa kulkuneuvoissa (esim. ahdistelu metrossa): <\/strong>uhri voi k\u00e4ynnist\u00e4\u00e4 voimakkaan \u00e4\u00e4nih\u00e4lytyksen (esimerkiksi poliisisireenin tai ihmisen huudon) sek\u00e4 \u00e4\u00e4nitallennuksen.<\/li>\r\n\r\n\r\n\r\n<li style=\"font-size:1rem\"><strong>V\u00e4lit\u00f6n hy\u00f6kk\u00e4ys tai uhka: <\/strong>fyysisen hy\u00f6kk\u00e4yksen, raiskausyrityksen, v\u00e4kivaltaisen varkauden tai mink\u00e4 tahansa tilanteen, joka uhkaa suoraan k\u00e4ytt\u00e4j\u00e4n fyysist\u00e4 koskemattomuutta, sattuessa sovellus mahdollistaa diskreetin ja nopean h\u00e4lytyksen l\u00e4hett\u00e4misen h\u00e4t\u00e4yhteyshenkil\u00f6ille.<\/li>\r\n\r\n\r\n\r\n<li style=\"font-size:1rem\"><strong>Ahdistelu- tai vainoamistilanne: <\/strong>sovellus mahdollistaa luotettavien kontaktien tai viranomaisten huomaamattoman h\u00e4lytt\u00e4misen seurannan tai ahdistelun sattuessa, mahdollisuudella tallentaa todisteita \u00e4\u00e4nitallenteella.<\/li>\r\n\r\n\r\n\r\n<li style=\"font-size:1rem\"><strong>Perhev\u00e4kivallan uhrit: <\/strong>on mahdollista saada huomaamaton ja nopea tapa pyyt\u00e4\u00e4 apua vaaratilanteessa ilman, ett\u00e4 hy\u00f6kk\u00e4\u00e4j\u00e4 h\u00e4lytet\u00e4\u00e4n.<\/li>\r\n<\/ul>\r\n\r\n\r\n\r\n<p style=\"font-size:1rem\">Edellisiss\u00e4 tapauksissa diskreetti h\u00e4lytys voidaan t\u00e4ydent\u00e4\u00e4 tai korvata \u00e4\u00e4nellisell\u00e4 pelotteella: voimakkaan sireenin k\u00e4ynnist\u00e4minen tai saapuvan puhelun simulointi harhautuksen luomiseksi.<\/p>\r\n\r\n\r\n\r\n<ul class=\"wp-block-list\">\r\n<li style=\"font-size:1rem\"><strong>L\u00e4\u00e4ketieteellinen h\u00e4t\u00e4: <\/strong>kroonisista sairauksista (syd\u00e4nkohtaukset, vaikeat astmakohtaukset, epilepsia, vaikeat allergiat) k\u00e4rsiville tai onnettomuuden (kaatuminen, vamma) sattuessa sovellus mahdollistaa avunpyynn\u00f6n l\u00e4hett\u00e4misen.<\/li>\r\n\r\n\r\n\r\n<li style=\"font-size:1rem\"><strong>Katoaminen tai harhailu: <\/strong>erityisen hy\u00f6dyllinen lapsille, kognitiivisista h\u00e4iri\u00f6ist\u00e4 k\u00e4rsiville vanhuksille tai retkeilij\u00f6ille, sovellus mahdollistaa GPS-sijainnin l\u00e4hett\u00e4misen reaaliaikaisesti, mik\u00e4 helpottaa etsint\u00f6j\u00e4.<\/li>\r\n\r\n\r\n\r\n<li style=\"font-size:1rem\"><strong>Liikenneonnettomuudet: <\/strong>onnettomuuden sattuessa sovelluksen avulla voi l\u00e4hett\u00e4\u00e4 h\u00e4lytyksen sijainnin kanssa.<\/li>\r\n\r\n\r\n\r\n<li style=\"font-size:1rem\"><strong>Luonnonkatastrofit: <\/strong>maanj\u00e4ristysten, tulvien, mets\u00e4palojen tai muiden katastrofien sattuessa sovelluksen avulla voi ilmoittaa sijaintinsa, pyyt\u00e4\u00e4 apua ja tiedottaa l\u00e4heisilleen turvallisuudestaan.<\/li>\r\n<\/ul>\r\n\r\n\r\n\r\n<h2 class=\"wp-block-heading has-background\" style=\"background-color:#f9f3eb;margin-top:var(--wp--preset--spacing--30);margin-bottom:var(--wp--preset--spacing--30);padding-top:var(--wp--preset--spacing--20);padding-bottom:var(--wp--preset--spacing--20);font-size:1.2rem\">Arkiel\u00e4m\u00e4 ja apu<\/h2>\r\n\r\n\r\n\r\n<ul class=\"wp-block-list\">\r\n<li style=\"font-size:1rem\"><strong>Ik\u00e4\u00e4ntyneet tai vammaiset henkil\u00f6t: <\/strong>sovellusta voidaan k\u00e4ytt\u00e4\u00e4 apupyynn\u00f6n k\u00e4ynnist\u00e4miseen.<\/li>\r\n\r\n\r\n\r\n<li style=\"font-size:1rem\"><strong>Lapset ja nuoret: <\/strong>lapsiensa turvallisuudesta huolestuneille vanhemmille sovellus voi antaa lapsille mahdollisuuden l\u00e4hett\u00e4\u00e4 huomaamattoman h\u00e4lytyksen vaaratilanteessa, kun he tuntevat itsens\u00e4 eksyneiksi tai ahdistelluiksi (todisteen tallentamisen kanssa).<br>Esimerkki: nuori (tytt\u00f6 tai poika) juhlissa, joka tuntee olonsa ep\u00e4mukavaksi, kokee painostusta tai tarvitsee noutaa, mutta ei voi ilmaista itse\u00e4\u00e4n suoraan, voi l\u00e4hett\u00e4\u00e4 diskreetin h\u00e4lytyksen vanhemmilleen tai luotettavalle aikuiselle.<\/li>\r\n\r\n\r\n\r\n<li style=\"font-size:1rem\"><strong>Mekaaniset ongelmat tai ajoneuvon vika: <\/strong>eristetyll\u00e4 tai vaarallisella tiell\u00e4 tapahtuvan vian sattuessa sovellus mahdollistaa h\u00e4lytyksen l\u00e4hett\u00e4misen tiepalveluihin tai yhteyshenkil\u00f6ille avun pyyt\u00e4miseksi.<\/li>\r\n\r\n\r\n\r\n<li style=\"font-size:1rem\"><strong>Sosiaalinen eristyneisyys tai vaaran tunne: <\/strong>henkil\u00f6, joka tuntee olonsa haavoittuvaiseksi tai uhatuksi tietyss\u00e4 sosiaalisessa tilanteessa (esim. tapaaminen tuntemattoman kanssa), voi k\u00e4ytt\u00e4\u00e4 sovellusta huomaamattomasti h\u00e4lytt\u00e4\u00e4kseen yst\u00e4v\u00e4n ja jakaakseen sijaintinsa.<\/li>\r\n\r\n\r\n\r\n<li style=\"font-size:1rem\"><strong>Psykologinen tuki: <\/strong>ahdistuksesta tai paniikkikohtauksista k\u00e4rsiville ihmisille sovellus mahdollistaa luotettavan yhteyshenkil\u00f6n h\u00e4lytt\u00e4misen v\u00e4lit\u00f6nt\u00e4 tukea varten.<\/li>\r\n<\/ul>\r\n\r\n\r\n\r\n<h2 class=\"wp-block-heading has-background\" style=\"background-color:#f9f3eb;margin-top:var(--wp--preset--spacing--30);margin-bottom:var(--wp--preset--spacing--30);padding-top:var(--wp--preset--spacing--20);padding-bottom:var(--wp--preset--spacing--20);font-size:1.2rem\">Ty\u00f6 ja ammatilliset tilanteet<\/h2>\r\n\r\n\r\n\r\n<ul class=\"wp-block-list\">\r\n<li style=\"font-size:1rem\"><strong>Yksin ty\u00f6skentelev\u00e4t: <\/strong>yksin riskialttiissa ymp\u00e4rist\u00f6iss\u00e4 ty\u00f6skenteleville ammattilaisille (turvallisuushenkil\u00f6st\u00f6, huoltoteknikot, taksinkuljettajat, maanviljelij\u00e4t, osterinviljelij\u00e4t) sovellus auttaa nopean avun saamisessa onnettomuuden tai hy\u00f6kk\u00e4yksen sattuessa.<\/li>\r\n\r\n\r\n\r\n<li style=\"font-size:1rem\"><strong>Terveydenhuollon ja sosiaalialan ammattilaiset: <\/strong>l\u00e4\u00e4k\u00e4rit, sairaanhoitajat, sosiaality\u00f6ntekij\u00e4t tai kotiapulaiset, jotka vierailevat riskipotilailla tai -asiakkailla, voivat k\u00e4ytt\u00e4\u00e4 sovellusta vaarallisen tilanteen ilmoittamiseen tai avun pyyt\u00e4miseen.<\/li>\r\n\r\n\r\n\r\n<li style=\"font-size:1rem\"><strong>Y\u00f6ty\u00f6ntekij\u00e4t: <\/strong>y\u00f6ll\u00e4 eristetyiss\u00e4 paikoissa (huoltoasemat, supermarketit, hotellit) ty\u00f6skentelev\u00e4t ty\u00f6ntekij\u00e4t voivat saada apua nopeasti varkauden tai hy\u00f6kk\u00e4yksen sattuessa.<\/li>\r\n\r\n\r\n\r\n<li style=\"font-size:1rem\"><strong>Toimittajat ja uutistoimittajat riskialueilla: <\/strong>mahdollisuus ilmoittaa vaarallisesta tilanteesta tai pid\u00e4tyksest\u00e4 ja v\u00e4litt\u00e4\u00e4 sijainti ja kontekstitiedot (puhelinsoitolla tai tekstiviestill\u00e4) h\u00e4t\u00e4yhteyshenkil\u00f6ille.<\/li>\r\n<\/ul>\r\n\r\n\r\n\r\n<h2 class=\"wp-block-heading has-background\" style=\"background-color:#f9f3eb;margin-top:var(--wp--preset--spacing--30);margin-bottom:var(--wp--preset--spacing--30);padding-top:var(--wp--preset--spacing--20);padding-bottom:var(--wp--preset--spacing--20);font-size:1.2rem\">Vapaa-aika ja ulkoilma-aktiviteetit<\/h2>\r\n\r\n\r\n\r\n<ul class=\"wp-block-list\">\r\n<li style=\"font-size:1rem\"><strong>Vaellus ja vuorikiipeily: <\/strong>kaatumisen, loukkaantumisen, eksymisen tai \u00e4\u00e4rimm\u00e4isten s\u00e4\u00e4olosuhteiden sattuessa sovellus mahdollistaa h\u00e4lytyksen l\u00e4hett\u00e4misen GPS-sijainnin kanssa pelastusryhmille tai perheelle.<\/li>\r\n\r\n\r\n\r\n<li style=\"font-size:1rem\"><strong>Vesiurheilu: <\/strong>esimerkiksi veneilij\u00f6ille sovellusta voidaan k\u00e4ytt\u00e4\u00e4 ilmoittamaan ongelmasta (kaatuminen, moottorivika, loukkaantuminen) ja l\u00e4hett\u00e4m\u00e4\u00e4n sijainti.<\/li>\r\n\r\n\r\n\r\n<li style=\"font-size:1rem\"><strong>Py\u00f6r\u00e4ily ja juoksu: <\/strong>kaatumisen, loukkaantumisen tai pahoinvoinnin sattuessa sovelluksen avulla voi h\u00e4lytt\u00e4\u00e4 ennalta m\u00e4\u00e4riteltyj\u00e4 yhteyshenkil\u00f6it\u00e4 sijainnin kanssa.<\/li>\r\n\r\n\r\n\r\n<li style=\"font-size:1rem\"><strong>Matkailu: <\/strong>matkustajat, erityisesti ne, jotka tutkivat tuntemattomia tai vaarallisia alueita, voivat k\u00e4ytt\u00e4\u00e4 sovellusta ilmoittaakseen ongelmista (hy\u00f6kk\u00e4ys, sairaus, asiakirjavarkaus) l\u00e4heisilleen tai konsulipalveluille.<\/li>\r\n<\/ul>\r\n\r\n\r\n\r\n<p style=\"font-size:1rem\">Edellisiss\u00e4 tapauksissa, esimerkiksi ammatillisen tai perheymp\u00e4rist\u00f6n tiedottamiseksi, h\u00e4lytys voi rajoittua my\u00f6s pelk\u00e4st\u00e4\u00e4n nykyisen maantieteellisen sijainnin l\u00e4hett\u00e4miseen tekstiviestin\u00e4. Esimerkki: toistuvassa tilassa, 5 tunnin ajan, 15 minuutin v\u00e4lein, l\u00e4het\u00e4n tekstiviestin, joka sis\u00e4lt\u00e4\u00e4 vain sijaintini.<\/p>\r\n\r\n\r\n\r\n<p class=\"has-small-font-size\" style=\"margin-top:var(--wp--preset--spacing--30);margin-bottom:var(--wp--preset--spacing--30)\"><\/p>\r\n","protected":false},"excerpt":{"rendered":"<p>K\u00c4YTT\u00d6TAPAT \u00c4lypuhelinsovellus, joka mahdollistaa h\u00e4lytysten, avunpyynt\u00f6jen tai yksinkertaisesti nykyisen sijainnin l\u00e4hett\u00e4misen, voi osoittautua ratkaisevan t\u00e4rke\u00e4ksi monissa tilanteissa, tarjoten mielenrauhaa ja [&hellip;]<\/p>\n","protected":false},"author":1,"featured_media":0,"parent":0,"menu_order":1,"comment_status":"closed","ping_status":"closed","template":"","meta":{"site-sidebar-layout":"default","site-content-layout":"","ast-site-content-layout":"","site-content-style":"default","site-sidebar-style":"default","ast-global-header-display":"","ast-banner-title-visibility":"","ast-main-header-display":"","ast-hfb-above-header-display":"","ast-hfb-below-header-display":"","ast-hfb-mobile-header-display":"","site-post-title":"disabled","ast-breadcrumbs-content":"","ast-featured-img":"","footer-sml-layout":"","theme-transparent-header-meta":"","adv-header-id-meta":"","stick-header-meta":"","header-above-stick-meta":"","header-main-stick-meta":"","header-below-stick-meta":"","astra-migrate-meta-layouts":"default","ast-page-background-enabled":"default","ast-page-background-meta":{"desktop":{"background-color":"var(--ast-global-color-5)","background-image":"","background-repeat":"repeat","background-position":"center center","background-size":"auto","background-attachment":"scroll","background-type":"","background-media":"","overlay-type":"","overlay-color":"","overlay-opacity":"","overlay-gradient":""},"tablet":{"background-color":"","background-image":"","background-repeat":"repeat","background-position":"center center","background-size":"auto","background-attachment":"scroll","background-type":"","background-media":"","overlay-type":"","overlay-color":"","overlay-opacity":"","overlay-gradient":""},"mobile":{"background-color":"","background-image":"","background-repeat":"repeat","background-position":"center center","background-size":"auto","background-attachment":"scroll","background-type":"","background-media":"","overlay-type":"","overlay-color":"","overlay-opacity":"","overlay-gradient":""}},"ast-content-background-meta":{"desktop":{"background-color":"var(--ast-global-color-4)","background-image":"","background-repeat":"repeat","background-position":"center center","background-size":"auto","background-attachment":"scroll","background-type":"","background-media":"","overlay-type":"","overlay-color":"","overlay-opacity":"","overlay-gradient":""},"tablet":{"background-color":"var(--ast-global-color-4)","background-image":"","background-repeat":"repeat","background-position":"center center","background-size":"auto","background-attachment":"scroll","background-type":"","background-media":"","overlay-type":"","overlay-color":"","overlay-opacity":"","overlay-gradient":""},"mobile":{"background-color":"var(--ast-global-color-4)","background-image":"","background-repeat":"repeat","background-position":"center center","background-size":"auto","background-attachment":"scroll","background-type":"","background-media":"","overlay-type":"","overlay-color":"","overlay-opacity":"","overlay-gradient":""}},"footnotes":""},"class_list":["post-127","page","type-page","status-publish","hentry"],"yoast_head":"<!-- This site is optimized with the Yoast SEO plugin v25.6 - https:\/\/yoast.com\/wordpress\/plugins\/seo\/ -->\n<title>K\u00e4ytt\u00f6tapaukset<\/title>\n<meta name=\"description\" content=\"\u00c4lypuhelinsovellus, joka mahdollistaa h\u00e4lytysten, avunpyynt\u00f6jen tai yksinkertaisesti nykyisen sijainnin l\u00e4hett\u00e4misen, voi osoittautua ratkaisevan t\u00e4rke\u00e4ksi monissa tilanteissa, tarjoten mielenrauhaa ja edist\u00e4en nopeaa avunsaantia. Esimerkkej\u00e4: henkil\u00f6kohtainen turvallisuus ja h\u00e4t\u00e4tilanteet, arkiel\u00e4m\u00e4 ja apu, ty\u00f6 ja ammatilliset tilanteet sek\u00e4 vapaa-aika ja ulkoilu.\" \/>\n<meta name=\"robots\" content=\"index, follow, max-snippet:-1, max-image-preview:large, max-video-preview:-1\" \/>\n<link rel=\"canonical\" href=\"\" \/>\n<meta property=\"og:locale\" content=\"fi_FI\" \/>\n<meta property=\"og:type\" content=\"article\" \/>\n<meta property=\"og:title\" content=\"K\u00e4ytt\u00f6tapaukset\" \/>\n<meta property=\"og:description\" content=\"\u00c4lypuhelinsovellus, joka mahdollistaa h\u00e4lytysten, avunpyynt\u00f6jen tai yksinkertaisesti nykyisen sijainnin l\u00e4hett\u00e4misen, voi osoittautua ratkaisevan t\u00e4rke\u00e4ksi monissa tilanteissa, tarjoten mielenrauhaa ja edist\u00e4en nopeaa avunsaantia. Esimerkkej\u00e4: henkil\u00f6kohtainen turvallisuus ja h\u00e4t\u00e4tilanteet, arkiel\u00e4m\u00e4 ja apu, ty\u00f6 ja ammatilliset tilanteet sek\u00e4 vapaa-aika ja ulkoilu.\" \/>\n<meta property=\"og:url\" content=\"https:\/\/www.dataslatitudes.com\/sosuniversal\/fi\/cas-dutilisation\/\" \/>\n<meta property=\"og:site_name\" content=\"SOS Universal\" \/>\n<meta property=\"article:modified_time\" content=\"2025-07-13T07:26:58+00:00\" \/>\n<meta name=\"twitter:card\" content=\"summary_large_image\" \/>\n<meta name=\"twitter:label1\" content=\"Arvioitu lukuaika\" \/>\n\t<meta name=\"twitter:data1\" content=\"5 minuuttia\" \/>\n<script type=\"application\/ld+json\" class=\"yoast-schema-graph\">{\"@context\":\"https:\/\/schema.org\",\"@graph\":[{\"@type\":\"WebPage\",\"@id\":\"https:\/\/www.dataslatitudes.com\/sosuniversal\/fi\/cas-dutilisation\/\",\"url\":\"https:\/\/www.dataslatitudes.com\/sosuniversal\/fi\/cas-dutilisation\/\",\"name\":\"Cas d'utilisation - SOS Universal\",\"isPartOf\":{\"@id\":\"https:\/\/www.dataslatitudes.com\/sosuniversal\/#website\"},\"datePublished\":\"2025-06-12T03:29:21+00:00\",\"dateModified\":\"2025-07-13T07:26:58+00:00\",\"description\":\"Une application pour smartphone permettant d\u2019envoyer des alertes, des appels \u00e0 l\u2019aide ou tout simplement sa localisation courante peut s\u2019av\u00e9rer cruciale dans de nombreuses situations, offrant une tranquillit\u00e9 d\u2019esprit et contribuant \u00e0 un acc\u00e8s rapide \u00e0 l\u2019assistance. Exemples : s\u00e9curit\u00e9 personnelle et situations d\u2019urgence, vie quotidienne et assistance, travail et situations professionnelles ainsi que loisirs et activit\u00e9s en ext\u00e9rieur.\",\"breadcrumb\":{\"@id\":\"https:\/\/www.dataslatitudes.com\/sosuniversal\/fi\/cas-dutilisation\/#breadcrumb\"},\"inLanguage\":\"fi\",\"potentialAction\":[{\"@type\":\"ReadAction\",\"target\":[\"https:\/\/www.dataslatitudes.com\/sosuniversal\/fi\/cas-dutilisation\/\"]}]},{\"@type\":\"BreadcrumbList\",\"@id\":\"https:\/\/www.dataslatitudes.com\/sosuniversal\/fi\/cas-dutilisation\/#breadcrumb\",\"itemListElement\":[{\"@type\":\"ListItem\",\"position\":1,\"name\":\"Esittely\",\"item\":\"https:\/\/www.dataslatitudes.com\/sosuniversal\/fr\/\"},{\"@type\":\"ListItem\",\"position\":2,\"name\":\"K\u00e4ytt\u00f6tapaukset\"}]},{\"@type\":\"WebSite\",\"@id\":\"https:\/\/www.dataslatitudes.com\/sosuniversal\/fi\/#website\",\"url\":\"https:\/\/www.dataslatitudes.com\/sosuniversal\/fi\/\",\"name\":\"SOS Universal\",\"description\":\"\",\"publisher\":{\"@id\":\"https:\/\/www.dataslatitudes.com\/sosuniversal\/fi\/#organization\"},\"potentialAction\":[{\"@type\":\"SearchAction\",\"target\":{\"@type\":\"EntryPoint\",\"urlTemplate\":\"https:\/\/www.dataslatitudes.com\/sosuniversal\/fi\/?s={search_term_string}\"},\"query-input\":{\"@type\":\"PropertyValueSpecification\",\"valueRequired\":true,\"valueName\":\"search_term_string\"}}],\"inLanguage\":\"fi\"},{\"@type\":\"Organization\",\"@id\":\"https:\/\/www.dataslatitudes.com\/sosuniversal\/fi\/#organization\",\"name\":\"DATASLATITUDES\",\"url\":\"https:\/\/www.dataslatitudes.com\/sosuniversal\/fi\/\",\"logo\":{\"@type\":\"ImageObject\",\"inLanguage\":\"fi\",\"@id\":\"https:\/\/www.dataslatitudes.com\/sosuniversal\/fi\/#\/schema\/logo\/image\/\",\"url\":\"https:\/\/www.dataslatitudes.com\/sosuniversal\/wp-content\/uploads\/2025\/07\/logo_mrdv.png\",\"contentUrl\":\"https:\/\/www.dataslatitudes.com\/sosuniversal\/wp-content\/uploads\/2025\/07\/logo_mrdv.png\",\"width\":72,\"height\":72,\"caption\":\"DATASLATITUDES\"},\"image\":{\"@id\":\"https:\/\/www.dataslatitudes.com\/sosuniversal\/fi\/#\/schema\/logo\/image\/\"}}]}<\/script>\n<!-- \/ Yoast SEO plugin. -->","yoast_head_json":{"title":"K\u00e4ytt\u00f6tapaukset","description":"\u00c4lypuhelinsovellus, joka mahdollistaa h\u00e4lytysten, avunpyynt\u00f6jen tai yksinkertaisesti nykyisen sijainnin l\u00e4hett\u00e4misen, voi osoittautua ratkaisevan t\u00e4rke\u00e4ksi monissa tilanteissa, tarjoten mielenrauhaa ja edist\u00e4en nopeaa avunsaantia. Esimerkkej\u00e4: henkil\u00f6kohtainen turvallisuus ja h\u00e4t\u00e4tilanteet, arkiel\u00e4m\u00e4 ja apu, ty\u00f6 ja ammatilliset tilanteet sek\u00e4 vapaa-aika ja ulkoilu.","robots":{"index":"index","follow":"follow","max-snippet":"max-snippet:-1","max-image-preview":"max-image-preview:large","max-video-preview":"max-video-preview:-1"},"canonical":"K\u00c4YTT\u00d6TAPAT \u00c4lypuhelinsovellus, joka mahdollistaa h\u00e4lytysten, avunpyynt\u00f6jen tai yksinkertaisesti nykyisen sijainnin l\u00e4hett\u00e4misen, voi osoittautua ratkaisevan t\u00e4rke\u00e4ksi monissa tilanteissa, tarjoten mielenrauhaa ja edist\u00e4en nopeaa avunsaantia. T\u00e4ss\u00e4 muutamia esimerkkej\u00e4 sen k\u00e4ytt\u00f6tapauksista, luokiteltuna ymm\u00e4rrett\u00e4vyyden parantamiseksi. Henkil\u00f6kohtainen turvallisuus ja h\u00e4t\u00e4tilanteet Naisten vastainen v\u00e4kivalta, LGBT-fobinen ja serofobinen v\u00e4kivalta, rasistinen, muukalaisvihamielinen tai uskonnon perusteella tapahtuva v\u00e4kivalta, vammaisiin kohdistuva v\u00e4kivalta&nbsp;: fyysisen tai sanallisen&hellip;","og_locale":"fi_FI","og_type":"article","og_title":"K\u00e4ytt\u00f6tapaukset","og_description":"\u00c4lypuhelinsovellus, joka mahdollistaa h\u00e4lytysten, avunpyynt\u00f6jen tai yksinkertaisesti nykyisen sijainnin l\u00e4hett\u00e4misen, voi osoittautua ratkaisevan t\u00e4rke\u00e4ksi monissa tilanteissa, tarjoten mielenrauhaa ja edist\u00e4en nopeaa avunsaantia. Esimerkkej\u00e4: henkil\u00f6kohtainen turvallisuus ja h\u00e4t\u00e4tilanteet, arkiel\u00e4m\u00e4 ja apu, ty\u00f6 ja ammatilliset tilanteet sek\u00e4 vapaa-aika ja ulkoilu.","og_url":"https:\/\/www.dataslatitudes.com\/sosuniversal\/fi\/cas-dutilisation\/","og_site_name":"SOS Universal","article_modified_time":"2025-07-13T07:26:58+00:00","twitter_card":"summary_large_image","twitter_misc":{"Arvioitu lukuaika":"5 minuuttia"},"schema":{"@context":"https:\/\/schema.org","@graph":[{"@type":"WebPage","@id":"https:\/\/www.dataslatitudes.com\/sosuniversal\/fi\/cas-dutilisation\/","url":"https:\/\/www.dataslatitudes.com\/sosuniversal\/fi\/cas-dutilisation\/","name":"Cas d'utilisation - SOS Universal","isPartOf":{"@id":"https:\/\/www.dataslatitudes.com\/sosuniversal\/#website"},"datePublished":"2025-06-12T03:29:21+00:00","dateModified":"2025-07-13T07:26:58+00:00","description":"Une application pour smartphone permettant d\u2019envoyer des alertes, des appels \u00e0 l\u2019aide ou tout simplement sa localisation courante peut s\u2019av\u00e9rer cruciale dans de nombreuses situations, offrant une tranquillit\u00e9 d\u2019esprit et contribuant \u00e0 un acc\u00e8s rapide \u00e0 l\u2019assistance. Exemples : s\u00e9curit\u00e9 personnelle et situations d\u2019urgence, vie quotidienne et assistance, travail et situations professionnelles ainsi que loisirs et activit\u00e9s en ext\u00e9rieur.","breadcrumb":{"@id":"https:\/\/www.dataslatitudes.com\/sosuniversal\/fi\/cas-dutilisation\/#breadcrumb"},"inLanguage":"fi","potentialAction":[{"@type":"ReadAction","target":["https:\/\/www.dataslatitudes.com\/sosuniversal\/fi\/cas-dutilisation\/"]}]},{"@type":"BreadcrumbList","@id":"https:\/\/www.dataslatitudes.com\/sosuniversal\/fi\/cas-dutilisation\/#breadcrumb","itemListElement":[{"@type":"ListItem","position":1,"name":"Esittely","item":"https:\/\/www.dataslatitudes.com\/sosuniversal\/fr\/"},{"@type":"ListItem","position":2,"name":"K\u00e4ytt\u00f6tapaukset"}]},{"@type":"WebSite","@id":"https:\/\/www.dataslatitudes.com\/sosuniversal\/fi\/#website","url":"https:\/\/www.dataslatitudes.com\/sosuniversal\/fi\/","name":"SOS Universal","description":"","publisher":{"@id":"https:\/\/www.dataslatitudes.com\/sosuniversal\/fi\/#organization"},"potentialAction":[{"@type":"SearchAction","target":{"@type":"EntryPoint","urlTemplate":"https:\/\/www.dataslatitudes.com\/sosuniversal\/fi\/?s={search_term_string}"},"query-input":{"@type":"PropertyValueSpecification","valueRequired":true,"valueName":"search_term_string"}}],"inLanguage":"fi"},{"@type":"Organization","@id":"https:\/\/www.dataslatitudes.com\/sosuniversal\/fi\/#organization","name":"DATASLATITUDES","url":"https:\/\/www.dataslatitudes.com\/sosuniversal\/fi\/","logo":{"@type":"ImageObject","inLanguage":"fi","@id":"https:\/\/www.dataslatitudes.com\/sosuniversal\/fi\/#\/schema\/logo\/image\/","url":"https:\/\/www.dataslatitudes.com\/sosuniversal\/wp-content\/uploads\/2025\/07\/logo_mrdv.png","contentUrl":"https:\/\/www.dataslatitudes.com\/sosuniversal\/wp-content\/uploads\/2025\/07\/logo_mrdv.png","width":72,"height":72,"caption":"DATASLATITUDES"},"image":{"@id":"https:\/\/www.dataslatitudes.com\/sosuniversal\/fi\/#\/schema\/logo\/image\/"}}]}},"_links":{"self":[{"href":"https:\/\/www.dataslatitudes.com\/sosuniversal\/fi\/wp-json\/wp\/v2\/pages\/127","targetHints":{"allow":["GET"]}}],"collection":[{"href":"https:\/\/www.dataslatitudes.com\/sosuniversal\/fi\/wp-json\/wp\/v2\/pages"}],"about":[{"href":"https:\/\/www.dataslatitudes.com\/sosuniversal\/fi\/wp-json\/wp\/v2\/types\/page"}],"author":[{"embeddable":true,"href":"https:\/\/www.dataslatitudes.com\/sosuniversal\/fi\/wp-json\/wp\/v2\/users\/1"}],"replies":[{"embeddable":true,"href":"https:\/\/www.dataslatitudes.com\/sosuniversal\/fi\/wp-json\/wp\/v2\/comments?post=127"}],"version-history":[{"count":34,"href":"https:\/\/www.dataslatitudes.com\/sosuniversal\/fi\/wp-json\/wp\/v2\/pages\/127\/revisions"}],"predecessor-version":[{"id":868,"href":"https:\/\/www.dataslatitudes.com\/sosuniversal\/fi\/wp-json\/wp\/v2\/pages\/127\/revisions\/868"}],"wp:attachment":[{"href":"https:\/\/www.dataslatitudes.com\/sosuniversal\/fi\/wp-json\/wp\/v2\/media?parent=127"}],"curies":[{"name":"wp","href":"https:\/\/api.w.org\/{rel}","templated":true}]}}