{"id":242,"date":"2025-06-13T07:08:40","date_gmt":"2025-06-13T07:08:40","guid":{"rendered":"https:\/\/www.dataslatitudes.com\/sosuniversal\/index.php\/mode-emploi\/mode-demploi-mode\/"},"modified":"2025-07-31T16:14:15","modified_gmt":"2025-07-31T16:14:15","slug":"mode-emploi-parametre","status":"publish","type":"page","link":"https:\/\/www.dataslatitudes.com\/sosuniversal\/eu\/ecran-principal\/mode-emploi-parametre\/","title":{"rendered":"Param\u00e9trage"},"content":{"rendered":"\n<p class=\"has-small-font-size\"><\/p>\n\n\n\n<h1 class=\"wp-block-heading has-text-align-center has-medium-font-size\"><strong>PARAMETRAGE<\/strong><\/h1>\n\n\n\n<p style=\"font-size:1rem\">SOS Universal permet de param\u00e9trer la langue, le th\u00e8me visuel, de faire des r\u00e9glages relatifs au d\u00e9clenchement de l&#8217;alerte et de choisir une alarme sonore.<\/p>\n\n\n\n<div class=\"wp-block-columns is-layout-flex wp-container-core-columns-is-layout-ec2e7a44 wp-block-columns-is-layout-flex\" style=\"padding-top:0;padding-bottom:0\">\n<div class=\"wp-block-column is-layout-flow wp-block-column-is-layout-flow\" style=\"flex-basis:33.33%\">\n<figure class=\"wp-block-image aligncenter size-large is-resized\"><img decoding=\"async\" src=\"http:\/\/www.dataslatitudes.com\/sosuniversal\/wp-content\/uploads\/fr_parametre_langage-459x1024.webp\" alt=\"SOS Universal - param\u00e9trage du langage\" class=\"wp-image-1086\" style=\"width:273px;height:auto\"\/><\/figure>\n<\/div>\n\n\n\n<div class=\"wp-block-column is-layout-flow wp-block-column-is-layout-flow\" style=\"flex-basis:66.66%\">\n<h2 class=\"wp-block-heading\" style=\"font-size:1.2rem\"><strong>Langage<\/strong><\/h2>\n\n\n\n<p style=\"margin-top:var(--wp--preset--spacing--30);margin-right:0;margin-bottom:var(--wp--preset--spacing--30);margin-left:0;font-size:1rem\"><strong>54 langues sont disponibles :<\/strong><\/p>\n\n\n\n<div class=\"wp-block-columns is-layout-flex wp-container-core-columns-is-layout-d7c413cf wp-block-columns-is-layout-flex\" style=\"margin-top:var(--wp--preset--spacing--30);margin-bottom:var(--wp--preset--spacing--30);padding-top:0;padding-bottom:0\">\n<div class=\"wp-block-column is-layout-flow wp-block-column-is-layout-flow\">\n<p>Afrikaans<br>Albanian<br>Arabic<br>Armenian<br>Azerbaijani<br>Bangla<br>Belarusian<br>Bulgarian<br>Burmese<br>Chinese<br>Croatian<br>Czech<br>Danish<br>Dutch<br>English<br>Estonian<br>Finnish<br>French<br>Georgian<br>German<\/p>\n<\/div>\n\n\n\n<div class=\"wp-block-column is-layout-flow wp-block-column-is-layout-flow\">\n<p>Greek<br>Hebrew<br>Hindi<br>Hungarian<br>Indonesian<br>Italian<br>Japanese<br>Kazakh<br>Khmer<br>Korean<br>Lao<br>Latvian<br>Lithuanian<br>Macedonian<br>Malay<br>Mongolian<br>Nepali<br>Norwegian<br>Persian<br>Polish<\/p>\n<\/div>\n\n\n\n<div class=\"wp-block-column is-layout-flow wp-block-column-is-layout-flow\">\n<p>Portuguese<br>Romanian<br>Russian<br>Serbian<br>Slovak<br>Slovenian<br>Spanish<br>Swahili<br>Swedish<br>Thai<br>Turkish<br>Ukrainian<br>Urdu<br>Vietnamese<\/p>\n<\/div>\n<\/div>\n<\/div>\n<\/div>\n\n\n\n<div class=\"wp-block-columns is-layout-flex wp-container-core-columns-is-layout-bce4bac2 wp-block-columns-is-layout-flex\" style=\"margin-top:0;margin-bottom:0;padding-top:var(--wp--preset--spacing--40);padding-bottom:var(--wp--preset--spacing--40)\">\n<div class=\"wp-block-column is-layout-flow wp-block-column-is-layout-flow\">\n<h2 class=\"wp-block-heading has-text-align-center\" style=\"margin-top:0;margin-bottom:0;padding-top:0;padding-bottom:0;font-size:1.2rem\"><strong>Th\u00e8me visuel<\/strong><\/h2>\n\n\n\n<figure class=\"wp-block-image aligncenter size-large is-resized\" style=\"margin-top:var(--wp--preset--spacing--20);margin-bottom:var(--wp--preset--spacing--20)\"><img fetchpriority=\"high\" decoding=\"async\" width=\"459\" height=\"1024\" src=\"http:\/\/www.dataslatitudes.com\/sosuniversal\/wp-content\/uploads\/2025\/07\/fr_parametre_theme-459x1024.webp\" alt=\"SOS Universal - param\u00e9trage du th\u00e8me\" class=\"wp-image-1029\" style=\"width:273px\" srcset=\"https:\/\/www.dataslatitudes.com\/sosuniversal\/wp-content\/uploads\/2025\/07\/fr_parametre_theme-459x1024.webp 459w, https:\/\/www.dataslatitudes.com\/sosuniversal\/wp-content\/uploads\/2025\/07\/fr_parametre_theme-135x300.webp 135w, https:\/\/www.dataslatitudes.com\/sosuniversal\/wp-content\/uploads\/2025\/07\/fr_parametre_theme-768x1712.webp 768w, https:\/\/www.dataslatitudes.com\/sosuniversal\/wp-content\/uploads\/2025\/07\/fr_parametre_theme-689x1536.webp 689w, https:\/\/www.dataslatitudes.com\/sosuniversal\/wp-content\/uploads\/2025\/07\/fr_parametre_theme-919x2048.webp 919w, https:\/\/www.dataslatitudes.com\/sosuniversal\/wp-content\/uploads\/2025\/07\/fr_parametre_theme.webp 1080w\" sizes=\"(max-width: 459px) 100vw, 459px\" \/><\/figure>\n\n\n\n<p class=\"has-small-font-size\" style=\"margin-top:var(--wp--preset--spacing--50);margin-bottom:var(--wp--preset--spacing--50)\"><\/p>\n<\/div>\n\n\n\n<div class=\"wp-block-column is-layout-flow wp-block-column-is-layout-flow\">\n<h2 class=\"wp-block-heading has-text-align-center\" style=\"margin-top:0;margin-bottom:0;padding-top:0;padding-bottom:0;font-size:1.2rem\"><strong>D\u00e9clenchement de l&#8217;alerte<\/strong><\/h2>\n\n\n\n<figure class=\"wp-block-image aligncenter size-large is-resized\" style=\"margin-top:var(--wp--preset--spacing--20);margin-bottom:var(--wp--preset--spacing--20)\"><img decoding=\"async\" width=\"459\" height=\"1024\" src=\"http:\/\/www.dataslatitudes.com\/sosuniversal\/wp-content\/uploads\/2025\/07\/fr_parametre_declenchement-459x1024.webp\" alt=\"SOS Universal - param\u00e9trage du d\u00e9clenchement de l'alerte\" class=\"wp-image-1027\" style=\"width:273px\" srcset=\"https:\/\/www.dataslatitudes.com\/sosuniversal\/wp-content\/uploads\/2025\/07\/fr_parametre_declenchement-459x1024.webp 459w, https:\/\/www.dataslatitudes.com\/sosuniversal\/wp-content\/uploads\/2025\/07\/fr_parametre_declenchement-135x300.webp 135w, https:\/\/www.dataslatitudes.com\/sosuniversal\/wp-content\/uploads\/2025\/07\/fr_parametre_declenchement-768x1712.webp 768w, https:\/\/www.dataslatitudes.com\/sosuniversal\/wp-content\/uploads\/2025\/07\/fr_parametre_declenchement-689x1536.webp 689w, https:\/\/www.dataslatitudes.com\/sosuniversal\/wp-content\/uploads\/2025\/07\/fr_parametre_declenchement-919x2048.webp 919w, https:\/\/www.dataslatitudes.com\/sosuniversal\/wp-content\/uploads\/2025\/07\/fr_parametre_declenchement.webp 1080w\" sizes=\"(max-width: 459px) 100vw, 459px\" \/><\/figure>\n\n\n\n<p class=\"has-text-align-center\" style=\"margin-top:var(--wp--preset--spacing--30);margin-bottom:var(--wp--preset--spacing--30);font-size:1rem\">L&#8217;option &#8220;d\u00e9clenchement automatique par le widget d&#8217;application&#8221; permet \u00e0 l&#8217;alerte de se d\u00e9clencher automatiquement lorsque l&#8217;application est ouverte \u00e0 partir de l&#8217;un de ses deux widgets d&#8217;application.<br>Voir : <a href=\"https:\/\/www.dataslatitudes.com\/sosuniversal\/index.php\/ecran-principal\/\">Lancement de l&#8217;application<\/a><\/p>\n<\/div>\n\n\n\n<div class=\"wp-block-column is-layout-flow wp-block-column-is-layout-flow\">\n<h2 class=\"wp-block-heading has-text-align-center\" style=\"margin-top:0;margin-bottom:0;padding-top:0;padding-bottom:0;font-size:1.2rem\"><strong>Alarme sonore<\/strong><\/h2>\n\n\n\n<figure class=\"wp-block-image aligncenter size-large is-resized\" style=\"margin-top:var(--wp--preset--spacing--20);margin-bottom:var(--wp--preset--spacing--20)\"><img decoding=\"async\" width=\"459\" height=\"1024\" src=\"http:\/\/www.dataslatitudes.com\/sosuniversal\/wp-content\/uploads\/2025\/07\/fr_parametre_alarme-459x1024.webp\" alt=\"SOS Universal - param\u00e9trage de l'alarme sonore\" class=\"wp-image-1026\" style=\"width:273px\" srcset=\"https:\/\/www.dataslatitudes.com\/sosuniversal\/wp-content\/uploads\/2025\/07\/fr_parametre_alarme-459x1024.webp 459w, https:\/\/www.dataslatitudes.com\/sosuniversal\/wp-content\/uploads\/2025\/07\/fr_parametre_alarme-135x300.webp 135w, https:\/\/www.dataslatitudes.com\/sosuniversal\/wp-content\/uploads\/2025\/07\/fr_parametre_alarme-768x1712.webp 768w, https:\/\/www.dataslatitudes.com\/sosuniversal\/wp-content\/uploads\/2025\/07\/fr_parametre_alarme-689x1536.webp 689w, https:\/\/www.dataslatitudes.com\/sosuniversal\/wp-content\/uploads\/2025\/07\/fr_parametre_alarme-919x2048.webp 919w, https:\/\/www.dataslatitudes.com\/sosuniversal\/wp-content\/uploads\/2025\/07\/fr_parametre_alarme.webp 1080w\" sizes=\"(max-width: 459px) 100vw, 459px\" \/><\/figure>\n\n\n\n<p class=\"has-small-font-size\" style=\"margin-top:var(--wp--preset--spacing--50);margin-bottom:var(--wp--preset--spacing--50)\"><\/p>\n<\/div>\n<\/div>\n","protected":false},"excerpt":{"rendered":"<p>PARAMETRAGE SOS Universal permet de param\u00e9trer la langue, le th\u00e8me visuel, de faire des r\u00e9glages relatifs au d\u00e9clenchement de l&#8217;alerte [&hellip;]<\/p>\n","protected":false},"author":1,"featured_media":0,"parent":14,"menu_order":4,"comment_status":"closed","ping_status":"closed","template":"","meta":{"site-sidebar-layout":"default","site-content-layout":"","ast-site-content-layout":"","site-content-style":"default","site-sidebar-style":"default","ast-global-header-display":"","ast-banner-title-visibility":"","ast-main-header-display":"","ast-hfb-above-header-display":"","ast-hfb-below-header-display":"","ast-hfb-mobile-header-display":"","site-post-title":"disabled","ast-breadcrumbs-content":"","ast-featured-img":"","footer-sml-layout":"","theme-transparent-header-meta":"","adv-header-id-meta":"","stick-header-meta":"","header-above-stick-meta":"","header-main-stick-meta":"","header-below-stick-meta":"","astra-migrate-meta-layouts":"default","ast-page-background-enabled":"default","ast-page-background-meta":{"desktop":{"background-color":"var(--ast-global-color-5)","background-image":"","background-repeat":"repeat","background-position":"center center","background-size":"auto","background-attachment":"scroll","background-type":"","background-media":"","overlay-type":"","overlay-color":"","overlay-opacity":"","overlay-gradient":""},"tablet":{"background-color":"","background-image":"","background-repeat":"repeat","background-position":"center center","background-size":"auto","background-attachment":"scroll","background-type":"","background-media":"","overlay-type":"","overlay-color":"","overlay-opacity":"","overlay-gradient":""},"mobile":{"background-color":"","background-image":"","background-repeat":"repeat","background-position":"center center","background-size":"auto","background-attachment":"scroll","background-type":"","background-media":"","overlay-type":"","overlay-color":"","overlay-opacity":"","overlay-gradient":""}},"ast-content-background-meta":{"desktop":{"background-color":"var(--ast-global-color-4)","background-image":"","background-repeat":"repeat","background-position":"center center","background-size":"auto","background-attachment":"scroll","background-type":"","background-media":"","overlay-type":"","overlay-color":"","overlay-opacity":"","overlay-gradient":""},"tablet":{"background-color":"var(--ast-global-color-4)","background-image":"","background-repeat":"repeat","background-position":"center center","background-size":"auto","background-attachment":"scroll","background-type":"","background-media":"","overlay-type":"","overlay-color":"","overlay-opacity":"","overlay-gradient":""},"mobile":{"background-color":"var(--ast-global-color-4)","background-image":"","background-repeat":"repeat","background-position":"center center","background-size":"auto","background-attachment":"scroll","background-type":"","background-media":"","overlay-type":"","overlay-color":"","overlay-opacity":"","overlay-gradient":""}},"footnotes":""},"class_list":["post-242","page","type-page","status-publish","hentry"],"yoast_head":"<!-- This site is optimized with the Yoast SEO plugin v25.6 - https:\/\/yoast.com\/wordpress\/plugins\/seo\/ -->\n<title>Param\u00e9trage<\/title>\n<meta name=\"description\" content=\"SOS Universal permet de param\u00e9trer la langue (59 langues sont disponibles), le th\u00e8me visuel, de faire des r\u00e9glages relatifs au d\u00e9clenchement de l\u2019alarme et de choisir une alarme sonore.\" \/>\n<meta name=\"robots\" content=\"index, follow, max-snippet:-1, max-image-preview:large, max-video-preview:-1\" \/>\n<link rel=\"canonical\" href=\"\" \/>\n<meta property=\"og:locale\" content=\"en_US\" \/>\n<meta property=\"og:type\" content=\"article\" \/>\n<meta property=\"og:title\" content=\"Param\u00e9trage\" \/>\n<meta property=\"og:description\" content=\"SOS Universal permet de param\u00e9trer la langue (59 langues sont disponibles), le th\u00e8me visuel, de faire des r\u00e9glages relatifs au d\u00e9clenchement de l\u2019alarme et de choisir une alarme sonore.\" \/>\n<meta property=\"og:url\" content=\"https:\/\/www.dataslatitudes.com\/sosuniversal\/eu\/ecran-principal\/mode-emploi-parametre\/\" \/>\n<meta property=\"og:site_name\" content=\"SOS Universal\" \/>\n<meta property=\"article:modified_time\" content=\"2025-07-31T16:14:15+00:00\" \/>\n<meta name=\"twitter:card\" content=\"summary_large_image\" \/>\n<meta name=\"twitter:label1\" content=\"Est. reading time\" \/>\n\t<meta name=\"twitter:data1\" content=\"2 minutua\" \/>\n<script type=\"application\/ld+json\" class=\"yoast-schema-graph\">{\"@context\":\"https:\/\/schema.org\",\"@graph\":[{\"@type\":\"WebPage\",\"@id\":\"https:\/\/www.dataslatitudes.com\/sosuniversal\/eu\/ecran-principal\/mode-emploi-parametre\/\",\"url\":\"https:\/\/www.dataslatitudes.com\/sosuniversal\/eu\/ecran-principal\/mode-emploi-parametre\/\",\"name\":\"Param\u00e9trage - SOS Universal\",\"isPartOf\":{\"@id\":\"https:\/\/www.dataslatitudes.com\/sosuniversal\/#website\"},\"primaryImageOfPage\":{\"@id\":\"https:\/\/www.dataslatitudes.com\/sosuniversal\/eu\/ecran-principal\/mode-emploi-parametre\/#primaryimage\"},\"image\":{\"@id\":\"https:\/\/www.dataslatitudes.com\/sosuniversal\/eu\/ecran-principal\/mode-emploi-parametre\/#primaryimage\"},\"thumbnailUrl\":\"http:\/\/www.dataslatitudes.com\/sosuniversal\/wp-content\/uploads\/fr_parametre_langage-459x1024.webp\",\"datePublished\":\"2025-06-13T07:08:40+00:00\",\"dateModified\":\"2025-07-31T16:14:15+00:00\",\"description\":\"SOS Universal permet de param\u00e9trer la langue (59 langues sont disponibles), le th\u00e8me visuel, de faire des r\u00e9glages relatifs au d\u00e9clenchement de l\u2019alarme et de choisir une alarme sonore.\",\"breadcrumb\":{\"@id\":\"https:\/\/www.dataslatitudes.com\/sosuniversal\/eu\/ecran-principal\/mode-emploi-parametre\/#breadcrumb\"},\"inLanguage\":\"eu\",\"potentialAction\":[{\"@type\":\"ReadAction\",\"target\":[\"https:\/\/www.dataslatitudes.com\/sosuniversal\/eu\/ecran-principal\/mode-emploi-parametre\/\"]}]},{\"@type\":\"ImageObject\",\"inLanguage\":\"eu\",\"@id\":\"https:\/\/www.dataslatitudes.com\/sosuniversal\/eu\/ecran-principal\/mode-emploi-parametre\/#primaryimage\",\"url\":\"http:\/\/www.dataslatitudes.com\/sosuniversal\/wp-content\/uploads\/fr_parametre_langage-459x1024.webp\",\"contentUrl\":\"http:\/\/www.dataslatitudes.com\/sosuniversal\/wp-content\/uploads\/fr_parametre_langage-459x1024.webp\"},{\"@type\":\"BreadcrumbList\",\"@id\":\"https:\/\/www.dataslatitudes.com\/sosuniversal\/eu\/ecran-principal\/mode-emploi-parametre\/#breadcrumb\",\"itemListElement\":[{\"@type\":\"ListItem\",\"position\":1,\"name\":\"Pr\u00e9sentation\",\"item\":\"https:\/\/www.dataslatitudes.com\/sosuniversal\/fr\/\"},{\"@type\":\"ListItem\",\"position\":2,\"name\":\"Ecran principal\",\"item\":\"https:\/\/www.dataslatitudes.com\/sosuniversal\/ecran-principal\/\"},{\"@type\":\"ListItem\",\"position\":3,\"name\":\"Param\u00e9trage\"}]},{\"@type\":\"WebSite\",\"@id\":\"https:\/\/www.dataslatitudes.com\/sosuniversal\/eu\/#website\",\"url\":\"https:\/\/www.dataslatitudes.com\/sosuniversal\/eu\/\",\"name\":\"SOS Universal\",\"description\":\"\",\"publisher\":{\"@id\":\"https:\/\/www.dataslatitudes.com\/sosuniversal\/eu\/#organization\"},\"potentialAction\":[{\"@type\":\"SearchAction\",\"target\":{\"@type\":\"EntryPoint\",\"urlTemplate\":\"https:\/\/www.dataslatitudes.com\/sosuniversal\/eu\/?s={search_term_string}\"},\"query-input\":{\"@type\":\"PropertyValueSpecification\",\"valueRequired\":true,\"valueName\":\"search_term_string\"}}],\"inLanguage\":\"eu\"},{\"@type\":\"Organization\",\"@id\":\"https:\/\/www.dataslatitudes.com\/sosuniversal\/eu\/#organization\",\"name\":\"DATASLATITUDES\",\"url\":\"https:\/\/www.dataslatitudes.com\/sosuniversal\/eu\/\",\"logo\":{\"@type\":\"ImageObject\",\"inLanguage\":\"eu\",\"@id\":\"https:\/\/www.dataslatitudes.com\/sosuniversal\/eu\/#\/schema\/logo\/image\/\",\"url\":\"https:\/\/www.dataslatitudes.com\/sosuniversal\/wp-content\/uploads\/2025\/07\/logo_mrdv.png\",\"contentUrl\":\"https:\/\/www.dataslatitudes.com\/sosuniversal\/wp-content\/uploads\/2025\/07\/logo_mrdv.png\",\"width\":72,\"height\":72,\"caption\":\"DATASLATITUDES\"},\"image\":{\"@id\":\"https:\/\/www.dataslatitudes.com\/sosuniversal\/eu\/#\/schema\/logo\/image\/\"}}]}<\/script>\n<!-- \/ Yoast SEO plugin. -->","yoast_head_json":{"title":"Param\u00e9trage","description":"SOS Universal permet de param\u00e9trer la langue (59 langues sont disponibles), le th\u00e8me visuel, de faire des r\u00e9glages relatifs au d\u00e9clenchement de l\u2019alarme et de choisir une alarme sonore.","robots":{"index":"index","follow":"follow","max-snippet":"max-snippet:-1","max-image-preview":"max-image-preview:large","max-video-preview":"max-video-preview:-1"},"canonical":"PARAMETRAGE SOS Universal permet de param\u00e9trer la langue, le th\u00e8me visuel, de faire des r\u00e9glages relatifs au d\u00e9clenchement de l'alerte et de choisir une alarme sonore. Langage 54 langues sont disponibles : AfrikaansAlbanianArabicArmenianAzerbaijaniBanglaBelarusianBulgarianBurmeseChineseCroatianCzechDanishDutchEnglishEstonianFinnishFrenchGeorgianGerman GreekHebrewHindiHungarianIndonesianItalianJapaneseKazakhKhmerKoreanLaoLatvianLithuanianMacedonianMalayMongolianNepaliNorwegianPersianPolish PortugueseRomanianRussianSerbianSlovakSlovenianSpanishSwahiliSwedishThaiTurkishUkrainianUrduVietnamese Th\u00e8me visuel D\u00e9clenchement de l'alerte L'option \"d\u00e9clenchement automatique par le widget d'application\" permet \u00e0 l'alerte de se d\u00e9clencher automatiquement lorsque&hellip;","og_locale":"en_US","og_type":"article","og_title":"Param\u00e9trage","og_description":"SOS Universal permet de param\u00e9trer la langue (59 langues sont disponibles), le th\u00e8me visuel, de faire des r\u00e9glages relatifs au d\u00e9clenchement de l\u2019alarme et de choisir une alarme sonore.","og_url":"https:\/\/www.dataslatitudes.com\/sosuniversal\/eu\/ecran-principal\/mode-emploi-parametre\/","og_site_name":"SOS Universal","article_modified_time":"2025-07-31T16:14:15+00:00","twitter_card":"summary_large_image","twitter_misc":{"Est. reading time":"2 minutua"},"schema":{"@context":"https:\/\/schema.org","@graph":[{"@type":"WebPage","@id":"https:\/\/www.dataslatitudes.com\/sosuniversal\/eu\/ecran-principal\/mode-emploi-parametre\/","url":"https:\/\/www.dataslatitudes.com\/sosuniversal\/eu\/ecran-principal\/mode-emploi-parametre\/","name":"Param\u00e9trage - SOS Universal","isPartOf":{"@id":"https:\/\/www.dataslatitudes.com\/sosuniversal\/#website"},"primaryImageOfPage":{"@id":"https:\/\/www.dataslatitudes.com\/sosuniversal\/eu\/ecran-principal\/mode-emploi-parametre\/#primaryimage"},"image":{"@id":"https:\/\/www.dataslatitudes.com\/sosuniversal\/eu\/ecran-principal\/mode-emploi-parametre\/#primaryimage"},"thumbnailUrl":"http:\/\/www.dataslatitudes.com\/sosuniversal\/wp-content\/uploads\/fr_parametre_langage-459x1024.webp","datePublished":"2025-06-13T07:08:40+00:00","dateModified":"2025-07-31T16:14:15+00:00","description":"SOS Universal permet de param\u00e9trer la langue (59 langues sont disponibles), le th\u00e8me visuel, de faire des r\u00e9glages relatifs au d\u00e9clenchement de l\u2019alarme et de choisir une alarme sonore.","breadcrumb":{"@id":"https:\/\/www.dataslatitudes.com\/sosuniversal\/eu\/ecran-principal\/mode-emploi-parametre\/#breadcrumb"},"inLanguage":"eu","potentialAction":[{"@type":"ReadAction","target":["https:\/\/www.dataslatitudes.com\/sosuniversal\/eu\/ecran-principal\/mode-emploi-parametre\/"]}]},{"@type":"ImageObject","inLanguage":"eu","@id":"https:\/\/www.dataslatitudes.com\/sosuniversal\/eu\/ecran-principal\/mode-emploi-parametre\/#primaryimage","url":"http:\/\/www.dataslatitudes.com\/sosuniversal\/wp-content\/uploads\/fr_parametre_langage-459x1024.webp","contentUrl":"http:\/\/www.dataslatitudes.com\/sosuniversal\/wp-content\/uploads\/fr_parametre_langage-459x1024.webp"},{"@type":"BreadcrumbList","@id":"https:\/\/www.dataslatitudes.com\/sosuniversal\/eu\/ecran-principal\/mode-emploi-parametre\/#breadcrumb","itemListElement":[{"@type":"ListItem","position":1,"name":"Pr\u00e9sentation","item":"https:\/\/www.dataslatitudes.com\/sosuniversal\/fr\/"},{"@type":"ListItem","position":2,"name":"Ecran principal","item":"https:\/\/www.dataslatitudes.com\/sosuniversal\/ecran-principal\/"},{"@type":"ListItem","position":3,"name":"Param\u00e9trage"}]},{"@type":"WebSite","@id":"https:\/\/www.dataslatitudes.com\/sosuniversal\/eu\/#website","url":"https:\/\/www.dataslatitudes.com\/sosuniversal\/eu\/","name":"SOS Universal","description":"","publisher":{"@id":"https:\/\/www.dataslatitudes.com\/sosuniversal\/eu\/#organization"},"potentialAction":[{"@type":"SearchAction","target":{"@type":"EntryPoint","urlTemplate":"https:\/\/www.dataslatitudes.com\/sosuniversal\/eu\/?s={search_term_string}"},"query-input":{"@type":"PropertyValueSpecification","valueRequired":true,"valueName":"search_term_string"}}],"inLanguage":"eu"},{"@type":"Organization","@id":"https:\/\/www.dataslatitudes.com\/sosuniversal\/eu\/#organization","name":"DATASLATITUDES","url":"https:\/\/www.dataslatitudes.com\/sosuniversal\/eu\/","logo":{"@type":"ImageObject","inLanguage":"eu","@id":"https:\/\/www.dataslatitudes.com\/sosuniversal\/eu\/#\/schema\/logo\/image\/","url":"https:\/\/www.dataslatitudes.com\/sosuniversal\/wp-content\/uploads\/2025\/07\/logo_mrdv.png","contentUrl":"https:\/\/www.dataslatitudes.com\/sosuniversal\/wp-content\/uploads\/2025\/07\/logo_mrdv.png","width":72,"height":72,"caption":"DATASLATITUDES"},"image":{"@id":"https:\/\/www.dataslatitudes.com\/sosuniversal\/eu\/#\/schema\/logo\/image\/"}}]}},"_links":{"self":[{"href":"https:\/\/www.dataslatitudes.com\/sosuniversal\/eu\/wp-json\/wp\/v2\/pages\/242","targetHints":{"allow":["GET"]}}],"collection":[{"href":"https:\/\/www.dataslatitudes.com\/sosuniversal\/eu\/wp-json\/wp\/v2\/pages"}],"about":[{"href":"https:\/\/www.dataslatitudes.com\/sosuniversal\/eu\/wp-json\/wp\/v2\/types\/page"}],"author":[{"embeddable":true,"href":"https:\/\/www.dataslatitudes.com\/sosuniversal\/eu\/wp-json\/wp\/v2\/users\/1"}],"replies":[{"embeddable":true,"href":"https:\/\/www.dataslatitudes.com\/sosuniversal\/eu\/wp-json\/wp\/v2\/comments?post=242"}],"version-history":[{"count":41,"href":"https:\/\/www.dataslatitudes.com\/sosuniversal\/eu\/wp-json\/wp\/v2\/pages\/242\/revisions"}],"predecessor-version":[{"id":1087,"href":"https:\/\/www.dataslatitudes.com\/sosuniversal\/eu\/wp-json\/wp\/v2\/pages\/242\/revisions\/1087"}],"up":[{"embeddable":true,"href":"https:\/\/www.dataslatitudes.com\/sosuniversal\/eu\/wp-json\/wp\/v2\/pages\/14"}],"wp:attachment":[{"href":"https:\/\/www.dataslatitudes.com\/sosuniversal\/eu\/wp-json\/wp\/v2\/media?parent=242"}],"curies":[{"name":"wp","href":"https:\/\/api.w.org\/{rel}","templated":true}]}}