{"id":75,"date":"2025-06-11T15:05:57","date_gmt":"2025-06-11T15:05:57","guid":{"rendered":"http:\/\/www.dataslatitudes.com\/sosuniversal\/index.php\/mode-demploi\/"},"modified":"2025-08-14T09:50:55","modified_gmt":"2025-08-14T09:50:55","slug":"politique-confidentialite","status":"publish","type":"page","link":"https:\/\/www.dataslatitudes.com\/sosuniversal\/et\/politique-confidentialite\/","title":{"rendered":"Privaatsus"},"content":{"rendered":"\r\n<p class=\"has-small-font-size\"><\/p>\r\n\r\n\r\n\r\n<h1 class=\"wp-block-heading has-text-align-center has-medium-font-size\"><strong>PRIVAATSUSPOLIITIKA<\/strong><\/h1>\r\n\r\n\r\n\r\n<p style=\"margin-top:0;margin-bottom:0;font-size:1rem\">K\u00e4esoleva privaatsuspoliitika eesm\u00e4rk on teavitada teid l\u00e4bipaistvalt, kuidas mobiilirakendus SOS Universal (edaspidi &#8220;rakendus&#8221;), mille on v\u00e4lja t\u00f6\u00f6tanud DATASLATITUDES (edaspidi &#8220;v\u00e4ljaandja&#8221;), kogub, kasutab ja kaitseb teie isikuandmeid.<\/p>\r\n\r\n\r\n\r\n<p style=\"margin-top:var(--wp--preset--spacing--20);margin-bottom:var(--wp--preset--spacing--20)\">Rakendust kasutades n\u00f5ustute k\u00e4esoleva poliitika tingimustega. Kui te nende tingimustega ei n\u00f5ustu, palun \u00e4rge kasutage rakendust.<\/p>\r\n\r\n\r\n\r\n<p><strong>J\u00f5ustumiskuup\u00e4ev: 28. juuni 2025<\/strong><\/p>\r\n\r\n\r\n\r\n<h2 class=\"wp-block-heading has-background\" style=\"background-color:#f9f3eb;margin-top:var(--wp--preset--spacing--30);margin-bottom:var(--wp--preset--spacing--30);padding-top:var(--wp--preset--spacing--30);padding-bottom:var(--wp--preset--spacing--30);font-size:1.2rem\">1. Andmet\u00f6\u00f6tleja<\/h2>\r\n\r\n\r\n\r\n<p>Teie isikuandmete vastutav t\u00f6\u00f6tleja on: DATASLATITUDES. <strong>(E-post: privacy.sos_universal@dataslatitudes.com)<\/strong><\/p>\r\n\r\n\r\n\r\n<p class=\"has-small-font-size\"><\/p>\r\n\r\n\r\n\r\n<h2 class=\"wp-block-heading has-background\" style=\"background-color:#f9f3eb;margin-top:var(--wp--preset--spacing--30);margin-bottom:var(--wp--preset--spacing--30);padding-top:var(--wp--preset--spacing--30);padding-bottom:var(--wp--preset--spacing--30);font-size:1.2rem\">2. Kogutud andmed ja eesm\u00e4rgid<\/h2>\r\n\r\n\r\n\r\n<p style=\"margin-top:var(--wp--preset--spacing--30);margin-bottom:var(--wp--preset--spacing--30);padding-top:0;padding-bottom:0\">Rakendus on loodud isikuandmete kogumise minimeerimiseks ja eelistab eranditult kohalikku salvestamist teie seadmes. Andmeid t\u00f6\u00f6deldakse j\u00e4rgmistel eesm\u00e4rkidel:<\/p>\r\n\r\n\r\n\r\n<h3 class=\"wp-block-heading\" style=\"margin-top:var(--wp--preset--spacing--20);margin-bottom:var(--wp--preset--spacing--20);padding-top:0;padding-bottom:0;font-size:1.1rem\">2.1. Andmed, mille te otse esitate<\/h3>\r\n\r\n\r\n\r\n<ul style=\"margin-top:var(--wp--preset--spacing--20);margin-bottom:var(--wp--preset--spacing--20);padding-top:0;padding-bottom:0\" class=\"wp-block-list\">\r\n<li style=\"margin-top:var(--wp--preset--spacing--20);margin-bottom:var(--wp--preset--spacing--20);padding-top:0;padding-bottom:0\"><strong>H\u00e4daabikontaktid: <\/strong>loote v\u00f5i impordite kontakte (nimed ja telefoninumbrid) oma aadressiraamatust.\r\n<ul class=\"wp-block-list\">\r\n<li><strong>Eesm\u00e4rk: <\/strong>neid andmeid kasutatakse eranditult h\u00e4daabikontaktidele suunatud h\u00e4ire-SMS-ide saatmiseks ja telefonik\u00f5nede genereerimiseks.<\/li>\r\n\r\n\r\n\r\n<li><strong>Salvestusruum: <\/strong>need andmed salvestatakse lokaalselt teie seadmesse ja neid ei edastata meie serveritele.<\/li>\r\n<\/ul>\r\n<\/li>\r\n\r\n\r\n\r\n<li><strong>Standardsed ja t\u00e4iendavad s\u00f5numid: <\/strong>tekst, mille te koostate hoiatuse SMS-ide jaoks.\r\n<ul class=\"wp-block-list\">\r\n<li><strong>Eesm\u00e4rk: <\/strong>lisada oma isikup\u00e4rastatud s\u00f5num saadetud hoiatustesse.<\/li>\r\n\r\n\r\n\r\n<li><strong>Salvestusruum: <\/strong>salvestatud kohapeal teie seadmesse.<\/li>\r\n<\/ul>\r\n<\/li>\r\n\r\n\r\n\r\n<li style=\"padding-top:var(--wp--preset--spacing--20);padding-bottom:var(--wp--preset--spacing--20)\"><strong>Helisalvestused: <\/strong>salvestised, mille te k\u00e4ivitate.\r\n<ul class=\"wp-block-list\">\r\n<li><strong>Eesm\u00e4rk: <\/strong>v\u00f5imaldada oma salvestiste kuulamist, \u00fcmbernimetamist ja kustutamist. Hea kvaliteediga salvestised v\u00f5ivad aidata t\u00f5endina kaebuse esitamisel.<\/li>\r\n\r\n\r\n\r\n<li><strong>Salvestusruum: <\/strong>Salvestatud kohapeal teie nutitelefoni allalaadimiste kaustas. Teie vastutate nende failide haldamise ja kustutamise eest.<\/li>\r\n<\/ul>\r\n<\/li>\r\n<\/ul>\r\n\r\n\r\n\r\n<p class=\"has-small-font-size\"><\/p>\r\n\r\n\r\n\r\n<h3 class=\"wp-block-heading\" style=\"margin-top:var(--wp--preset--spacing--20);margin-bottom:var(--wp--preset--spacing--20);padding-top:0;padding-bottom:0;font-size:1.1rem\"><strong>2.2. Automaatselt kogutud andmed<\/strong><\/h3>\r\n\r\n\r\n\r\n<ul style=\"margin-top:var(--wp--preset--spacing--20);margin-bottom:var(--wp--preset--spacing--20);padding-top:0;padding-bottom:0\" class=\"wp-block-list\">\r\n<li style=\"margin-top:var(--wp--preset--spacing--20);margin-bottom:var(--wp--preset--spacing--20);padding-top:0;padding-bottom:0\"><strong>Geolokatsiooniandmed: <\/strong>Rakendus p\u00e4\u00e4seb teie seadme asukohale (GPS v\u00f5i Wi-Fi) juurde ainult siis, kui aktiveerite hoiatuss\u00f5numis oma asukoha saatmise funktsiooni.\r\n<ul class=\"wp-block-list\">\r\n<li><strong>Eesm\u00e4rk: <\/strong>anda teie geograafiline asukoht (koordinaadid ja aadress) teie h\u00e4daabikontaktidele hoiatuse korral.<\/li>\r\n\r\n\r\n\r\n<li><strong>Salvestusruum: <\/strong>need andmed ei ole salvestatud ega s\u00e4ilitatud v\u00e4ljaandja poolt. Neid kasutatakse reaalajas GoogleMapsi (v\u00f5i OpenStreetMapi) lingi ja aadressi genereerimiseks ning seej\u00e4rel lisatakse need teie telekommunikatsioonioperaatori kaudu saadetud SMS-i<\/li>\r\n<\/ul>\r\n<\/li>\r\n\r\n\r\n\r\n<li><strong>Hoiatuste ajalugu: <\/strong>kuup\u00e4ev, kellaaeg, re\u017eiim, saaja ja viimase 50 saadetud hoiatuse sisu.\r\n<ul class=\"wp-block-list\">\r\n<li><strong>Eesm\u00e4rk: <\/strong>v\u00f5imaldab teil j\u00e4lgimise ja haldamise eesm\u00e4rgil vaadata oma hoiatuste ajalugu.<\/li>\r\n\r\n\r\n\r\n<li><strong>Salvestusruum: <\/strong>salvestatud kohapeal teie seadmesse.<\/li>\r\n<\/ul>\r\n<\/li>\r\n\r\n\r\n\r\n<li style=\"padding-top:var(--wp--preset--spacing--20);padding-bottom:var(--wp--preset--spacing--20)\"><strong>Juurdep\u00e4\u00e4suload: <\/strong>Rakendus n\u00f5uab juurdep\u00e4\u00e4su teie kontaktidele, geolokatsioonile, mikrofonile, helisalvestusele, salvestusruumile, teatistele ja SMS\/telefonifunktsioonidele.\r\n<ul class=\"wp-block-list\">\r\n<li><strong>Eesm\u00e4rk: <\/strong>need load on rangelt vajalikud rakenduse korrektseks toimimiseks ja selle funktsioonide t\u00e4itmiseks.<\/li>\r\n<\/ul>\r\n<\/li>\r\n<\/ul>\r\n\r\n\r\n\r\n<p class=\"has-small-font-size\"><\/p>\r\n\r\n\r\n\r\n<h2 class=\"wp-block-heading has-background\" style=\"background-color:#f9f3eb;margin-top:var(--wp--preset--spacing--30);margin-bottom:var(--wp--preset--spacing--30);padding-top:var(--wp--preset--spacing--30);padding-bottom:var(--wp--preset--spacing--30);font-size:1.2rem\">3. Andmete jagamine<\/h2>\r\n\r\n\r\n\r\n<p style=\"margin-top:var(--wp--preset--spacing--30);margin-bottom:var(--wp--preset--spacing--30);padding-top:0;padding-bottom:0\">V\u00e4ljaandja ei jaga, m\u00fc\u00fca ega rendi teie isikuandmeid kolmandatele isikutele, olgu see siis \u00e4rilisel v\u00f5i tasuta eesm\u00e4rgil. Ainus \u00fcksused, kes teie andmeid saavad, on:<\/p>\r\n\r\n\r\n\r\n<ul style=\"margin-top:var(--wp--preset--spacing--20);margin-bottom:var(--wp--preset--spacing--20)\" class=\"wp-block-list\">\r\n<li><strong>Teie h\u00e4daabikontaktid: <\/strong>valite neile teabe (s\u00f5num, asukoht) saatmise oma mobiilsideoperaatori teenuste (SMS\/k\u00f5ned) kaudu.<\/li>\r\n\r\n\r\n\r\n<li><strong>Google Maps: <\/strong>Rakendus kasutab Google&#8217;i kaardistamisteenust, et luua link teie asukohale. Selle lingi kasutamine on reguleeritud Google&#8217;i kasutustingimuste ja privaatsuspoliitikaga.<\/li>\r\n\r\n\r\n\r\n<li><strong>OpenStreetMap: <\/strong>rakendus v\u00f5ib kasutada ka OpenStreetMapi kaardistamisteenust, et genereerida link teie asukohale. Selle lingi kasutamine on allutatud OpenStreetMapi kasutustingimustele ja privaatsuspoliitikale.<\/li>\r\n<\/ul>\r\n\r\n\r\n\r\n<p class=\"has-small-font-size\"><\/p>\r\n\r\n\r\n\r\n<h2 class=\"wp-block-heading has-background\" style=\"background-color:#f9f3eb;margin-top:var(--wp--preset--spacing--30);margin-bottom:var(--wp--preset--spacing--30);padding-top:var(--wp--preset--spacing--30);padding-bottom:var(--wp--preset--spacing--30);font-size:1.2rem\">4. Teie \u00f5igused (GDPR-i vastavus)<\/h2>\r\n\r\n\r\n\r\n<p style=\"margin-top:var(--wp--preset--spacing--30);margin-bottom:var(--wp--preset--spacing--30);padding-top:0;padding-bottom:0\">Kasutajana on teil oma isikuandmete osas j\u00e4rgmised \u00f5igused:<\/p>\r\n\r\n\r\n\r\n<ul style=\"margin-top:var(--wp--preset--spacing--20);margin-bottom:var(--wp--preset--spacing--20)\" class=\"wp-block-list\">\r\n<li><strong>Juurdep\u00e4\u00e4su\u00f5igus: <\/strong>saate oma seadmes salvestatud andmetele igal ajal rakenduse kaudu juurde p\u00e4\u00e4seda.<\/li>\r\n\r\n\r\n\r\n<li><strong>Parandamis\u00f5igus: <\/strong>saate oma kontakte ja seadeid otse rakenduses muuta v\u00f5i parandada.<\/li>\r\n\r\n\r\n\r\n<li><strong>Kustutamis\u00f5igus (&#8220;\u00f5igus olla unustatud&#8221;): <\/strong>saate igal ajal kustutada oma kontaktide andmed ja helisalvestised. Rakenduse kustutamine kustutab k\u00f5ik kohalikult salvestatud andmed.<\/li>\r\n\r\n\r\n\r\n<li><strong>Andmet\u00f6\u00f6tluse piiramise \u00f5igus: <\/strong>saate ajutiselt deaktiveerida kontakte v\u00f5i funktsioone (nagu asukoht), et piirata oma andmete t\u00f6\u00f6tlemist.<\/li>\r\n\r\n\r\n\r\n<li><strong>Vastuv\u00e4ite esitamise \u00f5igus: <\/strong>v\u00f5ite t\u00f6\u00f6tlemisele vastu vaielda, l\u00f5petades rakenduse kasutamise ja selle desinstallimise.<\/li>\r\n<\/ul>\r\n\r\n\r\n\r\n<p class=\"has-small-font-size\"><\/p>\r\n\r\n\r\n\r\n<h2 class=\"wp-block-heading has-background\" style=\"background-color:#f9f3eb;margin-top:var(--wp--preset--spacing--30);margin-bottom:var(--wp--preset--spacing--30);padding-top:var(--wp--preset--spacing--30);padding-bottom:var(--wp--preset--spacing--30);font-size:1.2rem\">5. Privaatsuspoliitika muudatused<\/h2>\r\n\r\n\r\n\r\n<p style=\"margin-top:var(--wp--preset--spacing--30);margin-bottom:var(--wp--preset--spacing--30);padding-top:0;padding-bottom:0\">V\u00e4ljaandja j\u00e4tab endale \u00f5iguse k\u00e4esolevat privaatsuspoliitikat igal ajal muuta. Teenuse j\u00e4tkuv kasutamine p\u00e4rast muudatuste avaldamist t\u00e4hendab uute tingimuste aktsepteerimist.<\/p>\r\n\r\n\r\n\r\n<p class=\"has-small-font-size\"><\/p>\r\n\r\n\r\n\r\n<h2 class=\"wp-block-heading has-background\" style=\"background-color:#f9f3eb;margin-top:var(--wp--preset--spacing--30);margin-bottom:var(--wp--preset--spacing--30);padding-top:var(--wp--preset--spacing--30);padding-bottom:var(--wp--preset--spacing--30);font-size:1.2rem\">6. V\u00f5ta meiega \u00fchendust<\/h2>\r\n\r\n\r\n\r\n<p style=\"margin-top:var(--wp--preset--spacing--30);margin-bottom:var(--wp--preset--spacing--30);padding-top:0;padding-bottom:0\">Kui teil on k\u00fcsimusi v\u00f5i muresid selle privaatsuspoliitika v\u00f5i teie andmete haldamise kohta, v\u00f5ite meiega \u00fchendust v\u00f5tta j\u00e4rgmisel e-posti aadressil: <br><strong>privacy.sos_universal@dataslatitudes.com<\/strong><\/p>\r\n\r\n\r\n\r\n<p class=\"has-medium-font-size\"><\/p>\r\n\r\n\r\n\r\n<p class=\"has-medium-font-size\"><\/p>\r\n","protected":false},"excerpt":{"rendered":"<p>PRIVAATSUSPOLIITIKA K\u00e4esoleva privaatsuspoliitika eesm\u00e4rk on teavitada teid l\u00e4bipaistvalt, kuidas mobiilirakendus SOS Universal (edaspidi &#8220;rakendus&#8221;), mille on v\u00e4lja t\u00f6\u00f6tanud DATASLATITUDES (edaspidi [&hellip;]<\/p>\n","protected":false},"author":1,"featured_media":0,"parent":0,"menu_order":4,"comment_status":"closed","ping_status":"closed","template":"","meta":{"site-sidebar-layout":"default","site-content-layout":"","ast-site-content-layout":"default","site-content-style":"default","site-sidebar-style":"default","ast-global-header-display":"","ast-banner-title-visibility":"","ast-main-header-display":"","ast-hfb-above-header-display":"","ast-hfb-below-header-display":"","ast-hfb-mobile-header-display":"","site-post-title":"disabled","ast-breadcrumbs-content":"","ast-featured-img":"","footer-sml-layout":"","theme-transparent-header-meta":"","adv-header-id-meta":"","stick-header-meta":"","header-above-stick-meta":"","header-main-stick-meta":"","header-below-stick-meta":"","astra-migrate-meta-layouts":"default","ast-page-background-enabled":"default","ast-page-background-meta":{"desktop":{"background-color":"var(--ast-global-color-5)","background-image":"","background-repeat":"repeat","background-position":"center center","background-size":"auto","background-attachment":"scroll","background-type":"","background-media":"","overlay-type":"","overlay-color":"","overlay-opacity":"","overlay-gradient":""},"tablet":{"background-color":"","background-image":"","background-repeat":"repeat","background-position":"center center","background-size":"auto","background-attachment":"scroll","background-type":"","background-media":"","overlay-type":"","overlay-color":"","overlay-opacity":"","overlay-gradient":""},"mobile":{"background-color":"","background-image":"","background-repeat":"repeat","background-position":"center center","background-size":"auto","background-attachment":"scroll","background-type":"","background-media":"","overlay-type":"","overlay-color":"","overlay-opacity":"","overlay-gradient":""}},"ast-content-background-meta":{"desktop":{"background-color":"var(--ast-global-color-4)","background-image":"","background-repeat":"repeat","background-position":"center center","background-size":"auto","background-attachment":"scroll","background-type":"","background-media":"","overlay-type":"","overlay-color":"","overlay-opacity":"","overlay-gradient":""},"tablet":{"background-color":"var(--ast-global-color-4)","background-image":"","background-repeat":"repeat","background-position":"center center","background-size":"auto","background-attachment":"scroll","background-type":"","background-media":"","overlay-type":"","overlay-color":"","overlay-opacity":"","overlay-gradient":""},"mobile":{"background-color":"var(--ast-global-color-4)","background-image":"","background-repeat":"repeat","background-position":"center center","background-size":"auto","background-attachment":"scroll","background-type":"","background-media":"","overlay-type":"","overlay-color":"","overlay-opacity":"","overlay-gradient":""}},"footnotes":""},"class_list":["post-75","page","type-page","status-publish","hentry"],"yoast_head":"<!-- This site is optimized with the Yoast SEO plugin v25.6 - https:\/\/yoast.com\/wordpress\/plugins\/seo\/ -->\n<title>Privaatsus<\/title>\n<meta name=\"description\" content=\"K\u00e4esoleva privaatsuspoliitika eesm\u00e4rk on teavitada teid l\u00e4bipaistvalt, kuidas mobiilirakendus SOS Universal, mille on v\u00e4lja t\u00f6\u00f6tanud DATASLATITUDES, kogub, kasutab ja kaitseb teie isikuandmeid. See k\u00e4sitleb andmet\u00f6\u00f6tlejat, kogutud andmeid ja eesm\u00e4rke, andmete jagamist, teie \u00f5igusi (GDPR-i vastavus) ja privaatsuspoliitika muutmise tingimusi.\" \/>\n<meta name=\"robots\" content=\"index, follow, max-snippet:-1, max-image-preview:large, max-video-preview:-1\" \/>\n<link rel=\"canonical\" href=\"\" \/>\n<meta property=\"og:locale\" content=\"et_EE\" \/>\n<meta property=\"og:type\" content=\"article\" \/>\n<meta property=\"og:title\" content=\"Privaatsus\" \/>\n<meta property=\"og:description\" content=\"K\u00e4esoleva privaatsuspoliitika eesm\u00e4rk on teavitada teid l\u00e4bipaistvalt, kuidas mobiilirakendus SOS Universal, mille on v\u00e4lja t\u00f6\u00f6tanud DATASLATITUDES, kogub, kasutab ja kaitseb teie isikuandmeid. See k\u00e4sitleb andmet\u00f6\u00f6tlejat, kogutud andmeid ja eesm\u00e4rke, andmete jagamist, teie \u00f5igusi (GDPR-i vastavus) ja privaatsuspoliitika muutmise tingimusi.\" \/>\n<meta property=\"og:url\" content=\"https:\/\/www.dataslatitudes.com\/sosuniversal\/et\/politique-confidentialite\/\" \/>\n<meta property=\"og:site_name\" content=\"SOS Universal\" \/>\n<meta property=\"article:modified_time\" content=\"2025-08-14T09:50:55+00:00\" \/>\n<meta name=\"twitter:card\" content=\"summary_large_image\" \/>\n<meta name=\"twitter:label1\" content=\"Est. reading time\" \/>\n\t<meta name=\"twitter:data1\" content=\"4 minutit\" \/>\n<script type=\"application\/ld+json\" class=\"yoast-schema-graph\">{\"@context\":\"https:\/\/schema.org\",\"@graph\":[{\"@type\":\"WebPage\",\"@id\":\"https:\/\/www.dataslatitudes.com\/sosuniversal\/et\/politique-confidentialite\/\",\"url\":\"https:\/\/www.dataslatitudes.com\/sosuniversal\/et\/politique-confidentialite\/\",\"name\":\"Confidentialit\u00e9 - SOS Universal\",\"isPartOf\":{\"@id\":\"https:\/\/www.dataslatitudes.com\/sosuniversal\/#website\"},\"datePublished\":\"2025-06-11T15:05:57+00:00\",\"dateModified\":\"2025-08-14T09:50:55+00:00\",\"description\":\"La pr\u00e9sente Politique de Confidentialit\u00e9 a pour objectif de vous informer de mani\u00e8re transparente sur la mani\u00e8re dont l'application mobile SOS Universal, d\u00e9velopp\u00e9e par DATASLATITUDES, collecte, utilise et prot\u00e8ge vos donn\u00e9es personnelles. On y expose le responsable du traitement des donn\u00e9es, les donn\u00e9es collect\u00e9es et les finalit\u00e9s, le partage des donn\u00e9es, vos droits (conformit\u00e9 RGPD) et les conditions de modifications de la Politique de Confidentialit\u00e9.\",\"breadcrumb\":{\"@id\":\"https:\/\/www.dataslatitudes.com\/sosuniversal\/et\/politique-confidentialite\/#breadcrumb\"},\"inLanguage\":\"et\",\"potentialAction\":[{\"@type\":\"ReadAction\",\"target\":[\"https:\/\/www.dataslatitudes.com\/sosuniversal\/et\/politique-confidentialite\/\"]}]},{\"@type\":\"BreadcrumbList\",\"@id\":\"https:\/\/www.dataslatitudes.com\/sosuniversal\/et\/politique-confidentialite\/#breadcrumb\",\"itemListElement\":[{\"@type\":\"ListItem\",\"position\":1,\"name\":\"Esitlus\",\"item\":\"https:\/\/www.dataslatitudes.com\/sosuniversal\/fr\/\"},{\"@type\":\"ListItem\",\"position\":2,\"name\":\"Privaatsus\"}]},{\"@type\":\"WebSite\",\"@id\":\"https:\/\/www.dataslatitudes.com\/sosuniversal\/et\/#website\",\"url\":\"https:\/\/www.dataslatitudes.com\/sosuniversal\/et\/\",\"name\":\"SOS Universal\",\"description\":\"\",\"publisher\":{\"@id\":\"https:\/\/www.dataslatitudes.com\/sosuniversal\/et\/#organization\"},\"potentialAction\":[{\"@type\":\"SearchAction\",\"target\":{\"@type\":\"EntryPoint\",\"urlTemplate\":\"https:\/\/www.dataslatitudes.com\/sosuniversal\/et\/?s={search_term_string}\"},\"query-input\":{\"@type\":\"PropertyValueSpecification\",\"valueRequired\":true,\"valueName\":\"search_term_string\"}}],\"inLanguage\":\"et\"},{\"@type\":\"Organization\",\"@id\":\"https:\/\/www.dataslatitudes.com\/sosuniversal\/et\/#organization\",\"name\":\"DATASLATITUDES\",\"url\":\"https:\/\/www.dataslatitudes.com\/sosuniversal\/et\/\",\"logo\":{\"@type\":\"ImageObject\",\"inLanguage\":\"et\",\"@id\":\"https:\/\/www.dataslatitudes.com\/sosuniversal\/et\/#\/schema\/logo\/image\/\",\"url\":\"https:\/\/www.dataslatitudes.com\/sosuniversal\/wp-content\/uploads\/2025\/07\/logo_mrdv.png\",\"contentUrl\":\"https:\/\/www.dataslatitudes.com\/sosuniversal\/wp-content\/uploads\/2025\/07\/logo_mrdv.png\",\"width\":72,\"height\":72,\"caption\":\"DATASLATITUDES\"},\"image\":{\"@id\":\"https:\/\/www.dataslatitudes.com\/sosuniversal\/et\/#\/schema\/logo\/image\/\"}}]}<\/script>\n<!-- \/ Yoast SEO plugin. -->","yoast_head_json":{"title":"Privaatsus","description":"K\u00e4esoleva privaatsuspoliitika eesm\u00e4rk on teavitada teid l\u00e4bipaistvalt, kuidas mobiilirakendus SOS Universal, mille on v\u00e4lja t\u00f6\u00f6tanud DATASLATITUDES, kogub, kasutab ja kaitseb teie isikuandmeid. See k\u00e4sitleb andmet\u00f6\u00f6tlejat, kogutud andmeid ja eesm\u00e4rke, andmete jagamist, teie \u00f5igusi (GDPR-i vastavus) ja privaatsuspoliitika muutmise tingimusi.","robots":{"index":"index","follow":"follow","max-snippet":"max-snippet:-1","max-image-preview":"max-image-preview:large","max-video-preview":"max-video-preview:-1"},"canonical":"PRIVAATSUSPOLIITIKA K\u00e4esoleva privaatsuspoliitika eesm\u00e4rk on teavitada teid l\u00e4bipaistvalt, kuidas mobiilirakendus SOS Universal (edaspidi \"rakendus\"), mille on v\u00e4lja t\u00f6\u00f6tanud DATASLATITUDES (edaspidi \"v\u00e4ljaandja\"), kogub, kasutab ja kaitseb teie isikuandmeid. Rakendust kasutades n\u00f5ustute k\u00e4esoleva poliitika tingimustega. Kui te nende tingimustega ei n\u00f5ustu, palun \u00e4rge kasutage rakendust. J\u00f5ustumiskuup\u00e4ev: 28. juuni 2025 1. Andmet\u00f6\u00f6tleja Teie isikuandmete vastutav t\u00f6\u00f6tleja on: DATASLATITUDES.&hellip;","og_locale":"et_EE","og_type":"article","og_title":"Privaatsus","og_description":"K\u00e4esoleva privaatsuspoliitika eesm\u00e4rk on teavitada teid l\u00e4bipaistvalt, kuidas mobiilirakendus SOS Universal, mille on v\u00e4lja t\u00f6\u00f6tanud DATASLATITUDES, kogub, kasutab ja kaitseb teie isikuandmeid. See k\u00e4sitleb andmet\u00f6\u00f6tlejat, kogutud andmeid ja eesm\u00e4rke, andmete jagamist, teie \u00f5igusi (GDPR-i vastavus) ja privaatsuspoliitika muutmise tingimusi.","og_url":"https:\/\/www.dataslatitudes.com\/sosuniversal\/et\/politique-confidentialite\/","og_site_name":"SOS Universal","article_modified_time":"2025-08-14T09:50:55+00:00","twitter_card":"summary_large_image","twitter_misc":{"Est. reading time":"4 minutit"},"schema":{"@context":"https:\/\/schema.org","@graph":[{"@type":"WebPage","@id":"https:\/\/www.dataslatitudes.com\/sosuniversal\/et\/politique-confidentialite\/","url":"https:\/\/www.dataslatitudes.com\/sosuniversal\/et\/politique-confidentialite\/","name":"Confidentialit\u00e9 - SOS Universal","isPartOf":{"@id":"https:\/\/www.dataslatitudes.com\/sosuniversal\/#website"},"datePublished":"2025-06-11T15:05:57+00:00","dateModified":"2025-08-14T09:50:55+00:00","description":"La pr\u00e9sente Politique de Confidentialit\u00e9 a pour objectif de vous informer de mani\u00e8re transparente sur la mani\u00e8re dont l'application mobile SOS Universal, d\u00e9velopp\u00e9e par DATASLATITUDES, collecte, utilise et prot\u00e8ge vos donn\u00e9es personnelles. On y expose le responsable du traitement des donn\u00e9es, les donn\u00e9es collect\u00e9es et les finalit\u00e9s, le partage des donn\u00e9es, vos droits (conformit\u00e9 RGPD) et les conditions de modifications de la Politique de Confidentialit\u00e9.","breadcrumb":{"@id":"https:\/\/www.dataslatitudes.com\/sosuniversal\/et\/politique-confidentialite\/#breadcrumb"},"inLanguage":"et","potentialAction":[{"@type":"ReadAction","target":["https:\/\/www.dataslatitudes.com\/sosuniversal\/et\/politique-confidentialite\/"]}]},{"@type":"BreadcrumbList","@id":"https:\/\/www.dataslatitudes.com\/sosuniversal\/et\/politique-confidentialite\/#breadcrumb","itemListElement":[{"@type":"ListItem","position":1,"name":"Esitlus","item":"https:\/\/www.dataslatitudes.com\/sosuniversal\/fr\/"},{"@type":"ListItem","position":2,"name":"Privaatsus"}]},{"@type":"WebSite","@id":"https:\/\/www.dataslatitudes.com\/sosuniversal\/et\/#website","url":"https:\/\/www.dataslatitudes.com\/sosuniversal\/et\/","name":"SOS Universal","description":"","publisher":{"@id":"https:\/\/www.dataslatitudes.com\/sosuniversal\/et\/#organization"},"potentialAction":[{"@type":"SearchAction","target":{"@type":"EntryPoint","urlTemplate":"https:\/\/www.dataslatitudes.com\/sosuniversal\/et\/?s={search_term_string}"},"query-input":{"@type":"PropertyValueSpecification","valueRequired":true,"valueName":"search_term_string"}}],"inLanguage":"et"},{"@type":"Organization","@id":"https:\/\/www.dataslatitudes.com\/sosuniversal\/et\/#organization","name":"DATASLATITUDES","url":"https:\/\/www.dataslatitudes.com\/sosuniversal\/et\/","logo":{"@type":"ImageObject","inLanguage":"et","@id":"https:\/\/www.dataslatitudes.com\/sosuniversal\/et\/#\/schema\/logo\/image\/","url":"https:\/\/www.dataslatitudes.com\/sosuniversal\/wp-content\/uploads\/2025\/07\/logo_mrdv.png","contentUrl":"https:\/\/www.dataslatitudes.com\/sosuniversal\/wp-content\/uploads\/2025\/07\/logo_mrdv.png","width":72,"height":72,"caption":"DATASLATITUDES"},"image":{"@id":"https:\/\/www.dataslatitudes.com\/sosuniversal\/et\/#\/schema\/logo\/image\/"}}]}},"_links":{"self":[{"href":"https:\/\/www.dataslatitudes.com\/sosuniversal\/et\/wp-json\/wp\/v2\/pages\/75","targetHints":{"allow":["GET"]}}],"collection":[{"href":"https:\/\/www.dataslatitudes.com\/sosuniversal\/et\/wp-json\/wp\/v2\/pages"}],"about":[{"href":"https:\/\/www.dataslatitudes.com\/sosuniversal\/et\/wp-json\/wp\/v2\/types\/page"}],"author":[{"embeddable":true,"href":"https:\/\/www.dataslatitudes.com\/sosuniversal\/et\/wp-json\/wp\/v2\/users\/1"}],"replies":[{"embeddable":true,"href":"https:\/\/www.dataslatitudes.com\/sosuniversal\/et\/wp-json\/wp\/v2\/comments?post=75"}],"version-history":[{"count":30,"href":"https:\/\/www.dataslatitudes.com\/sosuniversal\/et\/wp-json\/wp\/v2\/pages\/75\/revisions"}],"predecessor-version":[{"id":2927,"href":"https:\/\/www.dataslatitudes.com\/sosuniversal\/et\/wp-json\/wp\/v2\/pages\/75\/revisions\/2927"}],"wp:attachment":[{"href":"https:\/\/www.dataslatitudes.com\/sosuniversal\/et\/wp-json\/wp\/v2\/media?parent=75"}],"curies":[{"name":"wp","href":"https:\/\/api.w.org\/{rel}","templated":true}]}}