{"id":246,"date":"2025-06-13T07:09:52","date_gmt":"2025-06-13T07:09:52","guid":{"rendered":"https:\/\/www.dataslatitudes.com\/sosuniversal\/index.php\/mode-emploi\/mode-demploi-parametres\/"},"modified":"2025-07-21T16:04:04","modified_gmt":"2025-07-21T16:04:04","slug":"mode-emploi-historique-enregistrement-audio","status":"publish","type":"page","link":"https:\/\/www.dataslatitudes.com\/sosuniversal\/et\/ecran-principal\/mode-emploi-historique-enregistrement-audio\/","title":{"rendered":"Ajalugu ja helisalvestused"},"content":{"rendered":"\r\n<p class=\"has-small-font-size\"><\/p>\r\n\r\n\r\n\r\n<h1 class=\"wp-block-heading has-text-align-center has-medium-font-size\" style=\"margin-top:var(--wp--preset--spacing--30);margin-bottom:var(--wp--preset--spacing--30)\"><strong>HOIATUSTE AJALUGU<\/strong><\/h1>\r\n\r\n\r\n\r\n<p style=\"font-size:1rem\">Viimased 50 saadetud hoiatust on salvestatud koos k\u00f5igi nende omadustega<\/p>\r\n\r\n\r\n\r\n<div class=\"wp-block-columns is-layout-flex wp-container-core-columns-is-layout-ec2e7a44 wp-block-columns-is-layout-flex\" style=\"padding-top:0;padding-bottom:0\">\r\n<div class=\"wp-block-column is-layout-flow wp-block-column-is-layout-flow\" style=\"flex-basis:33.33%\">\r\n<figure class=\"wp-block-image aligncenter size-large is-resized\"><img decoding=\"async\" src=\"http:\/\/www.dataslatitudes.com\/sosuniversal\/wp-content\/uploads\/et_historique_alerte_puce-459x1024.webp\" alt=\"SOS Universal \u2013 hoiatuste ajalugu\" class=\"wp-image-402\" style=\"width:273px\"\/><\/figure>\r\n<\/div>\r\n\r\n\r\n\r\n<div class=\"wp-block-column is-layout-flow wp-block-column-is-layout-flow\" style=\"padding-top:0;padding-bottom:0;flex-basis:66.66%\">\r\n<p style=\"font-size:1rem\">(1) Soovitud kontakti ees- ja perekonnanimi<br>(2) Hoiatuse k\u00e4ivitamise kuup\u00e4ev ja kellaaeg<br>(3) Piktogrammid, mis kokkuv\u00f5tlikult kirjeldavad hoiatuse sisu (n\u00e4ites: telefonik\u00f5ne, SMS-i saatmine geograafilise asukoha ja aadressiga, helisalvestus ja helisignaal)<br>(4) Kasutatud hoiatuse re\u017eiim koos parameetritega<br>(5) Kogu hoiatuste ajaloo kustutamine<\/p>\r\n\r\n\r\n\r\n<p>Kuup\u00e4ev on esitatud vormingus AAAA-KK-PP (rahvusvaheline standard ISO 8601).<\/p>\r\n<\/div>\r\n<\/div>\r\n\r\n\r\n\r\n<p class=\"has-small-font-size\"><\/p>\r\n\r\n\r\n\r\n<h2 class=\"wp-block-heading has-text-align-center has-medium-font-size\" style=\"margin-top:var(--wp--preset--spacing--30);margin-bottom:var(--wp--preset--spacing--30)\"><strong>HELISALVESTUSED<\/strong><\/h2>\r\n\r\n\r\n\r\n<p style=\"font-size:1rem\">Saate s\u00e4ilitada kuni 200 helisalvestist, mis on salvestatud teie nutitelefoni allalaadimiste kausta. Iga salvestis on ajastatud ja seda saab kuulata, \u00fcmber nimetada v\u00f5i kustutada.<\/p>\r\n\r\n\r\n\r\n<div class=\"wp-block-columns is-layout-flex wp-container-core-columns-is-layout-ec2e7a44 wp-block-columns-is-layout-flex\" style=\"padding-top:0;padding-bottom:0\">\r\n<div class=\"wp-block-column is-layout-flow wp-block-column-is-layout-flow\" style=\"flex-basis:33.33%\">\r\n<figure class=\"wp-block-image aligncenter size-large is-resized\"><img decoding=\"async\" src=\"http:\/\/www.dataslatitudes.com\/sosuniversal\/wp-content\/uploads\/et_enregistrement_audio_puce-459x1024.webp\" alt=\"SOS Universal \u2013 helisalvestiste haldamine\" class=\"wp-image-403\" style=\"width:273px\"\/><\/figure>\r\n<\/div>\r\n\r\n\r\n\r\n<div class=\"wp-block-column is-layout-flow wp-block-column-is-layout-flow\" style=\"flex-basis:66.66%\">\r\n<p style=\"font-size:1rem\">(1) Salvestise nimi<br>(2) Salvestise kuup\u00e4ev, kellaaeg ja suurus<br>(3) Kustutamisfunktsioon<br>(4) Failinime muutmise funktsioon<br>(5) Salvestise esitamine v\u00f5i esituse peatamine<br>(6) 5 sekundit tagasi<br>(7) 5 sekundit edasi<br>(8) Esituse edenemise liugur<br>(9) Salvestise esituse kiirus: seda saab v\u00e4hendada (x 0.5) v\u00f5i suurendada (x 1.5, x 2.0)<\/p>\r\n\r\n\r\n\r\n<p>Kuup\u00e4ev on esitatud vormingus AAAA-KK-PP (rahvusvaheline standard ISO 8601).<\/p>\r\n<\/div>\r\n<\/div>\r\n\r\n\r\n\r\n<p class=\"has-medium-font-size\"><\/p>\r\n\r\n\r\n\r\n<p><\/p>\r\n","protected":false},"excerpt":{"rendered":"<p>HOIATUSTE AJALUGU Viimased 50 saadetud hoiatust on salvestatud koos k\u00f5igi nende omadustega (1) Soovitud kontakti ees- ja perekonnanimi(2) Hoiatuse k\u00e4ivitamise [&hellip;]<\/p>\n","protected":false},"author":1,"featured_media":0,"parent":14,"menu_order":5,"comment_status":"closed","ping_status":"closed","template":"","meta":{"site-sidebar-layout":"default","site-content-layout":"","ast-site-content-layout":"","site-content-style":"default","site-sidebar-style":"default","ast-global-header-display":"","ast-banner-title-visibility":"","ast-main-header-display":"","ast-hfb-above-header-display":"","ast-hfb-below-header-display":"","ast-hfb-mobile-header-display":"","site-post-title":"disabled","ast-breadcrumbs-content":"","ast-featured-img":"","footer-sml-layout":"","theme-transparent-header-meta":"","adv-header-id-meta":"","stick-header-meta":"","header-above-stick-meta":"","header-main-stick-meta":"","header-below-stick-meta":"","astra-migrate-meta-layouts":"default","ast-page-background-enabled":"default","ast-page-background-meta":{"desktop":{"background-color":"var(--ast-global-color-5)","background-image":"","background-repeat":"repeat","background-position":"center center","background-size":"auto","background-attachment":"scroll","background-type":"","background-media":"","overlay-type":"","overlay-color":"","overlay-opacity":"","overlay-gradient":""},"tablet":{"background-color":"","background-image":"","background-repeat":"repeat","background-position":"center center","background-size":"auto","background-attachment":"scroll","background-type":"","background-media":"","overlay-type":"","overlay-color":"","overlay-opacity":"","overlay-gradient":""},"mobile":{"background-color":"","background-image":"","background-repeat":"repeat","background-position":"center center","background-size":"auto","background-attachment":"scroll","background-type":"","background-media":"","overlay-type":"","overlay-color":"","overlay-opacity":"","overlay-gradient":""}},"ast-content-background-meta":{"desktop":{"background-color":"var(--ast-global-color-4)","background-image":"","background-repeat":"repeat","background-position":"center center","background-size":"auto","background-attachment":"scroll","background-type":"","background-media":"","overlay-type":"","overlay-color":"","overlay-opacity":"","overlay-gradient":""},"tablet":{"background-color":"var(--ast-global-color-4)","background-image":"","background-repeat":"repeat","background-position":"center center","background-size":"auto","background-attachment":"scroll","background-type":"","background-media":"","overlay-type":"","overlay-color":"","overlay-opacity":"","overlay-gradient":""},"mobile":{"background-color":"var(--ast-global-color-4)","background-image":"","background-repeat":"repeat","background-position":"center center","background-size":"auto","background-attachment":"scroll","background-type":"","background-media":"","overlay-type":"","overlay-color":"","overlay-opacity":"","overlay-gradient":""}},"footnotes":""},"class_list":["post-246","page","type-page","status-publish","hentry"],"yoast_head":"<!-- This site is optimized with the Yoast SEO plugin v25.6 - https:\/\/yoast.com\/wordpress\/plugins\/seo\/ -->\n<title>Ajalugu ja helisalvestused<\/title>\n<meta name=\"description\" content=\"Viimased 50 saadetud hoiatust on salvestatud koos k\u00f5igi nende omadustega. Saate salvestada kuni 200 helisalvestist, mis salvestatakse nutitelefoni allalaadimiste kausta. Iga salvestis on ajastatud ja seda saab kuulata, \u00fcmber nimetada v\u00f5i kustutada.\" \/>\n<meta name=\"robots\" content=\"index, follow, max-snippet:-1, max-image-preview:large, max-video-preview:-1\" \/>\n<link rel=\"canonical\" href=\"\" \/>\n<meta property=\"og:locale\" content=\"et_EE\" \/>\n<meta property=\"og:type\" content=\"article\" \/>\n<meta property=\"og:title\" content=\"Ajalugu ja helisalvestused\" \/>\n<meta property=\"og:description\" content=\"Viimased 50 saadetud hoiatust on salvestatud koos k\u00f5igi nende omadustega. Saate salvestada kuni 200 helisalvestist, mis salvestatakse nutitelefoni allalaadimiste kausta. Iga salvestis on ajastatud ja seda saab kuulata, \u00fcmber nimetada v\u00f5i kustutada.\" \/>\n<meta property=\"og:url\" content=\"https:\/\/www.dataslatitudes.com\/sosuniversal\/et\/ecran-principal\/mode-emploi-historique-enregistrement-audio\/\" \/>\n<meta property=\"og:site_name\" content=\"SOS Universal\" \/>\n<meta property=\"article:modified_time\" content=\"2025-07-21T16:04:04+00:00\" \/>\n<meta name=\"twitter:card\" content=\"summary_large_image\" \/>\n<meta name=\"twitter:label1\" content=\"Est. reading time\" \/>\n\t<meta name=\"twitter:data1\" content=\"2 minutit\" \/>\n<script type=\"application\/ld+json\" class=\"yoast-schema-graph\">{\"@context\":\"https:\/\/schema.org\",\"@graph\":[{\"@type\":\"WebPage\",\"@id\":\"https:\/\/www.dataslatitudes.com\/sosuniversal\/et\/ecran-principal\/mode-emploi-historique-enregistrement-audio\/\",\"url\":\"https:\/\/www.dataslatitudes.com\/sosuniversal\/et\/ecran-principal\/mode-emploi-historique-enregistrement-audio\/\",\"name\":\"Historique et enregistrements audios - SOS Universal\",\"isPartOf\":{\"@id\":\"https:\/\/www.dataslatitudes.com\/sosuniversal\/#website\"},\"primaryImageOfPage\":{\"@id\":\"https:\/\/www.dataslatitudes.com\/sosuniversal\/et\/ecran-principal\/mode-emploi-historique-enregistrement-audio\/#primaryimage\"},\"image\":{\"@id\":\"https:\/\/www.dataslatitudes.com\/sosuniversal\/et\/ecran-principal\/mode-emploi-historique-enregistrement-audio\/#primaryimage\"},\"thumbnailUrl\":\"http:\/\/www.dataslatitudes.com\/sosuniversal\/wp-content\/uploads\/2025\/07\/fr_historique_alerte_puce-459x1024.webp\",\"datePublished\":\"2025-06-13T07:09:52+00:00\",\"dateModified\":\"2025-07-21T16:04:04+00:00\",\"description\":\"Les 50 derni\u00e8res alertes \u00e9mises sont historis\u00e9es avec toutes leurs caract\u00e9ristiques. Vous pouvez conserver jusqu\u2019\u00e0 200 enregistrements audios qui sont stock\u00e9s dans le r\u00e9pertoire des t\u00e9l\u00e9chargements du smartphone. Chaque enregistrement est horodat\u00e9 et peut \u00eatre \u00e9cout\u00e9, renomm\u00e9 ou supprim\u00e9.\",\"breadcrumb\":{\"@id\":\"https:\/\/www.dataslatitudes.com\/sosuniversal\/et\/ecran-principal\/mode-emploi-historique-enregistrement-audio\/#breadcrumb\"},\"inLanguage\":\"et\",\"potentialAction\":[{\"@type\":\"ReadAction\",\"target\":[\"https:\/\/www.dataslatitudes.com\/sosuniversal\/et\/ecran-principal\/mode-emploi-historique-enregistrement-audio\/\"]}]},{\"@type\":\"ImageObject\",\"inLanguage\":\"et\",\"@id\":\"https:\/\/www.dataslatitudes.com\/sosuniversal\/et\/ecran-principal\/mode-emploi-historique-enregistrement-audio\/#primaryimage\",\"url\":\"http:\/\/www.dataslatitudes.com\/sosuniversal\/wp-content\/uploads\/2025\/07\/fr_historique_alerte_puce-459x1024.webp\",\"contentUrl\":\"http:\/\/www.dataslatitudes.com\/sosuniversal\/wp-content\/uploads\/2025\/07\/fr_historique_alerte_puce-459x1024.webp\"},{\"@type\":\"BreadcrumbList\",\"@id\":\"https:\/\/www.dataslatitudes.com\/sosuniversal\/et\/ecran-principal\/mode-emploi-historique-enregistrement-audio\/#breadcrumb\",\"itemListElement\":[{\"@type\":\"ListItem\",\"position\":1,\"name\":\"Esitlus\",\"item\":\"https:\/\/www.dataslatitudes.com\/sosuniversal\/fr\/\"},{\"@type\":\"ListItem\",\"position\":2,\"name\":\"Avakuva\",\"item\":\"https:\/\/www.dataslatitudes.com\/sosuniversal\/ecran-principal\/\"},{\"@type\":\"ListItem\",\"position\":3,\"name\":\"Ajalugu ja helisalvestused\"}]},{\"@type\":\"WebSite\",\"@id\":\"https:\/\/www.dataslatitudes.com\/sosuniversal\/et\/#website\",\"url\":\"https:\/\/www.dataslatitudes.com\/sosuniversal\/et\/\",\"name\":\"SOS Universal\",\"description\":\"\",\"publisher\":{\"@id\":\"https:\/\/www.dataslatitudes.com\/sosuniversal\/et\/#organization\"},\"potentialAction\":[{\"@type\":\"SearchAction\",\"target\":{\"@type\":\"EntryPoint\",\"urlTemplate\":\"https:\/\/www.dataslatitudes.com\/sosuniversal\/et\/?s={search_term_string}\"},\"query-input\":{\"@type\":\"PropertyValueSpecification\",\"valueRequired\":true,\"valueName\":\"search_term_string\"}}],\"inLanguage\":\"et\"},{\"@type\":\"Organization\",\"@id\":\"https:\/\/www.dataslatitudes.com\/sosuniversal\/et\/#organization\",\"name\":\"DATASLATITUDES\",\"url\":\"https:\/\/www.dataslatitudes.com\/sosuniversal\/et\/\",\"logo\":{\"@type\":\"ImageObject\",\"inLanguage\":\"et\",\"@id\":\"https:\/\/www.dataslatitudes.com\/sosuniversal\/et\/#\/schema\/logo\/image\/\",\"url\":\"https:\/\/www.dataslatitudes.com\/sosuniversal\/wp-content\/uploads\/2025\/07\/logo_mrdv.png\",\"contentUrl\":\"https:\/\/www.dataslatitudes.com\/sosuniversal\/wp-content\/uploads\/2025\/07\/logo_mrdv.png\",\"width\":72,\"height\":72,\"caption\":\"DATASLATITUDES\"},\"image\":{\"@id\":\"https:\/\/www.dataslatitudes.com\/sosuniversal\/et\/#\/schema\/logo\/image\/\"}}]}<\/script>\n<!-- \/ Yoast SEO plugin. -->","yoast_head_json":{"title":"Ajalugu ja helisalvestused","description":"Viimased 50 saadetud hoiatust on salvestatud koos k\u00f5igi nende omadustega. Saate salvestada kuni 200 helisalvestist, mis salvestatakse nutitelefoni allalaadimiste kausta. Iga salvestis on ajastatud ja seda saab kuulata, \u00fcmber nimetada v\u00f5i kustutada.","robots":{"index":"index","follow":"follow","max-snippet":"max-snippet:-1","max-image-preview":"max-image-preview:large","max-video-preview":"max-video-preview:-1"},"canonical":"HOIATUSTE AJALUGU Viimased 50 saadetud hoiatust on salvestatud koos k\u00f5igi nende omadustega (1) Soovitud kontakti ees- ja perekonnanimi(2) Hoiatuse k\u00e4ivitamise kuup\u00e4ev ja kellaaeg(3) Piktogrammid, mis kokkuv\u00f5tlikult kirjeldavad hoiatuse sisu (n\u00e4ites: telefonik\u00f5ne, SMS-i saatmine geograafilise asukoha ja aadressiga, helisalvestus ja helisignaal)(4) Kasutatud hoiatuse re\u017eiim koos parameetritega(5) Kogu hoiatuste ajaloo kustutamine Kuup\u00e4ev on esitatud vormingus AAAA-KK-PP (rahvusvaheline&hellip;","og_locale":"et_EE","og_type":"article","og_title":"Ajalugu ja helisalvestused","og_description":"Viimased 50 saadetud hoiatust on salvestatud koos k\u00f5igi nende omadustega. Saate salvestada kuni 200 helisalvestist, mis salvestatakse nutitelefoni allalaadimiste kausta. Iga salvestis on ajastatud ja seda saab kuulata, \u00fcmber nimetada v\u00f5i kustutada.","og_url":"https:\/\/www.dataslatitudes.com\/sosuniversal\/et\/ecran-principal\/mode-emploi-historique-enregistrement-audio\/","og_site_name":"SOS Universal","article_modified_time":"2025-07-21T16:04:04+00:00","twitter_card":"summary_large_image","twitter_misc":{"Est. reading time":"2 minutit"},"schema":{"@context":"https:\/\/schema.org","@graph":[{"@type":"WebPage","@id":"https:\/\/www.dataslatitudes.com\/sosuniversal\/et\/ecran-principal\/mode-emploi-historique-enregistrement-audio\/","url":"https:\/\/www.dataslatitudes.com\/sosuniversal\/et\/ecran-principal\/mode-emploi-historique-enregistrement-audio\/","name":"Historique et enregistrements audios - SOS Universal","isPartOf":{"@id":"https:\/\/www.dataslatitudes.com\/sosuniversal\/#website"},"primaryImageOfPage":{"@id":"https:\/\/www.dataslatitudes.com\/sosuniversal\/et\/ecran-principal\/mode-emploi-historique-enregistrement-audio\/#primaryimage"},"image":{"@id":"https:\/\/www.dataslatitudes.com\/sosuniversal\/et\/ecran-principal\/mode-emploi-historique-enregistrement-audio\/#primaryimage"},"thumbnailUrl":"http:\/\/www.dataslatitudes.com\/sosuniversal\/wp-content\/uploads\/2025\/07\/fr_historique_alerte_puce-459x1024.webp","datePublished":"2025-06-13T07:09:52+00:00","dateModified":"2025-07-21T16:04:04+00:00","description":"Les 50 derni\u00e8res alertes \u00e9mises sont historis\u00e9es avec toutes leurs caract\u00e9ristiques. Vous pouvez conserver jusqu\u2019\u00e0 200 enregistrements audios qui sont stock\u00e9s dans le r\u00e9pertoire des t\u00e9l\u00e9chargements du smartphone. Chaque enregistrement est horodat\u00e9 et peut \u00eatre \u00e9cout\u00e9, renomm\u00e9 ou supprim\u00e9.","breadcrumb":{"@id":"https:\/\/www.dataslatitudes.com\/sosuniversal\/et\/ecran-principal\/mode-emploi-historique-enregistrement-audio\/#breadcrumb"},"inLanguage":"et","potentialAction":[{"@type":"ReadAction","target":["https:\/\/www.dataslatitudes.com\/sosuniversal\/et\/ecran-principal\/mode-emploi-historique-enregistrement-audio\/"]}]},{"@type":"ImageObject","inLanguage":"et","@id":"https:\/\/www.dataslatitudes.com\/sosuniversal\/et\/ecran-principal\/mode-emploi-historique-enregistrement-audio\/#primaryimage","url":"http:\/\/www.dataslatitudes.com\/sosuniversal\/wp-content\/uploads\/2025\/07\/fr_historique_alerte_puce-459x1024.webp","contentUrl":"http:\/\/www.dataslatitudes.com\/sosuniversal\/wp-content\/uploads\/2025\/07\/fr_historique_alerte_puce-459x1024.webp"},{"@type":"BreadcrumbList","@id":"https:\/\/www.dataslatitudes.com\/sosuniversal\/et\/ecran-principal\/mode-emploi-historique-enregistrement-audio\/#breadcrumb","itemListElement":[{"@type":"ListItem","position":1,"name":"Esitlus","item":"https:\/\/www.dataslatitudes.com\/sosuniversal\/fr\/"},{"@type":"ListItem","position":2,"name":"Avakuva","item":"https:\/\/www.dataslatitudes.com\/sosuniversal\/ecran-principal\/"},{"@type":"ListItem","position":3,"name":"Ajalugu ja helisalvestused"}]},{"@type":"WebSite","@id":"https:\/\/www.dataslatitudes.com\/sosuniversal\/et\/#website","url":"https:\/\/www.dataslatitudes.com\/sosuniversal\/et\/","name":"SOS Universal","description":"","publisher":{"@id":"https:\/\/www.dataslatitudes.com\/sosuniversal\/et\/#organization"},"potentialAction":[{"@type":"SearchAction","target":{"@type":"EntryPoint","urlTemplate":"https:\/\/www.dataslatitudes.com\/sosuniversal\/et\/?s={search_term_string}"},"query-input":{"@type":"PropertyValueSpecification","valueRequired":true,"valueName":"search_term_string"}}],"inLanguage":"et"},{"@type":"Organization","@id":"https:\/\/www.dataslatitudes.com\/sosuniversal\/et\/#organization","name":"DATASLATITUDES","url":"https:\/\/www.dataslatitudes.com\/sosuniversal\/et\/","logo":{"@type":"ImageObject","inLanguage":"et","@id":"https:\/\/www.dataslatitudes.com\/sosuniversal\/et\/#\/schema\/logo\/image\/","url":"https:\/\/www.dataslatitudes.com\/sosuniversal\/wp-content\/uploads\/2025\/07\/logo_mrdv.png","contentUrl":"https:\/\/www.dataslatitudes.com\/sosuniversal\/wp-content\/uploads\/2025\/07\/logo_mrdv.png","width":72,"height":72,"caption":"DATASLATITUDES"},"image":{"@id":"https:\/\/www.dataslatitudes.com\/sosuniversal\/et\/#\/schema\/logo\/image\/"}}]}},"_links":{"self":[{"href":"https:\/\/www.dataslatitudes.com\/sosuniversal\/et\/wp-json\/wp\/v2\/pages\/246","targetHints":{"allow":["GET"]}}],"collection":[{"href":"https:\/\/www.dataslatitudes.com\/sosuniversal\/et\/wp-json\/wp\/v2\/pages"}],"about":[{"href":"https:\/\/www.dataslatitudes.com\/sosuniversal\/et\/wp-json\/wp\/v2\/types\/page"}],"author":[{"embeddable":true,"href":"https:\/\/www.dataslatitudes.com\/sosuniversal\/et\/wp-json\/wp\/v2\/users\/1"}],"replies":[{"embeddable":true,"href":"https:\/\/www.dataslatitudes.com\/sosuniversal\/et\/wp-json\/wp\/v2\/comments?post=246"}],"version-history":[{"count":24,"href":"https:\/\/www.dataslatitudes.com\/sosuniversal\/et\/wp-json\/wp\/v2\/pages\/246\/revisions"}],"predecessor-version":[{"id":1054,"href":"https:\/\/www.dataslatitudes.com\/sosuniversal\/et\/wp-json\/wp\/v2\/pages\/246\/revisions\/1054"}],"up":[{"embeddable":true,"href":"https:\/\/www.dataslatitudes.com\/sosuniversal\/et\/wp-json\/wp\/v2\/pages\/14"}],"wp:attachment":[{"href":"https:\/\/www.dataslatitudes.com\/sosuniversal\/et\/wp-json\/wp\/v2\/media?parent=246"}],"curies":[{"name":"wp","href":"https:\/\/api.w.org\/{rel}","templated":true}]}}