{"id":185,"date":"2025-06-12T17:24:48","date_gmt":"2025-06-12T17:24:48","guid":{"rendered":"https:\/\/www.dataslatitudes.com\/sosuniversal\/index.php\/politique-de-confidentialite\/"},"modified":"2025-08-14T10:02:03","modified_gmt":"2025-08-14T10:02:03","slug":"mentions-legales","status":"publish","type":"page","link":"https:\/\/www.dataslatitudes.com\/sosuniversal\/et\/mentions-legales\/","title":{"rendered":"Juriidilised m\u00e4rkused"},"content":{"rendered":"\r\n<p class=\"has-small-font-size\"><\/p>\r\n\r\n\r\n\r\n<h1 class=\"wp-block-heading has-text-align-center has-medium-font-size\"><strong>JURIIDILISED M\u00c4RKUSED<\/strong><\/h1>\r\n\r\n\r\n\r\n<h2 class=\"wp-block-heading has-background\" style=\"background-color:#f9f3eb;margin-top:var(--wp--preset--spacing--20);margin-bottom:var(--wp--preset--spacing--20);padding-top:var(--wp--preset--spacing--30);padding-bottom:var(--wp--preset--spacing--30);font-size:1.2rem\">1. Teave rakenduse v\u00e4ljaandja kohta<\/h2>\r\n\r\n\r\n\r\n<p style=\"margin-top:0;margin-bottom:0;font-size:1rem\">K\u00e4esolev veebisait ja mobiilirakendus SOS Universal on v\u00e4lja antud ettev\u00f5tte DATASLATITUDES poolt.<\/p>\r\n\r\n\r\n\r\n<p style=\"font-size:1rem\">Abi saamiseks v\u00f5ite p\u00f6\u00f6rduda j\u00e4rgmisele e-posti aadressile: <strong>hotline.sos_universal@dataslatitudes.com<\/strong><\/p>\r\n\r\n\r\n\r\n<h2 class=\"wp-block-heading has-background\" style=\"background-color:#f9f3eb;margin-top:var(--wp--preset--spacing--20);margin-bottom:var(--wp--preset--spacing--20);padding-top:var(--wp--preset--spacing--30);padding-bottom:var(--wp--preset--spacing--30);font-size:1.2rem\">2. Majutus<\/h2>\r\n\r\n\r\n\r\n<p style=\"margin-top:0;margin-bottom:0\">SOS Universal on mobiilirakendus, mida levitatakse allalaadimisplatvormide (Google Play Store ja peagi App Store) kaudu. On t\u00e4psustatud, et kasutaja andmed salvestatakse eranditult kohapeal tema enda seadmesse.<\/p>\r\n\r\n\r\n\r\n<p style=\"margin-top:0;margin-bottom:0;padding-top:0;padding-bottom:0\">Jaotusplatvormide serverid majutavad omakorda rakenduse installifailid.<\/p>\r\n\r\n\r\n\r\n<ul style=\"margin-top:0;margin-bottom:0\" class=\"wp-block-list\">\r\n<li style=\"margin-top:0;margin-bottom:0;padding-top:var(--wp--preset--spacing--20);padding-bottom:var(--wp--preset--spacing--20)\">Mobiilirakenduse majutajad:\r\n<ul class=\"wp-block-list\">\r\n<li style=\"margin-top:0;margin-bottom:0\"><strong>Androidi jaoks: <\/strong>Google LLC, 1600 Amphitheatre Parkway, Mountain View, CA 94043, USA<\/li>\r\n\r\n\r\n\r\n<li><strong>iOS-i jaoks: <\/strong>Apple Inc., One Apple Park Way, Cupertino, CA 95014, USA<\/li>\r\n<\/ul>\r\n<\/li>\r\n\r\n\r\n\r\n<li>K\u00e4esoleva veebisaidi majutaja: <strong>AlwaysData<\/strong>, 91 Rue du Faubourg Saint-Honor\u00e9, 75008 Paris<\/li>\r\n<\/ul>\r\n\r\n\r\n\r\n<p class=\"has-small-font-size\"><\/p>\r\n\r\n\r\n\r\n<h2 class=\"wp-block-heading has-background\" style=\"background-color:#f9f3eb;margin-top:var(--wp--preset--spacing--20);margin-bottom:var(--wp--preset--spacing--20);padding-top:var(--wp--preset--spacing--30);padding-bottom:var(--wp--preset--spacing--30);font-size:1.2rem\">3. Intellektuaalomand<\/h2>\r\n\r\n\r\n\r\n<p style=\"margin-top:0;margin-bottom:0\">See veebisait ja kogu SOS Universal rakendus, sealhulgas struktuur, liidesed, l\u00e4htekood, graafiline disain, ikoonid, tekstid, pildid ja muu sisu, on v\u00e4ljaandja DATASLATITUDES ainus omand.<\/p>\r\n\r\n\r\n\r\n<p style=\"margin-top:var(--wp--preset--spacing--30);margin-bottom:var(--wp--preset--spacing--30)\">Rakenduse v\u00f5i selle sisu v\u00f5i veebisaidi igasugune reprodutseerimine, esitamine, muutmine, avaldamine, edastamine v\u00f5i moonutamine, kas osaliselt v\u00f5i t\u00e4ielikult, mis tahes viisil ja mis tahes kandjal, on rangelt keelatud.<\/p>\r\n\r\n\r\n\r\n<p>Veebisaidi, rakenduse v\u00f5i selle mis tahes komponendi volitamata kasutamine loetakse autori\u00f5iguste rikkumiseks ja selle eest on ette n\u00e4htud kriminaalvastutus.<\/p>\r\n\r\n\r\n\r\n<h2 class=\"wp-block-heading has-background\" style=\"background-color:#f9f3eb;margin-top:var(--wp--preset--spacing--20);margin-bottom:var(--wp--preset--spacing--20);padding-top:var(--wp--preset--spacing--30);padding-bottom:var(--wp--preset--spacing--30);font-size:1.2rem\">4. V\u00e4lised lingid<\/h2>\r\n\r\n\r\n\r\n<p style=\"margin-top:0;margin-bottom:0\">Rakendus v\u00f5ib sisaldada h\u00fcperlinke kolmandate osapoolte veebisaitidele v\u00f5i teenustele, eriti GoogleMapsile (v\u00f5i OpenStreetMapile), geolokatsiooni p\u00f5hjustel. V\u00e4ljaandja ei saa vastutada nende kolmandate osapoolte veebisaitide sisu v\u00f5i nende kohaldatavate privaatsuspraktikate eest. Kasutajal palutakse tutvuda nende veebisaitide v\u00f5i teenuste \u00fcldtingimuste ja privaatsuspoliitikatega.<\/p>\r\n\r\n\r\n\r\n<p class=\"has-small-font-size\"><\/p>\r\n\r\n\r\n\r\n<h2 class=\"wp-block-heading has-background\" style=\"background-color:#f9f3eb;margin-top:var(--wp--preset--spacing--20);margin-bottom:var(--wp--preset--spacing--20);padding-top:var(--wp--preset--spacing--30);padding-bottom:var(--wp--preset--spacing--30);font-size:1.2rem\">5. Vastutus<\/h2>\r\n\r\n\r\n\r\n<p style=\"margin-top:0;margin-bottom:0\">V\u00e4ljaandja p\u00fc\u00fcab tagada rakenduse teabe ja funktsioonide usaldusv\u00e4\u00e4rsuse ja t\u00e4psuse. Kuid v\u00e4ljaandja ei saa garanteerida, et rakendus on vigadeta, vigadeta v\u00f5i katkestusteta.<br><strong>Oluline teade: <\/strong>Rakendus SOS Universal on vaid abivahend. <strong>See ei asenda mingil juhul ametlikke h\u00e4daabiteenuseid. <\/strong>V\u00e4ljaandja ei vastuta rakenduse v\u00e4\u00e4rkasutuse v\u00f5i telekommunikatsiooniteenuste (mobiiliv\u00f5rk, SMS) rikke eest, mis ei ole tema kontrolli all.<\/p>\r\n\r\n\r\n\r\n<p class=\"has-small-font-size\"><\/p>\r\n\r\n\r\n\r\n<h2 class=\"wp-block-heading has-background\" style=\"background-color:#f9f3eb;margin-top:var(--wp--preset--spacing--20);margin-bottom:var(--wp--preset--spacing--20);padding-top:var(--wp--preset--spacing--30);padding-bottom:var(--wp--preset--spacing--30);font-size:1.2rem\">6. Autorid (k\u00e4esoleva veebisaidi ja SOS Universal rakenduse kohta)<\/h2>\r\n\r\n\r\n\r\n<ul style=\"margin-top:0;margin-bottom:0;padding-top:0;padding-bottom:0\" class=\"wp-block-list\">\r\n<li style=\"margin-top:0;margin-bottom:0;padding-top:0;padding-bottom:0\"><strong>Uuring ja disain: <\/strong>DATASLATITUDES<\/li>\r\n\r\n\r\n\r\n<li><strong>Arendus: <\/strong>DATASLATITUDES<\/li>\r\n<\/ul>\r\n\r\n\r\n\r\n<p class=\"has-medium-font-size\"><\/p>\r\n\r\n\r\n\r\n<p class=\"has-medium-font-size\"><\/p>\r\n","protected":false},"excerpt":{"rendered":"<p>JURIIDILISED M\u00c4RKUSED 1. Teave rakenduse v\u00e4ljaandja kohta K\u00e4esolev veebisait ja mobiilirakendus SOS Universal on v\u00e4lja antud ettev\u00f5tte DATASLATITUDES poolt. Abi [&hellip;]<\/p>\n","protected":false},"author":1,"featured_media":0,"parent":0,"menu_order":5,"comment_status":"closed","ping_status":"closed","template":"","meta":{"site-sidebar-layout":"default","site-content-layout":"","ast-site-content-layout":"default","site-content-style":"default","site-sidebar-style":"default","ast-global-header-display":"","ast-banner-title-visibility":"","ast-main-header-display":"","ast-hfb-above-header-display":"","ast-hfb-below-header-display":"","ast-hfb-mobile-header-display":"","site-post-title":"disabled","ast-breadcrumbs-content":"","ast-featured-img":"","footer-sml-layout":"","theme-transparent-header-meta":"","adv-header-id-meta":"","stick-header-meta":"","header-above-stick-meta":"","header-main-stick-meta":"","header-below-stick-meta":"","astra-migrate-meta-layouts":"default","ast-page-background-enabled":"default","ast-page-background-meta":{"desktop":{"background-color":"var(--ast-global-color-5)","background-image":"","background-repeat":"repeat","background-position":"center center","background-size":"auto","background-attachment":"scroll","background-type":"","background-media":"","overlay-type":"","overlay-color":"","overlay-opacity":"","overlay-gradient":""},"tablet":{"background-color":"","background-image":"","background-repeat":"repeat","background-position":"center center","background-size":"auto","background-attachment":"scroll","background-type":"","background-media":"","overlay-type":"","overlay-color":"","overlay-opacity":"","overlay-gradient":""},"mobile":{"background-color":"","background-image":"","background-repeat":"repeat","background-position":"center center","background-size":"auto","background-attachment":"scroll","background-type":"","background-media":"","overlay-type":"","overlay-color":"","overlay-opacity":"","overlay-gradient":""}},"ast-content-background-meta":{"desktop":{"background-color":"var(--ast-global-color-4)","background-image":"","background-repeat":"repeat","background-position":"center center","background-size":"auto","background-attachment":"scroll","background-type":"","background-media":"","overlay-type":"","overlay-color":"","overlay-opacity":"","overlay-gradient":""},"tablet":{"background-color":"var(--ast-global-color-4)","background-image":"","background-repeat":"repeat","background-position":"center center","background-size":"auto","background-attachment":"scroll","background-type":"","background-media":"","overlay-type":"","overlay-color":"","overlay-opacity":"","overlay-gradient":""},"mobile":{"background-color":"var(--ast-global-color-4)","background-image":"","background-repeat":"repeat","background-position":"center center","background-size":"auto","background-attachment":"scroll","background-type":"","background-media":"","overlay-type":"","overlay-color":"","overlay-opacity":"","overlay-gradient":""}},"footnotes":""},"class_list":["post-185","page","type-page","status-publish","hentry"],"yoast_head":"<!-- This site is optimized with the Yoast SEO plugin v25.6 - https:\/\/yoast.com\/wordpress\/plugins\/seo\/ -->\n<title>Juriidilised m\u00e4rkused<\/title>\n<meta name=\"description\" content=\"K\u00e4esolevad juriidilised m\u00e4rkused v\u00f5tavad kokku v\u00e4ljaandja kohta k\u00e4iva teabe, majutuse, intellektuaalomandi, v\u00e4liste linkide, vastutuse ja DATASLATITUDESi (k\u00e4esoleva veebisaidi ja SOS Universal rakenduse kohta) krediitidega seotud aspektid.\" \/>\n<meta name=\"robots\" content=\"index, follow, max-snippet:-1, max-image-preview:large, max-video-preview:-1\" \/>\n<link rel=\"canonical\" href=\"\" \/>\n<meta property=\"og:locale\" content=\"et_EE\" \/>\n<meta property=\"og:type\" content=\"article\" \/>\n<meta property=\"og:title\" content=\"Juriidilised m\u00e4rkused\" \/>\n<meta property=\"og:description\" content=\"K\u00e4esolevad juriidilised m\u00e4rkused v\u00f5tavad kokku v\u00e4ljaandja kohta k\u00e4iva teabe, majutuse, intellektuaalomandi, v\u00e4liste linkide, vastutuse ja DATASLATITUDESi (k\u00e4esoleva veebisaidi ja SOS Universal rakenduse kohta) krediitidega seotud aspektid.\" \/>\n<meta property=\"og:url\" content=\"https:\/\/www.dataslatitudes.com\/sosuniversal\/et\/mentions-legales\/\" \/>\n<meta property=\"og:site_name\" content=\"SOS Universal\" \/>\n<meta property=\"article:modified_time\" content=\"2025-08-14T10:02:03+00:00\" \/>\n<meta name=\"twitter:card\" content=\"summary_large_image\" \/>\n<meta name=\"twitter:label1\" content=\"Est. reading time\" \/>\n\t<meta name=\"twitter:data1\" content=\"3 minutit\" \/>\n<script type=\"application\/ld+json\" class=\"yoast-schema-graph\">{\"@context\":\"https:\/\/schema.org\",\"@graph\":[{\"@type\":\"WebPage\",\"@id\":\"https:\/\/www.dataslatitudes.com\/sosuniversal\/et\/mentions-legales\/\",\"url\":\"https:\/\/www.dataslatitudes.com\/sosuniversal\/et\/mentions-legales\/\",\"name\":\"Mentions l\u00e9gales - SOS Universal\",\"isPartOf\":{\"@id\":\"https:\/\/www.dataslatitudes.com\/sosuniversal\/#website\"},\"datePublished\":\"2025-06-12T17:24:48+00:00\",\"dateModified\":\"2025-08-14T10:02:03+00:00\",\"description\":\"Les pr\u00e9sentes mentions l\u00e9gales r\u00e9capitulent les aspects relatifs aux informations sur l\u2019\u00e9diteur de l\u2019application, l'h\u00e9bergement, la propri\u00e9t\u00e9 Intellectuelle, les liens externes, la responsabilit\u00e9 et les cr\u00e9dits de DATASLATITUDES (pour le pr\u00e9sent site Web et l\u2019application SOS Universal).\",\"breadcrumb\":{\"@id\":\"https:\/\/www.dataslatitudes.com\/sosuniversal\/et\/mentions-legales\/#breadcrumb\"},\"inLanguage\":\"et\",\"potentialAction\":[{\"@type\":\"ReadAction\",\"target\":[\"https:\/\/www.dataslatitudes.com\/sosuniversal\/et\/mentions-legales\/\"]}]},{\"@type\":\"BreadcrumbList\",\"@id\":\"https:\/\/www.dataslatitudes.com\/sosuniversal\/et\/mentions-legales\/#breadcrumb\",\"itemListElement\":[{\"@type\":\"ListItem\",\"position\":1,\"name\":\"Esitlus\",\"item\":\"https:\/\/www.dataslatitudes.com\/sosuniversal\/fr\/\"},{\"@type\":\"ListItem\",\"position\":2,\"name\":\"Juriidilised m\u00e4rkused\"}]},{\"@type\":\"WebSite\",\"@id\":\"https:\/\/www.dataslatitudes.com\/sosuniversal\/et\/#website\",\"url\":\"https:\/\/www.dataslatitudes.com\/sosuniversal\/et\/\",\"name\":\"SOS Universal\",\"description\":\"\",\"publisher\":{\"@id\":\"https:\/\/www.dataslatitudes.com\/sosuniversal\/et\/#organization\"},\"potentialAction\":[{\"@type\":\"SearchAction\",\"target\":{\"@type\":\"EntryPoint\",\"urlTemplate\":\"https:\/\/www.dataslatitudes.com\/sosuniversal\/et\/?s={search_term_string}\"},\"query-input\":{\"@type\":\"PropertyValueSpecification\",\"valueRequired\":true,\"valueName\":\"search_term_string\"}}],\"inLanguage\":\"et\"},{\"@type\":\"Organization\",\"@id\":\"https:\/\/www.dataslatitudes.com\/sosuniversal\/et\/#organization\",\"name\":\"DATASLATITUDES\",\"url\":\"https:\/\/www.dataslatitudes.com\/sosuniversal\/et\/\",\"logo\":{\"@type\":\"ImageObject\",\"inLanguage\":\"et\",\"@id\":\"https:\/\/www.dataslatitudes.com\/sosuniversal\/et\/#\/schema\/logo\/image\/\",\"url\":\"https:\/\/www.dataslatitudes.com\/sosuniversal\/wp-content\/uploads\/2025\/07\/logo_mrdv.png\",\"contentUrl\":\"https:\/\/www.dataslatitudes.com\/sosuniversal\/wp-content\/uploads\/2025\/07\/logo_mrdv.png\",\"width\":72,\"height\":72,\"caption\":\"DATASLATITUDES\"},\"image\":{\"@id\":\"https:\/\/www.dataslatitudes.com\/sosuniversal\/et\/#\/schema\/logo\/image\/\"}}]}<\/script>\n<!-- \/ Yoast SEO plugin. -->","yoast_head_json":{"title":"Juriidilised m\u00e4rkused","description":"K\u00e4esolevad juriidilised m\u00e4rkused v\u00f5tavad kokku v\u00e4ljaandja kohta k\u00e4iva teabe, majutuse, intellektuaalomandi, v\u00e4liste linkide, vastutuse ja DATASLATITUDESi (k\u00e4esoleva veebisaidi ja SOS Universal rakenduse kohta) krediitidega seotud aspektid.","robots":{"index":"index","follow":"follow","max-snippet":"max-snippet:-1","max-image-preview":"max-image-preview:large","max-video-preview":"max-video-preview:-1"},"canonical":"JURIIDILISED M\u00c4RKUSED 1. Teave rakenduse v\u00e4ljaandja kohta K\u00e4esolev veebisait ja mobiilirakendus SOS Universal on v\u00e4lja antud ettev\u00f5tte DATASLATITUDES poolt. Abi saamiseks v\u00f5ite p\u00f6\u00f6rduda j\u00e4rgmisele e-posti aadressile: hotline.sos_universal@dataslatitudes.com 2. Majutus SOS Universal on mobiilirakendus, mida levitatakse allalaadimisplatvormide (Google Play Store ja peagi App Store) kaudu. On t\u00e4psustatud, et kasutaja andmed salvestatakse eranditult kohapeal tema enda seadmesse.&hellip;","og_locale":"et_EE","og_type":"article","og_title":"Juriidilised m\u00e4rkused","og_description":"K\u00e4esolevad juriidilised m\u00e4rkused v\u00f5tavad kokku v\u00e4ljaandja kohta k\u00e4iva teabe, majutuse, intellektuaalomandi, v\u00e4liste linkide, vastutuse ja DATASLATITUDESi (k\u00e4esoleva veebisaidi ja SOS Universal rakenduse kohta) krediitidega seotud aspektid.","og_url":"https:\/\/www.dataslatitudes.com\/sosuniversal\/et\/mentions-legales\/","og_site_name":"SOS Universal","article_modified_time":"2025-08-14T10:02:03+00:00","twitter_card":"summary_large_image","twitter_misc":{"Est. reading time":"3 minutit"},"schema":{"@context":"https:\/\/schema.org","@graph":[{"@type":"WebPage","@id":"https:\/\/www.dataslatitudes.com\/sosuniversal\/et\/mentions-legales\/","url":"https:\/\/www.dataslatitudes.com\/sosuniversal\/et\/mentions-legales\/","name":"Mentions l\u00e9gales - SOS Universal","isPartOf":{"@id":"https:\/\/www.dataslatitudes.com\/sosuniversal\/#website"},"datePublished":"2025-06-12T17:24:48+00:00","dateModified":"2025-08-14T10:02:03+00:00","description":"Les pr\u00e9sentes mentions l\u00e9gales r\u00e9capitulent les aspects relatifs aux informations sur l\u2019\u00e9diteur de l\u2019application, l'h\u00e9bergement, la propri\u00e9t\u00e9 Intellectuelle, les liens externes, la responsabilit\u00e9 et les cr\u00e9dits de DATASLATITUDES (pour le pr\u00e9sent site Web et l\u2019application SOS Universal).","breadcrumb":{"@id":"https:\/\/www.dataslatitudes.com\/sosuniversal\/et\/mentions-legales\/#breadcrumb"},"inLanguage":"et","potentialAction":[{"@type":"ReadAction","target":["https:\/\/www.dataslatitudes.com\/sosuniversal\/et\/mentions-legales\/"]}]},{"@type":"BreadcrumbList","@id":"https:\/\/www.dataslatitudes.com\/sosuniversal\/et\/mentions-legales\/#breadcrumb","itemListElement":[{"@type":"ListItem","position":1,"name":"Esitlus","item":"https:\/\/www.dataslatitudes.com\/sosuniversal\/fr\/"},{"@type":"ListItem","position":2,"name":"Juriidilised m\u00e4rkused"}]},{"@type":"WebSite","@id":"https:\/\/www.dataslatitudes.com\/sosuniversal\/et\/#website","url":"https:\/\/www.dataslatitudes.com\/sosuniversal\/et\/","name":"SOS Universal","description":"","publisher":{"@id":"https:\/\/www.dataslatitudes.com\/sosuniversal\/et\/#organization"},"potentialAction":[{"@type":"SearchAction","target":{"@type":"EntryPoint","urlTemplate":"https:\/\/www.dataslatitudes.com\/sosuniversal\/et\/?s={search_term_string}"},"query-input":{"@type":"PropertyValueSpecification","valueRequired":true,"valueName":"search_term_string"}}],"inLanguage":"et"},{"@type":"Organization","@id":"https:\/\/www.dataslatitudes.com\/sosuniversal\/et\/#organization","name":"DATASLATITUDES","url":"https:\/\/www.dataslatitudes.com\/sosuniversal\/et\/","logo":{"@type":"ImageObject","inLanguage":"et","@id":"https:\/\/www.dataslatitudes.com\/sosuniversal\/et\/#\/schema\/logo\/image\/","url":"https:\/\/www.dataslatitudes.com\/sosuniversal\/wp-content\/uploads\/2025\/07\/logo_mrdv.png","contentUrl":"https:\/\/www.dataslatitudes.com\/sosuniversal\/wp-content\/uploads\/2025\/07\/logo_mrdv.png","width":72,"height":72,"caption":"DATASLATITUDES"},"image":{"@id":"https:\/\/www.dataslatitudes.com\/sosuniversal\/et\/#\/schema\/logo\/image\/"}}]}},"_links":{"self":[{"href":"https:\/\/www.dataslatitudes.com\/sosuniversal\/et\/wp-json\/wp\/v2\/pages\/185","targetHints":{"allow":["GET"]}}],"collection":[{"href":"https:\/\/www.dataslatitudes.com\/sosuniversal\/et\/wp-json\/wp\/v2\/pages"}],"about":[{"href":"https:\/\/www.dataslatitudes.com\/sosuniversal\/et\/wp-json\/wp\/v2\/types\/page"}],"author":[{"embeddable":true,"href":"https:\/\/www.dataslatitudes.com\/sosuniversal\/et\/wp-json\/wp\/v2\/users\/1"}],"replies":[{"embeddable":true,"href":"https:\/\/www.dataslatitudes.com\/sosuniversal\/et\/wp-json\/wp\/v2\/comments?post=185"}],"version-history":[{"count":29,"href":"https:\/\/www.dataslatitudes.com\/sosuniversal\/et\/wp-json\/wp\/v2\/pages\/185\/revisions"}],"predecessor-version":[{"id":2930,"href":"https:\/\/www.dataslatitudes.com\/sosuniversal\/et\/wp-json\/wp\/v2\/pages\/185\/revisions\/2930"}],"wp:attachment":[{"href":"https:\/\/www.dataslatitudes.com\/sosuniversal\/et\/wp-json\/wp\/v2\/media?parent=185"}],"curies":[{"name":"wp","href":"https:\/\/api.w.org\/{rel}","templated":true}]}}