{"id":127,"date":"2025-06-12T03:29:21","date_gmt":"2025-06-12T03:29:21","guid":{"rendered":"https:\/\/www.dataslatitudes.com\/sosuniversal\/?page_id=127"},"modified":"2025-07-13T07:26:58","modified_gmt":"2025-07-13T07:26:58","slug":"cas-dutilisation","status":"publish","type":"page","link":"https:\/\/www.dataslatitudes.com\/sosuniversal\/et\/cas-dutilisation\/","title":{"rendered":"Kasutusjuhtumid"},"content":{"rendered":"\r\n<p class=\"has-small-font-size\"><\/p>\r\n\r\n\r\n\r\n<h1 class=\"wp-block-heading has-text-align-center has-medium-font-size\"><strong>KASUTUSJUHTUMID<\/strong><\/h1>\r\n\r\n\r\n\r\n<p style=\"font-size:1rem\">Nutitelefoni rakendus, mis v\u00f5imaldab saata hoiatusi, abipalveid v\u00f5i lihtsalt oma praegust asukohta, v\u00f5ib osutuda paljudes olukordades \u00fclioluliseks, pakkudes meelerahu ja aidates kaasa kiirele abile. Siin on m\u00f5ned n\u00e4ited selle kasutusjuhtudest, liigitatud parema m\u00f5istmise huvides kategooriate kaupa.<\/p>\r\n\r\n\r\n\r\n<h2 class=\"wp-block-heading has-background\" style=\"background-color:#f9f3eb;margin-top:var(--wp--preset--spacing--30);margin-bottom:var(--wp--preset--spacing--30);padding-top:var(--wp--preset--spacing--20);padding-bottom:var(--wp--preset--spacing--20);font-size:1.2rem\">Isiklik turvalisus ja h\u00e4daolukorrad<\/h2>\r\n\r\n\r\n\r\n<ul class=\"wp-block-list\">\r\n<li style=\"font-size:1rem\"><strong>Naistevastane v\u00e4givald, LGBT-foobiline ja serofoobiline v\u00e4givald, rassistlik, ksenofoobiline v\u00f5i usulistel p\u00f5hjustel toimuv v\u00e4givald, puuetega inimeste vastane v\u00e4givald&nbsp;: <\/strong>f\u00fc\u00fcsilise v\u00f5i verbaalse r\u00fcnnaku korral v\u00f5imaldab rakendus diskreetselt k\u00e4ivitada \u00fche kl\u00f5psuga hoiatuse usaldusv\u00e4\u00e4rsetele kontaktidele, jagades GPS-positsiooni reaalajas. Samuti saab seadistada helisalvestuse, et see saaks kaebuse esitamisel t\u00f5endina kasutada.<\/li>\r\n\r\n\r\n\r\n<li style=\"font-size:1rem\"><strong>Eba\u00f5igete \u017eestide ohver \u00fchistranspordis (nt puudutamine metroos): <\/strong>ohver saab k\u00e4ivitada valju helisignaali (n\u00e4iteks politseisireen v\u00f5i inimese karje) ja helisalvestuse.<\/li>\r\n\r\n\r\n\r\n<li style=\"font-size:1rem\"><strong>R\u00fcnnak v\u00f5i otsene oht: <\/strong>f\u00fc\u00fcsilise r\u00fcnnaku, v\u00e4gistamiskatse, v\u00e4givaldse varguse v\u00f5i mis tahes olukorra korral, mis ohustab otseselt kasutaja f\u00fc\u00fcsilist terviklikkust, v\u00f5imaldab rakendus saata h\u00e4daabikontaktidele diskreetse ja kiire hoiatuse.<\/li>\r\n\r\n\r\n\r\n<li style=\"font-size:1rem\"><strong>Ahistamise v\u00f5i j\u00e4litamise olukord: <\/strong>rakendus v\u00f5imaldab diskreetselt hoiatada usaldusv\u00e4\u00e4rseid kontakte v\u00f5i ametiv\u00f5ime j\u00e4lgimise v\u00f5i ahistamise korral, v\u00f5imalusega salvestada t\u00f5endeid helisalvestusega.<\/li>\r\n\r\n\r\n\r\n<li style=\"font-size:1rem\"><strong>Koduv\u00e4givalla ohvrid: <\/strong>on v\u00f5imalik diskreetselt ja kiiresti abi paluda ohu korral, r\u00fcndajat hoiatamata.<\/li>\r\n<\/ul>\r\n\r\n\r\n\r\n<p style=\"font-size:1rem\">Eelnevates juhtumites v\u00f5ib diskreetset hoiatust t\u00e4iendada v\u00f5i asendada heliga hirmutamisega: k\u00f5rge intensiivsusega sireeni k\u00e4ivitamine v\u00f5i sissetuleva telefonik\u00f5ne simuleerimine t\u00e4helepanu hajutamiseks.<\/p>\r\n\r\n\r\n\r\n<ul class=\"wp-block-list\">\r\n<li style=\"font-size:1rem\"><strong>Meditsiiniline h\u00e4daolukord: <\/strong>krooniliste haiguste (s\u00fcdameatakk, raske astmahoog, epilepsia, rasked allergiad) v\u00f5i \u00f5nnetuse (kukkumine, vigastus) korral v\u00f5imaldab rakendus saata abipalve.<\/li>\r\n\r\n\r\n\r\n<li style=\"font-size:1rem\"><strong>Kadumine v\u00f5i eksimine: <\/strong>eriti kasulik lastele, kognitiivsete h\u00e4iretega eakatele v\u00f5i matkajatele, v\u00f5imaldab rakendus saata GPS-positsiooni reaalajas, h\u00f5lbustades otsinguid.<\/li>\r\n\r\n\r\n\r\n<li style=\"font-size:1rem\"><strong>Liiklus\u00f5nnetused: <\/strong>\u00f5nnetuse korral v\u00f5imaldab rakendus saata hoiatuse koos asukohaga.<\/li>\r\n\r\n\r\n\r\n<li style=\"font-size:1rem\"><strong>Looduskatastroofid: <\/strong>maav\u00e4rinate, \u00fcleujutuste, metsatulekahjude v\u00f5i muude katastroofide korral saab rakendust kasutada oma asukoha teatamiseks, abi palumiseks ja oma l\u00e4hedastele oma turvalisuse kohta teabe andmiseks.<\/li>\r\n<\/ul>\r\n\r\n\r\n\r\n<h2 class=\"wp-block-heading has-background\" style=\"background-color:#f9f3eb;margin-top:var(--wp--preset--spacing--30);margin-bottom:var(--wp--preset--spacing--30);padding-top:var(--wp--preset--spacing--20);padding-bottom:var(--wp--preset--spacing--20);font-size:1.2rem\">Igap\u00e4evaelu ja abi<\/h2>\r\n\r\n\r\n\r\n<ul class=\"wp-block-list\">\r\n<li style=\"font-size:1rem\"><strong>Eakad v\u00f5i puuetega inimesed: <\/strong>rakendust saab kasutada abipalve k\u00e4ivitamiseks.<\/li>\r\n\r\n\r\n\r\n<li style=\"font-size:1rem\"><strong>Lapsed ja noorukid: <\/strong>laste turvalisuse p\u00e4rast muretsevatele vanematele v\u00f5imaldab rakendus lastel saata diskreetse hoiatuse ohu korral, kui nad tunnevad end eksinuna v\u00f5i ahistamise olukorras (koos t\u00f5endite salvestamisega).<br>N\u00e4ide: teismeline peol, kes tunneb end ebamugavalt, on surve all v\u00f5i vajab j\u00e4rele tulemist, kuid ei saa otse r\u00e4\u00e4kida, v\u00f5ib saata diskreetse hoiatuse oma vanematele v\u00f5i usaldusv\u00e4\u00e4rsele t\u00e4iskasvanule.<\/li>\r\n\r\n\r\n\r\n<li style=\"font-size:1rem\"><strong>Mehaanilised probleemid v\u00f5i s\u00f5iduki rike: <\/strong>isolatsiooni v\u00f5i ohtlikul teel rikke korral v\u00f5imaldab rakendus saata hoiatuse autoabiteenustele v\u00f5i kontaktidele, et abi paluda.<\/li>\r\n\r\n\r\n\r\n<li style=\"font-size:1rem\"><strong>Sotsiaalne isolatsioon v\u00f5i ohutunne: <\/strong>inimene, kes tunneb end sotsiaalses olukorras haavatavana v\u00f5i ohustatuna (n\u00e4iteks kohtumisel v\u00f5\u00f5raga), saab rakendust kasutada, et diskreetselt s\u00f5pra hoiatada ja oma asukohta jagada.<\/li>\r\n\r\n\r\n\r\n<li style=\"font-size:1rem\"><strong>Ps\u00fchholoogiline tugi: <\/strong>\u00e4revuse v\u00f5i paanikahoogude all kannatavatele inimestele v\u00f5imaldab rakendus hoiatada usaldusv\u00e4\u00e4rset kontakti kohese toe saamiseks.<\/li>\r\n<\/ul>\r\n\r\n\r\n\r\n<h2 class=\"wp-block-heading has-background\" style=\"background-color:#f9f3eb;margin-top:var(--wp--preset--spacing--30);margin-bottom:var(--wp--preset--spacing--30);padding-top:var(--wp--preset--spacing--20);padding-bottom:var(--wp--preset--spacing--20);font-size:1.2rem\">T\u00f6\u00f6 ja t\u00f6\u00f6alased olukorrad<\/h2>\r\n\r\n\r\n\r\n<ul class=\"wp-block-list\">\r\n<li style=\"font-size:1rem\"><strong>\u00dcksi t\u00f6\u00f6tajad: <\/strong>riskikeskkondades \u00fcksi t\u00f6\u00f6tavatele spetsialistidele (turvat\u00f6\u00f6tajad, hooldustehnikud, taksojuhid, p\u00f5llumehed, austrikasvatajad) aitab rakendus \u00f5nnetuse v\u00f5i r\u00fcnnaku korral kiirelt abi saada.<\/li>\r\n\r\n\r\n\r\n<li style=\"font-size:1rem\"><strong>Tervishoiu- ja sotsiaalspetsialistid: <\/strong>arstid, \u00f5ed, sotsiaalt\u00f6\u00f6tajad v\u00f5i koduhooldust\u00f6\u00f6tajad, kes k\u00fclastavad riskir\u00fchma patsiente v\u00f5i kliente, saavad rakendust kasutada ohtliku olukorra teatamiseks v\u00f5i abi palumiseks.<\/li>\r\n\r\n\r\n\r\n<li style=\"font-size:1rem\"><strong>\u00d6\u00f6vahetuse personal: <\/strong>\u00f6\u00f6sel \u00fcksikutes kohtades (bensiinijaamad, supermarketid, hotellid) t\u00f6\u00f6tavatel t\u00f6\u00f6tajatel v\u00f5ib olla v\u00f5imalus kiiresti abi paluda varguse v\u00f5i r\u00fcnnaku korral.<\/li>\r\n\r\n\r\n\r\n<li style=\"font-size:1rem\"><strong>Ajakirjanikud ja reporterid riskipiirkondades: <\/strong>v\u00f5imalus teatada ohtlikust olukorrast v\u00f5i vahistamisest, edastades positsiooni ja kontekstuaalset teavet (telefonik\u00f5ne v\u00f5i SMS-i teel) h\u00e4daabikontaktidele.<\/li>\r\n<\/ul>\r\n\r\n\r\n\r\n<h2 class=\"wp-block-heading has-background\" style=\"background-color:#f9f3eb;margin-top:var(--wp--preset--spacing--30);margin-bottom:var(--wp--preset--spacing--30);padding-top:var(--wp--preset--spacing--20);padding-bottom:var(--wp--preset--spacing--20);font-size:1.2rem\">Vaba aeg ja v\u00e4litegevused<\/h2>\r\n\r\n\r\n\r\n<ul class=\"wp-block-list\">\r\n<li style=\"font-size:1rem\"><strong>Matkamine ja alpinism: <\/strong>kukkumise, vigastuse, orientiirikaotuse v\u00f5i ekstreemsete ilmastikutingimuste korral v\u00f5imaldab rakendus saata hoiatuse koos GPS-positsiooniga p\u00e4\u00e4stemeeskondadele v\u00f5i perekonnale.<\/li>\r\n\r\n\r\n\r\n<li style=\"font-size:1rem\"><strong>Veesport: <\/strong>n\u00e4iteks paadis\u00f5itjatele saab rakendust kasutada probleemi (\u00fcmberminek, mootoririke, vigastus) teatamiseks koos asukoha edastamisega.<\/li>\r\n\r\n\r\n\r\n<li style=\"font-size:1rem\"><strong>Jalgrattas\u00f5it ja jooksmine: <\/strong>kukkumise, vigastuse v\u00f5i halva enesetunde korral v\u00f5imaldab rakendus hoiatada eelnevalt m\u00e4\u00e4ratletud kontakte asukohaga.<\/li>\r\n\r\n\r\n\r\n<li style=\"font-size:1rem\"><strong>Reisid ja turism: <\/strong>reisijad, eriti need, kes uurivad tundmatuid v\u00f5i ohtlikke piirkondi, saavad rakendust kasutada oma l\u00e4hedaste v\u00f5i konsulaarteenuste hoiatamiseks probleemide korral (r\u00fcnnak, haigus, dokumentide vargus).<\/li>\r\n<\/ul>\r\n\r\n\r\n\r\n<p style=\"font-size:1rem\">Eelnevates juhtumites, eesm\u00e4rgiga teavitada n\u00e4iteks oma t\u00f6\u00f6- v\u00f5i pereringkonda, v\u00f5ib hoiatus piirduda ka ainult praeguse geograafilise asukoha saatmisega SMS-i teel. N\u00e4ide: kordusre\u017eiimis, 5 tunni jooksul, iga 15 minuti tagant, saadan SMS-i, mis sisaldab ainult minu asukohta.<\/p>\r\n\r\n\r\n\r\n<p class=\"has-small-font-size\" style=\"margin-top:var(--wp--preset--spacing--30);margin-bottom:var(--wp--preset--spacing--30)\"><\/p>\r\n","protected":false},"excerpt":{"rendered":"<p>KASUTUSJUHTUMID Nutitelefoni rakendus, mis v\u00f5imaldab saata hoiatusi, abipalveid v\u00f5i lihtsalt oma praegust asukohta, v\u00f5ib osutuda paljudes olukordades \u00fclioluliseks, pakkudes meelerahu [&hellip;]<\/p>\n","protected":false},"author":1,"featured_media":0,"parent":0,"menu_order":1,"comment_status":"closed","ping_status":"closed","template":"","meta":{"site-sidebar-layout":"default","site-content-layout":"","ast-site-content-layout":"","site-content-style":"default","site-sidebar-style":"default","ast-global-header-display":"","ast-banner-title-visibility":"","ast-main-header-display":"","ast-hfb-above-header-display":"","ast-hfb-below-header-display":"","ast-hfb-mobile-header-display":"","site-post-title":"disabled","ast-breadcrumbs-content":"","ast-featured-img":"","footer-sml-layout":"","theme-transparent-header-meta":"","adv-header-id-meta":"","stick-header-meta":"","header-above-stick-meta":"","header-main-stick-meta":"","header-below-stick-meta":"","astra-migrate-meta-layouts":"default","ast-page-background-enabled":"default","ast-page-background-meta":{"desktop":{"background-color":"var(--ast-global-color-5)","background-image":"","background-repeat":"repeat","background-position":"center center","background-size":"auto","background-attachment":"scroll","background-type":"","background-media":"","overlay-type":"","overlay-color":"","overlay-opacity":"","overlay-gradient":""},"tablet":{"background-color":"","background-image":"","background-repeat":"repeat","background-position":"center center","background-size":"auto","background-attachment":"scroll","background-type":"","background-media":"","overlay-type":"","overlay-color":"","overlay-opacity":"","overlay-gradient":""},"mobile":{"background-color":"","background-image":"","background-repeat":"repeat","background-position":"center center","background-size":"auto","background-attachment":"scroll","background-type":"","background-media":"","overlay-type":"","overlay-color":"","overlay-opacity":"","overlay-gradient":""}},"ast-content-background-meta":{"desktop":{"background-color":"var(--ast-global-color-4)","background-image":"","background-repeat":"repeat","background-position":"center center","background-size":"auto","background-attachment":"scroll","background-type":"","background-media":"","overlay-type":"","overlay-color":"","overlay-opacity":"","overlay-gradient":""},"tablet":{"background-color":"var(--ast-global-color-4)","background-image":"","background-repeat":"repeat","background-position":"center center","background-size":"auto","background-attachment":"scroll","background-type":"","background-media":"","overlay-type":"","overlay-color":"","overlay-opacity":"","overlay-gradient":""},"mobile":{"background-color":"var(--ast-global-color-4)","background-image":"","background-repeat":"repeat","background-position":"center center","background-size":"auto","background-attachment":"scroll","background-type":"","background-media":"","overlay-type":"","overlay-color":"","overlay-opacity":"","overlay-gradient":""}},"footnotes":""},"class_list":["post-127","page","type-page","status-publish","hentry"],"yoast_head":"<!-- This site is optimized with the Yoast SEO plugin v25.6 - https:\/\/yoast.com\/wordpress\/plugins\/seo\/ -->\n<title>Kasutusjuhtumid<\/title>\n<meta name=\"description\" content=\"Nutitelefoni rakendus, mis v\u00f5imaldab saata hoiatusi, abipalveid v\u00f5i lihtsalt oma praegust asukohta, v\u00f5ib osutuda paljudes olukordades \u00fclioluliseks, pakkudes meelerahu ja aidates kaasa kiirele abile. N\u00e4ited: isiklik turvalisus ja h\u00e4daolukorrad, igap\u00e4evaelu ja abi, t\u00f6\u00f6 ja t\u00f6\u00f6alased olukorrad, samuti vaba aja veetmise ja v\u00e4litegevused.\" \/>\n<meta name=\"robots\" content=\"index, follow, max-snippet:-1, max-image-preview:large, max-video-preview:-1\" \/>\n<link rel=\"canonical\" href=\"http:\/\/KASUTUSJUHTUMID%20Nutitelefoni%20rakendus,%20mis%20v\u00f5imaldab%20saata%20hoiatusi,%20abipalveid%20v\u00f5i%20lihtsalt%20oma%20praegust%20asukohta,%20v\u00f5ib%20osutuda%20paljudes%20olukordades%20\u00fclioluliseks,%20pakkudes%20meelerahu%20ja%20aidates%20kaasa%20kiirele%20abile.%20Siin%20on%20m\u00f5ned%20n\u00e4ited%20selle%20kasutusjuhtudest,%20liigitatud%20parema%20m\u00f5istmise%20huvides%20kategooriate%20kaupa.%20Isiklik%20turvalisus%20ja%20h\u00e4daolukorrad%20Naistevastane%20v\u00e4givald,%20LGBT-foobiline%20ja%20serofoobiline%20v\u00e4givald,%20rassistlik,%20ksenofoobiline%20v\u00f5i%20usulistel%20p\u00f5hjustel%20toimuv%20v\u00e4givald,%20puuetega&hellip;\" \/>\n<meta property=\"og:locale\" content=\"et_EE\" \/>\n<meta property=\"og:type\" content=\"article\" \/>\n<meta property=\"og:title\" content=\"Kasutusjuhtumid\" \/>\n<meta property=\"og:description\" content=\"Nutitelefoni rakendus, mis v\u00f5imaldab saata hoiatusi, abipalveid v\u00f5i lihtsalt oma praegust asukohta, v\u00f5ib osutuda paljudes olukordades \u00fclioluliseks, pakkudes meelerahu ja aidates kaasa kiirele abile. N\u00e4ited: isiklik turvalisus ja h\u00e4daolukorrad, igap\u00e4evaelu ja abi, t\u00f6\u00f6 ja t\u00f6\u00f6alased olukorrad, samuti vaba aja veetmise ja v\u00e4litegevused.\" \/>\n<meta property=\"og:url\" content=\"https:\/\/www.dataslatitudes.com\/sosuniversal\/et\/cas-dutilisation\/\" \/>\n<meta property=\"og:site_name\" content=\"SOS Universal\" \/>\n<meta property=\"article:modified_time\" content=\"2025-07-13T07:26:58+00:00\" \/>\n<meta name=\"twitter:card\" content=\"summary_large_image\" \/>\n<meta name=\"twitter:label1\" content=\"Est. reading time\" \/>\n\t<meta name=\"twitter:data1\" content=\"5 minutit\" \/>\n<script type=\"application\/ld+json\" class=\"yoast-schema-graph\">{\"@context\":\"https:\/\/schema.org\",\"@graph\":[{\"@type\":\"WebPage\",\"@id\":\"https:\/\/www.dataslatitudes.com\/sosuniversal\/et\/cas-dutilisation\/\",\"url\":\"https:\/\/www.dataslatitudes.com\/sosuniversal\/et\/cas-dutilisation\/\",\"name\":\"Cas d'utilisation - SOS Universal\",\"isPartOf\":{\"@id\":\"https:\/\/www.dataslatitudes.com\/sosuniversal\/#website\"},\"datePublished\":\"2025-06-12T03:29:21+00:00\",\"dateModified\":\"2025-07-13T07:26:58+00:00\",\"description\":\"Une application pour smartphone permettant d\u2019envoyer des alertes, des appels \u00e0 l\u2019aide ou tout simplement sa localisation courante peut s\u2019av\u00e9rer cruciale dans de nombreuses situations, offrant une tranquillit\u00e9 d\u2019esprit et contribuant \u00e0 un acc\u00e8s rapide \u00e0 l\u2019assistance. Exemples : s\u00e9curit\u00e9 personnelle et situations d\u2019urgence, vie quotidienne et assistance, travail et situations professionnelles ainsi que loisirs et activit\u00e9s en ext\u00e9rieur.\",\"breadcrumb\":{\"@id\":\"https:\/\/www.dataslatitudes.com\/sosuniversal\/et\/cas-dutilisation\/#breadcrumb\"},\"inLanguage\":\"et\",\"potentialAction\":[{\"@type\":\"ReadAction\",\"target\":[\"https:\/\/www.dataslatitudes.com\/sosuniversal\/et\/cas-dutilisation\/\"]}]},{\"@type\":\"BreadcrumbList\",\"@id\":\"https:\/\/www.dataslatitudes.com\/sosuniversal\/et\/cas-dutilisation\/#breadcrumb\",\"itemListElement\":[{\"@type\":\"ListItem\",\"position\":1,\"name\":\"Esitlus\",\"item\":\"https:\/\/www.dataslatitudes.com\/sosuniversal\/fr\/\"},{\"@type\":\"ListItem\",\"position\":2,\"name\":\"Kasutusjuhtumid\"}]},{\"@type\":\"WebSite\",\"@id\":\"https:\/\/www.dataslatitudes.com\/sosuniversal\/et\/#website\",\"url\":\"https:\/\/www.dataslatitudes.com\/sosuniversal\/et\/\",\"name\":\"SOS Universal\",\"description\":\"\",\"publisher\":{\"@id\":\"https:\/\/www.dataslatitudes.com\/sosuniversal\/et\/#organization\"},\"potentialAction\":[{\"@type\":\"SearchAction\",\"target\":{\"@type\":\"EntryPoint\",\"urlTemplate\":\"https:\/\/www.dataslatitudes.com\/sosuniversal\/et\/?s={search_term_string}\"},\"query-input\":{\"@type\":\"PropertyValueSpecification\",\"valueRequired\":true,\"valueName\":\"search_term_string\"}}],\"inLanguage\":\"et\"},{\"@type\":\"Organization\",\"@id\":\"https:\/\/www.dataslatitudes.com\/sosuniversal\/et\/#organization\",\"name\":\"DATASLATITUDES\",\"url\":\"https:\/\/www.dataslatitudes.com\/sosuniversal\/et\/\",\"logo\":{\"@type\":\"ImageObject\",\"inLanguage\":\"et\",\"@id\":\"https:\/\/www.dataslatitudes.com\/sosuniversal\/et\/#\/schema\/logo\/image\/\",\"url\":\"https:\/\/www.dataslatitudes.com\/sosuniversal\/wp-content\/uploads\/2025\/07\/logo_mrdv.png\",\"contentUrl\":\"https:\/\/www.dataslatitudes.com\/sosuniversal\/wp-content\/uploads\/2025\/07\/logo_mrdv.png\",\"width\":72,\"height\":72,\"caption\":\"DATASLATITUDES\"},\"image\":{\"@id\":\"https:\/\/www.dataslatitudes.com\/sosuniversal\/et\/#\/schema\/logo\/image\/\"}}]}<\/script>\n<!-- \/ Yoast SEO plugin. -->","yoast_head_json":{"title":"Kasutusjuhtumid","description":"Nutitelefoni rakendus, mis v\u00f5imaldab saata hoiatusi, abipalveid v\u00f5i lihtsalt oma praegust asukohta, v\u00f5ib osutuda paljudes olukordades \u00fclioluliseks, pakkudes meelerahu ja aidates kaasa kiirele abile. N\u00e4ited: isiklik turvalisus ja h\u00e4daolukorrad, igap\u00e4evaelu ja abi, t\u00f6\u00f6 ja t\u00f6\u00f6alased olukorrad, samuti vaba aja veetmise ja v\u00e4litegevused.","robots":{"index":"index","follow":"follow","max-snippet":"max-snippet:-1","max-image-preview":"max-image-preview:large","max-video-preview":"max-video-preview:-1"},"canonical":"KASUTUSJUHTUMID Nutitelefoni rakendus, mis v\u00f5imaldab saata hoiatusi, abipalveid v\u00f5i lihtsalt oma praegust asukohta, v\u00f5ib osutuda paljudes olukordades \u00fclioluliseks, pakkudes meelerahu ja aidates kaasa kiirele abile. Siin on m\u00f5ned n\u00e4ited selle kasutusjuhtudest, liigitatud parema m\u00f5istmise huvides kategooriate kaupa. Isiklik turvalisus ja h\u00e4daolukorrad Naistevastane v\u00e4givald, LGBT-foobiline ja serofoobiline v\u00e4givald, rassistlik, ksenofoobiline v\u00f5i usulistel p\u00f5hjustel toimuv v\u00e4givald, puuetega&hellip;","og_locale":"et_EE","og_type":"article","og_title":"Kasutusjuhtumid","og_description":"Nutitelefoni rakendus, mis v\u00f5imaldab saata hoiatusi, abipalveid v\u00f5i lihtsalt oma praegust asukohta, v\u00f5ib osutuda paljudes olukordades \u00fclioluliseks, pakkudes meelerahu ja aidates kaasa kiirele abile. N\u00e4ited: isiklik turvalisus ja h\u00e4daolukorrad, igap\u00e4evaelu ja abi, t\u00f6\u00f6 ja t\u00f6\u00f6alased olukorrad, samuti vaba aja veetmise ja v\u00e4litegevused.","og_url":"https:\/\/www.dataslatitudes.com\/sosuniversal\/et\/cas-dutilisation\/","og_site_name":"SOS Universal","article_modified_time":"2025-07-13T07:26:58+00:00","twitter_card":"summary_large_image","twitter_misc":{"Est. reading time":"5 minutit"},"schema":{"@context":"https:\/\/schema.org","@graph":[{"@type":"WebPage","@id":"https:\/\/www.dataslatitudes.com\/sosuniversal\/et\/cas-dutilisation\/","url":"https:\/\/www.dataslatitudes.com\/sosuniversal\/et\/cas-dutilisation\/","name":"Cas d'utilisation - SOS Universal","isPartOf":{"@id":"https:\/\/www.dataslatitudes.com\/sosuniversal\/#website"},"datePublished":"2025-06-12T03:29:21+00:00","dateModified":"2025-07-13T07:26:58+00:00","description":"Une application pour smartphone permettant d\u2019envoyer des alertes, des appels \u00e0 l\u2019aide ou tout simplement sa localisation courante peut s\u2019av\u00e9rer cruciale dans de nombreuses situations, offrant une tranquillit\u00e9 d\u2019esprit et contribuant \u00e0 un acc\u00e8s rapide \u00e0 l\u2019assistance. Exemples : s\u00e9curit\u00e9 personnelle et situations d\u2019urgence, vie quotidienne et assistance, travail et situations professionnelles ainsi que loisirs et activit\u00e9s en ext\u00e9rieur.","breadcrumb":{"@id":"https:\/\/www.dataslatitudes.com\/sosuniversal\/et\/cas-dutilisation\/#breadcrumb"},"inLanguage":"et","potentialAction":[{"@type":"ReadAction","target":["https:\/\/www.dataslatitudes.com\/sosuniversal\/et\/cas-dutilisation\/"]}]},{"@type":"BreadcrumbList","@id":"https:\/\/www.dataslatitudes.com\/sosuniversal\/et\/cas-dutilisation\/#breadcrumb","itemListElement":[{"@type":"ListItem","position":1,"name":"Esitlus","item":"https:\/\/www.dataslatitudes.com\/sosuniversal\/fr\/"},{"@type":"ListItem","position":2,"name":"Kasutusjuhtumid"}]},{"@type":"WebSite","@id":"https:\/\/www.dataslatitudes.com\/sosuniversal\/et\/#website","url":"https:\/\/www.dataslatitudes.com\/sosuniversal\/et\/","name":"SOS Universal","description":"","publisher":{"@id":"https:\/\/www.dataslatitudes.com\/sosuniversal\/et\/#organization"},"potentialAction":[{"@type":"SearchAction","target":{"@type":"EntryPoint","urlTemplate":"https:\/\/www.dataslatitudes.com\/sosuniversal\/et\/?s={search_term_string}"},"query-input":{"@type":"PropertyValueSpecification","valueRequired":true,"valueName":"search_term_string"}}],"inLanguage":"et"},{"@type":"Organization","@id":"https:\/\/www.dataslatitudes.com\/sosuniversal\/et\/#organization","name":"DATASLATITUDES","url":"https:\/\/www.dataslatitudes.com\/sosuniversal\/et\/","logo":{"@type":"ImageObject","inLanguage":"et","@id":"https:\/\/www.dataslatitudes.com\/sosuniversal\/et\/#\/schema\/logo\/image\/","url":"https:\/\/www.dataslatitudes.com\/sosuniversal\/wp-content\/uploads\/2025\/07\/logo_mrdv.png","contentUrl":"https:\/\/www.dataslatitudes.com\/sosuniversal\/wp-content\/uploads\/2025\/07\/logo_mrdv.png","width":72,"height":72,"caption":"DATASLATITUDES"},"image":{"@id":"https:\/\/www.dataslatitudes.com\/sosuniversal\/et\/#\/schema\/logo\/image\/"}}]}},"_links":{"self":[{"href":"https:\/\/www.dataslatitudes.com\/sosuniversal\/et\/wp-json\/wp\/v2\/pages\/127","targetHints":{"allow":["GET"]}}],"collection":[{"href":"https:\/\/www.dataslatitudes.com\/sosuniversal\/et\/wp-json\/wp\/v2\/pages"}],"about":[{"href":"https:\/\/www.dataslatitudes.com\/sosuniversal\/et\/wp-json\/wp\/v2\/types\/page"}],"author":[{"embeddable":true,"href":"https:\/\/www.dataslatitudes.com\/sosuniversal\/et\/wp-json\/wp\/v2\/users\/1"}],"replies":[{"embeddable":true,"href":"https:\/\/www.dataslatitudes.com\/sosuniversal\/et\/wp-json\/wp\/v2\/comments?post=127"}],"version-history":[{"count":34,"href":"https:\/\/www.dataslatitudes.com\/sosuniversal\/et\/wp-json\/wp\/v2\/pages\/127\/revisions"}],"predecessor-version":[{"id":868,"href":"https:\/\/www.dataslatitudes.com\/sosuniversal\/et\/wp-json\/wp\/v2\/pages\/127\/revisions\/868"}],"wp:attachment":[{"href":"https:\/\/www.dataslatitudes.com\/sosuniversal\/et\/wp-json\/wp\/v2\/media?parent=127"}],"curies":[{"name":"wp","href":"https:\/\/api.w.org\/{rel}","templated":true}]}}