{"id":246,"date":"2025-06-13T07:09:52","date_gmt":"2025-06-13T07:09:52","guid":{"rendered":"https:\/\/www.dataslatitudes.com\/sosuniversal\/index.php\/mode-emploi\/mode-demploi-parametres\/"},"modified":"2025-07-21T16:04:04","modified_gmt":"2025-07-21T16:04:04","slug":"mode-emploi-historique-enregistrement-audio","status":"publish","type":"page","link":"https:\/\/www.dataslatitudes.com\/sosuniversal\/es\/ecran-principal\/mode-emploi-historique-enregistrement-audio\/","title":{"rendered":"Historial y grabaciones de audio"},"content":{"rendered":"\r\n<p class=\"has-small-font-size\"><\/p>\r\n\r\n\r\n\r\n<h1 class=\"wp-block-heading has-text-align-center has-medium-font-size\" style=\"margin-top:var(--wp--preset--spacing--30);margin-bottom:var(--wp--preset--spacing--30)\"><strong>HISTORIAL DE ALERTAS<\/strong><\/h1>\r\n\r\n\r\n\r\n<p style=\"font-size:1rem\">Las \u00faltimas 50 alertas emitidas se guardan en el historial con todas sus caracter\u00edsticas.<\/p>\r\n\r\n\r\n\r\n<div class=\"wp-block-columns is-layout-flex wp-container-core-columns-is-layout-ec2e7a44 wp-block-columns-is-layout-flex\" style=\"padding-top:0;padding-bottom:0\">\r\n<div class=\"wp-block-column is-layout-flow wp-block-column-is-layout-flow\" style=\"flex-basis:33.33%\">\r\n<figure class=\"wp-block-image aligncenter size-large is-resized\"><img decoding=\"async\" src=\"http:\/\/www.dataslatitudes.com\/sosuniversal\/wp-content\/uploads\/es_historique_alerte_puce-459x1024.webp\" alt=\"SOS Universal - historial de alertas\" class=\"wp-image-402\" style=\"width:273px\"\/><\/figure>\r\n<\/div>\r\n\r\n\r\n\r\n<div class=\"wp-block-column is-layout-flow wp-block-column-is-layout-flow\" style=\"padding-top:0;padding-bottom:0;flex-basis:66.66%\">\r\n<p style=\"font-size:1rem\">(1) Nombre y apellido del contacto solicitado<br>(2) Fecha y hora de activaci\u00f3n de la alerta<br>(3) Iconos que resumen el contenido de la alerta (en el ejemplo: llamada telef\u00f3nica, env\u00edo de SMS con la geolocalizaci\u00f3n y la direcci\u00f3n, grabaci\u00f3n de audio y alarma sonora)<br>(4) Modo de alerta utilizado con sus par\u00e1metros<br>(5) Eliminaci\u00f3n de todo el historial de alertas<\/p>\r\n\r\n\r\n\r\n<p>La fecha se expresa en formato AAAA-MM-DD (norma internacional ISO 8601).<\/p>\r\n<\/div>\r\n<\/div>\r\n\r\n\r\n\r\n<p class=\"has-small-font-size\"><\/p>\r\n\r\n\r\n\r\n<h2 class=\"wp-block-heading has-text-align-center has-medium-font-size\" style=\"margin-top:var(--wp--preset--spacing--30);margin-bottom:var(--wp--preset--spacing--30)\"><strong>GRABACIONES DE AUDIO<\/strong><\/h2>\r\n\r\n\r\n\r\n<p style=\"font-size:1rem\">Puede conservar hasta 200 grabaciones de audio que se almacenan en el directorio de descargas de su smartphone. Cada grabaci\u00f3n tiene una marca de tiempo y se puede escuchar, renombrar o eliminar.<\/p>\r\n\r\n\r\n\r\n<div class=\"wp-block-columns is-layout-flex wp-container-core-columns-is-layout-ec2e7a44 wp-block-columns-is-layout-flex\" style=\"padding-top:0;padding-bottom:0\">\r\n<div class=\"wp-block-column is-layout-flow wp-block-column-is-layout-flow\" style=\"flex-basis:33.33%\">\r\n<figure class=\"wp-block-image aligncenter size-large is-resized\"><img decoding=\"async\" src=\"http:\/\/www.dataslatitudes.com\/sosuniversal\/wp-content\/uploads\/es_enregistrement_audio_puce-459x1024.webp\" alt=\"SOS Universal - gesti\u00f3n de grabaciones de audio\" class=\"wp-image-403\" style=\"width:273px\"\/><\/figure>\r\n<\/div>\r\n\r\n\r\n\r\n<div class=\"wp-block-column is-layout-flow wp-block-column-is-layout-flow\" style=\"flex-basis:66.66%\">\r\n<p style=\"font-size:1rem\">(1) Nombre de la grabaci\u00f3n<br>(2) Fecha, hora y tama\u00f1o de la grabaci\u00f3n<br>(3) Funci\u00f3n de eliminaci\u00f3n<br>(4) Funci\u00f3n de modificaci\u00f3n del nombre del archivo<br>(5) Reproducci\u00f3n de la grabaci\u00f3n o detenci\u00f3n de la reproducci\u00f3n<br>(6) Retroceso de 5 segundos<br>(7) Avance de 5 segundos<br>(8) Deslizador de avance de la reproducci\u00f3n<br>(9) Velocidad de reproducci\u00f3n de la grabaci\u00f3n: se puede disminuir (x 0.5) o aumentar (x 1.5, x 2.0)<\/p>\r\n\r\n\r\n\r\n<p>La fecha se expresa en formato AAAA-MM-DD (norma internacional ISO 8601).<\/p>\r\n<\/div>\r\n<\/div>\r\n\r\n\r\n\r\n<p class=\"has-medium-font-size\"><\/p>\r\n\r\n\r\n\r\n<p><\/p>\r\n","protected":false},"excerpt":{"rendered":"<p>HISTORIAL DE ALERTAS Las \u00faltimas 50 alertas emitidas se guardan en el historial con todas sus caracter\u00edsticas. (1) Nombre y [&hellip;]<\/p>\n","protected":false},"author":1,"featured_media":0,"parent":14,"menu_order":5,"comment_status":"closed","ping_status":"closed","template":"","meta":{"site-sidebar-layout":"default","site-content-layout":"","ast-site-content-layout":"","site-content-style":"default","site-sidebar-style":"default","ast-global-header-display":"","ast-banner-title-visibility":"","ast-main-header-display":"","ast-hfb-above-header-display":"","ast-hfb-below-header-display":"","ast-hfb-mobile-header-display":"","site-post-title":"disabled","ast-breadcrumbs-content":"","ast-featured-img":"","footer-sml-layout":"","theme-transparent-header-meta":"","adv-header-id-meta":"","stick-header-meta":"","header-above-stick-meta":"","header-main-stick-meta":"","header-below-stick-meta":"","astra-migrate-meta-layouts":"default","ast-page-background-enabled":"default","ast-page-background-meta":{"desktop":{"background-color":"var(--ast-global-color-5)","background-image":"","background-repeat":"repeat","background-position":"center center","background-size":"auto","background-attachment":"scroll","background-type":"","background-media":"","overlay-type":"","overlay-color":"","overlay-opacity":"","overlay-gradient":""},"tablet":{"background-color":"","background-image":"","background-repeat":"repeat","background-position":"center center","background-size":"auto","background-attachment":"scroll","background-type":"","background-media":"","overlay-type":"","overlay-color":"","overlay-opacity":"","overlay-gradient":""},"mobile":{"background-color":"","background-image":"","background-repeat":"repeat","background-position":"center center","background-size":"auto","background-attachment":"scroll","background-type":"","background-media":"","overlay-type":"","overlay-color":"","overlay-opacity":"","overlay-gradient":""}},"ast-content-background-meta":{"desktop":{"background-color":"var(--ast-global-color-4)","background-image":"","background-repeat":"repeat","background-position":"center center","background-size":"auto","background-attachment":"scroll","background-type":"","background-media":"","overlay-type":"","overlay-color":"","overlay-opacity":"","overlay-gradient":""},"tablet":{"background-color":"var(--ast-global-color-4)","background-image":"","background-repeat":"repeat","background-position":"center center","background-size":"auto","background-attachment":"scroll","background-type":"","background-media":"","overlay-type":"","overlay-color":"","overlay-opacity":"","overlay-gradient":""},"mobile":{"background-color":"var(--ast-global-color-4)","background-image":"","background-repeat":"repeat","background-position":"center center","background-size":"auto","background-attachment":"scroll","background-type":"","background-media":"","overlay-type":"","overlay-color":"","overlay-opacity":"","overlay-gradient":""}},"footnotes":""},"class_list":["post-246","page","type-page","status-publish","hentry"],"yoast_head":"<!-- This site is optimized with the Yoast SEO plugin v25.6 - https:\/\/yoast.com\/wordpress\/plugins\/seo\/ -->\n<title>Historial y grabaciones de audio<\/title>\n<meta name=\"description\" content=\"Las \u00faltimas 50 alertas emitidas se guardan en el historial con todas sus caracter\u00edsticas. Puede almacenar hasta 200 grabaciones de audio en el directorio de descargas del smartphone. Cada grabaci\u00f3n tiene una marca de tiempo y se puede escuchar, renombrar o eliminar.\" \/>\n<meta name=\"robots\" content=\"index, follow, max-snippet:-1, max-image-preview:large, max-video-preview:-1\" \/>\n<link rel=\"canonical\" href=\"\" \/>\n<meta property=\"og:locale\" content=\"es_ES\" \/>\n<meta property=\"og:type\" content=\"article\" \/>\n<meta property=\"og:title\" content=\"Historial y grabaciones de audio\" \/>\n<meta property=\"og:description\" content=\"Las \u00faltimas 50 alertas emitidas se guardan en el historial con todas sus caracter\u00edsticas. Puede almacenar hasta 200 grabaciones de audio en el directorio de descargas del smartphone. Cada grabaci\u00f3n tiene una marca de tiempo y se puede escuchar, renombrar o eliminar.\" \/>\n<meta property=\"og:url\" content=\"https:\/\/www.dataslatitudes.com\/sosuniversal\/es\/ecran-principal\/mode-emploi-historique-enregistrement-audio\/\" \/>\n<meta property=\"og:site_name\" content=\"SOS Universal\" \/>\n<meta property=\"article:modified_time\" content=\"2025-07-21T16:04:04+00:00\" \/>\n<meta name=\"twitter:card\" content=\"summary_large_image\" \/>\n<meta name=\"twitter:label1\" content=\"Tiempo de lectura\" \/>\n\t<meta name=\"twitter:data1\" content=\"2 minutos\" \/>\n<script type=\"application\/ld+json\" class=\"yoast-schema-graph\">{\"@context\":\"https:\/\/schema.org\",\"@graph\":[{\"@type\":\"WebPage\",\"@id\":\"https:\/\/www.dataslatitudes.com\/sosuniversal\/es\/ecran-principal\/mode-emploi-historique-enregistrement-audio\/\",\"url\":\"https:\/\/www.dataslatitudes.com\/sosuniversal\/es\/ecran-principal\/mode-emploi-historique-enregistrement-audio\/\",\"name\":\"Historique et enregistrements audios - SOS Universal\",\"isPartOf\":{\"@id\":\"https:\/\/www.dataslatitudes.com\/sosuniversal\/#website\"},\"primaryImageOfPage\":{\"@id\":\"https:\/\/www.dataslatitudes.com\/sosuniversal\/es\/ecran-principal\/mode-emploi-historique-enregistrement-audio\/#primaryimage\"},\"image\":{\"@id\":\"https:\/\/www.dataslatitudes.com\/sosuniversal\/es\/ecran-principal\/mode-emploi-historique-enregistrement-audio\/#primaryimage\"},\"thumbnailUrl\":\"http:\/\/www.dataslatitudes.com\/sosuniversal\/wp-content\/uploads\/2025\/07\/fr_historique_alerte_puce-459x1024.webp\",\"datePublished\":\"2025-06-13T07:09:52+00:00\",\"dateModified\":\"2025-07-21T16:04:04+00:00\",\"description\":\"Les 50 derni\u00e8res alertes \u00e9mises sont historis\u00e9es avec toutes leurs caract\u00e9ristiques. Vous pouvez conserver jusqu\u2019\u00e0 200 enregistrements audios qui sont stock\u00e9s dans le r\u00e9pertoire des t\u00e9l\u00e9chargements du smartphone. Chaque enregistrement est horodat\u00e9 et peut \u00eatre \u00e9cout\u00e9, renomm\u00e9 ou supprim\u00e9.\",\"breadcrumb\":{\"@id\":\"https:\/\/www.dataslatitudes.com\/sosuniversal\/es\/ecran-principal\/mode-emploi-historique-enregistrement-audio\/#breadcrumb\"},\"inLanguage\":\"es\",\"potentialAction\":[{\"@type\":\"ReadAction\",\"target\":[\"https:\/\/www.dataslatitudes.com\/sosuniversal\/es\/ecran-principal\/mode-emploi-historique-enregistrement-audio\/\"]}]},{\"@type\":\"ImageObject\",\"inLanguage\":\"es\",\"@id\":\"https:\/\/www.dataslatitudes.com\/sosuniversal\/es\/ecran-principal\/mode-emploi-historique-enregistrement-audio\/#primaryimage\",\"url\":\"http:\/\/www.dataslatitudes.com\/sosuniversal\/wp-content\/uploads\/2025\/07\/fr_historique_alerte_puce-459x1024.webp\",\"contentUrl\":\"http:\/\/www.dataslatitudes.com\/sosuniversal\/wp-content\/uploads\/2025\/07\/fr_historique_alerte_puce-459x1024.webp\"},{\"@type\":\"BreadcrumbList\",\"@id\":\"https:\/\/www.dataslatitudes.com\/sosuniversal\/es\/ecran-principal\/mode-emploi-historique-enregistrement-audio\/#breadcrumb\",\"itemListElement\":[{\"@type\":\"ListItem\",\"position\":1,\"name\":\"Presentaci\u00f3n\",\"item\":\"https:\/\/www.dataslatitudes.com\/sosuniversal\/fr\/\"},{\"@type\":\"ListItem\",\"position\":2,\"name\":\"Pantalla principal\",\"item\":\"https:\/\/www.dataslatitudes.com\/sosuniversal\/ecran-principal\/\"},{\"@type\":\"ListItem\",\"position\":3,\"name\":\"Historial y grabaciones de audio\"}]},{\"@type\":\"WebSite\",\"@id\":\"https:\/\/www.dataslatitudes.com\/sosuniversal\/es\/#website\",\"url\":\"https:\/\/www.dataslatitudes.com\/sosuniversal\/es\/\",\"name\":\"SOS Universal\",\"description\":\"\",\"publisher\":{\"@id\":\"https:\/\/www.dataslatitudes.com\/sosuniversal\/es\/#organization\"},\"potentialAction\":[{\"@type\":\"SearchAction\",\"target\":{\"@type\":\"EntryPoint\",\"urlTemplate\":\"https:\/\/www.dataslatitudes.com\/sosuniversal\/es\/?s={search_term_string}\"},\"query-input\":{\"@type\":\"PropertyValueSpecification\",\"valueRequired\":true,\"valueName\":\"search_term_string\"}}],\"inLanguage\":\"es\"},{\"@type\":\"Organization\",\"@id\":\"https:\/\/www.dataslatitudes.com\/sosuniversal\/es\/#organization\",\"name\":\"DATASLATITUDES\",\"url\":\"https:\/\/www.dataslatitudes.com\/sosuniversal\/es\/\",\"logo\":{\"@type\":\"ImageObject\",\"inLanguage\":\"es\",\"@id\":\"https:\/\/www.dataslatitudes.com\/sosuniversal\/es\/#\/schema\/logo\/image\/\",\"url\":\"https:\/\/www.dataslatitudes.com\/sosuniversal\/wp-content\/uploads\/2025\/07\/logo_mrdv.png\",\"contentUrl\":\"https:\/\/www.dataslatitudes.com\/sosuniversal\/wp-content\/uploads\/2025\/07\/logo_mrdv.png\",\"width\":72,\"height\":72,\"caption\":\"DATASLATITUDES\"},\"image\":{\"@id\":\"https:\/\/www.dataslatitudes.com\/sosuniversal\/es\/#\/schema\/logo\/image\/\"}}]}<\/script>\n<!-- \/ Yoast SEO plugin. -->","yoast_head_json":{"title":"Historial y grabaciones de audio","description":"Las \u00faltimas 50 alertas emitidas se guardan en el historial con todas sus caracter\u00edsticas. Puede almacenar hasta 200 grabaciones de audio en el directorio de descargas del smartphone. Cada grabaci\u00f3n tiene una marca de tiempo y se puede escuchar, renombrar o eliminar.","robots":{"index":"index","follow":"follow","max-snippet":"max-snippet:-1","max-image-preview":"max-image-preview:large","max-video-preview":"max-video-preview:-1"},"canonical":"HISTORIAL DE ALERTAS Las \u00faltimas 50 alertas emitidas se guardan en el historial con todas sus caracter\u00edsticas. (1) Nombre y apellido del contacto solicitado(2) Fecha y hora de activaci\u00f3n de la alerta(3) Iconos que resumen el contenido de la alerta (en el ejemplo: llamada telef\u00f3nica, env\u00edo de SMS con la geolocalizaci\u00f3n y la direcci\u00f3n, grabaci\u00f3n&hellip;","og_locale":"es_ES","og_type":"article","og_title":"Historial y grabaciones de audio","og_description":"Las \u00faltimas 50 alertas emitidas se guardan en el historial con todas sus caracter\u00edsticas. Puede almacenar hasta 200 grabaciones de audio en el directorio de descargas del smartphone. Cada grabaci\u00f3n tiene una marca de tiempo y se puede escuchar, renombrar o eliminar.","og_url":"https:\/\/www.dataslatitudes.com\/sosuniversal\/es\/ecran-principal\/mode-emploi-historique-enregistrement-audio\/","og_site_name":"SOS Universal","article_modified_time":"2025-07-21T16:04:04+00:00","twitter_card":"summary_large_image","twitter_misc":{"Tiempo de lectura":"2 minutos"},"schema":{"@context":"https:\/\/schema.org","@graph":[{"@type":"WebPage","@id":"https:\/\/www.dataslatitudes.com\/sosuniversal\/es\/ecran-principal\/mode-emploi-historique-enregistrement-audio\/","url":"https:\/\/www.dataslatitudes.com\/sosuniversal\/es\/ecran-principal\/mode-emploi-historique-enregistrement-audio\/","name":"Historique et enregistrements audios - SOS Universal","isPartOf":{"@id":"https:\/\/www.dataslatitudes.com\/sosuniversal\/#website"},"primaryImageOfPage":{"@id":"https:\/\/www.dataslatitudes.com\/sosuniversal\/es\/ecran-principal\/mode-emploi-historique-enregistrement-audio\/#primaryimage"},"image":{"@id":"https:\/\/www.dataslatitudes.com\/sosuniversal\/es\/ecran-principal\/mode-emploi-historique-enregistrement-audio\/#primaryimage"},"thumbnailUrl":"http:\/\/www.dataslatitudes.com\/sosuniversal\/wp-content\/uploads\/2025\/07\/fr_historique_alerte_puce-459x1024.webp","datePublished":"2025-06-13T07:09:52+00:00","dateModified":"2025-07-21T16:04:04+00:00","description":"Les 50 derni\u00e8res alertes \u00e9mises sont historis\u00e9es avec toutes leurs caract\u00e9ristiques. Vous pouvez conserver jusqu\u2019\u00e0 200 enregistrements audios qui sont stock\u00e9s dans le r\u00e9pertoire des t\u00e9l\u00e9chargements du smartphone. Chaque enregistrement est horodat\u00e9 et peut \u00eatre \u00e9cout\u00e9, renomm\u00e9 ou supprim\u00e9.","breadcrumb":{"@id":"https:\/\/www.dataslatitudes.com\/sosuniversal\/es\/ecran-principal\/mode-emploi-historique-enregistrement-audio\/#breadcrumb"},"inLanguage":"es","potentialAction":[{"@type":"ReadAction","target":["https:\/\/www.dataslatitudes.com\/sosuniversal\/es\/ecran-principal\/mode-emploi-historique-enregistrement-audio\/"]}]},{"@type":"ImageObject","inLanguage":"es","@id":"https:\/\/www.dataslatitudes.com\/sosuniversal\/es\/ecran-principal\/mode-emploi-historique-enregistrement-audio\/#primaryimage","url":"http:\/\/www.dataslatitudes.com\/sosuniversal\/wp-content\/uploads\/2025\/07\/fr_historique_alerte_puce-459x1024.webp","contentUrl":"http:\/\/www.dataslatitudes.com\/sosuniversal\/wp-content\/uploads\/2025\/07\/fr_historique_alerte_puce-459x1024.webp"},{"@type":"BreadcrumbList","@id":"https:\/\/www.dataslatitudes.com\/sosuniversal\/es\/ecran-principal\/mode-emploi-historique-enregistrement-audio\/#breadcrumb","itemListElement":[{"@type":"ListItem","position":1,"name":"Presentaci\u00f3n","item":"https:\/\/www.dataslatitudes.com\/sosuniversal\/fr\/"},{"@type":"ListItem","position":2,"name":"Pantalla principal","item":"https:\/\/www.dataslatitudes.com\/sosuniversal\/ecran-principal\/"},{"@type":"ListItem","position":3,"name":"Historial y grabaciones de audio"}]},{"@type":"WebSite","@id":"https:\/\/www.dataslatitudes.com\/sosuniversal\/es\/#website","url":"https:\/\/www.dataslatitudes.com\/sosuniversal\/es\/","name":"SOS Universal","description":"","publisher":{"@id":"https:\/\/www.dataslatitudes.com\/sosuniversal\/es\/#organization"},"potentialAction":[{"@type":"SearchAction","target":{"@type":"EntryPoint","urlTemplate":"https:\/\/www.dataslatitudes.com\/sosuniversal\/es\/?s={search_term_string}"},"query-input":{"@type":"PropertyValueSpecification","valueRequired":true,"valueName":"search_term_string"}}],"inLanguage":"es"},{"@type":"Organization","@id":"https:\/\/www.dataslatitudes.com\/sosuniversal\/es\/#organization","name":"DATASLATITUDES","url":"https:\/\/www.dataslatitudes.com\/sosuniversal\/es\/","logo":{"@type":"ImageObject","inLanguage":"es","@id":"https:\/\/www.dataslatitudes.com\/sosuniversal\/es\/#\/schema\/logo\/image\/","url":"https:\/\/www.dataslatitudes.com\/sosuniversal\/wp-content\/uploads\/2025\/07\/logo_mrdv.png","contentUrl":"https:\/\/www.dataslatitudes.com\/sosuniversal\/wp-content\/uploads\/2025\/07\/logo_mrdv.png","width":72,"height":72,"caption":"DATASLATITUDES"},"image":{"@id":"https:\/\/www.dataslatitudes.com\/sosuniversal\/es\/#\/schema\/logo\/image\/"}}]}},"_links":{"self":[{"href":"https:\/\/www.dataslatitudes.com\/sosuniversal\/es\/wp-json\/wp\/v2\/pages\/246","targetHints":{"allow":["GET"]}}],"collection":[{"href":"https:\/\/www.dataslatitudes.com\/sosuniversal\/es\/wp-json\/wp\/v2\/pages"}],"about":[{"href":"https:\/\/www.dataslatitudes.com\/sosuniversal\/es\/wp-json\/wp\/v2\/types\/page"}],"author":[{"embeddable":true,"href":"https:\/\/www.dataslatitudes.com\/sosuniversal\/es\/wp-json\/wp\/v2\/users\/1"}],"replies":[{"embeddable":true,"href":"https:\/\/www.dataslatitudes.com\/sosuniversal\/es\/wp-json\/wp\/v2\/comments?post=246"}],"version-history":[{"count":24,"href":"https:\/\/www.dataslatitudes.com\/sosuniversal\/es\/wp-json\/wp\/v2\/pages\/246\/revisions"}],"predecessor-version":[{"id":1054,"href":"https:\/\/www.dataslatitudes.com\/sosuniversal\/es\/wp-json\/wp\/v2\/pages\/246\/revisions\/1054"}],"up":[{"embeddable":true,"href":"https:\/\/www.dataslatitudes.com\/sosuniversal\/es\/wp-json\/wp\/v2\/pages\/14"}],"wp:attachment":[{"href":"https:\/\/www.dataslatitudes.com\/sosuniversal\/es\/wp-json\/wp\/v2\/media?parent=246"}],"curies":[{"name":"wp","href":"https:\/\/api.w.org\/{rel}","templated":true}]}}