{"id":127,"date":"2025-06-12T03:29:21","date_gmt":"2025-06-12T03:29:21","guid":{"rendered":"https:\/\/www.dataslatitudes.com\/sosuniversal\/?page_id=127"},"modified":"2025-07-13T07:26:58","modified_gmt":"2025-07-13T07:26:58","slug":"cas-dutilisation","status":"publish","type":"page","link":"https:\/\/www.dataslatitudes.com\/sosuniversal\/es\/cas-dutilisation\/","title":{"rendered":"Casos de uso"},"content":{"rendered":"\r\n<p class=\"has-small-font-size\"><\/p>\r\n\r\n\r\n\r\n<h1 class=\"wp-block-heading has-text-align-center has-medium-font-size\"><strong>CASOS DE USO<\/strong><\/h1>\r\n\r\n\r\n\r\n<p style=\"font-size:1rem\">Una aplicaci\u00f3n para smartphone que permite enviar alertas, llamadas de auxilio o simplemente su ubicaci\u00f3n actual puede resultar crucial en muchas situaciones, ofreciendo tranquilidad y contribuyendo a un acceso r\u00e1pido a la asistencia. A continuaci\u00f3n, se presentan algunos ejemplos de sus casos de uso, clasificados por categor\u00edas para una mejor comprensi\u00f3n.<\/p>\r\n\r\n\r\n\r\n<h2 class=\"wp-block-heading has-background\" style=\"background-color:#f9f3eb;margin-top:var(--wp--preset--spacing--30);margin-bottom:var(--wp--preset--spacing--30);padding-top:var(--wp--preset--spacing--20);padding-bottom:var(--wp--preset--spacing--20);font-size:1.2rem\">Seguridad personal y situaciones de emergencia<\/h2>\r\n\r\n\r\n\r\n<ul class=\"wp-block-list\">\r\n<li style=\"font-size:1rem\"><strong>Violencia contra las mujeres, violencia LGBTf\u00f3bica y serof\u00f3bica, violencia racista, xen\u00f3foba o por motivos de religi\u00f3n, violencia contra personas con discapacidad&nbsp;: <\/strong>En caso de agresi\u00f3n f\u00edsica o verbal, la aplicaci\u00f3n permite activar una alerta discreta con un solo clic a contactos de confianza, compartiendo la posici\u00f3n GPS en tiempo real. Tambi\u00e9n se puede configurar una grabaci\u00f3n de audio para que sirva de prueba en caso de presentar una denuncia.<\/li>\r\n\r\n\r\n\r\n<li style=\"font-size:1rem\"><strong>V\u00edctima de gestos inapropiados en el transporte p\u00fablico (ej: tocamientos en el metro): <\/strong>La v\u00edctima puede activar una alarma sonora de alta intensidad (sirena de polic\u00eda o grito humano, por ejemplo) y una grabaci\u00f3n de audio.<\/li>\r\n\r\n\r\n\r\n<li style=\"font-size:1rem\"><strong>Agresi\u00f3n o amenaza inmediata: <\/strong>En caso de agresi\u00f3n f\u00edsica, intento de violaci\u00f3n, robo con violencia o cualquier situaci\u00f3n que amenace directamente la integridad f\u00edsica del usuario, la aplicaci\u00f3n permite enviar una alerta discreta y r\u00e1pida a los contactos de emergencia.<\/li>\r\n\r\n\r\n\r\n<li style=\"font-size:1rem\"><strong>Situaci\u00f3n de acoso o seguimiento: <\/strong>La aplicaci\u00f3n permite alertar discretamente a contactos de confianza o a las autoridades en caso de seguimiento o acoso, con la posibilidad de registrar una prueba mediante grabaci\u00f3n de audio.<\/li>\r\n\r\n\r\n\r\n<li style=\"font-size:1rem\"><strong>V\u00edctimas de violencia dom\u00e9stica: <\/strong>es posible disponer de un medio discreto y r\u00e1pido para pedir ayuda en caso de peligro, sin alertar al agresor.<\/li>\r\n<\/ul>\r\n\r\n\r\n\r\n<p style=\"font-size:1rem\">En los casos anteriores, la alerta discreta puede complementarse o reemplazarse con una disuasi\u00f3n sonora: activaci\u00f3n de una sirena de alta intensidad o simulaci\u00f3n de una llamada telef\u00f3nica entrante para crear una distracci\u00f3n.<\/p>\r\n\r\n\r\n\r\n<ul class=\"wp-block-list\">\r\n<li style=\"font-size:1rem\"><strong>Angustia m\u00e9dica: <\/strong>para personas que sufren de enfermedades cr\u00f3nicas (ataques card\u00edacos, crisis de asma graves, epilepsia, alergias graves) o en caso de accidente (ca\u00edda, lesi\u00f3n), la aplicaci\u00f3n permite enviar una llamada de ayuda.<\/li>\r\n\r\n\r\n\r\n<li style=\"font-size:1rem\"><strong>Desaparici\u00f3n o extrav\u00edo: <\/strong>especialmente \u00fatil para ni\u00f1os, personas mayores con trastornos cognitivos o excursionistas, la aplicaci\u00f3n permite enviar la posici\u00f3n GPS en tiempo real, facilitando las b\u00fasquedas.<\/li>\r\n\r\n\r\n\r\n<li style=\"font-size:1rem\"><strong>Accidentes de tr\u00e1fico: <\/strong>en caso de accidente, la aplicaci\u00f3n permite enviar una alerta con la ubicaci\u00f3n.<\/li>\r\n\r\n\r\n\r\n<li style=\"font-size:1rem\"><strong>Desastres naturales: <\/strong>Durante terremotos, inundaciones, incendios forestales u otras cat\u00e1strofes, la aplicaci\u00f3n puede servir para se\u00f1alar su posici\u00f3n, pedir ayuda e informar a sus seres queridos de su seguridad.<\/li>\r\n<\/ul>\r\n\r\n\r\n\r\n<h2 class=\"wp-block-heading has-background\" style=\"background-color:#f9f3eb;margin-top:var(--wp--preset--spacing--30);margin-bottom:var(--wp--preset--spacing--30);padding-top:var(--wp--preset--spacing--20);padding-bottom:var(--wp--preset--spacing--20);font-size:1.2rem\">Vida cotidiana y asistencia<\/h2>\r\n\r\n\r\n\r\n<ul class=\"wp-block-list\">\r\n<li style=\"font-size:1rem\"><strong>Personas mayores o con discapacidad: <\/strong>la aplicaci\u00f3n puede utilizarse para activar una solicitud de asistencia.<\/li>\r\n\r\n\r\n\r\n<li style=\"font-size:1rem\"><strong>Ni\u00f1os y adolescentes: <\/strong>para los padres preocupados por la seguridad de sus hijos, la aplicaci\u00f3n puede permitir a los ni\u00f1os enviar una alerta discreta en caso de peligro, cuando se sienten perdidos o en situaci\u00f3n de acoso (con grabaci\u00f3n de pruebas).<br>Ejemplo: un\/a adolescente en una fiesta que se siente inc\u00f3modo\/a, que sufre presi\u00f3n o que necesita ser recogido\/a sin poder expresarse directamente, puede enviar una alerta discreta a sus padres o a un adulto de confianza.<\/li>\r\n\r\n\r\n\r\n<li style=\"font-size:1rem\"><strong>Problemas mec\u00e1nicos o aver\u00eda de veh\u00edculo: <\/strong>En caso de aver\u00eda en una carretera aislada o peligrosa, la aplicaci\u00f3n permite enviar una alerta a los servicios de asistencia en carretera o a los contactos para pedir ayuda.<\/li>\r\n\r\n\r\n\r\n<li style=\"font-size:1rem\"><strong>Aislamiento social o sentimiento de peligro: <\/strong>Una persona que se sienta vulnerable o amenazada en una situaci\u00f3n social particular (por ejemplo, durante una cita con un desconocido) puede usar la aplicaci\u00f3n para alertar discretamente a un amigo y compartir su posici\u00f3n.<\/li>\r\n\r\n\r\n\r\n<li style=\"font-size:1rem\"><strong>Apoyo psicol\u00f3gico: <\/strong>Para personas que sufren de ansiedad o ataques de p\u00e1nico, la aplicaci\u00f3n permite alertar a un contacto de confianza para obtener apoyo inmediato.<\/li>\r\n<\/ul>\r\n\r\n\r\n\r\n<h2 class=\"wp-block-heading has-background\" style=\"background-color:#f9f3eb;margin-top:var(--wp--preset--spacing--30);margin-bottom:var(--wp--preset--spacing--30);padding-top:var(--wp--preset--spacing--20);padding-bottom:var(--wp--preset--spacing--20);font-size:1.2rem\">Trabajo y situaciones profesionales<\/h2>\r\n\r\n\r\n\r\n<ul class=\"wp-block-list\">\r\n<li style=\"font-size:1rem\"><strong>Trabajadores solitarios: <\/strong>para profesionales que trabajan solos en entornos de riesgo (agentes de seguridad, t\u00e9cnicos de mantenimiento, taxistas, agricultores, ostricultores), la aplicaci\u00f3n contribuye a una asistencia r\u00e1pida en caso de accidente o agresi\u00f3n.<\/li>\r\n\r\n\r\n\r\n<li style=\"font-size:1rem\"><strong>Profesionales de la salud y lo social: <\/strong>Los m\u00e9dicos, enfermeras, trabajadores sociales o asistentes domiciliarios que visitan a pacientes o clientes en riesgo pueden usar la aplicaci\u00f3n para informar de una situaci\u00f3n peligrosa o pedir ayuda.<\/li>\r\n\r\n\r\n\r\n<li style=\"font-size:1rem\"><strong>Personal de noche: <\/strong>los empleados que trabajan de noche en lugares aislados (gasolineras, supermercados, hoteles) pueden tener un medio para pedir ayuda r\u00e1pidamente en caso de robo o agresi\u00f3n.<\/li>\r\n\r\n\r\n\r\n<li style=\"font-size:1rem\"><strong>Periodistas y reporteros en zonas de riesgo: <\/strong>posibilidad de informar de una situaci\u00f3n peligrosa o una detenci\u00f3n, transmitiendo la posici\u00f3n e informaci\u00f3n contextual (por llamada telef\u00f3nica o SMS) a los contactos de emergencia.<\/li>\r\n<\/ul>\r\n\r\n\r\n\r\n<h2 class=\"wp-block-heading has-background\" style=\"background-color:#f9f3eb;margin-top:var(--wp--preset--spacing--30);margin-bottom:var(--wp--preset--spacing--30);padding-top:var(--wp--preset--spacing--20);padding-bottom:var(--wp--preset--spacing--20);font-size:1.2rem\">Ocio y actividades al aire libre<\/h2>\r\n\r\n\r\n\r\n<ul class=\"wp-block-list\">\r\n<li style=\"font-size:1rem\"><strong>Senderismo y alpinismo: <\/strong>En caso de ca\u00edda, lesi\u00f3n, desorientaci\u00f3n o condiciones meteorol\u00f3gicas extremas, la aplicaci\u00f3n permite enviar una alerta con la posici\u00f3n GPS a los equipos de rescate o a su familia.<\/li>\r\n\r\n\r\n\r\n<li style=\"font-size:1rem\"><strong>Deportes n\u00e1uticos: <\/strong>para los navegantes, por ejemplo, la aplicaci\u00f3n puede utilizarse para informar de un problema (vuelco, aver\u00eda del motor, lesi\u00f3n) con transmisi\u00f3n de la posici\u00f3n.<\/li>\r\n\r\n\r\n\r\n<li style=\"font-size:1rem\"><strong>Ciclismo y carrera a pie: <\/strong>En caso de ca\u00edda, lesi\u00f3n o malestar, la aplicaci\u00f3n permite alertar a contactos predefinidos con la ubicaci\u00f3n.<\/li>\r\n\r\n\r\n\r\n<li style=\"font-size:1rem\"><strong>Viajes y turismo: <\/strong>Los viajeros, especialmente aquellos que exploran zonas desconocidas o peligrosas, pueden usar la aplicaci\u00f3n para alertar a sus seres queridos o a los servicios consulares en caso de problema (agresi\u00f3n, enfermedad, robo de documentos).<\/li>\r\n<\/ul>\r\n\r\n\r\n\r\n<p style=\"font-size:1rem\">En los casos anteriores, con el objetivo de informar a su entorno profesional o familiar, por ejemplo, la alerta tambi\u00e9n puede limitarse a enviar por SMS solo la ubicaci\u00f3n geogr\u00e1fica actual. Ejemplo: en modo repetitivo, durante 5 horas, cada 15 minutos, env\u00edo un SMS que contiene solo mi ubicaci\u00f3n.<\/p>\r\n\r\n\r\n\r\n<p class=\"has-small-font-size\" style=\"margin-top:var(--wp--preset--spacing--30);margin-bottom:var(--wp--preset--spacing--30)\"><\/p>\r\n","protected":false},"excerpt":{"rendered":"<p>CASOS DE USO Una aplicaci\u00f3n para smartphone que permite enviar alertas, llamadas de auxilio o simplemente su ubicaci\u00f3n actual puede [&hellip;]<\/p>\n","protected":false},"author":1,"featured_media":0,"parent":0,"menu_order":1,"comment_status":"closed","ping_status":"closed","template":"","meta":{"site-sidebar-layout":"default","site-content-layout":"","ast-site-content-layout":"","site-content-style":"default","site-sidebar-style":"default","ast-global-header-display":"","ast-banner-title-visibility":"","ast-main-header-display":"","ast-hfb-above-header-display":"","ast-hfb-below-header-display":"","ast-hfb-mobile-header-display":"","site-post-title":"disabled","ast-breadcrumbs-content":"","ast-featured-img":"","footer-sml-layout":"","theme-transparent-header-meta":"","adv-header-id-meta":"","stick-header-meta":"","header-above-stick-meta":"","header-main-stick-meta":"","header-below-stick-meta":"","astra-migrate-meta-layouts":"default","ast-page-background-enabled":"default","ast-page-background-meta":{"desktop":{"background-color":"var(--ast-global-color-5)","background-image":"","background-repeat":"repeat","background-position":"center center","background-size":"auto","background-attachment":"scroll","background-type":"","background-media":"","overlay-type":"","overlay-color":"","overlay-opacity":"","overlay-gradient":""},"tablet":{"background-color":"","background-image":"","background-repeat":"repeat","background-position":"center center","background-size":"auto","background-attachment":"scroll","background-type":"","background-media":"","overlay-type":"","overlay-color":"","overlay-opacity":"","overlay-gradient":""},"mobile":{"background-color":"","background-image":"","background-repeat":"repeat","background-position":"center center","background-size":"auto","background-attachment":"scroll","background-type":"","background-media":"","overlay-type":"","overlay-color":"","overlay-opacity":"","overlay-gradient":""}},"ast-content-background-meta":{"desktop":{"background-color":"var(--ast-global-color-4)","background-image":"","background-repeat":"repeat","background-position":"center center","background-size":"auto","background-attachment":"scroll","background-type":"","background-media":"","overlay-type":"","overlay-color":"","overlay-opacity":"","overlay-gradient":""},"tablet":{"background-color":"var(--ast-global-color-4)","background-image":"","background-repeat":"repeat","background-position":"center center","background-size":"auto","background-attachment":"scroll","background-type":"","background-media":"","overlay-type":"","overlay-color":"","overlay-opacity":"","overlay-gradient":""},"mobile":{"background-color":"var(--ast-global-color-4)","background-image":"","background-repeat":"repeat","background-position":"center center","background-size":"auto","background-attachment":"scroll","background-type":"","background-media":"","overlay-type":"","overlay-color":"","overlay-opacity":"","overlay-gradient":""}},"footnotes":""},"class_list":["post-127","page","type-page","status-publish","hentry"],"yoast_head":"<!-- This site is optimized with the Yoast SEO plugin v25.6 - https:\/\/yoast.com\/wordpress\/plugins\/seo\/ -->\n<title>Casos de uso<\/title>\n<meta name=\"description\" content=\"Una aplicaci\u00f3n para smartphone que permite enviar alertas, llamadas de ayuda o simplemente su ubicaci\u00f3n actual puede resultar crucial en muchas situaciones, ofreciendo tranquilidad y contribuyendo a un acceso r\u00e1pido a la asistencia. Ejemplos: seguridad personal y situaciones de emergencia, vida cotidiana y asistencia, trabajo y situaciones profesionales, as\u00ed como ocio y actividades al aire libre.\" \/>\n<meta name=\"robots\" content=\"index, follow, max-snippet:-1, max-image-preview:large, max-video-preview:-1\" \/>\n<link rel=\"canonical\" href=\"http:\/\/CASOS%20DE%20USO%20Una%20aplicaci\u00f3n%20para%20smartphone%20que%20permite%20enviar%20alertas,%20llamadas%20de%20auxilio%20o%20simplemente%20su%20ubicaci\u00f3n%20actual%20puede%20resultar%20crucial%20en%20muchas%20situaciones,%20ofreciendo%20tranquilidad%20y%20contribuyendo%20a%20un%20acceso%20r\u00e1pido%20a%20la%20asistencia.%20A%20continuaci\u00f3n,%20se%20presentan%20algunos%20ejemplos%20de%20sus%20casos%20de%20uso,%20clasificados%20por%20categor\u00edas%20para%20una%20mejor%20comprensi\u00f3n.%20Seguridad&hellip;\" \/>\n<meta property=\"og:locale\" content=\"es_ES\" \/>\n<meta property=\"og:type\" content=\"article\" \/>\n<meta property=\"og:title\" content=\"Casos de uso\" \/>\n<meta property=\"og:description\" content=\"Una aplicaci\u00f3n para smartphone que permite enviar alertas, llamadas de ayuda o simplemente su ubicaci\u00f3n actual puede resultar crucial en muchas situaciones, ofreciendo tranquilidad y contribuyendo a un acceso r\u00e1pido a la asistencia. Ejemplos: seguridad personal y situaciones de emergencia, vida cotidiana y asistencia, trabajo y situaciones profesionales, as\u00ed como ocio y actividades al aire libre.\" \/>\n<meta property=\"og:url\" content=\"https:\/\/www.dataslatitudes.com\/sosuniversal\/es\/cas-dutilisation\/\" \/>\n<meta property=\"og:site_name\" content=\"SOS Universal\" \/>\n<meta property=\"article:modified_time\" content=\"2025-07-13T07:26:58+00:00\" \/>\n<meta name=\"twitter:card\" content=\"summary_large_image\" \/>\n<meta name=\"twitter:label1\" content=\"Tiempo de lectura\" \/>\n\t<meta name=\"twitter:data1\" content=\"5 minutos\" \/>\n<script type=\"application\/ld+json\" class=\"yoast-schema-graph\">{\"@context\":\"https:\/\/schema.org\",\"@graph\":[{\"@type\":\"WebPage\",\"@id\":\"https:\/\/www.dataslatitudes.com\/sosuniversal\/es\/cas-dutilisation\/\",\"url\":\"https:\/\/www.dataslatitudes.com\/sosuniversal\/es\/cas-dutilisation\/\",\"name\":\"Cas d'utilisation - SOS Universal\",\"isPartOf\":{\"@id\":\"https:\/\/www.dataslatitudes.com\/sosuniversal\/#website\"},\"datePublished\":\"2025-06-12T03:29:21+00:00\",\"dateModified\":\"2025-07-13T07:26:58+00:00\",\"description\":\"Une application pour smartphone permettant d\u2019envoyer des alertes, des appels \u00e0 l\u2019aide ou tout simplement sa localisation courante peut s\u2019av\u00e9rer cruciale dans de nombreuses situations, offrant une tranquillit\u00e9 d\u2019esprit et contribuant \u00e0 un acc\u00e8s rapide \u00e0 l\u2019assistance. Exemples : s\u00e9curit\u00e9 personnelle et situations d\u2019urgence, vie quotidienne et assistance, travail et situations professionnelles ainsi que loisirs et activit\u00e9s en ext\u00e9rieur.\",\"breadcrumb\":{\"@id\":\"https:\/\/www.dataslatitudes.com\/sosuniversal\/es\/cas-dutilisation\/#breadcrumb\"},\"inLanguage\":\"es\",\"potentialAction\":[{\"@type\":\"ReadAction\",\"target\":[\"https:\/\/www.dataslatitudes.com\/sosuniversal\/es\/cas-dutilisation\/\"]}]},{\"@type\":\"BreadcrumbList\",\"@id\":\"https:\/\/www.dataslatitudes.com\/sosuniversal\/es\/cas-dutilisation\/#breadcrumb\",\"itemListElement\":[{\"@type\":\"ListItem\",\"position\":1,\"name\":\"Presentaci\u00f3n\",\"item\":\"https:\/\/www.dataslatitudes.com\/sosuniversal\/fr\/\"},{\"@type\":\"ListItem\",\"position\":2,\"name\":\"Casos de uso\"}]},{\"@type\":\"WebSite\",\"@id\":\"https:\/\/www.dataslatitudes.com\/sosuniversal\/es\/#website\",\"url\":\"https:\/\/www.dataslatitudes.com\/sosuniversal\/es\/\",\"name\":\"SOS Universal\",\"description\":\"\",\"publisher\":{\"@id\":\"https:\/\/www.dataslatitudes.com\/sosuniversal\/es\/#organization\"},\"potentialAction\":[{\"@type\":\"SearchAction\",\"target\":{\"@type\":\"EntryPoint\",\"urlTemplate\":\"https:\/\/www.dataslatitudes.com\/sosuniversal\/es\/?s={search_term_string}\"},\"query-input\":{\"@type\":\"PropertyValueSpecification\",\"valueRequired\":true,\"valueName\":\"search_term_string\"}}],\"inLanguage\":\"es\"},{\"@type\":\"Organization\",\"@id\":\"https:\/\/www.dataslatitudes.com\/sosuniversal\/es\/#organization\",\"name\":\"DATASLATITUDES\",\"url\":\"https:\/\/www.dataslatitudes.com\/sosuniversal\/es\/\",\"logo\":{\"@type\":\"ImageObject\",\"inLanguage\":\"es\",\"@id\":\"https:\/\/www.dataslatitudes.com\/sosuniversal\/es\/#\/schema\/logo\/image\/\",\"url\":\"https:\/\/www.dataslatitudes.com\/sosuniversal\/wp-content\/uploads\/2025\/07\/logo_mrdv.png\",\"contentUrl\":\"https:\/\/www.dataslatitudes.com\/sosuniversal\/wp-content\/uploads\/2025\/07\/logo_mrdv.png\",\"width\":72,\"height\":72,\"caption\":\"DATASLATITUDES\"},\"image\":{\"@id\":\"https:\/\/www.dataslatitudes.com\/sosuniversal\/es\/#\/schema\/logo\/image\/\"}}]}<\/script>\n<!-- \/ Yoast SEO plugin. -->","yoast_head_json":{"title":"Casos de uso","description":"Una aplicaci\u00f3n para smartphone que permite enviar alertas, llamadas de ayuda o simplemente su ubicaci\u00f3n actual puede resultar crucial en muchas situaciones, ofreciendo tranquilidad y contribuyendo a un acceso r\u00e1pido a la asistencia. Ejemplos: seguridad personal y situaciones de emergencia, vida cotidiana y asistencia, trabajo y situaciones profesionales, as\u00ed como ocio y actividades al aire libre.","robots":{"index":"index","follow":"follow","max-snippet":"max-snippet:-1","max-image-preview":"max-image-preview:large","max-video-preview":"max-video-preview:-1"},"canonical":"CASOS DE USO Una aplicaci\u00f3n para smartphone que permite enviar alertas, llamadas de auxilio o simplemente su ubicaci\u00f3n actual puede resultar crucial en muchas situaciones, ofreciendo tranquilidad y contribuyendo a un acceso r\u00e1pido a la asistencia. A continuaci\u00f3n, se presentan algunos ejemplos de sus casos de uso, clasificados por categor\u00edas para una mejor comprensi\u00f3n. Seguridad&hellip;","og_locale":"es_ES","og_type":"article","og_title":"Casos de uso","og_description":"Una aplicaci\u00f3n para smartphone que permite enviar alertas, llamadas de ayuda o simplemente su ubicaci\u00f3n actual puede resultar crucial en muchas situaciones, ofreciendo tranquilidad y contribuyendo a un acceso r\u00e1pido a la asistencia. Ejemplos: seguridad personal y situaciones de emergencia, vida cotidiana y asistencia, trabajo y situaciones profesionales, as\u00ed como ocio y actividades al aire libre.","og_url":"https:\/\/www.dataslatitudes.com\/sosuniversal\/es\/cas-dutilisation\/","og_site_name":"SOS Universal","article_modified_time":"2025-07-13T07:26:58+00:00","twitter_card":"summary_large_image","twitter_misc":{"Tiempo de lectura":"5 minutos"},"schema":{"@context":"https:\/\/schema.org","@graph":[{"@type":"WebPage","@id":"https:\/\/www.dataslatitudes.com\/sosuniversal\/es\/cas-dutilisation\/","url":"https:\/\/www.dataslatitudes.com\/sosuniversal\/es\/cas-dutilisation\/","name":"Cas d'utilisation - SOS Universal","isPartOf":{"@id":"https:\/\/www.dataslatitudes.com\/sosuniversal\/#website"},"datePublished":"2025-06-12T03:29:21+00:00","dateModified":"2025-07-13T07:26:58+00:00","description":"Une application pour smartphone permettant d\u2019envoyer des alertes, des appels \u00e0 l\u2019aide ou tout simplement sa localisation courante peut s\u2019av\u00e9rer cruciale dans de nombreuses situations, offrant une tranquillit\u00e9 d\u2019esprit et contribuant \u00e0 un acc\u00e8s rapide \u00e0 l\u2019assistance. Exemples : s\u00e9curit\u00e9 personnelle et situations d\u2019urgence, vie quotidienne et assistance, travail et situations professionnelles ainsi que loisirs et activit\u00e9s en ext\u00e9rieur.","breadcrumb":{"@id":"https:\/\/www.dataslatitudes.com\/sosuniversal\/es\/cas-dutilisation\/#breadcrumb"},"inLanguage":"es","potentialAction":[{"@type":"ReadAction","target":["https:\/\/www.dataslatitudes.com\/sosuniversal\/es\/cas-dutilisation\/"]}]},{"@type":"BreadcrumbList","@id":"https:\/\/www.dataslatitudes.com\/sosuniversal\/es\/cas-dutilisation\/#breadcrumb","itemListElement":[{"@type":"ListItem","position":1,"name":"Presentaci\u00f3n","item":"https:\/\/www.dataslatitudes.com\/sosuniversal\/fr\/"},{"@type":"ListItem","position":2,"name":"Casos de uso"}]},{"@type":"WebSite","@id":"https:\/\/www.dataslatitudes.com\/sosuniversal\/es\/#website","url":"https:\/\/www.dataslatitudes.com\/sosuniversal\/es\/","name":"SOS Universal","description":"","publisher":{"@id":"https:\/\/www.dataslatitudes.com\/sosuniversal\/es\/#organization"},"potentialAction":[{"@type":"SearchAction","target":{"@type":"EntryPoint","urlTemplate":"https:\/\/www.dataslatitudes.com\/sosuniversal\/es\/?s={search_term_string}"},"query-input":{"@type":"PropertyValueSpecification","valueRequired":true,"valueName":"search_term_string"}}],"inLanguage":"es"},{"@type":"Organization","@id":"https:\/\/www.dataslatitudes.com\/sosuniversal\/es\/#organization","name":"DATASLATITUDES","url":"https:\/\/www.dataslatitudes.com\/sosuniversal\/es\/","logo":{"@type":"ImageObject","inLanguage":"es","@id":"https:\/\/www.dataslatitudes.com\/sosuniversal\/es\/#\/schema\/logo\/image\/","url":"https:\/\/www.dataslatitudes.com\/sosuniversal\/wp-content\/uploads\/2025\/07\/logo_mrdv.png","contentUrl":"https:\/\/www.dataslatitudes.com\/sosuniversal\/wp-content\/uploads\/2025\/07\/logo_mrdv.png","width":72,"height":72,"caption":"DATASLATITUDES"},"image":{"@id":"https:\/\/www.dataslatitudes.com\/sosuniversal\/es\/#\/schema\/logo\/image\/"}}]}},"_links":{"self":[{"href":"https:\/\/www.dataslatitudes.com\/sosuniversal\/es\/wp-json\/wp\/v2\/pages\/127","targetHints":{"allow":["GET"]}}],"collection":[{"href":"https:\/\/www.dataslatitudes.com\/sosuniversal\/es\/wp-json\/wp\/v2\/pages"}],"about":[{"href":"https:\/\/www.dataslatitudes.com\/sosuniversal\/es\/wp-json\/wp\/v2\/types\/page"}],"author":[{"embeddable":true,"href":"https:\/\/www.dataslatitudes.com\/sosuniversal\/es\/wp-json\/wp\/v2\/users\/1"}],"replies":[{"embeddable":true,"href":"https:\/\/www.dataslatitudes.com\/sosuniversal\/es\/wp-json\/wp\/v2\/comments?post=127"}],"version-history":[{"count":34,"href":"https:\/\/www.dataslatitudes.com\/sosuniversal\/es\/wp-json\/wp\/v2\/pages\/127\/revisions"}],"predecessor-version":[{"id":868,"href":"https:\/\/www.dataslatitudes.com\/sosuniversal\/es\/wp-json\/wp\/v2\/pages\/127\/revisions\/868"}],"wp:attachment":[{"href":"https:\/\/www.dataslatitudes.com\/sosuniversal\/es\/wp-json\/wp\/v2\/media?parent=127"}],"curies":[{"name":"wp","href":"https:\/\/api.w.org\/{rel}","templated":true}]}}