{"id":185,"date":"2025-06-12T17:24:48","date_gmt":"2025-06-12T17:24:48","guid":{"rendered":"https:\/\/www.dataslatitudes.com\/sosuniversal\/index.php\/politique-de-confidentialite\/"},"modified":"2025-08-14T10:02:03","modified_gmt":"2025-08-14T10:02:03","slug":"mentions-legales","status":"publish","type":"page","link":"https:\/\/www.dataslatitudes.com\/sosuniversal\/en\/mentions-legales\/","title":{"rendered":"Legal notices"},"content":{"rendered":"\r\n<p class=\"has-small-font-size\"><\/p>\r\n\r\n\r\n\r\n<h1 class=\"wp-block-heading has-text-align-center has-medium-font-size\"><strong>LEGAL NOTICES<\/strong><\/h1>\r\n\r\n\r\n\r\n<h2 class=\"wp-block-heading has-background\" style=\"background-color:#f9f3eb;margin-top:var(--wp--preset--spacing--20);margin-bottom:var(--wp--preset--spacing--20);padding-top:var(--wp--preset--spacing--30);padding-bottom:var(--wp--preset--spacing--30);font-size:1.2rem\">1. Information about the application publisher<\/h2>\r\n\r\n\r\n\r\n<p style=\"margin-top:0;margin-bottom:0;font-size:1rem\">This Website and the SOS Universal mobile application are published by the DATASLATITUDES company.<\/p>\r\n\r\n\r\n\r\n<p style=\"font-size:1rem\">You can request assistance at the email address: <strong>hotline.sos_universal@dataslatitudes.com<\/strong><\/p>\r\n\r\n\r\n\r\n<h2 class=\"wp-block-heading has-background\" style=\"background-color:#f9f3eb;margin-top:var(--wp--preset--spacing--20);margin-bottom:var(--wp--preset--spacing--20);padding-top:var(--wp--preset--spacing--30);padding-bottom:var(--wp--preset--spacing--30);font-size:1.2rem\">2. Hosting<\/h2>\r\n\r\n\r\n\r\n<p style=\"margin-top:0;margin-bottom:0\">SOS Universal is a mobile application distributed via download platforms (Google Play Store and soon App Store). It is specified that user data is exclusively stored locally on their own device.<\/p>\r\n\r\n\r\n\r\n<p style=\"margin-top:0;margin-bottom:0;padding-top:0;padding-bottom:0\">The servers of the distribution platforms host the application&#8217;s installation files.<\/p>\r\n\r\n\r\n\r\n<ul style=\"margin-top:0;margin-bottom:0\" class=\"wp-block-list\">\r\n<li style=\"margin-top:0;margin-bottom:0;padding-top:var(--wp--preset--spacing--20);padding-bottom:var(--wp--preset--spacing--20)\">Hosts for the mobile application:\r\n<ul class=\"wp-block-list\">\r\n<li style=\"margin-top:0;margin-bottom:0\"><strong>For Android: <\/strong>Google LLC, 1600 Amphitheatre Parkway, Mountain View, CA 94043, USA<\/li>\r\n\r\n\r\n\r\n<li><strong>For iOS: <\/strong>Apple Inc., One Apple Park Way, Cupertino, CA 95014, USA<\/li>\r\n<\/ul>\r\n<\/li>\r\n\r\n\r\n\r\n<li>Host of this Website: <strong>AlwaysData<\/strong>, 91 Rue du Faubourg Saint-Honor\u00e9, 75008 Paris<\/li>\r\n<\/ul>\r\n\r\n\r\n\r\n<p class=\"has-small-font-size\"><\/p>\r\n\r\n\r\n\r\n<h2 class=\"wp-block-heading has-background\" style=\"background-color:#f9f3eb;margin-top:var(--wp--preset--spacing--20);margin-bottom:var(--wp--preset--spacing--20);padding-top:var(--wp--preset--spacing--30);padding-bottom:var(--wp--preset--spacing--30);font-size:1.2rem\">3. Intellectual Property<\/h2>\r\n\r\n\r\n\r\n<p style=\"margin-top:0;margin-bottom:0\">This Website and the entire SOS Universal application, including its structure, interfaces, source code, graphic design, icons, texts, images, and all other content, are the exclusive property of the publisher DATASLATITUDES.<\/p>\r\n\r\n\r\n\r\n<p style=\"margin-top:var(--wp--preset--spacing--30);margin-bottom:var(--wp--preset--spacing--30)\">Any reproduction, representation, modification, publication, transmission or distortion, in whole or in part, of the application or its content or of the website, by any process whatsoever, and on any medium whatsoever, is strictly forbidden.<\/p>\r\n\r\n\r\n\r\n<p>Any unauthorized exploitation of the website, the application or any of its constituent elements is considered to be an infringement and is liable to criminal prosecution.<\/p>\r\n\r\n\r\n\r\n<h2 class=\"wp-block-heading has-background\" style=\"background-color:#f9f3eb;margin-top:var(--wp--preset--spacing--20);margin-bottom:var(--wp--preset--spacing--20);padding-top:var(--wp--preset--spacing--30);padding-bottom:var(--wp--preset--spacing--30);font-size:1.2rem\">4. External links<\/h2>\r\n\r\n\r\n\r\n<p style=\"margin-top:0;margin-bottom:0\">The application may contain hyperlinks to third-party sites or services, including GoogleMaps (or OpenStreetMap), for geolocation purposes. The Publisher cannot be held responsible for the content of these third-party sites or the privacy practices they apply. The user is invited to consult the general terms and conditions and privacy policies of these sites or services.<\/p>\r\n\r\n\r\n\r\n<p class=\"has-small-font-size\"><\/p>\r\n\r\n\r\n\r\n<h2 class=\"wp-block-heading has-background\" style=\"background-color:#f9f3eb;margin-top:var(--wp--preset--spacing--20);margin-bottom:var(--wp--preset--spacing--20);padding-top:var(--wp--preset--spacing--30);padding-bottom:var(--wp--preset--spacing--30);font-size:1.2rem\">5. Responsibility<\/h2>\r\n\r\n\r\n\r\n<p style=\"margin-top:0;margin-bottom:0\">The Publisher strives to guarantee the reliability and accuracy of the application&#8217;s information and features. However, the Publisher cannot guarantee that the application will be free of errors, bugs, or interruptions.<br><strong>Important notice: <\/strong>The SOS Universal application is only an assistance tool. <strong>It does not replace official emergency services in any way. <\/strong>The Publisher disclaims all responsibility in case of misuse of the application or failure of telecommunication services (mobile network, SMS) that are beyond its control.<\/p>\r\n\r\n\r\n\r\n<p class=\"has-small-font-size\"><\/p>\r\n\r\n\r\n\r\n<h2 class=\"wp-block-heading has-background\" style=\"background-color:#f9f3eb;margin-top:var(--wp--preset--spacing--20);margin-bottom:var(--wp--preset--spacing--20);padding-top:var(--wp--preset--spacing--30);padding-bottom:var(--wp--preset--spacing--30);font-size:1.2rem\">6. Credits (for this Website and the SOS Universal application)<\/h2>\r\n\r\n\r\n\r\n<ul style=\"margin-top:0;margin-bottom:0;padding-top:0;padding-bottom:0\" class=\"wp-block-list\">\r\n<li style=\"margin-top:0;margin-bottom:0;padding-top:0;padding-bottom:0\"><strong>Study and design: <\/strong>DATASLATITUDES<\/li>\r\n\r\n\r\n\r\n<li><strong>Development: <\/strong>DATASLATITUDES<\/li>\r\n<\/ul>\r\n\r\n\r\n\r\n<p class=\"has-medium-font-size\"><\/p>\r\n\r\n\r\n\r\n<p class=\"has-medium-font-size\"><\/p>\r\n","protected":false},"excerpt":{"rendered":"<p>LEGAL NOTICES 1. Information about the application publisher This Website and the SOS Universal mobile application are published by the [&hellip;]<\/p>\n","protected":false},"author":1,"featured_media":0,"parent":0,"menu_order":5,"comment_status":"closed","ping_status":"closed","template":"","meta":{"site-sidebar-layout":"default","site-content-layout":"","ast-site-content-layout":"default","site-content-style":"default","site-sidebar-style":"default","ast-global-header-display":"","ast-banner-title-visibility":"","ast-main-header-display":"","ast-hfb-above-header-display":"","ast-hfb-below-header-display":"","ast-hfb-mobile-header-display":"","site-post-title":"disabled","ast-breadcrumbs-content":"","ast-featured-img":"","footer-sml-layout":"","theme-transparent-header-meta":"","adv-header-id-meta":"","stick-header-meta":"","header-above-stick-meta":"","header-main-stick-meta":"","header-below-stick-meta":"","astra-migrate-meta-layouts":"default","ast-page-background-enabled":"default","ast-page-background-meta":{"desktop":{"background-color":"var(--ast-global-color-5)","background-image":"","background-repeat":"repeat","background-position":"center center","background-size":"auto","background-attachment":"scroll","background-type":"","background-media":"","overlay-type":"","overlay-color":"","overlay-opacity":"","overlay-gradient":""},"tablet":{"background-color":"","background-image":"","background-repeat":"repeat","background-position":"center center","background-size":"auto","background-attachment":"scroll","background-type":"","background-media":"","overlay-type":"","overlay-color":"","overlay-opacity":"","overlay-gradient":""},"mobile":{"background-color":"","background-image":"","background-repeat":"repeat","background-position":"center center","background-size":"auto","background-attachment":"scroll","background-type":"","background-media":"","overlay-type":"","overlay-color":"","overlay-opacity":"","overlay-gradient":""}},"ast-content-background-meta":{"desktop":{"background-color":"var(--ast-global-color-4)","background-image":"","background-repeat":"repeat","background-position":"center center","background-size":"auto","background-attachment":"scroll","background-type":"","background-media":"","overlay-type":"","overlay-color":"","overlay-opacity":"","overlay-gradient":""},"tablet":{"background-color":"var(--ast-global-color-4)","background-image":"","background-repeat":"repeat","background-position":"center center","background-size":"auto","background-attachment":"scroll","background-type":"","background-media":"","overlay-type":"","overlay-color":"","overlay-opacity":"","overlay-gradient":""},"mobile":{"background-color":"var(--ast-global-color-4)","background-image":"","background-repeat":"repeat","background-position":"center center","background-size":"auto","background-attachment":"scroll","background-type":"","background-media":"","overlay-type":"","overlay-color":"","overlay-opacity":"","overlay-gradient":""}},"footnotes":""},"class_list":["post-185","page","type-page","status-publish","hentry"],"yoast_head":"<!-- This site is optimized with the Yoast SEO plugin v25.6 - https:\/\/yoast.com\/wordpress\/plugins\/seo\/ -->\n<title>Legal notices<\/title>\n<meta name=\"description\" content=\"These legal notices summarise aspects relating to information about the application&#039;s publisher, hosting, intellectual property, external links, liability, and credits of DATASLATITUDES (for this Website and the SOS Universal application).\" \/>\n<meta name=\"robots\" content=\"index, follow, max-snippet:-1, max-image-preview:large, max-video-preview:-1\" \/>\n<link rel=\"canonical\" href=\"\" \/>\n<meta property=\"og:locale\" content=\"en_GB\" \/>\n<meta property=\"og:type\" content=\"article\" \/>\n<meta property=\"og:title\" content=\"Legal notices\" \/>\n<meta property=\"og:description\" content=\"These legal notices summarise aspects relating to information about the application&#039;s publisher, hosting, intellectual property, external links, liability, and credits of DATASLATITUDES (for this Website and the SOS Universal application).\" \/>\n<meta property=\"og:url\" content=\"https:\/\/www.dataslatitudes.com\/sosuniversal\/en\/mentions-legales\/\" \/>\n<meta property=\"og:site_name\" content=\"SOS Universal\" \/>\n<meta property=\"article:modified_time\" content=\"2025-08-14T10:02:03+00:00\" \/>\n<meta name=\"twitter:card\" content=\"summary_large_image\" \/>\n<meta name=\"twitter:label1\" content=\"Estimated reading time\" \/>\n\t<meta name=\"twitter:data1\" content=\"3 minutes\" \/>\n<script type=\"application\/ld+json\" class=\"yoast-schema-graph\">{\"@context\":\"https:\/\/schema.org\",\"@graph\":[{\"@type\":\"WebPage\",\"@id\":\"https:\/\/www.dataslatitudes.com\/sosuniversal\/en\/mentions-legales\/\",\"url\":\"https:\/\/www.dataslatitudes.com\/sosuniversal\/en\/mentions-legales\/\",\"name\":\"Mentions l\u00e9gales - SOS Universal\",\"isPartOf\":{\"@id\":\"https:\/\/www.dataslatitudes.com\/sosuniversal\/#website\"},\"datePublished\":\"2025-06-12T17:24:48+00:00\",\"dateModified\":\"2025-08-14T10:02:03+00:00\",\"description\":\"Les pr\u00e9sentes mentions l\u00e9gales r\u00e9capitulent les aspects relatifs aux informations sur l\u2019\u00e9diteur de l\u2019application, l'h\u00e9bergement, la propri\u00e9t\u00e9 Intellectuelle, les liens externes, la responsabilit\u00e9 et les cr\u00e9dits de DATASLATITUDES (pour le pr\u00e9sent site Web et l\u2019application SOS Universal).\",\"breadcrumb\":{\"@id\":\"https:\/\/www.dataslatitudes.com\/sosuniversal\/en\/mentions-legales\/#breadcrumb\"},\"inLanguage\":\"en-GB\",\"potentialAction\":[{\"@type\":\"ReadAction\",\"target\":[\"https:\/\/www.dataslatitudes.com\/sosuniversal\/en\/mentions-legales\/\"]}]},{\"@type\":\"BreadcrumbList\",\"@id\":\"https:\/\/www.dataslatitudes.com\/sosuniversal\/en\/mentions-legales\/#breadcrumb\",\"itemListElement\":[{\"@type\":\"ListItem\",\"position\":1,\"name\":\"Presentation\",\"item\":\"https:\/\/www.dataslatitudes.com\/sosuniversal\/fr\/\"},{\"@type\":\"ListItem\",\"position\":2,\"name\":\"Legal notices\"}]},{\"@type\":\"WebSite\",\"@id\":\"https:\/\/www.dataslatitudes.com\/sosuniversal\/en\/#website\",\"url\":\"https:\/\/www.dataslatitudes.com\/sosuniversal\/en\/\",\"name\":\"SOS Universal\",\"description\":\"\",\"publisher\":{\"@id\":\"https:\/\/www.dataslatitudes.com\/sosuniversal\/en\/#organization\"},\"potentialAction\":[{\"@type\":\"SearchAction\",\"target\":{\"@type\":\"EntryPoint\",\"urlTemplate\":\"https:\/\/www.dataslatitudes.com\/sosuniversal\/en\/?s={search_term_string}\"},\"query-input\":{\"@type\":\"PropertyValueSpecification\",\"valueRequired\":true,\"valueName\":\"search_term_string\"}}],\"inLanguage\":\"en-GB\"},{\"@type\":\"Organization\",\"@id\":\"https:\/\/www.dataslatitudes.com\/sosuniversal\/en\/#organization\",\"name\":\"DATASLATITUDES\",\"url\":\"https:\/\/www.dataslatitudes.com\/sosuniversal\/en\/\",\"logo\":{\"@type\":\"ImageObject\",\"inLanguage\":\"en-GB\",\"@id\":\"https:\/\/www.dataslatitudes.com\/sosuniversal\/en\/#\/schema\/logo\/image\/\",\"url\":\"https:\/\/www.dataslatitudes.com\/sosuniversal\/wp-content\/uploads\/2025\/07\/logo_mrdv.png\",\"contentUrl\":\"https:\/\/www.dataslatitudes.com\/sosuniversal\/wp-content\/uploads\/2025\/07\/logo_mrdv.png\",\"width\":72,\"height\":72,\"caption\":\"DATASLATITUDES\"},\"image\":{\"@id\":\"https:\/\/www.dataslatitudes.com\/sosuniversal\/en\/#\/schema\/logo\/image\/\"}}]}<\/script>\n<!-- \/ Yoast SEO plugin. -->","yoast_head_json":{"title":"Legal notices","description":"These legal notices summarise aspects relating to information about the application's publisher, hosting, intellectual property, external links, liability, and credits of DATASLATITUDES (for this Website and the SOS Universal application).","robots":{"index":"index","follow":"follow","max-snippet":"max-snippet:-1","max-image-preview":"max-image-preview:large","max-video-preview":"max-video-preview:-1"},"canonical":"LEGAL NOTICES 1. Information about the application publisher This Website and the SOS Universal mobile application are published by the DATASLATITUDES company. You can request assistance at the email address: hotline.sos_universal@dataslatitudes.com 2. Hosting SOS Universal is a mobile application distributed via download platforms (Google Play Store and soon App Store). It is specified that user&hellip;","og_locale":"en_GB","og_type":"article","og_title":"Legal notices","og_description":"These legal notices summarise aspects relating to information about the application's publisher, hosting, intellectual property, external links, liability, and credits of DATASLATITUDES (for this Website and the SOS Universal application).","og_url":"https:\/\/www.dataslatitudes.com\/sosuniversal\/en\/mentions-legales\/","og_site_name":"SOS Universal","article_modified_time":"2025-08-14T10:02:03+00:00","twitter_card":"summary_large_image","twitter_misc":{"Estimated reading time":"3 minutes"},"schema":{"@context":"https:\/\/schema.org","@graph":[{"@type":"WebPage","@id":"https:\/\/www.dataslatitudes.com\/sosuniversal\/en\/mentions-legales\/","url":"https:\/\/www.dataslatitudes.com\/sosuniversal\/en\/mentions-legales\/","name":"Mentions l\u00e9gales - SOS Universal","isPartOf":{"@id":"https:\/\/www.dataslatitudes.com\/sosuniversal\/#website"},"datePublished":"2025-06-12T17:24:48+00:00","dateModified":"2025-08-14T10:02:03+00:00","description":"Les pr\u00e9sentes mentions l\u00e9gales r\u00e9capitulent les aspects relatifs aux informations sur l\u2019\u00e9diteur de l\u2019application, l'h\u00e9bergement, la propri\u00e9t\u00e9 Intellectuelle, les liens externes, la responsabilit\u00e9 et les cr\u00e9dits de DATASLATITUDES (pour le pr\u00e9sent site Web et l\u2019application SOS Universal).","breadcrumb":{"@id":"https:\/\/www.dataslatitudes.com\/sosuniversal\/en\/mentions-legales\/#breadcrumb"},"inLanguage":"en-GB","potentialAction":[{"@type":"ReadAction","target":["https:\/\/www.dataslatitudes.com\/sosuniversal\/en\/mentions-legales\/"]}]},{"@type":"BreadcrumbList","@id":"https:\/\/www.dataslatitudes.com\/sosuniversal\/en\/mentions-legales\/#breadcrumb","itemListElement":[{"@type":"ListItem","position":1,"name":"Presentation","item":"https:\/\/www.dataslatitudes.com\/sosuniversal\/fr\/"},{"@type":"ListItem","position":2,"name":"Legal notices"}]},{"@type":"WebSite","@id":"https:\/\/www.dataslatitudes.com\/sosuniversal\/en\/#website","url":"https:\/\/www.dataslatitudes.com\/sosuniversal\/en\/","name":"SOS Universal","description":"","publisher":{"@id":"https:\/\/www.dataslatitudes.com\/sosuniversal\/en\/#organization"},"potentialAction":[{"@type":"SearchAction","target":{"@type":"EntryPoint","urlTemplate":"https:\/\/www.dataslatitudes.com\/sosuniversal\/en\/?s={search_term_string}"},"query-input":{"@type":"PropertyValueSpecification","valueRequired":true,"valueName":"search_term_string"}}],"inLanguage":"en-GB"},{"@type":"Organization","@id":"https:\/\/www.dataslatitudes.com\/sosuniversal\/en\/#organization","name":"DATASLATITUDES","url":"https:\/\/www.dataslatitudes.com\/sosuniversal\/en\/","logo":{"@type":"ImageObject","inLanguage":"en-GB","@id":"https:\/\/www.dataslatitudes.com\/sosuniversal\/en\/#\/schema\/logo\/image\/","url":"https:\/\/www.dataslatitudes.com\/sosuniversal\/wp-content\/uploads\/2025\/07\/logo_mrdv.png","contentUrl":"https:\/\/www.dataslatitudes.com\/sosuniversal\/wp-content\/uploads\/2025\/07\/logo_mrdv.png","width":72,"height":72,"caption":"DATASLATITUDES"},"image":{"@id":"https:\/\/www.dataslatitudes.com\/sosuniversal\/en\/#\/schema\/logo\/image\/"}}]}},"_links":{"self":[{"href":"https:\/\/www.dataslatitudes.com\/sosuniversal\/en\/wp-json\/wp\/v2\/pages\/185","targetHints":{"allow":["GET"]}}],"collection":[{"href":"https:\/\/www.dataslatitudes.com\/sosuniversal\/en\/wp-json\/wp\/v2\/pages"}],"about":[{"href":"https:\/\/www.dataslatitudes.com\/sosuniversal\/en\/wp-json\/wp\/v2\/types\/page"}],"author":[{"embeddable":true,"href":"https:\/\/www.dataslatitudes.com\/sosuniversal\/en\/wp-json\/wp\/v2\/users\/1"}],"replies":[{"embeddable":true,"href":"https:\/\/www.dataslatitudes.com\/sosuniversal\/en\/wp-json\/wp\/v2\/comments?post=185"}],"version-history":[{"count":29,"href":"https:\/\/www.dataslatitudes.com\/sosuniversal\/en\/wp-json\/wp\/v2\/pages\/185\/revisions"}],"predecessor-version":[{"id":2930,"href":"https:\/\/www.dataslatitudes.com\/sosuniversal\/en\/wp-json\/wp\/v2\/pages\/185\/revisions\/2930"}],"wp:attachment":[{"href":"https:\/\/www.dataslatitudes.com\/sosuniversal\/en\/wp-json\/wp\/v2\/media?parent=185"}],"curies":[{"name":"wp","href":"https:\/\/api.w.org\/{rel}","templated":true}]}}