{"id":75,"date":"2025-06-11T15:05:57","date_gmt":"2025-06-11T15:05:57","guid":{"rendered":"http:\/\/www.dataslatitudes.com\/sosuniversal\/index.php\/mode-demploi\/"},"modified":"2025-08-14T09:50:55","modified_gmt":"2025-08-14T09:50:55","slug":"politique-confidentialite","status":"publish","type":"page","link":"https:\/\/www.dataslatitudes.com\/sosuniversal\/de\/politique-confidentialite\/","title":{"rendered":"Datenschutz"},"content":{"rendered":"\r\n<p class=\"has-small-font-size\"><\/p>\r\n\r\n\r\n\r\n<h1 class=\"wp-block-heading has-text-align-center has-medium-font-size\"><strong>DATENSCHUTZRICHTLINIE<\/strong><\/h1>\r\n\r\n\r\n\r\n<p style=\"margin-top:0;margin-bottom:0;font-size:1rem\">Ziel dieser Datenschutzrichtlinie ist es, Sie transparent dar\u00fcber zu informieren, wie die mobile Anwendung SOS Universal (im Folgenden als \u201eAnwendung\u201c bezeichnet), die von DATASLATITUDES (im Folgenden als \u201eHerausgeber\u201c bezeichnet) entwickelt wurde, Ihre personenbezogenen Daten sammelt, verwendet und sch\u00fctzt.<\/p>\r\n\r\n\r\n\r\n<p style=\"margin-top:var(--wp--preset--spacing--20);margin-bottom:var(--wp--preset--spacing--20)\">Durch die Nutzung der Anwendung stimmen Sie den Bedingungen dieser Richtlinie zu. Wenn Sie diesen Bedingungen nicht zustimmen, verwenden Sie die Anwendung bitte nicht.<\/p>\r\n\r\n\r\n\r\n<p><strong>G\u00fcltigkeitsdatum: 28. Juni 2025<\/strong><\/p>\r\n\r\n\r\n\r\n<h2 class=\"wp-block-heading has-background\" style=\"background-color:#f9f3eb;margin-top:var(--wp--preset--spacing--30);margin-bottom:var(--wp--preset--spacing--30);padding-top:var(--wp--preset--spacing--30);padding-bottom:var(--wp--preset--spacing--30);font-size:1.2rem\">1. Verantwortlicher f\u00fcr die Datenverarbeitung<\/h2>\r\n\r\n\r\n\r\n<p>Der Verantwortliche f\u00fcr die Verarbeitung Ihrer pers\u00f6nlichen Daten ist: DATASLATITUDES. <strong>(E-Mail: privacy.sos_universal@dataslatitudes.com)<\/strong><\/p>\r\n\r\n\r\n\r\n<p class=\"has-small-font-size\"><\/p>\r\n\r\n\r\n\r\n<h2 class=\"wp-block-heading has-background\" style=\"background-color:#f9f3eb;margin-top:var(--wp--preset--spacing--30);margin-bottom:var(--wp--preset--spacing--30);padding-top:var(--wp--preset--spacing--30);padding-bottom:var(--wp--preset--spacing--30);font-size:1.2rem\">2. Gesammelte Daten und Zwecke<\/h2>\r\n\r\n\r\n\r\n<p style=\"margin-top:var(--wp--preset--spacing--30);margin-bottom:var(--wp--preset--spacing--30);padding-top:0;padding-bottom:0\">Die Anwendung ist darauf ausgelegt, die Erfassung personenbezogener Daten zu minimieren und bevorzugt ausschlie\u00dflich eine lokale Speicherung auf Ihrem Ger\u00e4t. Die Daten werden f\u00fcr folgende Zwecke verarbeitet:<\/p>\r\n\r\n\r\n\r\n<h3 class=\"wp-block-heading\" style=\"margin-top:var(--wp--preset--spacing--20);margin-bottom:var(--wp--preset--spacing--20);padding-top:0;padding-bottom:0;font-size:1.1rem\">2.1. Daten, die Sie direkt bereitstellen<\/h3>\r\n\r\n\r\n\r\n<ul style=\"margin-top:var(--wp--preset--spacing--20);margin-bottom:var(--wp--preset--spacing--20);padding-top:0;padding-bottom:0\" class=\"wp-block-list\">\r\n<li style=\"margin-top:var(--wp--preset--spacing--20);margin-bottom:var(--wp--preset--spacing--20);padding-top:0;padding-bottom:0\"><strong>Notfallkontakte: <\/strong>Sie erstellen oder importieren Kontakte (Namen und Telefonnummern) aus Ihrem Adressbuch.\r\n<ul class=\"wp-block-list\">\r\n<li><strong>Zweck: <\/strong>Diese Daten werden ausschlie\u00dflich zum Versenden von Alarm-SMS und zum Generieren von Telefonanrufen an Ihre Notfallkontakte verwendet.<\/li>\r\n\r\n\r\n\r\n<li><strong>Speicher: <\/strong>Diese Daten werden lokal auf Ihrem Ger\u00e4t gespeichert und nicht an unsere Server \u00fcbertragen.<\/li>\r\n<\/ul>\r\n<\/li>\r\n\r\n\r\n\r\n<li><strong>Standard- und Zusatznachrichten: <\/strong>Der Text, den Sie f\u00fcr die Alarm-SMS verfassen.\r\n<ul class=\"wp-block-list\">\r\n<li><strong>Zweck: <\/strong>Ihre pers\u00f6nliche Nachricht in die gesendeten Warnungen integrieren.<\/li>\r\n\r\n\r\n\r\n<li><strong>Speicher: <\/strong>lokal auf Ihrem Ger\u00e4t gespeichert.<\/li>\r\n<\/ul>\r\n<\/li>\r\n\r\n\r\n\r\n<li style=\"padding-top:var(--wp--preset--spacing--20);padding-bottom:var(--wp--preset--spacing--20)\"><strong>Audioaufnahmen: <\/strong>die Aufnahmen, die Sie ausl\u00f6sen.\r\n<ul class=\"wp-block-list\">\r\n<li><strong>Zweck: <\/strong>erm\u00f6glichen das Anh\u00f6ren, Umbenennen und L\u00f6schen Ihrer Aufnahmen. Von guter Qualit\u00e4t k\u00f6nnen sie als Beweismittel im Falle einer Beschwerde dienen.<\/li>\r\n\r\n\r\n\r\n<li><strong>Speicher: <\/strong>Lokal im Download-Ordner Ihres Smartphones gespeichert. Sie sind allein verantwortlich f\u00fcr die Verwaltung und L\u00f6schung dieser Dateien.<\/li>\r\n<\/ul>\r\n<\/li>\r\n<\/ul>\r\n\r\n\r\n\r\n<p class=\"has-small-font-size\"><\/p>\r\n\r\n\r\n\r\n<h3 class=\"wp-block-heading\" style=\"margin-top:var(--wp--preset--spacing--20);margin-bottom:var(--wp--preset--spacing--20);padding-top:0;padding-bottom:0;font-size:1.1rem\"><strong>2.2. Automatisch gesammelte Daten<\/strong><\/h3>\r\n\r\n\r\n\r\n<ul style=\"margin-top:var(--wp--preset--spacing--20);margin-bottom:var(--wp--preset--spacing--20);padding-top:0;padding-bottom:0\" class=\"wp-block-list\">\r\n<li style=\"margin-top:var(--wp--preset--spacing--20);margin-bottom:var(--wp--preset--spacing--20);padding-top:0;padding-bottom:0\"><strong>Geolokalisierungsdaten: <\/strong>Die Anwendung greift auf den Standort Ihres Ger\u00e4ts (GPS oder Wi-Fi) nur zu, wenn Sie die Funktion zum Senden Ihres Standorts in der Alarmnachricht aktivieren.\r\n<ul class=\"wp-block-list\">\r\n<li><strong>Zweck: <\/strong>Ihre geografische Position (Koordinaten und Adresse) an Ihre Notfallkontakte bei einem Alarm senden.<\/li>\r\n\r\n\r\n\r\n<li><strong>Speicher: <\/strong>diese Daten werden vom Herausgeber weder gespeichert noch aufbewahrt. Sie werden in Echtzeit verwendet, um den GoogleMaps- (oder OpenStreetMap) Link und die Adresse zu generieren, und werden dann in die \u00fcber Ihren Telekommunikationsanbieter gesendete SMS aufgenommen<\/li>\r\n<\/ul>\r\n<\/li>\r\n\r\n\r\n\r\n<li><strong>Alarmverlauf: <\/strong>Datum, Uhrzeit, Modus, Empf\u00e4nger und Inhalt der letzten 50 gesendeten Warnungen.\r\n<ul class=\"wp-block-list\">\r\n<li><strong>Zweck: <\/strong>Sie k\u00f6nnen den Verlauf Ihrer Warnungen aus Gr\u00fcnden der Nachverfolgung und Verwaltung einsehen.<\/li>\r\n\r\n\r\n\r\n<li><strong>Speicher: <\/strong>lokal auf Ihrem Ger\u00e4t gespeichert.<\/li>\r\n<\/ul>\r\n<\/li>\r\n\r\n\r\n\r\n<li style=\"padding-top:var(--wp--preset--spacing--20);padding-bottom:var(--wp--preset--spacing--20)\"><strong>Zugriffsberechtigungen: <\/strong>Die Anwendung erfordert Zugriff auf Ihre Kontakte, Geolokalisierung, Mikrofon, Audioaufnahme, Speicher, Benachrichtigungen und SMS-\/Telefonfunktionen.\r\n<ul class=\"wp-block-list\">\r\n<li><strong>Zweck: <\/strong>Diese Berechtigungen sind f\u00fcr das ordnungsgem\u00e4\u00dfe Funktionieren der Anwendung und die Ausf\u00fchrung ihrer Funktionen unbedingt erforderlich.<\/li>\r\n<\/ul>\r\n<\/li>\r\n<\/ul>\r\n\r\n\r\n\r\n<p class=\"has-small-font-size\"><\/p>\r\n\r\n\r\n\r\n<h2 class=\"wp-block-heading has-background\" style=\"background-color:#f9f3eb;margin-top:var(--wp--preset--spacing--30);margin-bottom:var(--wp--preset--spacing--30);padding-top:var(--wp--preset--spacing--30);padding-bottom:var(--wp--preset--spacing--30);font-size:1.2rem\">3. Datenweitergabe<\/h2>\r\n\r\n\r\n\r\n<p style=\"margin-top:var(--wp--preset--spacing--30);margin-bottom:var(--wp--preset--spacing--30);padding-top:0;padding-bottom:0\">Der Herausgeber teilt, verkauft oder vermietet Ihre personenbezogenen Daten nicht an Dritte, weder kommerziell noch kostenlos. Die einzigen Unternehmen, die Ihre Daten erhalten, sind:<\/p>\r\n\r\n\r\n\r\n<ul style=\"margin-top:var(--wp--preset--spacing--20);margin-bottom:var(--wp--preset--spacing--20)\" class=\"wp-block-list\">\r\n<li><strong>Ihre Notfallkontakte: <\/strong>Sie entscheiden, ob Sie ihnen Informationen (Nachricht, Standort) \u00fcber die Dienste Ihres Mobilfunkanbieters (SMS\/Anrufe) senden m\u00f6chten.<\/li>\r\n\r\n\r\n\r\n<li><strong>Google Maps: <\/strong>Die Anwendung verwendet den Kartendienst von Google, um einen Link zu Ihrem Standort zu generieren. Die Nutzung dieses Links unterliegt den Nutzungsbedingungen und der Datenschutzrichtlinie von Google.<\/li>\r\n\r\n\r\n\r\n<li><strong>OpenStreetMap: <\/strong>die Anwendung kann auch den Kartendienst von OpenStreetMap nutzen, um einen Link zu Ihrem Standort zu generieren. Die Nutzung dieses Links unterliegt den Nutzungsbedingungen und der Datenschutzrichtlinie von OpenStreetMap.<\/li>\r\n<\/ul>\r\n\r\n\r\n\r\n<p class=\"has-small-font-size\"><\/p>\r\n\r\n\r\n\r\n<h2 class=\"wp-block-heading has-background\" style=\"background-color:#f9f3eb;margin-top:var(--wp--preset--spacing--30);margin-bottom:var(--wp--preset--spacing--30);padding-top:var(--wp--preset--spacing--30);padding-bottom:var(--wp--preset--spacing--30);font-size:1.2rem\">4. Ihre Rechte (DSGVO-Konformit\u00e4t)<\/h2>\r\n\r\n\r\n\r\n<p style=\"margin-top:var(--wp--preset--spacing--30);margin-bottom:var(--wp--preset--spacing--30);padding-top:0;padding-bottom:0\">Als Nutzer haben Sie folgende Rechte bez\u00fcglich Ihrer personenbezogenen Daten:<\/p>\r\n\r\n\r\n\r\n<ul style=\"margin-top:var(--wp--preset--spacing--20);margin-bottom:var(--wp--preset--spacing--20)\" class=\"wp-block-list\">\r\n<li><strong>Zugriffsrecht: <\/strong>Sie k\u00f6nnen jederzeit \u00fcber die Anwendung auf die auf Ihrem Ger\u00e4t gespeicherten Daten zugreifen.<\/li>\r\n\r\n\r\n\r\n<li><strong>Recht auf Berichtigung: <\/strong>Sie k\u00f6nnen Ihre Kontakte und Einstellungen direkt in der Anwendung \u00e4ndern oder korrigieren.<\/li>\r\n\r\n\r\n\r\n<li><strong>Recht auf L\u00f6schung (\u201eRecht auf Vergessenwerden\u201c): <\/strong>Sie k\u00f6nnen Ihre Kontaktdaten und Audioaufnahmen jederzeit l\u00f6schen. Durch das L\u00f6schen der Anwendung werden alle lokal gespeicherten Daten gel\u00f6scht.<\/li>\r\n\r\n\r\n\r\n<li><strong>Recht auf Einschr\u00e4nkung der Verarbeitung: <\/strong>Sie k\u00f6nnen Kontakte oder Funktionen (wie den Standort) vor\u00fcbergehend deaktivieren, um die Verarbeitung Ihrer Daten einzuschr\u00e4nken.<\/li>\r\n\r\n\r\n\r\n<li><strong>Widerspruchsrecht: <\/strong>Sie k\u00f6nnen der Verarbeitung widersprechen, indem Sie die Nutzung der Anwendung einstellen und sie deinstallieren.<\/li>\r\n<\/ul>\r\n\r\n\r\n\r\n<p class=\"has-small-font-size\"><\/p>\r\n\r\n\r\n\r\n<h2 class=\"wp-block-heading has-background\" style=\"background-color:#f9f3eb;margin-top:var(--wp--preset--spacing--30);margin-bottom:var(--wp--preset--spacing--30);padding-top:var(--wp--preset--spacing--30);padding-bottom:var(--wp--preset--spacing--30);font-size:1.2rem\">5. \u00c4nderungen der Datenschutzrichtlinie<\/h2>\r\n\r\n\r\n\r\n<p style=\"margin-top:var(--wp--preset--spacing--30);margin-bottom:var(--wp--preset--spacing--30);padding-top:0;padding-bottom:0\">Der Herausgeber beh\u00e4lt sich das Recht vor, diese Datenschutzrichtlinie jederzeit zu \u00e4ndern. Ihre fortgesetzte Nutzung des Dienstes nach der Ver\u00f6ffentlichung der \u00c4nderungen gilt als Annahme der neuen Bedingungen.<\/p>\r\n\r\n\r\n\r\n<p class=\"has-small-font-size\"><\/p>\r\n\r\n\r\n\r\n<h2 class=\"wp-block-heading has-background\" style=\"background-color:#f9f3eb;margin-top:var(--wp--preset--spacing--30);margin-bottom:var(--wp--preset--spacing--30);padding-top:var(--wp--preset--spacing--30);padding-bottom:var(--wp--preset--spacing--30);font-size:1.2rem\">6. Kontaktieren Sie uns<\/h2>\r\n\r\n\r\n\r\n<p style=\"margin-top:var(--wp--preset--spacing--30);margin-bottom:var(--wp--preset--spacing--30);padding-top:0;padding-bottom:0\">Wenn Sie Fragen oder Bedenken bez\u00fcglich dieser Datenschutzrichtlinie oder der Verwaltung Ihrer Daten haben, k\u00f6nnen Sie uns unter folgender E-Mail-Adresse kontaktieren: <br><strong>privacy.sos_universal@dataslatitudes.com<\/strong><\/p>\r\n\r\n\r\n\r\n<p class=\"has-medium-font-size\"><\/p>\r\n\r\n\r\n\r\n<p class=\"has-medium-font-size\"><\/p>\r\n","protected":false},"excerpt":{"rendered":"<p>DATENSCHUTZRICHTLINIE Ziel dieser Datenschutzrichtlinie ist es, Sie transparent dar\u00fcber zu informieren, wie die mobile Anwendung SOS Universal (im Folgenden als [&hellip;]<\/p>\n","protected":false},"author":1,"featured_media":0,"parent":0,"menu_order":4,"comment_status":"closed","ping_status":"closed","template":"","meta":{"site-sidebar-layout":"default","site-content-layout":"","ast-site-content-layout":"default","site-content-style":"default","site-sidebar-style":"default","ast-global-header-display":"","ast-banner-title-visibility":"","ast-main-header-display":"","ast-hfb-above-header-display":"","ast-hfb-below-header-display":"","ast-hfb-mobile-header-display":"","site-post-title":"disabled","ast-breadcrumbs-content":"","ast-featured-img":"","footer-sml-layout":"","theme-transparent-header-meta":"","adv-header-id-meta":"","stick-header-meta":"","header-above-stick-meta":"","header-main-stick-meta":"","header-below-stick-meta":"","astra-migrate-meta-layouts":"default","ast-page-background-enabled":"default","ast-page-background-meta":{"desktop":{"background-color":"var(--ast-global-color-5)","background-image":"","background-repeat":"repeat","background-position":"center center","background-size":"auto","background-attachment":"scroll","background-type":"","background-media":"","overlay-type":"","overlay-color":"","overlay-opacity":"","overlay-gradient":""},"tablet":{"background-color":"","background-image":"","background-repeat":"repeat","background-position":"center center","background-size":"auto","background-attachment":"scroll","background-type":"","background-media":"","overlay-type":"","overlay-color":"","overlay-opacity":"","overlay-gradient":""},"mobile":{"background-color":"","background-image":"","background-repeat":"repeat","background-position":"center center","background-size":"auto","background-attachment":"scroll","background-type":"","background-media":"","overlay-type":"","overlay-color":"","overlay-opacity":"","overlay-gradient":""}},"ast-content-background-meta":{"desktop":{"background-color":"var(--ast-global-color-4)","background-image":"","background-repeat":"repeat","background-position":"center center","background-size":"auto","background-attachment":"scroll","background-type":"","background-media":"","overlay-type":"","overlay-color":"","overlay-opacity":"","overlay-gradient":""},"tablet":{"background-color":"var(--ast-global-color-4)","background-image":"","background-repeat":"repeat","background-position":"center center","background-size":"auto","background-attachment":"scroll","background-type":"","background-media":"","overlay-type":"","overlay-color":"","overlay-opacity":"","overlay-gradient":""},"mobile":{"background-color":"var(--ast-global-color-4)","background-image":"","background-repeat":"repeat","background-position":"center center","background-size":"auto","background-attachment":"scroll","background-type":"","background-media":"","overlay-type":"","overlay-color":"","overlay-opacity":"","overlay-gradient":""}},"footnotes":""},"class_list":["post-75","page","type-page","status-publish","hentry"],"yoast_head":"<!-- This site is optimized with the Yoast SEO plugin v25.6 - https:\/\/yoast.com\/wordpress\/plugins\/seo\/ -->\n<title>Datenschutz<\/title>\n<meta name=\"description\" content=\"Diese Datenschutzrichtlinie soll Sie transparent dar\u00fcber informieren, wie die mobile Anwendung SOS Universal, entwickelt von DATASLATITUDES, Ihre pers\u00f6nlichen Daten sammelt, verwendet und sch\u00fctzt. Sie erl\u00e4utert den Verantwortlichen f\u00fcr die Datenverarbeitung, die gesammelten Daten und deren Zwecke, die Weitergabe von Daten, Ihre Rechte (DSGVO-Konformit\u00e4t) und die Bedingungen f\u00fcr \u00c4nderungen der Datenschutzrichtlinie.\" \/>\n<meta name=\"robots\" content=\"index, follow, max-snippet:-1, max-image-preview:large, max-video-preview:-1\" \/>\n<link rel=\"canonical\" href=\"http:\/\/DATENSCHUTZRICHTLINIE%20Ziel%20dieser%20Datenschutzrichtlinie%20ist%20es,%20Sie%20transparent%20dar\u00fcber%20zu%20informieren,%20wie%20die%20mobile%20Anwendung%20SOS%20Universal%20(im%20Folgenden%20als%20\u201eAnwendung\u201c%20bezeichnet),%20die%20von%20DATASLATITUDES%20(im%20Folgenden%20als%20\u201eHerausgeber\u201c%20bezeichnet)%20entwickelt%20wurde,%20Ihre%20personenbezogenen%20Daten%20sammelt,%20verwendet%20und%20sch\u00fctzt.%20Durch%20die%20Nutzung%20der%20Anwendung%20stimmen%20Sie%20den%20Bedingungen%20dieser%20Richtlinie%20zu.%20Wenn%20Sie%20diesen%20Bedingungen&hellip;\" \/>\n<meta property=\"og:locale\" content=\"de_DE\" \/>\n<meta property=\"og:type\" content=\"article\" \/>\n<meta property=\"og:title\" content=\"Datenschutz\" \/>\n<meta property=\"og:description\" content=\"Diese Datenschutzrichtlinie soll Sie transparent dar\u00fcber informieren, wie die mobile Anwendung SOS Universal, entwickelt von DATASLATITUDES, Ihre pers\u00f6nlichen Daten sammelt, verwendet und sch\u00fctzt. Sie erl\u00e4utert den Verantwortlichen f\u00fcr die Datenverarbeitung, die gesammelten Daten und deren Zwecke, die Weitergabe von Daten, Ihre Rechte (DSGVO-Konformit\u00e4t) und die Bedingungen f\u00fcr \u00c4nderungen der Datenschutzrichtlinie.\" \/>\n<meta property=\"og:url\" content=\"https:\/\/www.dataslatitudes.com\/sosuniversal\/de\/politique-confidentialite\/\" \/>\n<meta property=\"og:site_name\" content=\"SOS Universal\" \/>\n<meta property=\"article:modified_time\" content=\"2025-08-14T09:50:55+00:00\" \/>\n<meta name=\"twitter:card\" content=\"summary_large_image\" \/>\n<meta name=\"twitter:label1\" content=\"Gesch\u00e4tzte Lesezeit\" \/>\n\t<meta name=\"twitter:data1\" content=\"4\u00a0Minuten\" \/>\n<script type=\"application\/ld+json\" class=\"yoast-schema-graph\">{\"@context\":\"https:\/\/schema.org\",\"@graph\":[{\"@type\":\"WebPage\",\"@id\":\"https:\/\/www.dataslatitudes.com\/sosuniversal\/de\/politique-confidentialite\/\",\"url\":\"https:\/\/www.dataslatitudes.com\/sosuniversal\/de\/politique-confidentialite\/\",\"name\":\"Confidentialit\u00e9 - SOS Universal\",\"isPartOf\":{\"@id\":\"https:\/\/www.dataslatitudes.com\/sosuniversal\/#website\"},\"datePublished\":\"2025-06-11T15:05:57+00:00\",\"dateModified\":\"2025-08-14T09:50:55+00:00\",\"description\":\"La pr\u00e9sente Politique de Confidentialit\u00e9 a pour objectif de vous informer de mani\u00e8re transparente sur la mani\u00e8re dont l'application mobile SOS Universal, d\u00e9velopp\u00e9e par DATASLATITUDES, collecte, utilise et prot\u00e8ge vos donn\u00e9es personnelles. On y expose le responsable du traitement des donn\u00e9es, les donn\u00e9es collect\u00e9es et les finalit\u00e9s, le partage des donn\u00e9es, vos droits (conformit\u00e9 RGPD) et les conditions de modifications de la Politique de Confidentialit\u00e9.\",\"breadcrumb\":{\"@id\":\"https:\/\/www.dataslatitudes.com\/sosuniversal\/de\/politique-confidentialite\/#breadcrumb\"},\"inLanguage\":\"de\",\"potentialAction\":[{\"@type\":\"ReadAction\",\"target\":[\"https:\/\/www.dataslatitudes.com\/sosuniversal\/de\/politique-confidentialite\/\"]}]},{\"@type\":\"BreadcrumbList\",\"@id\":\"https:\/\/www.dataslatitudes.com\/sosuniversal\/de\/politique-confidentialite\/#breadcrumb\",\"itemListElement\":[{\"@type\":\"ListItem\",\"position\":1,\"name\":\"Pr\u00e4sentation\",\"item\":\"https:\/\/www.dataslatitudes.com\/sosuniversal\/fr\/\"},{\"@type\":\"ListItem\",\"position\":2,\"name\":\"Datenschutz\"}]},{\"@type\":\"WebSite\",\"@id\":\"https:\/\/www.dataslatitudes.com\/sosuniversal\/de\/#website\",\"url\":\"https:\/\/www.dataslatitudes.com\/sosuniversal\/de\/\",\"name\":\"SOS Universal\",\"description\":\"\",\"publisher\":{\"@id\":\"https:\/\/www.dataslatitudes.com\/sosuniversal\/de\/#organization\"},\"potentialAction\":[{\"@type\":\"SearchAction\",\"target\":{\"@type\":\"EntryPoint\",\"urlTemplate\":\"https:\/\/www.dataslatitudes.com\/sosuniversal\/de\/?s={search_term_string}\"},\"query-input\":{\"@type\":\"PropertyValueSpecification\",\"valueRequired\":true,\"valueName\":\"search_term_string\"}}],\"inLanguage\":\"de\"},{\"@type\":\"Organization\",\"@id\":\"https:\/\/www.dataslatitudes.com\/sosuniversal\/de\/#organization\",\"name\":\"DATASLATITUDES\",\"url\":\"https:\/\/www.dataslatitudes.com\/sosuniversal\/de\/\",\"logo\":{\"@type\":\"ImageObject\",\"inLanguage\":\"de\",\"@id\":\"https:\/\/www.dataslatitudes.com\/sosuniversal\/de\/#\/schema\/logo\/image\/\",\"url\":\"https:\/\/www.dataslatitudes.com\/sosuniversal\/wp-content\/uploads\/2025\/07\/logo_mrdv.png\",\"contentUrl\":\"https:\/\/www.dataslatitudes.com\/sosuniversal\/wp-content\/uploads\/2025\/07\/logo_mrdv.png\",\"width\":72,\"height\":72,\"caption\":\"DATASLATITUDES\"},\"image\":{\"@id\":\"https:\/\/www.dataslatitudes.com\/sosuniversal\/de\/#\/schema\/logo\/image\/\"}}]}<\/script>\n<!-- \/ Yoast SEO plugin. -->","yoast_head_json":{"title":"Datenschutz","description":"Diese Datenschutzrichtlinie soll Sie transparent dar\u00fcber informieren, wie die mobile Anwendung SOS Universal, entwickelt von DATASLATITUDES, Ihre pers\u00f6nlichen Daten sammelt, verwendet und sch\u00fctzt. Sie erl\u00e4utert den Verantwortlichen f\u00fcr die Datenverarbeitung, die gesammelten Daten und deren Zwecke, die Weitergabe von Daten, Ihre Rechte (DSGVO-Konformit\u00e4t) und die Bedingungen f\u00fcr \u00c4nderungen der Datenschutzrichtlinie.","robots":{"index":"index","follow":"follow","max-snippet":"max-snippet:-1","max-image-preview":"max-image-preview:large","max-video-preview":"max-video-preview:-1"},"canonical":"DATENSCHUTZRICHTLINIE Ziel dieser Datenschutzrichtlinie ist es, Sie transparent dar\u00fcber zu informieren, wie die mobile Anwendung SOS Universal (im Folgenden als \u201eAnwendung\u201c bezeichnet), die von DATASLATITUDES (im Folgenden als \u201eHerausgeber\u201c bezeichnet) entwickelt wurde, Ihre personenbezogenen Daten sammelt, verwendet und sch\u00fctzt. Durch die Nutzung der Anwendung stimmen Sie den Bedingungen dieser Richtlinie zu. Wenn Sie diesen Bedingungen&hellip;","og_locale":"de_DE","og_type":"article","og_title":"Datenschutz","og_description":"Diese Datenschutzrichtlinie soll Sie transparent dar\u00fcber informieren, wie die mobile Anwendung SOS Universal, entwickelt von DATASLATITUDES, Ihre pers\u00f6nlichen Daten sammelt, verwendet und sch\u00fctzt. Sie erl\u00e4utert den Verantwortlichen f\u00fcr die Datenverarbeitung, die gesammelten Daten und deren Zwecke, die Weitergabe von Daten, Ihre Rechte (DSGVO-Konformit\u00e4t) und die Bedingungen f\u00fcr \u00c4nderungen der Datenschutzrichtlinie.","og_url":"https:\/\/www.dataslatitudes.com\/sosuniversal\/de\/politique-confidentialite\/","og_site_name":"SOS Universal","article_modified_time":"2025-08-14T09:50:55+00:00","twitter_card":"summary_large_image","twitter_misc":{"Gesch\u00e4tzte Lesezeit":"4\u00a0Minuten"},"schema":{"@context":"https:\/\/schema.org","@graph":[{"@type":"WebPage","@id":"https:\/\/www.dataslatitudes.com\/sosuniversal\/de\/politique-confidentialite\/","url":"https:\/\/www.dataslatitudes.com\/sosuniversal\/de\/politique-confidentialite\/","name":"Confidentialit\u00e9 - SOS Universal","isPartOf":{"@id":"https:\/\/www.dataslatitudes.com\/sosuniversal\/#website"},"datePublished":"2025-06-11T15:05:57+00:00","dateModified":"2025-08-14T09:50:55+00:00","description":"La pr\u00e9sente Politique de Confidentialit\u00e9 a pour objectif de vous informer de mani\u00e8re transparente sur la mani\u00e8re dont l'application mobile SOS Universal, d\u00e9velopp\u00e9e par DATASLATITUDES, collecte, utilise et prot\u00e8ge vos donn\u00e9es personnelles. On y expose le responsable du traitement des donn\u00e9es, les donn\u00e9es collect\u00e9es et les finalit\u00e9s, le partage des donn\u00e9es, vos droits (conformit\u00e9 RGPD) et les conditions de modifications de la Politique de Confidentialit\u00e9.","breadcrumb":{"@id":"https:\/\/www.dataslatitudes.com\/sosuniversal\/de\/politique-confidentialite\/#breadcrumb"},"inLanguage":"de","potentialAction":[{"@type":"ReadAction","target":["https:\/\/www.dataslatitudes.com\/sosuniversal\/de\/politique-confidentialite\/"]}]},{"@type":"BreadcrumbList","@id":"https:\/\/www.dataslatitudes.com\/sosuniversal\/de\/politique-confidentialite\/#breadcrumb","itemListElement":[{"@type":"ListItem","position":1,"name":"Pr\u00e4sentation","item":"https:\/\/www.dataslatitudes.com\/sosuniversal\/fr\/"},{"@type":"ListItem","position":2,"name":"Datenschutz"}]},{"@type":"WebSite","@id":"https:\/\/www.dataslatitudes.com\/sosuniversal\/de\/#website","url":"https:\/\/www.dataslatitudes.com\/sosuniversal\/de\/","name":"SOS Universal","description":"","publisher":{"@id":"https:\/\/www.dataslatitudes.com\/sosuniversal\/de\/#organization"},"potentialAction":[{"@type":"SearchAction","target":{"@type":"EntryPoint","urlTemplate":"https:\/\/www.dataslatitudes.com\/sosuniversal\/de\/?s={search_term_string}"},"query-input":{"@type":"PropertyValueSpecification","valueRequired":true,"valueName":"search_term_string"}}],"inLanguage":"de"},{"@type":"Organization","@id":"https:\/\/www.dataslatitudes.com\/sosuniversal\/de\/#organization","name":"DATASLATITUDES","url":"https:\/\/www.dataslatitudes.com\/sosuniversal\/de\/","logo":{"@type":"ImageObject","inLanguage":"de","@id":"https:\/\/www.dataslatitudes.com\/sosuniversal\/de\/#\/schema\/logo\/image\/","url":"https:\/\/www.dataslatitudes.com\/sosuniversal\/wp-content\/uploads\/2025\/07\/logo_mrdv.png","contentUrl":"https:\/\/www.dataslatitudes.com\/sosuniversal\/wp-content\/uploads\/2025\/07\/logo_mrdv.png","width":72,"height":72,"caption":"DATASLATITUDES"},"image":{"@id":"https:\/\/www.dataslatitudes.com\/sosuniversal\/de\/#\/schema\/logo\/image\/"}}]}},"_links":{"self":[{"href":"https:\/\/www.dataslatitudes.com\/sosuniversal\/de\/wp-json\/wp\/v2\/pages\/75","targetHints":{"allow":["GET"]}}],"collection":[{"href":"https:\/\/www.dataslatitudes.com\/sosuniversal\/de\/wp-json\/wp\/v2\/pages"}],"about":[{"href":"https:\/\/www.dataslatitudes.com\/sosuniversal\/de\/wp-json\/wp\/v2\/types\/page"}],"author":[{"embeddable":true,"href":"https:\/\/www.dataslatitudes.com\/sosuniversal\/de\/wp-json\/wp\/v2\/users\/1"}],"replies":[{"embeddable":true,"href":"https:\/\/www.dataslatitudes.com\/sosuniversal\/de\/wp-json\/wp\/v2\/comments?post=75"}],"version-history":[{"count":30,"href":"https:\/\/www.dataslatitudes.com\/sosuniversal\/de\/wp-json\/wp\/v2\/pages\/75\/revisions"}],"predecessor-version":[{"id":2927,"href":"https:\/\/www.dataslatitudes.com\/sosuniversal\/de\/wp-json\/wp\/v2\/pages\/75\/revisions\/2927"}],"wp:attachment":[{"href":"https:\/\/www.dataslatitudes.com\/sosuniversal\/de\/wp-json\/wp\/v2\/media?parent=75"}],"curies":[{"name":"wp","href":"https:\/\/api.w.org\/{rel}","templated":true}]}}