{"id":127,"date":"2025-06-12T03:29:21","date_gmt":"2025-06-12T03:29:21","guid":{"rendered":"https:\/\/www.dataslatitudes.com\/sosuniversal\/?page_id=127"},"modified":"2025-07-13T07:26:58","modified_gmt":"2025-07-13T07:26:58","slug":"cas-dutilisation","status":"publish","type":"page","link":"https:\/\/www.dataslatitudes.com\/sosuniversal\/de\/cas-dutilisation\/","title":{"rendered":"Anwendungsf\u00e4lle"},"content":{"rendered":"\r\n<p class=\"has-small-font-size\"><\/p>\r\n\r\n\r\n\r\n<h1 class=\"wp-block-heading has-text-align-center has-medium-font-size\"><strong>ANWENDUNGSF\u00c4LLE<\/strong><\/h1>\r\n\r\n\r\n\r\n<p style=\"font-size:1rem\">Eine Smartphone-Anwendung, die es erm\u00f6glicht, Warnungen, Hilferufe oder einfach den aktuellen Standort zu senden, kann in vielen Situationen entscheidend sein, da sie Sicherheit bietet und zu einem schnellen Zugang zu Hilfe beitr\u00e4gt. Hier sind einige Beispiele f\u00fcr ihre Anwendungsf\u00e4lle, zur besseren Verst\u00e4ndlichkeit nach Kategorien geordnet.<\/p>\r\n\r\n\r\n\r\n<h2 class=\"wp-block-heading has-background\" style=\"background-color:#f9f3eb;margin-top:var(--wp--preset--spacing--30);margin-bottom:var(--wp--preset--spacing--30);padding-top:var(--wp--preset--spacing--20);padding-bottom:var(--wp--preset--spacing--20);font-size:1.2rem\">Pers\u00f6nliche Sicherheit und Notfallsituationen<\/h2>\r\n\r\n\r\n\r\n<ul class=\"wp-block-list\">\r\n<li style=\"font-size:1rem\"><strong>Gewalt gegen Frauen, LGBTphobische und Serophobische Gewalt, rassistische, fremdenfeindliche oder religionsbedingte Gewalt, Gewalt gegen Menschen mit Behinderung&nbsp;: <\/strong>Im Falle eines physischen oder verbalen \u00dcbergriffs erm\u00f6glicht die Anwendung, mit einem einzigen Klick einen diskreten Alarm an vertrauensw\u00fcrdige Kontakte zu senden, einschlie\u00dflich der GPS-Positionsfreigabe in Echtzeit. Eine Audioaufnahme kann auch zur Beweissicherung im Falle einer Beschwerde konfiguriert werden.<\/li>\r\n\r\n\r\n\r\n<li style=\"font-size:1rem\"><strong>Opfer von unangemessenen Handlungen in \u00f6ffentlichen Verkehrsmitteln (z.B. Ber\u00fchrungen in der U-Bahn): <\/strong>Das Opfer kann einen lauten akustischen Alarm (z. B. Polizeisirene oder menschlicher Schrei) sowie eine Audioaufnahme ausl\u00f6sen.<\/li>\r\n\r\n\r\n\r\n<li style=\"font-size:1rem\"><strong>\u00dcbergriff oder unmittelbare Bedrohung: <\/strong>Im Falle eines physischen \u00dcbergriffs, eines versuchten Vergewaltigung, eines Raubes mit Gewalt oder jeder Situation, die die physische Integrit\u00e4t des Benutzers direkt bedroht, erm\u00f6glicht die Anwendung das Senden einer diskreten und schnellen Warnung an Notfallkontakte.<\/li>\r\n\r\n\r\n\r\n<li style=\"font-size:1rem\"><strong>Situation der Bel\u00e4stigung oder des Stalkings: <\/strong>Die Anwendung erm\u00f6glicht es, diskret vertrauensw\u00fcrdige Kontakte oder Beh\u00f6rden im Falle von Verfolgung oder Bel\u00e4stigung zu alarmieren, mit der M\u00f6glichkeit, einen Beweis per Audioaufnahme zu speichern.<\/li>\r\n\r\n\r\n\r\n<li style=\"font-size:1rem\"><strong>Opfer h\u00e4uslicher Gewalt: <\/strong>Es ist m\u00f6glich, ein diskretes und schnelles Mittel zur Hilfesuche in Gefahr zu haben, ohne den Angreifer zu alarmieren.<\/li>\r\n<\/ul>\r\n\r\n\r\n\r\n<p style=\"font-size:1rem\">In den vorhergehenden F\u00e4llen kann der diskrete Alarm durch eine akustische Abschreckung erg\u00e4nzt oder ersetzt werden: Ausl\u00f6sen einer lauten Sirene oder Simulation eines eingehenden Telefonanrufs, um eine Ablenkung zu schaffen.<\/p>\r\n\r\n\r\n\r\n<ul class=\"wp-block-list\">\r\n<li style=\"font-size:1rem\"><strong>Medizinischer Notfall: <\/strong>F\u00fcr Personen, die an chronischen Krankheiten leiden (Herzinfarkte, schwere Asthmaanf\u00e4lle, Epilepsie, schwere Allergien) oder im Falle eines Unfalls (Sturz, Verletzung), erm\u00f6glicht die Anwendung einen Hilferuf zu senden.<\/li>\r\n\r\n\r\n\r\n<li style=\"font-size:1rem\"><strong>Verschwinden oder Verlieren: <\/strong>Besonders n\u00fctzlich f\u00fcr Kinder, \u00e4ltere Menschen mit kognitiven St\u00f6rungen oder Wanderer, erm\u00f6glicht die App das Senden des GPS-Standorts in Echtzeit, was die Suche erleichtert.<\/li>\r\n\r\n\r\n\r\n<li style=\"font-size:1rem\"><strong>Verkehrsunf\u00e4lle: <\/strong>Im Falle eines Unfalls erm\u00f6glicht die Anwendung das Senden einer Warnung mit dem Standort.<\/li>\r\n\r\n\r\n\r\n<li style=\"font-size:1rem\"><strong>Naturkatastrophen: <\/strong>Bei Erdbeben, \u00dcberschwemmungen, Waldbr\u00e4nden oder anderen Katastrophen kann die App verwendet werden, um den eigenen Standort zu melden, Hilfe anzufordern und Angeh\u00f6rige \u00fcber die eigene Sicherheit zu informieren.<\/li>\r\n<\/ul>\r\n\r\n\r\n\r\n<h2 class=\"wp-block-heading has-background\" style=\"background-color:#f9f3eb;margin-top:var(--wp--preset--spacing--30);margin-bottom:var(--wp--preset--spacing--30);padding-top:var(--wp--preset--spacing--20);padding-bottom:var(--wp--preset--spacing--20);font-size:1.2rem\">Alltag und Unterst\u00fctzung<\/h2>\r\n\r\n\r\n\r\n<ul class=\"wp-block-list\">\r\n<li style=\"font-size:1rem\"><strong>\u00c4ltere Menschen oder Menschen mit Behinderungen: <\/strong>Die Anwendung kann verwendet werden, um eine Hilfeanfrage auszul\u00f6sen.<\/li>\r\n\r\n\r\n\r\n<li style=\"font-size:1rem\"><strong>Kinder und Jugendliche: <\/strong>F\u00fcr besorgte Eltern kann die Anwendung ihren Kindern erm\u00f6glichen, diskret einen Alarm im Falle einer Gefahr zu senden, wenn sie sich verloren f\u00fchlen oder in einer Mobbing-Situation sind (mit Beweisaufnahme).<br>Beispiel: Ein(e) Teenager(in) auf einer Party, der\/die sich unwohl f\u00fchlt, unter Druck steht oder abgeholt werden muss, ohne sich direkt ausdr\u00fccken zu k\u00f6nnen, kann diskret einen Alarm an seine\/ihre Eltern oder eine Vertrauensperson senden.<\/li>\r\n\r\n\r\n\r\n<li style=\"font-size:1rem\"><strong>Mechanische Probleme oder Fahrzeugpanne: <\/strong>Im Falle einer Panne auf einer abgelegenen oder gef\u00e4hrlichen Stra\u00dfe erm\u00f6glicht die Anwendung das Senden einer Warnung an Pannenhilfsdienste oder Kontakte, um Hilfe anzufordern.<\/li>\r\n\r\n\r\n\r\n<li style=\"font-size:1rem\"><strong>Soziale Isolation oder Gef\u00fchl der Gefahr: <\/strong>Eine Person, die sich in einer bestimmten sozialen Situation (z.B. bei einem Treffen mit einem Unbekannten) verletzlich oder bedroht f\u00fchlt, kann die Anwendung nutzen, um diskret einen Freund zu alarmieren und ihren Standort zu teilen.<\/li>\r\n\r\n\r\n\r\n<li style=\"font-size:1rem\"><strong>Psychologische Unterst\u00fctzung: <\/strong>F\u00fcr Menschen, die unter Angst oder Panikattacken leiden, erm\u00f6glicht die App, einen vertrauensw\u00fcrdigen Kontakt f\u00fcr sofortige Unterst\u00fctzung zu alarmieren.<\/li>\r\n<\/ul>\r\n\r\n\r\n\r\n<h2 class=\"wp-block-heading has-background\" style=\"background-color:#f9f3eb;margin-top:var(--wp--preset--spacing--30);margin-bottom:var(--wp--preset--spacing--30);padding-top:var(--wp--preset--spacing--20);padding-bottom:var(--wp--preset--spacing--20);font-size:1.2rem\">Arbeit und berufliche Situationen<\/h2>\r\n\r\n\r\n\r\n<ul class=\"wp-block-list\">\r\n<li style=\"font-size:1rem\"><strong>Allein arbeitende Personen: <\/strong>F\u00fcr Fachkr\u00e4fte, die alleine in Risikoumgebungen arbeiten (Sicherheitskr\u00e4fte, Wartungstechniker, Taxifahrer, Landwirte, Austernz\u00fcchter), tr\u00e4gt die Anwendung zu schneller Hilfe bei Unfall oder Angriff bei.<\/li>\r\n\r\n\r\n\r\n<li style=\"font-size:1rem\"><strong>Gesundheits- und Sozialberufe: <\/strong>\u00c4rzte, Krankenschwestern, Sozialarbeiter oder h\u00e4usliche Pflegekr\u00e4fte, die gef\u00e4hrdete Patienten oder Klienten besuchen, k\u00f6nnen die Anwendung nutzen, um eine gef\u00e4hrliche Situation zu melden oder Hilfe anzufordern.<\/li>\r\n\r\n\r\n\r\n<li style=\"font-size:1rem\"><strong>Nachtpersonal: <\/strong>Mitarbeiter, die nachts an abgelegenen Orten (Tankstellen, Superm\u00e4rkte, Hotels) arbeiten, k\u00f6nnen schnell Hilfe anfordern, wenn sie Opfer eines Diebstahls oder \u00dcbergriffs werden.<\/li>\r\n\r\n\r\n\r\n<li style=\"font-size:1rem\"><strong>Journalisten und Reporter in Risikogebieten: <\/strong>M\u00f6glichkeit, eine gef\u00e4hrliche Situation oder eine Verhaftung zu melden, wobei Position und Kontextinformationen (per Telefonanruf oder SMS) an Notfallkontakte \u00fcbermittelt werden.<\/li>\r\n<\/ul>\r\n\r\n\r\n\r\n<h2 class=\"wp-block-heading has-background\" style=\"background-color:#f9f3eb;margin-top:var(--wp--preset--spacing--30);margin-bottom:var(--wp--preset--spacing--30);padding-top:var(--wp--preset--spacing--20);padding-bottom:var(--wp--preset--spacing--20);font-size:1.2rem\">Freizeit und Outdoor-Aktivit\u00e4ten<\/h2>\r\n\r\n\r\n\r\n<ul class=\"wp-block-list\">\r\n<li style=\"font-size:1rem\"><strong>Wandern und Bergsteigen: <\/strong>Im Falle eines Sturzes, einer Verletzung, Orientierungsverlustes oder extremer Wetterbedingungen erm\u00f6glicht die Anwendung das Senden einer Warnung mit der GPS-Position an Rettungsteams oder die Familie.<\/li>\r\n\r\n\r\n\r\n<li style=\"font-size:1rem\"><strong>Wassersport: <\/strong>F\u00fcr Bootsfahrer beispielsweise kann die App verwendet werden, um ein Problem (Kenterung, Motorschaden, Verletzung) mit Positions\u00fcbermittlung zu melden.<\/li>\r\n\r\n\r\n\r\n<li style=\"font-size:1rem\"><strong>Radfahren und Laufen: <\/strong>Im Falle eines Sturzes, einer Verletzung oder eines Unwohlseins erm\u00f6glicht die Anwendung die Alarmierung vordefinierter Kontakte mit dem Standort.<\/li>\r\n\r\n\r\n\r\n<li style=\"font-size:1rem\"><strong>Reisen und Tourismus: <\/strong>Reisende, insbesondere solche, die unbekannte oder gef\u00e4hrliche Gebiete erkunden, k\u00f6nnen die App nutzen, um Angeh\u00f6rige oder Konsulardienste im Problemfall (\u00dcbergriff, Krankheit, Dokumentendiebstahl) zu alarmieren.<\/li>\r\n<\/ul>\r\n\r\n\r\n\r\n<p style=\"font-size:1rem\">In den vorangegangenen F\u00e4llen kann die Warnung, um beispielsweise Ihr berufliches oder famili\u00e4res Umfeld zu informieren, auch darauf beschr\u00e4nkt werden, per SMS nur den aktuellen geografischen Standort zu senden. Beispiel: Im Wiederholungsmodus sende ich 5 Stunden lang alle 15 Minuten eine SMS, die nur meinen Standort enth\u00e4lt.<\/p>\r\n\r\n\r\n\r\n<p class=\"has-small-font-size\" style=\"margin-top:var(--wp--preset--spacing--30);margin-bottom:var(--wp--preset--spacing--30)\"><\/p>\r\n","protected":false},"excerpt":{"rendered":"<p>ANWENDUNGSF\u00c4LLE Eine Smartphone-Anwendung, die es erm\u00f6glicht, Warnungen, Hilferufe oder einfach den aktuellen Standort zu senden, kann in vielen Situationen entscheidend [&hellip;]<\/p>\n","protected":false},"author":1,"featured_media":0,"parent":0,"menu_order":1,"comment_status":"closed","ping_status":"closed","template":"","meta":{"site-sidebar-layout":"default","site-content-layout":"","ast-site-content-layout":"","site-content-style":"default","site-sidebar-style":"default","ast-global-header-display":"","ast-banner-title-visibility":"","ast-main-header-display":"","ast-hfb-above-header-display":"","ast-hfb-below-header-display":"","ast-hfb-mobile-header-display":"","site-post-title":"disabled","ast-breadcrumbs-content":"","ast-featured-img":"","footer-sml-layout":"","theme-transparent-header-meta":"","adv-header-id-meta":"","stick-header-meta":"","header-above-stick-meta":"","header-main-stick-meta":"","header-below-stick-meta":"","astra-migrate-meta-layouts":"default","ast-page-background-enabled":"default","ast-page-background-meta":{"desktop":{"background-color":"var(--ast-global-color-5)","background-image":"","background-repeat":"repeat","background-position":"center center","background-size":"auto","background-attachment":"scroll","background-type":"","background-media":"","overlay-type":"","overlay-color":"","overlay-opacity":"","overlay-gradient":""},"tablet":{"background-color":"","background-image":"","background-repeat":"repeat","background-position":"center center","background-size":"auto","background-attachment":"scroll","background-type":"","background-media":"","overlay-type":"","overlay-color":"","overlay-opacity":"","overlay-gradient":""},"mobile":{"background-color":"","background-image":"","background-repeat":"repeat","background-position":"center center","background-size":"auto","background-attachment":"scroll","background-type":"","background-media":"","overlay-type":"","overlay-color":"","overlay-opacity":"","overlay-gradient":""}},"ast-content-background-meta":{"desktop":{"background-color":"var(--ast-global-color-4)","background-image":"","background-repeat":"repeat","background-position":"center center","background-size":"auto","background-attachment":"scroll","background-type":"","background-media":"","overlay-type":"","overlay-color":"","overlay-opacity":"","overlay-gradient":""},"tablet":{"background-color":"var(--ast-global-color-4)","background-image":"","background-repeat":"repeat","background-position":"center center","background-size":"auto","background-attachment":"scroll","background-type":"","background-media":"","overlay-type":"","overlay-color":"","overlay-opacity":"","overlay-gradient":""},"mobile":{"background-color":"var(--ast-global-color-4)","background-image":"","background-repeat":"repeat","background-position":"center center","background-size":"auto","background-attachment":"scroll","background-type":"","background-media":"","overlay-type":"","overlay-color":"","overlay-opacity":"","overlay-gradient":""}},"footnotes":""},"class_list":["post-127","page","type-page","status-publish","hentry"],"yoast_head":"<!-- This site is optimized with the Yoast SEO plugin v25.6 - https:\/\/yoast.com\/wordpress\/plugins\/seo\/ -->\n<title>Anwendungsf\u00e4lle<\/title>\n<meta name=\"description\" content=\"Eine Smartphone-Anwendung, die es erm\u00f6glicht, Warnungen, Hilferufe oder einfach den aktuellen Standort zu senden, kann in vielen Situationen entscheidend sein, da sie Sicherheit bietet und zu einem schnellen Zugang zu Hilfe beitr\u00e4gt. Beispiele: pers\u00f6nliche Sicherheit und Notfallsituationen, Alltag und Unterst\u00fctzung, Arbeit und berufliche Situationen sowie Freizeit und Outdoor-Aktivit\u00e4ten.\" \/>\n<meta name=\"robots\" content=\"index, follow, max-snippet:-1, max-image-preview:large, max-video-preview:-1\" \/>\n<link rel=\"canonical\" href=\"http:\/\/ANWENDUNGSF\u00c4LLE%20Eine%20Smartphone-Anwendung,%20die%20es%20erm\u00f6glicht,%20Warnungen,%20Hilferufe%20oder%20einfach%20den%20aktuellen%20Standort%20zu%20senden,%20kann%20in%20vielen%20Situationen%20entscheidend%20sein,%20da%20sie%20Sicherheit%20bietet%20und%20zu%20einem%20schnellen%20Zugang%20zu%20Hilfe%20beitr\u00e4gt.%20Hier%20sind%20einige%20Beispiele%20f\u00fcr%20ihre%20Anwendungsf\u00e4lle,%20zur%20besseren%20Verst\u00e4ndlichkeit%20nach%20Kategorien%20geordnet.%20Pers\u00f6nliche%20Sicherheit%20und%20Notfallsituationen%20Gewalt%20gegen%20Frauen,%20LGBTphobische%20und&hellip;\" \/>\n<meta property=\"og:locale\" content=\"de_DE\" \/>\n<meta property=\"og:type\" content=\"article\" \/>\n<meta property=\"og:title\" content=\"Anwendungsf\u00e4lle\" \/>\n<meta property=\"og:description\" content=\"Eine Smartphone-Anwendung, die es erm\u00f6glicht, Warnungen, Hilferufe oder einfach den aktuellen Standort zu senden, kann in vielen Situationen entscheidend sein, da sie Sicherheit bietet und zu einem schnellen Zugang zu Hilfe beitr\u00e4gt. Beispiele: pers\u00f6nliche Sicherheit und Notfallsituationen, Alltag und Unterst\u00fctzung, Arbeit und berufliche Situationen sowie Freizeit und Outdoor-Aktivit\u00e4ten.\" \/>\n<meta property=\"og:url\" content=\"https:\/\/www.dataslatitudes.com\/sosuniversal\/de\/cas-dutilisation\/\" \/>\n<meta property=\"og:site_name\" content=\"SOS Universal\" \/>\n<meta property=\"article:modified_time\" content=\"2025-07-13T07:26:58+00:00\" \/>\n<meta name=\"twitter:card\" content=\"summary_large_image\" \/>\n<meta name=\"twitter:label1\" content=\"Gesch\u00e4tzte Lesezeit\" \/>\n\t<meta name=\"twitter:data1\" content=\"5\u00a0Minuten\" \/>\n<script type=\"application\/ld+json\" class=\"yoast-schema-graph\">{\"@context\":\"https:\/\/schema.org\",\"@graph\":[{\"@type\":\"WebPage\",\"@id\":\"https:\/\/www.dataslatitudes.com\/sosuniversal\/de\/cas-dutilisation\/\",\"url\":\"https:\/\/www.dataslatitudes.com\/sosuniversal\/de\/cas-dutilisation\/\",\"name\":\"Cas d'utilisation - SOS Universal\",\"isPartOf\":{\"@id\":\"https:\/\/www.dataslatitudes.com\/sosuniversal\/#website\"},\"datePublished\":\"2025-06-12T03:29:21+00:00\",\"dateModified\":\"2025-07-13T07:26:58+00:00\",\"description\":\"Une application pour smartphone permettant d\u2019envoyer des alertes, des appels \u00e0 l\u2019aide ou tout simplement sa localisation courante peut s\u2019av\u00e9rer cruciale dans de nombreuses situations, offrant une tranquillit\u00e9 d\u2019esprit et contribuant \u00e0 un acc\u00e8s rapide \u00e0 l\u2019assistance. Exemples : s\u00e9curit\u00e9 personnelle et situations d\u2019urgence, vie quotidienne et assistance, travail et situations professionnelles ainsi que loisirs et activit\u00e9s en ext\u00e9rieur.\",\"breadcrumb\":{\"@id\":\"https:\/\/www.dataslatitudes.com\/sosuniversal\/de\/cas-dutilisation\/#breadcrumb\"},\"inLanguage\":\"de\",\"potentialAction\":[{\"@type\":\"ReadAction\",\"target\":[\"https:\/\/www.dataslatitudes.com\/sosuniversal\/de\/cas-dutilisation\/\"]}]},{\"@type\":\"BreadcrumbList\",\"@id\":\"https:\/\/www.dataslatitudes.com\/sosuniversal\/de\/cas-dutilisation\/#breadcrumb\",\"itemListElement\":[{\"@type\":\"ListItem\",\"position\":1,\"name\":\"Pr\u00e4sentation\",\"item\":\"https:\/\/www.dataslatitudes.com\/sosuniversal\/fr\/\"},{\"@type\":\"ListItem\",\"position\":2,\"name\":\"Anwendungsf\u00e4lle\"}]},{\"@type\":\"WebSite\",\"@id\":\"https:\/\/www.dataslatitudes.com\/sosuniversal\/de\/#website\",\"url\":\"https:\/\/www.dataslatitudes.com\/sosuniversal\/de\/\",\"name\":\"SOS Universal\",\"description\":\"\",\"publisher\":{\"@id\":\"https:\/\/www.dataslatitudes.com\/sosuniversal\/de\/#organization\"},\"potentialAction\":[{\"@type\":\"SearchAction\",\"target\":{\"@type\":\"EntryPoint\",\"urlTemplate\":\"https:\/\/www.dataslatitudes.com\/sosuniversal\/de\/?s={search_term_string}\"},\"query-input\":{\"@type\":\"PropertyValueSpecification\",\"valueRequired\":true,\"valueName\":\"search_term_string\"}}],\"inLanguage\":\"de\"},{\"@type\":\"Organization\",\"@id\":\"https:\/\/www.dataslatitudes.com\/sosuniversal\/de\/#organization\",\"name\":\"DATASLATITUDES\",\"url\":\"https:\/\/www.dataslatitudes.com\/sosuniversal\/de\/\",\"logo\":{\"@type\":\"ImageObject\",\"inLanguage\":\"de\",\"@id\":\"https:\/\/www.dataslatitudes.com\/sosuniversal\/de\/#\/schema\/logo\/image\/\",\"url\":\"https:\/\/www.dataslatitudes.com\/sosuniversal\/wp-content\/uploads\/2025\/07\/logo_mrdv.png\",\"contentUrl\":\"https:\/\/www.dataslatitudes.com\/sosuniversal\/wp-content\/uploads\/2025\/07\/logo_mrdv.png\",\"width\":72,\"height\":72,\"caption\":\"DATASLATITUDES\"},\"image\":{\"@id\":\"https:\/\/www.dataslatitudes.com\/sosuniversal\/de\/#\/schema\/logo\/image\/\"}}]}<\/script>\n<!-- \/ Yoast SEO plugin. -->","yoast_head_json":{"title":"Anwendungsf\u00e4lle","description":"Eine Smartphone-Anwendung, die es erm\u00f6glicht, Warnungen, Hilferufe oder einfach den aktuellen Standort zu senden, kann in vielen Situationen entscheidend sein, da sie Sicherheit bietet und zu einem schnellen Zugang zu Hilfe beitr\u00e4gt. Beispiele: pers\u00f6nliche Sicherheit und Notfallsituationen, Alltag und Unterst\u00fctzung, Arbeit und berufliche Situationen sowie Freizeit und Outdoor-Aktivit\u00e4ten.","robots":{"index":"index","follow":"follow","max-snippet":"max-snippet:-1","max-image-preview":"max-image-preview:large","max-video-preview":"max-video-preview:-1"},"canonical":"ANWENDUNGSF\u00c4LLE Eine Smartphone-Anwendung, die es erm\u00f6glicht, Warnungen, Hilferufe oder einfach den aktuellen Standort zu senden, kann in vielen Situationen entscheidend sein, da sie Sicherheit bietet und zu einem schnellen Zugang zu Hilfe beitr\u00e4gt. Hier sind einige Beispiele f\u00fcr ihre Anwendungsf\u00e4lle, zur besseren Verst\u00e4ndlichkeit nach Kategorien geordnet. Pers\u00f6nliche Sicherheit und Notfallsituationen Gewalt gegen Frauen, LGBTphobische und&hellip;","og_locale":"de_DE","og_type":"article","og_title":"Anwendungsf\u00e4lle","og_description":"Eine Smartphone-Anwendung, die es erm\u00f6glicht, Warnungen, Hilferufe oder einfach den aktuellen Standort zu senden, kann in vielen Situationen entscheidend sein, da sie Sicherheit bietet und zu einem schnellen Zugang zu Hilfe beitr\u00e4gt. Beispiele: pers\u00f6nliche Sicherheit und Notfallsituationen, Alltag und Unterst\u00fctzung, Arbeit und berufliche Situationen sowie Freizeit und Outdoor-Aktivit\u00e4ten.","og_url":"https:\/\/www.dataslatitudes.com\/sosuniversal\/de\/cas-dutilisation\/","og_site_name":"SOS Universal","article_modified_time":"2025-07-13T07:26:58+00:00","twitter_card":"summary_large_image","twitter_misc":{"Gesch\u00e4tzte Lesezeit":"5\u00a0Minuten"},"schema":{"@context":"https:\/\/schema.org","@graph":[{"@type":"WebPage","@id":"https:\/\/www.dataslatitudes.com\/sosuniversal\/de\/cas-dutilisation\/","url":"https:\/\/www.dataslatitudes.com\/sosuniversal\/de\/cas-dutilisation\/","name":"Cas d'utilisation - SOS Universal","isPartOf":{"@id":"https:\/\/www.dataslatitudes.com\/sosuniversal\/#website"},"datePublished":"2025-06-12T03:29:21+00:00","dateModified":"2025-07-13T07:26:58+00:00","description":"Une application pour smartphone permettant d\u2019envoyer des alertes, des appels \u00e0 l\u2019aide ou tout simplement sa localisation courante peut s\u2019av\u00e9rer cruciale dans de nombreuses situations, offrant une tranquillit\u00e9 d\u2019esprit et contribuant \u00e0 un acc\u00e8s rapide \u00e0 l\u2019assistance. Exemples : s\u00e9curit\u00e9 personnelle et situations d\u2019urgence, vie quotidienne et assistance, travail et situations professionnelles ainsi que loisirs et activit\u00e9s en ext\u00e9rieur.","breadcrumb":{"@id":"https:\/\/www.dataslatitudes.com\/sosuniversal\/de\/cas-dutilisation\/#breadcrumb"},"inLanguage":"de","potentialAction":[{"@type":"ReadAction","target":["https:\/\/www.dataslatitudes.com\/sosuniversal\/de\/cas-dutilisation\/"]}]},{"@type":"BreadcrumbList","@id":"https:\/\/www.dataslatitudes.com\/sosuniversal\/de\/cas-dutilisation\/#breadcrumb","itemListElement":[{"@type":"ListItem","position":1,"name":"Pr\u00e4sentation","item":"https:\/\/www.dataslatitudes.com\/sosuniversal\/fr\/"},{"@type":"ListItem","position":2,"name":"Anwendungsf\u00e4lle"}]},{"@type":"WebSite","@id":"https:\/\/www.dataslatitudes.com\/sosuniversal\/de\/#website","url":"https:\/\/www.dataslatitudes.com\/sosuniversal\/de\/","name":"SOS Universal","description":"","publisher":{"@id":"https:\/\/www.dataslatitudes.com\/sosuniversal\/de\/#organization"},"potentialAction":[{"@type":"SearchAction","target":{"@type":"EntryPoint","urlTemplate":"https:\/\/www.dataslatitudes.com\/sosuniversal\/de\/?s={search_term_string}"},"query-input":{"@type":"PropertyValueSpecification","valueRequired":true,"valueName":"search_term_string"}}],"inLanguage":"de"},{"@type":"Organization","@id":"https:\/\/www.dataslatitudes.com\/sosuniversal\/de\/#organization","name":"DATASLATITUDES","url":"https:\/\/www.dataslatitudes.com\/sosuniversal\/de\/","logo":{"@type":"ImageObject","inLanguage":"de","@id":"https:\/\/www.dataslatitudes.com\/sosuniversal\/de\/#\/schema\/logo\/image\/","url":"https:\/\/www.dataslatitudes.com\/sosuniversal\/wp-content\/uploads\/2025\/07\/logo_mrdv.png","contentUrl":"https:\/\/www.dataslatitudes.com\/sosuniversal\/wp-content\/uploads\/2025\/07\/logo_mrdv.png","width":72,"height":72,"caption":"DATASLATITUDES"},"image":{"@id":"https:\/\/www.dataslatitudes.com\/sosuniversal\/de\/#\/schema\/logo\/image\/"}}]}},"_links":{"self":[{"href":"https:\/\/www.dataslatitudes.com\/sosuniversal\/de\/wp-json\/wp\/v2\/pages\/127","targetHints":{"allow":["GET"]}}],"collection":[{"href":"https:\/\/www.dataslatitudes.com\/sosuniversal\/de\/wp-json\/wp\/v2\/pages"}],"about":[{"href":"https:\/\/www.dataslatitudes.com\/sosuniversal\/de\/wp-json\/wp\/v2\/types\/page"}],"author":[{"embeddable":true,"href":"https:\/\/www.dataslatitudes.com\/sosuniversal\/de\/wp-json\/wp\/v2\/users\/1"}],"replies":[{"embeddable":true,"href":"https:\/\/www.dataslatitudes.com\/sosuniversal\/de\/wp-json\/wp\/v2\/comments?post=127"}],"version-history":[{"count":34,"href":"https:\/\/www.dataslatitudes.com\/sosuniversal\/de\/wp-json\/wp\/v2\/pages\/127\/revisions"}],"predecessor-version":[{"id":868,"href":"https:\/\/www.dataslatitudes.com\/sosuniversal\/de\/wp-json\/wp\/v2\/pages\/127\/revisions\/868"}],"wp:attachment":[{"href":"https:\/\/www.dataslatitudes.com\/sosuniversal\/de\/wp-json\/wp\/v2\/media?parent=127"}],"curies":[{"name":"wp","href":"https:\/\/api.w.org\/{rel}","templated":true}]}}