{"id":75,"date":"2025-06-11T15:05:57","date_gmt":"2025-06-11T15:05:57","guid":{"rendered":"http:\/\/www.dataslatitudes.com\/sosuniversal\/index.php\/mode-demploi\/"},"modified":"2025-08-14T09:50:55","modified_gmt":"2025-08-14T09:50:55","slug":"politique-confidentialite","status":"publish","type":"page","link":"https:\/\/www.dataslatitudes.com\/sosuniversal\/da\/politique-confidentialite\/","title":{"rendered":"Fortrolighed"},"content":{"rendered":"\r\n<p class=\"has-small-font-size\"><\/p>\r\n\r\n\r\n\r\n<h1 class=\"wp-block-heading has-text-align-center has-medium-font-size\"><strong>FORTROLIGHEDSPOLITIK<\/strong><\/h1>\r\n\r\n\r\n\r\n<p style=\"margin-top:0;margin-bottom:0;font-size:1rem\">Denne fortrolighedspolitik har til form\u00e5l at informere dig transparent om, hvordan mobilapplikationen SOS Universal (herefter kaldet &#8220;Applikationen&#8221;), udviklet af DATASLATITUDES (herefter kaldet &#8220;Udgiveren&#8221;), indsamler, bruger og beskytter dine personlige data.<\/p>\r\n\r\n\r\n\r\n<p style=\"margin-top:var(--wp--preset--spacing--20);margin-bottom:var(--wp--preset--spacing--20)\">Ved at bruge applikationen accepterer du vilk\u00e5rene i denne politik. Hvis du ikke accepterer disse vilk\u00e5r, bedes du ikke bruge applikationen.<\/p>\r\n\r\n\r\n\r\n<p><strong>Ikrafttr\u00e6delsesdato: 28. juni 2025<\/strong><\/p>\r\n\r\n\r\n\r\n<h2 class=\"wp-block-heading has-background\" style=\"background-color:#f9f3eb;margin-top:var(--wp--preset--spacing--30);margin-bottom:var(--wp--preset--spacing--30);padding-top:var(--wp--preset--spacing--30);padding-bottom:var(--wp--preset--spacing--30);font-size:1.2rem\">1. Dataansvarlig<\/h2>\r\n\r\n\r\n\r\n<p>Dataansvarlig for dine personlige data er: DATASLATITUDES. <strong>(E-mail: privacy.sos_universal@dataslatitudes.com)<\/strong><\/p>\r\n\r\n\r\n\r\n<p class=\"has-small-font-size\"><\/p>\r\n\r\n\r\n\r\n<h2 class=\"wp-block-heading has-background\" style=\"background-color:#f9f3eb;margin-top:var(--wp--preset--spacing--30);margin-bottom:var(--wp--preset--spacing--30);padding-top:var(--wp--preset--spacing--30);padding-bottom:var(--wp--preset--spacing--30);font-size:1.2rem\">2. Indsamlede data og form\u00e5l<\/h2>\r\n\r\n\r\n\r\n<p style=\"margin-top:var(--wp--preset--spacing--30);margin-bottom:var(--wp--preset--spacing--30);padding-top:0;padding-bottom:0\">Applikationen er designet til at minimere indsamlingen af personlige data og prioriterer udelukkende lokal lagring p\u00e5 din enhed. Dataene behandles til f\u00f8lgende form\u00e5l:<\/p>\r\n\r\n\r\n\r\n<h3 class=\"wp-block-heading\" style=\"margin-top:var(--wp--preset--spacing--20);margin-bottom:var(--wp--preset--spacing--20);padding-top:0;padding-bottom:0;font-size:1.1rem\">2.1. Data, du direkte giver<\/h3>\r\n\r\n\r\n\r\n<ul style=\"margin-top:var(--wp--preset--spacing--20);margin-bottom:var(--wp--preset--spacing--20);padding-top:0;padding-bottom:0\" class=\"wp-block-list\">\r\n<li style=\"margin-top:var(--wp--preset--spacing--20);margin-bottom:var(--wp--preset--spacing--20);padding-top:0;padding-bottom:0\"><strong>N\u00f8dkontakter: <\/strong>du opretter eller importerer kontakter (navne og telefonnumre) fra din adressebog.\r\n<ul class=\"wp-block-list\">\r\n<li><strong>Form\u00e5l: <\/strong>disse data bruges udelukkende til at sende SMS-alarmer og generere telefonopkald til dine n\u00f8dkontakter.<\/li>\r\n\r\n\r\n\r\n<li><strong>Opbevaring: <\/strong>disse data er lokalt gemt p\u00e5 din enhed og overf\u00f8res ikke til vores servere.<\/li>\r\n<\/ul>\r\n<\/li>\r\n\r\n\r\n\r\n<li><strong>Standard- og supplerende meddelelser: <\/strong>den tekst, du skriver til SMS-alarmerne.\r\n<ul class=\"wp-block-list\">\r\n<li><strong>Form\u00e5l: <\/strong>integrer din personlige besked i de sendte alarmer.<\/li>\r\n\r\n\r\n\r\n<li><strong>Opbevaring: <\/strong>lokalt gemt p\u00e5 din enhed.<\/li>\r\n<\/ul>\r\n<\/li>\r\n\r\n\r\n\r\n<li style=\"padding-top:var(--wp--preset--spacing--20);padding-bottom:var(--wp--preset--spacing--20)\"><strong>Lydoptagelser: <\/strong>de optagelser, du udl\u00f8ser.\r\n<ul class=\"wp-block-list\">\r\n<li><strong>Form\u00e5l: <\/strong>g\u00f8r det muligt at lytte, omd\u00f8be og slette dine optagelser. Af god kvalitet kan de tjene som bevis i tilf\u00e6lde af en klage.<\/li>\r\n\r\n\r\n\r\n<li><strong>Opbevaring: <\/strong>Lokalt gemt i din smartphones downloadmappe. Du er alene ansvarlig for administration og sletning af disse filer.<\/li>\r\n<\/ul>\r\n<\/li>\r\n<\/ul>\r\n\r\n\r\n\r\n<p class=\"has-small-font-size\"><\/p>\r\n\r\n\r\n\r\n<h3 class=\"wp-block-heading\" style=\"margin-top:var(--wp--preset--spacing--20);margin-bottom:var(--wp--preset--spacing--20);padding-top:0;padding-bottom:0;font-size:1.1rem\"><strong>2.2. Automatisk indsamlede data<\/strong><\/h3>\r\n\r\n\r\n\r\n<ul style=\"margin-top:var(--wp--preset--spacing--20);margin-bottom:var(--wp--preset--spacing--20);padding-top:0;padding-bottom:0\" class=\"wp-block-list\">\r\n<li style=\"margin-top:var(--wp--preset--spacing--20);margin-bottom:var(--wp--preset--spacing--20);padding-top:0;padding-bottom:0\"><strong>Geolokationsdata: <\/strong>Appen f\u00e5r kun adgang til din enheds placering (GPS eller Wi-Fi), n\u00e5r du aktiverer funktionen til afsendelse af din placering i alarmmeddelelsen.\r\n<ul class=\"wp-block-list\">\r\n<li><strong>Form\u00e5l: <\/strong>give din geografiske position (koordinater og adresse) til dine n\u00f8dkontakter under en alarm.<\/li>\r\n\r\n\r\n\r\n<li><strong>Opbevaring: <\/strong>disse data gemmes eller opbevares ikke af Udgiveren. De bruges i realtid til at generere GoogleMaps- (eller OpenStreetMap-) linket og adressen, og inkluderes derefter i SMS&#8217;en, der sendes via din telekommunikationsoperat\u00f8r<\/li>\r\n<\/ul>\r\n<\/li>\r\n\r\n\r\n\r\n<li><strong>Alarmhistorik: <\/strong>dato, tid, tilstand, modtager og indhold af de seneste 50 sendte alarmer.\r\n<ul class=\"wp-block-list\">\r\n<li><strong>Form\u00e5l: <\/strong>giver dig mulighed for at se din alarmhistorik af sporings- og administrationsm\u00e6ssige \u00e5rsager.<\/li>\r\n\r\n\r\n\r\n<li><strong>Opbevaring: <\/strong>lokalt gemt p\u00e5 din enhed.<\/li>\r\n<\/ul>\r\n<\/li>\r\n\r\n\r\n\r\n<li style=\"padding-top:var(--wp--preset--spacing--20);padding-bottom:var(--wp--preset--spacing--20)\"><strong>Adgangstilladelser: <\/strong>Applikationen kr\u00e6ver adgang til dine kontakter, geolokation, mikrofon, lydoptagelse, lagerplads, notifikationer og SMS\/telefonfunktioner.\r\n<ul class=\"wp-block-list\">\r\n<li><strong>Form\u00e5l: <\/strong>disse tilladelser er strengt n\u00f8dvendige for, at applikationen fungerer korrekt og for at udf\u00f8re dens funktioner.<\/li>\r\n<\/ul>\r\n<\/li>\r\n<\/ul>\r\n\r\n\r\n\r\n<p class=\"has-small-font-size\"><\/p>\r\n\r\n\r\n\r\n<h2 class=\"wp-block-heading has-background\" style=\"background-color:#f9f3eb;margin-top:var(--wp--preset--spacing--30);margin-bottom:var(--wp--preset--spacing--30);padding-top:var(--wp--preset--spacing--30);padding-bottom:var(--wp--preset--spacing--30);font-size:1.2rem\">3. Datadeling<\/h2>\r\n\r\n\r\n\r\n<p style=\"margin-top:var(--wp--preset--spacing--30);margin-bottom:var(--wp--preset--spacing--30);padding-top:0;padding-bottom:0\">Udgiveren deler, s\u00e6lger eller udlejer ikke dine personlige data til tredjeparter, hverken kommercielt eller gratis. De eneste enheder, der modtager dine data, er:<\/p>\r\n\r\n\r\n\r\n<ul style=\"margin-top:var(--wp--preset--spacing--20);margin-bottom:var(--wp--preset--spacing--20)\" class=\"wp-block-list\">\r\n<li><strong>Dine n\u00f8dkontakter: <\/strong>du v\u00e6lger at sende dem oplysninger (besked, placering) via din mobiloperat\u00f8rs tjenester (SMS\/opkald).<\/li>\r\n\r\n\r\n\r\n<li><strong>Google Maps: <\/strong>Applikationen bruger Googles korttjeneste til at generere et link til din placering. Brugen af dette link er underlagt Googles brugsbetingelser og fortrolighedspolitik.<\/li>\r\n\r\n\r\n\r\n<li><strong>OpenStreetMap: <\/strong>applikationen kan ogs\u00e5 bruge OpenStreetMaps korttjeneste til at generere et link til din placering. Brugen af dette link er underlagt OpenStreetMaps vilk\u00e5r for brug og fortrolighedspolitik.<\/li>\r\n<\/ul>\r\n\r\n\r\n\r\n<p class=\"has-small-font-size\"><\/p>\r\n\r\n\r\n\r\n<h2 class=\"wp-block-heading has-background\" style=\"background-color:#f9f3eb;margin-top:var(--wp--preset--spacing--30);margin-bottom:var(--wp--preset--spacing--30);padding-top:var(--wp--preset--spacing--30);padding-bottom:var(--wp--preset--spacing--30);font-size:1.2rem\">4. Dine rettigheder (GDPR-overensstemmelse)<\/h2>\r\n\r\n\r\n\r\n<p style=\"margin-top:var(--wp--preset--spacing--30);margin-bottom:var(--wp--preset--spacing--30);padding-top:0;padding-bottom:0\">Som bruger har du f\u00f8lgende rettigheder vedr\u00f8rende dine personlige data:<\/p>\r\n\r\n\r\n\r\n<ul style=\"margin-top:var(--wp--preset--spacing--20);margin-bottom:var(--wp--preset--spacing--20)\" class=\"wp-block-list\">\r\n<li><strong>Adgangsret: <\/strong>du kan til enhver tid f\u00e5 adgang til de data, der er gemt p\u00e5 din enhed, via applikationen.<\/li>\r\n\r\n\r\n\r\n<li><strong>Ret til berigtigelse: <\/strong>du kan \u00e6ndre eller rette dine kontakter og indstillinger direkte i applikationen.<\/li>\r\n\r\n\r\n\r\n<li><strong>Ret til sletning (&#8220;ret til at blive glemt&#8221;): <\/strong>du kan til enhver tid slette dine kontaktoplysninger og lydoptagelser. Sletning af applikationen sletter alle lokalt gemte data.<\/li>\r\n\r\n\r\n\r\n<li><strong>Ret til begr\u00e6nsning af behandling: <\/strong>du kan midlertidigt deaktivere kontakter eller funktioner (s\u00e5som placering) for at begr\u00e6nse behandlingen af dine data.<\/li>\r\n\r\n\r\n\r\n<li><strong>Indsigelsesret: <\/strong>du kan mods\u00e6tte dig behandlingen ved at stoppe med at bruge applikationen og afinstallere den.<\/li>\r\n<\/ul>\r\n\r\n\r\n\r\n<p class=\"has-small-font-size\"><\/p>\r\n\r\n\r\n\r\n<h2 class=\"wp-block-heading has-background\" style=\"background-color:#f9f3eb;margin-top:var(--wp--preset--spacing--30);margin-bottom:var(--wp--preset--spacing--30);padding-top:var(--wp--preset--spacing--30);padding-bottom:var(--wp--preset--spacing--30);font-size:1.2rem\">5. \u00c6ndringer i fortrolighedspolitikken<\/h2>\r\n\r\n\r\n\r\n<p style=\"margin-top:var(--wp--preset--spacing--30);margin-bottom:var(--wp--preset--spacing--30);padding-top:0;padding-bottom:0\">Udgiveren forbeholder sig ret til at \u00e6ndre denne fortrolighedspolitik til enhver tid. Din fortsatte brug af tjenesten efter offentligg\u00f8relse af \u00e6ndringerne vil udg\u00f8re accept af de nye betingelser.<\/p>\r\n\r\n\r\n\r\n<p class=\"has-small-font-size\"><\/p>\r\n\r\n\r\n\r\n<h2 class=\"wp-block-heading has-background\" style=\"background-color:#f9f3eb;margin-top:var(--wp--preset--spacing--30);margin-bottom:var(--wp--preset--spacing--30);padding-top:var(--wp--preset--spacing--30);padding-bottom:var(--wp--preset--spacing--30);font-size:1.2rem\">6. Kontakt os<\/h2>\r\n\r\n\r\n\r\n<p style=\"margin-top:var(--wp--preset--spacing--30);margin-bottom:var(--wp--preset--spacing--30);padding-top:0;padding-bottom:0\">Hvis du har sp\u00f8rgsm\u00e5l eller bekymringer vedr\u00f8rende denne fortrolighedspolitik eller behandlingen af dine data, kan du kontakte os p\u00e5 f\u00f8lgende e-mailadresse: <br><strong>privacy.sos_universal@dataslatitudes.com<\/strong><\/p>\r\n\r\n\r\n\r\n<p class=\"has-medium-font-size\"><\/p>\r\n\r\n\r\n\r\n<p class=\"has-medium-font-size\"><\/p>\r\n","protected":false},"excerpt":{"rendered":"<p>FORTROLIGHEDSPOLITIK Denne fortrolighedspolitik har til form\u00e5l at informere dig transparent om, hvordan mobilapplikationen SOS Universal (herefter kaldet &#8220;Applikationen&#8221;), udviklet af [&hellip;]<\/p>\n","protected":false},"author":1,"featured_media":0,"parent":0,"menu_order":4,"comment_status":"closed","ping_status":"closed","template":"","meta":{"site-sidebar-layout":"default","site-content-layout":"","ast-site-content-layout":"default","site-content-style":"default","site-sidebar-style":"default","ast-global-header-display":"","ast-banner-title-visibility":"","ast-main-header-display":"","ast-hfb-above-header-display":"","ast-hfb-below-header-display":"","ast-hfb-mobile-header-display":"","site-post-title":"disabled","ast-breadcrumbs-content":"","ast-featured-img":"","footer-sml-layout":"","theme-transparent-header-meta":"","adv-header-id-meta":"","stick-header-meta":"","header-above-stick-meta":"","header-main-stick-meta":"","header-below-stick-meta":"","astra-migrate-meta-layouts":"default","ast-page-background-enabled":"default","ast-page-background-meta":{"desktop":{"background-color":"var(--ast-global-color-5)","background-image":"","background-repeat":"repeat","background-position":"center center","background-size":"auto","background-attachment":"scroll","background-type":"","background-media":"","overlay-type":"","overlay-color":"","overlay-opacity":"","overlay-gradient":""},"tablet":{"background-color":"","background-image":"","background-repeat":"repeat","background-position":"center center","background-size":"auto","background-attachment":"scroll","background-type":"","background-media":"","overlay-type":"","overlay-color":"","overlay-opacity":"","overlay-gradient":""},"mobile":{"background-color":"","background-image":"","background-repeat":"repeat","background-position":"center center","background-size":"auto","background-attachment":"scroll","background-type":"","background-media":"","overlay-type":"","overlay-color":"","overlay-opacity":"","overlay-gradient":""}},"ast-content-background-meta":{"desktop":{"background-color":"var(--ast-global-color-4)","background-image":"","background-repeat":"repeat","background-position":"center center","background-size":"auto","background-attachment":"scroll","background-type":"","background-media":"","overlay-type":"","overlay-color":"","overlay-opacity":"","overlay-gradient":""},"tablet":{"background-color":"var(--ast-global-color-4)","background-image":"","background-repeat":"repeat","background-position":"center center","background-size":"auto","background-attachment":"scroll","background-type":"","background-media":"","overlay-type":"","overlay-color":"","overlay-opacity":"","overlay-gradient":""},"mobile":{"background-color":"var(--ast-global-color-4)","background-image":"","background-repeat":"repeat","background-position":"center center","background-size":"auto","background-attachment":"scroll","background-type":"","background-media":"","overlay-type":"","overlay-color":"","overlay-opacity":"","overlay-gradient":""}},"footnotes":""},"class_list":["post-75","page","type-page","status-publish","hentry"],"yoast_head":"<!-- This site is optimized with the Yoast SEO plugin v25.6 - https:\/\/yoast.com\/wordpress\/plugins\/seo\/ -->\n<title>Fortrolighed<\/title>\n<meta name=\"description\" content=\"Denne fortrolighedspolitik har til form\u00e5l at informere dig transparent om, hvordan mobilapplikationen SOS Universal, udviklet af DATASLATITUDES, indsamler, bruger og beskytter dine personlige data. Den beskriver dataansvarlig, indsamlede data og form\u00e5l, deling af data, dine rettigheder (GDPR-overensstemmelse) og betingelserne for \u00e6ndringer i fortrolighedspolitikken.\" \/>\n<meta name=\"robots\" content=\"index, follow, max-snippet:-1, max-image-preview:large, max-video-preview:-1\" \/>\n<link rel=\"canonical\" href=\"\" \/>\n<meta property=\"og:locale\" content=\"da_DK\" \/>\n<meta property=\"og:type\" content=\"article\" \/>\n<meta property=\"og:title\" content=\"Fortrolighed\" \/>\n<meta property=\"og:description\" content=\"Denne fortrolighedspolitik har til form\u00e5l at informere dig transparent om, hvordan mobilapplikationen SOS Universal, udviklet af DATASLATITUDES, indsamler, bruger og beskytter dine personlige data. Den beskriver dataansvarlig, indsamlede data og form\u00e5l, deling af data, dine rettigheder (GDPR-overensstemmelse) og betingelserne for \u00e6ndringer i fortrolighedspolitikken.\" \/>\n<meta property=\"og:url\" content=\"https:\/\/www.dataslatitudes.com\/sosuniversal\/da\/politique-confidentialite\/\" \/>\n<meta property=\"og:site_name\" content=\"SOS Universal\" \/>\n<meta property=\"article:modified_time\" content=\"2025-08-14T09:50:55+00:00\" \/>\n<meta name=\"twitter:card\" content=\"summary_large_image\" \/>\n<meta name=\"twitter:label1\" content=\"Estimeret l\u00e6setid\" \/>\n\t<meta name=\"twitter:data1\" content=\"4 minutter\" \/>\n<script type=\"application\/ld+json\" class=\"yoast-schema-graph\">{\"@context\":\"https:\/\/schema.org\",\"@graph\":[{\"@type\":\"WebPage\",\"@id\":\"https:\/\/www.dataslatitudes.com\/sosuniversal\/da\/politique-confidentialite\/\",\"url\":\"https:\/\/www.dataslatitudes.com\/sosuniversal\/da\/politique-confidentialite\/\",\"name\":\"Confidentialit\u00e9 - SOS Universal\",\"isPartOf\":{\"@id\":\"https:\/\/www.dataslatitudes.com\/sosuniversal\/#website\"},\"datePublished\":\"2025-06-11T15:05:57+00:00\",\"dateModified\":\"2025-08-14T09:50:55+00:00\",\"description\":\"La pr\u00e9sente Politique de Confidentialit\u00e9 a pour objectif de vous informer de mani\u00e8re transparente sur la mani\u00e8re dont l'application mobile SOS Universal, d\u00e9velopp\u00e9e par DATASLATITUDES, collecte, utilise et prot\u00e8ge vos donn\u00e9es personnelles. On y expose le responsable du traitement des donn\u00e9es, les donn\u00e9es collect\u00e9es et les finalit\u00e9s, le partage des donn\u00e9es, vos droits (conformit\u00e9 RGPD) et les conditions de modifications de la Politique de Confidentialit\u00e9.\",\"breadcrumb\":{\"@id\":\"https:\/\/www.dataslatitudes.com\/sosuniversal\/da\/politique-confidentialite\/#breadcrumb\"},\"inLanguage\":\"da-DK\",\"potentialAction\":[{\"@type\":\"ReadAction\",\"target\":[\"https:\/\/www.dataslatitudes.com\/sosuniversal\/da\/politique-confidentialite\/\"]}]},{\"@type\":\"BreadcrumbList\",\"@id\":\"https:\/\/www.dataslatitudes.com\/sosuniversal\/da\/politique-confidentialite\/#breadcrumb\",\"itemListElement\":[{\"@type\":\"ListItem\",\"position\":1,\"name\":\"Pr\u00e6sentation\",\"item\":\"https:\/\/www.dataslatitudes.com\/sosuniversal\/fr\/\"},{\"@type\":\"ListItem\",\"position\":2,\"name\":\"Fortrolighed\"}]},{\"@type\":\"WebSite\",\"@id\":\"https:\/\/www.dataslatitudes.com\/sosuniversal\/da\/#website\",\"url\":\"https:\/\/www.dataslatitudes.com\/sosuniversal\/da\/\",\"name\":\"SOS Universal\",\"description\":\"\",\"publisher\":{\"@id\":\"https:\/\/www.dataslatitudes.com\/sosuniversal\/da\/#organization\"},\"potentialAction\":[{\"@type\":\"SearchAction\",\"target\":{\"@type\":\"EntryPoint\",\"urlTemplate\":\"https:\/\/www.dataslatitudes.com\/sosuniversal\/da\/?s={search_term_string}\"},\"query-input\":{\"@type\":\"PropertyValueSpecification\",\"valueRequired\":true,\"valueName\":\"search_term_string\"}}],\"inLanguage\":\"da-DK\"},{\"@type\":\"Organization\",\"@id\":\"https:\/\/www.dataslatitudes.com\/sosuniversal\/da\/#organization\",\"name\":\"DATASLATITUDES\",\"url\":\"https:\/\/www.dataslatitudes.com\/sosuniversal\/da\/\",\"logo\":{\"@type\":\"ImageObject\",\"inLanguage\":\"da-DK\",\"@id\":\"https:\/\/www.dataslatitudes.com\/sosuniversal\/da\/#\/schema\/logo\/image\/\",\"url\":\"https:\/\/www.dataslatitudes.com\/sosuniversal\/wp-content\/uploads\/2025\/07\/logo_mrdv.png\",\"contentUrl\":\"https:\/\/www.dataslatitudes.com\/sosuniversal\/wp-content\/uploads\/2025\/07\/logo_mrdv.png\",\"width\":72,\"height\":72,\"caption\":\"DATASLATITUDES\"},\"image\":{\"@id\":\"https:\/\/www.dataslatitudes.com\/sosuniversal\/da\/#\/schema\/logo\/image\/\"}}]}<\/script>\n<!-- \/ Yoast SEO plugin. -->","yoast_head_json":{"title":"Fortrolighed","description":"Denne fortrolighedspolitik har til form\u00e5l at informere dig transparent om, hvordan mobilapplikationen SOS Universal, udviklet af DATASLATITUDES, indsamler, bruger og beskytter dine personlige data. Den beskriver dataansvarlig, indsamlede data og form\u00e5l, deling af data, dine rettigheder (GDPR-overensstemmelse) og betingelserne for \u00e6ndringer i fortrolighedspolitikken.","robots":{"index":"index","follow":"follow","max-snippet":"max-snippet:-1","max-image-preview":"max-image-preview:large","max-video-preview":"max-video-preview:-1"},"canonical":"FORTROLIGHEDSPOLITIK Denne fortrolighedspolitik har til form\u00e5l at informere dig transparent om, hvordan mobilapplikationen SOS Universal (herefter kaldet \"Applikationen\"), udviklet af DATASLATITUDES (herefter kaldet \"Udgiveren\"), indsamler, bruger og beskytter dine personlige data. Ved at bruge applikationen accepterer du vilk\u00e5rene i denne politik. Hvis du ikke accepterer disse vilk\u00e5r, bedes du ikke bruge applikationen. Ikrafttr\u00e6delsesdato: 28. juni&hellip;","og_locale":"da_DK","og_type":"article","og_title":"Fortrolighed","og_description":"Denne fortrolighedspolitik har til form\u00e5l at informere dig transparent om, hvordan mobilapplikationen SOS Universal, udviklet af DATASLATITUDES, indsamler, bruger og beskytter dine personlige data. Den beskriver dataansvarlig, indsamlede data og form\u00e5l, deling af data, dine rettigheder (GDPR-overensstemmelse) og betingelserne for \u00e6ndringer i fortrolighedspolitikken.","og_url":"https:\/\/www.dataslatitudes.com\/sosuniversal\/da\/politique-confidentialite\/","og_site_name":"SOS Universal","article_modified_time":"2025-08-14T09:50:55+00:00","twitter_card":"summary_large_image","twitter_misc":{"Estimeret l\u00e6setid":"4 minutter"},"schema":{"@context":"https:\/\/schema.org","@graph":[{"@type":"WebPage","@id":"https:\/\/www.dataslatitudes.com\/sosuniversal\/da\/politique-confidentialite\/","url":"https:\/\/www.dataslatitudes.com\/sosuniversal\/da\/politique-confidentialite\/","name":"Confidentialit\u00e9 - SOS Universal","isPartOf":{"@id":"https:\/\/www.dataslatitudes.com\/sosuniversal\/#website"},"datePublished":"2025-06-11T15:05:57+00:00","dateModified":"2025-08-14T09:50:55+00:00","description":"La pr\u00e9sente Politique de Confidentialit\u00e9 a pour objectif de vous informer de mani\u00e8re transparente sur la mani\u00e8re dont l'application mobile SOS Universal, d\u00e9velopp\u00e9e par DATASLATITUDES, collecte, utilise et prot\u00e8ge vos donn\u00e9es personnelles. On y expose le responsable du traitement des donn\u00e9es, les donn\u00e9es collect\u00e9es et les finalit\u00e9s, le partage des donn\u00e9es, vos droits (conformit\u00e9 RGPD) et les conditions de modifications de la Politique de Confidentialit\u00e9.","breadcrumb":{"@id":"https:\/\/www.dataslatitudes.com\/sosuniversal\/da\/politique-confidentialite\/#breadcrumb"},"inLanguage":"da-DK","potentialAction":[{"@type":"ReadAction","target":["https:\/\/www.dataslatitudes.com\/sosuniversal\/da\/politique-confidentialite\/"]}]},{"@type":"BreadcrumbList","@id":"https:\/\/www.dataslatitudes.com\/sosuniversal\/da\/politique-confidentialite\/#breadcrumb","itemListElement":[{"@type":"ListItem","position":1,"name":"Pr\u00e6sentation","item":"https:\/\/www.dataslatitudes.com\/sosuniversal\/fr\/"},{"@type":"ListItem","position":2,"name":"Fortrolighed"}]},{"@type":"WebSite","@id":"https:\/\/www.dataslatitudes.com\/sosuniversal\/da\/#website","url":"https:\/\/www.dataslatitudes.com\/sosuniversal\/da\/","name":"SOS Universal","description":"","publisher":{"@id":"https:\/\/www.dataslatitudes.com\/sosuniversal\/da\/#organization"},"potentialAction":[{"@type":"SearchAction","target":{"@type":"EntryPoint","urlTemplate":"https:\/\/www.dataslatitudes.com\/sosuniversal\/da\/?s={search_term_string}"},"query-input":{"@type":"PropertyValueSpecification","valueRequired":true,"valueName":"search_term_string"}}],"inLanguage":"da-DK"},{"@type":"Organization","@id":"https:\/\/www.dataslatitudes.com\/sosuniversal\/da\/#organization","name":"DATASLATITUDES","url":"https:\/\/www.dataslatitudes.com\/sosuniversal\/da\/","logo":{"@type":"ImageObject","inLanguage":"da-DK","@id":"https:\/\/www.dataslatitudes.com\/sosuniversal\/da\/#\/schema\/logo\/image\/","url":"https:\/\/www.dataslatitudes.com\/sosuniversal\/wp-content\/uploads\/2025\/07\/logo_mrdv.png","contentUrl":"https:\/\/www.dataslatitudes.com\/sosuniversal\/wp-content\/uploads\/2025\/07\/logo_mrdv.png","width":72,"height":72,"caption":"DATASLATITUDES"},"image":{"@id":"https:\/\/www.dataslatitudes.com\/sosuniversal\/da\/#\/schema\/logo\/image\/"}}]}},"_links":{"self":[{"href":"https:\/\/www.dataslatitudes.com\/sosuniversal\/da\/wp-json\/wp\/v2\/pages\/75","targetHints":{"allow":["GET"]}}],"collection":[{"href":"https:\/\/www.dataslatitudes.com\/sosuniversal\/da\/wp-json\/wp\/v2\/pages"}],"about":[{"href":"https:\/\/www.dataslatitudes.com\/sosuniversal\/da\/wp-json\/wp\/v2\/types\/page"}],"author":[{"embeddable":true,"href":"https:\/\/www.dataslatitudes.com\/sosuniversal\/da\/wp-json\/wp\/v2\/users\/1"}],"replies":[{"embeddable":true,"href":"https:\/\/www.dataslatitudes.com\/sosuniversal\/da\/wp-json\/wp\/v2\/comments?post=75"}],"version-history":[{"count":30,"href":"https:\/\/www.dataslatitudes.com\/sosuniversal\/da\/wp-json\/wp\/v2\/pages\/75\/revisions"}],"predecessor-version":[{"id":2927,"href":"https:\/\/www.dataslatitudes.com\/sosuniversal\/da\/wp-json\/wp\/v2\/pages\/75\/revisions\/2927"}],"wp:attachment":[{"href":"https:\/\/www.dataslatitudes.com\/sosuniversal\/da\/wp-json\/wp\/v2\/media?parent=75"}],"curies":[{"name":"wp","href":"https:\/\/api.w.org\/{rel}","templated":true}]}}