{"id":127,"date":"2025-06-12T03:29:21","date_gmt":"2025-06-12T03:29:21","guid":{"rendered":"https:\/\/www.dataslatitudes.com\/sosuniversal\/?page_id=127"},"modified":"2025-07-13T07:26:58","modified_gmt":"2025-07-13T07:26:58","slug":"cas-dutilisation","status":"publish","type":"page","link":"https:\/\/www.dataslatitudes.com\/sosuniversal\/da\/cas-dutilisation\/","title":{"rendered":"Anvendelsestilf\u00e6lde"},"content":{"rendered":"\r\n<p class=\"has-small-font-size\"><\/p>\r\n\r\n\r\n\r\n<h1 class=\"wp-block-heading has-text-align-center has-medium-font-size\"><strong>ANVENDELSESTILF\u00c6LDE<\/strong><\/h1>\r\n\r\n\r\n\r\n<p style=\"font-size:1rem\">En smartphone-applikation, der g\u00f8r det muligt at sende alarmer, n\u00f8dkald eller blot sin aktuelle placering, kan vise sig at v\u00e6re afg\u00f8rende i mange situationer, hvilket giver ro i sindet og bidrager til hurtig adgang til assistance. Her er nogle eksempler p\u00e5 dens anvendelsessituationer, klassificeret efter kategorier for bedre forst\u00e5else.<\/p>\r\n\r\n\r\n\r\n<h2 class=\"wp-block-heading has-background\" style=\"background-color:#f9f3eb;margin-top:var(--wp--preset--spacing--30);margin-bottom:var(--wp--preset--spacing--30);padding-top:var(--wp--preset--spacing--20);padding-bottom:var(--wp--preset--spacing--20);font-size:1.2rem\">Personlig sikkerhed og n\u00f8dsituationer<\/h2>\r\n\r\n\r\n\r\n<ul class=\"wp-block-list\">\r\n<li style=\"font-size:1rem\"><strong>Vold mod kvinder, LGBT-fobisk og serofobisk vold, racistisk, fremmedfjendsk eller religionsbaseret vold, vold mod personer med handicap&nbsp;: <\/strong>i tilf\u00e6lde af fysisk eller verbalt overgreb giver applikationen dig mulighed for at udl\u00f8se en diskret alarm med et enkelt klik til betroede kontakter med deling af GPS-position i realtid. En lydoptagelse kan ogs\u00e5 indstilles til at tjene som bevis i tilf\u00e6lde af en klage.<\/li>\r\n\r\n\r\n\r\n<li style=\"font-size:1rem\"><strong>Offer for upassende adf\u00e6rd i offentlig transport (f.eks. ber\u00f8ring i metroen): <\/strong>offeret kan udl\u00f8se en kraftig lydalarm (f.eks. politisirene eller menneskeligt skrig) samt en lydoptagelse.<\/li>\r\n\r\n\r\n\r\n<li style=\"font-size:1rem\"><strong>Overfald eller umiddelbar trussel: <\/strong>i tilf\u00e6lde af fysisk overgreb, voldt\u00e6gtsfors\u00f8g, r\u00f8veri med vold eller enhver situation, der direkte truer brugerens fysiske integritet, giver applikationen dig mulighed for at sende en diskret og hurtig alarm til n\u00f8dkontakter.<\/li>\r\n\r\n\r\n\r\n<li style=\"font-size:1rem\"><strong>Chikanesituation eller stalking: <\/strong>Applikationen g\u00f8r det muligt diskret at alarmere betroede kontakter eller myndigheder i tilf\u00e6lde af forf\u00f8lgelse eller chikane, med mulighed for at optage bevis via lydoptagelse.<\/li>\r\n\r\n\r\n\r\n<li style=\"font-size:1rem\"><strong>Ofre for vold i hjemmet: <\/strong>det er muligt at have en diskret og hurtig m\u00e5de at bede om hj\u00e6lp i tilf\u00e6lde af fare, uden at advare angriberen.<\/li>\r\n<\/ul>\r\n\r\n\r\n\r\n<p style=\"font-size:1rem\">I de foreg\u00e5ende tilf\u00e6lde kan den diskrete alarm suppleres eller erstattes af en akustisk afskr\u00e6kkelse: udl\u00f8sning af en h\u00f8j sirene eller simulering af et indg\u00e5ende telefonopkald for at skabe en afledning.<\/p>\r\n\r\n\r\n\r\n<ul class=\"wp-block-list\">\r\n<li style=\"font-size:1rem\"><strong>Medicinsk n\u00f8dsituation: <\/strong>for personer, der lider af kroniske sygdomme (hjerteanfald, alvorlige astmaanfald, epilepsi, alvorlige allergier) eller i tilf\u00e6lde af en ulykke (fald, skade), g\u00f8r appen det muligt at sende et n\u00f8dkald.<\/li>\r\n\r\n\r\n\r\n<li style=\"font-size:1rem\"><strong>Forsvinden eller forvirring: <\/strong>s\u00e6rligt nyttigt for b\u00f8rn, \u00e6ldre med kognitive lidelser eller vandrere, applikationen giver mulighed for at sende GPS-position i realtid, hvilket letter s\u00f8gninger.<\/li>\r\n\r\n\r\n\r\n<li style=\"font-size:1rem\"><strong>Trafikulykker: <\/strong>i tilf\u00e6lde af en ulykke giver appen dig mulighed for at sende en alarm med placering.<\/li>\r\n\r\n\r\n\r\n<li style=\"font-size:1rem\"><strong>Naturkatastrofer: <\/strong>under jordsk\u00e6lv, oversv\u00f8mmelser, skovbrande eller andre katastrofer kan appen bruges til at rapportere sin position, bede om hj\u00e6lp og informere sine k\u00e6re om sin sikkerhed.<\/li>\r\n<\/ul>\r\n\r\n\r\n\r\n<h2 class=\"wp-block-heading has-background\" style=\"background-color:#f9f3eb;margin-top:var(--wp--preset--spacing--30);margin-bottom:var(--wp--preset--spacing--30);padding-top:var(--wp--preset--spacing--20);padding-bottom:var(--wp--preset--spacing--20);font-size:1.2rem\">Dagligdag og assistance<\/h2>\r\n\r\n\r\n\r\n<ul class=\"wp-block-list\">\r\n<li style=\"font-size:1rem\"><strong>\u00c6ldre eller handicappede: <\/strong>Applikationen kan bruges til at udl\u00f8se en anmodning om assistance.<\/li>\r\n\r\n\r\n\r\n<li style=\"font-size:1rem\"><strong>B\u00f8rn og unge: <\/strong>for for\u00e6ldre, der er bekymrede for deres b\u00f8rns sikkerhed, kan appen g\u00f8re det muligt for b\u00f8rn at sende en diskret alarm i tilf\u00e6lde af fare, n\u00e5r de f\u00f8ler sig fortabt, eller i en chikanesituation (med optagelse af bevis).<br>Eksempel: En teenager til en fest, der f\u00f8ler sig utilpas, er under pres, eller har brug for at blive hentet uden at kunne udtrykke sig direkte, kan sende en diskret alarm til sine for\u00e6ldre eller en betroet voksen.<\/li>\r\n\r\n\r\n\r\n<li style=\"font-size:1rem\"><strong>Mekaniske problemer eller k\u00f8ret\u00f8jsnedbrud: <\/strong>i tilf\u00e6lde af et nedbrud p\u00e5 en isoleret eller farlig vej giver applikationen dig mulighed for at sende en alarm til vejhj\u00e6lpstjenester eller kontakter for at anmode om hj\u00e6lp.<\/li>\r\n\r\n\r\n\r\n<li style=\"font-size:1rem\"><strong>Social isolation eller f\u00f8lelse af fare: <\/strong>en person, der f\u00f8ler sig s\u00e5rbar eller truet i en bestemt social situation (f.eks. under en date med en fremmed), kan bruge appen til diskret at alarmere en ven og dele sin position.<\/li>\r\n\r\n\r\n\r\n<li style=\"font-size:1rem\"><strong>Psykologisk st\u00f8tte: <\/strong>for personer, der lider af angst eller panikanfald, giver appen mulighed for at alarmere en betroet kontakt for \u00f8jeblikkelig st\u00f8tte.<\/li>\r\n<\/ul>\r\n\r\n\r\n\r\n<h2 class=\"wp-block-heading has-background\" style=\"background-color:#f9f3eb;margin-top:var(--wp--preset--spacing--30);margin-bottom:var(--wp--preset--spacing--30);padding-top:var(--wp--preset--spacing--20);padding-bottom:var(--wp--preset--spacing--20);font-size:1.2rem\">Arbejde og professionelle situationer<\/h2>\r\n\r\n\r\n\r\n<ul class=\"wp-block-list\">\r\n<li style=\"font-size:1rem\"><strong>Enearbejdere: <\/strong>for fagfolk, der arbejder alene i risikofyldte omgivelser (sikkerhedsvagter, serviceteknikere, taxachauff\u00f8rer, landm\u00e6nd, \u00f8stersfarmere), bidrager appen til hurtig assistance i tilf\u00e6lde af ulykke eller overfald.<\/li>\r\n\r\n\r\n\r\n<li style=\"font-size:1rem\"><strong>Sundheds- og socialpersonale: <\/strong>l\u00e6ger, sygeplejersker, socialarbejdere eller hjemmehj\u00e6lpere, der bes\u00f8ger patienter eller klienter i risikozoner, kan bruge appen til at rapportere en farlig situation eller bede om hj\u00e6lp.<\/li>\r\n\r\n\r\n\r\n<li style=\"font-size:1rem\"><strong>Nattepersonale: <\/strong>ansatte, der arbejder om natten p\u00e5 isolerede steder (tankstationer, supermarkeder, hoteller), kan have en m\u00e5de at bede om hurtig hj\u00e6lp i tilf\u00e6lde af tyveri eller overfald.<\/li>\r\n\r\n\r\n\r\n<li style=\"font-size:1rem\"><strong>Journalister og reportere i risikoomr\u00e5der: <\/strong>mulighed for at rapportere en farlig situation eller en anholdelse, der overf\u00f8rer position og kontekstuelle oplysninger (via telefonopkald eller SMS) til n\u00f8dkontakter.<\/li>\r\n<\/ul>\r\n\r\n\r\n\r\n<h2 class=\"wp-block-heading has-background\" style=\"background-color:#f9f3eb;margin-top:var(--wp--preset--spacing--30);margin-bottom:var(--wp--preset--spacing--30);padding-top:var(--wp--preset--spacing--20);padding-bottom:var(--wp--preset--spacing--20);font-size:1.2rem\">Fritid og udend\u00f8rs aktiviteter<\/h2>\r\n\r\n\r\n\r\n<ul class=\"wp-block-list\">\r\n<li style=\"font-size:1rem\"><strong>Vandring og bjergbestigning: <\/strong>i tilf\u00e6lde af fald, skade, desorientering eller ekstreme vejrforhold g\u00f8r applikationen det muligt at sende en alarm med GPS-position til redningshold eller familien.<\/li>\r\n\r\n\r\n\r\n<li style=\"font-size:1rem\"><strong>Vandsport: <\/strong>For sejlere, for eksempel, kan appen bruges til at rapportere et problem (kapsejsning, motorfejl, skade) med positionsudsendelse.<\/li>\r\n\r\n\r\n\r\n<li style=\"font-size:1rem\"><strong>Cykling og l\u00f8b: <\/strong>i tilf\u00e6lde af fald, skade eller ubehag g\u00f8r applikationen det muligt at advare foruddefinerede kontakter med placeringen.<\/li>\r\n\r\n\r\n\r\n<li style=\"font-size:1rem\"><strong>Rejser og turisme: <\/strong>rejsende, is\u00e6r dem, der udforsker ukendte eller farlige omr\u00e5der, kan bruge appen til at alarmere deres k\u00e6re eller konsul\u00e6re tjenester i tilf\u00e6lde af et problem (overfald, sygdom, tyveri af dokumenter).<\/li>\r\n<\/ul>\r\n\r\n\r\n\r\n<p style=\"font-size:1rem\">I de tidligere tilf\u00e6lde, med det form\u00e5l at informere f.eks. dit professionelle eller famili\u00e6re omgivelser, kan alarmen ogs\u00e5 begr\u00e6nses til kun at sende den aktuelle geografiske placering via SMS. Eksempel: I gentagende tilstand, i 5 timer, hvert 15. minut, sender jeg en SMS, der kun indeholder min placering.<\/p>\r\n\r\n\r\n\r\n<p class=\"has-small-font-size\" style=\"margin-top:var(--wp--preset--spacing--30);margin-bottom:var(--wp--preset--spacing--30)\"><\/p>\r\n","protected":false},"excerpt":{"rendered":"<p>ANVENDELSESTILF\u00c6LDE En smartphone-applikation, der g\u00f8r det muligt at sende alarmer, n\u00f8dkald eller blot sin aktuelle placering, kan vise sig at [&hellip;]<\/p>\n","protected":false},"author":1,"featured_media":0,"parent":0,"menu_order":1,"comment_status":"closed","ping_status":"closed","template":"","meta":{"site-sidebar-layout":"default","site-content-layout":"","ast-site-content-layout":"","site-content-style":"default","site-sidebar-style":"default","ast-global-header-display":"","ast-banner-title-visibility":"","ast-main-header-display":"","ast-hfb-above-header-display":"","ast-hfb-below-header-display":"","ast-hfb-mobile-header-display":"","site-post-title":"disabled","ast-breadcrumbs-content":"","ast-featured-img":"","footer-sml-layout":"","theme-transparent-header-meta":"","adv-header-id-meta":"","stick-header-meta":"","header-above-stick-meta":"","header-main-stick-meta":"","header-below-stick-meta":"","astra-migrate-meta-layouts":"default","ast-page-background-enabled":"default","ast-page-background-meta":{"desktop":{"background-color":"var(--ast-global-color-5)","background-image":"","background-repeat":"repeat","background-position":"center center","background-size":"auto","background-attachment":"scroll","background-type":"","background-media":"","overlay-type":"","overlay-color":"","overlay-opacity":"","overlay-gradient":""},"tablet":{"background-color":"","background-image":"","background-repeat":"repeat","background-position":"center center","background-size":"auto","background-attachment":"scroll","background-type":"","background-media":"","overlay-type":"","overlay-color":"","overlay-opacity":"","overlay-gradient":""},"mobile":{"background-color":"","background-image":"","background-repeat":"repeat","background-position":"center center","background-size":"auto","background-attachment":"scroll","background-type":"","background-media":"","overlay-type":"","overlay-color":"","overlay-opacity":"","overlay-gradient":""}},"ast-content-background-meta":{"desktop":{"background-color":"var(--ast-global-color-4)","background-image":"","background-repeat":"repeat","background-position":"center center","background-size":"auto","background-attachment":"scroll","background-type":"","background-media":"","overlay-type":"","overlay-color":"","overlay-opacity":"","overlay-gradient":""},"tablet":{"background-color":"var(--ast-global-color-4)","background-image":"","background-repeat":"repeat","background-position":"center center","background-size":"auto","background-attachment":"scroll","background-type":"","background-media":"","overlay-type":"","overlay-color":"","overlay-opacity":"","overlay-gradient":""},"mobile":{"background-color":"var(--ast-global-color-4)","background-image":"","background-repeat":"repeat","background-position":"center center","background-size":"auto","background-attachment":"scroll","background-type":"","background-media":"","overlay-type":"","overlay-color":"","overlay-opacity":"","overlay-gradient":""}},"footnotes":""},"class_list":["post-127","page","type-page","status-publish","hentry"],"yoast_head":"<!-- This site is optimized with the Yoast SEO plugin v25.6 - https:\/\/yoast.com\/wordpress\/plugins\/seo\/ -->\n<title>Anvendelsestilf\u00e6lde<\/title>\n<meta name=\"description\" content=\"En smartphone-applikation, der g\u00f8r det muligt at sende alarmer, n\u00f8dkald eller blot sin aktuelle placering, kan vise sig at v\u00e6re afg\u00f8rende i mange situationer, hvilket giver ro i sindet og bidrager til hurtig adgang til assistance. Eksempler: personlig sikkerhed og n\u00f8dsituationer, dagligdag og assistance, arbejde og professionelle situationer samt fritids- og udend\u00f8rsaktiviteter.\" \/>\n<meta name=\"robots\" content=\"index, follow, max-snippet:-1, max-image-preview:large, max-video-preview:-1\" \/>\n<link rel=\"canonical\" href=\"http:\/\/ANVENDELSESTILF\u00c6LDE%20En%20smartphone-applikation,%20der%20g\u00f8r%20det%20muligt%20at%20sende%20alarmer,%20n\u00f8dkald%20eller%20blot%20sin%20aktuelle%20placering,%20kan%20vise%20sig%20at%20v\u00e6re%20afg\u00f8rende%20i%20mange%20situationer,%20hvilket%20giver%20ro%20i%20sindet%20og%20bidrager%20til%20hurtig%20adgang%20til%20assistance.%20Her%20er%20nogle%20eksempler%20p\u00e5%20dens%20anvendelsessituationer,%20klassificeret%20efter%20kategorier%20for%20bedre%20forst\u00e5else.%20Personlig%20sikkerhed%20og%20n\u00f8dsituationer%20Vold&hellip;\" \/>\n<meta property=\"og:locale\" content=\"da_DK\" \/>\n<meta property=\"og:type\" content=\"article\" \/>\n<meta property=\"og:title\" content=\"Anvendelsestilf\u00e6lde\" \/>\n<meta property=\"og:description\" content=\"En smartphone-applikation, der g\u00f8r det muligt at sende alarmer, n\u00f8dkald eller blot sin aktuelle placering, kan vise sig at v\u00e6re afg\u00f8rende i mange situationer, hvilket giver ro i sindet og bidrager til hurtig adgang til assistance. Eksempler: personlig sikkerhed og n\u00f8dsituationer, dagligdag og assistance, arbejde og professionelle situationer samt fritids- og udend\u00f8rsaktiviteter.\" \/>\n<meta property=\"og:url\" content=\"https:\/\/www.dataslatitudes.com\/sosuniversal\/da\/cas-dutilisation\/\" \/>\n<meta property=\"og:site_name\" content=\"SOS Universal\" \/>\n<meta property=\"article:modified_time\" content=\"2025-07-13T07:26:58+00:00\" \/>\n<meta name=\"twitter:card\" content=\"summary_large_image\" \/>\n<meta name=\"twitter:label1\" content=\"Estimeret l\u00e6setid\" \/>\n\t<meta name=\"twitter:data1\" content=\"5 minutter\" \/>\n<script type=\"application\/ld+json\" class=\"yoast-schema-graph\">{\"@context\":\"https:\/\/schema.org\",\"@graph\":[{\"@type\":\"WebPage\",\"@id\":\"https:\/\/www.dataslatitudes.com\/sosuniversal\/da\/cas-dutilisation\/\",\"url\":\"https:\/\/www.dataslatitudes.com\/sosuniversal\/da\/cas-dutilisation\/\",\"name\":\"Cas d'utilisation - SOS Universal\",\"isPartOf\":{\"@id\":\"https:\/\/www.dataslatitudes.com\/sosuniversal\/#website\"},\"datePublished\":\"2025-06-12T03:29:21+00:00\",\"dateModified\":\"2025-07-13T07:26:58+00:00\",\"description\":\"Une application pour smartphone permettant d\u2019envoyer des alertes, des appels \u00e0 l\u2019aide ou tout simplement sa localisation courante peut s\u2019av\u00e9rer cruciale dans de nombreuses situations, offrant une tranquillit\u00e9 d\u2019esprit et contribuant \u00e0 un acc\u00e8s rapide \u00e0 l\u2019assistance. Exemples : s\u00e9curit\u00e9 personnelle et situations d\u2019urgence, vie quotidienne et assistance, travail et situations professionnelles ainsi que loisirs et activit\u00e9s en ext\u00e9rieur.\",\"breadcrumb\":{\"@id\":\"https:\/\/www.dataslatitudes.com\/sosuniversal\/da\/cas-dutilisation\/#breadcrumb\"},\"inLanguage\":\"da-DK\",\"potentialAction\":[{\"@type\":\"ReadAction\",\"target\":[\"https:\/\/www.dataslatitudes.com\/sosuniversal\/da\/cas-dutilisation\/\"]}]},{\"@type\":\"BreadcrumbList\",\"@id\":\"https:\/\/www.dataslatitudes.com\/sosuniversal\/da\/cas-dutilisation\/#breadcrumb\",\"itemListElement\":[{\"@type\":\"ListItem\",\"position\":1,\"name\":\"Pr\u00e6sentation\",\"item\":\"https:\/\/www.dataslatitudes.com\/sosuniversal\/fr\/\"},{\"@type\":\"ListItem\",\"position\":2,\"name\":\"Anvendelsestilf\u00e6lde\"}]},{\"@type\":\"WebSite\",\"@id\":\"https:\/\/www.dataslatitudes.com\/sosuniversal\/da\/#website\",\"url\":\"https:\/\/www.dataslatitudes.com\/sosuniversal\/da\/\",\"name\":\"SOS Universal\",\"description\":\"\",\"publisher\":{\"@id\":\"https:\/\/www.dataslatitudes.com\/sosuniversal\/da\/#organization\"},\"potentialAction\":[{\"@type\":\"SearchAction\",\"target\":{\"@type\":\"EntryPoint\",\"urlTemplate\":\"https:\/\/www.dataslatitudes.com\/sosuniversal\/da\/?s={search_term_string}\"},\"query-input\":{\"@type\":\"PropertyValueSpecification\",\"valueRequired\":true,\"valueName\":\"search_term_string\"}}],\"inLanguage\":\"da-DK\"},{\"@type\":\"Organization\",\"@id\":\"https:\/\/www.dataslatitudes.com\/sosuniversal\/da\/#organization\",\"name\":\"DATASLATITUDES\",\"url\":\"https:\/\/www.dataslatitudes.com\/sosuniversal\/da\/\",\"logo\":{\"@type\":\"ImageObject\",\"inLanguage\":\"da-DK\",\"@id\":\"https:\/\/www.dataslatitudes.com\/sosuniversal\/da\/#\/schema\/logo\/image\/\",\"url\":\"https:\/\/www.dataslatitudes.com\/sosuniversal\/wp-content\/uploads\/2025\/07\/logo_mrdv.png\",\"contentUrl\":\"https:\/\/www.dataslatitudes.com\/sosuniversal\/wp-content\/uploads\/2025\/07\/logo_mrdv.png\",\"width\":72,\"height\":72,\"caption\":\"DATASLATITUDES\"},\"image\":{\"@id\":\"https:\/\/www.dataslatitudes.com\/sosuniversal\/da\/#\/schema\/logo\/image\/\"}}]}<\/script>\n<!-- \/ Yoast SEO plugin. -->","yoast_head_json":{"title":"Anvendelsestilf\u00e6lde","description":"En smartphone-applikation, der g\u00f8r det muligt at sende alarmer, n\u00f8dkald eller blot sin aktuelle placering, kan vise sig at v\u00e6re afg\u00f8rende i mange situationer, hvilket giver ro i sindet og bidrager til hurtig adgang til assistance. Eksempler: personlig sikkerhed og n\u00f8dsituationer, dagligdag og assistance, arbejde og professionelle situationer samt fritids- og udend\u00f8rsaktiviteter.","robots":{"index":"index","follow":"follow","max-snippet":"max-snippet:-1","max-image-preview":"max-image-preview:large","max-video-preview":"max-video-preview:-1"},"canonical":"ANVENDELSESTILF\u00c6LDE En smartphone-applikation, der g\u00f8r det muligt at sende alarmer, n\u00f8dkald eller blot sin aktuelle placering, kan vise sig at v\u00e6re afg\u00f8rende i mange situationer, hvilket giver ro i sindet og bidrager til hurtig adgang til assistance. Her er nogle eksempler p\u00e5 dens anvendelsessituationer, klassificeret efter kategorier for bedre forst\u00e5else. Personlig sikkerhed og n\u00f8dsituationer Vold&hellip;","og_locale":"da_DK","og_type":"article","og_title":"Anvendelsestilf\u00e6lde","og_description":"En smartphone-applikation, der g\u00f8r det muligt at sende alarmer, n\u00f8dkald eller blot sin aktuelle placering, kan vise sig at v\u00e6re afg\u00f8rende i mange situationer, hvilket giver ro i sindet og bidrager til hurtig adgang til assistance. Eksempler: personlig sikkerhed og n\u00f8dsituationer, dagligdag og assistance, arbejde og professionelle situationer samt fritids- og udend\u00f8rsaktiviteter.","og_url":"https:\/\/www.dataslatitudes.com\/sosuniversal\/da\/cas-dutilisation\/","og_site_name":"SOS Universal","article_modified_time":"2025-07-13T07:26:58+00:00","twitter_card":"summary_large_image","twitter_misc":{"Estimeret l\u00e6setid":"5 minutter"},"schema":{"@context":"https:\/\/schema.org","@graph":[{"@type":"WebPage","@id":"https:\/\/www.dataslatitudes.com\/sosuniversal\/da\/cas-dutilisation\/","url":"https:\/\/www.dataslatitudes.com\/sosuniversal\/da\/cas-dutilisation\/","name":"Cas d'utilisation - SOS Universal","isPartOf":{"@id":"https:\/\/www.dataslatitudes.com\/sosuniversal\/#website"},"datePublished":"2025-06-12T03:29:21+00:00","dateModified":"2025-07-13T07:26:58+00:00","description":"Une application pour smartphone permettant d\u2019envoyer des alertes, des appels \u00e0 l\u2019aide ou tout simplement sa localisation courante peut s\u2019av\u00e9rer cruciale dans de nombreuses situations, offrant une tranquillit\u00e9 d\u2019esprit et contribuant \u00e0 un acc\u00e8s rapide \u00e0 l\u2019assistance. Exemples : s\u00e9curit\u00e9 personnelle et situations d\u2019urgence, vie quotidienne et assistance, travail et situations professionnelles ainsi que loisirs et activit\u00e9s en ext\u00e9rieur.","breadcrumb":{"@id":"https:\/\/www.dataslatitudes.com\/sosuniversal\/da\/cas-dutilisation\/#breadcrumb"},"inLanguage":"da-DK","potentialAction":[{"@type":"ReadAction","target":["https:\/\/www.dataslatitudes.com\/sosuniversal\/da\/cas-dutilisation\/"]}]},{"@type":"BreadcrumbList","@id":"https:\/\/www.dataslatitudes.com\/sosuniversal\/da\/cas-dutilisation\/#breadcrumb","itemListElement":[{"@type":"ListItem","position":1,"name":"Pr\u00e6sentation","item":"https:\/\/www.dataslatitudes.com\/sosuniversal\/fr\/"},{"@type":"ListItem","position":2,"name":"Anvendelsestilf\u00e6lde"}]},{"@type":"WebSite","@id":"https:\/\/www.dataslatitudes.com\/sosuniversal\/da\/#website","url":"https:\/\/www.dataslatitudes.com\/sosuniversal\/da\/","name":"SOS Universal","description":"","publisher":{"@id":"https:\/\/www.dataslatitudes.com\/sosuniversal\/da\/#organization"},"potentialAction":[{"@type":"SearchAction","target":{"@type":"EntryPoint","urlTemplate":"https:\/\/www.dataslatitudes.com\/sosuniversal\/da\/?s={search_term_string}"},"query-input":{"@type":"PropertyValueSpecification","valueRequired":true,"valueName":"search_term_string"}}],"inLanguage":"da-DK"},{"@type":"Organization","@id":"https:\/\/www.dataslatitudes.com\/sosuniversal\/da\/#organization","name":"DATASLATITUDES","url":"https:\/\/www.dataslatitudes.com\/sosuniversal\/da\/","logo":{"@type":"ImageObject","inLanguage":"da-DK","@id":"https:\/\/www.dataslatitudes.com\/sosuniversal\/da\/#\/schema\/logo\/image\/","url":"https:\/\/www.dataslatitudes.com\/sosuniversal\/wp-content\/uploads\/2025\/07\/logo_mrdv.png","contentUrl":"https:\/\/www.dataslatitudes.com\/sosuniversal\/wp-content\/uploads\/2025\/07\/logo_mrdv.png","width":72,"height":72,"caption":"DATASLATITUDES"},"image":{"@id":"https:\/\/www.dataslatitudes.com\/sosuniversal\/da\/#\/schema\/logo\/image\/"}}]}},"_links":{"self":[{"href":"https:\/\/www.dataslatitudes.com\/sosuniversal\/da\/wp-json\/wp\/v2\/pages\/127","targetHints":{"allow":["GET"]}}],"collection":[{"href":"https:\/\/www.dataslatitudes.com\/sosuniversal\/da\/wp-json\/wp\/v2\/pages"}],"about":[{"href":"https:\/\/www.dataslatitudes.com\/sosuniversal\/da\/wp-json\/wp\/v2\/types\/page"}],"author":[{"embeddable":true,"href":"https:\/\/www.dataslatitudes.com\/sosuniversal\/da\/wp-json\/wp\/v2\/users\/1"}],"replies":[{"embeddable":true,"href":"https:\/\/www.dataslatitudes.com\/sosuniversal\/da\/wp-json\/wp\/v2\/comments?post=127"}],"version-history":[{"count":34,"href":"https:\/\/www.dataslatitudes.com\/sosuniversal\/da\/wp-json\/wp\/v2\/pages\/127\/revisions"}],"predecessor-version":[{"id":868,"href":"https:\/\/www.dataslatitudes.com\/sosuniversal\/da\/wp-json\/wp\/v2\/pages\/127\/revisions\/868"}],"wp:attachment":[{"href":"https:\/\/www.dataslatitudes.com\/sosuniversal\/da\/wp-json\/wp\/v2\/media?parent=127"}],"curies":[{"name":"wp","href":"https:\/\/api.w.org\/{rel}","templated":true}]}}