{"id":250,"date":"2025-06-13T07:11:06","date_gmt":"2025-06-13T07:11:06","guid":{"rendered":"https:\/\/www.dataslatitudes.com\/sosuniversal\/index.php\/mode-emploi\/mode-demploi-enregistrements\/"},"modified":"2025-07-22T17:01:26","modified_gmt":"2025-07-22T17:01:26","slug":"mode-emploi-outils-supplementaire","status":"publish","type":"page","link":"https:\/\/www.dataslatitudes.com\/sosuniversal\/cs\/ecran-principal\/mode-emploi-outils-supplementaire\/","title":{"rendered":"Dopl\u0148kov\u00e9 n\u00e1stroje"},"content":{"rendered":"\r\n<p class=\"has-small-font-size\"><\/p>\r\n\r\n\r\n\r\n<h1 class=\"wp-block-heading has-text-align-center has-medium-font-size\" style=\"margin-top:var(--wp--preset--spacing--20);margin-bottom:var(--wp--preset--spacing--20)\"><strong>DOPL\u0147KOV\u00c9 N\u00c1STROJE<\/strong><\/h1>\r\n\r\n\r\n\r\n<p class=\"has-text-align-center\" style=\"font-size:1.2rem\">P\u011bt dopl\u0148kov\u00fdch n\u00e1stroj\u016f je nab\u00edzeno SOS Universal:<\/p>\r\n\r\n\r\n\r\n<figure class=\"wp-block-image aligncenter size-full is-resized\"><img decoding=\"async\" src=\"http:\/\/www.dataslatitudes.com\/sosuniversal\/wp-content\/uploads\/cs_ecran_principal_partie_basse_puce_recadre.webp\" alt=\"Spodn\u00ed \u010d\u00e1st hlavn\u00ed obrazovky\" class=\"wp-image-421\" style=\"width:273px\"\/><\/figure>\r\n\r\n\r\n\r\n<div class=\"wp-block-columns is-layout-flex wp-container-core-columns-is-layout-d2a8f814 wp-block-columns-is-layout-flex\" style=\"padding-top:0;padding-bottom:0\">\r\n<div class=\"wp-block-column is-layout-flow wp-block-column-is-layout-flow\">\r\n<h2 class=\"wp-block-heading has-text-align-center\" style=\"margin-top:var(--wp--preset--spacing--20);margin-bottom:var(--wp--preset--spacing--20);font-size:1.2rem\">(1) Zamknut\u00ed aplikace<\/h2>\r\n\r\n\r\n\r\n<figure class=\"wp-block-image aligncenter size-large is-resized\" style=\"margin-top:0;margin-bottom:0\"><img decoding=\"async\" src=\"http:\/\/www.dataslatitudes.com\/sosuniversal\/wp-content\/uploads\/cs_verrouillage-459x1024.webp\" alt=\"SOS Universal - zamknut\u00ed aplikace\" class=\"wp-image-426\" style=\"width:273px\"\/><\/figure>\r\n\r\n\r\n\r\n<p style=\"margin-right:var(--wp--preset--spacing--50);margin-left:var(--wp--preset--spacing--50);font-size:1rem\">Aby se p\u0159ede\u0161lo chyb\u00e1m v manipulaci zraniteln\u00fdmi osobami, lze SOS Universal nastavit t\u0159et\u00ed stranou a pot\u00e9 ji uzamknout: v tomto p\u0159\u00edpad\u011b je pou\u017eiteln\u00e9 pouze hlavn\u00ed tla\u010d\u00edtko pro spu\u0161t\u011bn\u00ed alarmu (a tak\u00e9 tla\u010d\u00edtko pro zru\u0161en\u00ed alarmu). Odemknut\u00ed se prov\u00e1d\u00ed velmi jednodu\u0161e (k\u00f3d je 0000).<\/p>\r\n\r\n\r\n\r\n<p style=\"margin-top:var(--wp--preset--spacing--50);margin-bottom:var(--wp--preset--spacing--50)\"><\/p>\r\n<\/div>\r\n\r\n\r\n\r\n<div class=\"wp-block-column is-layout-flow wp-block-column-is-layout-flow\">\r\n<h2 class=\"wp-block-heading has-text-align-center\" style=\"margin-top:var(--wp--preset--spacing--20);margin-bottom:var(--wp--preset--spacing--20);font-size:1.2rem\">(2) Dopl\u0148kov\u00e1 zpr\u00e1va<\/h2>\r\n\r\n\r\n\r\n<figure class=\"wp-block-image aligncenter size-large is-resized\" style=\"margin-top:0;margin-bottom:0\"><img decoding=\"async\" src=\"http:\/\/www.dataslatitudes.com\/sosuniversal\/wp-content\/uploads\/cs_message_complementaire-459x1024.webp\" alt=\"SOS Universal - dopl\u0148kov\u00e1 zpr\u00e1va\" class=\"wp-image-425\" style=\"width:273px\"\/><\/figure>\r\n\r\n\r\n\r\n<p style=\"padding-right:var(--wp--preset--spacing--50);padding-left:var(--wp--preset--spacing--50);font-size:1rem\">M\u00e1te mo\u017enost rychle sepsat dopl\u0148kovou zpr\u00e1vu, kter\u00e1 bude integrov\u00e1na do textu SMS budouc\u00edch upozorn\u011bn\u00ed.<\/p>\r\n<\/div>\r\n<\/div>\r\n\r\n\r\n\r\n<p class=\"has-text-align-center\" style=\"font-size:1.1rem\"><br>Krom\u011b jak\u00e9hokoli upozorn\u011bn\u00ed m\u00e1te k dispozici t\u0159i dal\u0161\u00ed utility, kter\u00e9 lze nastavit s voliteln\u00fdm \u010dasov\u00fdm zpo\u017ed\u011bn\u00edm spu\u0161t\u011bn\u00ed:<\/p>\r\n\r\n\r\n\r\n<div class=\"wp-block-columns is-layout-flex wp-container-core-columns-is-layout-8d88fe0f wp-block-columns-is-layout-flex\" style=\"padding-top:var(--wp--preset--spacing--20);padding-bottom:var(--wp--preset--spacing--20)\">\r\n<div class=\"wp-block-column is-layout-flow wp-block-column-is-layout-flow\">\r\n<h2 class=\"wp-block-heading has-text-align-center\" style=\"margin-top:0;margin-bottom:0;font-size:1.2rem\">(3) Zvukov\u00e1 nahr\u00e1vka<\/h2>\r\n\r\n\r\n\r\n<figure class=\"wp-block-image aligncenter size-large is-resized\" style=\"margin-top:var(--wp--preset--spacing--20);margin-bottom:var(--wp--preset--spacing--20)\"><img decoding=\"async\" src=\"http:\/\/www.dataslatitudes.com\/sosuniversal\/wp-content\/uploads\/cs_enregistrement_direct-459x1024.webp\" alt=\"SOS Universal - zvukov\u00e1 nahr\u00e1vka\" class=\"wp-image-424\" style=\"width:273px\"\/><\/figure>\r\n\r\n\r\n\r\n<p class=\"has-text-align-center\" style=\"font-size:1rem\">Uv\u00e1d\u00ed se teoretick\u00e1 kapacita z\u00e1znamu.<\/p>\r\n<\/div>\r\n\r\n\r\n\r\n<div class=\"wp-block-column is-layout-flow wp-block-column-is-layout-flow\">\r\n<h2 class=\"wp-block-heading has-text-align-center\" style=\"margin-top:0;margin-bottom:0;font-size:1.2rem\">(4) Zvukov\u00fd alarm<\/h2>\r\n\r\n\r\n\r\n<figure class=\"wp-block-image aligncenter size-large is-resized\" style=\"margin-top:var(--wp--preset--spacing--20);margin-bottom:var(--wp--preset--spacing--20)\"><img decoding=\"async\" src=\"http:\/\/www.dataslatitudes.com\/sosuniversal\/wp-content\/uploads\/cs_alarme_sonore-459x1024.webp\" alt=\"SOS Universal - zvukov\u00fd alarm\" class=\"wp-image-423\" style=\"width:273px\"\/><\/figure>\r\n\r\n\r\n\r\n<p class=\"has-text-align-center\" style=\"font-size:1rem\">Hlasitost alarmu se automaticky nastav\u00ed na maximum. Typ alarmu (policejn\u00ed sir\u00e9na nebo lidsk\u00fd k\u0159ik) se vol\u00ed v nastaven\u00ed.<\/p>\r\n<\/div>\r\n\r\n\r\n\r\n<div class=\"wp-block-column is-layout-flow wp-block-column-is-layout-flow\">\r\n<h2 class=\"wp-block-heading has-text-align-center\" style=\"margin-top:0;margin-bottom:0;font-size:1.2rem\">(5) Simulace p\u0159\u00edchoz\u00edho telefonn\u00edho hovoru<\/h2>\r\n\r\n\r\n\r\n<figure class=\"wp-block-image aligncenter size-large is-resized\" style=\"margin-top:var(--wp--preset--spacing--20);margin-bottom:var(--wp--preset--spacing--20)\"><img decoding=\"async\" src=\"http:\/\/www.dataslatitudes.com\/sosuniversal\/wp-content\/uploads\/cs_appel_entrant_simule-459x1024.webp\" alt=\"SOS Universal - simulovan\u00fd p\u0159\u00edchoz\u00ed hovor\" class=\"wp-image-422\" style=\"width:273px\"\/><\/figure>\r\n\r\n\r\n\r\n<p class=\"has-text-align-center\" style=\"font-size:1rem\">Hlasitost vyzv\u00e1n\u011bn\u00ed se automaticky nastav\u00ed na maximum. Tato funkce nen\u00ed pou\u017eiteln\u00e1, pokud je smartphone v tich\u00e9m re\u017eimu nebo v re\u017eimu \u201eneru\u0161it\u201c.<\/p>\r\n<\/div>\r\n<\/div>\r\n\r\n\r\n\r\n<p class=\"has-small-font-size\"><\/p>\r\n\r\n\r\n\r\n<p class=\"has-small-font-size\"><\/p>\r\n","protected":false},"excerpt":{"rendered":"<p>DOPL\u0147KOV\u00c9 N\u00c1STROJE P\u011bt dopl\u0148kov\u00fdch n\u00e1stroj\u016f je nab\u00edzeno SOS Universal: (1) Zamknut\u00ed aplikace Aby se p\u0159ede\u0161lo chyb\u00e1m v manipulaci zraniteln\u00fdmi osobami, [&hellip;]<\/p>\n","protected":false},"author":1,"featured_media":0,"parent":14,"menu_order":7,"comment_status":"closed","ping_status":"closed","template":"","meta":{"site-sidebar-layout":"default","site-content-layout":"","ast-site-content-layout":"","site-content-style":"default","site-sidebar-style":"default","ast-global-header-display":"","ast-banner-title-visibility":"","ast-main-header-display":"","ast-hfb-above-header-display":"","ast-hfb-below-header-display":"","ast-hfb-mobile-header-display":"","site-post-title":"disabled","ast-breadcrumbs-content":"","ast-featured-img":"","footer-sml-layout":"","theme-transparent-header-meta":"","adv-header-id-meta":"","stick-header-meta":"","header-above-stick-meta":"","header-main-stick-meta":"","header-below-stick-meta":"","astra-migrate-meta-layouts":"default","ast-page-background-enabled":"default","ast-page-background-meta":{"desktop":{"background-color":"var(--ast-global-color-5)","background-image":"","background-repeat":"repeat","background-position":"center center","background-size":"auto","background-attachment":"scroll","background-type":"","background-media":"","overlay-type":"","overlay-color":"","overlay-opacity":"","overlay-gradient":""},"tablet":{"background-color":"","background-image":"","background-repeat":"repeat","background-position":"center center","background-size":"auto","background-attachment":"scroll","background-type":"","background-media":"","overlay-type":"","overlay-color":"","overlay-opacity":"","overlay-gradient":""},"mobile":{"background-color":"","background-image":"","background-repeat":"repeat","background-position":"center center","background-size":"auto","background-attachment":"scroll","background-type":"","background-media":"","overlay-type":"","overlay-color":"","overlay-opacity":"","overlay-gradient":""}},"ast-content-background-meta":{"desktop":{"background-color":"var(--ast-global-color-4)","background-image":"","background-repeat":"repeat","background-position":"center center","background-size":"auto","background-attachment":"scroll","background-type":"","background-media":"","overlay-type":"","overlay-color":"","overlay-opacity":"","overlay-gradient":""},"tablet":{"background-color":"var(--ast-global-color-4)","background-image":"","background-repeat":"repeat","background-position":"center center","background-size":"auto","background-attachment":"scroll","background-type":"","background-media":"","overlay-type":"","overlay-color":"","overlay-opacity":"","overlay-gradient":""},"mobile":{"background-color":"var(--ast-global-color-4)","background-image":"","background-repeat":"repeat","background-position":"center center","background-size":"auto","background-attachment":"scroll","background-type":"","background-media":"","overlay-type":"","overlay-color":"","overlay-opacity":"","overlay-gradient":""}},"footnotes":""},"class_list":["post-250","page","type-page","status-publish","hentry"],"yoast_head":"<!-- This site is optimized with the Yoast SEO plugin v25.6 - https:\/\/yoast.com\/wordpress\/plugins\/seo\/ -->\n<title>Dopl\u0148kov\u00e9 n\u00e1stroje<\/title>\n<meta name=\"description\" content=\"SOS Universal nab\u00edz\u00ed p\u011bt dopl\u0148kov\u00fdch n\u00e1stroj\u016f. Aby se p\u0159ede\u0161lo chyb\u00e1m p\u0159i manipulaci zraniteln\u00fdmi osobami, lze SOS Universal nastavit t\u0159et\u00ed d\u016fv\u011bryhodnou stranou a pot\u00e9 ji uzamknout. M\u00e1te mo\u017enost rychle napsat dopl\u0148kovou zpr\u00e1vu, kter\u00e1 bude zahrnuta do textu SMS budouc\u00edch upozorn\u011bn\u00ed. Krom\u011b jak\u00e9hokoli upozorn\u011bn\u00ed m\u00e1te k dispozici t\u0159i utility, kter\u00e9 lze nastavit s voliteln\u00fdm \u010dasov\u00fdm zpo\u017ed\u011bn\u00edm spu\u0161t\u011bn\u00ed: nahr\u00e1v\u00e1n\u00ed zvuku, spu\u0161t\u011bn\u00ed zvukov\u00e9ho alarmu a simulace p\u0159\u00edchoz\u00edho telefonn\u00edho hovoru.\" \/>\n<meta name=\"robots\" content=\"index, follow, max-snippet:-1, max-image-preview:large, max-video-preview:-1\" \/>\n<link rel=\"canonical\" href=\"\" \/>\n<meta property=\"og:locale\" content=\"cs_CZ\" \/>\n<meta property=\"og:type\" content=\"article\" \/>\n<meta property=\"og:title\" content=\"Dopl\u0148kov\u00e9 n\u00e1stroje\" \/>\n<meta property=\"og:description\" content=\"SOS Universal nab\u00edz\u00ed p\u011bt dopl\u0148kov\u00fdch n\u00e1stroj\u016f. Aby se p\u0159ede\u0161lo chyb\u00e1m p\u0159i manipulaci zraniteln\u00fdmi osobami, lze SOS Universal nastavit t\u0159et\u00ed d\u016fv\u011bryhodnou stranou a pot\u00e9 ji uzamknout. M\u00e1te mo\u017enost rychle napsat dopl\u0148kovou zpr\u00e1vu, kter\u00e1 bude zahrnuta do textu SMS budouc\u00edch upozorn\u011bn\u00ed. Krom\u011b jak\u00e9hokoli upozorn\u011bn\u00ed m\u00e1te k dispozici t\u0159i utility, kter\u00e9 lze nastavit s voliteln\u00fdm \u010dasov\u00fdm zpo\u017ed\u011bn\u00edm spu\u0161t\u011bn\u00ed: nahr\u00e1v\u00e1n\u00ed zvuku, spu\u0161t\u011bn\u00ed zvukov\u00e9ho alarmu a simulace p\u0159\u00edchoz\u00edho telefonn\u00edho hovoru.\" \/>\n<meta property=\"og:url\" content=\"https:\/\/www.dataslatitudes.com\/sosuniversal\/cs\/ecran-principal\/mode-emploi-outils-supplementaire\/\" \/>\n<meta property=\"og:site_name\" content=\"SOS Universal\" \/>\n<meta property=\"article:modified_time\" content=\"2025-07-22T17:01:26+00:00\" \/>\n<meta name=\"twitter:card\" content=\"summary_large_image\" \/>\n<meta name=\"twitter:label1\" content=\"Odhadovan\u00e1 doba \u010dten\u00ed\" \/>\n\t<meta name=\"twitter:data1\" content=\"3 minuty\" \/>\n<script type=\"application\/ld+json\" class=\"yoast-schema-graph\">{\"@context\":\"https:\/\/schema.org\",\"@graph\":[{\"@type\":\"WebPage\",\"@id\":\"https:\/\/www.dataslatitudes.com\/sosuniversal\/cs\/ecran-principal\/mode-emploi-outils-supplementaire\/\",\"url\":\"https:\/\/www.dataslatitudes.com\/sosuniversal\/cs\/ecran-principal\/mode-emploi-outils-supplementaire\/\",\"name\":\"Outils suppl\u00e9mentaires - SOS Universal\",\"isPartOf\":{\"@id\":\"https:\/\/www.dataslatitudes.com\/sosuniversal\/#website\"},\"primaryImageOfPage\":{\"@id\":\"https:\/\/www.dataslatitudes.com\/sosuniversal\/cs\/ecran-principal\/mode-emploi-outils-supplementaire\/#primaryimage\"},\"image\":{\"@id\":\"https:\/\/www.dataslatitudes.com\/sosuniversal\/cs\/ecran-principal\/mode-emploi-outils-supplementaire\/#primaryimage\"},\"thumbnailUrl\":\"http:\/\/www.dataslatitudes.com\/sosuniversal\/wp-content\/uploads\/2025\/07\/fr_ecran_principal_partie_basse_puce_recadre.webp\",\"datePublished\":\"2025-06-13T07:11:06+00:00\",\"dateModified\":\"2025-07-22T17:01:26+00:00\",\"description\":\"Cinq outils suppl\u00e9mentaires vous sont propos\u00e9s par SOS Universal. Dans le but d\u2019\u00e9viter des erreurs de manipulation par des personnes vuln\u00e9rables, SOS Universal peut \u00eatre param\u00e9tr\u00e9e par un tiers de confiance puis ensuite \u00eatre verrouill\u00e9e. Vous avez la facult\u00e9 de r\u00e9diger rapidement un message compl\u00e9mentaire qui sera int\u00e9gr\u00e9 dans le texte du SMS des prochaines alertes. En dehors de toute alerte, vous disposez de trois utilitaires qui peuvent \u00eatre param\u00e9tr\u00e9s avec un d\u00e9lai de d\u00e9clenchement optionnel : l'enregistrement audio, le d\u00e9clenchement d'une alarme sonore et la simulation d\u2019un appel t\u00e9l\u00e9phonique entrant.\",\"breadcrumb\":{\"@id\":\"https:\/\/www.dataslatitudes.com\/sosuniversal\/cs\/ecran-principal\/mode-emploi-outils-supplementaire\/#breadcrumb\"},\"inLanguage\":\"cs\",\"potentialAction\":[{\"@type\":\"ReadAction\",\"target\":[\"https:\/\/www.dataslatitudes.com\/sosuniversal\/cs\/ecran-principal\/mode-emploi-outils-supplementaire\/\"]}]},{\"@type\":\"ImageObject\",\"inLanguage\":\"cs\",\"@id\":\"https:\/\/www.dataslatitudes.com\/sosuniversal\/cs\/ecran-principal\/mode-emploi-outils-supplementaire\/#primaryimage\",\"url\":\"http:\/\/www.dataslatitudes.com\/sosuniversal\/wp-content\/uploads\/2025\/07\/fr_ecran_principal_partie_basse_puce_recadre.webp\",\"contentUrl\":\"http:\/\/www.dataslatitudes.com\/sosuniversal\/wp-content\/uploads\/2025\/07\/fr_ecran_principal_partie_basse_puce_recadre.webp\"},{\"@type\":\"BreadcrumbList\",\"@id\":\"https:\/\/www.dataslatitudes.com\/sosuniversal\/cs\/ecran-principal\/mode-emploi-outils-supplementaire\/#breadcrumb\",\"itemListElement\":[{\"@type\":\"ListItem\",\"position\":1,\"name\":\"P\u0159edstaven\u00ed\",\"item\":\"https:\/\/www.dataslatitudes.com\/sosuniversal\/fr\/\"},{\"@type\":\"ListItem\",\"position\":2,\"name\":\"Hlavn\u00ed obrazovka\",\"item\":\"https:\/\/www.dataslatitudes.com\/sosuniversal\/ecran-principal\/\"},{\"@type\":\"ListItem\",\"position\":3,\"name\":\"Dopl\u0148kov\u00e9 n\u00e1stroje\"}]},{\"@type\":\"WebSite\",\"@id\":\"https:\/\/www.dataslatitudes.com\/sosuniversal\/cs\/#website\",\"url\":\"https:\/\/www.dataslatitudes.com\/sosuniversal\/cs\/\",\"name\":\"SOS Universal\",\"description\":\"\",\"publisher\":{\"@id\":\"https:\/\/www.dataslatitudes.com\/sosuniversal\/cs\/#organization\"},\"potentialAction\":[{\"@type\":\"SearchAction\",\"target\":{\"@type\":\"EntryPoint\",\"urlTemplate\":\"https:\/\/www.dataslatitudes.com\/sosuniversal\/cs\/?s={search_term_string}\"},\"query-input\":{\"@type\":\"PropertyValueSpecification\",\"valueRequired\":true,\"valueName\":\"search_term_string\"}}],\"inLanguage\":\"cs\"},{\"@type\":\"Organization\",\"@id\":\"https:\/\/www.dataslatitudes.com\/sosuniversal\/cs\/#organization\",\"name\":\"DATASLATITUDES\",\"url\":\"https:\/\/www.dataslatitudes.com\/sosuniversal\/cs\/\",\"logo\":{\"@type\":\"ImageObject\",\"inLanguage\":\"cs\",\"@id\":\"https:\/\/www.dataslatitudes.com\/sosuniversal\/cs\/#\/schema\/logo\/image\/\",\"url\":\"https:\/\/www.dataslatitudes.com\/sosuniversal\/wp-content\/uploads\/2025\/07\/logo_mrdv.png\",\"contentUrl\":\"https:\/\/www.dataslatitudes.com\/sosuniversal\/wp-content\/uploads\/2025\/07\/logo_mrdv.png\",\"width\":72,\"height\":72,\"caption\":\"DATASLATITUDES\"},\"image\":{\"@id\":\"https:\/\/www.dataslatitudes.com\/sosuniversal\/cs\/#\/schema\/logo\/image\/\"}}]}<\/script>\n<!-- \/ Yoast SEO plugin. -->","yoast_head_json":{"title":"Dopl\u0148kov\u00e9 n\u00e1stroje","description":"SOS Universal nab\u00edz\u00ed p\u011bt dopl\u0148kov\u00fdch n\u00e1stroj\u016f. Aby se p\u0159ede\u0161lo chyb\u00e1m p\u0159i manipulaci zraniteln\u00fdmi osobami, lze SOS Universal nastavit t\u0159et\u00ed d\u016fv\u011bryhodnou stranou a pot\u00e9 ji uzamknout. M\u00e1te mo\u017enost rychle napsat dopl\u0148kovou zpr\u00e1vu, kter\u00e1 bude zahrnuta do textu SMS budouc\u00edch upozorn\u011bn\u00ed. Krom\u011b jak\u00e9hokoli upozorn\u011bn\u00ed m\u00e1te k dispozici t\u0159i utility, kter\u00e9 lze nastavit s voliteln\u00fdm \u010dasov\u00fdm zpo\u017ed\u011bn\u00edm spu\u0161t\u011bn\u00ed: nahr\u00e1v\u00e1n\u00ed zvuku, spu\u0161t\u011bn\u00ed zvukov\u00e9ho alarmu a simulace p\u0159\u00edchoz\u00edho telefonn\u00edho hovoru.","robots":{"index":"index","follow":"follow","max-snippet":"max-snippet:-1","max-image-preview":"max-image-preview:large","max-video-preview":"max-video-preview:-1"},"canonical":"DOPL\u0147KOV\u00c9 N\u00c1STROJE P\u011bt dopl\u0148kov\u00fdch n\u00e1stroj\u016f je nab\u00edzeno SOS Universal: (1) Zamknut\u00ed aplikace Aby se p\u0159ede\u0161lo chyb\u00e1m v manipulaci zraniteln\u00fdmi osobami, lze SOS Universal nastavit t\u0159et\u00ed stranou a pot\u00e9 ji uzamknout: v tomto p\u0159\u00edpad\u011b je pou\u017eiteln\u00e9 pouze hlavn\u00ed tla\u010d\u00edtko pro spu\u0161t\u011bn\u00ed alarmu (a tak\u00e9 tla\u010d\u00edtko pro zru\u0161en\u00ed alarmu). Odemknut\u00ed se prov\u00e1d\u00ed velmi jednodu\u0161e (k\u00f3d je 0000).&hellip;","og_locale":"cs_CZ","og_type":"article","og_title":"Dopl\u0148kov\u00e9 n\u00e1stroje","og_description":"SOS Universal nab\u00edz\u00ed p\u011bt dopl\u0148kov\u00fdch n\u00e1stroj\u016f. Aby se p\u0159ede\u0161lo chyb\u00e1m p\u0159i manipulaci zraniteln\u00fdmi osobami, lze SOS Universal nastavit t\u0159et\u00ed d\u016fv\u011bryhodnou stranou a pot\u00e9 ji uzamknout. M\u00e1te mo\u017enost rychle napsat dopl\u0148kovou zpr\u00e1vu, kter\u00e1 bude zahrnuta do textu SMS budouc\u00edch upozorn\u011bn\u00ed. Krom\u011b jak\u00e9hokoli upozorn\u011bn\u00ed m\u00e1te k dispozici t\u0159i utility, kter\u00e9 lze nastavit s voliteln\u00fdm \u010dasov\u00fdm zpo\u017ed\u011bn\u00edm spu\u0161t\u011bn\u00ed: nahr\u00e1v\u00e1n\u00ed zvuku, spu\u0161t\u011bn\u00ed zvukov\u00e9ho alarmu a simulace p\u0159\u00edchoz\u00edho telefonn\u00edho hovoru.","og_url":"https:\/\/www.dataslatitudes.com\/sosuniversal\/cs\/ecran-principal\/mode-emploi-outils-supplementaire\/","og_site_name":"SOS Universal","article_modified_time":"2025-07-22T17:01:26+00:00","twitter_card":"summary_large_image","twitter_misc":{"Odhadovan\u00e1 doba \u010dten\u00ed":"3 minuty"},"schema":{"@context":"https:\/\/schema.org","@graph":[{"@type":"WebPage","@id":"https:\/\/www.dataslatitudes.com\/sosuniversal\/cs\/ecran-principal\/mode-emploi-outils-supplementaire\/","url":"https:\/\/www.dataslatitudes.com\/sosuniversal\/cs\/ecran-principal\/mode-emploi-outils-supplementaire\/","name":"Outils suppl\u00e9mentaires - SOS Universal","isPartOf":{"@id":"https:\/\/www.dataslatitudes.com\/sosuniversal\/#website"},"primaryImageOfPage":{"@id":"https:\/\/www.dataslatitudes.com\/sosuniversal\/cs\/ecran-principal\/mode-emploi-outils-supplementaire\/#primaryimage"},"image":{"@id":"https:\/\/www.dataslatitudes.com\/sosuniversal\/cs\/ecran-principal\/mode-emploi-outils-supplementaire\/#primaryimage"},"thumbnailUrl":"http:\/\/www.dataslatitudes.com\/sosuniversal\/wp-content\/uploads\/2025\/07\/fr_ecran_principal_partie_basse_puce_recadre.webp","datePublished":"2025-06-13T07:11:06+00:00","dateModified":"2025-07-22T17:01:26+00:00","description":"Cinq outils suppl\u00e9mentaires vous sont propos\u00e9s par SOS Universal. Dans le but d\u2019\u00e9viter des erreurs de manipulation par des personnes vuln\u00e9rables, SOS Universal peut \u00eatre param\u00e9tr\u00e9e par un tiers de confiance puis ensuite \u00eatre verrouill\u00e9e. Vous avez la facult\u00e9 de r\u00e9diger rapidement un message compl\u00e9mentaire qui sera int\u00e9gr\u00e9 dans le texte du SMS des prochaines alertes. En dehors de toute alerte, vous disposez de trois utilitaires qui peuvent \u00eatre param\u00e9tr\u00e9s avec un d\u00e9lai de d\u00e9clenchement optionnel : l'enregistrement audio, le d\u00e9clenchement d'une alarme sonore et la simulation d\u2019un appel t\u00e9l\u00e9phonique entrant.","breadcrumb":{"@id":"https:\/\/www.dataslatitudes.com\/sosuniversal\/cs\/ecran-principal\/mode-emploi-outils-supplementaire\/#breadcrumb"},"inLanguage":"cs","potentialAction":[{"@type":"ReadAction","target":["https:\/\/www.dataslatitudes.com\/sosuniversal\/cs\/ecran-principal\/mode-emploi-outils-supplementaire\/"]}]},{"@type":"ImageObject","inLanguage":"cs","@id":"https:\/\/www.dataslatitudes.com\/sosuniversal\/cs\/ecran-principal\/mode-emploi-outils-supplementaire\/#primaryimage","url":"http:\/\/www.dataslatitudes.com\/sosuniversal\/wp-content\/uploads\/2025\/07\/fr_ecran_principal_partie_basse_puce_recadre.webp","contentUrl":"http:\/\/www.dataslatitudes.com\/sosuniversal\/wp-content\/uploads\/2025\/07\/fr_ecran_principal_partie_basse_puce_recadre.webp"},{"@type":"BreadcrumbList","@id":"https:\/\/www.dataslatitudes.com\/sosuniversal\/cs\/ecran-principal\/mode-emploi-outils-supplementaire\/#breadcrumb","itemListElement":[{"@type":"ListItem","position":1,"name":"P\u0159edstaven\u00ed","item":"https:\/\/www.dataslatitudes.com\/sosuniversal\/fr\/"},{"@type":"ListItem","position":2,"name":"Hlavn\u00ed obrazovka","item":"https:\/\/www.dataslatitudes.com\/sosuniversal\/ecran-principal\/"},{"@type":"ListItem","position":3,"name":"Dopl\u0148kov\u00e9 n\u00e1stroje"}]},{"@type":"WebSite","@id":"https:\/\/www.dataslatitudes.com\/sosuniversal\/cs\/#website","url":"https:\/\/www.dataslatitudes.com\/sosuniversal\/cs\/","name":"SOS Universal","description":"","publisher":{"@id":"https:\/\/www.dataslatitudes.com\/sosuniversal\/cs\/#organization"},"potentialAction":[{"@type":"SearchAction","target":{"@type":"EntryPoint","urlTemplate":"https:\/\/www.dataslatitudes.com\/sosuniversal\/cs\/?s={search_term_string}"},"query-input":{"@type":"PropertyValueSpecification","valueRequired":true,"valueName":"search_term_string"}}],"inLanguage":"cs"},{"@type":"Organization","@id":"https:\/\/www.dataslatitudes.com\/sosuniversal\/cs\/#organization","name":"DATASLATITUDES","url":"https:\/\/www.dataslatitudes.com\/sosuniversal\/cs\/","logo":{"@type":"ImageObject","inLanguage":"cs","@id":"https:\/\/www.dataslatitudes.com\/sosuniversal\/cs\/#\/schema\/logo\/image\/","url":"https:\/\/www.dataslatitudes.com\/sosuniversal\/wp-content\/uploads\/2025\/07\/logo_mrdv.png","contentUrl":"https:\/\/www.dataslatitudes.com\/sosuniversal\/wp-content\/uploads\/2025\/07\/logo_mrdv.png","width":72,"height":72,"caption":"DATASLATITUDES"},"image":{"@id":"https:\/\/www.dataslatitudes.com\/sosuniversal\/cs\/#\/schema\/logo\/image\/"}}]}},"_links":{"self":[{"href":"https:\/\/www.dataslatitudes.com\/sosuniversal\/cs\/wp-json\/wp\/v2\/pages\/250","targetHints":{"allow":["GET"]}}],"collection":[{"href":"https:\/\/www.dataslatitudes.com\/sosuniversal\/cs\/wp-json\/wp\/v2\/pages"}],"about":[{"href":"https:\/\/www.dataslatitudes.com\/sosuniversal\/cs\/wp-json\/wp\/v2\/types\/page"}],"author":[{"embeddable":true,"href":"https:\/\/www.dataslatitudes.com\/sosuniversal\/cs\/wp-json\/wp\/v2\/users\/1"}],"replies":[{"embeddable":true,"href":"https:\/\/www.dataslatitudes.com\/sosuniversal\/cs\/wp-json\/wp\/v2\/comments?post=250"}],"version-history":[{"count":40,"href":"https:\/\/www.dataslatitudes.com\/sosuniversal\/cs\/wp-json\/wp\/v2\/pages\/250\/revisions"}],"predecessor-version":[{"id":1070,"href":"https:\/\/www.dataslatitudes.com\/sosuniversal\/cs\/wp-json\/wp\/v2\/pages\/250\/revisions\/1070"}],"up":[{"embeddable":true,"href":"https:\/\/www.dataslatitudes.com\/sosuniversal\/cs\/wp-json\/wp\/v2\/pages\/14"}],"wp:attachment":[{"href":"https:\/\/www.dataslatitudes.com\/sosuniversal\/cs\/wp-json\/wp\/v2\/media?parent=250"}],"curies":[{"name":"wp","href":"https:\/\/api.w.org\/{rel}","templated":true}]}}