{"id":246,"date":"2025-06-13T07:09:52","date_gmt":"2025-06-13T07:09:52","guid":{"rendered":"https:\/\/www.dataslatitudes.com\/sosuniversal\/index.php\/mode-emploi\/mode-demploi-parametres\/"},"modified":"2025-07-21T16:04:04","modified_gmt":"2025-07-21T16:04:04","slug":"mode-emploi-historique-enregistrement-audio","status":"publish","type":"page","link":"https:\/\/www.dataslatitudes.com\/sosuniversal\/cs\/ecran-principal\/mode-emploi-historique-enregistrement-audio\/","title":{"rendered":"Historie a zvukov\u00e9 nahr\u00e1vky"},"content":{"rendered":"\r\n<p class=\"has-small-font-size\"><\/p>\r\n\r\n\r\n\r\n<h1 class=\"wp-block-heading has-text-align-center has-medium-font-size\" style=\"margin-top:var(--wp--preset--spacing--30);margin-bottom:var(--wp--preset--spacing--30)\"><strong>HISTORIE UPOZORN\u011aN\u00cd<\/strong><\/h1>\r\n\r\n\r\n\r\n<p style=\"font-size:1rem\">Posledn\u00edch 50 odeslan\u00fdch upozorn\u011bn\u00ed je zaznamen\u00e1no se v\u0161emi sv\u00fdmi charakteristikami.<\/p>\r\n\r\n\r\n\r\n<div class=\"wp-block-columns is-layout-flex wp-container-core-columns-is-layout-ec2e7a44 wp-block-columns-is-layout-flex\" style=\"padding-top:0;padding-bottom:0\">\r\n<div class=\"wp-block-column is-layout-flow wp-block-column-is-layout-flow\" style=\"flex-basis:33.33%\">\r\n<figure class=\"wp-block-image aligncenter size-large is-resized\"><img decoding=\"async\" src=\"http:\/\/www.dataslatitudes.com\/sosuniversal\/wp-content\/uploads\/cs_historique_alerte_puce-459x1024.webp\" alt=\"SOS Universal - historie upozorn\u011bn\u00ed\" class=\"wp-image-402\" style=\"width:273px\"\/><\/figure>\r\n<\/div>\r\n\r\n\r\n\r\n<div class=\"wp-block-column is-layout-flow wp-block-column-is-layout-flow\" style=\"padding-top:0;padding-bottom:0;flex-basis:66.66%\">\r\n<p style=\"font-size:1rem\">(1) Jm\u00e9no a p\u0159\u00edjmen\u00ed kontaktovan\u00e9 osoby<br>(2) Datum a \u010das spu\u0161t\u011bn\u00ed upozorn\u011bn\u00ed<br>(3) Piktogramy shrnuj\u00edc\u00ed obsah upozorn\u011bn\u00ed (v p\u0159\u00edkladu: telefonn\u00ed hovor, odesl\u00e1n\u00ed SMS s geografickou polohou a adresou, zvukov\u00e1 nahr\u00e1vka a zvukov\u00fd alarm)<br>(4) Pou\u017eit\u00fd re\u017eim upozorn\u011bn\u00ed s jeho parametry<br>(5) Smaz\u00e1n\u00ed cel\u00e9 historie upozorn\u011bn\u00ed<\/p>\r\n\r\n\r\n\r\n<p>Datum je vyj\u00e1d\u0159eno ve form\u00e1tu RRRR-MM-DD (mezin\u00e1rodn\u00ed norma ISO 8601).<\/p>\r\n<\/div>\r\n<\/div>\r\n\r\n\r\n\r\n<p class=\"has-small-font-size\"><\/p>\r\n\r\n\r\n\r\n<h2 class=\"wp-block-heading has-text-align-center has-medium-font-size\" style=\"margin-top:var(--wp--preset--spacing--30);margin-bottom:var(--wp--preset--spacing--30)\"><strong>ZVUKOV\u00c9 NAHR\u00c1VKY<\/strong><\/h2>\r\n\r\n\r\n\r\n<p style=\"font-size:1rem\">M\u016f\u017eete uchov\u00e1vat a\u017e 200 zvukov\u00fdch nahr\u00e1vek, kter\u00e9 jsou ulo\u017eeny v adres\u00e1\u0159i pro stahov\u00e1n\u00ed va\u0161eho smartphonu. Ka\u017ed\u00e1 nahr\u00e1vka je opat\u0159ena \u010dasovou zna\u010dkou a lze ji poslouchat, p\u0159ejmenovat nebo smazat.<\/p>\r\n\r\n\r\n\r\n<div class=\"wp-block-columns is-layout-flex wp-container-core-columns-is-layout-ec2e7a44 wp-block-columns-is-layout-flex\" style=\"padding-top:0;padding-bottom:0\">\r\n<div class=\"wp-block-column is-layout-flow wp-block-column-is-layout-flow\" style=\"flex-basis:33.33%\">\r\n<figure class=\"wp-block-image aligncenter size-large is-resized\"><img decoding=\"async\" src=\"http:\/\/www.dataslatitudes.com\/sosuniversal\/wp-content\/uploads\/cs_enregistrement_audio_puce-459x1024.webp\" alt=\"SOS Universal - spr\u00e1va zvukov\u00fdch nahr\u00e1vek\" class=\"wp-image-403\" style=\"width:273px\"\/><\/figure>\r\n<\/div>\r\n\r\n\r\n\r\n<div class=\"wp-block-column is-layout-flow wp-block-column-is-layout-flow\" style=\"flex-basis:66.66%\">\r\n<p style=\"font-size:1rem\">(1) N\u00e1zev nahr\u00e1vky<br>(2) Datum, \u010das a velikost nahr\u00e1vky<br>(3) Funkce smaz\u00e1n\u00ed<br>(4) Funkce \u00fapravy n\u00e1zvu souboru<br>(5) P\u0159ehr\u00e1v\u00e1n\u00ed z\u00e1znamu nebo zastaven\u00ed p\u0159ehr\u00e1v\u00e1n\u00ed<br>(6) Zp\u011bt o 5 sekund<br>(7) Vp\u0159ed o 5 sekund<br>(8) Posuvn\u00edk pr\u016fb\u011bhu p\u0159ehr\u00e1v\u00e1n\u00ed<br>(9) Rychlost p\u0159ehr\u00e1v\u00e1n\u00ed z\u00e1znamu: lze ji sn\u00ed\u017eit (x 0,5) nebo zv\u00fd\u0161it (x 1,5, x 2,0)<\/p>\r\n\r\n\r\n\r\n<p>Datum je vyj\u00e1d\u0159eno ve form\u00e1tu RRRR-MM-DD (mezin\u00e1rodn\u00ed norma ISO 8601).<\/p>\r\n<\/div>\r\n<\/div>\r\n\r\n\r\n\r\n<p class=\"has-medium-font-size\"><\/p>\r\n\r\n\r\n\r\n<p><\/p>\r\n","protected":false},"excerpt":{"rendered":"<p>HISTORIE UPOZORN\u011aN\u00cd Posledn\u00edch 50 odeslan\u00fdch upozorn\u011bn\u00ed je zaznamen\u00e1no se v\u0161emi sv\u00fdmi charakteristikami. (1) Jm\u00e9no a p\u0159\u00edjmen\u00ed kontaktovan\u00e9 osoby(2) Datum a [&hellip;]<\/p>\n","protected":false},"author":1,"featured_media":0,"parent":14,"menu_order":5,"comment_status":"closed","ping_status":"closed","template":"","meta":{"site-sidebar-layout":"default","site-content-layout":"","ast-site-content-layout":"","site-content-style":"default","site-sidebar-style":"default","ast-global-header-display":"","ast-banner-title-visibility":"","ast-main-header-display":"","ast-hfb-above-header-display":"","ast-hfb-below-header-display":"","ast-hfb-mobile-header-display":"","site-post-title":"disabled","ast-breadcrumbs-content":"","ast-featured-img":"","footer-sml-layout":"","theme-transparent-header-meta":"","adv-header-id-meta":"","stick-header-meta":"","header-above-stick-meta":"","header-main-stick-meta":"","header-below-stick-meta":"","astra-migrate-meta-layouts":"default","ast-page-background-enabled":"default","ast-page-background-meta":{"desktop":{"background-color":"var(--ast-global-color-5)","background-image":"","background-repeat":"repeat","background-position":"center center","background-size":"auto","background-attachment":"scroll","background-type":"","background-media":"","overlay-type":"","overlay-color":"","overlay-opacity":"","overlay-gradient":""},"tablet":{"background-color":"","background-image":"","background-repeat":"repeat","background-position":"center center","background-size":"auto","background-attachment":"scroll","background-type":"","background-media":"","overlay-type":"","overlay-color":"","overlay-opacity":"","overlay-gradient":""},"mobile":{"background-color":"","background-image":"","background-repeat":"repeat","background-position":"center center","background-size":"auto","background-attachment":"scroll","background-type":"","background-media":"","overlay-type":"","overlay-color":"","overlay-opacity":"","overlay-gradient":""}},"ast-content-background-meta":{"desktop":{"background-color":"var(--ast-global-color-4)","background-image":"","background-repeat":"repeat","background-position":"center center","background-size":"auto","background-attachment":"scroll","background-type":"","background-media":"","overlay-type":"","overlay-color":"","overlay-opacity":"","overlay-gradient":""},"tablet":{"background-color":"var(--ast-global-color-4)","background-image":"","background-repeat":"repeat","background-position":"center center","background-size":"auto","background-attachment":"scroll","background-type":"","background-media":"","overlay-type":"","overlay-color":"","overlay-opacity":"","overlay-gradient":""},"mobile":{"background-color":"var(--ast-global-color-4)","background-image":"","background-repeat":"repeat","background-position":"center center","background-size":"auto","background-attachment":"scroll","background-type":"","background-media":"","overlay-type":"","overlay-color":"","overlay-opacity":"","overlay-gradient":""}},"footnotes":""},"class_list":["post-246","page","type-page","status-publish","hentry"],"yoast_head":"<!-- This site is optimized with the Yoast SEO plugin v25.6 - https:\/\/yoast.com\/wordpress\/plugins\/seo\/ -->\n<title>Historie a zvukov\u00e9 nahr\u00e1vky<\/title>\n<meta name=\"description\" content=\"Posledn\u00edch 50 odeslan\u00fdch upozorn\u011bn\u00ed je zaznamen\u00e1no se v\u0161emi sv\u00fdmi charakteristikami. M\u016f\u017eete uchov\u00e1vat a\u017e 200 zvukov\u00fdch nahr\u00e1vek, kter\u00e9 jsou ulo\u017eeny v adres\u00e1\u0159i pro stahov\u00e1n\u00ed smartphonu. Ka\u017ed\u00e1 nahr\u00e1vka je opat\u0159ena \u010dasovou zna\u010dkou a lze ji poslouchat, p\u0159ejmenovat nebo smazat.\" \/>\n<meta name=\"robots\" content=\"index, follow, max-snippet:-1, max-image-preview:large, max-video-preview:-1\" \/>\n<link rel=\"canonical\" href=\"\" \/>\n<meta property=\"og:locale\" content=\"cs_CZ\" \/>\n<meta property=\"og:type\" content=\"article\" \/>\n<meta property=\"og:title\" content=\"Historie a zvukov\u00e9 nahr\u00e1vky\" \/>\n<meta property=\"og:description\" content=\"Posledn\u00edch 50 odeslan\u00fdch upozorn\u011bn\u00ed je zaznamen\u00e1no se v\u0161emi sv\u00fdmi charakteristikami. M\u016f\u017eete uchov\u00e1vat a\u017e 200 zvukov\u00fdch nahr\u00e1vek, kter\u00e9 jsou ulo\u017eeny v adres\u00e1\u0159i pro stahov\u00e1n\u00ed smartphonu. Ka\u017ed\u00e1 nahr\u00e1vka je opat\u0159ena \u010dasovou zna\u010dkou a lze ji poslouchat, p\u0159ejmenovat nebo smazat.\" \/>\n<meta property=\"og:url\" content=\"https:\/\/www.dataslatitudes.com\/sosuniversal\/cs\/ecran-principal\/mode-emploi-historique-enregistrement-audio\/\" \/>\n<meta property=\"og:site_name\" content=\"SOS Universal\" \/>\n<meta property=\"article:modified_time\" content=\"2025-07-21T16:04:04+00:00\" \/>\n<meta name=\"twitter:card\" content=\"summary_large_image\" \/>\n<meta name=\"twitter:label1\" content=\"Odhadovan\u00e1 doba \u010dten\u00ed\" \/>\n\t<meta name=\"twitter:data1\" content=\"2 minuty\" \/>\n<script type=\"application\/ld+json\" class=\"yoast-schema-graph\">{\"@context\":\"https:\/\/schema.org\",\"@graph\":[{\"@type\":\"WebPage\",\"@id\":\"https:\/\/www.dataslatitudes.com\/sosuniversal\/cs\/ecran-principal\/mode-emploi-historique-enregistrement-audio\/\",\"url\":\"https:\/\/www.dataslatitudes.com\/sosuniversal\/cs\/ecran-principal\/mode-emploi-historique-enregistrement-audio\/\",\"name\":\"Historique et enregistrements audios - SOS Universal\",\"isPartOf\":{\"@id\":\"https:\/\/www.dataslatitudes.com\/sosuniversal\/#website\"},\"primaryImageOfPage\":{\"@id\":\"https:\/\/www.dataslatitudes.com\/sosuniversal\/cs\/ecran-principal\/mode-emploi-historique-enregistrement-audio\/#primaryimage\"},\"image\":{\"@id\":\"https:\/\/www.dataslatitudes.com\/sosuniversal\/cs\/ecran-principal\/mode-emploi-historique-enregistrement-audio\/#primaryimage\"},\"thumbnailUrl\":\"http:\/\/www.dataslatitudes.com\/sosuniversal\/wp-content\/uploads\/2025\/07\/fr_historique_alerte_puce-459x1024.webp\",\"datePublished\":\"2025-06-13T07:09:52+00:00\",\"dateModified\":\"2025-07-21T16:04:04+00:00\",\"description\":\"Les 50 derni\u00e8res alertes \u00e9mises sont historis\u00e9es avec toutes leurs caract\u00e9ristiques. Vous pouvez conserver jusqu\u2019\u00e0 200 enregistrements audios qui sont stock\u00e9s dans le r\u00e9pertoire des t\u00e9l\u00e9chargements du smartphone. Chaque enregistrement est horodat\u00e9 et peut \u00eatre \u00e9cout\u00e9, renomm\u00e9 ou supprim\u00e9.\",\"breadcrumb\":{\"@id\":\"https:\/\/www.dataslatitudes.com\/sosuniversal\/cs\/ecran-principal\/mode-emploi-historique-enregistrement-audio\/#breadcrumb\"},\"inLanguage\":\"cs\",\"potentialAction\":[{\"@type\":\"ReadAction\",\"target\":[\"https:\/\/www.dataslatitudes.com\/sosuniversal\/cs\/ecran-principal\/mode-emploi-historique-enregistrement-audio\/\"]}]},{\"@type\":\"ImageObject\",\"inLanguage\":\"cs\",\"@id\":\"https:\/\/www.dataslatitudes.com\/sosuniversal\/cs\/ecran-principal\/mode-emploi-historique-enregistrement-audio\/#primaryimage\",\"url\":\"http:\/\/www.dataslatitudes.com\/sosuniversal\/wp-content\/uploads\/2025\/07\/fr_historique_alerte_puce-459x1024.webp\",\"contentUrl\":\"http:\/\/www.dataslatitudes.com\/sosuniversal\/wp-content\/uploads\/2025\/07\/fr_historique_alerte_puce-459x1024.webp\"},{\"@type\":\"BreadcrumbList\",\"@id\":\"https:\/\/www.dataslatitudes.com\/sosuniversal\/cs\/ecran-principal\/mode-emploi-historique-enregistrement-audio\/#breadcrumb\",\"itemListElement\":[{\"@type\":\"ListItem\",\"position\":1,\"name\":\"P\u0159edstaven\u00ed\",\"item\":\"https:\/\/www.dataslatitudes.com\/sosuniversal\/fr\/\"},{\"@type\":\"ListItem\",\"position\":2,\"name\":\"Hlavn\u00ed obrazovka\",\"item\":\"https:\/\/www.dataslatitudes.com\/sosuniversal\/ecran-principal\/\"},{\"@type\":\"ListItem\",\"position\":3,\"name\":\"Historie a zvukov\u00e9 nahr\u00e1vky\"}]},{\"@type\":\"WebSite\",\"@id\":\"https:\/\/www.dataslatitudes.com\/sosuniversal\/cs\/#website\",\"url\":\"https:\/\/www.dataslatitudes.com\/sosuniversal\/cs\/\",\"name\":\"SOS Universal\",\"description\":\"\",\"publisher\":{\"@id\":\"https:\/\/www.dataslatitudes.com\/sosuniversal\/cs\/#organization\"},\"potentialAction\":[{\"@type\":\"SearchAction\",\"target\":{\"@type\":\"EntryPoint\",\"urlTemplate\":\"https:\/\/www.dataslatitudes.com\/sosuniversal\/cs\/?s={search_term_string}\"},\"query-input\":{\"@type\":\"PropertyValueSpecification\",\"valueRequired\":true,\"valueName\":\"search_term_string\"}}],\"inLanguage\":\"cs\"},{\"@type\":\"Organization\",\"@id\":\"https:\/\/www.dataslatitudes.com\/sosuniversal\/cs\/#organization\",\"name\":\"DATASLATITUDES\",\"url\":\"https:\/\/www.dataslatitudes.com\/sosuniversal\/cs\/\",\"logo\":{\"@type\":\"ImageObject\",\"inLanguage\":\"cs\",\"@id\":\"https:\/\/www.dataslatitudes.com\/sosuniversal\/cs\/#\/schema\/logo\/image\/\",\"url\":\"https:\/\/www.dataslatitudes.com\/sosuniversal\/wp-content\/uploads\/2025\/07\/logo_mrdv.png\",\"contentUrl\":\"https:\/\/www.dataslatitudes.com\/sosuniversal\/wp-content\/uploads\/2025\/07\/logo_mrdv.png\",\"width\":72,\"height\":72,\"caption\":\"DATASLATITUDES\"},\"image\":{\"@id\":\"https:\/\/www.dataslatitudes.com\/sosuniversal\/cs\/#\/schema\/logo\/image\/\"}}]}<\/script>\n<!-- \/ Yoast SEO plugin. -->","yoast_head_json":{"title":"Historie a zvukov\u00e9 nahr\u00e1vky","description":"Posledn\u00edch 50 odeslan\u00fdch upozorn\u011bn\u00ed je zaznamen\u00e1no se v\u0161emi sv\u00fdmi charakteristikami. M\u016f\u017eete uchov\u00e1vat a\u017e 200 zvukov\u00fdch nahr\u00e1vek, kter\u00e9 jsou ulo\u017eeny v adres\u00e1\u0159i pro stahov\u00e1n\u00ed smartphonu. Ka\u017ed\u00e1 nahr\u00e1vka je opat\u0159ena \u010dasovou zna\u010dkou a lze ji poslouchat, p\u0159ejmenovat nebo smazat.","robots":{"index":"index","follow":"follow","max-snippet":"max-snippet:-1","max-image-preview":"max-image-preview:large","max-video-preview":"max-video-preview:-1"},"canonical":"HISTORIE UPOZORN\u011aN\u00cd Posledn\u00edch 50 odeslan\u00fdch upozorn\u011bn\u00ed je zaznamen\u00e1no se v\u0161emi sv\u00fdmi charakteristikami. (1) Jm\u00e9no a p\u0159\u00edjmen\u00ed kontaktovan\u00e9 osoby(2) Datum a \u010das spu\u0161t\u011bn\u00ed upozorn\u011bn\u00ed(3) Piktogramy shrnuj\u00edc\u00ed obsah upozorn\u011bn\u00ed (v p\u0159\u00edkladu: telefonn\u00ed hovor, odesl\u00e1n\u00ed SMS s geografickou polohou a adresou, zvukov\u00e1 nahr\u00e1vka a zvukov\u00fd alarm)(4) Pou\u017eit\u00fd re\u017eim upozorn\u011bn\u00ed s jeho parametry(5) Smaz\u00e1n\u00ed cel\u00e9 historie upozorn\u011bn\u00ed Datum je&hellip;","og_locale":"cs_CZ","og_type":"article","og_title":"Historie a zvukov\u00e9 nahr\u00e1vky","og_description":"Posledn\u00edch 50 odeslan\u00fdch upozorn\u011bn\u00ed je zaznamen\u00e1no se v\u0161emi sv\u00fdmi charakteristikami. M\u016f\u017eete uchov\u00e1vat a\u017e 200 zvukov\u00fdch nahr\u00e1vek, kter\u00e9 jsou ulo\u017eeny v adres\u00e1\u0159i pro stahov\u00e1n\u00ed smartphonu. Ka\u017ed\u00e1 nahr\u00e1vka je opat\u0159ena \u010dasovou zna\u010dkou a lze ji poslouchat, p\u0159ejmenovat nebo smazat.","og_url":"https:\/\/www.dataslatitudes.com\/sosuniversal\/cs\/ecran-principal\/mode-emploi-historique-enregistrement-audio\/","og_site_name":"SOS Universal","article_modified_time":"2025-07-21T16:04:04+00:00","twitter_card":"summary_large_image","twitter_misc":{"Odhadovan\u00e1 doba \u010dten\u00ed":"2 minuty"},"schema":{"@context":"https:\/\/schema.org","@graph":[{"@type":"WebPage","@id":"https:\/\/www.dataslatitudes.com\/sosuniversal\/cs\/ecran-principal\/mode-emploi-historique-enregistrement-audio\/","url":"https:\/\/www.dataslatitudes.com\/sosuniversal\/cs\/ecran-principal\/mode-emploi-historique-enregistrement-audio\/","name":"Historique et enregistrements audios - SOS Universal","isPartOf":{"@id":"https:\/\/www.dataslatitudes.com\/sosuniversal\/#website"},"primaryImageOfPage":{"@id":"https:\/\/www.dataslatitudes.com\/sosuniversal\/cs\/ecran-principal\/mode-emploi-historique-enregistrement-audio\/#primaryimage"},"image":{"@id":"https:\/\/www.dataslatitudes.com\/sosuniversal\/cs\/ecran-principal\/mode-emploi-historique-enregistrement-audio\/#primaryimage"},"thumbnailUrl":"http:\/\/www.dataslatitudes.com\/sosuniversal\/wp-content\/uploads\/2025\/07\/fr_historique_alerte_puce-459x1024.webp","datePublished":"2025-06-13T07:09:52+00:00","dateModified":"2025-07-21T16:04:04+00:00","description":"Les 50 derni\u00e8res alertes \u00e9mises sont historis\u00e9es avec toutes leurs caract\u00e9ristiques. Vous pouvez conserver jusqu\u2019\u00e0 200 enregistrements audios qui sont stock\u00e9s dans le r\u00e9pertoire des t\u00e9l\u00e9chargements du smartphone. Chaque enregistrement est horodat\u00e9 et peut \u00eatre \u00e9cout\u00e9, renomm\u00e9 ou supprim\u00e9.","breadcrumb":{"@id":"https:\/\/www.dataslatitudes.com\/sosuniversal\/cs\/ecran-principal\/mode-emploi-historique-enregistrement-audio\/#breadcrumb"},"inLanguage":"cs","potentialAction":[{"@type":"ReadAction","target":["https:\/\/www.dataslatitudes.com\/sosuniversal\/cs\/ecran-principal\/mode-emploi-historique-enregistrement-audio\/"]}]},{"@type":"ImageObject","inLanguage":"cs","@id":"https:\/\/www.dataslatitudes.com\/sosuniversal\/cs\/ecran-principal\/mode-emploi-historique-enregistrement-audio\/#primaryimage","url":"http:\/\/www.dataslatitudes.com\/sosuniversal\/wp-content\/uploads\/2025\/07\/fr_historique_alerte_puce-459x1024.webp","contentUrl":"http:\/\/www.dataslatitudes.com\/sosuniversal\/wp-content\/uploads\/2025\/07\/fr_historique_alerte_puce-459x1024.webp"},{"@type":"BreadcrumbList","@id":"https:\/\/www.dataslatitudes.com\/sosuniversal\/cs\/ecran-principal\/mode-emploi-historique-enregistrement-audio\/#breadcrumb","itemListElement":[{"@type":"ListItem","position":1,"name":"P\u0159edstaven\u00ed","item":"https:\/\/www.dataslatitudes.com\/sosuniversal\/fr\/"},{"@type":"ListItem","position":2,"name":"Hlavn\u00ed obrazovka","item":"https:\/\/www.dataslatitudes.com\/sosuniversal\/ecran-principal\/"},{"@type":"ListItem","position":3,"name":"Historie a zvukov\u00e9 nahr\u00e1vky"}]},{"@type":"WebSite","@id":"https:\/\/www.dataslatitudes.com\/sosuniversal\/cs\/#website","url":"https:\/\/www.dataslatitudes.com\/sosuniversal\/cs\/","name":"SOS Universal","description":"","publisher":{"@id":"https:\/\/www.dataslatitudes.com\/sosuniversal\/cs\/#organization"},"potentialAction":[{"@type":"SearchAction","target":{"@type":"EntryPoint","urlTemplate":"https:\/\/www.dataslatitudes.com\/sosuniversal\/cs\/?s={search_term_string}"},"query-input":{"@type":"PropertyValueSpecification","valueRequired":true,"valueName":"search_term_string"}}],"inLanguage":"cs"},{"@type":"Organization","@id":"https:\/\/www.dataslatitudes.com\/sosuniversal\/cs\/#organization","name":"DATASLATITUDES","url":"https:\/\/www.dataslatitudes.com\/sosuniversal\/cs\/","logo":{"@type":"ImageObject","inLanguage":"cs","@id":"https:\/\/www.dataslatitudes.com\/sosuniversal\/cs\/#\/schema\/logo\/image\/","url":"https:\/\/www.dataslatitudes.com\/sosuniversal\/wp-content\/uploads\/2025\/07\/logo_mrdv.png","contentUrl":"https:\/\/www.dataslatitudes.com\/sosuniversal\/wp-content\/uploads\/2025\/07\/logo_mrdv.png","width":72,"height":72,"caption":"DATASLATITUDES"},"image":{"@id":"https:\/\/www.dataslatitudes.com\/sosuniversal\/cs\/#\/schema\/logo\/image\/"}}]}},"_links":{"self":[{"href":"https:\/\/www.dataslatitudes.com\/sosuniversal\/cs\/wp-json\/wp\/v2\/pages\/246","targetHints":{"allow":["GET"]}}],"collection":[{"href":"https:\/\/www.dataslatitudes.com\/sosuniversal\/cs\/wp-json\/wp\/v2\/pages"}],"about":[{"href":"https:\/\/www.dataslatitudes.com\/sosuniversal\/cs\/wp-json\/wp\/v2\/types\/page"}],"author":[{"embeddable":true,"href":"https:\/\/www.dataslatitudes.com\/sosuniversal\/cs\/wp-json\/wp\/v2\/users\/1"}],"replies":[{"embeddable":true,"href":"https:\/\/www.dataslatitudes.com\/sosuniversal\/cs\/wp-json\/wp\/v2\/comments?post=246"}],"version-history":[{"count":24,"href":"https:\/\/www.dataslatitudes.com\/sosuniversal\/cs\/wp-json\/wp\/v2\/pages\/246\/revisions"}],"predecessor-version":[{"id":1054,"href":"https:\/\/www.dataslatitudes.com\/sosuniversal\/cs\/wp-json\/wp\/v2\/pages\/246\/revisions\/1054"}],"up":[{"embeddable":true,"href":"https:\/\/www.dataslatitudes.com\/sosuniversal\/cs\/wp-json\/wp\/v2\/pages\/14"}],"wp:attachment":[{"href":"https:\/\/www.dataslatitudes.com\/sosuniversal\/cs\/wp-json\/wp\/v2\/media?parent=246"}],"curies":[{"name":"wp","href":"https:\/\/api.w.org\/{rel}","templated":true}]}}