{"id":185,"date":"2025-06-12T17:24:48","date_gmt":"2025-06-12T17:24:48","guid":{"rendered":"https:\/\/www.dataslatitudes.com\/sosuniversal\/index.php\/politique-de-confidentialite\/"},"modified":"2025-08-14T10:02:03","modified_gmt":"2025-08-14T10:02:03","slug":"mentions-legales","status":"publish","type":"page","link":"https:\/\/www.dataslatitudes.com\/sosuniversal\/cs\/mentions-legales\/","title":{"rendered":"Pr\u00e1vn\u00ed upozorn\u011bn\u00ed"},"content":{"rendered":"\r\n<p class=\"has-small-font-size\"><\/p>\r\n\r\n\r\n\r\n<h1 class=\"wp-block-heading has-text-align-center has-medium-font-size\"><strong>PR\u00c1VN\u00cd UPOZORN\u011aN\u00cd<\/strong><\/h1>\r\n\r\n\r\n\r\n<h2 class=\"wp-block-heading has-background\" style=\"background-color:#f9f3eb;margin-top:var(--wp--preset--spacing--20);margin-bottom:var(--wp--preset--spacing--20);padding-top:var(--wp--preset--spacing--30);padding-bottom:var(--wp--preset--spacing--30);font-size:1.2rem\">1. Informace o vydavateli aplikace<\/h2>\r\n\r\n\r\n\r\n<p style=\"margin-top:0;margin-bottom:0;font-size:1rem\">Tuto webovou str\u00e1nku a mobiln\u00ed aplikaci SOS Universal vyd\u00e1v\u00e1 spole\u010dnost DATASLATITUDES.<\/p>\r\n\r\n\r\n\r\n<p style=\"font-size:1rem\">M\u016f\u017eete po\u017e\u00e1dat o pomoc na e-mailov\u00e9 adrese: <strong>hotline.sos_universal@dataslatitudes.com<\/strong><\/p>\r\n\r\n\r\n\r\n<h2 class=\"wp-block-heading has-background\" style=\"background-color:#f9f3eb;margin-top:var(--wp--preset--spacing--20);margin-bottom:var(--wp--preset--spacing--20);padding-top:var(--wp--preset--spacing--30);padding-bottom:var(--wp--preset--spacing--30);font-size:1.2rem\">2. Hosting<\/h2>\r\n\r\n\r\n\r\n<p style=\"margin-top:0;margin-bottom:0\">SOS Universal je mobiln\u00ed aplikace distribuovan\u00e1 prost\u0159ednictv\u00edm platforem pro stahov\u00e1n\u00ed (Google Play Store a brzy App Store). Je uvedeno, \u017ee u\u017eivatelsk\u00e1 data jsou v\u00fdhradn\u011b ukl\u00e1d\u00e1na lok\u00e1ln\u011b na jeho vlastn\u00edm za\u0159\u00edzen\u00ed.<\/p>\r\n\r\n\r\n\r\n<p style=\"margin-top:0;margin-bottom:0;padding-top:0;padding-bottom:0\">Servery distribu\u010dn\u00edch platforem hostuj\u00ed instala\u010dn\u00ed soubory aplikace.<\/p>\r\n\r\n\r\n\r\n<ul style=\"margin-top:0;margin-bottom:0\" class=\"wp-block-list\">\r\n<li style=\"margin-top:0;margin-bottom:0;padding-top:var(--wp--preset--spacing--20);padding-bottom:var(--wp--preset--spacing--20)\">Hostitel\u00e9 pro mobiln\u00ed aplikaci:\r\n<ul class=\"wp-block-list\">\r\n<li style=\"margin-top:0;margin-bottom:0\"><strong>Pro Android: <\/strong>Google LLC, 1600 Amphitheatre Parkway, Mountain View, CA 94043, USA<\/li>\r\n\r\n\r\n\r\n<li><strong>Pro iOS: <\/strong>Apple Inc., One Apple Park Way, Cupertino, CA 95014, USA<\/li>\r\n<\/ul>\r\n<\/li>\r\n\r\n\r\n\r\n<li>Hostitel t\u00e9to webov\u00e9 str\u00e1nky: <strong>AlwaysData<\/strong>, 91 Rue du Faubourg Saint-Honor\u00e9, 75008 Paris<\/li>\r\n<\/ul>\r\n\r\n\r\n\r\n<p class=\"has-small-font-size\"><\/p>\r\n\r\n\r\n\r\n<h2 class=\"wp-block-heading has-background\" style=\"background-color:#f9f3eb;margin-top:var(--wp--preset--spacing--20);margin-bottom:var(--wp--preset--spacing--20);padding-top:var(--wp--preset--spacing--30);padding-bottom:var(--wp--preset--spacing--30);font-size:1.2rem\">3. Du\u0161evn\u00ed vlastnictv\u00ed<\/h2>\r\n\r\n\r\n\r\n<p style=\"margin-top:0;margin-bottom:0\">Tato webov\u00e1 str\u00e1nka a cel\u00e1 aplikace SOS Universal, v\u010detn\u011b struktury, rozhran\u00ed, zdrojov\u00e9ho k\u00f3du, grafick\u00e9ho designu, ikon, text\u016f, obr\u00e1zk\u016f a ve\u0161ker\u00e9ho dal\u0161\u00edho obsahu, jsou v\u00fdhradn\u00edm vlastnictv\u00edm vydavatele DATASLATITUDES.<\/p>\r\n\r\n\r\n\r\n<p style=\"margin-top:var(--wp--preset--spacing--30);margin-bottom:var(--wp--preset--spacing--30)\">Jak\u00e1koli reprodukce, zobrazen\u00ed, \u00faprava, publikace, p\u0159enos nebo zkreslen\u00ed, \u00fapln\u00e9 nebo \u010d\u00e1ste\u010dn\u00e9, aplikace nebo jej\u00edho obsahu nebo webov\u00e9 str\u00e1nky, jak\u00fdmkoli zp\u016fsobem a na jak\u00e9mkoli m\u00e9diu, je p\u0159\u00edsn\u011b zak\u00e1z\u00e1no.<\/p>\r\n\r\n\r\n\r\n<p>Jak\u00e9koli neopr\u00e1vn\u011bn\u00e9 vyu\u017eit\u00ed webov\u00e9 str\u00e1nky, aplikace nebo n\u011bkter\u00e9ho z jej\u00edch sou\u010d\u00e1st\u00ed je pova\u017eov\u00e1no za poru\u0161en\u00ed autorsk\u00fdch pr\u00e1v a je trestn\u00e9.<\/p>\r\n\r\n\r\n\r\n<h2 class=\"wp-block-heading has-background\" style=\"background-color:#f9f3eb;margin-top:var(--wp--preset--spacing--20);margin-bottom:var(--wp--preset--spacing--20);padding-top:var(--wp--preset--spacing--30);padding-bottom:var(--wp--preset--spacing--30);font-size:1.2rem\">4. Extern\u00ed odkazy<\/h2>\r\n\r\n\r\n\r\n<p style=\"margin-top:0;margin-bottom:0\">Aplikace m\u016f\u017ee obsahovat hypertextov\u00e9 odkazy na webov\u00e9 str\u00e1nky nebo slu\u017eby t\u0159et\u00edch stran, zejm\u00e9na GoogleMaps (nebo OpenStreetMap), z d\u016fvod\u016f geolokace. Vydavatel nem\u016f\u017ee b\u00fdt zodpov\u011bdn\u00fd za obsah t\u011bchto webov\u00fdch str\u00e1nek t\u0159et\u00edch stran ani za postupy ochrany osobn\u00edch \u00fadaj\u016f, kter\u00e9 uplat\u0148uj\u00ed. U\u017eivatel je vyzv\u00e1n, aby se sezn\u00e1mil s obecn\u00fdmi podm\u00ednkami a z\u00e1sadami ochrany osobn\u00edch \u00fadaj\u016f t\u011bchto webov\u00fdch str\u00e1nek nebo slu\u017eeb.<\/p>\r\n\r\n\r\n\r\n<p class=\"has-small-font-size\"><\/p>\r\n\r\n\r\n\r\n<h2 class=\"wp-block-heading has-background\" style=\"background-color:#f9f3eb;margin-top:var(--wp--preset--spacing--20);margin-bottom:var(--wp--preset--spacing--20);padding-top:var(--wp--preset--spacing--30);padding-bottom:var(--wp--preset--spacing--30);font-size:1.2rem\">5. Odpov\u011bdnost<\/h2>\r\n\r\n\r\n\r\n<p style=\"margin-top:0;margin-bottom:0\">Vydavatel se sna\u017e\u00ed zajistit spolehlivost a p\u0159esnost informac\u00ed a funkc\u00ed aplikace. Vydavatel v\u0161ak nem\u016f\u017ee zaru\u010dit, \u017ee aplikace bude bez chyb, chyb nebo p\u0159eru\u0161en\u00ed.<br><strong>D\u016fle\u017eit\u00e9 upozorn\u011bn\u00ed: <\/strong>aplikace SOS Universal je pouze n\u00e1stroj pomoci. <strong>V \u017e\u00e1dn\u00e9m p\u0159\u00edpad\u011b nenahrazuje ofici\u00e1ln\u00ed z\u00e1chrann\u00e9 slu\u017eby. <\/strong>Vydavatel nenese \u017e\u00e1dnou odpov\u011bdnost za zneu\u017eit\u00ed aplikace nebo za selh\u00e1n\u00ed telekomunika\u010dn\u00edch slu\u017eeb (mobiln\u00ed s\u00ed\u0165, SMS), kter\u00e9 nejsou pod jeho kontrolou.<\/p>\r\n\r\n\r\n\r\n<p class=\"has-small-font-size\"><\/p>\r\n\r\n\r\n\r\n<h2 class=\"wp-block-heading has-background\" style=\"background-color:#f9f3eb;margin-top:var(--wp--preset--spacing--20);margin-bottom:var(--wp--preset--spacing--20);padding-top:var(--wp--preset--spacing--30);padding-bottom:var(--wp--preset--spacing--30);font-size:1.2rem\">6. Kredity (pro tuto webovou str\u00e1nku a aplikaci SOS Universal)<\/h2>\r\n\r\n\r\n\r\n<ul style=\"margin-top:0;margin-bottom:0;padding-top:0;padding-bottom:0\" class=\"wp-block-list\">\r\n<li style=\"margin-top:0;margin-bottom:0;padding-top:0;padding-bottom:0\"><strong>Studie a design: <\/strong>DATASLATITUDES<\/li>\r\n\r\n\r\n\r\n<li><strong>V\u00fdvoj: <\/strong>DATASLATITUDES<\/li>\r\n<\/ul>\r\n\r\n\r\n\r\n<p class=\"has-medium-font-size\"><\/p>\r\n\r\n\r\n\r\n<p class=\"has-medium-font-size\"><\/p>\r\n","protected":false},"excerpt":{"rendered":"<p>PR\u00c1VN\u00cd UPOZORN\u011aN\u00cd 1. Informace o vydavateli aplikace Tuto webovou str\u00e1nku a mobiln\u00ed aplikaci SOS Universal vyd\u00e1v\u00e1 spole\u010dnost DATASLATITUDES. M\u016f\u017eete po\u017e\u00e1dat [&hellip;]<\/p>\n","protected":false},"author":1,"featured_media":0,"parent":0,"menu_order":5,"comment_status":"closed","ping_status":"closed","template":"","meta":{"site-sidebar-layout":"default","site-content-layout":"","ast-site-content-layout":"default","site-content-style":"default","site-sidebar-style":"default","ast-global-header-display":"","ast-banner-title-visibility":"","ast-main-header-display":"","ast-hfb-above-header-display":"","ast-hfb-below-header-display":"","ast-hfb-mobile-header-display":"","site-post-title":"disabled","ast-breadcrumbs-content":"","ast-featured-img":"","footer-sml-layout":"","theme-transparent-header-meta":"","adv-header-id-meta":"","stick-header-meta":"","header-above-stick-meta":"","header-main-stick-meta":"","header-below-stick-meta":"","astra-migrate-meta-layouts":"default","ast-page-background-enabled":"default","ast-page-background-meta":{"desktop":{"background-color":"var(--ast-global-color-5)","background-image":"","background-repeat":"repeat","background-position":"center center","background-size":"auto","background-attachment":"scroll","background-type":"","background-media":"","overlay-type":"","overlay-color":"","overlay-opacity":"","overlay-gradient":""},"tablet":{"background-color":"","background-image":"","background-repeat":"repeat","background-position":"center center","background-size":"auto","background-attachment":"scroll","background-type":"","background-media":"","overlay-type":"","overlay-color":"","overlay-opacity":"","overlay-gradient":""},"mobile":{"background-color":"","background-image":"","background-repeat":"repeat","background-position":"center center","background-size":"auto","background-attachment":"scroll","background-type":"","background-media":"","overlay-type":"","overlay-color":"","overlay-opacity":"","overlay-gradient":""}},"ast-content-background-meta":{"desktop":{"background-color":"var(--ast-global-color-4)","background-image":"","background-repeat":"repeat","background-position":"center center","background-size":"auto","background-attachment":"scroll","background-type":"","background-media":"","overlay-type":"","overlay-color":"","overlay-opacity":"","overlay-gradient":""},"tablet":{"background-color":"var(--ast-global-color-4)","background-image":"","background-repeat":"repeat","background-position":"center center","background-size":"auto","background-attachment":"scroll","background-type":"","background-media":"","overlay-type":"","overlay-color":"","overlay-opacity":"","overlay-gradient":""},"mobile":{"background-color":"var(--ast-global-color-4)","background-image":"","background-repeat":"repeat","background-position":"center center","background-size":"auto","background-attachment":"scroll","background-type":"","background-media":"","overlay-type":"","overlay-color":"","overlay-opacity":"","overlay-gradient":""}},"footnotes":""},"class_list":["post-185","page","type-page","status-publish","hentry"],"yoast_head":"<!-- This site is optimized with the Yoast SEO plugin v25.6 - https:\/\/yoast.com\/wordpress\/plugins\/seo\/ -->\n<title>Pr\u00e1vn\u00ed upozorn\u011bn\u00ed<\/title>\n<meta name=\"description\" content=\"Toto pr\u00e1vn\u00ed upozorn\u011bn\u00ed shrnuje aspekty t\u00fdkaj\u00edc\u00ed se informac\u00ed o vydavateli aplikace, hostingu, du\u0161evn\u00edho vlastnictv\u00ed, extern\u00edch odkaz\u016f, odpov\u011bdnosti a kredit\u016f spole\u010dnosti DATASLATITUDES (pro tuto webovou str\u00e1nku a aplikaci SOS Universal).\" \/>\n<meta name=\"robots\" content=\"index, follow, max-snippet:-1, max-image-preview:large, max-video-preview:-1\" \/>\n<link rel=\"canonical\" href=\"\" \/>\n<meta property=\"og:locale\" content=\"cs_CZ\" \/>\n<meta property=\"og:type\" content=\"article\" \/>\n<meta property=\"og:title\" content=\"Pr\u00e1vn\u00ed upozorn\u011bn\u00ed\" \/>\n<meta property=\"og:description\" content=\"Toto pr\u00e1vn\u00ed upozorn\u011bn\u00ed shrnuje aspekty t\u00fdkaj\u00edc\u00ed se informac\u00ed o vydavateli aplikace, hostingu, du\u0161evn\u00edho vlastnictv\u00ed, extern\u00edch odkaz\u016f, odpov\u011bdnosti a kredit\u016f spole\u010dnosti DATASLATITUDES (pro tuto webovou str\u00e1nku a aplikaci SOS Universal).\" \/>\n<meta property=\"og:url\" content=\"https:\/\/www.dataslatitudes.com\/sosuniversal\/cs\/mentions-legales\/\" \/>\n<meta property=\"og:site_name\" content=\"SOS Universal\" \/>\n<meta property=\"article:modified_time\" content=\"2025-08-14T10:02:03+00:00\" \/>\n<meta name=\"twitter:card\" content=\"summary_large_image\" \/>\n<meta name=\"twitter:label1\" content=\"Odhadovan\u00e1 doba \u010dten\u00ed\" \/>\n\t<meta name=\"twitter:data1\" content=\"3 minuty\" \/>\n<script type=\"application\/ld+json\" class=\"yoast-schema-graph\">{\"@context\":\"https:\/\/schema.org\",\"@graph\":[{\"@type\":\"WebPage\",\"@id\":\"https:\/\/www.dataslatitudes.com\/sosuniversal\/cs\/mentions-legales\/\",\"url\":\"https:\/\/www.dataslatitudes.com\/sosuniversal\/cs\/mentions-legales\/\",\"name\":\"Mentions l\u00e9gales - SOS Universal\",\"isPartOf\":{\"@id\":\"https:\/\/www.dataslatitudes.com\/sosuniversal\/#website\"},\"datePublished\":\"2025-06-12T17:24:48+00:00\",\"dateModified\":\"2025-08-14T10:02:03+00:00\",\"description\":\"Les pr\u00e9sentes mentions l\u00e9gales r\u00e9capitulent les aspects relatifs aux informations sur l\u2019\u00e9diteur de l\u2019application, l'h\u00e9bergement, la propri\u00e9t\u00e9 Intellectuelle, les liens externes, la responsabilit\u00e9 et les cr\u00e9dits de DATASLATITUDES (pour le pr\u00e9sent site Web et l\u2019application SOS Universal).\",\"breadcrumb\":{\"@id\":\"https:\/\/www.dataslatitudes.com\/sosuniversal\/cs\/mentions-legales\/#breadcrumb\"},\"inLanguage\":\"cs\",\"potentialAction\":[{\"@type\":\"ReadAction\",\"target\":[\"https:\/\/www.dataslatitudes.com\/sosuniversal\/cs\/mentions-legales\/\"]}]},{\"@type\":\"BreadcrumbList\",\"@id\":\"https:\/\/www.dataslatitudes.com\/sosuniversal\/cs\/mentions-legales\/#breadcrumb\",\"itemListElement\":[{\"@type\":\"ListItem\",\"position\":1,\"name\":\"P\u0159edstaven\u00ed\",\"item\":\"https:\/\/www.dataslatitudes.com\/sosuniversal\/fr\/\"},{\"@type\":\"ListItem\",\"position\":2,\"name\":\"Pr\u00e1vn\u00ed upozorn\u011bn\u00ed\"}]},{\"@type\":\"WebSite\",\"@id\":\"https:\/\/www.dataslatitudes.com\/sosuniversal\/cs\/#website\",\"url\":\"https:\/\/www.dataslatitudes.com\/sosuniversal\/cs\/\",\"name\":\"SOS Universal\",\"description\":\"\",\"publisher\":{\"@id\":\"https:\/\/www.dataslatitudes.com\/sosuniversal\/cs\/#organization\"},\"potentialAction\":[{\"@type\":\"SearchAction\",\"target\":{\"@type\":\"EntryPoint\",\"urlTemplate\":\"https:\/\/www.dataslatitudes.com\/sosuniversal\/cs\/?s={search_term_string}\"},\"query-input\":{\"@type\":\"PropertyValueSpecification\",\"valueRequired\":true,\"valueName\":\"search_term_string\"}}],\"inLanguage\":\"cs\"},{\"@type\":\"Organization\",\"@id\":\"https:\/\/www.dataslatitudes.com\/sosuniversal\/cs\/#organization\",\"name\":\"DATASLATITUDES\",\"url\":\"https:\/\/www.dataslatitudes.com\/sosuniversal\/cs\/\",\"logo\":{\"@type\":\"ImageObject\",\"inLanguage\":\"cs\",\"@id\":\"https:\/\/www.dataslatitudes.com\/sosuniversal\/cs\/#\/schema\/logo\/image\/\",\"url\":\"https:\/\/www.dataslatitudes.com\/sosuniversal\/wp-content\/uploads\/2025\/07\/logo_mrdv.png\",\"contentUrl\":\"https:\/\/www.dataslatitudes.com\/sosuniversal\/wp-content\/uploads\/2025\/07\/logo_mrdv.png\",\"width\":72,\"height\":72,\"caption\":\"DATASLATITUDES\"},\"image\":{\"@id\":\"https:\/\/www.dataslatitudes.com\/sosuniversal\/cs\/#\/schema\/logo\/image\/\"}}]}<\/script>\n<!-- \/ Yoast SEO plugin. -->","yoast_head_json":{"title":"Pr\u00e1vn\u00ed upozorn\u011bn\u00ed","description":"Toto pr\u00e1vn\u00ed upozorn\u011bn\u00ed shrnuje aspekty t\u00fdkaj\u00edc\u00ed se informac\u00ed o vydavateli aplikace, hostingu, du\u0161evn\u00edho vlastnictv\u00ed, extern\u00edch odkaz\u016f, odpov\u011bdnosti a kredit\u016f spole\u010dnosti DATASLATITUDES (pro tuto webovou str\u00e1nku a aplikaci SOS Universal).","robots":{"index":"index","follow":"follow","max-snippet":"max-snippet:-1","max-image-preview":"max-image-preview:large","max-video-preview":"max-video-preview:-1"},"canonical":"PR\u00c1VN\u00cd UPOZORN\u011aN\u00cd 1. Informace o vydavateli aplikace Tuto webovou str\u00e1nku a mobiln\u00ed aplikaci SOS Universal vyd\u00e1v\u00e1 spole\u010dnost DATASLATITUDES. M\u016f\u017eete po\u017e\u00e1dat o pomoc na e-mailov\u00e9 adrese: hotline.sos_universal@dataslatitudes.com 2. Hosting SOS Universal je mobiln\u00ed aplikace distribuovan\u00e1 prost\u0159ednictv\u00edm platforem pro stahov\u00e1n\u00ed (Google Play Store a brzy App Store). Je uvedeno, \u017ee u\u017eivatelsk\u00e1 data jsou v\u00fdhradn\u011b ukl\u00e1d\u00e1na lok\u00e1ln\u011b na&hellip;","og_locale":"cs_CZ","og_type":"article","og_title":"Pr\u00e1vn\u00ed upozorn\u011bn\u00ed","og_description":"Toto pr\u00e1vn\u00ed upozorn\u011bn\u00ed shrnuje aspekty t\u00fdkaj\u00edc\u00ed se informac\u00ed o vydavateli aplikace, hostingu, du\u0161evn\u00edho vlastnictv\u00ed, extern\u00edch odkaz\u016f, odpov\u011bdnosti a kredit\u016f spole\u010dnosti DATASLATITUDES (pro tuto webovou str\u00e1nku a aplikaci SOS Universal).","og_url":"https:\/\/www.dataslatitudes.com\/sosuniversal\/cs\/mentions-legales\/","og_site_name":"SOS Universal","article_modified_time":"2025-08-14T10:02:03+00:00","twitter_card":"summary_large_image","twitter_misc":{"Odhadovan\u00e1 doba \u010dten\u00ed":"3 minuty"},"schema":{"@context":"https:\/\/schema.org","@graph":[{"@type":"WebPage","@id":"https:\/\/www.dataslatitudes.com\/sosuniversal\/cs\/mentions-legales\/","url":"https:\/\/www.dataslatitudes.com\/sosuniversal\/cs\/mentions-legales\/","name":"Mentions l\u00e9gales - SOS Universal","isPartOf":{"@id":"https:\/\/www.dataslatitudes.com\/sosuniversal\/#website"},"datePublished":"2025-06-12T17:24:48+00:00","dateModified":"2025-08-14T10:02:03+00:00","description":"Les pr\u00e9sentes mentions l\u00e9gales r\u00e9capitulent les aspects relatifs aux informations sur l\u2019\u00e9diteur de l\u2019application, l'h\u00e9bergement, la propri\u00e9t\u00e9 Intellectuelle, les liens externes, la responsabilit\u00e9 et les cr\u00e9dits de DATASLATITUDES (pour le pr\u00e9sent site Web et l\u2019application SOS Universal).","breadcrumb":{"@id":"https:\/\/www.dataslatitudes.com\/sosuniversal\/cs\/mentions-legales\/#breadcrumb"},"inLanguage":"cs","potentialAction":[{"@type":"ReadAction","target":["https:\/\/www.dataslatitudes.com\/sosuniversal\/cs\/mentions-legales\/"]}]},{"@type":"BreadcrumbList","@id":"https:\/\/www.dataslatitudes.com\/sosuniversal\/cs\/mentions-legales\/#breadcrumb","itemListElement":[{"@type":"ListItem","position":1,"name":"P\u0159edstaven\u00ed","item":"https:\/\/www.dataslatitudes.com\/sosuniversal\/fr\/"},{"@type":"ListItem","position":2,"name":"Pr\u00e1vn\u00ed upozorn\u011bn\u00ed"}]},{"@type":"WebSite","@id":"https:\/\/www.dataslatitudes.com\/sosuniversal\/cs\/#website","url":"https:\/\/www.dataslatitudes.com\/sosuniversal\/cs\/","name":"SOS Universal","description":"","publisher":{"@id":"https:\/\/www.dataslatitudes.com\/sosuniversal\/cs\/#organization"},"potentialAction":[{"@type":"SearchAction","target":{"@type":"EntryPoint","urlTemplate":"https:\/\/www.dataslatitudes.com\/sosuniversal\/cs\/?s={search_term_string}"},"query-input":{"@type":"PropertyValueSpecification","valueRequired":true,"valueName":"search_term_string"}}],"inLanguage":"cs"},{"@type":"Organization","@id":"https:\/\/www.dataslatitudes.com\/sosuniversal\/cs\/#organization","name":"DATASLATITUDES","url":"https:\/\/www.dataslatitudes.com\/sosuniversal\/cs\/","logo":{"@type":"ImageObject","inLanguage":"cs","@id":"https:\/\/www.dataslatitudes.com\/sosuniversal\/cs\/#\/schema\/logo\/image\/","url":"https:\/\/www.dataslatitudes.com\/sosuniversal\/wp-content\/uploads\/2025\/07\/logo_mrdv.png","contentUrl":"https:\/\/www.dataslatitudes.com\/sosuniversal\/wp-content\/uploads\/2025\/07\/logo_mrdv.png","width":72,"height":72,"caption":"DATASLATITUDES"},"image":{"@id":"https:\/\/www.dataslatitudes.com\/sosuniversal\/cs\/#\/schema\/logo\/image\/"}}]}},"_links":{"self":[{"href":"https:\/\/www.dataslatitudes.com\/sosuniversal\/cs\/wp-json\/wp\/v2\/pages\/185","targetHints":{"allow":["GET"]}}],"collection":[{"href":"https:\/\/www.dataslatitudes.com\/sosuniversal\/cs\/wp-json\/wp\/v2\/pages"}],"about":[{"href":"https:\/\/www.dataslatitudes.com\/sosuniversal\/cs\/wp-json\/wp\/v2\/types\/page"}],"author":[{"embeddable":true,"href":"https:\/\/www.dataslatitudes.com\/sosuniversal\/cs\/wp-json\/wp\/v2\/users\/1"}],"replies":[{"embeddable":true,"href":"https:\/\/www.dataslatitudes.com\/sosuniversal\/cs\/wp-json\/wp\/v2\/comments?post=185"}],"version-history":[{"count":29,"href":"https:\/\/www.dataslatitudes.com\/sosuniversal\/cs\/wp-json\/wp\/v2\/pages\/185\/revisions"}],"predecessor-version":[{"id":2930,"href":"https:\/\/www.dataslatitudes.com\/sosuniversal\/cs\/wp-json\/wp\/v2\/pages\/185\/revisions\/2930"}],"wp:attachment":[{"href":"https:\/\/www.dataslatitudes.com\/sosuniversal\/cs\/wp-json\/wp\/v2\/media?parent=185"}],"curies":[{"name":"wp","href":"https:\/\/api.w.org\/{rel}","templated":true}]}}