{"id":250,"date":"2025-06-13T07:11:06","date_gmt":"2025-06-13T07:11:06","guid":{"rendered":"https:\/\/www.dataslatitudes.com\/sosuniversal\/index.php\/mode-emploi\/mode-demploi-enregistrements\/"},"modified":"2025-07-22T17:01:26","modified_gmt":"2025-07-22T17:01:26","slug":"mode-emploi-outils-supplementaire","status":"publish","type":"page","link":"https:\/\/www.dataslatitudes.com\/sosuniversal\/az\/ecran-principal\/mode-emploi-outils-supplementaire\/","title":{"rendered":"\u018flav\u0259 al\u0259tl\u0259r"},"content":{"rendered":"\r\n<p class=\"has-small-font-size\"><\/p>\r\n\r\n\r\n\r\n<h1 class=\"wp-block-heading has-text-align-center has-medium-font-size\" style=\"margin-top:var(--wp--preset--spacing--20);margin-bottom:var(--wp--preset--spacing--20)\"><strong>\u018fLAV\u018f AL\u018fTL\u018fR<\/strong><\/h1>\r\n\r\n\r\n\r\n<p class=\"has-text-align-center\" style=\"font-size:1.2rem\">SOS Universal siz\u0259 be\u015f \u0259lav\u0259 al\u0259t t\u0259klif edir:<\/p>\r\n\r\n\r\n\r\n<figure class=\"wp-block-image aligncenter size-full is-resized\"><img decoding=\"async\" src=\"http:\/\/www.dataslatitudes.com\/sosuniversal\/wp-content\/uploads\/az_ecran_principal_partie_basse_puce_recadre.webp\" alt=\"\u018fsas ekran\u0131n a\u015fa\u011f\u0131 hiss\u0259si\" class=\"wp-image-421\" style=\"width:273px\"\/><\/figure>\r\n\r\n\r\n\r\n<div class=\"wp-block-columns is-layout-flex wp-container-core-columns-is-layout-d2a8f814 wp-block-columns-is-layout-flex\" style=\"padding-top:0;padding-bottom:0\">\r\n<div class=\"wp-block-column is-layout-flow wp-block-column-is-layout-flow\">\r\n<h2 class=\"wp-block-heading has-text-align-center\" style=\"margin-top:var(--wp--preset--spacing--20);margin-bottom:var(--wp--preset--spacing--20);font-size:1.2rem\">(1) T\u0259tbiq kilidi<\/h2>\r\n\r\n\r\n\r\n<figure class=\"wp-block-image aligncenter size-large is-resized\" style=\"margin-top:0;margin-bottom:0\"><img decoding=\"async\" src=\"http:\/\/www.dataslatitudes.com\/sosuniversal\/wp-content\/uploads\/az_verrouillage-459x1024.webp\" alt=\"SOS Universal - t\u0259tbiq kilidi\" class=\"wp-image-426\" style=\"width:273px\"\/><\/figure>\r\n\r\n\r\n\r\n<p style=\"margin-right:var(--wp--preset--spacing--50);margin-left:var(--wp--preset--spacing--50);font-size:1rem\">H\u0259ssas \u015f\u0259xsl\u0259r t\u0259r\u0259find\u0259n s\u0259hv manipulyasiyan\u0131n qar\u015f\u0131s\u0131n\u0131 almaq m\u0259qs\u0259dil\u0259, SOS Universal etibarl\u0131 bir \u00fc\u00e7\u00fcnc\u00fc t\u0259r\u0259f t\u0259r\u0259find\u0259n konfiqurasiya edil\u0259 bil\u0259r v\u0259 sonra kilidl\u0259n\u0259 bil\u0259r: bu halda yaln\u0131z \u0259sas siqnal aktivl\u0259\u015fdirm\u0259 d\u00fcym\u0259si (v\u0259 siqnal\u0131n l\u0259\u011fvi d\u00fcym\u0259si) istifad\u0259 edil\u0259 bil\u0259r. Kilidd\u0259n \u00e7\u0131xarmaq \u00e7ox asand\u0131r (kod 0000-d\u0131r).<\/p>\r\n\r\n\r\n\r\n<p style=\"margin-top:var(--wp--preset--spacing--50);margin-bottom:var(--wp--preset--spacing--50)\"><\/p>\r\n<\/div>\r\n\r\n\r\n\r\n<div class=\"wp-block-column is-layout-flow wp-block-column-is-layout-flow\">\r\n<h2 class=\"wp-block-heading has-text-align-center\" style=\"margin-top:var(--wp--preset--spacing--20);margin-bottom:var(--wp--preset--spacing--20);font-size:1.2rem\">(2) \u018flav\u0259 mesaj<\/h2>\r\n\r\n\r\n\r\n<figure class=\"wp-block-image aligncenter size-large is-resized\" style=\"margin-top:0;margin-bottom:0\"><img decoding=\"async\" src=\"http:\/\/www.dataslatitudes.com\/sosuniversal\/wp-content\/uploads\/az_message_complementaire-459x1024.webp\" alt=\"SOS Universal - \u0259lav\u0259 mesaj\" class=\"wp-image-425\" style=\"width:273px\"\/><\/figure>\r\n\r\n\r\n\r\n<p style=\"padding-right:var(--wp--preset--spacing--50);padding-left:var(--wp--preset--spacing--50);font-size:1rem\">SMS m\u0259tnin\u0259 daxil edil\u0259c\u0259k \u0259lav\u0259 bir mesaj\u0131 tez yaza bil\u0259rsiniz.<\/p>\r\n<\/div>\r\n<\/div>\r\n\r\n\r\n\r\n<p class=\"has-text-align-center\" style=\"font-size:1.1rem\"><br>He\u00e7 bir x\u0259b\u0259rdarl\u0131qdan as\u0131l\u0131 olmayaraq, se\u00e7ilmi\u015f gecikm\u0259 il\u0259 konfiqurasiya edil\u0259 bil\u0259n \u00fc\u00e7 \u0259lav\u0259 funksiya m\u00f6vcuddur:<\/p>\r\n\r\n\r\n\r\n<div class=\"wp-block-columns is-layout-flex wp-container-core-columns-is-layout-8d88fe0f wp-block-columns-is-layout-flex\" style=\"padding-top:var(--wp--preset--spacing--20);padding-bottom:var(--wp--preset--spacing--20)\">\r\n<div class=\"wp-block-column is-layout-flow wp-block-column-is-layout-flow\">\r\n<h2 class=\"wp-block-heading has-text-align-center\" style=\"margin-top:0;margin-bottom:0;font-size:1.2rem\">(3) S\u0259s yaz\u0131s\u0131<\/h2>\r\n\r\n\r\n\r\n<figure class=\"wp-block-image aligncenter size-large is-resized\" style=\"margin-top:var(--wp--preset--spacing--20);margin-bottom:var(--wp--preset--spacing--20)\"><img decoding=\"async\" src=\"http:\/\/www.dataslatitudes.com\/sosuniversal\/wp-content\/uploads\/az_enregistrement_direct-459x1024.webp\" alt=\"SOS Universal - s\u0259s yaz\u0131s\u0131\" class=\"wp-image-424\" style=\"width:273px\"\/><\/figure>\r\n\r\n\r\n\r\n<p class=\"has-text-align-center\" style=\"font-size:1rem\">N\u0259z\u0259ri yaz\u0131 tutumu g\u00f6st\u0259rilmi\u015fdir.<\/p>\r\n<\/div>\r\n\r\n\r\n\r\n<div class=\"wp-block-column is-layout-flow wp-block-column-is-layout-flow\">\r\n<h2 class=\"wp-block-heading has-text-align-center\" style=\"margin-top:0;margin-bottom:0;font-size:1.2rem\">(4) S\u0259sli siqnal<\/h2>\r\n\r\n\r\n\r\n<figure class=\"wp-block-image aligncenter size-large is-resized\" style=\"margin-top:var(--wp--preset--spacing--20);margin-bottom:var(--wp--preset--spacing--20)\"><img decoding=\"async\" src=\"http:\/\/www.dataslatitudes.com\/sosuniversal\/wp-content\/uploads\/az_alarme_sonore-459x1024.webp\" alt=\"SOS Universal - s\u0259s siqnal\u0131\" class=\"wp-image-423\" style=\"width:273px\"\/><\/figure>\r\n\r\n\r\n\r\n<p class=\"has-text-align-center\" style=\"font-size:1rem\">Siqnal\u0131n s\u0259s h\u0259cmi avtomatik olaraq maksimuma q\u0259d\u0259r t\u0259nziml\u0259nir. Siqnal n\u00f6v\u00fc (polis sireni v\u0259 ya insan q\u0131\u015fq\u0131r\u0131\u011f\u0131) parametrl\u0259rd\u0259 se\u00e7ilir.<\/p>\r\n<\/div>\r\n\r\n\r\n\r\n<div class=\"wp-block-column is-layout-flow wp-block-column-is-layout-flow\">\r\n<h2 class=\"wp-block-heading has-text-align-center\" style=\"margin-top:0;margin-bottom:0;font-size:1.2rem\">(5) Daxil olan telefon z\u0259nginin simulyasiyas\u0131<\/h2>\r\n\r\n\r\n\r\n<figure class=\"wp-block-image aligncenter size-large is-resized\" style=\"margin-top:var(--wp--preset--spacing--20);margin-bottom:var(--wp--preset--spacing--20)\"><img decoding=\"async\" src=\"http:\/\/www.dataslatitudes.com\/sosuniversal\/wp-content\/uploads\/az_appel_entrant_simule-459x1024.webp\" alt=\"SOS Universal - simulyasiya edilmi\u015f daxil olan z\u0259ng\" class=\"wp-image-422\" style=\"width:273px\"\/><\/figure>\r\n\r\n\r\n\r\n<p class=\"has-text-align-center\" style=\"font-size:1rem\">Z\u0259ng s\u0259sinin h\u0259cmi avtomatik olaraq maksimuma q\u0259d\u0259r t\u0259nziml\u0259nir. Bu funksiya, smartfon s\u0259ssiz rejimd\u0259 v\u0259 ya &#8220;narahat etm\u0259yin&#8221; rejimind\u0259dirs\u0259 istifad\u0259 edil\u0259 bilm\u0259z.<\/p>\r\n<\/div>\r\n<\/div>\r\n\r\n\r\n\r\n<p class=\"has-small-font-size\"><\/p>\r\n\r\n\r\n\r\n<p class=\"has-small-font-size\"><\/p>\r\n","protected":false},"excerpt":{"rendered":"<p>\u018fLAV\u018f AL\u018fTL\u018fR SOS Universal siz\u0259 be\u015f \u0259lav\u0259 al\u0259t t\u0259klif edir: (1) T\u0259tbiq kilidi H\u0259ssas \u015f\u0259xsl\u0259r t\u0259r\u0259find\u0259n s\u0259hv manipulyasiyan\u0131n qar\u015f\u0131s\u0131n\u0131 almaq [&hellip;]<\/p>\n","protected":false},"author":1,"featured_media":0,"parent":14,"menu_order":7,"comment_status":"closed","ping_status":"closed","template":"","meta":{"site-sidebar-layout":"default","site-content-layout":"","ast-site-content-layout":"","site-content-style":"default","site-sidebar-style":"default","ast-global-header-display":"","ast-banner-title-visibility":"","ast-main-header-display":"","ast-hfb-above-header-display":"","ast-hfb-below-header-display":"","ast-hfb-mobile-header-display":"","site-post-title":"disabled","ast-breadcrumbs-content":"","ast-featured-img":"","footer-sml-layout":"","theme-transparent-header-meta":"","adv-header-id-meta":"","stick-header-meta":"","header-above-stick-meta":"","header-main-stick-meta":"","header-below-stick-meta":"","astra-migrate-meta-layouts":"default","ast-page-background-enabled":"default","ast-page-background-meta":{"desktop":{"background-color":"var(--ast-global-color-5)","background-image":"","background-repeat":"repeat","background-position":"center center","background-size":"auto","background-attachment":"scroll","background-type":"","background-media":"","overlay-type":"","overlay-color":"","overlay-opacity":"","overlay-gradient":""},"tablet":{"background-color":"","background-image":"","background-repeat":"repeat","background-position":"center center","background-size":"auto","background-attachment":"scroll","background-type":"","background-media":"","overlay-type":"","overlay-color":"","overlay-opacity":"","overlay-gradient":""},"mobile":{"background-color":"","background-image":"","background-repeat":"repeat","background-position":"center center","background-size":"auto","background-attachment":"scroll","background-type":"","background-media":"","overlay-type":"","overlay-color":"","overlay-opacity":"","overlay-gradient":""}},"ast-content-background-meta":{"desktop":{"background-color":"var(--ast-global-color-4)","background-image":"","background-repeat":"repeat","background-position":"center center","background-size":"auto","background-attachment":"scroll","background-type":"","background-media":"","overlay-type":"","overlay-color":"","overlay-opacity":"","overlay-gradient":""},"tablet":{"background-color":"var(--ast-global-color-4)","background-image":"","background-repeat":"repeat","background-position":"center center","background-size":"auto","background-attachment":"scroll","background-type":"","background-media":"","overlay-type":"","overlay-color":"","overlay-opacity":"","overlay-gradient":""},"mobile":{"background-color":"var(--ast-global-color-4)","background-image":"","background-repeat":"repeat","background-position":"center center","background-size":"auto","background-attachment":"scroll","background-type":"","background-media":"","overlay-type":"","overlay-color":"","overlay-opacity":"","overlay-gradient":""}},"footnotes":""},"class_list":["post-250","page","type-page","status-publish","hentry"],"yoast_head":"<!-- This site is optimized with the Yoast SEO plugin v25.6 - https:\/\/yoast.com\/wordpress\/plugins\/seo\/ -->\n<title>\u018flav\u0259 al\u0259tl\u0259r<\/title>\n<meta name=\"description\" content=\"SOS Universal siz\u0259 be\u015f \u0259lav\u0259 al\u0259t t\u0259klif edir. H\u0259ssas \u015f\u0259xsl\u0259r t\u0259r\u0259find\u0259n s\u0259hv manipulyasiyan\u0131n qar\u015f\u0131s\u0131n\u0131 almaq \u00fc\u00e7\u00fcn SOS Universal etibarl\u0131 bir \u00fc\u00e7\u00fcnc\u00fc t\u0259r\u0259f t\u0259r\u0259find\u0259n konfiqurasiya edil\u0259 bil\u0259r v\u0259 sonra kilidl\u0259n\u0259 bil\u0259r. G\u0259l\u0259c\u0259k x\u0259b\u0259rdarl\u0131qlar\u0131n SMS m\u0259tnin\u0259 daxil edil\u0259c\u0259k \u0259lav\u0259 bir mesaj\u0131 tez bir zamanda yaza bil\u0259rsiniz. He\u00e7 bir x\u0259b\u0259rdarl\u0131qdan as\u0131l\u0131 olmayaraq, se\u00e7ilmi\u015f gecikm\u0259 m\u00fcdd\u0259ti il\u0259 konfiqurasiya edil\u0259 bil\u0259n \u00fc\u00e7 \u0259lav\u0259 vasit\u0259 m\u00f6vcuddur: audio qeyd, s\u0259s siqnal\u0131n\u0131n i\u015f\u0259 sal\u0131nmas\u0131 v\u0259 daxil olan telefon z\u0259nginin simulyasiyas\u0131.\" \/>\n<meta name=\"robots\" content=\"index, follow, max-snippet:-1, max-image-preview:large, max-video-preview:-1\" \/>\n<link rel=\"canonical\" href=\"\" \/>\n<meta property=\"og:locale\" content=\"az_AZ\" \/>\n<meta property=\"og:type\" content=\"article\" \/>\n<meta property=\"og:title\" content=\"\u018flav\u0259 al\u0259tl\u0259r\" \/>\n<meta property=\"og:description\" content=\"SOS Universal siz\u0259 be\u015f \u0259lav\u0259 al\u0259t t\u0259klif edir. H\u0259ssas \u015f\u0259xsl\u0259r t\u0259r\u0259find\u0259n s\u0259hv manipulyasiyan\u0131n qar\u015f\u0131s\u0131n\u0131 almaq \u00fc\u00e7\u00fcn SOS Universal etibarl\u0131 bir \u00fc\u00e7\u00fcnc\u00fc t\u0259r\u0259f t\u0259r\u0259find\u0259n konfiqurasiya edil\u0259 bil\u0259r v\u0259 sonra kilidl\u0259n\u0259 bil\u0259r. G\u0259l\u0259c\u0259k x\u0259b\u0259rdarl\u0131qlar\u0131n SMS m\u0259tnin\u0259 daxil edil\u0259c\u0259k \u0259lav\u0259 bir mesaj\u0131 tez bir zamanda yaza bil\u0259rsiniz. He\u00e7 bir x\u0259b\u0259rdarl\u0131qdan as\u0131l\u0131 olmayaraq, se\u00e7ilmi\u015f gecikm\u0259 m\u00fcdd\u0259ti il\u0259 konfiqurasiya edil\u0259 bil\u0259n \u00fc\u00e7 \u0259lav\u0259 vasit\u0259 m\u00f6vcuddur: audio qeyd, s\u0259s siqnal\u0131n\u0131n i\u015f\u0259 sal\u0131nmas\u0131 v\u0259 daxil olan telefon z\u0259nginin simulyasiyas\u0131.\" \/>\n<meta property=\"og:url\" content=\"https:\/\/www.dataslatitudes.com\/sosuniversal\/az\/ecran-principal\/mode-emploi-outils-supplementaire\/\" \/>\n<meta property=\"og:site_name\" content=\"SOS Universal\" \/>\n<meta property=\"article:modified_time\" content=\"2025-07-22T17:01:26+00:00\" \/>\n<meta name=\"twitter:card\" content=\"summary_large_image\" \/>\n<meta name=\"twitter:label1\" content=\"Est. reading time\" \/>\n\t<meta name=\"twitter:data1\" content=\"3 minutes\" \/>\n<script type=\"application\/ld+json\" class=\"yoast-schema-graph\">{\"@context\":\"https:\/\/schema.org\",\"@graph\":[{\"@type\":\"WebPage\",\"@id\":\"https:\/\/www.dataslatitudes.com\/sosuniversal\/az\/ecran-principal\/mode-emploi-outils-supplementaire\/\",\"url\":\"https:\/\/www.dataslatitudes.com\/sosuniversal\/az\/ecran-principal\/mode-emploi-outils-supplementaire\/\",\"name\":\"Outils suppl\u00e9mentaires - SOS Universal\",\"isPartOf\":{\"@id\":\"https:\/\/www.dataslatitudes.com\/sosuniversal\/#website\"},\"primaryImageOfPage\":{\"@id\":\"https:\/\/www.dataslatitudes.com\/sosuniversal\/az\/ecran-principal\/mode-emploi-outils-supplementaire\/#primaryimage\"},\"image\":{\"@id\":\"https:\/\/www.dataslatitudes.com\/sosuniversal\/az\/ecran-principal\/mode-emploi-outils-supplementaire\/#primaryimage\"},\"thumbnailUrl\":\"http:\/\/www.dataslatitudes.com\/sosuniversal\/wp-content\/uploads\/2025\/07\/fr_ecran_principal_partie_basse_puce_recadre.webp\",\"datePublished\":\"2025-06-13T07:11:06+00:00\",\"dateModified\":\"2025-07-22T17:01:26+00:00\",\"description\":\"Cinq outils suppl\u00e9mentaires vous sont propos\u00e9s par SOS Universal. Dans le but d\u2019\u00e9viter des erreurs de manipulation par des personnes vuln\u00e9rables, SOS Universal peut \u00eatre param\u00e9tr\u00e9e par un tiers de confiance puis ensuite \u00eatre verrouill\u00e9e. Vous avez la facult\u00e9 de r\u00e9diger rapidement un message compl\u00e9mentaire qui sera int\u00e9gr\u00e9 dans le texte du SMS des prochaines alertes. En dehors de toute alerte, vous disposez de trois utilitaires qui peuvent \u00eatre param\u00e9tr\u00e9s avec un d\u00e9lai de d\u00e9clenchement optionnel : l'enregistrement audio, le d\u00e9clenchement d'une alarme sonore et la simulation d\u2019un appel t\u00e9l\u00e9phonique entrant.\",\"breadcrumb\":{\"@id\":\"https:\/\/www.dataslatitudes.com\/sosuniversal\/az\/ecran-principal\/mode-emploi-outils-supplementaire\/#breadcrumb\"},\"inLanguage\":\"az\",\"potentialAction\":[{\"@type\":\"ReadAction\",\"target\":[\"https:\/\/www.dataslatitudes.com\/sosuniversal\/az\/ecran-principal\/mode-emploi-outils-supplementaire\/\"]}]},{\"@type\":\"ImageObject\",\"inLanguage\":\"az\",\"@id\":\"https:\/\/www.dataslatitudes.com\/sosuniversal\/az\/ecran-principal\/mode-emploi-outils-supplementaire\/#primaryimage\",\"url\":\"http:\/\/www.dataslatitudes.com\/sosuniversal\/wp-content\/uploads\/2025\/07\/fr_ecran_principal_partie_basse_puce_recadre.webp\",\"contentUrl\":\"http:\/\/www.dataslatitudes.com\/sosuniversal\/wp-content\/uploads\/2025\/07\/fr_ecran_principal_partie_basse_puce_recadre.webp\"},{\"@type\":\"BreadcrumbList\",\"@id\":\"https:\/\/www.dataslatitudes.com\/sosuniversal\/az\/ecran-principal\/mode-emploi-outils-supplementaire\/#breadcrumb\",\"itemListElement\":[{\"@type\":\"ListItem\",\"position\":1,\"name\":\"T\u0259qdimat\",\"item\":\"https:\/\/www.dataslatitudes.com\/sosuniversal\/fr\/\"},{\"@type\":\"ListItem\",\"position\":2,\"name\":\"\u018fsas ekran\",\"item\":\"https:\/\/www.dataslatitudes.com\/sosuniversal\/ecran-principal\/\"},{\"@type\":\"ListItem\",\"position\":3,\"name\":\"\u018flav\u0259 al\u0259tl\u0259r\"}]},{\"@type\":\"WebSite\",\"@id\":\"https:\/\/www.dataslatitudes.com\/sosuniversal\/az\/#website\",\"url\":\"https:\/\/www.dataslatitudes.com\/sosuniversal\/az\/\",\"name\":\"SOS Universal\",\"description\":\"\",\"publisher\":{\"@id\":\"https:\/\/www.dataslatitudes.com\/sosuniversal\/az\/#organization\"},\"potentialAction\":[{\"@type\":\"SearchAction\",\"target\":{\"@type\":\"EntryPoint\",\"urlTemplate\":\"https:\/\/www.dataslatitudes.com\/sosuniversal\/az\/?s={search_term_string}\"},\"query-input\":{\"@type\":\"PropertyValueSpecification\",\"valueRequired\":true,\"valueName\":\"search_term_string\"}}],\"inLanguage\":\"az\"},{\"@type\":\"Organization\",\"@id\":\"https:\/\/www.dataslatitudes.com\/sosuniversal\/az\/#organization\",\"name\":\"DATASLATITUDES\",\"url\":\"https:\/\/www.dataslatitudes.com\/sosuniversal\/az\/\",\"logo\":{\"@type\":\"ImageObject\",\"inLanguage\":\"az\",\"@id\":\"https:\/\/www.dataslatitudes.com\/sosuniversal\/az\/#\/schema\/logo\/image\/\",\"url\":\"https:\/\/www.dataslatitudes.com\/sosuniversal\/wp-content\/uploads\/2025\/07\/logo_mrdv.png\",\"contentUrl\":\"https:\/\/www.dataslatitudes.com\/sosuniversal\/wp-content\/uploads\/2025\/07\/logo_mrdv.png\",\"width\":72,\"height\":72,\"caption\":\"DATASLATITUDES\"},\"image\":{\"@id\":\"https:\/\/www.dataslatitudes.com\/sosuniversal\/az\/#\/schema\/logo\/image\/\"}}]}<\/script>\n<!-- \/ Yoast SEO plugin. -->","yoast_head_json":{"title":"\u018flav\u0259 al\u0259tl\u0259r","description":"SOS Universal siz\u0259 be\u015f \u0259lav\u0259 al\u0259t t\u0259klif edir. H\u0259ssas \u015f\u0259xsl\u0259r t\u0259r\u0259find\u0259n s\u0259hv manipulyasiyan\u0131n qar\u015f\u0131s\u0131n\u0131 almaq \u00fc\u00e7\u00fcn SOS Universal etibarl\u0131 bir \u00fc\u00e7\u00fcnc\u00fc t\u0259r\u0259f t\u0259r\u0259find\u0259n konfiqurasiya edil\u0259 bil\u0259r v\u0259 sonra kilidl\u0259n\u0259 bil\u0259r. G\u0259l\u0259c\u0259k x\u0259b\u0259rdarl\u0131qlar\u0131n SMS m\u0259tnin\u0259 daxil edil\u0259c\u0259k \u0259lav\u0259 bir mesaj\u0131 tez bir zamanda yaza bil\u0259rsiniz. He\u00e7 bir x\u0259b\u0259rdarl\u0131qdan as\u0131l\u0131 olmayaraq, se\u00e7ilmi\u015f gecikm\u0259 m\u00fcdd\u0259ti il\u0259 konfiqurasiya edil\u0259 bil\u0259n \u00fc\u00e7 \u0259lav\u0259 vasit\u0259 m\u00f6vcuddur: audio qeyd, s\u0259s siqnal\u0131n\u0131n i\u015f\u0259 sal\u0131nmas\u0131 v\u0259 daxil olan telefon z\u0259nginin simulyasiyas\u0131.","robots":{"index":"index","follow":"follow","max-snippet":"max-snippet:-1","max-image-preview":"max-image-preview:large","max-video-preview":"max-video-preview:-1"},"canonical":"\u018fLAV\u018f AL\u018fTL\u018fR SOS Universal siz\u0259 be\u015f \u0259lav\u0259 al\u0259t t\u0259klif edir: (1) T\u0259tbiq kilidi H\u0259ssas \u015f\u0259xsl\u0259r t\u0259r\u0259find\u0259n s\u0259hv manipulyasiyan\u0131n qar\u015f\u0131s\u0131n\u0131 almaq m\u0259qs\u0259dil\u0259, SOS Universal etibarl\u0131 bir \u00fc\u00e7\u00fcnc\u00fc t\u0259r\u0259f t\u0259r\u0259find\u0259n konfiqurasiya edil\u0259 bil\u0259r v\u0259 sonra kilidl\u0259n\u0259 bil\u0259r: bu halda yaln\u0131z \u0259sas siqnal aktivl\u0259\u015fdirm\u0259 d\u00fcym\u0259si (v\u0259 siqnal\u0131n l\u0259\u011fvi d\u00fcym\u0259si) istifad\u0259 edil\u0259 bil\u0259r. Kilidd\u0259n \u00e7\u0131xarmaq \u00e7ox asand\u0131r (kod 0000-d\u0131r).&hellip;","og_locale":"az_AZ","og_type":"article","og_title":"\u018flav\u0259 al\u0259tl\u0259r","og_description":"SOS Universal siz\u0259 be\u015f \u0259lav\u0259 al\u0259t t\u0259klif edir. H\u0259ssas \u015f\u0259xsl\u0259r t\u0259r\u0259find\u0259n s\u0259hv manipulyasiyan\u0131n qar\u015f\u0131s\u0131n\u0131 almaq \u00fc\u00e7\u00fcn SOS Universal etibarl\u0131 bir \u00fc\u00e7\u00fcnc\u00fc t\u0259r\u0259f t\u0259r\u0259find\u0259n konfiqurasiya edil\u0259 bil\u0259r v\u0259 sonra kilidl\u0259n\u0259 bil\u0259r. G\u0259l\u0259c\u0259k x\u0259b\u0259rdarl\u0131qlar\u0131n SMS m\u0259tnin\u0259 daxil edil\u0259c\u0259k \u0259lav\u0259 bir mesaj\u0131 tez bir zamanda yaza bil\u0259rsiniz. He\u00e7 bir x\u0259b\u0259rdarl\u0131qdan as\u0131l\u0131 olmayaraq, se\u00e7ilmi\u015f gecikm\u0259 m\u00fcdd\u0259ti il\u0259 konfiqurasiya edil\u0259 bil\u0259n \u00fc\u00e7 \u0259lav\u0259 vasit\u0259 m\u00f6vcuddur: audio qeyd, s\u0259s siqnal\u0131n\u0131n i\u015f\u0259 sal\u0131nmas\u0131 v\u0259 daxil olan telefon z\u0259nginin simulyasiyas\u0131.","og_url":"https:\/\/www.dataslatitudes.com\/sosuniversal\/az\/ecran-principal\/mode-emploi-outils-supplementaire\/","og_site_name":"SOS Universal","article_modified_time":"2025-07-22T17:01:26+00:00","twitter_card":"summary_large_image","twitter_misc":{"Est. reading time":"3 minutes"},"schema":{"@context":"https:\/\/schema.org","@graph":[{"@type":"WebPage","@id":"https:\/\/www.dataslatitudes.com\/sosuniversal\/az\/ecran-principal\/mode-emploi-outils-supplementaire\/","url":"https:\/\/www.dataslatitudes.com\/sosuniversal\/az\/ecran-principal\/mode-emploi-outils-supplementaire\/","name":"Outils suppl\u00e9mentaires - SOS Universal","isPartOf":{"@id":"https:\/\/www.dataslatitudes.com\/sosuniversal\/#website"},"primaryImageOfPage":{"@id":"https:\/\/www.dataslatitudes.com\/sosuniversal\/az\/ecran-principal\/mode-emploi-outils-supplementaire\/#primaryimage"},"image":{"@id":"https:\/\/www.dataslatitudes.com\/sosuniversal\/az\/ecran-principal\/mode-emploi-outils-supplementaire\/#primaryimage"},"thumbnailUrl":"http:\/\/www.dataslatitudes.com\/sosuniversal\/wp-content\/uploads\/2025\/07\/fr_ecran_principal_partie_basse_puce_recadre.webp","datePublished":"2025-06-13T07:11:06+00:00","dateModified":"2025-07-22T17:01:26+00:00","description":"Cinq outils suppl\u00e9mentaires vous sont propos\u00e9s par SOS Universal. Dans le but d\u2019\u00e9viter des erreurs de manipulation par des personnes vuln\u00e9rables, SOS Universal peut \u00eatre param\u00e9tr\u00e9e par un tiers de confiance puis ensuite \u00eatre verrouill\u00e9e. Vous avez la facult\u00e9 de r\u00e9diger rapidement un message compl\u00e9mentaire qui sera int\u00e9gr\u00e9 dans le texte du SMS des prochaines alertes. En dehors de toute alerte, vous disposez de trois utilitaires qui peuvent \u00eatre param\u00e9tr\u00e9s avec un d\u00e9lai de d\u00e9clenchement optionnel : l'enregistrement audio, le d\u00e9clenchement d'une alarme sonore et la simulation d\u2019un appel t\u00e9l\u00e9phonique entrant.","breadcrumb":{"@id":"https:\/\/www.dataslatitudes.com\/sosuniversal\/az\/ecran-principal\/mode-emploi-outils-supplementaire\/#breadcrumb"},"inLanguage":"az","potentialAction":[{"@type":"ReadAction","target":["https:\/\/www.dataslatitudes.com\/sosuniversal\/az\/ecran-principal\/mode-emploi-outils-supplementaire\/"]}]},{"@type":"ImageObject","inLanguage":"az","@id":"https:\/\/www.dataslatitudes.com\/sosuniversal\/az\/ecran-principal\/mode-emploi-outils-supplementaire\/#primaryimage","url":"http:\/\/www.dataslatitudes.com\/sosuniversal\/wp-content\/uploads\/2025\/07\/fr_ecran_principal_partie_basse_puce_recadre.webp","contentUrl":"http:\/\/www.dataslatitudes.com\/sosuniversal\/wp-content\/uploads\/2025\/07\/fr_ecran_principal_partie_basse_puce_recadre.webp"},{"@type":"BreadcrumbList","@id":"https:\/\/www.dataslatitudes.com\/sosuniversal\/az\/ecran-principal\/mode-emploi-outils-supplementaire\/#breadcrumb","itemListElement":[{"@type":"ListItem","position":1,"name":"T\u0259qdimat","item":"https:\/\/www.dataslatitudes.com\/sosuniversal\/fr\/"},{"@type":"ListItem","position":2,"name":"\u018fsas ekran","item":"https:\/\/www.dataslatitudes.com\/sosuniversal\/ecran-principal\/"},{"@type":"ListItem","position":3,"name":"\u018flav\u0259 al\u0259tl\u0259r"}]},{"@type":"WebSite","@id":"https:\/\/www.dataslatitudes.com\/sosuniversal\/az\/#website","url":"https:\/\/www.dataslatitudes.com\/sosuniversal\/az\/","name":"SOS Universal","description":"","publisher":{"@id":"https:\/\/www.dataslatitudes.com\/sosuniversal\/az\/#organization"},"potentialAction":[{"@type":"SearchAction","target":{"@type":"EntryPoint","urlTemplate":"https:\/\/www.dataslatitudes.com\/sosuniversal\/az\/?s={search_term_string}"},"query-input":{"@type":"PropertyValueSpecification","valueRequired":true,"valueName":"search_term_string"}}],"inLanguage":"az"},{"@type":"Organization","@id":"https:\/\/www.dataslatitudes.com\/sosuniversal\/az\/#organization","name":"DATASLATITUDES","url":"https:\/\/www.dataslatitudes.com\/sosuniversal\/az\/","logo":{"@type":"ImageObject","inLanguage":"az","@id":"https:\/\/www.dataslatitudes.com\/sosuniversal\/az\/#\/schema\/logo\/image\/","url":"https:\/\/www.dataslatitudes.com\/sosuniversal\/wp-content\/uploads\/2025\/07\/logo_mrdv.png","contentUrl":"https:\/\/www.dataslatitudes.com\/sosuniversal\/wp-content\/uploads\/2025\/07\/logo_mrdv.png","width":72,"height":72,"caption":"DATASLATITUDES"},"image":{"@id":"https:\/\/www.dataslatitudes.com\/sosuniversal\/az\/#\/schema\/logo\/image\/"}}]}},"_links":{"self":[{"href":"https:\/\/www.dataslatitudes.com\/sosuniversal\/az\/wp-json\/wp\/v2\/pages\/250","targetHints":{"allow":["GET"]}}],"collection":[{"href":"https:\/\/www.dataslatitudes.com\/sosuniversal\/az\/wp-json\/wp\/v2\/pages"}],"about":[{"href":"https:\/\/www.dataslatitudes.com\/sosuniversal\/az\/wp-json\/wp\/v2\/types\/page"}],"author":[{"embeddable":true,"href":"https:\/\/www.dataslatitudes.com\/sosuniversal\/az\/wp-json\/wp\/v2\/users\/1"}],"replies":[{"embeddable":true,"href":"https:\/\/www.dataslatitudes.com\/sosuniversal\/az\/wp-json\/wp\/v2\/comments?post=250"}],"version-history":[{"count":40,"href":"https:\/\/www.dataslatitudes.com\/sosuniversal\/az\/wp-json\/wp\/v2\/pages\/250\/revisions"}],"predecessor-version":[{"id":1070,"href":"https:\/\/www.dataslatitudes.com\/sosuniversal\/az\/wp-json\/wp\/v2\/pages\/250\/revisions\/1070"}],"up":[{"embeddable":true,"href":"https:\/\/www.dataslatitudes.com\/sosuniversal\/az\/wp-json\/wp\/v2\/pages\/14"}],"wp:attachment":[{"href":"https:\/\/www.dataslatitudes.com\/sosuniversal\/az\/wp-json\/wp\/v2\/media?parent=250"}],"curies":[{"name":"wp","href":"https:\/\/api.w.org\/{rel}","templated":true}]}}