{"id":246,"date":"2025-06-13T07:09:52","date_gmt":"2025-06-13T07:09:52","guid":{"rendered":"https:\/\/www.dataslatitudes.com\/sosuniversal\/index.php\/mode-emploi\/mode-demploi-parametres\/"},"modified":"2025-07-21T16:04:04","modified_gmt":"2025-07-21T16:04:04","slug":"mode-emploi-historique-enregistrement-audio","status":"publish","type":"page","link":"https:\/\/www.dataslatitudes.com\/sosuniversal\/az\/ecran-principal\/mode-emploi-historique-enregistrement-audio\/","title":{"rendered":"Tarix v\u0259 s\u0259s yaz\u0131lar\u0131"},"content":{"rendered":"\r\n<p class=\"has-small-font-size\"><\/p>\r\n\r\n\r\n\r\n<h1 class=\"wp-block-heading has-text-align-center has-medium-font-size\" style=\"margin-top:var(--wp--preset--spacing--30);margin-bottom:var(--wp--preset--spacing--30)\"><strong>X\u018fB\u018fRDARLIQLAR TAR\u0130X\u00c7\u018fS\u0130<\/strong><\/h1>\r\n\r\n\r\n\r\n<p style=\"font-size:1rem\">Son 50 g\u00f6nd\u0259ril\u0259n bildiri\u015f b\u00fct\u00fcn x\u00fcsusiyy\u0259tl\u0259ri il\u0259 tarix\u00e7\u0259d\u0259 saxlan\u0131l\u0131r.<\/p>\r\n\r\n\r\n\r\n<div class=\"wp-block-columns is-layout-flex wp-container-core-columns-is-layout-ec2e7a44 wp-block-columns-is-layout-flex\" style=\"padding-top:0;padding-bottom:0\">\r\n<div class=\"wp-block-column is-layout-flow wp-block-column-is-layout-flow\" style=\"flex-basis:33.33%\">\r\n<figure class=\"wp-block-image aligncenter size-large is-resized\"><img decoding=\"async\" src=\"http:\/\/www.dataslatitudes.com\/sosuniversal\/wp-content\/uploads\/az_historique_alerte_puce-459x1024.webp\" alt=\"SOS Universal - bildiri\u015f tarix\u00e7\u0259si\" class=\"wp-image-402\" style=\"width:273px\"\/><\/figure>\r\n<\/div>\r\n\r\n\r\n\r\n<div class=\"wp-block-column is-layout-flow wp-block-column-is-layout-flow\" style=\"padding-top:0;padding-bottom:0;flex-basis:66.66%\">\r\n<p style=\"font-size:1rem\">(1) T\u0259l\u0259b olunan kontakt\u0131n ad\u0131 v\u0259 soyad\u0131<br>(2) Bildiri\u015fin i\u015f\u0259 sal\u0131nma tarixi v\u0259 vaxt\u0131<br>(3) Bildiri\u015fin m\u0259zmununu \u00fcmumil\u0259\u015fdir\u0259n piktoqramlar (n\u00fcmun\u0259d\u0259: telefon z\u0259ngi, co\u011frafi yerl\u0259\u015fm\u0259 v\u0259 \u00fcnvanla SMS g\u00f6nd\u0259rilm\u0259si, s\u0259s yaz\u0131s\u0131 v\u0259 s\u0259s siqnal\u0131)<br>(4) Parametrl\u0259ri il\u0259 istifad\u0259 olunan bildiri\u015f rejimi<br>(5) Bildiri\u015f tarix\u00e7\u0259sinin tamamil\u0259 silinm\u0259si<\/p>\r\n\r\n\r\n\r\n<p>Tarix YYYY-MM-DD format\u0131nda (beyn\u0259lxalq ISO 8601 standart\u0131) ifad\u0259 olunur.<\/p>\r\n<\/div>\r\n<\/div>\r\n\r\n\r\n\r\n<p class=\"has-small-font-size\"><\/p>\r\n\r\n\r\n\r\n<h2 class=\"wp-block-heading has-text-align-center has-medium-font-size\" style=\"margin-top:var(--wp--preset--spacing--30);margin-bottom:var(--wp--preset--spacing--30)\"><strong>S\u018fS YAZILARI<\/strong><\/h2>\r\n\r\n\r\n\r\n<p style=\"font-size:1rem\">Smartfonunuzun y\u00fckl\u0259m\u0259 qovlu\u011funda 200-\u0259 q\u0259d\u0259r s\u0259s yaz\u0131s\u0131 saxlaya bil\u0259rsiniz. H\u0259r bir yaz\u0131 vaxt m\u00f6h\u00fcrl\u00fcd\u00fcr v\u0259 dinl\u0259nil\u0259, ad\u0131 d\u0259yi\u015fdiril\u0259 v\u0259 ya silin\u0259 bil\u0259r.<\/p>\r\n\r\n\r\n\r\n<div class=\"wp-block-columns is-layout-flex wp-container-core-columns-is-layout-ec2e7a44 wp-block-columns-is-layout-flex\" style=\"padding-top:0;padding-bottom:0\">\r\n<div class=\"wp-block-column is-layout-flow wp-block-column-is-layout-flow\" style=\"flex-basis:33.33%\">\r\n<figure class=\"wp-block-image aligncenter size-large is-resized\"><img decoding=\"async\" src=\"http:\/\/www.dataslatitudes.com\/sosuniversal\/wp-content\/uploads\/az_enregistrement_audio_puce-459x1024.webp\" alt=\"SOS Universal - s\u0259s yaz\u0131lar\u0131n\u0131n idar\u0259 edilm\u0259si\" class=\"wp-image-403\" style=\"width:273px\"\/><\/figure>\r\n<\/div>\r\n\r\n\r\n\r\n<div class=\"wp-block-column is-layout-flow wp-block-column-is-layout-flow\" style=\"flex-basis:66.66%\">\r\n<p style=\"font-size:1rem\">(1) Qeydin ad\u0131<br>(2) Qeydin tarixi, vaxt\u0131 v\u0259 \u00f6l\u00e7\u00fcs\u00fc<br>(3) Silm\u0259 funksiyas\u0131<br>(4) Fayl ad\u0131n\u0131n d\u0259yi\u015fdirilm\u0259si funksiyas\u0131<br>(5) Qeydin oxunmas\u0131 v\u0259 ya oxunman\u0131n dayand\u0131r\u0131lmas\u0131<br>(6) 5 saniy\u0259 geri \u00e7\u0259kil<br>(7) 5 saniy\u0259 ir\u0259lil\u0259m\u0259<br>(8) Oxuma ir\u0259lil\u0259yi\u015finin s\u00fcr\u00fc\u015fd\u00fcr\u00fcc\u00fcs\u00fc<br>(9) Qeydin oxunma s\u00fcr\u0259ti: azald\u0131la bil\u0259r (x 0.5) v\u0259 ya art\u0131r\u0131la bil\u0259r (x 1.5, x 2.0)<\/p>\r\n\r\n\r\n\r\n<p>Tarix YYYY-MM-DD format\u0131nda (beyn\u0259lxalq ISO 8601 standart\u0131) ifad\u0259 olunur.<\/p>\r\n<\/div>\r\n<\/div>\r\n\r\n\r\n\r\n<p class=\"has-medium-font-size\"><\/p>\r\n\r\n\r\n\r\n<p><\/p>\r\n","protected":false},"excerpt":{"rendered":"<p>X\u018fB\u018fRDARLIQLAR TAR\u0130X\u00c7\u018fS\u0130 Son 50 g\u00f6nd\u0259ril\u0259n bildiri\u015f b\u00fct\u00fcn x\u00fcsusiyy\u0259tl\u0259ri il\u0259 tarix\u00e7\u0259d\u0259 saxlan\u0131l\u0131r. (1) T\u0259l\u0259b olunan kontakt\u0131n ad\u0131 v\u0259 soyad\u0131(2) Bildiri\u015fin i\u015f\u0259 [&hellip;]<\/p>\n","protected":false},"author":1,"featured_media":0,"parent":14,"menu_order":5,"comment_status":"closed","ping_status":"closed","template":"","meta":{"site-sidebar-layout":"default","site-content-layout":"","ast-site-content-layout":"","site-content-style":"default","site-sidebar-style":"default","ast-global-header-display":"","ast-banner-title-visibility":"","ast-main-header-display":"","ast-hfb-above-header-display":"","ast-hfb-below-header-display":"","ast-hfb-mobile-header-display":"","site-post-title":"disabled","ast-breadcrumbs-content":"","ast-featured-img":"","footer-sml-layout":"","theme-transparent-header-meta":"","adv-header-id-meta":"","stick-header-meta":"","header-above-stick-meta":"","header-main-stick-meta":"","header-below-stick-meta":"","astra-migrate-meta-layouts":"default","ast-page-background-enabled":"default","ast-page-background-meta":{"desktop":{"background-color":"var(--ast-global-color-5)","background-image":"","background-repeat":"repeat","background-position":"center center","background-size":"auto","background-attachment":"scroll","background-type":"","background-media":"","overlay-type":"","overlay-color":"","overlay-opacity":"","overlay-gradient":""},"tablet":{"background-color":"","background-image":"","background-repeat":"repeat","background-position":"center center","background-size":"auto","background-attachment":"scroll","background-type":"","background-media":"","overlay-type":"","overlay-color":"","overlay-opacity":"","overlay-gradient":""},"mobile":{"background-color":"","background-image":"","background-repeat":"repeat","background-position":"center center","background-size":"auto","background-attachment":"scroll","background-type":"","background-media":"","overlay-type":"","overlay-color":"","overlay-opacity":"","overlay-gradient":""}},"ast-content-background-meta":{"desktop":{"background-color":"var(--ast-global-color-4)","background-image":"","background-repeat":"repeat","background-position":"center center","background-size":"auto","background-attachment":"scroll","background-type":"","background-media":"","overlay-type":"","overlay-color":"","overlay-opacity":"","overlay-gradient":""},"tablet":{"background-color":"var(--ast-global-color-4)","background-image":"","background-repeat":"repeat","background-position":"center center","background-size":"auto","background-attachment":"scroll","background-type":"","background-media":"","overlay-type":"","overlay-color":"","overlay-opacity":"","overlay-gradient":""},"mobile":{"background-color":"var(--ast-global-color-4)","background-image":"","background-repeat":"repeat","background-position":"center center","background-size":"auto","background-attachment":"scroll","background-type":"","background-media":"","overlay-type":"","overlay-color":"","overlay-opacity":"","overlay-gradient":""}},"footnotes":""},"class_list":["post-246","page","type-page","status-publish","hentry"],"yoast_head":"<!-- This site is optimized with the Yoast SEO plugin v25.6 - https:\/\/yoast.com\/wordpress\/plugins\/seo\/ -->\n<title>Tarix v\u0259 s\u0259s yaz\u0131lar\u0131<\/title>\n<meta name=\"description\" content=\"Son 50 g\u00f6nd\u0259ril\u0259n bildiri\u015f b\u00fct\u00fcn x\u00fcsusiyy\u0259tl\u0259ri il\u0259 tarix\u00e7\u0259d\u0259 saxlan\u0131l\u0131r. Smartfonun y\u00fckl\u0259m\u0259l\u0259r qovlu\u011funda 200-\u0259 q\u0259d\u0259r s\u0259s yaz\u0131s\u0131 saxlaya bil\u0259rsiniz. H\u0259r bir yaz\u0131 vaxt m\u00f6h\u00fcrl\u00fcd\u00fcr v\u0259 dinl\u0259nil\u0259, ad\u0131 d\u0259yi\u015fdiril\u0259 v\u0259 ya silin\u0259 bil\u0259r.\" \/>\n<meta name=\"robots\" content=\"index, follow, max-snippet:-1, max-image-preview:large, max-video-preview:-1\" \/>\n<link rel=\"canonical\" href=\"\" \/>\n<meta property=\"og:locale\" content=\"az_AZ\" \/>\n<meta property=\"og:type\" content=\"article\" \/>\n<meta property=\"og:title\" content=\"Tarix v\u0259 s\u0259s yaz\u0131lar\u0131\" \/>\n<meta property=\"og:description\" content=\"Son 50 g\u00f6nd\u0259ril\u0259n bildiri\u015f b\u00fct\u00fcn x\u00fcsusiyy\u0259tl\u0259ri il\u0259 tarix\u00e7\u0259d\u0259 saxlan\u0131l\u0131r. Smartfonun y\u00fckl\u0259m\u0259l\u0259r qovlu\u011funda 200-\u0259 q\u0259d\u0259r s\u0259s yaz\u0131s\u0131 saxlaya bil\u0259rsiniz. H\u0259r bir yaz\u0131 vaxt m\u00f6h\u00fcrl\u00fcd\u00fcr v\u0259 dinl\u0259nil\u0259, ad\u0131 d\u0259yi\u015fdiril\u0259 v\u0259 ya silin\u0259 bil\u0259r.\" \/>\n<meta property=\"og:url\" content=\"https:\/\/www.dataslatitudes.com\/sosuniversal\/az\/ecran-principal\/mode-emploi-historique-enregistrement-audio\/\" \/>\n<meta property=\"og:site_name\" content=\"SOS Universal\" \/>\n<meta property=\"article:modified_time\" content=\"2025-07-21T16:04:04+00:00\" \/>\n<meta name=\"twitter:card\" content=\"summary_large_image\" \/>\n<meta name=\"twitter:label1\" content=\"Est. reading time\" \/>\n\t<meta name=\"twitter:data1\" content=\"2 minutes\" \/>\n<script type=\"application\/ld+json\" class=\"yoast-schema-graph\">{\"@context\":\"https:\/\/schema.org\",\"@graph\":[{\"@type\":\"WebPage\",\"@id\":\"https:\/\/www.dataslatitudes.com\/sosuniversal\/az\/ecran-principal\/mode-emploi-historique-enregistrement-audio\/\",\"url\":\"https:\/\/www.dataslatitudes.com\/sosuniversal\/az\/ecran-principal\/mode-emploi-historique-enregistrement-audio\/\",\"name\":\"Historique et enregistrements audios - SOS Universal\",\"isPartOf\":{\"@id\":\"https:\/\/www.dataslatitudes.com\/sosuniversal\/#website\"},\"primaryImageOfPage\":{\"@id\":\"https:\/\/www.dataslatitudes.com\/sosuniversal\/az\/ecran-principal\/mode-emploi-historique-enregistrement-audio\/#primaryimage\"},\"image\":{\"@id\":\"https:\/\/www.dataslatitudes.com\/sosuniversal\/az\/ecran-principal\/mode-emploi-historique-enregistrement-audio\/#primaryimage\"},\"thumbnailUrl\":\"http:\/\/www.dataslatitudes.com\/sosuniversal\/wp-content\/uploads\/2025\/07\/fr_historique_alerte_puce-459x1024.webp\",\"datePublished\":\"2025-06-13T07:09:52+00:00\",\"dateModified\":\"2025-07-21T16:04:04+00:00\",\"description\":\"Les 50 derni\u00e8res alertes \u00e9mises sont historis\u00e9es avec toutes leurs caract\u00e9ristiques. Vous pouvez conserver jusqu\u2019\u00e0 200 enregistrements audios qui sont stock\u00e9s dans le r\u00e9pertoire des t\u00e9l\u00e9chargements du smartphone. Chaque enregistrement est horodat\u00e9 et peut \u00eatre \u00e9cout\u00e9, renomm\u00e9 ou supprim\u00e9.\",\"breadcrumb\":{\"@id\":\"https:\/\/www.dataslatitudes.com\/sosuniversal\/az\/ecran-principal\/mode-emploi-historique-enregistrement-audio\/#breadcrumb\"},\"inLanguage\":\"az\",\"potentialAction\":[{\"@type\":\"ReadAction\",\"target\":[\"https:\/\/www.dataslatitudes.com\/sosuniversal\/az\/ecran-principal\/mode-emploi-historique-enregistrement-audio\/\"]}]},{\"@type\":\"ImageObject\",\"inLanguage\":\"az\",\"@id\":\"https:\/\/www.dataslatitudes.com\/sosuniversal\/az\/ecran-principal\/mode-emploi-historique-enregistrement-audio\/#primaryimage\",\"url\":\"http:\/\/www.dataslatitudes.com\/sosuniversal\/wp-content\/uploads\/2025\/07\/fr_historique_alerte_puce-459x1024.webp\",\"contentUrl\":\"http:\/\/www.dataslatitudes.com\/sosuniversal\/wp-content\/uploads\/2025\/07\/fr_historique_alerte_puce-459x1024.webp\"},{\"@type\":\"BreadcrumbList\",\"@id\":\"https:\/\/www.dataslatitudes.com\/sosuniversal\/az\/ecran-principal\/mode-emploi-historique-enregistrement-audio\/#breadcrumb\",\"itemListElement\":[{\"@type\":\"ListItem\",\"position\":1,\"name\":\"T\u0259qdimat\",\"item\":\"https:\/\/www.dataslatitudes.com\/sosuniversal\/fr\/\"},{\"@type\":\"ListItem\",\"position\":2,\"name\":\"\u018fsas ekran\",\"item\":\"https:\/\/www.dataslatitudes.com\/sosuniversal\/ecran-principal\/\"},{\"@type\":\"ListItem\",\"position\":3,\"name\":\"Tarix v\u0259 s\u0259s yaz\u0131lar\u0131\"}]},{\"@type\":\"WebSite\",\"@id\":\"https:\/\/www.dataslatitudes.com\/sosuniversal\/az\/#website\",\"url\":\"https:\/\/www.dataslatitudes.com\/sosuniversal\/az\/\",\"name\":\"SOS Universal\",\"description\":\"\",\"publisher\":{\"@id\":\"https:\/\/www.dataslatitudes.com\/sosuniversal\/az\/#organization\"},\"potentialAction\":[{\"@type\":\"SearchAction\",\"target\":{\"@type\":\"EntryPoint\",\"urlTemplate\":\"https:\/\/www.dataslatitudes.com\/sosuniversal\/az\/?s={search_term_string}\"},\"query-input\":{\"@type\":\"PropertyValueSpecification\",\"valueRequired\":true,\"valueName\":\"search_term_string\"}}],\"inLanguage\":\"az\"},{\"@type\":\"Organization\",\"@id\":\"https:\/\/www.dataslatitudes.com\/sosuniversal\/az\/#organization\",\"name\":\"DATASLATITUDES\",\"url\":\"https:\/\/www.dataslatitudes.com\/sosuniversal\/az\/\",\"logo\":{\"@type\":\"ImageObject\",\"inLanguage\":\"az\",\"@id\":\"https:\/\/www.dataslatitudes.com\/sosuniversal\/az\/#\/schema\/logo\/image\/\",\"url\":\"https:\/\/www.dataslatitudes.com\/sosuniversal\/wp-content\/uploads\/2025\/07\/logo_mrdv.png\",\"contentUrl\":\"https:\/\/www.dataslatitudes.com\/sosuniversal\/wp-content\/uploads\/2025\/07\/logo_mrdv.png\",\"width\":72,\"height\":72,\"caption\":\"DATASLATITUDES\"},\"image\":{\"@id\":\"https:\/\/www.dataslatitudes.com\/sosuniversal\/az\/#\/schema\/logo\/image\/\"}}]}<\/script>\n<!-- \/ Yoast SEO plugin. -->","yoast_head_json":{"title":"Tarix v\u0259 s\u0259s yaz\u0131lar\u0131","description":"Son 50 g\u00f6nd\u0259ril\u0259n bildiri\u015f b\u00fct\u00fcn x\u00fcsusiyy\u0259tl\u0259ri il\u0259 tarix\u00e7\u0259d\u0259 saxlan\u0131l\u0131r. Smartfonun y\u00fckl\u0259m\u0259l\u0259r qovlu\u011funda 200-\u0259 q\u0259d\u0259r s\u0259s yaz\u0131s\u0131 saxlaya bil\u0259rsiniz. H\u0259r bir yaz\u0131 vaxt m\u00f6h\u00fcrl\u00fcd\u00fcr v\u0259 dinl\u0259nil\u0259, ad\u0131 d\u0259yi\u015fdiril\u0259 v\u0259 ya silin\u0259 bil\u0259r.","robots":{"index":"index","follow":"follow","max-snippet":"max-snippet:-1","max-image-preview":"max-image-preview:large","max-video-preview":"max-video-preview:-1"},"canonical":"X\u018fB\u018fRDARLIQLAR TAR\u0130X\u00c7\u018fS\u0130 Son 50 g\u00f6nd\u0259ril\u0259n bildiri\u015f b\u00fct\u00fcn x\u00fcsusiyy\u0259tl\u0259ri il\u0259 tarix\u00e7\u0259d\u0259 saxlan\u0131l\u0131r. (1) T\u0259l\u0259b olunan kontakt\u0131n ad\u0131 v\u0259 soyad\u0131(2) Bildiri\u015fin i\u015f\u0259 sal\u0131nma tarixi v\u0259 vaxt\u0131(3) Bildiri\u015fin m\u0259zmununu \u00fcmumil\u0259\u015fdir\u0259n piktoqramlar (n\u00fcmun\u0259d\u0259: telefon z\u0259ngi, co\u011frafi yerl\u0259\u015fm\u0259 v\u0259 \u00fcnvanla SMS g\u00f6nd\u0259rilm\u0259si, s\u0259s yaz\u0131s\u0131 v\u0259 s\u0259s siqnal\u0131)(4) Parametrl\u0259ri il\u0259 istifad\u0259 olunan bildiri\u015f rejimi(5) Bildiri\u015f tarix\u00e7\u0259sinin tamamil\u0259 silinm\u0259si Tarix YYYY-MM-DD format\u0131nda&hellip;","og_locale":"az_AZ","og_type":"article","og_title":"Tarix v\u0259 s\u0259s yaz\u0131lar\u0131","og_description":"Son 50 g\u00f6nd\u0259ril\u0259n bildiri\u015f b\u00fct\u00fcn x\u00fcsusiyy\u0259tl\u0259ri il\u0259 tarix\u00e7\u0259d\u0259 saxlan\u0131l\u0131r. Smartfonun y\u00fckl\u0259m\u0259l\u0259r qovlu\u011funda 200-\u0259 q\u0259d\u0259r s\u0259s yaz\u0131s\u0131 saxlaya bil\u0259rsiniz. H\u0259r bir yaz\u0131 vaxt m\u00f6h\u00fcrl\u00fcd\u00fcr v\u0259 dinl\u0259nil\u0259, ad\u0131 d\u0259yi\u015fdiril\u0259 v\u0259 ya silin\u0259 bil\u0259r.","og_url":"https:\/\/www.dataslatitudes.com\/sosuniversal\/az\/ecran-principal\/mode-emploi-historique-enregistrement-audio\/","og_site_name":"SOS Universal","article_modified_time":"2025-07-21T16:04:04+00:00","twitter_card":"summary_large_image","twitter_misc":{"Est. reading time":"2 minutes"},"schema":{"@context":"https:\/\/schema.org","@graph":[{"@type":"WebPage","@id":"https:\/\/www.dataslatitudes.com\/sosuniversal\/az\/ecran-principal\/mode-emploi-historique-enregistrement-audio\/","url":"https:\/\/www.dataslatitudes.com\/sosuniversal\/az\/ecran-principal\/mode-emploi-historique-enregistrement-audio\/","name":"Historique et enregistrements audios - SOS Universal","isPartOf":{"@id":"https:\/\/www.dataslatitudes.com\/sosuniversal\/#website"},"primaryImageOfPage":{"@id":"https:\/\/www.dataslatitudes.com\/sosuniversal\/az\/ecran-principal\/mode-emploi-historique-enregistrement-audio\/#primaryimage"},"image":{"@id":"https:\/\/www.dataslatitudes.com\/sosuniversal\/az\/ecran-principal\/mode-emploi-historique-enregistrement-audio\/#primaryimage"},"thumbnailUrl":"http:\/\/www.dataslatitudes.com\/sosuniversal\/wp-content\/uploads\/2025\/07\/fr_historique_alerte_puce-459x1024.webp","datePublished":"2025-06-13T07:09:52+00:00","dateModified":"2025-07-21T16:04:04+00:00","description":"Les 50 derni\u00e8res alertes \u00e9mises sont historis\u00e9es avec toutes leurs caract\u00e9ristiques. Vous pouvez conserver jusqu\u2019\u00e0 200 enregistrements audios qui sont stock\u00e9s dans le r\u00e9pertoire des t\u00e9l\u00e9chargements du smartphone. Chaque enregistrement est horodat\u00e9 et peut \u00eatre \u00e9cout\u00e9, renomm\u00e9 ou supprim\u00e9.","breadcrumb":{"@id":"https:\/\/www.dataslatitudes.com\/sosuniversal\/az\/ecran-principal\/mode-emploi-historique-enregistrement-audio\/#breadcrumb"},"inLanguage":"az","potentialAction":[{"@type":"ReadAction","target":["https:\/\/www.dataslatitudes.com\/sosuniversal\/az\/ecran-principal\/mode-emploi-historique-enregistrement-audio\/"]}]},{"@type":"ImageObject","inLanguage":"az","@id":"https:\/\/www.dataslatitudes.com\/sosuniversal\/az\/ecran-principal\/mode-emploi-historique-enregistrement-audio\/#primaryimage","url":"http:\/\/www.dataslatitudes.com\/sosuniversal\/wp-content\/uploads\/2025\/07\/fr_historique_alerte_puce-459x1024.webp","contentUrl":"http:\/\/www.dataslatitudes.com\/sosuniversal\/wp-content\/uploads\/2025\/07\/fr_historique_alerte_puce-459x1024.webp"},{"@type":"BreadcrumbList","@id":"https:\/\/www.dataslatitudes.com\/sosuniversal\/az\/ecran-principal\/mode-emploi-historique-enregistrement-audio\/#breadcrumb","itemListElement":[{"@type":"ListItem","position":1,"name":"T\u0259qdimat","item":"https:\/\/www.dataslatitudes.com\/sosuniversal\/fr\/"},{"@type":"ListItem","position":2,"name":"\u018fsas ekran","item":"https:\/\/www.dataslatitudes.com\/sosuniversal\/ecran-principal\/"},{"@type":"ListItem","position":3,"name":"Tarix v\u0259 s\u0259s yaz\u0131lar\u0131"}]},{"@type":"WebSite","@id":"https:\/\/www.dataslatitudes.com\/sosuniversal\/az\/#website","url":"https:\/\/www.dataslatitudes.com\/sosuniversal\/az\/","name":"SOS Universal","description":"","publisher":{"@id":"https:\/\/www.dataslatitudes.com\/sosuniversal\/az\/#organization"},"potentialAction":[{"@type":"SearchAction","target":{"@type":"EntryPoint","urlTemplate":"https:\/\/www.dataslatitudes.com\/sosuniversal\/az\/?s={search_term_string}"},"query-input":{"@type":"PropertyValueSpecification","valueRequired":true,"valueName":"search_term_string"}}],"inLanguage":"az"},{"@type":"Organization","@id":"https:\/\/www.dataslatitudes.com\/sosuniversal\/az\/#organization","name":"DATASLATITUDES","url":"https:\/\/www.dataslatitudes.com\/sosuniversal\/az\/","logo":{"@type":"ImageObject","inLanguage":"az","@id":"https:\/\/www.dataslatitudes.com\/sosuniversal\/az\/#\/schema\/logo\/image\/","url":"https:\/\/www.dataslatitudes.com\/sosuniversal\/wp-content\/uploads\/2025\/07\/logo_mrdv.png","contentUrl":"https:\/\/www.dataslatitudes.com\/sosuniversal\/wp-content\/uploads\/2025\/07\/logo_mrdv.png","width":72,"height":72,"caption":"DATASLATITUDES"},"image":{"@id":"https:\/\/www.dataslatitudes.com\/sosuniversal\/az\/#\/schema\/logo\/image\/"}}]}},"_links":{"self":[{"href":"https:\/\/www.dataslatitudes.com\/sosuniversal\/az\/wp-json\/wp\/v2\/pages\/246","targetHints":{"allow":["GET"]}}],"collection":[{"href":"https:\/\/www.dataslatitudes.com\/sosuniversal\/az\/wp-json\/wp\/v2\/pages"}],"about":[{"href":"https:\/\/www.dataslatitudes.com\/sosuniversal\/az\/wp-json\/wp\/v2\/types\/page"}],"author":[{"embeddable":true,"href":"https:\/\/www.dataslatitudes.com\/sosuniversal\/az\/wp-json\/wp\/v2\/users\/1"}],"replies":[{"embeddable":true,"href":"https:\/\/www.dataslatitudes.com\/sosuniversal\/az\/wp-json\/wp\/v2\/comments?post=246"}],"version-history":[{"count":24,"href":"https:\/\/www.dataslatitudes.com\/sosuniversal\/az\/wp-json\/wp\/v2\/pages\/246\/revisions"}],"predecessor-version":[{"id":1054,"href":"https:\/\/www.dataslatitudes.com\/sosuniversal\/az\/wp-json\/wp\/v2\/pages\/246\/revisions\/1054"}],"up":[{"embeddable":true,"href":"https:\/\/www.dataslatitudes.com\/sosuniversal\/az\/wp-json\/wp\/v2\/pages\/14"}],"wp:attachment":[{"href":"https:\/\/www.dataslatitudes.com\/sosuniversal\/az\/wp-json\/wp\/v2\/media?parent=246"}],"curies":[{"name":"wp","href":"https:\/\/api.w.org\/{rel}","templated":true}]}}