{"id":187,"date":"2025-06-12T17:37:24","date_gmt":"2025-06-12T17:37:24","guid":{"rendered":"https:\/\/www.dataslatitudes.com\/sosuniversal\/index.php\/mode-demploi\/"},"modified":"2025-07-21T15:59:54","modified_gmt":"2025-07-21T15:59:54","slug":"mode-emploi-contact","status":"publish","type":"page","link":"https:\/\/www.dataslatitudes.com\/sosuniversal\/az\/ecran-principal\/mode-emploi-contact\/","title":{"rendered":"Kontaktlar\u0131n idar\u0259 edilm\u0259si"},"content":{"rendered":"\r\n<p class=\"has-small-font-size\" style=\"border-style:none;border-width:0px\"><\/p>\r\n\r\n\r\n\r\n<h1 class=\"wp-block-heading has-text-align-center has-medium-font-size\"><strong>KONTAKTLARIN \u0130DAR\u018f ED\u0130LM\u018fS\u0130<\/strong><\/h1>\r\n\r\n\r\n\r\n<p style=\"font-size:1rem\">Kontaktlar, bir x\u0259b\u0259rdarl\u0131q i\u015f\u0259 sal\u0131nd\u0131qda (telefon z\u0259ngi v\u0259 ya SMS il\u0259) x\u0259b\u0259rdar edil\u0259n v\u0259 ya t\u0259l\u0259b olunan se\u00e7diyiniz etibarl\u0131 \u015f\u0259xsl\u0259rdir.<\/p>\r\n\r\n\r\n\r\n<div class=\"wp-block-columns are-vertically-aligned-center is-layout-flex wp-container-core-columns-is-layout-c0b51a3c wp-block-columns-is-layout-flex\" style=\"margin-top:0;margin-bottom:0;padding-top:0;padding-bottom:0\">\r\n<div class=\"wp-block-column is-vertically-aligned-center is-layout-flow wp-block-column-is-layout-flow\" style=\"flex-basis:33.33%\">\r\n<figure class=\"wp-block-image aligncenter size-large is-resized\"><img decoding=\"async\" src=\"http:\/\/www.dataslatitudes.com\/sosuniversal\/wp-content\/uploads\/az_contact_gestion_puce-459x1024.webp\" alt=\"SOS Universal - kontaktlar\u0131n idar\u0259 edilm\u0259si\" class=\"wp-image-265\" style=\"width:260px\"\/><\/figure>\r\n<\/div>\r\n\r\n\r\n\r\n<div class=\"wp-block-column is-vertically-aligned-center is-layout-flow wp-container-core-column-is-layout-b2a27621 wp-block-column-is-layout-flow\" style=\"padding-top:0;padding-right:0;padding-bottom:0;padding-left:0;flex-basis:66.66%\">\r\n<p style=\"margin-top:var(--wp--preset--spacing--20);margin-bottom:var(--wp--preset--spacing--20);font-size:1rem\">(1) \u00dcmumi menyuya giri\u015f<\/p>\r\n\r\n\r\n\r\n<p style=\"margin-top:var(--wp--preset--spacing--20);margin-bottom:var(--wp--preset--spacing--20);font-size:1rem\">(2) Qeyd edilmi\u015f kontaktlar\u0131n siyah\u0131s\u0131:<br>&#8211; kontakt m\u00fcv\u0259qq\u0259ti olaraq qeyri-aktiv etm\u0259k \u00fc\u00e7\u00fcn (sad\u0259 bir klikl\u0259) \u00fcst\u00fcnd\u0259n x\u0259tt \u00e7\u0259kilir (burada n\u00fcmun\u0259: Jean Dupond). \u0130kinci bir klik onu yenid\u0259n aktivl\u0259\u015fdirm\u0259y\u0259 imkan verir.<br>&#8211; ya\u015f\u0131l ni\u015fan (i) kontakt\u0131n bildiri\u015fl\u0259 t\u0259l\u0259b oluna bil\u0259c\u0259yi bar\u0259d\u0259 m\u0259lumatland\u0131r\u0131ld\u0131\u011f\u0131n\u0131 g\u00f6st\u0259rir.<br>&#8211; q\u0131rm\u0131z\u0131 ni\u015fan (x) kontakt\u0131n h\u0259l\u0259 m\u0259lumatland\u0131r\u0131lmad\u0131\u011f\u0131n\u0131 g\u00f6st\u0259rir.<\/p>\r\n\r\n\r\n\r\n<p style=\"margin-top:var(--wp--preset--spacing--20);margin-bottom:var(--wp--preset--spacing--20);font-size:1rem;text-decoration:underline\">Qeyd: Bildiri\u015f zaman\u0131 istifad\u0259 edil\u0259 bilm\u0259si \u00fc\u00e7\u00fcn kontakt aktiv olmal\u0131 V\u018f m\u0259lumatland\u0131r\u0131lmal\u0131d\u0131r.<\/p>\r\n\r\n\r\n\r\n<p style=\"margin-top:var(--wp--preset--spacing--20);margin-bottom:var(--wp--preset--spacing--20);font-size:1rem\">(9) Ekran\u0131n a\u015fa\u011f\u0131 hiss\u0259sind\u0259 aktiv kontaktlar\u0131n say\u0131n\u0131n x\u00fclas\u0259si m\u00f6vcuddur.<\/p>\r\n\r\n\r\n\r\n<p style=\"padding-top:0;padding-bottom:0;font-size:1rem\">(7) Kontakt\u0131n silinm\u0259si<br>(8) Kontakt\u0131n d\u0259yi\u015fdirilm\u0259si<\/p>\r\n<\/div>\r\n<\/div>\r\n\r\n\r\n\r\n<p class=\"has-small-font-size\"><\/p>\r\n\r\n\r\n\r\n<div class=\"wp-block-columns is-layout-flex wp-container-core-columns-is-layout-ea9f20df wp-block-columns-is-layout-flex\" style=\"margin-top:0;margin-bottom:0;padding-top:var(--wp--preset--spacing--30);padding-right:0;padding-bottom:var(--wp--preset--spacing--30);padding-left:0\">\r\n<div class=\"wp-block-column is-vertically-aligned-top is-layout-flow wp-block-column-is-layout-flow\" style=\"padding-top:0;padding-bottom:0\">\r\n<h2 class=\"wp-block-heading has-text-align-center\" style=\"margin-top:0;margin-bottom:0;font-size:1rem\">(3)(8) \u018flav\u0259 et \/ D\u0259yi\u015fdir<\/h2>\r\n\r\n\r\n\r\n<figure class=\"wp-block-image aligncenter size-large is-resized\" style=\"margin-top:0;margin-bottom:0\"><img decoding=\"async\" src=\"http:\/\/www.dataslatitudes.com\/sosuniversal\/wp-content\/uploads\/az_contact_ajout_modification-459x1024.webp\" alt=\"SOS Universal - kontakt \u0259lav\u0259 et v\u0259 ya d\u0259yi\u015fdir\" class=\"wp-image-761\" style=\"width:260px\"\/><\/figure>\r\n\r\n\r\n\r\n<p class=\"has-text-align-center\" style=\"margin-top:0;margin-bottom:0;font-size:1rem\">\u015e\u0259xsi mesaj standart SMS mesaj\u0131n\u0131 \u0259v\u0259z edir.<br><strong>Qeyd: <\/strong>bir \u00e7ox \u00f6lk\u0259d\u0259 q\u00fcvv\u0259d\u0259 olan qaydalara uy\u011fun olmaq \u00fc\u00e7\u00fcn r\u0259smi t\u0259cili yard\u0131m n\u00f6mr\u0259l\u0259ri (m\u0259s\u0259l\u0259n: 17, 18, 112, 911 v\u0259 s.) qada\u011fand\u0131r.<br>Tarix YYYY-MM-DD format\u0131nda (beyn\u0259lxalq ISO 8601 standart\u0131) ifad\u0259 olunur.<\/p>\r\n\r\n\r\n\r\n<p style=\"margin-top:var(--wp--preset--spacing--40);margin-bottom:var(--wp--preset--spacing--40)\"><\/p>\r\n<\/div>\r\n\r\n\r\n\r\n<div class=\"wp-block-column is-vertically-aligned-top is-layout-flow wp-container-core-column-is-layout-15d35364 wp-block-column-is-layout-flow\" style=\"padding-top:0;padding-bottom:0\">\r\n<h2 class=\"wp-block-heading has-text-align-center\" style=\"margin-top:0;margin-bottom:0;font-size:1rem\">(4) Smartfon kontaktlar\u0131ndan \u0259lav\u0259 et<\/h2>\r\n\r\n\r\n\r\n<figure class=\"wp-block-image aligncenter size-large is-resized\" style=\"margin-top:0;margin-bottom:0\"><img decoding=\"async\" src=\"http:\/\/www.dataslatitudes.com\/sosuniversal\/wp-content\/uploads\/az_contact_ajout_smartphone-459x1024.webp\" alt=\"SOS Universal - \u00fcnvan kitab\u00e7as\u0131ndan kontakt \u0259lav\u0259 et\" class=\"wp-image-697\" style=\"width:260px\"\/><\/figure>\r\n\r\n\r\n\r\n<p class=\"has-text-align-center\" style=\"margin-top:0;margin-bottom:0;font-size:1rem\">Smartfon kontaktlar\u0131nda axtar\u0131\u015f etm\u0259k m\u00fcmk\u00fcnd\u00fcr.<\/p>\r\n\r\n\r\n\r\n<p style=\"margin-top:var(--wp--preset--spacing--40);margin-bottom:var(--wp--preset--spacing--40)\"><\/p>\r\n<\/div>\r\n\r\n\r\n\r\n<div class=\"wp-block-column is-vertically-aligned-top is-layout-flow wp-container-core-column-is-layout-47e5a185 wp-block-column-is-layout-flow\">\r\n<h2 class=\"wp-block-heading has-text-align-center\" style=\"margin-top:0;margin-bottom:0;font-size:1rem\">(5) Kontaktlar\u0131 prioritetl\u0259\u015fdirin<\/h2>\r\n\r\n\r\n\r\n<figure class=\"wp-block-image aligncenter size-large is-resized\" style=\"margin-top:0;margin-bottom:0\"><img decoding=\"async\" src=\"http:\/\/www.dataslatitudes.com\/sosuniversal\/wp-content\/uploads\/az_contact_priorisation-459x1024.webp\" alt=\"SOS Universal - kontaktlar\u0131n prioritetl\u0259\u015fdirilm\u0259si\" class=\"wp-image-275\" style=\"width:260px\"\/><\/figure>\r\n\r\n\r\n\r\n<p class=\"has-text-align-center\" style=\"font-size:1rem\">Kontaktlar s\u00fcr\u00fc\u015fd\u00fcr\u0259r\u0259k \/ s\u00fcr\u00fc\u015fd\u00fcr\u0259r\u0259k prioritetl\u0259\u015fdirilir.<\/p>\r\n\r\n\r\n\r\n<p style=\"margin-top:var(--wp--preset--spacing--30);margin-bottom:var(--wp--preset--spacing--30)\"><\/p>\r\n<\/div>\r\n\r\n\r\n\r\n<div class=\"wp-block-column is-layout-flow wp-container-core-column-is-layout-47e5a185 wp-block-column-is-layout-flow\">\r\n<h2 class=\"wp-block-heading has-text-align-center\" style=\"margin-top:0;margin-bottom:0;font-size:1rem\">(6) M\u0259lumat verin<\/h2>\r\n\r\n\r\n\r\n<figure class=\"wp-block-image aligncenter size-large is-resized\" style=\"margin-top:0;margin-bottom:0\"><img decoding=\"async\" src=\"http:\/\/www.dataslatitudes.com\/sosuniversal\/wp-content\/uploads\/az_contact_information-459x1024.webp\" alt=\"SOS Universal - kontaktlar\u0131n m\u0259lumatland\u0131r\u0131lmas\u0131\" class=\"wp-image-274\" style=\"width:260px\"\/><\/figure>\r\n\r\n\r\n\r\n<p class=\"has-text-align-center\" style=\"font-size:1rem\">\u018flav\u0259 mesaj m\u0259cburidir<\/p>\r\n\r\n\r\n\r\n<p style=\"margin-top:var(--wp--preset--spacing--40);margin-bottom:var(--wp--preset--spacing--40)\"><\/p>\r\n<\/div>\r\n<\/div>\r\n","protected":false},"excerpt":{"rendered":"<p>KONTAKTLARIN \u0130DAR\u018f ED\u0130LM\u018fS\u0130 Kontaktlar, bir x\u0259b\u0259rdarl\u0131q i\u015f\u0259 sal\u0131nd\u0131qda (telefon z\u0259ngi v\u0259 ya SMS il\u0259) x\u0259b\u0259rdar edil\u0259n v\u0259 ya t\u0259l\u0259b olunan [&hellip;]<\/p>\n","protected":false},"author":1,"featured_media":0,"parent":14,"menu_order":1,"comment_status":"closed","ping_status":"closed","template":"","meta":{"site-sidebar-layout":"default","site-content-layout":"","ast-site-content-layout":"","site-content-style":"default","site-sidebar-style":"default","ast-global-header-display":"","ast-banner-title-visibility":"","ast-main-header-display":"","ast-hfb-above-header-display":"","ast-hfb-below-header-display":"","ast-hfb-mobile-header-display":"","site-post-title":"disabled","ast-breadcrumbs-content":"","ast-featured-img":"","footer-sml-layout":"","theme-transparent-header-meta":"","adv-header-id-meta":"","stick-header-meta":"","header-above-stick-meta":"","header-main-stick-meta":"","header-below-stick-meta":"","astra-migrate-meta-layouts":"default","ast-page-background-enabled":"default","ast-page-background-meta":{"desktop":{"background-color":"var(--ast-global-color-5)","background-image":"","background-repeat":"repeat","background-position":"center center","background-size":"auto","background-attachment":"scroll","background-type":"","background-media":"","overlay-type":"","overlay-color":"","overlay-opacity":"","overlay-gradient":""},"tablet":{"background-color":"","background-image":"","background-repeat":"repeat","background-position":"center center","background-size":"auto","background-attachment":"scroll","background-type":"","background-media":"","overlay-type":"","overlay-color":"","overlay-opacity":"","overlay-gradient":""},"mobile":{"background-color":"","background-image":"","background-repeat":"repeat","background-position":"center center","background-size":"auto","background-attachment":"scroll","background-type":"","background-media":"","overlay-type":"","overlay-color":"","overlay-opacity":"","overlay-gradient":""}},"ast-content-background-meta":{"desktop":{"background-color":"var(--ast-global-color-4)","background-image":"","background-repeat":"repeat","background-position":"center center","background-size":"auto","background-attachment":"scroll","background-type":"","background-media":"","overlay-type":"","overlay-color":"","overlay-opacity":"","overlay-gradient":""},"tablet":{"background-color":"var(--ast-global-color-4)","background-image":"","background-repeat":"repeat","background-position":"center center","background-size":"auto","background-attachment":"scroll","background-type":"","background-media":"","overlay-type":"","overlay-color":"","overlay-opacity":"","overlay-gradient":""},"mobile":{"background-color":"var(--ast-global-color-4)","background-image":"","background-repeat":"repeat","background-position":"center center","background-size":"auto","background-attachment":"scroll","background-type":"","background-media":"","overlay-type":"","overlay-color":"","overlay-opacity":"","overlay-gradient":""}},"footnotes":""},"class_list":["post-187","page","type-page","status-publish","hentry"],"yoast_head":"<!-- This site is optimized with the Yoast SEO plugin v25.6 - https:\/\/yoast.com\/wordpress\/plugins\/seo\/ -->\n<title>Kontaktlar\u0131n idar\u0259 edilm\u0259si<\/title>\n<meta name=\"description\" content=\"Kontaktlar, bir x\u0259b\u0259rdarl\u0131q i\u015f\u0259 sal\u0131nd\u0131qda (telefon z\u0259ngi v\u0259 ya SMS il\u0259) x\u0259b\u0259rdar edil\u0259n v\u0259 ya t\u0259l\u0259b olunan se\u00e7diyiniz etibarl\u0131 \u015f\u0259xsl\u0259rdir. Smartfonun \u00fcnvan kitab\u00e7as\u0131ndan kontaktlar\u0131 b\u0259rpa etm\u0259k m\u00fcmk\u00fcnd\u00fcr. Kontaktlar prioritetl\u0259\u015fdiril\u0259 bil\u0259r v\u0259 onlar m\u0259lumatland\u0131r\u0131l\u0131r. Bir kontakt m\u00fcv\u0259qq\u0259ti olaraq deaktiv edil\u0259 bil\u0259r.\" \/>\n<meta name=\"robots\" content=\"index, follow, max-snippet:-1, max-image-preview:large, max-video-preview:-1\" \/>\n<link rel=\"canonical\" href=\"\" \/>\n<meta property=\"og:locale\" content=\"az_AZ\" \/>\n<meta property=\"og:type\" content=\"article\" \/>\n<meta property=\"og:title\" content=\"Kontaktlar\u0131n idar\u0259 edilm\u0259si\" \/>\n<meta property=\"og:description\" content=\"Kontaktlar, bir x\u0259b\u0259rdarl\u0131q i\u015f\u0259 sal\u0131nd\u0131qda (telefon z\u0259ngi v\u0259 ya SMS il\u0259) x\u0259b\u0259rdar edil\u0259n v\u0259 ya t\u0259l\u0259b olunan se\u00e7diyiniz etibarl\u0131 \u015f\u0259xsl\u0259rdir. Smartfonun \u00fcnvan kitab\u00e7as\u0131ndan kontaktlar\u0131 b\u0259rpa etm\u0259k m\u00fcmk\u00fcnd\u00fcr. Kontaktlar prioritetl\u0259\u015fdiril\u0259 bil\u0259r v\u0259 onlar m\u0259lumatland\u0131r\u0131l\u0131r. Bir kontakt m\u00fcv\u0259qq\u0259ti olaraq deaktiv edil\u0259 bil\u0259r.\" \/>\n<meta property=\"og:url\" content=\"https:\/\/www.dataslatitudes.com\/sosuniversal\/az\/ecran-principal\/mode-emploi-contact\/\" \/>\n<meta property=\"og:site_name\" content=\"SOS Universal\" \/>\n<meta property=\"article:modified_time\" content=\"2025-07-21T15:59:54+00:00\" \/>\n<meta name=\"twitter:card\" content=\"summary_large_image\" \/>\n<meta name=\"twitter:label1\" content=\"Est. reading time\" \/>\n\t<meta name=\"twitter:data1\" content=\"3 minutes\" \/>\n<script type=\"application\/ld+json\" class=\"yoast-schema-graph\">{\"@context\":\"https:\/\/schema.org\",\"@graph\":[{\"@type\":\"WebPage\",\"@id\":\"https:\/\/www.dataslatitudes.com\/sosuniversal\/az\/ecran-principal\/mode-emploi-contact\/\",\"url\":\"https:\/\/www.dataslatitudes.com\/sosuniversal\/az\/ecran-principal\/mode-emploi-contact\/\",\"name\":\"Gestion des contacts - SOS Universal\",\"isPartOf\":{\"@id\":\"https:\/\/www.dataslatitudes.com\/sosuniversal\/#website\"},\"primaryImageOfPage\":{\"@id\":\"https:\/\/www.dataslatitudes.com\/sosuniversal\/az\/ecran-principal\/mode-emploi-contact\/#primaryimage\"},\"image\":{\"@id\":\"https:\/\/www.dataslatitudes.com\/sosuniversal\/az\/ecran-principal\/mode-emploi-contact\/#primaryimage\"},\"thumbnailUrl\":\"http:\/\/www.dataslatitudes.com\/sosuniversal\/wp-content\/uploads\/2025\/07\/fr_contact_gestion_puce-459x1024.webp\",\"datePublished\":\"2025-06-12T17:37:24+00:00\",\"dateModified\":\"2025-07-21T15:59:54+00:00\",\"description\":\"Les contacts sont les personnes de confiance de votre choix qui sont pr\u00e9venues ou sollicit\u00e9es (par appel t\u00e9l\u00e9phonique ou par SMS) lorsqu\u2019une alerte est d\u00e9clench\u00e9e. Il est possible de r\u00e9cup\u00e9rer ceux du carnet d'adresses du smartphone. Les contacts peuvent \u00eatre prioris\u00e9s et ils sont inform\u00e9s. Un contact peut \u00eatre d\u00e9sactiv\u00e9 momentan\u00e9ment.\",\"breadcrumb\":{\"@id\":\"https:\/\/www.dataslatitudes.com\/sosuniversal\/az\/ecran-principal\/mode-emploi-contact\/#breadcrumb\"},\"inLanguage\":\"az\",\"potentialAction\":[{\"@type\":\"ReadAction\",\"target\":[\"https:\/\/www.dataslatitudes.com\/sosuniversal\/az\/ecran-principal\/mode-emploi-contact\/\"]}]},{\"@type\":\"ImageObject\",\"inLanguage\":\"az\",\"@id\":\"https:\/\/www.dataslatitudes.com\/sosuniversal\/az\/ecran-principal\/mode-emploi-contact\/#primaryimage\",\"url\":\"http:\/\/www.dataslatitudes.com\/sosuniversal\/wp-content\/uploads\/2025\/07\/fr_contact_gestion_puce-459x1024.webp\",\"contentUrl\":\"http:\/\/www.dataslatitudes.com\/sosuniversal\/wp-content\/uploads\/2025\/07\/fr_contact_gestion_puce-459x1024.webp\"},{\"@type\":\"BreadcrumbList\",\"@id\":\"https:\/\/www.dataslatitudes.com\/sosuniversal\/az\/ecran-principal\/mode-emploi-contact\/#breadcrumb\",\"itemListElement\":[{\"@type\":\"ListItem\",\"position\":1,\"name\":\"T\u0259qdimat\",\"item\":\"https:\/\/www.dataslatitudes.com\/sosuniversal\/fr\/\"},{\"@type\":\"ListItem\",\"position\":2,\"name\":\"\u018fsas ekran\",\"item\":\"https:\/\/www.dataslatitudes.com\/sosuniversal\/ecran-principal\/\"},{\"@type\":\"ListItem\",\"position\":3,\"name\":\"Kontaktlar\u0131n idar\u0259 edilm\u0259si\"}]},{\"@type\":\"WebSite\",\"@id\":\"https:\/\/www.dataslatitudes.com\/sosuniversal\/az\/#website\",\"url\":\"https:\/\/www.dataslatitudes.com\/sosuniversal\/az\/\",\"name\":\"SOS Universal\",\"description\":\"\",\"publisher\":{\"@id\":\"https:\/\/www.dataslatitudes.com\/sosuniversal\/az\/#organization\"},\"potentialAction\":[{\"@type\":\"SearchAction\",\"target\":{\"@type\":\"EntryPoint\",\"urlTemplate\":\"https:\/\/www.dataslatitudes.com\/sosuniversal\/az\/?s={search_term_string}\"},\"query-input\":{\"@type\":\"PropertyValueSpecification\",\"valueRequired\":true,\"valueName\":\"search_term_string\"}}],\"inLanguage\":\"az\"},{\"@type\":\"Organization\",\"@id\":\"https:\/\/www.dataslatitudes.com\/sosuniversal\/az\/#organization\",\"name\":\"DATASLATITUDES\",\"url\":\"https:\/\/www.dataslatitudes.com\/sosuniversal\/az\/\",\"logo\":{\"@type\":\"ImageObject\",\"inLanguage\":\"az\",\"@id\":\"https:\/\/www.dataslatitudes.com\/sosuniversal\/az\/#\/schema\/logo\/image\/\",\"url\":\"https:\/\/www.dataslatitudes.com\/sosuniversal\/wp-content\/uploads\/2025\/07\/logo_mrdv.png\",\"contentUrl\":\"https:\/\/www.dataslatitudes.com\/sosuniversal\/wp-content\/uploads\/2025\/07\/logo_mrdv.png\",\"width\":72,\"height\":72,\"caption\":\"DATASLATITUDES\"},\"image\":{\"@id\":\"https:\/\/www.dataslatitudes.com\/sosuniversal\/az\/#\/schema\/logo\/image\/\"}}]}<\/script>\n<!-- \/ Yoast SEO plugin. -->","yoast_head_json":{"title":"Kontaktlar\u0131n idar\u0259 edilm\u0259si","description":"Kontaktlar, bir x\u0259b\u0259rdarl\u0131q i\u015f\u0259 sal\u0131nd\u0131qda (telefon z\u0259ngi v\u0259 ya SMS il\u0259) x\u0259b\u0259rdar edil\u0259n v\u0259 ya t\u0259l\u0259b olunan se\u00e7diyiniz etibarl\u0131 \u015f\u0259xsl\u0259rdir. Smartfonun \u00fcnvan kitab\u00e7as\u0131ndan kontaktlar\u0131 b\u0259rpa etm\u0259k m\u00fcmk\u00fcnd\u00fcr. Kontaktlar prioritetl\u0259\u015fdiril\u0259 bil\u0259r v\u0259 onlar m\u0259lumatland\u0131r\u0131l\u0131r. Bir kontakt m\u00fcv\u0259qq\u0259ti olaraq deaktiv edil\u0259 bil\u0259r.","robots":{"index":"index","follow":"follow","max-snippet":"max-snippet:-1","max-image-preview":"max-image-preview:large","max-video-preview":"max-video-preview:-1"},"canonical":"KONTAKTLARIN \u0130DAR\u018f ED\u0130LM\u018fS\u0130 Kontaktlar, bir x\u0259b\u0259rdarl\u0131q i\u015f\u0259 sal\u0131nd\u0131qda (telefon z\u0259ngi v\u0259 ya SMS il\u0259) x\u0259b\u0259rdar edil\u0259n v\u0259 ya t\u0259l\u0259b olunan se\u00e7diyiniz etibarl\u0131 \u015f\u0259xsl\u0259rdir. (1) \u00dcmumi menyuya giri\u015f (2) Qeyd edilmi\u015f kontaktlar\u0131n siyah\u0131s\u0131:- kontakt m\u00fcv\u0259qq\u0259ti olaraq qeyri-aktiv etm\u0259k \u00fc\u00e7\u00fcn (sad\u0259 bir klikl\u0259) \u00fcst\u00fcnd\u0259n x\u0259tt \u00e7\u0259kilir (burada n\u00fcmun\u0259: Jean Dupond). \u0130kinci bir klik onu yenid\u0259n aktivl\u0259\u015fdirm\u0259y\u0259 imkan&hellip;","og_locale":"az_AZ","og_type":"article","og_title":"Kontaktlar\u0131n idar\u0259 edilm\u0259si","og_description":"Kontaktlar, bir x\u0259b\u0259rdarl\u0131q i\u015f\u0259 sal\u0131nd\u0131qda (telefon z\u0259ngi v\u0259 ya SMS il\u0259) x\u0259b\u0259rdar edil\u0259n v\u0259 ya t\u0259l\u0259b olunan se\u00e7diyiniz etibarl\u0131 \u015f\u0259xsl\u0259rdir. Smartfonun \u00fcnvan kitab\u00e7as\u0131ndan kontaktlar\u0131 b\u0259rpa etm\u0259k m\u00fcmk\u00fcnd\u00fcr. Kontaktlar prioritetl\u0259\u015fdiril\u0259 bil\u0259r v\u0259 onlar m\u0259lumatland\u0131r\u0131l\u0131r. Bir kontakt m\u00fcv\u0259qq\u0259ti olaraq deaktiv edil\u0259 bil\u0259r.","og_url":"https:\/\/www.dataslatitudes.com\/sosuniversal\/az\/ecran-principal\/mode-emploi-contact\/","og_site_name":"SOS Universal","article_modified_time":"2025-07-21T15:59:54+00:00","twitter_card":"summary_large_image","twitter_misc":{"Est. reading time":"3 minutes"},"schema":{"@context":"https:\/\/schema.org","@graph":[{"@type":"WebPage","@id":"https:\/\/www.dataslatitudes.com\/sosuniversal\/az\/ecran-principal\/mode-emploi-contact\/","url":"https:\/\/www.dataslatitudes.com\/sosuniversal\/az\/ecran-principal\/mode-emploi-contact\/","name":"Gestion des contacts - SOS Universal","isPartOf":{"@id":"https:\/\/www.dataslatitudes.com\/sosuniversal\/#website"},"primaryImageOfPage":{"@id":"https:\/\/www.dataslatitudes.com\/sosuniversal\/az\/ecran-principal\/mode-emploi-contact\/#primaryimage"},"image":{"@id":"https:\/\/www.dataslatitudes.com\/sosuniversal\/az\/ecran-principal\/mode-emploi-contact\/#primaryimage"},"thumbnailUrl":"http:\/\/www.dataslatitudes.com\/sosuniversal\/wp-content\/uploads\/2025\/07\/fr_contact_gestion_puce-459x1024.webp","datePublished":"2025-06-12T17:37:24+00:00","dateModified":"2025-07-21T15:59:54+00:00","description":"Les contacts sont les personnes de confiance de votre choix qui sont pr\u00e9venues ou sollicit\u00e9es (par appel t\u00e9l\u00e9phonique ou par SMS) lorsqu\u2019une alerte est d\u00e9clench\u00e9e. Il est possible de r\u00e9cup\u00e9rer ceux du carnet d'adresses du smartphone. Les contacts peuvent \u00eatre prioris\u00e9s et ils sont inform\u00e9s. Un contact peut \u00eatre d\u00e9sactiv\u00e9 momentan\u00e9ment.","breadcrumb":{"@id":"https:\/\/www.dataslatitudes.com\/sosuniversal\/az\/ecran-principal\/mode-emploi-contact\/#breadcrumb"},"inLanguage":"az","potentialAction":[{"@type":"ReadAction","target":["https:\/\/www.dataslatitudes.com\/sosuniversal\/az\/ecran-principal\/mode-emploi-contact\/"]}]},{"@type":"ImageObject","inLanguage":"az","@id":"https:\/\/www.dataslatitudes.com\/sosuniversal\/az\/ecran-principal\/mode-emploi-contact\/#primaryimage","url":"http:\/\/www.dataslatitudes.com\/sosuniversal\/wp-content\/uploads\/2025\/07\/fr_contact_gestion_puce-459x1024.webp","contentUrl":"http:\/\/www.dataslatitudes.com\/sosuniversal\/wp-content\/uploads\/2025\/07\/fr_contact_gestion_puce-459x1024.webp"},{"@type":"BreadcrumbList","@id":"https:\/\/www.dataslatitudes.com\/sosuniversal\/az\/ecran-principal\/mode-emploi-contact\/#breadcrumb","itemListElement":[{"@type":"ListItem","position":1,"name":"T\u0259qdimat","item":"https:\/\/www.dataslatitudes.com\/sosuniversal\/fr\/"},{"@type":"ListItem","position":2,"name":"\u018fsas ekran","item":"https:\/\/www.dataslatitudes.com\/sosuniversal\/ecran-principal\/"},{"@type":"ListItem","position":3,"name":"Kontaktlar\u0131n idar\u0259 edilm\u0259si"}]},{"@type":"WebSite","@id":"https:\/\/www.dataslatitudes.com\/sosuniversal\/az\/#website","url":"https:\/\/www.dataslatitudes.com\/sosuniversal\/az\/","name":"SOS Universal","description":"","publisher":{"@id":"https:\/\/www.dataslatitudes.com\/sosuniversal\/az\/#organization"},"potentialAction":[{"@type":"SearchAction","target":{"@type":"EntryPoint","urlTemplate":"https:\/\/www.dataslatitudes.com\/sosuniversal\/az\/?s={search_term_string}"},"query-input":{"@type":"PropertyValueSpecification","valueRequired":true,"valueName":"search_term_string"}}],"inLanguage":"az"},{"@type":"Organization","@id":"https:\/\/www.dataslatitudes.com\/sosuniversal\/az\/#organization","name":"DATASLATITUDES","url":"https:\/\/www.dataslatitudes.com\/sosuniversal\/az\/","logo":{"@type":"ImageObject","inLanguage":"az","@id":"https:\/\/www.dataslatitudes.com\/sosuniversal\/az\/#\/schema\/logo\/image\/","url":"https:\/\/www.dataslatitudes.com\/sosuniversal\/wp-content\/uploads\/2025\/07\/logo_mrdv.png","contentUrl":"https:\/\/www.dataslatitudes.com\/sosuniversal\/wp-content\/uploads\/2025\/07\/logo_mrdv.png","width":72,"height":72,"caption":"DATASLATITUDES"},"image":{"@id":"https:\/\/www.dataslatitudes.com\/sosuniversal\/az\/#\/schema\/logo\/image\/"}}]}},"_links":{"self":[{"href":"https:\/\/www.dataslatitudes.com\/sosuniversal\/az\/wp-json\/wp\/v2\/pages\/187","targetHints":{"allow":["GET"]}}],"collection":[{"href":"https:\/\/www.dataslatitudes.com\/sosuniversal\/az\/wp-json\/wp\/v2\/pages"}],"about":[{"href":"https:\/\/www.dataslatitudes.com\/sosuniversal\/az\/wp-json\/wp\/v2\/types\/page"}],"author":[{"embeddable":true,"href":"https:\/\/www.dataslatitudes.com\/sosuniversal\/az\/wp-json\/wp\/v2\/users\/1"}],"replies":[{"embeddable":true,"href":"https:\/\/www.dataslatitudes.com\/sosuniversal\/az\/wp-json\/wp\/v2\/comments?post=187"}],"version-history":[{"count":47,"href":"https:\/\/www.dataslatitudes.com\/sosuniversal\/az\/wp-json\/wp\/v2\/pages\/187\/revisions"}],"predecessor-version":[{"id":1050,"href":"https:\/\/www.dataslatitudes.com\/sosuniversal\/az\/wp-json\/wp\/v2\/pages\/187\/revisions\/1050"}],"up":[{"embeddable":true,"href":"https:\/\/www.dataslatitudes.com\/sosuniversal\/az\/wp-json\/wp\/v2\/pages\/14"}],"wp:attachment":[{"href":"https:\/\/www.dataslatitudes.com\/sosuniversal\/az\/wp-json\/wp\/v2\/media?parent=187"}],"curies":[{"name":"wp","href":"https:\/\/api.w.org\/{rel}","templated":true}]}}