{"id":185,"date":"2025-06-12T17:24:48","date_gmt":"2025-06-12T17:24:48","guid":{"rendered":"https:\/\/www.dataslatitudes.com\/sosuniversal\/index.php\/politique-de-confidentialite\/"},"modified":"2025-08-14T10:02:03","modified_gmt":"2025-08-14T10:02:03","slug":"mentions-legales","status":"publish","type":"page","link":"https:\/\/www.dataslatitudes.com\/sosuniversal\/az\/mentions-legales\/","title":{"rendered":"H\u00fcquqi bildiri\u015fl\u0259r"},"content":{"rendered":"\r\n<p class=\"has-small-font-size\"><\/p>\r\n\r\n\r\n\r\n<h1 class=\"wp-block-heading has-text-align-center has-medium-font-size\"><strong>H\u00dcQUQ\u0130 B\u0130LD\u0130R\u0130\u015eL\u018fR<\/strong><\/h1>\r\n\r\n\r\n\r\n<h2 class=\"wp-block-heading has-background\" style=\"background-color:#f9f3eb;margin-top:var(--wp--preset--spacing--20);margin-bottom:var(--wp--preset--spacing--20);padding-top:var(--wp--preset--spacing--30);padding-bottom:var(--wp--preset--spacing--30);font-size:1.2rem\">1. T\u0259tbiqin n\u0259\u015friyyat\u0131 haqq\u0131nda m\u0259lumat<\/h2>\r\n\r\n\r\n\r\n<p style=\"margin-top:0;margin-bottom:0;font-size:1rem\">Bu veb-sayt v\u0259 SOS Universal mobil t\u0259tbiqi DATASLATITUDES \u015firk\u0259ti t\u0259r\u0259find\u0259n n\u0259\u015fr olunur.<\/p>\r\n\r\n\r\n\r\n<p style=\"font-size:1rem\">E-po\u00e7t \u00fcnvan\u0131 vasit\u0259sil\u0259 yard\u0131m ist\u0259y\u0259 bil\u0259rsiniz: <strong>hotline.sos_universal@dataslatitudes.com<\/strong><\/p>\r\n\r\n\r\n\r\n<h2 class=\"wp-block-heading has-background\" style=\"background-color:#f9f3eb;margin-top:var(--wp--preset--spacing--20);margin-bottom:var(--wp--preset--spacing--20);padding-top:var(--wp--preset--spacing--30);padding-bottom:var(--wp--preset--spacing--30);font-size:1.2rem\">2. Hostinq<\/h2>\r\n\r\n\r\n\r\n<p style=\"margin-top:0;margin-bottom:0\">SOS Universal y\u00fckl\u0259m\u0259 platformalar\u0131 (Google Play Store v\u0259 tezlikl\u0259 App Store) vasit\u0259sil\u0259 paylanan mobil t\u0259tbiqdir. Qeyd olunur ki, istifad\u0259\u00e7inin m\u0259lumatlar\u0131 yaln\u0131z onun \u00f6z cihaz\u0131nda yerli olaraq saxlan\u0131l\u0131r.<\/p>\r\n\r\n\r\n\r\n<p style=\"margin-top:0;margin-bottom:0;padding-top:0;padding-bottom:0\">Payla\u015f\u0131m platformalar\u0131n\u0131n serverl\u0259ri, t\u0259tbiqin qura\u015fd\u0131rma fayllar\u0131n\u0131 \u00f6zl\u0259ri \u00fc\u00e7\u00fcn yerl\u0259\u015fdirir.<\/p>\r\n\r\n\r\n\r\n<ul style=\"margin-top:0;margin-bottom:0\" class=\"wp-block-list\">\r\n<li style=\"margin-top:0;margin-bottom:0;padding-top:var(--wp--preset--spacing--20);padding-bottom:var(--wp--preset--spacing--20)\">Mobil t\u0259tbiq \u00fc\u00e7\u00fcn hosterl\u0259r:\r\n<ul class=\"wp-block-list\">\r\n<li style=\"margin-top:0;margin-bottom:0\"><strong>Android \u00fc\u00e7\u00fcn: <\/strong>Google LLC, 1600 Amphitheatre Parkway, Mountain View, CA 94043, USA<\/li>\r\n\r\n\r\n\r\n<li><strong>iOS \u00fc\u00e7\u00fcn: <\/strong>Apple Inc., One Apple Park Way, Cupertino, CA 95014, USA<\/li>\r\n<\/ul>\r\n<\/li>\r\n\r\n\r\n\r\n<li>Bu veb-sayt\u0131n hosteri: <strong>AlwaysData<\/strong>, 91 Rue du Faubourg Saint-Honor\u00e9, 75008 Paris<\/li>\r\n<\/ul>\r\n\r\n\r\n\r\n<p class=\"has-small-font-size\"><\/p>\r\n\r\n\r\n\r\n<h2 class=\"wp-block-heading has-background\" style=\"background-color:#f9f3eb;margin-top:var(--wp--preset--spacing--20);margin-bottom:var(--wp--preset--spacing--20);padding-top:var(--wp--preset--spacing--30);padding-bottom:var(--wp--preset--spacing--30);font-size:1.2rem\">3. \u018fqli M\u00fclkiyy\u0259t<\/h2>\r\n\r\n\r\n\r\n<p style=\"margin-top:0;margin-bottom:0\">Bu Veb-sayt v\u0259 SOS Universal t\u0259tbiqinin taml\u0131\u011f\u0131, o c\u00fcml\u0259d\u0259n struktur, interfeysl\u0259r, m\u0259nb\u0259 kodu, qrafik dizayn, ni\u015fanlar, m\u0259tnl\u0259r, \u015f\u0259kill\u0259r v\u0259 dig\u0259r b\u00fct\u00fcn m\u0259zmun, DATASLATITUDES redaktorunun m\u00fcst\u0259sna m\u00fclkiyy\u0259tidir.<\/p>\r\n\r\n\r\n\r\n<p style=\"margin-top:var(--wp--preset--spacing--30);margin-bottom:var(--wp--preset--spacing--30)\">T\u0259tbiqin v\u0259 ya onun m\u0259zmununun, yaxud Veb-sayt\u0131n h\u0259r hans\u0131 bir \u015f\u0259kild\u0259, h\u0259r hans\u0131 bir vasit\u0259 il\u0259 tam v\u0259 ya qism\u0259n \u00e7oxald\u0131lmas\u0131, t\u0259msil edilm\u0259si, d\u0259yi\u015fdirilm\u0259si, n\u0259\u015fri, \u00f6t\u00fcr\u00fclm\u0259si v\u0259 ya t\u0259hrif edilm\u0259si q\u0259ti qada\u011fand\u0131r.<\/p>\r\n\r\n\r\n\r\n<p>Veb-sayt\u0131n, t\u0259tbiqin v\u0259 ya onun t\u0259rkib hiss\u0259l\u0259rind\u0259n h\u0259r hans\u0131 birinin icaz\u0259siz istifad\u0259si qanun pozuntusu hesab olunur v\u0259 cinay\u0259t t\u0259qibin\u0259 s\u0259b\u0259b ola bil\u0259r.<\/p>\r\n\r\n\r\n\r\n<h2 class=\"wp-block-heading has-background\" style=\"background-color:#f9f3eb;margin-top:var(--wp--preset--spacing--20);margin-bottom:var(--wp--preset--spacing--20);padding-top:var(--wp--preset--spacing--30);padding-bottom:var(--wp--preset--spacing--30);font-size:1.2rem\">4. Xarici ke\u00e7idl\u0259r<\/h2>\r\n\r\n\r\n\r\n<p style=\"margin-top:0;margin-bottom:0\">Proqram co\u011frafi yerl\u0259\u015fm\u0259 s\u0259b\u0259bi il\u0259 \u00fc\u00e7\u00fcnc\u00fc t\u0259r\u0259f saytlar\u0131na v\u0259 ya xidm\u0259tl\u0259rin\u0259, x\u00fcsus\u0259n d\u0259 GoogleMaps (v\u0259 ya OpenStreetMap) ke\u00e7idl\u0259ri ehtiva ed\u0259 bil\u0259r. N\u0259\u015friyyat bu \u00fc\u00e7\u00fcnc\u00fc t\u0259r\u0259f saytlar\u0131n\u0131n m\u0259zmununa v\u0259 ya onlar\u0131n t\u0259tbiq etdiyi m\u0259xfilik t\u0259cr\u00fcb\u0259l\u0259rin\u0259 g\u00f6r\u0259 m\u0259suliyy\u0259t da\u015f\u0131m\u0131r. \u0130stifad\u0259\u00e7id\u0259n bu saytlar\u0131n v\u0259 ya xidm\u0259tl\u0259rin \u00fcmumi \u015f\u0259rtl\u0259ri v\u0259 m\u0259xfilik siyas\u0259tl\u0259ri il\u0259 tan\u0131\u015f olmas\u0131 xahi\u015f olunur.<\/p>\r\n\r\n\r\n\r\n<p class=\"has-small-font-size\"><\/p>\r\n\r\n\r\n\r\n<h2 class=\"wp-block-heading has-background\" style=\"background-color:#f9f3eb;margin-top:var(--wp--preset--spacing--20);margin-bottom:var(--wp--preset--spacing--20);padding-top:var(--wp--preset--spacing--30);padding-bottom:var(--wp--preset--spacing--30);font-size:1.2rem\">5. M\u0259suliyy\u0259t<\/h2>\r\n\r\n\r\n\r\n<p style=\"margin-top:0;margin-bottom:0\">N\u0259\u015friyyat, t\u0259tbiqin m\u0259lumatlar\u0131n\u0131n v\u0259 funksiyalar\u0131n\u0131n etibarl\u0131l\u0131\u011f\u0131n\u0131 v\u0259 d\u0259qiqliyini t\u0259min etm\u0259y\u0259 \u00e7al\u0131\u015f\u0131r. Lakin, N\u0259\u015friyyat t\u0259tbiqin s\u0259hvl\u0259rd\u0259n, nasazl\u0131qlardan v\u0259 ya fasil\u0259l\u0259rd\u0259n azad olaca\u011f\u0131na z\u0259man\u0259t ver\u0259 bilm\u0259z.<br><strong>Vacib x\u0259b\u0259rdarl\u0131q: <\/strong>SOS Universal t\u0259tbiqi yaln\u0131z bir yard\u0131m al\u0259tidir. <strong>He\u00e7 bir halda r\u0259smi t\u0259cili yard\u0131m xidm\u0259tl\u0259rini \u0259v\u0259z etmir. <\/strong>N\u0259\u015friyyat t\u0259tbiqin yanl\u0131\u015f istifad\u0259si v\u0259 ya onun n\u0259zar\u0259tind\u0259n k\u0259nar telekommunikasiya xidm\u0259tl\u0259rinin (mobil \u015f\u0259b\u0259k\u0259, SMS) nasazl\u0131\u011f\u0131 hal\u0131nda he\u00e7 bir m\u0259suliyy\u0259t da\u015f\u0131m\u0131r.<\/p>\r\n\r\n\r\n\r\n<p class=\"has-small-font-size\"><\/p>\r\n\r\n\r\n\r\n<h2 class=\"wp-block-heading has-background\" style=\"background-color:#f9f3eb;margin-top:var(--wp--preset--spacing--20);margin-bottom:var(--wp--preset--spacing--20);padding-top:var(--wp--preset--spacing--30);padding-bottom:var(--wp--preset--spacing--30);font-size:1.2rem\">6. M\u00fc\u0259llif h\u00fcquqlar\u0131 (bu Veb-sayt v\u0259 SOS Universal t\u0259tbiqi \u00fc\u00e7\u00fcn)<\/h2>\r\n\r\n\r\n\r\n<ul style=\"margin-top:0;margin-bottom:0;padding-top:0;padding-bottom:0\" class=\"wp-block-list\">\r\n<li style=\"margin-top:0;margin-bottom:0;padding-top:0;padding-bottom:0\"><strong>T\u0259dqiqat v\u0259 dizayn: <\/strong>DATASLATITUDES<\/li>\r\n\r\n\r\n\r\n<li><strong>\u0130nki\u015faf: <\/strong>DATASLATITUDES<\/li>\r\n<\/ul>\r\n\r\n\r\n\r\n<p class=\"has-medium-font-size\"><\/p>\r\n\r\n\r\n\r\n<p class=\"has-medium-font-size\"><\/p>\r\n","protected":false},"excerpt":{"rendered":"<p>H\u00dcQUQ\u0130 B\u0130LD\u0130R\u0130\u015eL\u018fR 1. T\u0259tbiqin n\u0259\u015friyyat\u0131 haqq\u0131nda m\u0259lumat Bu veb-sayt v\u0259 SOS Universal mobil t\u0259tbiqi DATASLATITUDES \u015firk\u0259ti t\u0259r\u0259find\u0259n n\u0259\u015fr olunur. E-po\u00e7t [&hellip;]<\/p>\n","protected":false},"author":1,"featured_media":0,"parent":0,"menu_order":5,"comment_status":"closed","ping_status":"closed","template":"","meta":{"site-sidebar-layout":"default","site-content-layout":"","ast-site-content-layout":"default","site-content-style":"default","site-sidebar-style":"default","ast-global-header-display":"","ast-banner-title-visibility":"","ast-main-header-display":"","ast-hfb-above-header-display":"","ast-hfb-below-header-display":"","ast-hfb-mobile-header-display":"","site-post-title":"disabled","ast-breadcrumbs-content":"","ast-featured-img":"","footer-sml-layout":"","theme-transparent-header-meta":"","adv-header-id-meta":"","stick-header-meta":"","header-above-stick-meta":"","header-main-stick-meta":"","header-below-stick-meta":"","astra-migrate-meta-layouts":"default","ast-page-background-enabled":"default","ast-page-background-meta":{"desktop":{"background-color":"var(--ast-global-color-5)","background-image":"","background-repeat":"repeat","background-position":"center center","background-size":"auto","background-attachment":"scroll","background-type":"","background-media":"","overlay-type":"","overlay-color":"","overlay-opacity":"","overlay-gradient":""},"tablet":{"background-color":"","background-image":"","background-repeat":"repeat","background-position":"center center","background-size":"auto","background-attachment":"scroll","background-type":"","background-media":"","overlay-type":"","overlay-color":"","overlay-opacity":"","overlay-gradient":""},"mobile":{"background-color":"","background-image":"","background-repeat":"repeat","background-position":"center center","background-size":"auto","background-attachment":"scroll","background-type":"","background-media":"","overlay-type":"","overlay-color":"","overlay-opacity":"","overlay-gradient":""}},"ast-content-background-meta":{"desktop":{"background-color":"var(--ast-global-color-4)","background-image":"","background-repeat":"repeat","background-position":"center center","background-size":"auto","background-attachment":"scroll","background-type":"","background-media":"","overlay-type":"","overlay-color":"","overlay-opacity":"","overlay-gradient":""},"tablet":{"background-color":"var(--ast-global-color-4)","background-image":"","background-repeat":"repeat","background-position":"center center","background-size":"auto","background-attachment":"scroll","background-type":"","background-media":"","overlay-type":"","overlay-color":"","overlay-opacity":"","overlay-gradient":""},"mobile":{"background-color":"var(--ast-global-color-4)","background-image":"","background-repeat":"repeat","background-position":"center center","background-size":"auto","background-attachment":"scroll","background-type":"","background-media":"","overlay-type":"","overlay-color":"","overlay-opacity":"","overlay-gradient":""}},"footnotes":""},"class_list":["post-185","page","type-page","status-publish","hentry"],"yoast_head":"<!-- This site is optimized with the Yoast SEO plugin v25.6 - https:\/\/yoast.com\/wordpress\/plugins\/seo\/ -->\n<title>H\u00fcquqi bildiri\u015fl\u0259r<\/title>\n<meta name=\"description\" content=\"Bu h\u00fcquqi bildiri\u015fl\u0259r, t\u0259tbiq n\u0259\u015friyyat\u0131n\u0131n m\u0259lumatlar\u0131, hostinq, \u0259qli m\u00fclkiyy\u0259t, xarici ke\u00e7idl\u0259r, DATASLATITUDES-in m\u0259suliyy\u0259ti v\u0259 m\u00fc\u0259llif h\u00fcquqlar\u0131 il\u0259 ba\u011fl\u0131 aspektl\u0259ri (bu Veb-sayt v\u0259 SOS Universal t\u0259tbiqi \u00fc\u00e7\u00fcn) \u00fcmumil\u0259\u015fdirir.\" \/>\n<meta name=\"robots\" content=\"index, follow, max-snippet:-1, max-image-preview:large, max-video-preview:-1\" \/>\n<link rel=\"canonical\" href=\"\" \/>\n<meta property=\"og:locale\" content=\"az_AZ\" \/>\n<meta property=\"og:type\" content=\"article\" \/>\n<meta property=\"og:title\" content=\"H\u00fcquqi bildiri\u015fl\u0259r\" \/>\n<meta property=\"og:description\" content=\"Bu h\u00fcquqi bildiri\u015fl\u0259r, t\u0259tbiq n\u0259\u015friyyat\u0131n\u0131n m\u0259lumatlar\u0131, hostinq, \u0259qli m\u00fclkiyy\u0259t, xarici ke\u00e7idl\u0259r, DATASLATITUDES-in m\u0259suliyy\u0259ti v\u0259 m\u00fc\u0259llif h\u00fcquqlar\u0131 il\u0259 ba\u011fl\u0131 aspektl\u0259ri (bu Veb-sayt v\u0259 SOS Universal t\u0259tbiqi \u00fc\u00e7\u00fcn) \u00fcmumil\u0259\u015fdirir.\" \/>\n<meta property=\"og:url\" content=\"https:\/\/www.dataslatitudes.com\/sosuniversal\/az\/mentions-legales\/\" \/>\n<meta property=\"og:site_name\" content=\"SOS Universal\" \/>\n<meta property=\"article:modified_time\" content=\"2025-08-14T10:02:03+00:00\" \/>\n<meta name=\"twitter:card\" content=\"summary_large_image\" \/>\n<meta name=\"twitter:label1\" content=\"Est. reading time\" \/>\n\t<meta name=\"twitter:data1\" content=\"3 minutes\" \/>\n<script type=\"application\/ld+json\" class=\"yoast-schema-graph\">{\"@context\":\"https:\/\/schema.org\",\"@graph\":[{\"@type\":\"WebPage\",\"@id\":\"https:\/\/www.dataslatitudes.com\/sosuniversal\/az\/mentions-legales\/\",\"url\":\"https:\/\/www.dataslatitudes.com\/sosuniversal\/az\/mentions-legales\/\",\"name\":\"Mentions l\u00e9gales - SOS Universal\",\"isPartOf\":{\"@id\":\"https:\/\/www.dataslatitudes.com\/sosuniversal\/#website\"},\"datePublished\":\"2025-06-12T17:24:48+00:00\",\"dateModified\":\"2025-08-14T10:02:03+00:00\",\"description\":\"Les pr\u00e9sentes mentions l\u00e9gales r\u00e9capitulent les aspects relatifs aux informations sur l\u2019\u00e9diteur de l\u2019application, l'h\u00e9bergement, la propri\u00e9t\u00e9 Intellectuelle, les liens externes, la responsabilit\u00e9 et les cr\u00e9dits de DATASLATITUDES (pour le pr\u00e9sent site Web et l\u2019application SOS Universal).\",\"breadcrumb\":{\"@id\":\"https:\/\/www.dataslatitudes.com\/sosuniversal\/az\/mentions-legales\/#breadcrumb\"},\"inLanguage\":\"az\",\"potentialAction\":[{\"@type\":\"ReadAction\",\"target\":[\"https:\/\/www.dataslatitudes.com\/sosuniversal\/az\/mentions-legales\/\"]}]},{\"@type\":\"BreadcrumbList\",\"@id\":\"https:\/\/www.dataslatitudes.com\/sosuniversal\/az\/mentions-legales\/#breadcrumb\",\"itemListElement\":[{\"@type\":\"ListItem\",\"position\":1,\"name\":\"T\u0259qdimat\",\"item\":\"https:\/\/www.dataslatitudes.com\/sosuniversal\/fr\/\"},{\"@type\":\"ListItem\",\"position\":2,\"name\":\"H\u00fcquqi bildiri\u015fl\u0259r\"}]},{\"@type\":\"WebSite\",\"@id\":\"https:\/\/www.dataslatitudes.com\/sosuniversal\/az\/#website\",\"url\":\"https:\/\/www.dataslatitudes.com\/sosuniversal\/az\/\",\"name\":\"SOS Universal\",\"description\":\"\",\"publisher\":{\"@id\":\"https:\/\/www.dataslatitudes.com\/sosuniversal\/az\/#organization\"},\"potentialAction\":[{\"@type\":\"SearchAction\",\"target\":{\"@type\":\"EntryPoint\",\"urlTemplate\":\"https:\/\/www.dataslatitudes.com\/sosuniversal\/az\/?s={search_term_string}\"},\"query-input\":{\"@type\":\"PropertyValueSpecification\",\"valueRequired\":true,\"valueName\":\"search_term_string\"}}],\"inLanguage\":\"az\"},{\"@type\":\"Organization\",\"@id\":\"https:\/\/www.dataslatitudes.com\/sosuniversal\/az\/#organization\",\"name\":\"DATASLATITUDES\",\"url\":\"https:\/\/www.dataslatitudes.com\/sosuniversal\/az\/\",\"logo\":{\"@type\":\"ImageObject\",\"inLanguage\":\"az\",\"@id\":\"https:\/\/www.dataslatitudes.com\/sosuniversal\/az\/#\/schema\/logo\/image\/\",\"url\":\"https:\/\/www.dataslatitudes.com\/sosuniversal\/wp-content\/uploads\/2025\/07\/logo_mrdv.png\",\"contentUrl\":\"https:\/\/www.dataslatitudes.com\/sosuniversal\/wp-content\/uploads\/2025\/07\/logo_mrdv.png\",\"width\":72,\"height\":72,\"caption\":\"DATASLATITUDES\"},\"image\":{\"@id\":\"https:\/\/www.dataslatitudes.com\/sosuniversal\/az\/#\/schema\/logo\/image\/\"}}]}<\/script>\n<!-- \/ Yoast SEO plugin. -->","yoast_head_json":{"title":"H\u00fcquqi bildiri\u015fl\u0259r","description":"Bu h\u00fcquqi bildiri\u015fl\u0259r, t\u0259tbiq n\u0259\u015friyyat\u0131n\u0131n m\u0259lumatlar\u0131, hostinq, \u0259qli m\u00fclkiyy\u0259t, xarici ke\u00e7idl\u0259r, DATASLATITUDES-in m\u0259suliyy\u0259ti v\u0259 m\u00fc\u0259llif h\u00fcquqlar\u0131 il\u0259 ba\u011fl\u0131 aspektl\u0259ri (bu Veb-sayt v\u0259 SOS Universal t\u0259tbiqi \u00fc\u00e7\u00fcn) \u00fcmumil\u0259\u015fdirir.","robots":{"index":"index","follow":"follow","max-snippet":"max-snippet:-1","max-image-preview":"max-image-preview:large","max-video-preview":"max-video-preview:-1"},"canonical":"H\u00dcQUQ\u0130 B\u0130LD\u0130R\u0130\u015eL\u018fR 1. T\u0259tbiqin n\u0259\u015friyyat\u0131 haqq\u0131nda m\u0259lumat Bu veb-sayt v\u0259 SOS Universal mobil t\u0259tbiqi DATASLATITUDES \u015firk\u0259ti t\u0259r\u0259find\u0259n n\u0259\u015fr olunur. E-po\u00e7t \u00fcnvan\u0131 vasit\u0259sil\u0259 yard\u0131m ist\u0259y\u0259 bil\u0259rsiniz: hotline.sos_universal@dataslatitudes.com 2. Hostinq SOS Universal y\u00fckl\u0259m\u0259 platformalar\u0131 (Google Play Store v\u0259 tezlikl\u0259 App Store) vasit\u0259sil\u0259 paylanan mobil t\u0259tbiqdir. Qeyd olunur ki, istifad\u0259\u00e7inin m\u0259lumatlar\u0131 yaln\u0131z onun \u00f6z cihaz\u0131nda yerli olaraq saxlan\u0131l\u0131r.&hellip;","og_locale":"az_AZ","og_type":"article","og_title":"H\u00fcquqi bildiri\u015fl\u0259r","og_description":"Bu h\u00fcquqi bildiri\u015fl\u0259r, t\u0259tbiq n\u0259\u015friyyat\u0131n\u0131n m\u0259lumatlar\u0131, hostinq, \u0259qli m\u00fclkiyy\u0259t, xarici ke\u00e7idl\u0259r, DATASLATITUDES-in m\u0259suliyy\u0259ti v\u0259 m\u00fc\u0259llif h\u00fcquqlar\u0131 il\u0259 ba\u011fl\u0131 aspektl\u0259ri (bu Veb-sayt v\u0259 SOS Universal t\u0259tbiqi \u00fc\u00e7\u00fcn) \u00fcmumil\u0259\u015fdirir.","og_url":"https:\/\/www.dataslatitudes.com\/sosuniversal\/az\/mentions-legales\/","og_site_name":"SOS Universal","article_modified_time":"2025-08-14T10:02:03+00:00","twitter_card":"summary_large_image","twitter_misc":{"Est. reading time":"3 minutes"},"schema":{"@context":"https:\/\/schema.org","@graph":[{"@type":"WebPage","@id":"https:\/\/www.dataslatitudes.com\/sosuniversal\/az\/mentions-legales\/","url":"https:\/\/www.dataslatitudes.com\/sosuniversal\/az\/mentions-legales\/","name":"Mentions l\u00e9gales - SOS Universal","isPartOf":{"@id":"https:\/\/www.dataslatitudes.com\/sosuniversal\/#website"},"datePublished":"2025-06-12T17:24:48+00:00","dateModified":"2025-08-14T10:02:03+00:00","description":"Les pr\u00e9sentes mentions l\u00e9gales r\u00e9capitulent les aspects relatifs aux informations sur l\u2019\u00e9diteur de l\u2019application, l'h\u00e9bergement, la propri\u00e9t\u00e9 Intellectuelle, les liens externes, la responsabilit\u00e9 et les cr\u00e9dits de DATASLATITUDES (pour le pr\u00e9sent site Web et l\u2019application SOS Universal).","breadcrumb":{"@id":"https:\/\/www.dataslatitudes.com\/sosuniversal\/az\/mentions-legales\/#breadcrumb"},"inLanguage":"az","potentialAction":[{"@type":"ReadAction","target":["https:\/\/www.dataslatitudes.com\/sosuniversal\/az\/mentions-legales\/"]}]},{"@type":"BreadcrumbList","@id":"https:\/\/www.dataslatitudes.com\/sosuniversal\/az\/mentions-legales\/#breadcrumb","itemListElement":[{"@type":"ListItem","position":1,"name":"T\u0259qdimat","item":"https:\/\/www.dataslatitudes.com\/sosuniversal\/fr\/"},{"@type":"ListItem","position":2,"name":"H\u00fcquqi bildiri\u015fl\u0259r"}]},{"@type":"WebSite","@id":"https:\/\/www.dataslatitudes.com\/sosuniversal\/az\/#website","url":"https:\/\/www.dataslatitudes.com\/sosuniversal\/az\/","name":"SOS Universal","description":"","publisher":{"@id":"https:\/\/www.dataslatitudes.com\/sosuniversal\/az\/#organization"},"potentialAction":[{"@type":"SearchAction","target":{"@type":"EntryPoint","urlTemplate":"https:\/\/www.dataslatitudes.com\/sosuniversal\/az\/?s={search_term_string}"},"query-input":{"@type":"PropertyValueSpecification","valueRequired":true,"valueName":"search_term_string"}}],"inLanguage":"az"},{"@type":"Organization","@id":"https:\/\/www.dataslatitudes.com\/sosuniversal\/az\/#organization","name":"DATASLATITUDES","url":"https:\/\/www.dataslatitudes.com\/sosuniversal\/az\/","logo":{"@type":"ImageObject","inLanguage":"az","@id":"https:\/\/www.dataslatitudes.com\/sosuniversal\/az\/#\/schema\/logo\/image\/","url":"https:\/\/www.dataslatitudes.com\/sosuniversal\/wp-content\/uploads\/2025\/07\/logo_mrdv.png","contentUrl":"https:\/\/www.dataslatitudes.com\/sosuniversal\/wp-content\/uploads\/2025\/07\/logo_mrdv.png","width":72,"height":72,"caption":"DATASLATITUDES"},"image":{"@id":"https:\/\/www.dataslatitudes.com\/sosuniversal\/az\/#\/schema\/logo\/image\/"}}]}},"_links":{"self":[{"href":"https:\/\/www.dataslatitudes.com\/sosuniversal\/az\/wp-json\/wp\/v2\/pages\/185","targetHints":{"allow":["GET"]}}],"collection":[{"href":"https:\/\/www.dataslatitudes.com\/sosuniversal\/az\/wp-json\/wp\/v2\/pages"}],"about":[{"href":"https:\/\/www.dataslatitudes.com\/sosuniversal\/az\/wp-json\/wp\/v2\/types\/page"}],"author":[{"embeddable":true,"href":"https:\/\/www.dataslatitudes.com\/sosuniversal\/az\/wp-json\/wp\/v2\/users\/1"}],"replies":[{"embeddable":true,"href":"https:\/\/www.dataslatitudes.com\/sosuniversal\/az\/wp-json\/wp\/v2\/comments?post=185"}],"version-history":[{"count":29,"href":"https:\/\/www.dataslatitudes.com\/sosuniversal\/az\/wp-json\/wp\/v2\/pages\/185\/revisions"}],"predecessor-version":[{"id":2930,"href":"https:\/\/www.dataslatitudes.com\/sosuniversal\/az\/wp-json\/wp\/v2\/pages\/185\/revisions\/2930"}],"wp:attachment":[{"href":"https:\/\/www.dataslatitudes.com\/sosuniversal\/az\/wp-json\/wp\/v2\/media?parent=185"}],"curies":[{"name":"wp","href":"https:\/\/api.w.org\/{rel}","templated":true}]}}