{"id":14,"date":"2025-06-10T17:50:33","date_gmt":"2025-06-10T17:50:33","guid":{"rendered":"https:\/\/www.dataslatitudes.com\/sosuniversal\/?page_id=14"},"modified":"2025-07-21T15:55:15","modified_gmt":"2025-07-21T15:55:15","slug":"ecran-principal","status":"publish","type":"page","link":"https:\/\/www.dataslatitudes.com\/sosuniversal\/af\/ecran-principal\/","title":{"rendered":"Hoofskerm"},"content":{"rendered":"\r\n<p class=\"has-small-font-size\"><\/p>\r\n\r\n\r\n\r\n<h1 class=\"wp-block-heading has-text-align-center has-medium-font-size\"><strong>GEBRUIKERSHANDLEIDING<\/strong><\/h1>\r\n\r\n\r\n\r\n<h2 class=\"wp-block-heading has-background\" style=\"background-color:#f9f3eb;padding-top:var(--wp--preset--spacing--20);padding-bottom:var(--wp--preset--spacing--20);font-size:1.2rem\">Begin van die toepassing<\/h2>\r\n\r\n\r\n\r\n<ol style=\"margin-top:0;margin-bottom:0;padding-top:0;padding-bottom:0\" class=\"wp-block-list\">\r\n<li style=\"margin-top:var(--wp--preset--spacing--40);margin-bottom:var(--wp--preset--spacing--40);font-size:1rem\">SOS Universal kan klassiek begin word deur op die toepassingsikoon te klik.<\/li>\r\n\r\n\r\n\r\n<li style=\"margin-top:0;margin-bottom:0;padding-top:0;padding-bottom:0\">Dit is ook moontlik om een van die twee toepassingslegstukke wat vir SOS Universal ontwerp is, te installeer en te gebruik.<br>Afhangende van die Android-weergawe, is twee installasiemodusse beskikbaar: \u00f3f deur lank op &#8216;n le\u00eb spasie op &#8216;n slimfoonskerm (byvoorbeeld die tuisskerm) te druk, \u00f3f deur lank op die toepassingsikoon te druk. Kies dan die opsie &#8220;Legstukke&#8221; en dan die SOS Universal-toepassing.<\/li>\r\n<\/ol>\r\n\r\n\r\n\r\n<p class=\"has-small-font-size\"><\/p>\r\n\r\n\r\n\r\n<div class=\"wp-block-columns is-layout-flex wp-container-core-columns-is-layout-7d874bf9 wp-block-columns-is-layout-flex\" style=\"margin-top:0;margin-bottom:0;padding-top:0;padding-bottom:0\">\r\n<div class=\"wp-block-column is-layout-flow wp-block-column-is-layout-flow\" style=\"flex-basis:20%\">\r\n<figure class=\"wp-block-image aligncenter size-full is-resized\" style=\"margin-top:0;margin-bottom:0\"><img fetchpriority=\"high\" decoding=\"async\" width=\"1080\" height=\"2400\" src=\"http:\/\/www.dataslatitudes.com\/sosuniversal\/wp-content\/uploads\/2025\/07\/choix_appwidget.webp\" alt=\"SOS Universal - keuse van toepassingslegstuk\" class=\"wp-image-712\" style=\"width:190px\" srcset=\"https:\/\/www.dataslatitudes.com\/sosuniversal\/wp-content\/uploads\/2025\/07\/choix_appwidget.webp 1080w, https:\/\/www.dataslatitudes.com\/sosuniversal\/wp-content\/uploads\/2025\/07\/choix_appwidget-135x300.webp 135w, https:\/\/www.dataslatitudes.com\/sosuniversal\/wp-content\/uploads\/2025\/07\/choix_appwidget-461x1024.webp 461w, https:\/\/www.dataslatitudes.com\/sosuniversal\/wp-content\/uploads\/2025\/07\/choix_appwidget-768x1707.webp 768w, https:\/\/www.dataslatitudes.com\/sosuniversal\/wp-content\/uploads\/2025\/07\/choix_appwidget-691x1536.webp 691w, https:\/\/www.dataslatitudes.com\/sosuniversal\/wp-content\/uploads\/2025\/07\/choix_appwidget-922x2048.webp 922w\" sizes=\"(max-width: 1080px) 100vw, 1080px\" \/><\/figure>\r\n\r\n\r\n\r\n<p class=\"has-text-align-center\" style=\"margin-top:0;margin-bottom:0\">Keuse van een van die twee toepassingslegstukke<\/p>\r\n<\/div>\r\n\r\n\r\n\r\n<div class=\"wp-block-column is-layout-flow wp-block-column-is-layout-flow\" style=\"flex-basis:40%\">\r\n<p style=\"margin-top:0;margin-bottom:0\">Twee toepassingslegstukke word aan u gebied:<br>&#8211; die eerste (gemerk) herhaal die SOS Universal-logo.<br>&#8211; die tweede (anoniem) bevat geen handelsmerk nie: dit is bedoel om &#8216;n diskrete werking moontlik te maak.<\/p>\r\n\r\n\r\n\r\n<p style=\"margin-top:var(--wp--preset--spacing--30);margin-bottom:var(--wp--preset--spacing--30)\">U kies een van die twee en gaan voort met die byvoeging.<\/p>\r\n\r\n\r\n\r\n<p style=\"margin-top:var(--wp--preset--spacing--30);margin-bottom:var(--wp--preset--spacing--30)\">Die toepassingslegstuk verskyn dan in &#8216;n vorm wat u toelaat om dit te grootte.<\/p>\r\n\r\n\r\n\r\n<p style=\"margin-top:var(--wp--preset--spacing--30);margin-bottom:var(--wp--preset--spacing--30)\">Die legstuk funksioneer as &#8216;n bekendstellingknoppie.<\/p>\r\n\r\n\r\n\r\n<p style=\"margin-top:var(--wp--preset--spacing--30);margin-bottom:var(--wp--preset--spacing--30)\"><strong>NB: <\/strong>as die alarmaktivering van SOS Universal gekonfigureer is met die keuse &#8220;Outomatiese aktivering deur die toepassingslegstuk&#8221;, laat die legstuk dan toe om die toepassing oop te maak en, boonop, die alarm te aktiveer met die inhoud en modus wat u gedefinieer het.<br>Sien: <a href=\"https:\/\/www.dataslatitudes.com\/sosuniversal\/af\/index.php\/mode-emploi\/mode-emploi-parametre\/\">Konfigurasie<\/a>.<\/p>\r\n<\/div>\r\n\r\n\r\n\r\n<div class=\"wp-block-column is-layout-flow wp-block-column-is-layout-flow\" style=\"flex-basis:20%\">\r\n<figure class=\"wp-block-image aligncenter size-large is-resized\" style=\"margin-top:0;margin-bottom:0\"><img decoding=\"async\" src=\"http:\/\/www.dataslatitudes.com\/sosuniversal\/wp-content\/uploads\/2025\/07\/exemple_app_widget_normal-461x1024.webp\" alt=\"SOS Universal - hoof toepassingslegstuk\" class=\"wp-image-709\" style=\"width:190px\"\/><\/figure>\r\n\r\n\r\n\r\n<p class=\"has-text-align-center\" style=\"margin-top:0;margin-bottom:0\">Eerste legstuk<\/p>\r\n<\/div>\r\n\r\n\r\n\r\n<div class=\"wp-block-column is-layout-flow wp-block-column-is-layout-flow\" style=\"flex-basis:20%\">\r\n<figure class=\"wp-block-image aligncenter size-large is-resized\" style=\"margin-top:0;margin-bottom:0\"><img decoding=\"async\" width=\"461\" height=\"1024\" src=\"http:\/\/www.dataslatitudes.com\/sosuniversal\/wp-content\/uploads\/2025\/07\/exemple_app_widget_blanc-461x1024.webp\" alt=\"SOS Universal - sekond\u00eare toepassingslegstuk\" class=\"wp-image-708\" style=\"width:190px\" srcset=\"https:\/\/www.dataslatitudes.com\/sosuniversal\/wp-content\/uploads\/2025\/07\/exemple_app_widget_blanc-461x1024.webp 461w, https:\/\/www.dataslatitudes.com\/sosuniversal\/wp-content\/uploads\/2025\/07\/exemple_app_widget_blanc-135x300.webp 135w, https:\/\/www.dataslatitudes.com\/sosuniversal\/wp-content\/uploads\/2025\/07\/exemple_app_widget_blanc-768x1707.webp 768w, https:\/\/www.dataslatitudes.com\/sosuniversal\/wp-content\/uploads\/2025\/07\/exemple_app_widget_blanc-691x1536.webp 691w, https:\/\/www.dataslatitudes.com\/sosuniversal\/wp-content\/uploads\/2025\/07\/exemple_app_widget_blanc-922x2048.webp 922w, https:\/\/www.dataslatitudes.com\/sosuniversal\/wp-content\/uploads\/2025\/07\/exemple_app_widget_blanc.webp 1080w\" sizes=\"(max-width: 461px) 100vw, 461px\" \/><\/figure>\r\n\r\n\r\n\r\n<p class=\"has-text-align-center\" style=\"margin-top:0;margin-bottom:0\">Tweede legstuk<\/p>\r\n<\/div>\r\n<\/div>\r\n\r\n\r\n\r\n<p class=\"has-medium-font-size\" style=\"margin-top:var(--wp--preset--spacing--20);margin-bottom:var(--wp--preset--spacing--20)\"><\/p>\r\n\r\n\r\n\r\n<p>In die geval van &#8216;n toepassingopdatering, afhangende van die Android-weergawe of u toestel, is dit moontlik dat die toepassingslegstuk een van die volgende twee aksies benodig om voort te gaan werk:<br>&#8211; herlaai u toestel<br>&#8211; of verwydering (deur lank te druk) en herinstalleer die toepassingslegstuk.<\/p>\r\n\r\n\r\n\r\n<p class=\"has-small-font-size\"><\/p>\r\n\r\n\r\n\r\n<h2 class=\"wp-block-heading has-background\" style=\"background-color:#f9f3eb;padding-top:var(--wp--preset--spacing--20);padding-bottom:var(--wp--preset--spacing--20);font-size:1.2rem\">Hoofskerm<\/h2>\r\n\r\n\r\n\r\n<div class=\"wp-block-columns is-layout-flex wp-container-core-columns-is-layout-a5331a9e wp-block-columns-is-layout-flex\" style=\"padding-top:0;padding-right:0;padding-bottom:0;padding-left:0\">\r\n<div class=\"wp-block-column is-layout-flow wp-block-column-is-layout-flow\" style=\"flex-basis:33.33%\">\r\n<figure class=\"wp-block-image aligncenter size-large is-resized\"><img decoding=\"async\" src=\"http:\/\/www.dataslatitudes.com\/sosuniversal\/wp-content\/uploads\/af_accueil_puce-459x1024.webp\" alt=\"SOS Universal - tuisskerm\" class=\"wp-image-216\" style=\"width:305px;height:auto\"\/><\/figure>\r\n<\/div>\r\n\r\n\r\n\r\n<div class=\"wp-block-column is-vertically-aligned-center is-layout-flow wp-block-column-is-layout-flow\" style=\"flex-basis:66.66%\">\r\n<div class=\"wp-block-columns is-layout-flex wp-container-core-columns-is-layout-28f84493 wp-block-columns-is-layout-flex\">\r\n<div class=\"wp-block-column is-vertically-aligned-center is-layout-flow wp-block-column-is-layout-flow\" style=\"flex-basis:70%\">\r\n<p style=\"font-size:1rem\">(1) Toegang tot die algemene spyskaart<br>(2) Piktogramme wat die waarskuwingsinhoud opsom (in die voorbeeld: telefoonoproep, SMS-stuur met geografiese ligging en adres, oudio-opname en klankalarm)<br>(3) Aanduiding van die gekose waarskuwingsmodus (onmiddellik, vertraag of herhalend)<br>(4) Hoofwaarskuwingsaktiveringsknoppie<br>(5) Kansellasieknoppie vir die huidige waarskuwing<br>(6) Toepassingsluit-\/ontsluitknoppie<br>(7) Funksie vir die opstel van &#8216;n aanvullende boodskap wat by die hoofboodskap van die SMS gevoeg word<\/p>\r\n<\/div>\r\n\r\n\r\n\r\n<div class=\"wp-block-column is-vertically-aligned-center is-layout-flow wp-block-column-is-layout-flow\" style=\"flex-basis:30%\">\r\n<figure class=\"wp-block-image aligncenter size-large is-resized\" style=\"margin-top:0;margin-bottom:0\"><img decoding=\"async\" src=\"http:\/\/www.dataslatitudes.com\/sosuniversal\/wp-content\/uploads\/af_accueil_menu_puce-459x1024.webp\" alt=\"SOS Universal - hoofkieslys\" class=\"wp-image-230\" style=\"width:172px;height:auto\"\/><\/figure>\r\n<\/div>\r\n<\/div>\r\n\r\n\r\n\r\n<p class=\"has-text-align-left\" style=\"font-size:1rem\">(8) Funksie vir onmiddellike oudio-opname (onafhanklik van die waarskuwing)<br>(9) Funksie vir onmiddellike aktivering van die klankalarm (onafhanklik van die waarskuwing)<br>(10) Funksie vir onmiddellike aktivering van &#8216;n vals inkomende telefoonoproep (onafhanklik van die waarskuwing)<\/p>\r\n<\/div>\r\n<\/div>\r\n\r\n\r\n\r\n<div class=\"wp-block-columns is-layout-flex wp-container-core-columns-is-layout-ff679dcb wp-block-columns-is-layout-flex\" style=\"margin-top:0;margin-bottom:0;padding-top:var(--wp--preset--spacing--20);padding-bottom:var(--wp--preset--spacing--20)\">\r\n<div class=\"wp-block-column is-layout-flow wp-block-column-is-layout-flow\">\r\n<p style=\"margin-top:var(--wp--preset--spacing--20);margin-bottom:var(--wp--preset--spacing--20);font-size:1rem\">Vanaf die algemene spyskaart (1), kan u:<\/p>\r\n\r\n\r\n\r\n<ul style=\"margin-top:var(--wp--preset--spacing--20);margin-bottom:var(--wp--preset--spacing--20)\" class=\"wp-block-list\">\r\n<li style=\"font-size:1rem\">Bestuur <a href=\"https:\/\/www.dataslatitudes.com\/sosuniversal\/af\/index.php\/mode-emploi\/mode-emploi-contact\/\">die kontakte om te waarsku<\/a><\/li>\r\n\r\n\r\n\r\n<li style=\"font-size:1rem\">Definieer <a href=\"https:\/\/www.dataslatitudes.com\/sosuniversal\/af\/index.php\/mode-emploi\/mode-emploi-contenu\/\" data-type=\"page\" data-id=\"189\">die inhoud en die modus van die waarskuwing<\/a><\/li>\r\n\r\n\r\n\r\n<li style=\"font-size:1rem\"><a href=\"https:\/\/www.dataslatitudes.com\/sosuniversal\/af\/index.php\/mode-emploi\/mode-emploi-parametre\/\">Stel die toepassing op<\/a><\/li>\r\n\r\n\r\n\r\n<li style=\"font-size:1rem\">Toegang tot <a href=\"https:\/\/www.dataslatitudes.com\/sosuniversal\/af\/index.php\/mode-emploi\/mode-emploi-historique-enregistrement-audio\/\">die waarskuwingsgeskiedenis<\/a><\/li>\r\n\r\n\r\n\r\n<li style=\"font-size:1rem\">Administreer <a href=\"https:\/\/www.dataslatitudes.com\/sosuniversal\/af\/index.php\/mode-emploi\/mode-emploi-historique-enregistrement-audio\/\">die oudio-opnames<\/a><\/li>\r\n\r\n\r\n\r\n<li style=\"font-size:1rem\">Deel die SOS Universal-toepassing<\/li>\r\n\r\n\r\n\r\n<li style=\"font-size:1rem\">Besoek hierdie webwerf<\/li>\r\n<\/ul>\r\n<\/div>\r\n\r\n\r\n\r\n<div class=\"wp-block-column is-layout-flow wp-block-column-is-layout-flow\">\r\n<p style=\"font-size:1rem\">Vanaf die tuisskerm (6), (7), (8), (9) en (10) kan u gebruik <a href=\"https:\/\/www.dataslatitudes.com\/sosuniversal\/af\/index.php\/mode-emploi\/mode-emploi-outils-supplementaire\/\">bykomende gereedskap<\/a>.<\/p>\r\n<\/div>\r\n<\/div>\r\n\r\n\r\n\r\n<p style=\"margin-top:var(--wp--preset--spacing--30);margin-bottom:var(--wp--preset--spacing--30)\"><\/p>\r\n","protected":false},"excerpt":{"rendered":"<p>GEBRUIKERSHANDLEIDING Begin van die toepassing SOS Universal kan klassiek begin word deur op die toepassingsikoon te klik. Dit is ook [&hellip;]<\/p>\n","protected":false},"author":1,"featured_media":0,"parent":0,"menu_order":2,"comment_status":"closed","ping_status":"closed","template":"","meta":{"site-sidebar-layout":"default","site-content-layout":"","ast-site-content-layout":"","site-content-style":"default","site-sidebar-style":"default","ast-global-header-display":"","ast-banner-title-visibility":"","ast-main-header-display":"","ast-hfb-above-header-display":"","ast-hfb-below-header-display":"","ast-hfb-mobile-header-display":"","site-post-title":"disabled","ast-breadcrumbs-content":"","ast-featured-img":"","footer-sml-layout":"","theme-transparent-header-meta":"","adv-header-id-meta":"","stick-header-meta":"","header-above-stick-meta":"","header-main-stick-meta":"","header-below-stick-meta":"","astra-migrate-meta-layouts":"default","ast-page-background-enabled":"default","ast-page-background-meta":{"desktop":{"background-color":"var(--ast-global-color-5)","background-image":"","background-repeat":"repeat","background-position":"center center","background-size":"auto","background-attachment":"scroll","background-type":"","background-media":"","overlay-type":"","overlay-color":"","overlay-opacity":"","overlay-gradient":""},"tablet":{"background-color":"","background-image":"","background-repeat":"repeat","background-position":"center center","background-size":"auto","background-attachment":"scroll","background-type":"","background-media":"","overlay-type":"","overlay-color":"","overlay-opacity":"","overlay-gradient":""},"mobile":{"background-color":"","background-image":"","background-repeat":"repeat","background-position":"center center","background-size":"auto","background-attachment":"scroll","background-type":"","background-media":"","overlay-type":"","overlay-color":"","overlay-opacity":"","overlay-gradient":""}},"ast-content-background-meta":{"desktop":{"background-color":"var(--ast-global-color-4)","background-image":"","background-repeat":"repeat","background-position":"center center","background-size":"auto","background-attachment":"scroll","background-type":"","background-media":"","overlay-type":"","overlay-color":"","overlay-opacity":"","overlay-gradient":""},"tablet":{"background-color":"var(--ast-global-color-4)","background-image":"","background-repeat":"repeat","background-position":"center center","background-size":"auto","background-attachment":"scroll","background-type":"","background-media":"","overlay-type":"","overlay-color":"","overlay-opacity":"","overlay-gradient":""},"mobile":{"background-color":"var(--ast-global-color-4)","background-image":"","background-repeat":"repeat","background-position":"center center","background-size":"auto","background-attachment":"scroll","background-type":"","background-media":"","overlay-type":"","overlay-color":"","overlay-opacity":"","overlay-gradient":""}},"footnotes":""},"class_list":["post-14","page","type-page","status-publish","hentry"],"yoast_head":"<!-- This site is optimized with the Yoast SEO plugin v25.6 - https:\/\/yoast.com\/wordpress\/plugins\/seo\/ -->\n<title>Hoofskerm<\/title>\n<meta name=\"description\" content=\"Vanaf die hoofkieslys kan u die kontakte bestuur wat gewaarsku moet word, die inhoud en modus van die waarskuwing definieer, die toepassing konfigureer, toegang tot die waarskuwingsgeskiedenis verkry, oudio-opnames administreer, die toepassing deel, hierdie webwerf raadpleeg en natuurlik &#039;n waarskuwing aktiveer.\" \/>\n<meta name=\"robots\" content=\"index, follow, max-snippet:-1, max-image-preview:large, max-video-preview:-1\" \/>\n<link rel=\"canonical\" href=\"\" \/>\n<meta property=\"og:locale\" content=\"en_US\" \/>\n<meta property=\"og:type\" content=\"article\" \/>\n<meta property=\"og:title\" content=\"Hoofskerm\" \/>\n<meta property=\"og:description\" content=\"Vanaf die hoofkieslys kan u die kontakte bestuur wat gewaarsku moet word, die inhoud en modus van die waarskuwing definieer, die toepassing konfigureer, toegang tot die waarskuwingsgeskiedenis verkry, oudio-opnames administreer, die toepassing deel, hierdie webwerf raadpleeg en natuurlik &#039;n waarskuwing aktiveer.\" \/>\n<meta property=\"og:url\" content=\"https:\/\/www.dataslatitudes.com\/sosuniversal\/af\/ecran-principal\/\" \/>\n<meta property=\"og:site_name\" content=\"SOS Universal\" \/>\n<meta property=\"article:modified_time\" content=\"2025-07-21T15:55:15+00:00\" \/>\n<meta property=\"og:image\" content=\"https:\/\/www.dataslatitudes.com\/sosuniversal\/wp-content\/uploads\/2025\/07\/choix_appwidget.webp\" \/>\n\t<meta property=\"og:image:width\" content=\"1080\" \/>\n\t<meta property=\"og:image:height\" content=\"2400\" \/>\n\t<meta property=\"og:image:type\" content=\"image\/webp\" \/>\n<meta name=\"twitter:card\" content=\"summary_large_image\" \/>\n<meta name=\"twitter:label1\" content=\"Est. reading time\" \/>\n\t<meta name=\"twitter:data1\" content=\"4 minute\" \/>\n<script type=\"application\/ld+json\" class=\"yoast-schema-graph\">{\"@context\":\"https:\/\/schema.org\",\"@graph\":[{\"@type\":\"WebPage\",\"@id\":\"https:\/\/www.dataslatitudes.com\/sosuniversal\/af\/ecran-principal\/\",\"url\":\"https:\/\/www.dataslatitudes.com\/sosuniversal\/af\/ecran-principal\/\",\"name\":\"Ecran principal - SOS Universal\",\"isPartOf\":{\"@id\":\"https:\/\/www.dataslatitudes.com\/sosuniversal\/#website\"},\"primaryImageOfPage\":{\"@id\":\"https:\/\/www.dataslatitudes.com\/sosuniversal\/af\/ecran-principal\/#primaryimage\"},\"image\":{\"@id\":\"https:\/\/www.dataslatitudes.com\/sosuniversal\/af\/ecran-principal\/#primaryimage\"},\"thumbnailUrl\":\"http:\/\/www.dataslatitudes.com\/sosuniversal\/wp-content\/uploads\/2025\/07\/choix_appwidget.webp\",\"datePublished\":\"2025-06-10T17:50:33+00:00\",\"dateModified\":\"2025-07-21T15:55:15+00:00\",\"description\":\"A partir du menu principal, vous pouvez g\u00e9rer les contacts \u00e0 alerter, d\u00e9finir le contenu et le mode de l\u2019alerte, param\u00e9trer l\u2019application, acc\u00e9der \u00e0 l\u2019historique des alertes, administrer les enregistrements audios, partager l\u2019application, consulter le pr\u00e9sent site web et bien sur d\u00e9clencher une alerte.\",\"breadcrumb\":{\"@id\":\"https:\/\/www.dataslatitudes.com\/sosuniversal\/af\/ecran-principal\/#breadcrumb\"},\"inLanguage\":\"af-ZA\",\"potentialAction\":[{\"@type\":\"ReadAction\",\"target\":[\"https:\/\/www.dataslatitudes.com\/sosuniversal\/af\/ecran-principal\/\"]}]},{\"@type\":\"ImageObject\",\"inLanguage\":\"af-ZA\",\"@id\":\"https:\/\/www.dataslatitudes.com\/sosuniversal\/af\/ecran-principal\/#primaryimage\",\"url\":\"http:\/\/www.dataslatitudes.com\/sosuniversal\/wp-content\/uploads\/2025\/07\/choix_appwidget.webp\",\"contentUrl\":\"http:\/\/www.dataslatitudes.com\/sosuniversal\/wp-content\/uploads\/2025\/07\/choix_appwidget.webp\"},{\"@type\":\"BreadcrumbList\",\"@id\":\"https:\/\/www.dataslatitudes.com\/sosuniversal\/af\/ecran-principal\/#breadcrumb\",\"itemListElement\":[{\"@type\":\"ListItem\",\"position\":1,\"name\":\"Inleiding\",\"item\":\"https:\/\/www.dataslatitudes.com\/sosuniversal\/fr\/\"},{\"@type\":\"ListItem\",\"position\":2,\"name\":\"Hoofskerm\"}]},{\"@type\":\"WebSite\",\"@id\":\"https:\/\/www.dataslatitudes.com\/sosuniversal\/af\/#website\",\"url\":\"https:\/\/www.dataslatitudes.com\/sosuniversal\/af\/\",\"name\":\"SOS Universal\",\"description\":\"\",\"publisher\":{\"@id\":\"https:\/\/www.dataslatitudes.com\/sosuniversal\/af\/#organization\"},\"potentialAction\":[{\"@type\":\"SearchAction\",\"target\":{\"@type\":\"EntryPoint\",\"urlTemplate\":\"https:\/\/www.dataslatitudes.com\/sosuniversal\/af\/?s={search_term_string}\"},\"query-input\":{\"@type\":\"PropertyValueSpecification\",\"valueRequired\":true,\"valueName\":\"search_term_string\"}}],\"inLanguage\":\"af-ZA\"},{\"@type\":\"Organization\",\"@id\":\"https:\/\/www.dataslatitudes.com\/sosuniversal\/af\/#organization\",\"name\":\"DATASLATITUDES\",\"url\":\"https:\/\/www.dataslatitudes.com\/sosuniversal\/af\/\",\"logo\":{\"@type\":\"ImageObject\",\"inLanguage\":\"af-ZA\",\"@id\":\"https:\/\/www.dataslatitudes.com\/sosuniversal\/af\/#\/schema\/logo\/image\/\",\"url\":\"https:\/\/www.dataslatitudes.com\/sosuniversal\/wp-content\/uploads\/2025\/07\/logo_mrdv.png\",\"contentUrl\":\"https:\/\/www.dataslatitudes.com\/sosuniversal\/wp-content\/uploads\/2025\/07\/logo_mrdv.png\",\"width\":72,\"height\":72,\"caption\":\"DATASLATITUDES\"},\"image\":{\"@id\":\"https:\/\/www.dataslatitudes.com\/sosuniversal\/af\/#\/schema\/logo\/image\/\"}}]}<\/script>\n<!-- \/ Yoast SEO plugin. -->","yoast_head_json":{"title":"Hoofskerm","description":"Vanaf die hoofkieslys kan u die kontakte bestuur wat gewaarsku moet word, die inhoud en modus van die waarskuwing definieer, die toepassing konfigureer, toegang tot die waarskuwingsgeskiedenis verkry, oudio-opnames administreer, die toepassing deel, hierdie webwerf raadpleeg en natuurlik 'n waarskuwing aktiveer.","robots":{"index":"index","follow":"follow","max-snippet":"max-snippet:-1","max-image-preview":"max-image-preview:large","max-video-preview":"max-video-preview:-1"},"canonical":"GEBRUIKERSHANDLEIDING Begin van die toepassing SOS Universal kan klassiek begin word deur op die toepassingsikoon te klik. Dit is ook moontlik om een van die twee toepassingslegstukke wat vir SOS Universal ontwerp is, te installeer en te gebruik.Afhangende van die Android-weergawe, is twee installasiemodusse beskikbaar: \u00f3f deur lank op 'n le\u00eb spasie op 'n slimfoonskerm&hellip;","og_locale":"en_US","og_type":"article","og_title":"Hoofskerm","og_description":"Vanaf die hoofkieslys kan u die kontakte bestuur wat gewaarsku moet word, die inhoud en modus van die waarskuwing definieer, die toepassing konfigureer, toegang tot die waarskuwingsgeskiedenis verkry, oudio-opnames administreer, die toepassing deel, hierdie webwerf raadpleeg en natuurlik 'n waarskuwing aktiveer.","og_url":"https:\/\/www.dataslatitudes.com\/sosuniversal\/af\/ecran-principal\/","og_site_name":"SOS Universal","article_modified_time":"2025-07-21T15:55:15+00:00","og_image":[{"width":1080,"height":2400,"url":"https:\/\/www.dataslatitudes.com\/sosuniversal\/wp-content\/uploads\/2025\/07\/choix_appwidget.webp","type":"image\/webp"}],"twitter_card":"summary_large_image","twitter_misc":{"Est. reading time":"4 minute"},"schema":{"@context":"https:\/\/schema.org","@graph":[{"@type":"WebPage","@id":"https:\/\/www.dataslatitudes.com\/sosuniversal\/af\/ecran-principal\/","url":"https:\/\/www.dataslatitudes.com\/sosuniversal\/af\/ecran-principal\/","name":"Ecran principal - SOS Universal","isPartOf":{"@id":"https:\/\/www.dataslatitudes.com\/sosuniversal\/#website"},"primaryImageOfPage":{"@id":"https:\/\/www.dataslatitudes.com\/sosuniversal\/af\/ecran-principal\/#primaryimage"},"image":{"@id":"https:\/\/www.dataslatitudes.com\/sosuniversal\/af\/ecran-principal\/#primaryimage"},"thumbnailUrl":"http:\/\/www.dataslatitudes.com\/sosuniversal\/wp-content\/uploads\/2025\/07\/choix_appwidget.webp","datePublished":"2025-06-10T17:50:33+00:00","dateModified":"2025-07-21T15:55:15+00:00","description":"A partir du menu principal, vous pouvez g\u00e9rer les contacts \u00e0 alerter, d\u00e9finir le contenu et le mode de l\u2019alerte, param\u00e9trer l\u2019application, acc\u00e9der \u00e0 l\u2019historique des alertes, administrer les enregistrements audios, partager l\u2019application, consulter le pr\u00e9sent site web et bien sur d\u00e9clencher une alerte.","breadcrumb":{"@id":"https:\/\/www.dataslatitudes.com\/sosuniversal\/af\/ecran-principal\/#breadcrumb"},"inLanguage":"af-ZA","potentialAction":[{"@type":"ReadAction","target":["https:\/\/www.dataslatitudes.com\/sosuniversal\/af\/ecran-principal\/"]}]},{"@type":"ImageObject","inLanguage":"af-ZA","@id":"https:\/\/www.dataslatitudes.com\/sosuniversal\/af\/ecran-principal\/#primaryimage","url":"http:\/\/www.dataslatitudes.com\/sosuniversal\/wp-content\/uploads\/2025\/07\/choix_appwidget.webp","contentUrl":"http:\/\/www.dataslatitudes.com\/sosuniversal\/wp-content\/uploads\/2025\/07\/choix_appwidget.webp"},{"@type":"BreadcrumbList","@id":"https:\/\/www.dataslatitudes.com\/sosuniversal\/af\/ecran-principal\/#breadcrumb","itemListElement":[{"@type":"ListItem","position":1,"name":"Inleiding","item":"https:\/\/www.dataslatitudes.com\/sosuniversal\/fr\/"},{"@type":"ListItem","position":2,"name":"Hoofskerm"}]},{"@type":"WebSite","@id":"https:\/\/www.dataslatitudes.com\/sosuniversal\/af\/#website","url":"https:\/\/www.dataslatitudes.com\/sosuniversal\/af\/","name":"SOS Universal","description":"","publisher":{"@id":"https:\/\/www.dataslatitudes.com\/sosuniversal\/af\/#organization"},"potentialAction":[{"@type":"SearchAction","target":{"@type":"EntryPoint","urlTemplate":"https:\/\/www.dataslatitudes.com\/sosuniversal\/af\/?s={search_term_string}"},"query-input":{"@type":"PropertyValueSpecification","valueRequired":true,"valueName":"search_term_string"}}],"inLanguage":"af-ZA"},{"@type":"Organization","@id":"https:\/\/www.dataslatitudes.com\/sosuniversal\/af\/#organization","name":"DATASLATITUDES","url":"https:\/\/www.dataslatitudes.com\/sosuniversal\/af\/","logo":{"@type":"ImageObject","inLanguage":"af-ZA","@id":"https:\/\/www.dataslatitudes.com\/sosuniversal\/af\/#\/schema\/logo\/image\/","url":"https:\/\/www.dataslatitudes.com\/sosuniversal\/wp-content\/uploads\/2025\/07\/logo_mrdv.png","contentUrl":"https:\/\/www.dataslatitudes.com\/sosuniversal\/wp-content\/uploads\/2025\/07\/logo_mrdv.png","width":72,"height":72,"caption":"DATASLATITUDES"},"image":{"@id":"https:\/\/www.dataslatitudes.com\/sosuniversal\/af\/#\/schema\/logo\/image\/"}}]}},"_links":{"self":[{"href":"https:\/\/www.dataslatitudes.com\/sosuniversal\/af\/wp-json\/wp\/v2\/pages\/14","targetHints":{"allow":["GET"]}}],"collection":[{"href":"https:\/\/www.dataslatitudes.com\/sosuniversal\/af\/wp-json\/wp\/v2\/pages"}],"about":[{"href":"https:\/\/www.dataslatitudes.com\/sosuniversal\/af\/wp-json\/wp\/v2\/types\/page"}],"author":[{"embeddable":true,"href":"https:\/\/www.dataslatitudes.com\/sosuniversal\/af\/wp-json\/wp\/v2\/users\/1"}],"replies":[{"embeddable":true,"href":"https:\/\/www.dataslatitudes.com\/sosuniversal\/af\/wp-json\/wp\/v2\/comments?post=14"}],"version-history":[{"count":65,"href":"https:\/\/www.dataslatitudes.com\/sosuniversal\/af\/wp-json\/wp\/v2\/pages\/14\/revisions"}],"predecessor-version":[{"id":1048,"href":"https:\/\/www.dataslatitudes.com\/sosuniversal\/af\/wp-json\/wp\/v2\/pages\/14\/revisions\/1048"}],"wp:attachment":[{"href":"https:\/\/www.dataslatitudes.com\/sosuniversal\/af\/wp-json\/wp\/v2\/media?parent=14"}],"curies":[{"name":"wp","href":"https:\/\/api.w.org\/{rel}","templated":true}]}}