{"id":122,"date":"2025-08-14T14:09:19","date_gmt":"2025-08-14T14:09:19","guid":{"rendered":"https:\/\/www.dataslatitudes.com\/enterprise\/?page_id=122"},"modified":"2025-08-15T04:25:01","modified_gmt":"2025-08-15T04:25:01","slug":"accueil","status":"publish","type":"page","link":"https:\/\/www.dataslatitudes.com\/enterprise\/vi\/","title":{"rendered":"Gi\u1edbi thi\u1ec7u"},"content":{"rendered":"\r\n<h1 class=\"wp-block-heading has-text-align-center\" style=\"margin-top:var(--wp--preset--spacing--60);margin-bottom:var(--wp--preset--spacing--60);font-size:25px\"><strong>DatasLatitudes l\u00e0 nh\u00e0 xu\u1ea5t b\u1ea3n \u1ee9ng d\u1ee5ng di \u0111\u1ed9ng (Android v\u00e0 iOS).<\/strong><\/h1>\r\n\r\n\r\n\r\n<p><\/p>\r\n\r\n\r\n\r\n<p class=\"has-black-color has-text-color has-link-color wp-elements-cddd62e4ba7b5a42c6c06ba58bb077e1\" style=\"font-size:1rem\">Ch\u00fang t\u00f4i l\u00e0m ch\u1ee7 c\u00e1c c\u00f4ng ngh\u1ec7 v\u00e0 xu h\u01b0\u1edbng m\u1edbi nh\u1ea5t trong ph\u00e1t tri\u1ec3n di \u0111\u1ed9ng, \u0111\u1ec3 \u0111\u1ea3m b\u1ea3o m\u1ed7i \u1ee9ng d\u1ee5ng \u0111\u1ec1u c\u00f3 hi\u1ec7u su\u1ea5t cao, an to\u00e0n v\u00e0 th\u00e2n thi\u1ec7n v\u1edbi ng\u01b0\u1eddi d\u00f9ng.<\/p>\r\n\r\n\r\n\r\n<p class=\"has-black-color has-text-color has-link-color wp-elements-fca4890fd00c08b24229bd5612f40a91\" style=\"font-size:1rem\">Ch\u00fang t\u00f4i tin t\u01b0\u1edfng m\u1ea1nh m\u1ebd r\u1eb1ng c\u00f4ng ngh\u1ec7 ph\u1ea3i c\u00f3 th\u1ec3 ti\u1ebfp c\u1eadn \u0111\u01b0\u1ee3c v\u1edbi t\u1ea5t c\u1ea3 m\u1ecdi ng\u01b0\u1eddi. \u0110\u00f3 l\u00e0 l\u00fd do t\u1ea1i sao ch\u00fang t\u00f4i t\u00edch h\u1ee3p kh\u1ea3 n\u0103ng ti\u1ebfp c\u1eadn ngay t\u1eeb \u0111\u1ea7u m\u1ed7i d\u1ef1 \u00e1n. Ch\u00fang t\u00f4i thi\u1ebft k\u1ebf c\u00e1c \u1ee9ng d\u1ee5ng c\u00f3 th\u1ec3 \u0111\u01b0\u1ee3c s\u1eed d\u1ee5ng b\u1edfi nh\u1eefng ng\u01b0\u1eddi b\u1ecb khuy\u1ebft t\u1eadt v\u1ec1 th\u1ecb gi\u00e1c, th\u00ednh gi\u00e1c, v\u1eadn \u0111\u1ed9ng ho\u1eb7c nh\u1eadn th\u1ee9c. \u0110i\u1ec1u n\u00e0y bao g\u1ed3m h\u1ed7 tr\u1ee3 cho tr\u00ecnh \u0111\u1ecdc m\u00e0n h\u00ecnh (TalkBack cho Android, VoiceOver cho iOS), c\u00e2n nh\u1eafc v\u1ec1 \u0111\u1ed9 t\u01b0\u01a1ng ph\u1ea3n v\u00e0 k\u00edch th\u01b0\u1edbc ph\u00f4ng ch\u1eef, c\u0169ng nh\u01b0 giao di\u1ec7n \u0111\u01b0\u1ee3c \u0111i\u1ec1u ch\u1ec9nh \u0111\u1ec3 \u0111i\u1ec1u h\u01b0\u1edbng b\u1eb1ng l\u1ec7nh tho\u1ea1i ho\u1eb7c n\u00fat.<\/p>\r\n\r\n\r\n\r\n<h2 class=\"wp-block-heading has-text-align-center\" style=\"margin-top:var(--wp--preset--spacing--40);margin-bottom:var(--wp--preset--spacing--40);font-size:25px\"><strong>C\u00e1c \u1ea5n ph\u1ea9m m\u1edbi nh\u1ea5t<\/strong><\/h2>\r\n\r\n\r\n\r\n<figure class=\"wp-block-image aligncenter size-full is-resized\" style=\"margin-top:var(--wp--preset--spacing--30);margin-bottom:var(--wp--preset--spacing--30)\"><img fetchpriority=\"high\" decoding=\"async\" width=\"512\" height=\"512\" src=\"https:\/\/www.dataslatitudes.com\/enterprise\/wp-content\/uploads\/2025\/08\/img_presentation.webp\" alt=\"Ng\u01b0\u1eddi d\u00f9ng SOS Universal an to\u00e0n trong bong b\u00f3ng b\u1ea3o v\u1ec7 c\u1ee7a n\u00f3 b\u1ea5t ch\u1ea5p m\u1ed9t c\u00e1i b\u00f3ng \u0111e d\u1ecda\" class=\"wp-image-141\" style=\"width:376px;height:auto\" srcset=\"https:\/\/www.dataslatitudes.com\/enterprise\/wp-content\/uploads\/2025\/08\/img_presentation.webp 512w, https:\/\/www.dataslatitudes.com\/enterprise\/wp-content\/uploads\/2025\/08\/img_presentation-300x300.webp 300w, https:\/\/www.dataslatitudes.com\/enterprise\/wp-content\/uploads\/2025\/08\/img_presentation-150x150.webp 150w\" sizes=\"(max-width: 512px) 100vw, 512px\" \/><\/figure>\r\n\r\n\r\n\r\n<div class=\"wp-block-columns has-background is-layout-flex wp-container-core-columns-is-layout-7b1c9e8d wp-block-columns-is-layout-flex\" style=\"background-color:#fafaf3;margin-top:0;margin-bottom:0;padding-top:var(--wp--preset--spacing--30);padding-bottom:var(--wp--preset--spacing--30)\">\r\n<div class=\"wp-block-column is-layout-flow wp-block-column-is-layout-flow\" style=\"flex-basis:20%\">\r\n<figure class=\"wp-block-image aligncenter size-full\"><a href=\"https:\/\/www.dataslatitudes.com\/sosuniversal\/vi\/index.php\/\" target=\"_blank\" rel=\" noreferrer noopener\"><img decoding=\"async\" width=\"512\" height=\"512\" src=\"http:\/\/www.dataslatitudes.com\/enterprise\/wp-content\/uploads\/2025\/08\/icone_application.webp\" alt=\"SOS Universal - logo\" class=\"wp-image-89\" srcset=\"https:\/\/www.dataslatitudes.com\/enterprise\/wp-content\/uploads\/2025\/08\/icone_application.webp 512w, https:\/\/www.dataslatitudes.com\/enterprise\/wp-content\/uploads\/2025\/08\/icone_application-300x300.webp 300w, https:\/\/www.dataslatitudes.com\/enterprise\/wp-content\/uploads\/2025\/08\/icone_application-150x150.webp 150w\" sizes=\"(max-width: 512px) 100vw, 512px\" \/><\/a><\/figure>\r\n<\/div>\r\n\r\n\r\n\r\n<div class=\"wp-block-column is-vertically-aligned-center is-layout-flow wp-block-column-is-layout-flow\" style=\"flex-basis:80%\">\r\n<h2 class=\"wp-block-heading has-medium-font-size\"><strong><a href=\"https:\/\/www.dataslatitudes.com\/sosuniversal\/vi\/index.php\/\" target=\"_blank\" rel=\"noreferrer noopener\">SOS Universal cho ph\u00e9p ph\u00e1t c\u1ea3nh b\u00e1o d\u01b0\u1edbi nhi\u1ec1u h\u00ecnh th\u1ee9c<\/a><\/strong><\/h2>\r\n\r\n\r\n\r\n<p>C\u00f3 th\u1ec3 g\u1ecdi gi\u00fap \u0111\u1ee1 ng\u01b0\u1eddi th\u00e2n trong tr\u01b0\u1eddng h\u1ee3p c\u00f3 v\u1ea5n \u0111\u1ec1, trong c\u00e1c tr\u01b0\u1eddng h\u1ee3p kh\u00e1c nhau v\u00e0 b\u1eb1ng nhi\u1ec1u c\u00e1ch kh\u00e1c nhau. SOS Universal c\u00f3 th\u1ec3 \u0111\u01b0\u1ee3c s\u1eed d\u1ee5ng trong tr\u01b0\u1eddng h\u1ee3p kh\u00f3 ch\u1ecbu, t\u1ea5n c\u00f4ng, trong b\u1ed1i c\u1ea3nh kh\u00f4ng an to\u00e0n ho\u1eb7c trong b\u1ea5t k\u1ef3 t\u00ecnh hu\u1ed1ng kh\u00f3 ch\u1ecbu n\u00e0o kh\u00e1c. <a data-type=\"page\" data-id=\"127\" href=\"https:\/\/www.dataslatitudes.com\/sosuniversal\/vi\/index.php\/cas-dutilisation\/\" target=\"_blank\" rel=\"noreferrer noopener\">Xem c\u00e1c v\u00ed d\u1ee5 v\u1ec1 tr\u01b0\u1eddng h\u1ee3p s\u1eed d\u1ee5ng<\/a><\/p>\r\n<\/div>\r\n<\/div>\r\n\r\n\r\n\r\n<p><\/p>\r\n","protected":false},"excerpt":{"rendered":"<p>DatasLatitudes l\u00e0 nh\u00e0 xu\u1ea5t b\u1ea3n \u1ee9ng d\u1ee5ng di \u0111\u1ed9ng (Android v\u00e0 iOS). Ch\u00fang t\u00f4i l\u00e0m ch\u1ee7 c\u00e1c c\u00f4ng ngh\u1ec7 v\u00e0 [&hellip;]<\/p>\n","protected":false},"author":1,"featured_media":0,"parent":0,"menu_order":0,"comment_status":"closed","ping_status":"closed","template":"","meta":{"site-sidebar-layout":"default","site-content-layout":"","ast-site-content-layout":"default","site-content-style":"default","site-sidebar-style":"default","ast-global-header-display":"","ast-banner-title-visibility":"","ast-main-header-display":"","ast-hfb-above-header-display":"","ast-hfb-below-header-display":"","ast-hfb-mobile-header-display":"","site-post-title":"disabled","ast-breadcrumbs-content":"","ast-featured-img":"","footer-sml-layout":"","theme-transparent-header-meta":"","adv-header-id-meta":"","stick-header-meta":"","header-above-stick-meta":"","header-main-stick-meta":"","header-below-stick-meta":"","astra-migrate-meta-layouts":"default","ast-page-background-enabled":"default","ast-page-background-meta":{"desktop":{"background-color":"var(--ast-global-color-5)","background-image":"","background-repeat":"repeat","background-position":"center center","background-size":"auto","background-attachment":"scroll","background-type":"","background-media":"","overlay-type":"","overlay-color":"","overlay-opacity":"","overlay-gradient":""},"tablet":{"background-color":"","background-image":"","background-repeat":"repeat","background-position":"center center","background-size":"auto","background-attachment":"scroll","background-type":"","background-media":"","overlay-type":"","overlay-color":"","overlay-opacity":"","overlay-gradient":""},"mobile":{"background-color":"","background-image":"","background-repeat":"repeat","background-position":"center center","background-size":"auto","background-attachment":"scroll","background-type":"","background-media":"","overlay-type":"","overlay-color":"","overlay-opacity":"","overlay-gradient":""}},"ast-content-background-meta":{"desktop":{"background-color":"var(--ast-global-color-4)","background-image":"","background-repeat":"repeat","background-position":"center center","background-size":"auto","background-attachment":"scroll","background-type":"","background-media":"","overlay-type":"","overlay-color":"","overlay-opacity":"","overlay-gradient":""},"tablet":{"background-color":"var(--ast-global-color-4)","background-image":"","background-repeat":"repeat","background-position":"center center","background-size":"auto","background-attachment":"scroll","background-type":"","background-media":"","overlay-type":"","overlay-color":"","overlay-opacity":"","overlay-gradient":""},"mobile":{"background-color":"var(--ast-global-color-4)","background-image":"","background-repeat":"repeat","background-position":"center center","background-size":"auto","background-attachment":"scroll","background-type":"","background-media":"","overlay-type":"","overlay-color":"","overlay-opacity":"","overlay-gradient":""}},"footnotes":""},"class_list":["post-122","page","type-page","status-publish","hentry"],"yoast_head":"<!-- This site is optimized with the Yoast SEO plugin v25.6 - https:\/\/yoast.com\/wordpress\/plugins\/seo\/ -->\n<title>Gi\u1edbi thi\u1ec7u<\/title>\n<meta name=\"description\" content=\"DatasLatitudes l\u00e0 nh\u00e0 xu\u1ea5t b\u1ea3n \u1ee9ng d\u1ee5ng di \u0111\u1ed9ng (Android v\u00e0 iOS). Ch\u00fang t\u00f4i l\u00e0m ch\u1ee7 c\u00e1c c\u00f4ng ngh\u1ec7 v\u00e0 xu h\u01b0\u1edbng m\u1edbi nh\u1ea5t trong ph\u00e1t tri\u1ec3n di \u0111\u1ed9ng, \u0111\u1ec3 \u0111\u1ea3m b\u1ea3o m\u1ed7i \u1ee9ng d\u1ee5ng \u0111\u1ec1u c\u00f3 hi\u1ec7u su\u1ea5t cao, an to\u00e0n v\u00e0 th\u00e2n thi\u1ec7n v\u1edbi ng\u01b0\u1eddi d\u00f9ng. Ch\u00fang t\u00f4i tin t\u01b0\u1edfng m\u1ea1nh m\u1ebd r\u1eb1ng&hellip;\" \/>\n<meta name=\"robots\" content=\"index, follow, max-snippet:-1, max-image-preview:large, max-video-preview:-1\" \/>\n<link rel=\"canonical\" href=\"http:\/\/DatasLatitudes%20l\u00e0%20nh\u00e0%20xu\u1ea5t%20b\u1ea3n%20\u1ee9ng%20d\u1ee5ng%20di%20\u0111\u1ed9ng%20(Android%20v\u00e0%20iOS).%20Ch\u00fang%20t\u00f4i%20l\u00e0m%20ch\u1ee7%20c\u00e1c%20c\u00f4ng%20ngh\u1ec7%20v\u00e0%20xu%20h\u01b0\u1edbng%20m\u1edbi%20nh\u1ea5t%20trong%20ph\u00e1t%20tri\u1ec3n%20di%20\u0111\u1ed9ng,%20\u0111\u1ec3%20\u0111\u1ea3m%20b\u1ea3o%20m\u1ed7i%20\u1ee9ng%20d\u1ee5ng%20\u0111\u1ec1u%20c\u00f3%20hi\u1ec7u%20su\u1ea5t%20cao,%20an%20to\u00e0n%20v\u00e0%20th\u00e2n%20thi\u1ec7n%20v\u1edbi%20ng\u01b0\u1eddi%20d\u00f9ng.%20Ch\u00fang%20t\u00f4i%20tin%20t\u01b0\u1edfng%20m\u1ea1nh%20m\u1ebd%20r\u1eb1ng&hellip;\" \/>\n<meta property=\"og:locale\" content=\"vi_VN\" \/>\n<meta property=\"og:type\" content=\"article\" \/>\n<meta property=\"og:title\" content=\"Gi\u1edbi thi\u1ec7u\" \/>\n<meta property=\"og:description\" content=\"DatasLatitudes l\u00e0 nh\u00e0 xu\u1ea5t b\u1ea3n \u1ee9ng d\u1ee5ng di \u0111\u1ed9ng (Android v\u00e0 iOS). Ch\u00fang t\u00f4i l\u00e0m ch\u1ee7 c\u00e1c c\u00f4ng ngh\u1ec7 v\u00e0 xu h\u01b0\u1edbng m\u1edbi nh\u1ea5t trong ph\u00e1t tri\u1ec3n di \u0111\u1ed9ng, \u0111\u1ec3 \u0111\u1ea3m b\u1ea3o m\u1ed7i \u1ee9ng d\u1ee5ng \u0111\u1ec1u c\u00f3 hi\u1ec7u su\u1ea5t cao, an to\u00e0n v\u00e0 th\u00e2n thi\u1ec7n v\u1edbi ng\u01b0\u1eddi d\u00f9ng. Ch\u00fang t\u00f4i tin t\u01b0\u1edfng m\u1ea1nh m\u1ebd r\u1eb1ng&hellip;\" \/>\n<meta property=\"og:url\" content=\"https:\/\/www.dataslatitudes.com\/enterprise\/vi\/\" \/>\n<meta property=\"og:site_name\" content=\"DatasLatitudes\" \/>\n<meta property=\"article:modified_time\" content=\"2025-08-15T04:25:01+00:00\" \/>\n<meta property=\"og:image\" content=\"https:\/\/www.dataslatitudes.com\/enterprise\/wp-content\/uploads\/2025\/08\/img_presentation.webp\" \/>\n\t<meta property=\"og:image:width\" content=\"512\" \/>\n\t<meta property=\"og:image:height\" content=\"512\" \/>\n\t<meta property=\"og:image:type\" content=\"image\/webp\" \/>\n<meta name=\"twitter:card\" content=\"summary_large_image\" \/>\n<meta name=\"twitter:label1\" content=\"\u01af\u1edbc t\u00ednh th\u1eddi gian \u0111\u1ecdc\" \/>\n\t<meta name=\"twitter:data1\" content=\"2 ph\u00fat\" \/>\n<script type=\"application\/ld+json\" class=\"yoast-schema-graph\">{\"@context\":\"https:\/\/schema.org\",\"@graph\":[{\"@type\":\"WebPage\",\"@id\":\"https:\/\/www.dataslatitudes.com\/enterprise\/vi\/\",\"url\":\"https:\/\/www.dataslatitudes.com\/enterprise\/vi\/\",\"name\":\"Presentation - DatasLatitudes\",\"isPartOf\":{\"@id\":\"https:\/\/www.dataslatitudes.com\/enterprise\/en\/#website\"},\"primaryImageOfPage\":{\"@id\":\"https:\/\/www.dataslatitudes.com\/enterprise\/vi\/#primaryimage\"},\"image\":{\"@id\":\"https:\/\/www.dataslatitudes.com\/enterprise\/vi\/#primaryimage\"},\"thumbnailUrl\":\"https:\/\/www.dataslatitudes.com\/enterprise\/wp-content\/uploads\/2025\/08\/img_presentation.webp\",\"datePublished\":\"2025-08-14T14:09:19+00:00\",\"dateModified\":\"2025-08-15T04:25:01+00:00\",\"description\":\"We are experts in the latest technologies and trends in mobile development, ensuring that every application is high-performing, secure and user-friendly.\",\"breadcrumb\":{\"@id\":\"https:\/\/www.dataslatitudes.com\/enterprise\/vi\/#breadcrumb\"},\"inLanguage\":\"vi\",\"potentialAction\":[{\"@type\":\"ReadAction\",\"target\":[\"https:\/\/www.dataslatitudes.com\/enterprise\/vi\/\"]}]},{\"@type\":\"ImageObject\",\"inLanguage\":\"vi\",\"@id\":\"https:\/\/www.dataslatitudes.com\/enterprise\/vi\/#primaryimage\",\"url\":\"https:\/\/www.dataslatitudes.com\/enterprise\/wp-content\/uploads\/2025\/08\/img_presentation.webp\",\"contentUrl\":\"https:\/\/www.dataslatitudes.com\/enterprise\/wp-content\/uploads\/2025\/08\/img_presentation.webp\"},{\"@type\":\"BreadcrumbList\",\"@id\":\"https:\/\/www.dataslatitudes.com\/enterprise\/vi\/#breadcrumb\",\"itemListElement\":[{\"@type\":\"ListItem\",\"position\":1,\"name\":\"Gi\u1edbi thi\u1ec7u\",\"item\":\"https:\/\/www.dataslatitudes.com\/enterprise\/en\/\"},{\"@type\":\"ListItem\",\"position\":2,\"name\":\"Gi\u1edbi thi\u1ec7u\"}]},{\"@type\":\"WebSite\",\"@id\":\"https:\/\/www.dataslatitudes.com\/enterprise\/vi\/en\/#website\",\"url\":\"https:\/\/www.dataslatitudes.com\/enterprise\/vi\/en\/\",\"name\":\"DatasLatitudes\",\"description\":\"DatasLatitudes web site\",\"publisher\":{\"@id\":\"https:\/\/www.dataslatitudes.com\/enterprise\/vi\/en\/#organization\"},\"potentialAction\":[{\"@type\":\"SearchAction\",\"target\":{\"@type\":\"EntryPoint\",\"urlTemplate\":\"https:\/\/www.dataslatitudes.com\/enterprise\/vi\/en\/?s={search_term_string}\"},\"query-input\":{\"@type\":\"PropertyValueSpecification\",\"valueRequired\":true,\"valueName\":\"search_term_string\"}}],\"inLanguage\":\"vi\"},{\"@type\":\"Organization\",\"@id\":\"https:\/\/www.dataslatitudes.com\/enterprise\/vi\/en\/#organization\",\"name\":\"DatasLatitudes\",\"url\":\"https:\/\/www.dataslatitudes.com\/enterprise\/vi\/en\/\",\"logo\":{\"@type\":\"ImageObject\",\"inLanguage\":\"vi\",\"@id\":\"https:\/\/www.dataslatitudes.com\/enterprise\/vi\/en\/#\/schema\/logo\/image\/\",\"url\":\"https:\/\/www.dataslatitudes.com\/enterprise\/wp-content\/uploads\/2025\/08\/logo_mrdv.png\",\"contentUrl\":\"https:\/\/www.dataslatitudes.com\/enterprise\/wp-content\/uploads\/2025\/08\/logo_mrdv.png\",\"width\":72,\"height\":72,\"caption\":\"DatasLatitudes\"},\"image\":{\"@id\":\"https:\/\/www.dataslatitudes.com\/enterprise\/vi\/en\/#\/schema\/logo\/image\/\"}}]}<\/script>\n<!-- \/ Yoast SEO plugin. -->","yoast_head_json":{"title":"Gi\u1edbi thi\u1ec7u","description":"DatasLatitudes l\u00e0 nh\u00e0 xu\u1ea5t b\u1ea3n \u1ee9ng d\u1ee5ng di \u0111\u1ed9ng (Android v\u00e0 iOS). Ch\u00fang t\u00f4i l\u00e0m ch\u1ee7 c\u00e1c c\u00f4ng ngh\u1ec7 v\u00e0 xu h\u01b0\u1edbng m\u1edbi nh\u1ea5t trong ph\u00e1t tri\u1ec3n di \u0111\u1ed9ng, \u0111\u1ec3 \u0111\u1ea3m b\u1ea3o m\u1ed7i \u1ee9ng d\u1ee5ng \u0111\u1ec1u c\u00f3 hi\u1ec7u su\u1ea5t cao, an to\u00e0n v\u00e0 th\u00e2n thi\u1ec7n v\u1edbi ng\u01b0\u1eddi d\u00f9ng. Ch\u00fang t\u00f4i tin t\u01b0\u1edfng m\u1ea1nh m\u1ebd r\u1eb1ng&hellip;","robots":{"index":"index","follow":"follow","max-snippet":"max-snippet:-1","max-image-preview":"max-image-preview:large","max-video-preview":"max-video-preview:-1"},"canonical":"DatasLatitudes l\u00e0 nh\u00e0 xu\u1ea5t b\u1ea3n \u1ee9ng d\u1ee5ng di \u0111\u1ed9ng (Android v\u00e0 iOS). Ch\u00fang t\u00f4i l\u00e0m ch\u1ee7 c\u00e1c c\u00f4ng ngh\u1ec7 v\u00e0 xu h\u01b0\u1edbng m\u1edbi nh\u1ea5t trong ph\u00e1t tri\u1ec3n di \u0111\u1ed9ng, \u0111\u1ec3 \u0111\u1ea3m b\u1ea3o m\u1ed7i \u1ee9ng d\u1ee5ng \u0111\u1ec1u c\u00f3 hi\u1ec7u su\u1ea5t cao, an to\u00e0n v\u00e0 th\u00e2n thi\u1ec7n v\u1edbi ng\u01b0\u1eddi d\u00f9ng. Ch\u00fang t\u00f4i tin t\u01b0\u1edfng m\u1ea1nh m\u1ebd r\u1eb1ng&hellip;","og_locale":"vi_VN","og_type":"article","og_title":"Gi\u1edbi thi\u1ec7u","og_description":"DatasLatitudes l\u00e0 nh\u00e0 xu\u1ea5t b\u1ea3n \u1ee9ng d\u1ee5ng di \u0111\u1ed9ng (Android v\u00e0 iOS). Ch\u00fang t\u00f4i l\u00e0m ch\u1ee7 c\u00e1c c\u00f4ng ngh\u1ec7 v\u00e0 xu h\u01b0\u1edbng m\u1edbi nh\u1ea5t trong ph\u00e1t tri\u1ec3n di \u0111\u1ed9ng, \u0111\u1ec3 \u0111\u1ea3m b\u1ea3o m\u1ed7i \u1ee9ng d\u1ee5ng \u0111\u1ec1u c\u00f3 hi\u1ec7u su\u1ea5t cao, an to\u00e0n v\u00e0 th\u00e2n thi\u1ec7n v\u1edbi ng\u01b0\u1eddi d\u00f9ng. Ch\u00fang t\u00f4i tin t\u01b0\u1edfng m\u1ea1nh m\u1ebd r\u1eb1ng&hellip;","og_url":"https:\/\/www.dataslatitudes.com\/enterprise\/vi\/","og_site_name":"DatasLatitudes","article_modified_time":"2025-08-15T04:25:01+00:00","og_image":[{"width":512,"height":512,"url":"https:\/\/www.dataslatitudes.com\/enterprise\/wp-content\/uploads\/2025\/08\/img_presentation.webp","type":"image\/webp"}],"twitter_card":"summary_large_image","twitter_misc":{"\u01af\u1edbc t\u00ednh th\u1eddi gian \u0111\u1ecdc":"2 ph\u00fat"},"schema":{"@context":"https:\/\/schema.org","@graph":[{"@type":"WebPage","@id":"https:\/\/www.dataslatitudes.com\/enterprise\/vi\/","url":"https:\/\/www.dataslatitudes.com\/enterprise\/vi\/","name":"Presentation - DatasLatitudes","isPartOf":{"@id":"https:\/\/www.dataslatitudes.com\/enterprise\/en\/#website"},"primaryImageOfPage":{"@id":"https:\/\/www.dataslatitudes.com\/enterprise\/vi\/#primaryimage"},"image":{"@id":"https:\/\/www.dataslatitudes.com\/enterprise\/vi\/#primaryimage"},"thumbnailUrl":"https:\/\/www.dataslatitudes.com\/enterprise\/wp-content\/uploads\/2025\/08\/img_presentation.webp","datePublished":"2025-08-14T14:09:19+00:00","dateModified":"2025-08-15T04:25:01+00:00","description":"We are experts in the latest technologies and trends in mobile development, ensuring that every application is high-performing, secure and user-friendly.","breadcrumb":{"@id":"https:\/\/www.dataslatitudes.com\/enterprise\/vi\/#breadcrumb"},"inLanguage":"vi","potentialAction":[{"@type":"ReadAction","target":["https:\/\/www.dataslatitudes.com\/enterprise\/vi\/"]}]},{"@type":"ImageObject","inLanguage":"vi","@id":"https:\/\/www.dataslatitudes.com\/enterprise\/vi\/#primaryimage","url":"https:\/\/www.dataslatitudes.com\/enterprise\/wp-content\/uploads\/2025\/08\/img_presentation.webp","contentUrl":"https:\/\/www.dataslatitudes.com\/enterprise\/wp-content\/uploads\/2025\/08\/img_presentation.webp"},{"@type":"BreadcrumbList","@id":"https:\/\/www.dataslatitudes.com\/enterprise\/vi\/#breadcrumb","itemListElement":[{"@type":"ListItem","position":1,"name":"Gi\u1edbi thi\u1ec7u","item":"https:\/\/www.dataslatitudes.com\/enterprise\/en\/"},{"@type":"ListItem","position":2,"name":"Gi\u1edbi thi\u1ec7u"}]},{"@type":"WebSite","@id":"https:\/\/www.dataslatitudes.com\/enterprise\/vi\/en\/#website","url":"https:\/\/www.dataslatitudes.com\/enterprise\/vi\/en\/","name":"DatasLatitudes","description":"DatasLatitudes web site","publisher":{"@id":"https:\/\/www.dataslatitudes.com\/enterprise\/vi\/en\/#organization"},"potentialAction":[{"@type":"SearchAction","target":{"@type":"EntryPoint","urlTemplate":"https:\/\/www.dataslatitudes.com\/enterprise\/vi\/en\/?s={search_term_string}"},"query-input":{"@type":"PropertyValueSpecification","valueRequired":true,"valueName":"search_term_string"}}],"inLanguage":"vi"},{"@type":"Organization","@id":"https:\/\/www.dataslatitudes.com\/enterprise\/vi\/en\/#organization","name":"DatasLatitudes","url":"https:\/\/www.dataslatitudes.com\/enterprise\/vi\/en\/","logo":{"@type":"ImageObject","inLanguage":"vi","@id":"https:\/\/www.dataslatitudes.com\/enterprise\/vi\/en\/#\/schema\/logo\/image\/","url":"https:\/\/www.dataslatitudes.com\/enterprise\/wp-content\/uploads\/2025\/08\/logo_mrdv.png","contentUrl":"https:\/\/www.dataslatitudes.com\/enterprise\/wp-content\/uploads\/2025\/08\/logo_mrdv.png","width":72,"height":72,"caption":"DatasLatitudes"},"image":{"@id":"https:\/\/www.dataslatitudes.com\/enterprise\/vi\/en\/#\/schema\/logo\/image\/"}}]}},"_links":{"self":[{"href":"https:\/\/www.dataslatitudes.com\/enterprise\/vi\/wp-json\/wp\/v2\/pages\/122","targetHints":{"allow":["GET"]}}],"collection":[{"href":"https:\/\/www.dataslatitudes.com\/enterprise\/vi\/wp-json\/wp\/v2\/pages"}],"about":[{"href":"https:\/\/www.dataslatitudes.com\/enterprise\/vi\/wp-json\/wp\/v2\/types\/page"}],"author":[{"embeddable":true,"href":"https:\/\/www.dataslatitudes.com\/enterprise\/vi\/wp-json\/wp\/v2\/users\/1"}],"replies":[{"embeddable":true,"href":"https:\/\/www.dataslatitudes.com\/enterprise\/vi\/wp-json\/wp\/v2\/comments?post=122"}],"version-history":[{"count":5,"href":"https:\/\/www.dataslatitudes.com\/enterprise\/vi\/wp-json\/wp\/v2\/pages\/122\/revisions"}],"predecessor-version":[{"id":201,"href":"https:\/\/www.dataslatitudes.com\/enterprise\/vi\/wp-json\/wp\/v2\/pages\/122\/revisions\/201"}],"wp:attachment":[{"href":"https:\/\/www.dataslatitudes.com\/enterprise\/vi\/wp-json\/wp\/v2\/media?parent=122"}],"curies":[{"name":"wp","href":"https:\/\/api.w.org\/{rel}","templated":true}]}}