{"id":122,"date":"2025-08-14T14:09:19","date_gmt":"2025-08-14T14:09:19","guid":{"rendered":"https:\/\/www.dataslatitudes.com\/enterprise\/?page_id=122"},"modified":"2025-08-15T04:25:01","modified_gmt":"2025-08-15T04:25:01","slug":"accueil","status":"publish","type":"page","link":"https:\/\/www.dataslatitudes.com\/enterprise\/tr\/","title":{"rendered":"Sunum"},"content":{"rendered":"\r\n<h1 class=\"wp-block-heading has-text-align-center\" style=\"margin-top:var(--wp--preset--spacing--60);margin-bottom:var(--wp--preset--spacing--60);font-size:25px\"><strong>DatasLatitudes, mobil uygulamalar\u0131n (Android ve iOS) bir yay\u0131nc\u0131s\u0131d\u0131r.<\/strong><\/h1>\r\n\r\n\r\n\r\n<p><\/p>\r\n\r\n\r\n\r\n<p class=\"has-black-color has-text-color has-link-color wp-elements-98695d86c346cf900649e11e070dab1f\" style=\"font-size:1rem\">Her uygulaman\u0131n performansl\u0131, g\u00fcvenli ve kullan\u0131c\u0131 dostu olmas\u0131n\u0131 sa\u011flamak i\u00e7in mobil geli\u015ftirme alan\u0131ndaki en son teknolojilere ve trendlere hakim oluyoruz.<\/p>\r\n\r\n\r\n\r\n<p class=\"has-black-color has-text-color has-link-color wp-elements-5284bc9158e48e2c4619ed9eb853553b\" style=\"font-size:1rem\">Teknolojinin herkes i\u00e7in eri\u015filebilir olmas\u0131 gerekti\u011fine inan\u0131yoruz. Bu nedenle, her projenin en ba\u015f\u0131ndan itibaren eri\u015filebilirli\u011fi entegre ediyoruz. G\u00f6rme, i\u015fitme, motor veya bili\u015fsel engelli ki\u015filerin kullanabilece\u011fi uygulamalar tasarl\u0131yoruz. Bu, ekran okuyucular i\u00e7in destek (Android i\u00e7in TalkBack, iOS i\u00e7in VoiceOver), kontrastlar\u0131n ve yaz\u0131 tipi boyutlar\u0131n\u0131n dikkate al\u0131nmas\u0131 ve sesli komutlar veya d\u00fc\u011fmelerle navigasyona uyarlanm\u0131\u015f aray\u00fczler i\u00e7erir.<\/p>\r\n\r\n\r\n\r\n<h2 class=\"wp-block-heading has-text-align-center\" style=\"margin-top:var(--wp--preset--spacing--40);margin-bottom:var(--wp--preset--spacing--40);font-size:25px\"><strong>Son yay\u0131nlar<\/strong><\/h2>\r\n\r\n\r\n\r\n<figure class=\"wp-block-image aligncenter size-full is-resized\" style=\"margin-top:var(--wp--preset--spacing--30);margin-bottom:var(--wp--preset--spacing--30)\"><img fetchpriority=\"high\" decoding=\"async\" width=\"512\" height=\"512\" src=\"https:\/\/www.dataslatitudes.com\/enterprise\/wp-content\/uploads\/2025\/08\/img_presentation.webp\" alt=\"SOS Universal kullan\u0131c\u0131lar\u0131, tehditkar bir g\u00f6lgeye ra\u011fmen koruyucu baloncu\u011funda g\u00fcvende\" class=\"wp-image-141\" style=\"width:376px;height:auto\" srcset=\"https:\/\/www.dataslatitudes.com\/enterprise\/wp-content\/uploads\/2025\/08\/img_presentation.webp 512w, https:\/\/www.dataslatitudes.com\/enterprise\/wp-content\/uploads\/2025\/08\/img_presentation-300x300.webp 300w, https:\/\/www.dataslatitudes.com\/enterprise\/wp-content\/uploads\/2025\/08\/img_presentation-150x150.webp 150w\" sizes=\"(max-width: 512px) 100vw, 512px\" \/><\/figure>\r\n\r\n\r\n\r\n<div class=\"wp-block-columns has-background is-layout-flex wp-container-core-columns-is-layout-7b1c9e8d wp-block-columns-is-layout-flex\" style=\"background-color:#fafaf3;margin-top:0;margin-bottom:0;padding-top:var(--wp--preset--spacing--30);padding-bottom:var(--wp--preset--spacing--30)\">\r\n<div class=\"wp-block-column is-layout-flow wp-block-column-is-layout-flow\" style=\"flex-basis:20%\">\r\n<figure class=\"wp-block-image aligncenter size-full\"><a href=\"https:\/\/www.dataslatitudes.com\/sosuniversal\/tr\/index.php\/\" target=\"_blank\" rel=\" noreferrer noopener\"><img decoding=\"async\" width=\"512\" height=\"512\" src=\"http:\/\/www.dataslatitudes.com\/enterprise\/wp-content\/uploads\/2025\/08\/icone_application.webp\" alt=\"SOS Universal - logo\" class=\"wp-image-89\" srcset=\"https:\/\/www.dataslatitudes.com\/enterprise\/wp-content\/uploads\/2025\/08\/icone_application.webp 512w, https:\/\/www.dataslatitudes.com\/enterprise\/wp-content\/uploads\/2025\/08\/icone_application-300x300.webp 300w, https:\/\/www.dataslatitudes.com\/enterprise\/wp-content\/uploads\/2025\/08\/icone_application-150x150.webp 150w\" sizes=\"(max-width: 512px) 100vw, 512px\" \/><\/a><\/figure>\r\n<\/div>\r\n\r\n\r\n\r\n<div class=\"wp-block-column is-vertically-aligned-center is-layout-flow wp-block-column-is-layout-flow\" style=\"flex-basis:80%\">\r\n<h2 class=\"wp-block-heading has-medium-font-size\"><strong><a href=\"https:\/\/www.dataslatitudes.com\/sosuniversal\/tr\/index.php\/\" target=\"_blank\" rel=\"noreferrer noopener\">SOS Universal, birden fazla bi\u00e7imde uyar\u0131 g\u00f6ndermeyi sa\u011flar.<\/a><\/strong><\/h2>\r\n\r\n\r\n\r\n<p>Sorun durumunda, farkl\u0131 ko\u015fullar alt\u0131nda ve \u00e7e\u015fitli yollarla sevdiklerinden yard\u0131m istemek m\u00fcmk\u00fcnd\u00fcr. SOS Universal; sald\u0131r\u0131, taciz, rahats\u0131zl\u0131k, g\u00fcvensizlik veya di\u011fer rahats\u0131z edici durumlarda kullan\u0131labilir. <a data-type=\"page\" data-id=\"127\" href=\"https:\/\/www.dataslatitudes.com\/sosuniversal\/tr\/index.php\/cas-dutilisation\/\" target=\"_blank\" rel=\"noreferrer noopener\">Kullan\u0131m durumu \u00f6rneklerine bak\u0131n<\/a><\/p>\r\n<\/div>\r\n<\/div>\r\n\r\n\r\n\r\n<p><\/p>\r\n","protected":false},"excerpt":{"rendered":"<p>DatasLatitudes, mobil uygulamalar\u0131n (Android ve iOS) bir yay\u0131nc\u0131s\u0131d\u0131r. Her uygulaman\u0131n performansl\u0131, g\u00fcvenli ve kullan\u0131c\u0131 dostu olmas\u0131n\u0131 sa\u011flamak i\u00e7in mobil geli\u015ftirme [&hellip;]<\/p>\n","protected":false},"author":1,"featured_media":0,"parent":0,"menu_order":0,"comment_status":"closed","ping_status":"closed","template":"","meta":{"site-sidebar-layout":"default","site-content-layout":"","ast-site-content-layout":"default","site-content-style":"default","site-sidebar-style":"default","ast-global-header-display":"","ast-banner-title-visibility":"","ast-main-header-display":"","ast-hfb-above-header-display":"","ast-hfb-below-header-display":"","ast-hfb-mobile-header-display":"","site-post-title":"disabled","ast-breadcrumbs-content":"","ast-featured-img":"","footer-sml-layout":"","theme-transparent-header-meta":"","adv-header-id-meta":"","stick-header-meta":"","header-above-stick-meta":"","header-main-stick-meta":"","header-below-stick-meta":"","astra-migrate-meta-layouts":"default","ast-page-background-enabled":"default","ast-page-background-meta":{"desktop":{"background-color":"var(--ast-global-color-5)","background-image":"","background-repeat":"repeat","background-position":"center center","background-size":"auto","background-attachment":"scroll","background-type":"","background-media":"","overlay-type":"","overlay-color":"","overlay-opacity":"","overlay-gradient":""},"tablet":{"background-color":"","background-image":"","background-repeat":"repeat","background-position":"center center","background-size":"auto","background-attachment":"scroll","background-type":"","background-media":"","overlay-type":"","overlay-color":"","overlay-opacity":"","overlay-gradient":""},"mobile":{"background-color":"","background-image":"","background-repeat":"repeat","background-position":"center center","background-size":"auto","background-attachment":"scroll","background-type":"","background-media":"","overlay-type":"","overlay-color":"","overlay-opacity":"","overlay-gradient":""}},"ast-content-background-meta":{"desktop":{"background-color":"var(--ast-global-color-4)","background-image":"","background-repeat":"repeat","background-position":"center center","background-size":"auto","background-attachment":"scroll","background-type":"","background-media":"","overlay-type":"","overlay-color":"","overlay-opacity":"","overlay-gradient":""},"tablet":{"background-color":"var(--ast-global-color-4)","background-image":"","background-repeat":"repeat","background-position":"center center","background-size":"auto","background-attachment":"scroll","background-type":"","background-media":"","overlay-type":"","overlay-color":"","overlay-opacity":"","overlay-gradient":""},"mobile":{"background-color":"var(--ast-global-color-4)","background-image":"","background-repeat":"repeat","background-position":"center center","background-size":"auto","background-attachment":"scroll","background-type":"","background-media":"","overlay-type":"","overlay-color":"","overlay-opacity":"","overlay-gradient":""}},"footnotes":""},"class_list":["post-122","page","type-page","status-publish","hentry"],"yoast_head":"<!-- This site is optimized with the Yoast SEO plugin v25.6 - https:\/\/yoast.com\/wordpress\/plugins\/seo\/ -->\n<title>Sunum<\/title>\n<meta name=\"description\" content=\"DatasLatitudes, mobil uygulamalar\u0131n (Android ve iOS) bir yay\u0131nc\u0131s\u0131d\u0131r. Her uygulaman\u0131n performansl\u0131, g\u00fcvenli ve kullan\u0131c\u0131 dostu olmas\u0131n\u0131 sa\u011flamak i\u00e7in mobil geli\u015ftirme alan\u0131ndaki en son teknolojilere ve trendlere hakim oluyoruz. Teknolojinin herkes i\u00e7in eri\u015filebilir olmas\u0131 gerekti\u011fine inan\u0131yoruz. Bu nedenle, her projenin en ba\u015f\u0131ndan itibaren eri\u015filebilirli\u011fi entegre ediyoruz. G\u00f6rme, i\u015fitme, motor veya bili\u015fsel engelli ki\u015filerin kullanabilece\u011fi uygulamalar tasarl\u0131yoruz.&hellip;\" \/>\n<meta name=\"robots\" content=\"index, follow, max-snippet:-1, max-image-preview:large, max-video-preview:-1\" \/>\n<link rel=\"canonical\" href=\"http:\/\/DatasLatitudes,%20mobil%20uygulamalar\u0131n%20(Android%20ve%20iOS)%20bir%20yay\u0131nc\u0131s\u0131d\u0131r.%20Her%20uygulaman\u0131n%20performansl\u0131,%20g\u00fcvenli%20ve%20kullan\u0131c\u0131%20dostu%20olmas\u0131n\u0131%20sa\u011flamak%20i\u00e7in%20mobil%20geli\u015ftirme%20alan\u0131ndaki%20en%20son%20teknolojilere%20ve%20trendlere%20hakim%20oluyoruz.%20Teknolojinin%20herkes%20i\u00e7in%20eri\u015filebilir%20olmas\u0131%20gerekti\u011fine%20inan\u0131yoruz.%20Bu%20nedenle,%20her%20projenin%20en%20ba\u015f\u0131ndan%20itibaren%20eri\u015filebilirli\u011fi%20entegre%20ediyoruz.%20G\u00f6rme,%20i\u015fitme,%20motor%20veya%20bili\u015fsel%20engelli%20ki\u015filerin%20kullanabilece\u011fi%20uygulamalar%20tasarl\u0131yoruz.&hellip;\" \/>\n<meta property=\"og:locale\" content=\"tr_TR\" \/>\n<meta property=\"og:type\" content=\"article\" \/>\n<meta property=\"og:title\" content=\"Sunum\" \/>\n<meta property=\"og:description\" content=\"DatasLatitudes, mobil uygulamalar\u0131n (Android ve iOS) bir yay\u0131nc\u0131s\u0131d\u0131r. Her uygulaman\u0131n performansl\u0131, g\u00fcvenli ve kullan\u0131c\u0131 dostu olmas\u0131n\u0131 sa\u011flamak i\u00e7in mobil geli\u015ftirme alan\u0131ndaki en son teknolojilere ve trendlere hakim oluyoruz. Teknolojinin herkes i\u00e7in eri\u015filebilir olmas\u0131 gerekti\u011fine inan\u0131yoruz. Bu nedenle, her projenin en ba\u015f\u0131ndan itibaren eri\u015filebilirli\u011fi entegre ediyoruz. G\u00f6rme, i\u015fitme, motor veya bili\u015fsel engelli ki\u015filerin kullanabilece\u011fi uygulamalar tasarl\u0131yoruz.&hellip;\" \/>\n<meta property=\"og:url\" content=\"https:\/\/www.dataslatitudes.com\/enterprise\/tr\/\" \/>\n<meta property=\"og:site_name\" content=\"DatasLatitudes\" \/>\n<meta property=\"article:modified_time\" content=\"2025-08-15T04:25:01+00:00\" \/>\n<meta property=\"og:image\" content=\"https:\/\/www.dataslatitudes.com\/enterprise\/wp-content\/uploads\/2025\/08\/img_presentation.webp\" \/>\n\t<meta property=\"og:image:width\" content=\"512\" \/>\n\t<meta property=\"og:image:height\" content=\"512\" \/>\n\t<meta property=\"og:image:type\" content=\"image\/webp\" \/>\n<meta name=\"twitter:card\" content=\"summary_large_image\" \/>\n<meta name=\"twitter:label1\" content=\"Tahmini okuma s\u00fcresi\" \/>\n\t<meta name=\"twitter:data1\" content=\"2 dakika\" \/>\n<script type=\"application\/ld+json\" class=\"yoast-schema-graph\">{\"@context\":\"https:\/\/schema.org\",\"@graph\":[{\"@type\":\"WebPage\",\"@id\":\"https:\/\/www.dataslatitudes.com\/enterprise\/tr\/\",\"url\":\"https:\/\/www.dataslatitudes.com\/enterprise\/tr\/\",\"name\":\"Presentation - DatasLatitudes\",\"isPartOf\":{\"@id\":\"https:\/\/www.dataslatitudes.com\/enterprise\/en\/#website\"},\"primaryImageOfPage\":{\"@id\":\"https:\/\/www.dataslatitudes.com\/enterprise\/tr\/#primaryimage\"},\"image\":{\"@id\":\"https:\/\/www.dataslatitudes.com\/enterprise\/tr\/#primaryimage\"},\"thumbnailUrl\":\"https:\/\/www.dataslatitudes.com\/enterprise\/wp-content\/uploads\/2025\/08\/img_presentation.webp\",\"datePublished\":\"2025-08-14T14:09:19+00:00\",\"dateModified\":\"2025-08-15T04:25:01+00:00\",\"description\":\"We are experts in the latest technologies and trends in mobile development, ensuring that every application is high-performing, secure and user-friendly.\",\"breadcrumb\":{\"@id\":\"https:\/\/www.dataslatitudes.com\/enterprise\/tr\/#breadcrumb\"},\"inLanguage\":\"tr\",\"potentialAction\":[{\"@type\":\"ReadAction\",\"target\":[\"https:\/\/www.dataslatitudes.com\/enterprise\/tr\/\"]}]},{\"@type\":\"ImageObject\",\"inLanguage\":\"tr\",\"@id\":\"https:\/\/www.dataslatitudes.com\/enterprise\/tr\/#primaryimage\",\"url\":\"https:\/\/www.dataslatitudes.com\/enterprise\/wp-content\/uploads\/2025\/08\/img_presentation.webp\",\"contentUrl\":\"https:\/\/www.dataslatitudes.com\/enterprise\/wp-content\/uploads\/2025\/08\/img_presentation.webp\"},{\"@type\":\"BreadcrumbList\",\"@id\":\"https:\/\/www.dataslatitudes.com\/enterprise\/tr\/#breadcrumb\",\"itemListElement\":[{\"@type\":\"ListItem\",\"position\":1,\"name\":\"Sunum\",\"item\":\"https:\/\/www.dataslatitudes.com\/enterprise\/en\/\"},{\"@type\":\"ListItem\",\"position\":2,\"name\":\"Sunum\"}]},{\"@type\":\"WebSite\",\"@id\":\"https:\/\/www.dataslatitudes.com\/enterprise\/tr\/en\/#website\",\"url\":\"https:\/\/www.dataslatitudes.com\/enterprise\/tr\/en\/\",\"name\":\"DatasLatitudes\",\"description\":\"DatasLatitudes web site\",\"publisher\":{\"@id\":\"https:\/\/www.dataslatitudes.com\/enterprise\/tr\/en\/#organization\"},\"potentialAction\":[{\"@type\":\"SearchAction\",\"target\":{\"@type\":\"EntryPoint\",\"urlTemplate\":\"https:\/\/www.dataslatitudes.com\/enterprise\/tr\/en\/?s={search_term_string}\"},\"query-input\":{\"@type\":\"PropertyValueSpecification\",\"valueRequired\":true,\"valueName\":\"search_term_string\"}}],\"inLanguage\":\"tr\"},{\"@type\":\"Organization\",\"@id\":\"https:\/\/www.dataslatitudes.com\/enterprise\/tr\/en\/#organization\",\"name\":\"DatasLatitudes\",\"url\":\"https:\/\/www.dataslatitudes.com\/enterprise\/tr\/en\/\",\"logo\":{\"@type\":\"ImageObject\",\"inLanguage\":\"tr\",\"@id\":\"https:\/\/www.dataslatitudes.com\/enterprise\/tr\/en\/#\/schema\/logo\/image\/\",\"url\":\"https:\/\/www.dataslatitudes.com\/enterprise\/wp-content\/uploads\/2025\/08\/logo_mrdv.png\",\"contentUrl\":\"https:\/\/www.dataslatitudes.com\/enterprise\/wp-content\/uploads\/2025\/08\/logo_mrdv.png\",\"width\":72,\"height\":72,\"caption\":\"DatasLatitudes\"},\"image\":{\"@id\":\"https:\/\/www.dataslatitudes.com\/enterprise\/tr\/en\/#\/schema\/logo\/image\/\"}}]}<\/script>\n<!-- \/ Yoast SEO plugin. -->","yoast_head_json":{"title":"Sunum","description":"DatasLatitudes, mobil uygulamalar\u0131n (Android ve iOS) bir yay\u0131nc\u0131s\u0131d\u0131r. Her uygulaman\u0131n performansl\u0131, g\u00fcvenli ve kullan\u0131c\u0131 dostu olmas\u0131n\u0131 sa\u011flamak i\u00e7in mobil geli\u015ftirme alan\u0131ndaki en son teknolojilere ve trendlere hakim oluyoruz. Teknolojinin herkes i\u00e7in eri\u015filebilir olmas\u0131 gerekti\u011fine inan\u0131yoruz. Bu nedenle, her projenin en ba\u015f\u0131ndan itibaren eri\u015filebilirli\u011fi entegre ediyoruz. G\u00f6rme, i\u015fitme, motor veya bili\u015fsel engelli ki\u015filerin kullanabilece\u011fi uygulamalar tasarl\u0131yoruz.&hellip;","robots":{"index":"index","follow":"follow","max-snippet":"max-snippet:-1","max-image-preview":"max-image-preview:large","max-video-preview":"max-video-preview:-1"},"canonical":"DatasLatitudes, mobil uygulamalar\u0131n (Android ve iOS) bir yay\u0131nc\u0131s\u0131d\u0131r. Her uygulaman\u0131n performansl\u0131, g\u00fcvenli ve kullan\u0131c\u0131 dostu olmas\u0131n\u0131 sa\u011flamak i\u00e7in mobil geli\u015ftirme alan\u0131ndaki en son teknolojilere ve trendlere hakim oluyoruz. Teknolojinin herkes i\u00e7in eri\u015filebilir olmas\u0131 gerekti\u011fine inan\u0131yoruz. Bu nedenle, her projenin en ba\u015f\u0131ndan itibaren eri\u015filebilirli\u011fi entegre ediyoruz. G\u00f6rme, i\u015fitme, motor veya bili\u015fsel engelli ki\u015filerin kullanabilece\u011fi uygulamalar tasarl\u0131yoruz.&hellip;","og_locale":"tr_TR","og_type":"article","og_title":"Sunum","og_description":"DatasLatitudes, mobil uygulamalar\u0131n (Android ve iOS) bir yay\u0131nc\u0131s\u0131d\u0131r. Her uygulaman\u0131n performansl\u0131, g\u00fcvenli ve kullan\u0131c\u0131 dostu olmas\u0131n\u0131 sa\u011flamak i\u00e7in mobil geli\u015ftirme alan\u0131ndaki en son teknolojilere ve trendlere hakim oluyoruz. Teknolojinin herkes i\u00e7in eri\u015filebilir olmas\u0131 gerekti\u011fine inan\u0131yoruz. Bu nedenle, her projenin en ba\u015f\u0131ndan itibaren eri\u015filebilirli\u011fi entegre ediyoruz. G\u00f6rme, i\u015fitme, motor veya bili\u015fsel engelli ki\u015filerin kullanabilece\u011fi uygulamalar tasarl\u0131yoruz.&hellip;","og_url":"https:\/\/www.dataslatitudes.com\/enterprise\/tr\/","og_site_name":"DatasLatitudes","article_modified_time":"2025-08-15T04:25:01+00:00","og_image":[{"width":512,"height":512,"url":"https:\/\/www.dataslatitudes.com\/enterprise\/wp-content\/uploads\/2025\/08\/img_presentation.webp","type":"image\/webp"}],"twitter_card":"summary_large_image","twitter_misc":{"Tahmini okuma s\u00fcresi":"2 dakika"},"schema":{"@context":"https:\/\/schema.org","@graph":[{"@type":"WebPage","@id":"https:\/\/www.dataslatitudes.com\/enterprise\/tr\/","url":"https:\/\/www.dataslatitudes.com\/enterprise\/tr\/","name":"Presentation - DatasLatitudes","isPartOf":{"@id":"https:\/\/www.dataslatitudes.com\/enterprise\/en\/#website"},"primaryImageOfPage":{"@id":"https:\/\/www.dataslatitudes.com\/enterprise\/tr\/#primaryimage"},"image":{"@id":"https:\/\/www.dataslatitudes.com\/enterprise\/tr\/#primaryimage"},"thumbnailUrl":"https:\/\/www.dataslatitudes.com\/enterprise\/wp-content\/uploads\/2025\/08\/img_presentation.webp","datePublished":"2025-08-14T14:09:19+00:00","dateModified":"2025-08-15T04:25:01+00:00","description":"We are experts in the latest technologies and trends in mobile development, ensuring that every application is high-performing, secure and user-friendly.","breadcrumb":{"@id":"https:\/\/www.dataslatitudes.com\/enterprise\/tr\/#breadcrumb"},"inLanguage":"tr","potentialAction":[{"@type":"ReadAction","target":["https:\/\/www.dataslatitudes.com\/enterprise\/tr\/"]}]},{"@type":"ImageObject","inLanguage":"tr","@id":"https:\/\/www.dataslatitudes.com\/enterprise\/tr\/#primaryimage","url":"https:\/\/www.dataslatitudes.com\/enterprise\/wp-content\/uploads\/2025\/08\/img_presentation.webp","contentUrl":"https:\/\/www.dataslatitudes.com\/enterprise\/wp-content\/uploads\/2025\/08\/img_presentation.webp"},{"@type":"BreadcrumbList","@id":"https:\/\/www.dataslatitudes.com\/enterprise\/tr\/#breadcrumb","itemListElement":[{"@type":"ListItem","position":1,"name":"Sunum","item":"https:\/\/www.dataslatitudes.com\/enterprise\/en\/"},{"@type":"ListItem","position":2,"name":"Sunum"}]},{"@type":"WebSite","@id":"https:\/\/www.dataslatitudes.com\/enterprise\/tr\/en\/#website","url":"https:\/\/www.dataslatitudes.com\/enterprise\/tr\/en\/","name":"DatasLatitudes","description":"DatasLatitudes web site","publisher":{"@id":"https:\/\/www.dataslatitudes.com\/enterprise\/tr\/en\/#organization"},"potentialAction":[{"@type":"SearchAction","target":{"@type":"EntryPoint","urlTemplate":"https:\/\/www.dataslatitudes.com\/enterprise\/tr\/en\/?s={search_term_string}"},"query-input":{"@type":"PropertyValueSpecification","valueRequired":true,"valueName":"search_term_string"}}],"inLanguage":"tr"},{"@type":"Organization","@id":"https:\/\/www.dataslatitudes.com\/enterprise\/tr\/en\/#organization","name":"DatasLatitudes","url":"https:\/\/www.dataslatitudes.com\/enterprise\/tr\/en\/","logo":{"@type":"ImageObject","inLanguage":"tr","@id":"https:\/\/www.dataslatitudes.com\/enterprise\/tr\/en\/#\/schema\/logo\/image\/","url":"https:\/\/www.dataslatitudes.com\/enterprise\/wp-content\/uploads\/2025\/08\/logo_mrdv.png","contentUrl":"https:\/\/www.dataslatitudes.com\/enterprise\/wp-content\/uploads\/2025\/08\/logo_mrdv.png","width":72,"height":72,"caption":"DatasLatitudes"},"image":{"@id":"https:\/\/www.dataslatitudes.com\/enterprise\/tr\/en\/#\/schema\/logo\/image\/"}}]}},"_links":{"self":[{"href":"https:\/\/www.dataslatitudes.com\/enterprise\/tr\/wp-json\/wp\/v2\/pages\/122","targetHints":{"allow":["GET"]}}],"collection":[{"href":"https:\/\/www.dataslatitudes.com\/enterprise\/tr\/wp-json\/wp\/v2\/pages"}],"about":[{"href":"https:\/\/www.dataslatitudes.com\/enterprise\/tr\/wp-json\/wp\/v2\/types\/page"}],"author":[{"embeddable":true,"href":"https:\/\/www.dataslatitudes.com\/enterprise\/tr\/wp-json\/wp\/v2\/users\/1"}],"replies":[{"embeddable":true,"href":"https:\/\/www.dataslatitudes.com\/enterprise\/tr\/wp-json\/wp\/v2\/comments?post=122"}],"version-history":[{"count":5,"href":"https:\/\/www.dataslatitudes.com\/enterprise\/tr\/wp-json\/wp\/v2\/pages\/122\/revisions"}],"predecessor-version":[{"id":201,"href":"https:\/\/www.dataslatitudes.com\/enterprise\/tr\/wp-json\/wp\/v2\/pages\/122\/revisions\/201"}],"wp:attachment":[{"href":"https:\/\/www.dataslatitudes.com\/enterprise\/tr\/wp-json\/wp\/v2\/media?parent=122"}],"curies":[{"name":"wp","href":"https:\/\/api.w.org\/{rel}","templated":true}]}}