{"id":122,"date":"2025-08-14T14:09:19","date_gmt":"2025-08-14T14:09:19","guid":{"rendered":"https:\/\/www.dataslatitudes.com\/enterprise\/?page_id=122"},"modified":"2025-08-15T04:25:01","modified_gmt":"2025-08-15T04:25:01","slug":"accueil","status":"publish","type":"page","link":"https:\/\/www.dataslatitudes.com\/enterprise\/sv\/","title":{"rendered":"Presentation"},"content":{"rendered":"\r\n<h1 class=\"wp-block-heading has-text-align-center\" style=\"margin-top:var(--wp--preset--spacing--60);margin-bottom:var(--wp--preset--spacing--60);font-size:25px\"><strong>DatasLatitudes \u00e4r en utgivare av mobila applikationer (Android och iOS).<\/strong><\/h1>\r\n\r\n\r\n\r\n<p><\/p>\r\n\r\n\r\n\r\n<p class=\"has-black-color has-text-color has-link-color wp-elements-9959e2ee51dc830a669eed7453b950e0\" style=\"font-size:1rem\">Vi beh\u00e4rskar de senaste teknikerna och trenderna inom mobilutveckling f\u00f6r att s\u00e4kerst\u00e4lla att varje applikation \u00e4r h\u00f6gpresterande, s\u00e4ker och anv\u00e4ndarv\u00e4nlig.<\/p>\r\n\r\n\r\n\r\n<p class=\"has-black-color has-text-color has-link-color wp-elements-211c49f9109af68dfa2645c498477aca\" style=\"font-size:1rem\">Vi tror starkt p\u00e5 att teknik ska vara tillg\u00e4nglig f\u00f6r alla. D\u00e4rf\u00f6r integrerar vi tillg\u00e4nglighet fr\u00e5n b\u00f6rjan av varje projekt. Vi designar applikationer som kan anv\u00e4ndas av personer med syn-, h\u00f6rsel-, motoriska eller kognitiva funktionsneds\u00e4ttningar. Detta inkluderar st\u00f6d f\u00f6r sk\u00e4rml\u00e4sare (TalkBack f\u00f6r Android, VoiceOver f\u00f6r iOS), h\u00e4nsyn till kontraster och teckenstorlekar, samt gr\u00e4nssnitt anpassade f\u00f6r r\u00f6ststyrd navigering eller navigering via knappar.<\/p>\r\n\r\n\r\n\r\n<h2 class=\"wp-block-heading has-text-align-center\" style=\"margin-top:var(--wp--preset--spacing--40);margin-bottom:var(--wp--preset--spacing--40);font-size:25px\"><strong>Senaste publikationer<\/strong><\/h2>\r\n\r\n\r\n\r\n<figure class=\"wp-block-image aligncenter size-full is-resized\" style=\"margin-top:var(--wp--preset--spacing--30);margin-bottom:var(--wp--preset--spacing--30)\"><img fetchpriority=\"high\" decoding=\"async\" width=\"512\" height=\"512\" src=\"https:\/\/www.dataslatitudes.com\/enterprise\/wp-content\/uploads\/2025\/08\/img_presentation.webp\" alt=\"Anv\u00e4ndarna av SOS Universal i skydd av dess skyddande bubbla trots en hotfull skugga\" class=\"wp-image-141\" style=\"width:376px;height:auto\" srcset=\"https:\/\/www.dataslatitudes.com\/enterprise\/wp-content\/uploads\/2025\/08\/img_presentation.webp 512w, https:\/\/www.dataslatitudes.com\/enterprise\/wp-content\/uploads\/2025\/08\/img_presentation-300x300.webp 300w, https:\/\/www.dataslatitudes.com\/enterprise\/wp-content\/uploads\/2025\/08\/img_presentation-150x150.webp 150w\" sizes=\"(max-width: 512px) 100vw, 512px\" \/><\/figure>\r\n\r\n\r\n\r\n<div class=\"wp-block-columns has-background is-layout-flex wp-container-core-columns-is-layout-7b1c9e8d wp-block-columns-is-layout-flex\" style=\"background-color:#fafaf3;margin-top:0;margin-bottom:0;padding-top:var(--wp--preset--spacing--30);padding-bottom:var(--wp--preset--spacing--30)\">\r\n<div class=\"wp-block-column is-layout-flow wp-block-column-is-layout-flow\" style=\"flex-basis:20%\">\r\n<figure class=\"wp-block-image aligncenter size-full\"><a href=\"https:\/\/www.dataslatitudes.com\/sosuniversal\/sv\/index.php\/\" target=\"_blank\" rel=\" noreferrer noopener\"><img decoding=\"async\" width=\"512\" height=\"512\" src=\"http:\/\/www.dataslatitudes.com\/enterprise\/wp-content\/uploads\/2025\/08\/icone_application.webp\" alt=\"SOS Universal - logo\" class=\"wp-image-89\" srcset=\"https:\/\/www.dataslatitudes.com\/enterprise\/wp-content\/uploads\/2025\/08\/icone_application.webp 512w, https:\/\/www.dataslatitudes.com\/enterprise\/wp-content\/uploads\/2025\/08\/icone_application-300x300.webp 300w, https:\/\/www.dataslatitudes.com\/enterprise\/wp-content\/uploads\/2025\/08\/icone_application-150x150.webp 150w\" sizes=\"(max-width: 512px) 100vw, 512px\" \/><\/a><\/figure>\r\n<\/div>\r\n\r\n\r\n\r\n<div class=\"wp-block-column is-vertically-aligned-center is-layout-flow wp-block-column-is-layout-flow\" style=\"flex-basis:80%\">\r\n<h2 class=\"wp-block-heading has-medium-font-size\"><strong><a href=\"https:\/\/www.dataslatitudes.com\/sosuniversal\/sv\/index.php\/\" target=\"_blank\" rel=\"noreferrer noopener\">SOS Universal m\u00f6jligg\u00f6r att skicka varningar i flera former<\/a><\/strong><\/h2>\r\n\r\n\r\n\r\n<p>Det \u00e4r m\u00f6jligt att be sina n\u00e4ra och k\u00e4ra om hj\u00e4lp vid problem, under olika omst\u00e4ndigheter och p\u00e5 flera s\u00e4tt. SOS Universal kan anv\u00e4ndas vid \u00f6vergrepp, trakasserier, illam\u00e5ende, os\u00e4kra situationer eller andra obekv\u00e4ma situationer. <a data-type=\"page\" data-id=\"127\" href=\"https:\/\/www.dataslatitudes.com\/sosuniversal\/sv\/index.php\/cas-dutilisation\/\" target=\"_blank\" rel=\"noreferrer noopener\">Se exempel p\u00e5 anv\u00e4ndningsfall<\/a><\/p>\r\n<\/div>\r\n<\/div>\r\n\r\n\r\n\r\n<p><\/p>\r\n","protected":false},"excerpt":{"rendered":"<p>DatasLatitudes \u00e4r en utgivare av mobila applikationer (Android och iOS). Vi beh\u00e4rskar de senaste teknikerna och trenderna inom mobilutveckling f\u00f6r [&hellip;]<\/p>\n","protected":false},"author":1,"featured_media":0,"parent":0,"menu_order":0,"comment_status":"closed","ping_status":"closed","template":"","meta":{"site-sidebar-layout":"default","site-content-layout":"","ast-site-content-layout":"default","site-content-style":"default","site-sidebar-style":"default","ast-global-header-display":"","ast-banner-title-visibility":"","ast-main-header-display":"","ast-hfb-above-header-display":"","ast-hfb-below-header-display":"","ast-hfb-mobile-header-display":"","site-post-title":"disabled","ast-breadcrumbs-content":"","ast-featured-img":"","footer-sml-layout":"","theme-transparent-header-meta":"","adv-header-id-meta":"","stick-header-meta":"","header-above-stick-meta":"","header-main-stick-meta":"","header-below-stick-meta":"","astra-migrate-meta-layouts":"default","ast-page-background-enabled":"default","ast-page-background-meta":{"desktop":{"background-color":"var(--ast-global-color-5)","background-image":"","background-repeat":"repeat","background-position":"center center","background-size":"auto","background-attachment":"scroll","background-type":"","background-media":"","overlay-type":"","overlay-color":"","overlay-opacity":"","overlay-gradient":""},"tablet":{"background-color":"","background-image":"","background-repeat":"repeat","background-position":"center center","background-size":"auto","background-attachment":"scroll","background-type":"","background-media":"","overlay-type":"","overlay-color":"","overlay-opacity":"","overlay-gradient":""},"mobile":{"background-color":"","background-image":"","background-repeat":"repeat","background-position":"center center","background-size":"auto","background-attachment":"scroll","background-type":"","background-media":"","overlay-type":"","overlay-color":"","overlay-opacity":"","overlay-gradient":""}},"ast-content-background-meta":{"desktop":{"background-color":"var(--ast-global-color-4)","background-image":"","background-repeat":"repeat","background-position":"center center","background-size":"auto","background-attachment":"scroll","background-type":"","background-media":"","overlay-type":"","overlay-color":"","overlay-opacity":"","overlay-gradient":""},"tablet":{"background-color":"var(--ast-global-color-4)","background-image":"","background-repeat":"repeat","background-position":"center center","background-size":"auto","background-attachment":"scroll","background-type":"","background-media":"","overlay-type":"","overlay-color":"","overlay-opacity":"","overlay-gradient":""},"mobile":{"background-color":"var(--ast-global-color-4)","background-image":"","background-repeat":"repeat","background-position":"center center","background-size":"auto","background-attachment":"scroll","background-type":"","background-media":"","overlay-type":"","overlay-color":"","overlay-opacity":"","overlay-gradient":""}},"footnotes":""},"class_list":["post-122","page","type-page","status-publish","hentry"],"yoast_head":"<!-- This site is optimized with the Yoast SEO plugin v25.6 - https:\/\/yoast.com\/wordpress\/plugins\/seo\/ -->\n<title>Presentation<\/title>\n<meta name=\"description\" content=\"DatasLatitudes \u00e4r en utgivare av mobila applikationer (Android och iOS). Vi beh\u00e4rskar de senaste teknikerna och trenderna inom mobilutveckling f\u00f6r att s\u00e4kerst\u00e4lla att varje applikation \u00e4r h\u00f6gpresterande, s\u00e4ker och anv\u00e4ndarv\u00e4nlig. Vi tror starkt p\u00e5 att teknik ska vara tillg\u00e4nglig f\u00f6r alla. D\u00e4rf\u00f6r integrerar vi tillg\u00e4nglighet fr\u00e5n b\u00f6rjan av varje projekt. Vi designar applikationer som kan&hellip;\" \/>\n<meta name=\"robots\" content=\"index, follow, max-snippet:-1, max-image-preview:large, max-video-preview:-1\" \/>\n<link rel=\"canonical\" href=\"http:\/\/DatasLatitudes%20\u00e4r%20en%20utgivare%20av%20mobila%20applikationer%20(Android%20och%20iOS).%20Vi%20beh\u00e4rskar%20de%20senaste%20teknikerna%20och%20trenderna%20inom%20mobilutveckling%20f\u00f6r%20att%20s\u00e4kerst\u00e4lla%20att%20varje%20applikation%20\u00e4r%20h\u00f6gpresterande,%20s\u00e4ker%20och%20anv\u00e4ndarv\u00e4nlig.%20Vi%20tror%20starkt%20p\u00e5%20att%20teknik%20ska%20vara%20tillg\u00e4nglig%20f\u00f6r%20alla.%20D\u00e4rf\u00f6r%20integrerar%20vi%20tillg\u00e4nglighet%20fr\u00e5n%20b\u00f6rjan%20av%20varje%20projekt.%20Vi%20designar%20applikationer%20som%20kan&hellip;\" \/>\n<meta property=\"og:locale\" content=\"sv_SE\" \/>\n<meta property=\"og:type\" content=\"article\" \/>\n<meta property=\"og:title\" content=\"Presentation\" \/>\n<meta property=\"og:description\" content=\"DatasLatitudes \u00e4r en utgivare av mobila applikationer (Android och iOS). Vi beh\u00e4rskar de senaste teknikerna och trenderna inom mobilutveckling f\u00f6r att s\u00e4kerst\u00e4lla att varje applikation \u00e4r h\u00f6gpresterande, s\u00e4ker och anv\u00e4ndarv\u00e4nlig. Vi tror starkt p\u00e5 att teknik ska vara tillg\u00e4nglig f\u00f6r alla. D\u00e4rf\u00f6r integrerar vi tillg\u00e4nglighet fr\u00e5n b\u00f6rjan av varje projekt. Vi designar applikationer som kan&hellip;\" \/>\n<meta property=\"og:url\" content=\"https:\/\/www.dataslatitudes.com\/enterprise\/sv\/\" \/>\n<meta property=\"og:site_name\" content=\"DatasLatitudes\" \/>\n<meta property=\"article:modified_time\" content=\"2025-08-15T04:25:01+00:00\" \/>\n<meta property=\"og:image\" content=\"https:\/\/www.dataslatitudes.com\/enterprise\/wp-content\/uploads\/2025\/08\/img_presentation.webp\" \/>\n\t<meta property=\"og:image:width\" content=\"512\" \/>\n\t<meta property=\"og:image:height\" content=\"512\" \/>\n\t<meta property=\"og:image:type\" content=\"image\/webp\" \/>\n<meta name=\"twitter:card\" content=\"summary_large_image\" \/>\n<meta name=\"twitter:label1\" content=\"Ber\u00e4knad l\u00e4stid\" \/>\n\t<meta name=\"twitter:data1\" content=\"2 minuter\" \/>\n<script type=\"application\/ld+json\" class=\"yoast-schema-graph\">{\"@context\":\"https:\/\/schema.org\",\"@graph\":[{\"@type\":\"WebPage\",\"@id\":\"https:\/\/www.dataslatitudes.com\/enterprise\/sv\/\",\"url\":\"https:\/\/www.dataslatitudes.com\/enterprise\/sv\/\",\"name\":\"Presentation - DatasLatitudes\",\"isPartOf\":{\"@id\":\"https:\/\/www.dataslatitudes.com\/enterprise\/en\/#website\"},\"primaryImageOfPage\":{\"@id\":\"https:\/\/www.dataslatitudes.com\/enterprise\/sv\/#primaryimage\"},\"image\":{\"@id\":\"https:\/\/www.dataslatitudes.com\/enterprise\/sv\/#primaryimage\"},\"thumbnailUrl\":\"https:\/\/www.dataslatitudes.com\/enterprise\/wp-content\/uploads\/2025\/08\/img_presentation.webp\",\"datePublished\":\"2025-08-14T14:09:19+00:00\",\"dateModified\":\"2025-08-15T04:25:01+00:00\",\"description\":\"We are experts in the latest technologies and trends in mobile development, ensuring that every application is high-performing, secure and user-friendly.\",\"breadcrumb\":{\"@id\":\"https:\/\/www.dataslatitudes.com\/enterprise\/sv\/#breadcrumb\"},\"inLanguage\":\"sv-SE\",\"potentialAction\":[{\"@type\":\"ReadAction\",\"target\":[\"https:\/\/www.dataslatitudes.com\/enterprise\/sv\/\"]}]},{\"@type\":\"ImageObject\",\"inLanguage\":\"sv-SE\",\"@id\":\"https:\/\/www.dataslatitudes.com\/enterprise\/sv\/#primaryimage\",\"url\":\"https:\/\/www.dataslatitudes.com\/enterprise\/wp-content\/uploads\/2025\/08\/img_presentation.webp\",\"contentUrl\":\"https:\/\/www.dataslatitudes.com\/enterprise\/wp-content\/uploads\/2025\/08\/img_presentation.webp\"},{\"@type\":\"BreadcrumbList\",\"@id\":\"https:\/\/www.dataslatitudes.com\/enterprise\/sv\/#breadcrumb\",\"itemListElement\":[{\"@type\":\"ListItem\",\"position\":1,\"name\":\"Presentation\",\"item\":\"https:\/\/www.dataslatitudes.com\/enterprise\/en\/\"},{\"@type\":\"ListItem\",\"position\":2,\"name\":\"Presentation\"}]},{\"@type\":\"WebSite\",\"@id\":\"https:\/\/www.dataslatitudes.com\/enterprise\/sv\/en\/#website\",\"url\":\"https:\/\/www.dataslatitudes.com\/enterprise\/sv\/en\/\",\"name\":\"DatasLatitudes\",\"description\":\"DatasLatitudes web site\",\"publisher\":{\"@id\":\"https:\/\/www.dataslatitudes.com\/enterprise\/sv\/en\/#organization\"},\"potentialAction\":[{\"@type\":\"SearchAction\",\"target\":{\"@type\":\"EntryPoint\",\"urlTemplate\":\"https:\/\/www.dataslatitudes.com\/enterprise\/sv\/en\/?s={search_term_string}\"},\"query-input\":{\"@type\":\"PropertyValueSpecification\",\"valueRequired\":true,\"valueName\":\"search_term_string\"}}],\"inLanguage\":\"sv-SE\"},{\"@type\":\"Organization\",\"@id\":\"https:\/\/www.dataslatitudes.com\/enterprise\/sv\/en\/#organization\",\"name\":\"DatasLatitudes\",\"url\":\"https:\/\/www.dataslatitudes.com\/enterprise\/sv\/en\/\",\"logo\":{\"@type\":\"ImageObject\",\"inLanguage\":\"sv-SE\",\"@id\":\"https:\/\/www.dataslatitudes.com\/enterprise\/sv\/en\/#\/schema\/logo\/image\/\",\"url\":\"https:\/\/www.dataslatitudes.com\/enterprise\/wp-content\/uploads\/2025\/08\/logo_mrdv.png\",\"contentUrl\":\"https:\/\/www.dataslatitudes.com\/enterprise\/wp-content\/uploads\/2025\/08\/logo_mrdv.png\",\"width\":72,\"height\":72,\"caption\":\"DatasLatitudes\"},\"image\":{\"@id\":\"https:\/\/www.dataslatitudes.com\/enterprise\/sv\/en\/#\/schema\/logo\/image\/\"}}]}<\/script>\n<!-- \/ Yoast SEO plugin. -->","yoast_head_json":{"title":"Presentation","description":"DatasLatitudes \u00e4r en utgivare av mobila applikationer (Android och iOS). Vi beh\u00e4rskar de senaste teknikerna och trenderna inom mobilutveckling f\u00f6r att s\u00e4kerst\u00e4lla att varje applikation \u00e4r h\u00f6gpresterande, s\u00e4ker och anv\u00e4ndarv\u00e4nlig. Vi tror starkt p\u00e5 att teknik ska vara tillg\u00e4nglig f\u00f6r alla. D\u00e4rf\u00f6r integrerar vi tillg\u00e4nglighet fr\u00e5n b\u00f6rjan av varje projekt. Vi designar applikationer som kan&hellip;","robots":{"index":"index","follow":"follow","max-snippet":"max-snippet:-1","max-image-preview":"max-image-preview:large","max-video-preview":"max-video-preview:-1"},"canonical":"DatasLatitudes \u00e4r en utgivare av mobila applikationer (Android och iOS). Vi beh\u00e4rskar de senaste teknikerna och trenderna inom mobilutveckling f\u00f6r att s\u00e4kerst\u00e4lla att varje applikation \u00e4r h\u00f6gpresterande, s\u00e4ker och anv\u00e4ndarv\u00e4nlig. Vi tror starkt p\u00e5 att teknik ska vara tillg\u00e4nglig f\u00f6r alla. D\u00e4rf\u00f6r integrerar vi tillg\u00e4nglighet fr\u00e5n b\u00f6rjan av varje projekt. Vi designar applikationer som kan&hellip;","og_locale":"sv_SE","og_type":"article","og_title":"Presentation","og_description":"DatasLatitudes \u00e4r en utgivare av mobila applikationer (Android och iOS). Vi beh\u00e4rskar de senaste teknikerna och trenderna inom mobilutveckling f\u00f6r att s\u00e4kerst\u00e4lla att varje applikation \u00e4r h\u00f6gpresterande, s\u00e4ker och anv\u00e4ndarv\u00e4nlig. Vi tror starkt p\u00e5 att teknik ska vara tillg\u00e4nglig f\u00f6r alla. D\u00e4rf\u00f6r integrerar vi tillg\u00e4nglighet fr\u00e5n b\u00f6rjan av varje projekt. Vi designar applikationer som kan&hellip;","og_url":"https:\/\/www.dataslatitudes.com\/enterprise\/sv\/","og_site_name":"DatasLatitudes","article_modified_time":"2025-08-15T04:25:01+00:00","og_image":[{"width":512,"height":512,"url":"https:\/\/www.dataslatitudes.com\/enterprise\/wp-content\/uploads\/2025\/08\/img_presentation.webp","type":"image\/webp"}],"twitter_card":"summary_large_image","twitter_misc":{"Ber\u00e4knad l\u00e4stid":"2 minuter"},"schema":{"@context":"https:\/\/schema.org","@graph":[{"@type":"WebPage","@id":"https:\/\/www.dataslatitudes.com\/enterprise\/sv\/","url":"https:\/\/www.dataslatitudes.com\/enterprise\/sv\/","name":"Presentation - DatasLatitudes","isPartOf":{"@id":"https:\/\/www.dataslatitudes.com\/enterprise\/en\/#website"},"primaryImageOfPage":{"@id":"https:\/\/www.dataslatitudes.com\/enterprise\/sv\/#primaryimage"},"image":{"@id":"https:\/\/www.dataslatitudes.com\/enterprise\/sv\/#primaryimage"},"thumbnailUrl":"https:\/\/www.dataslatitudes.com\/enterprise\/wp-content\/uploads\/2025\/08\/img_presentation.webp","datePublished":"2025-08-14T14:09:19+00:00","dateModified":"2025-08-15T04:25:01+00:00","description":"We are experts in the latest technologies and trends in mobile development, ensuring that every application is high-performing, secure and user-friendly.","breadcrumb":{"@id":"https:\/\/www.dataslatitudes.com\/enterprise\/sv\/#breadcrumb"},"inLanguage":"sv-SE","potentialAction":[{"@type":"ReadAction","target":["https:\/\/www.dataslatitudes.com\/enterprise\/sv\/"]}]},{"@type":"ImageObject","inLanguage":"sv-SE","@id":"https:\/\/www.dataslatitudes.com\/enterprise\/sv\/#primaryimage","url":"https:\/\/www.dataslatitudes.com\/enterprise\/wp-content\/uploads\/2025\/08\/img_presentation.webp","contentUrl":"https:\/\/www.dataslatitudes.com\/enterprise\/wp-content\/uploads\/2025\/08\/img_presentation.webp"},{"@type":"BreadcrumbList","@id":"https:\/\/www.dataslatitudes.com\/enterprise\/sv\/#breadcrumb","itemListElement":[{"@type":"ListItem","position":1,"name":"Presentation","item":"https:\/\/www.dataslatitudes.com\/enterprise\/en\/"},{"@type":"ListItem","position":2,"name":"Presentation"}]},{"@type":"WebSite","@id":"https:\/\/www.dataslatitudes.com\/enterprise\/sv\/en\/#website","url":"https:\/\/www.dataslatitudes.com\/enterprise\/sv\/en\/","name":"DatasLatitudes","description":"DatasLatitudes web site","publisher":{"@id":"https:\/\/www.dataslatitudes.com\/enterprise\/sv\/en\/#organization"},"potentialAction":[{"@type":"SearchAction","target":{"@type":"EntryPoint","urlTemplate":"https:\/\/www.dataslatitudes.com\/enterprise\/sv\/en\/?s={search_term_string}"},"query-input":{"@type":"PropertyValueSpecification","valueRequired":true,"valueName":"search_term_string"}}],"inLanguage":"sv-SE"},{"@type":"Organization","@id":"https:\/\/www.dataslatitudes.com\/enterprise\/sv\/en\/#organization","name":"DatasLatitudes","url":"https:\/\/www.dataslatitudes.com\/enterprise\/sv\/en\/","logo":{"@type":"ImageObject","inLanguage":"sv-SE","@id":"https:\/\/www.dataslatitudes.com\/enterprise\/sv\/en\/#\/schema\/logo\/image\/","url":"https:\/\/www.dataslatitudes.com\/enterprise\/wp-content\/uploads\/2025\/08\/logo_mrdv.png","contentUrl":"https:\/\/www.dataslatitudes.com\/enterprise\/wp-content\/uploads\/2025\/08\/logo_mrdv.png","width":72,"height":72,"caption":"DatasLatitudes"},"image":{"@id":"https:\/\/www.dataslatitudes.com\/enterprise\/sv\/en\/#\/schema\/logo\/image\/"}}]}},"_links":{"self":[{"href":"https:\/\/www.dataslatitudes.com\/enterprise\/sv\/wp-json\/wp\/v2\/pages\/122","targetHints":{"allow":["GET"]}}],"collection":[{"href":"https:\/\/www.dataslatitudes.com\/enterprise\/sv\/wp-json\/wp\/v2\/pages"}],"about":[{"href":"https:\/\/www.dataslatitudes.com\/enterprise\/sv\/wp-json\/wp\/v2\/types\/page"}],"author":[{"embeddable":true,"href":"https:\/\/www.dataslatitudes.com\/enterprise\/sv\/wp-json\/wp\/v2\/users\/1"}],"replies":[{"embeddable":true,"href":"https:\/\/www.dataslatitudes.com\/enterprise\/sv\/wp-json\/wp\/v2\/comments?post=122"}],"version-history":[{"count":5,"href":"https:\/\/www.dataslatitudes.com\/enterprise\/sv\/wp-json\/wp\/v2\/pages\/122\/revisions"}],"predecessor-version":[{"id":201,"href":"https:\/\/www.dataslatitudes.com\/enterprise\/sv\/wp-json\/wp\/v2\/pages\/122\/revisions\/201"}],"wp:attachment":[{"href":"https:\/\/www.dataslatitudes.com\/enterprise\/sv\/wp-json\/wp\/v2\/media?parent=122"}],"curies":[{"name":"wp","href":"https:\/\/api.w.org\/{rel}","templated":true}]}}