{"id":122,"date":"2025-08-14T14:09:19","date_gmt":"2025-08-14T14:09:19","guid":{"rendered":"https:\/\/www.dataslatitudes.com\/enterprise\/?page_id=122"},"modified":"2025-08-15T04:25:01","modified_gmt":"2025-08-15T04:25:01","slug":"accueil","status":"publish","type":"page","link":"https:\/\/www.dataslatitudes.com\/enterprise\/sq\/","title":{"rendered":"Prezantimi"},"content":{"rendered":"\r\n<h1 class=\"wp-block-heading has-text-align-center\" style=\"margin-top:var(--wp--preset--spacing--60);margin-bottom:var(--wp--preset--spacing--60);font-size:25px\"><strong>DatasLatitudes \u00ebsht\u00eb nj\u00eb botues i aplikacioneve celulare (Android dhe iOs).<\/strong><\/h1>\r\n\r\n\r\n\r\n<p><\/p>\r\n\r\n\r\n\r\n<p class=\"has-black-color has-text-color has-link-color wp-elements-ecdd4e5742b38f36fb01594034242f9d\" style=\"font-size:1rem\">Ne zot\u00ebrojm\u00eb teknologjit\u00eb dhe tendencat m\u00eb t\u00eb fundit n\u00eb zhvillimin e celular\u00ebve, p\u00ebr t\u00eb garantuar q\u00eb \u00e7do aplikacion t\u00eb jet\u00eb i performanc\u00ebs, i sigurt dhe i leht\u00eb p\u00ebr t&#8217;u p\u00ebrdorur.<\/p>\r\n\r\n\r\n\r\n<p class=\"has-black-color has-text-color has-link-color wp-elements-4d8c7df56dacbbf28d5e17c7a3373d1f\" style=\"font-size:1rem\">Ne besojm\u00eb fuqish\u00ebm se teknologjia duhet t\u00eb jet\u00eb e aksesueshme p\u00ebr t\u00eb gjith\u00eb. Kjo \u00ebsht\u00eb arsyeja pse ne integrojm\u00eb aksesueshm\u00ebrin\u00eb q\u00eb n\u00eb fillim t\u00eb \u00e7do projekti. Ne projektojm\u00eb aplikacione q\u00eb mund t\u00eb p\u00ebrdoren nga persona me aft\u00ebsi t\u00eb kufizuara shikimi, d\u00ebgjimi, motorike ose konjitive. Kjo p\u00ebrfshin mb\u00ebshtetjen p\u00ebr lexuesit e ekranit (TalkBack p\u00ebr Android, VoiceOver p\u00ebr iOS), marrjen parasysh t\u00eb kontrasteve dhe madh\u00ebsive t\u00eb shkronjave, si dhe nd\u00ebrfaqet e p\u00ebrshtatura p\u00ebr navigacion me komand\u00eb zanore ose me butona.<\/p>\r\n\r\n\r\n\r\n<h2 class=\"wp-block-heading has-text-align-center\" style=\"margin-top:var(--wp--preset--spacing--40);margin-bottom:var(--wp--preset--spacing--40);font-size:25px\"><strong>Publikimet e fundit<\/strong><\/h2>\r\n\r\n\r\n\r\n<figure class=\"wp-block-image aligncenter size-full is-resized\" style=\"margin-top:var(--wp--preset--spacing--30);margin-bottom:var(--wp--preset--spacing--30)\"><img fetchpriority=\"high\" decoding=\"async\" width=\"512\" height=\"512\" src=\"https:\/\/www.dataslatitudes.com\/enterprise\/wp-content\/uploads\/2025\/08\/img_presentation.webp\" alt=\"P\u00ebrdoruesit e SOS Universal t\u00eb sigurt n\u00eb fllusk\u00ebn e saj mbrojt\u00ebse pavar\u00ebsisht nj\u00eb hijeje k\u00ebrc\u00ebnuese\" class=\"wp-image-141\" style=\"width:376px;height:auto\" srcset=\"https:\/\/www.dataslatitudes.com\/enterprise\/wp-content\/uploads\/2025\/08\/img_presentation.webp 512w, https:\/\/www.dataslatitudes.com\/enterprise\/wp-content\/uploads\/2025\/08\/img_presentation-300x300.webp 300w, https:\/\/www.dataslatitudes.com\/enterprise\/wp-content\/uploads\/2025\/08\/img_presentation-150x150.webp 150w\" sizes=\"(max-width: 512px) 100vw, 512px\" \/><\/figure>\r\n\r\n\r\n\r\n<div class=\"wp-block-columns has-background is-layout-flex wp-container-core-columns-is-layout-7b1c9e8d wp-block-columns-is-layout-flex\" style=\"background-color:#fafaf3;margin-top:0;margin-bottom:0;padding-top:var(--wp--preset--spacing--30);padding-bottom:var(--wp--preset--spacing--30)\">\r\n<div class=\"wp-block-column is-layout-flow wp-block-column-is-layout-flow\" style=\"flex-basis:20%\">\r\n<figure class=\"wp-block-image aligncenter size-full\"><a href=\"https:\/\/www.dataslatitudes.com\/sosuniversal\/sq\/index.php\/\" target=\"_blank\" rel=\" noreferrer noopener\"><img decoding=\"async\" width=\"512\" height=\"512\" src=\"http:\/\/www.dataslatitudes.com\/enterprise\/wp-content\/uploads\/2025\/08\/icone_application.webp\" alt=\"SOS Universal - logo\" class=\"wp-image-89\" srcset=\"https:\/\/www.dataslatitudes.com\/enterprise\/wp-content\/uploads\/2025\/08\/icone_application.webp 512w, https:\/\/www.dataslatitudes.com\/enterprise\/wp-content\/uploads\/2025\/08\/icone_application-300x300.webp 300w, https:\/\/www.dataslatitudes.com\/enterprise\/wp-content\/uploads\/2025\/08\/icone_application-150x150.webp 150w\" sizes=\"(max-width: 512px) 100vw, 512px\" \/><\/a><\/figure>\r\n<\/div>\r\n\r\n\r\n\r\n<div class=\"wp-block-column is-vertically-aligned-center is-layout-flow wp-block-column-is-layout-flow\" style=\"flex-basis:80%\">\r\n<h2 class=\"wp-block-heading has-medium-font-size\"><strong><a href=\"https:\/\/www.dataslatitudes.com\/sosuniversal\/sq\/index.php\/\" target=\"_blank\" rel=\"noreferrer noopener\">SOS Universal mund\u00ebson l\u00ebshimin e alarmeve n\u00eb forma t\u00eb shumta<\/a><\/strong><\/h2>\r\n\r\n\r\n\r\n<p>\u00cbsht\u00eb e mundur t\u00eb k\u00ebrkoni ndihm\u00eb nga t\u00eb af\u00ebrmit tuaj n\u00eb rast problemi, n\u00eb rrethana t\u00eb ndryshme dhe me disa mjete. SOS Universal mund t\u00eb p\u00ebrdoret n\u00eb rast sulmi, ngacmimi, shqet\u00ebsimi, situate pasigurie ose n\u00eb \u00e7do situat\u00eb tjet\u00ebr t\u00eb pak\u00ebndshme. <a data-type=\"page\" data-id=\"127\" href=\"https:\/\/www.dataslatitudes.com\/sosuniversal\/sq\/index.php\/cas-dutilisation\/\" target=\"_blank\" rel=\"noreferrer noopener\">Shih shembujt e rasteve t\u00eb p\u00ebrdorimit<\/a><\/p>\r\n<\/div>\r\n<\/div>\r\n\r\n\r\n\r\n<p><\/p>\r\n","protected":false},"excerpt":{"rendered":"<p>DatasLatitudes \u00ebsht\u00eb nj\u00eb botues i aplikacioneve celulare (Android dhe iOs). Ne zot\u00ebrojm\u00eb teknologjit\u00eb dhe tendencat m\u00eb t\u00eb fundit n\u00eb zhvillimin [&hellip;]<\/p>\n","protected":false},"author":1,"featured_media":0,"parent":0,"menu_order":0,"comment_status":"closed","ping_status":"closed","template":"","meta":{"site-sidebar-layout":"default","site-content-layout":"","ast-site-content-layout":"default","site-content-style":"default","site-sidebar-style":"default","ast-global-header-display":"","ast-banner-title-visibility":"","ast-main-header-display":"","ast-hfb-above-header-display":"","ast-hfb-below-header-display":"","ast-hfb-mobile-header-display":"","site-post-title":"disabled","ast-breadcrumbs-content":"","ast-featured-img":"","footer-sml-layout":"","theme-transparent-header-meta":"","adv-header-id-meta":"","stick-header-meta":"","header-above-stick-meta":"","header-main-stick-meta":"","header-below-stick-meta":"","astra-migrate-meta-layouts":"default","ast-page-background-enabled":"default","ast-page-background-meta":{"desktop":{"background-color":"var(--ast-global-color-5)","background-image":"","background-repeat":"repeat","background-position":"center center","background-size":"auto","background-attachment":"scroll","background-type":"","background-media":"","overlay-type":"","overlay-color":"","overlay-opacity":"","overlay-gradient":""},"tablet":{"background-color":"","background-image":"","background-repeat":"repeat","background-position":"center center","background-size":"auto","background-attachment":"scroll","background-type":"","background-media":"","overlay-type":"","overlay-color":"","overlay-opacity":"","overlay-gradient":""},"mobile":{"background-color":"","background-image":"","background-repeat":"repeat","background-position":"center center","background-size":"auto","background-attachment":"scroll","background-type":"","background-media":"","overlay-type":"","overlay-color":"","overlay-opacity":"","overlay-gradient":""}},"ast-content-background-meta":{"desktop":{"background-color":"var(--ast-global-color-4)","background-image":"","background-repeat":"repeat","background-position":"center center","background-size":"auto","background-attachment":"scroll","background-type":"","background-media":"","overlay-type":"","overlay-color":"","overlay-opacity":"","overlay-gradient":""},"tablet":{"background-color":"var(--ast-global-color-4)","background-image":"","background-repeat":"repeat","background-position":"center center","background-size":"auto","background-attachment":"scroll","background-type":"","background-media":"","overlay-type":"","overlay-color":"","overlay-opacity":"","overlay-gradient":""},"mobile":{"background-color":"var(--ast-global-color-4)","background-image":"","background-repeat":"repeat","background-position":"center center","background-size":"auto","background-attachment":"scroll","background-type":"","background-media":"","overlay-type":"","overlay-color":"","overlay-opacity":"","overlay-gradient":""}},"footnotes":""},"class_list":["post-122","page","type-page","status-publish","hentry"],"yoast_head":"<!-- This site is optimized with the Yoast SEO plugin v25.6 - https:\/\/yoast.com\/wordpress\/plugins\/seo\/ -->\n<title>Prezantimi<\/title>\n<meta name=\"description\" content=\"DatasLatitudes \u00ebsht\u00eb nj\u00eb botues i aplikacioneve celulare (Android dhe iOs). Ne zot\u00ebrojm\u00eb teknologjit\u00eb dhe tendencat m\u00eb t\u00eb fundit n\u00eb zhvillimin e celular\u00ebve, p\u00ebr t\u00eb garantuar q\u00eb \u00e7do aplikacion t\u00eb jet\u00eb i performanc\u00ebs, i sigurt dhe i leht\u00eb p\u00ebr t&#039;u p\u00ebrdorur. Ne besojm\u00eb fuqish\u00ebm se teknologjia duhet t\u00eb jet\u00eb e aksesueshme p\u00ebr t\u00eb gjith\u00eb. Kjo \u00ebsht\u00eb&hellip;\" \/>\n<meta name=\"robots\" content=\"index, follow, max-snippet:-1, max-image-preview:large, max-video-preview:-1\" \/>\n<link rel=\"canonical\" href=\"http:\/\/DatasLatitudes%20\u00ebsht\u00eb%20nj\u00eb%20botues%20i%20aplikacioneve%20celulare%20(Android%20dhe%20iOs).%20Ne%20zot\u00ebrojm\u00eb%20teknologjit\u00eb%20dhe%20tendencat%20m\u00eb%20t\u00eb%20fundit%20n\u00eb%20zhvillimin%20e%20celular\u00ebve,%20p\u00ebr%20t\u00eb%20garantuar%20q\u00eb%20\u00e7do%20aplikacion%20t\u00eb%20jet\u00eb%20i%20performanc\u00ebs,%20i%20sigurt%20dhe%20i%20leht\u00eb%20p\u00ebr%20t'u%20p\u00ebrdorur.%20Ne%20besojm\u00eb%20fuqish\u00ebm%20se%20teknologjia%20duhet%20t\u00eb%20jet\u00eb%20e%20aksesueshme%20p\u00ebr%20t\u00eb%20gjith\u00eb.%20Kjo%20\u00ebsht\u00eb&hellip;\" \/>\n<meta property=\"og:locale\" content=\"sq_AL\" \/>\n<meta property=\"og:type\" content=\"article\" \/>\n<meta property=\"og:title\" content=\"Prezantimi\" \/>\n<meta property=\"og:description\" content=\"DatasLatitudes \u00ebsht\u00eb nj\u00eb botues i aplikacioneve celulare (Android dhe iOs). Ne zot\u00ebrojm\u00eb teknologjit\u00eb dhe tendencat m\u00eb t\u00eb fundit n\u00eb zhvillimin e celular\u00ebve, p\u00ebr t\u00eb garantuar q\u00eb \u00e7do aplikacion t\u00eb jet\u00eb i performanc\u00ebs, i sigurt dhe i leht\u00eb p\u00ebr t&#039;u p\u00ebrdorur. Ne besojm\u00eb fuqish\u00ebm se teknologjia duhet t\u00eb jet\u00eb e aksesueshme p\u00ebr t\u00eb gjith\u00eb. Kjo \u00ebsht\u00eb&hellip;\" \/>\n<meta property=\"og:url\" content=\"https:\/\/www.dataslatitudes.com\/enterprise\/sq\/\" \/>\n<meta property=\"og:site_name\" content=\"DatasLatitudes\" \/>\n<meta property=\"article:modified_time\" content=\"2025-08-15T04:25:01+00:00\" \/>\n<meta property=\"og:image\" content=\"https:\/\/www.dataslatitudes.com\/enterprise\/wp-content\/uploads\/2025\/08\/img_presentation.webp\" \/>\n\t<meta property=\"og:image:width\" content=\"512\" \/>\n\t<meta property=\"og:image:height\" content=\"512\" \/>\n\t<meta property=\"og:image:type\" content=\"image\/webp\" \/>\n<meta name=\"twitter:card\" content=\"summary_large_image\" \/>\n<meta name=\"twitter:label1\" content=\"Est. reading time\" \/>\n\t<meta name=\"twitter:data1\" content=\"2 minuta\" \/>\n<script type=\"application\/ld+json\" class=\"yoast-schema-graph\">{\"@context\":\"https:\/\/schema.org\",\"@graph\":[{\"@type\":\"WebPage\",\"@id\":\"https:\/\/www.dataslatitudes.com\/enterprise\/sq\/\",\"url\":\"https:\/\/www.dataslatitudes.com\/enterprise\/sq\/\",\"name\":\"Presentation - DatasLatitudes\",\"isPartOf\":{\"@id\":\"https:\/\/www.dataslatitudes.com\/enterprise\/en\/#website\"},\"primaryImageOfPage\":{\"@id\":\"https:\/\/www.dataslatitudes.com\/enterprise\/sq\/#primaryimage\"},\"image\":{\"@id\":\"https:\/\/www.dataslatitudes.com\/enterprise\/sq\/#primaryimage\"},\"thumbnailUrl\":\"https:\/\/www.dataslatitudes.com\/enterprise\/wp-content\/uploads\/2025\/08\/img_presentation.webp\",\"datePublished\":\"2025-08-14T14:09:19+00:00\",\"dateModified\":\"2025-08-15T04:25:01+00:00\",\"description\":\"We are experts in the latest technologies and trends in mobile development, ensuring that every application is high-performing, secure and user-friendly.\",\"breadcrumb\":{\"@id\":\"https:\/\/www.dataslatitudes.com\/enterprise\/sq\/#breadcrumb\"},\"inLanguage\":\"sq\",\"potentialAction\":[{\"@type\":\"ReadAction\",\"target\":[\"https:\/\/www.dataslatitudes.com\/enterprise\/sq\/\"]}]},{\"@type\":\"ImageObject\",\"inLanguage\":\"sq\",\"@id\":\"https:\/\/www.dataslatitudes.com\/enterprise\/sq\/#primaryimage\",\"url\":\"https:\/\/www.dataslatitudes.com\/enterprise\/wp-content\/uploads\/2025\/08\/img_presentation.webp\",\"contentUrl\":\"https:\/\/www.dataslatitudes.com\/enterprise\/wp-content\/uploads\/2025\/08\/img_presentation.webp\"},{\"@type\":\"BreadcrumbList\",\"@id\":\"https:\/\/www.dataslatitudes.com\/enterprise\/sq\/#breadcrumb\",\"itemListElement\":[{\"@type\":\"ListItem\",\"position\":1,\"name\":\"Prezantimi\",\"item\":\"https:\/\/www.dataslatitudes.com\/enterprise\/en\/\"},{\"@type\":\"ListItem\",\"position\":2,\"name\":\"Prezantimi\"}]},{\"@type\":\"WebSite\",\"@id\":\"https:\/\/www.dataslatitudes.com\/enterprise\/sq\/en\/#website\",\"url\":\"https:\/\/www.dataslatitudes.com\/enterprise\/sq\/en\/\",\"name\":\"DatasLatitudes\",\"description\":\"DatasLatitudes web site\",\"publisher\":{\"@id\":\"https:\/\/www.dataslatitudes.com\/enterprise\/sq\/en\/#organization\"},\"potentialAction\":[{\"@type\":\"SearchAction\",\"target\":{\"@type\":\"EntryPoint\",\"urlTemplate\":\"https:\/\/www.dataslatitudes.com\/enterprise\/sq\/en\/?s={search_term_string}\"},\"query-input\":{\"@type\":\"PropertyValueSpecification\",\"valueRequired\":true,\"valueName\":\"search_term_string\"}}],\"inLanguage\":\"sq\"},{\"@type\":\"Organization\",\"@id\":\"https:\/\/www.dataslatitudes.com\/enterprise\/sq\/en\/#organization\",\"name\":\"DatasLatitudes\",\"url\":\"https:\/\/www.dataslatitudes.com\/enterprise\/sq\/en\/\",\"logo\":{\"@type\":\"ImageObject\",\"inLanguage\":\"sq\",\"@id\":\"https:\/\/www.dataslatitudes.com\/enterprise\/sq\/en\/#\/schema\/logo\/image\/\",\"url\":\"https:\/\/www.dataslatitudes.com\/enterprise\/wp-content\/uploads\/2025\/08\/logo_mrdv.png\",\"contentUrl\":\"https:\/\/www.dataslatitudes.com\/enterprise\/wp-content\/uploads\/2025\/08\/logo_mrdv.png\",\"width\":72,\"height\":72,\"caption\":\"DatasLatitudes\"},\"image\":{\"@id\":\"https:\/\/www.dataslatitudes.com\/enterprise\/sq\/en\/#\/schema\/logo\/image\/\"}}]}<\/script>\n<!-- \/ Yoast SEO plugin. -->","yoast_head_json":{"title":"Prezantimi","description":"DatasLatitudes \u00ebsht\u00eb nj\u00eb botues i aplikacioneve celulare (Android dhe iOs). Ne zot\u00ebrojm\u00eb teknologjit\u00eb dhe tendencat m\u00eb t\u00eb fundit n\u00eb zhvillimin e celular\u00ebve, p\u00ebr t\u00eb garantuar q\u00eb \u00e7do aplikacion t\u00eb jet\u00eb i performanc\u00ebs, i sigurt dhe i leht\u00eb p\u00ebr t'u p\u00ebrdorur. Ne besojm\u00eb fuqish\u00ebm se teknologjia duhet t\u00eb jet\u00eb e aksesueshme p\u00ebr t\u00eb gjith\u00eb. Kjo \u00ebsht\u00eb&hellip;","robots":{"index":"index","follow":"follow","max-snippet":"max-snippet:-1","max-image-preview":"max-image-preview:large","max-video-preview":"max-video-preview:-1"},"canonical":"DatasLatitudes \u00ebsht\u00eb nj\u00eb botues i aplikacioneve celulare (Android dhe iOs). Ne zot\u00ebrojm\u00eb teknologjit\u00eb dhe tendencat m\u00eb t\u00eb fundit n\u00eb zhvillimin e celular\u00ebve, p\u00ebr t\u00eb garantuar q\u00eb \u00e7do aplikacion t\u00eb jet\u00eb i performanc\u00ebs, i sigurt dhe i leht\u00eb p\u00ebr t'u p\u00ebrdorur. Ne besojm\u00eb fuqish\u00ebm se teknologjia duhet t\u00eb jet\u00eb e aksesueshme p\u00ebr t\u00eb gjith\u00eb. Kjo \u00ebsht\u00eb&hellip;","og_locale":"sq_AL","og_type":"article","og_title":"Prezantimi","og_description":"DatasLatitudes \u00ebsht\u00eb nj\u00eb botues i aplikacioneve celulare (Android dhe iOs). Ne zot\u00ebrojm\u00eb teknologjit\u00eb dhe tendencat m\u00eb t\u00eb fundit n\u00eb zhvillimin e celular\u00ebve, p\u00ebr t\u00eb garantuar q\u00eb \u00e7do aplikacion t\u00eb jet\u00eb i performanc\u00ebs, i sigurt dhe i leht\u00eb p\u00ebr t'u p\u00ebrdorur. Ne besojm\u00eb fuqish\u00ebm se teknologjia duhet t\u00eb jet\u00eb e aksesueshme p\u00ebr t\u00eb gjith\u00eb. Kjo \u00ebsht\u00eb&hellip;","og_url":"https:\/\/www.dataslatitudes.com\/enterprise\/sq\/","og_site_name":"DatasLatitudes","article_modified_time":"2025-08-15T04:25:01+00:00","og_image":[{"width":512,"height":512,"url":"https:\/\/www.dataslatitudes.com\/enterprise\/wp-content\/uploads\/2025\/08\/img_presentation.webp","type":"image\/webp"}],"twitter_card":"summary_large_image","twitter_misc":{"Est. reading time":"2 minuta"},"schema":{"@context":"https:\/\/schema.org","@graph":[{"@type":"WebPage","@id":"https:\/\/www.dataslatitudes.com\/enterprise\/sq\/","url":"https:\/\/www.dataslatitudes.com\/enterprise\/sq\/","name":"Presentation - DatasLatitudes","isPartOf":{"@id":"https:\/\/www.dataslatitudes.com\/enterprise\/en\/#website"},"primaryImageOfPage":{"@id":"https:\/\/www.dataslatitudes.com\/enterprise\/sq\/#primaryimage"},"image":{"@id":"https:\/\/www.dataslatitudes.com\/enterprise\/sq\/#primaryimage"},"thumbnailUrl":"https:\/\/www.dataslatitudes.com\/enterprise\/wp-content\/uploads\/2025\/08\/img_presentation.webp","datePublished":"2025-08-14T14:09:19+00:00","dateModified":"2025-08-15T04:25:01+00:00","description":"We are experts in the latest technologies and trends in mobile development, ensuring that every application is high-performing, secure and user-friendly.","breadcrumb":{"@id":"https:\/\/www.dataslatitudes.com\/enterprise\/sq\/#breadcrumb"},"inLanguage":"sq","potentialAction":[{"@type":"ReadAction","target":["https:\/\/www.dataslatitudes.com\/enterprise\/sq\/"]}]},{"@type":"ImageObject","inLanguage":"sq","@id":"https:\/\/www.dataslatitudes.com\/enterprise\/sq\/#primaryimage","url":"https:\/\/www.dataslatitudes.com\/enterprise\/wp-content\/uploads\/2025\/08\/img_presentation.webp","contentUrl":"https:\/\/www.dataslatitudes.com\/enterprise\/wp-content\/uploads\/2025\/08\/img_presentation.webp"},{"@type":"BreadcrumbList","@id":"https:\/\/www.dataslatitudes.com\/enterprise\/sq\/#breadcrumb","itemListElement":[{"@type":"ListItem","position":1,"name":"Prezantimi","item":"https:\/\/www.dataslatitudes.com\/enterprise\/en\/"},{"@type":"ListItem","position":2,"name":"Prezantimi"}]},{"@type":"WebSite","@id":"https:\/\/www.dataslatitudes.com\/enterprise\/sq\/en\/#website","url":"https:\/\/www.dataslatitudes.com\/enterprise\/sq\/en\/","name":"DatasLatitudes","description":"DatasLatitudes web site","publisher":{"@id":"https:\/\/www.dataslatitudes.com\/enterprise\/sq\/en\/#organization"},"potentialAction":[{"@type":"SearchAction","target":{"@type":"EntryPoint","urlTemplate":"https:\/\/www.dataslatitudes.com\/enterprise\/sq\/en\/?s={search_term_string}"},"query-input":{"@type":"PropertyValueSpecification","valueRequired":true,"valueName":"search_term_string"}}],"inLanguage":"sq"},{"@type":"Organization","@id":"https:\/\/www.dataslatitudes.com\/enterprise\/sq\/en\/#organization","name":"DatasLatitudes","url":"https:\/\/www.dataslatitudes.com\/enterprise\/sq\/en\/","logo":{"@type":"ImageObject","inLanguage":"sq","@id":"https:\/\/www.dataslatitudes.com\/enterprise\/sq\/en\/#\/schema\/logo\/image\/","url":"https:\/\/www.dataslatitudes.com\/enterprise\/wp-content\/uploads\/2025\/08\/logo_mrdv.png","contentUrl":"https:\/\/www.dataslatitudes.com\/enterprise\/wp-content\/uploads\/2025\/08\/logo_mrdv.png","width":72,"height":72,"caption":"DatasLatitudes"},"image":{"@id":"https:\/\/www.dataslatitudes.com\/enterprise\/sq\/en\/#\/schema\/logo\/image\/"}}]}},"_links":{"self":[{"href":"https:\/\/www.dataslatitudes.com\/enterprise\/sq\/wp-json\/wp\/v2\/pages\/122","targetHints":{"allow":["GET"]}}],"collection":[{"href":"https:\/\/www.dataslatitudes.com\/enterprise\/sq\/wp-json\/wp\/v2\/pages"}],"about":[{"href":"https:\/\/www.dataslatitudes.com\/enterprise\/sq\/wp-json\/wp\/v2\/types\/page"}],"author":[{"embeddable":true,"href":"https:\/\/www.dataslatitudes.com\/enterprise\/sq\/wp-json\/wp\/v2\/users\/1"}],"replies":[{"embeddable":true,"href":"https:\/\/www.dataslatitudes.com\/enterprise\/sq\/wp-json\/wp\/v2\/comments?post=122"}],"version-history":[{"count":5,"href":"https:\/\/www.dataslatitudes.com\/enterprise\/sq\/wp-json\/wp\/v2\/pages\/122\/revisions"}],"predecessor-version":[{"id":201,"href":"https:\/\/www.dataslatitudes.com\/enterprise\/sq\/wp-json\/wp\/v2\/pages\/122\/revisions\/201"}],"wp:attachment":[{"href":"https:\/\/www.dataslatitudes.com\/enterprise\/sq\/wp-json\/wp\/v2\/media?parent=122"}],"curies":[{"name":"wp","href":"https:\/\/api.w.org\/{rel}","templated":true}]}}