{"id":122,"date":"2025-08-14T14:09:19","date_gmt":"2025-08-14T14:09:19","guid":{"rendered":"https:\/\/www.dataslatitudes.com\/enterprise\/?page_id=122"},"modified":"2025-08-15T04:25:01","modified_gmt":"2025-08-15T04:25:01","slug":"accueil","status":"publish","type":"page","link":"https:\/\/www.dataslatitudes.com\/enterprise\/sk\/","title":{"rendered":"Prezent\u00e1cia"},"content":{"rendered":"\r\n<h1 class=\"wp-block-heading has-text-align-center\" style=\"margin-top:var(--wp--preset--spacing--60);margin-bottom:var(--wp--preset--spacing--60);font-size:25px\"><strong>DatasLatitudes je vydavate\u013e mobiln\u00fdch aplik\u00e1ci\u00ed (Android a iOS).<\/strong><\/h1>\r\n\r\n\r\n\r\n<p><\/p>\r\n\r\n\r\n\r\n<p class=\"has-black-color has-text-color has-link-color wp-elements-a507fb315e591f49730fac61fcdae196\" style=\"font-size:1rem\">Ovl\u00e1dame najnov\u0161ie technol\u00f3gie a trendy v oblasti v\u00fdvoja mobiln\u00fdch aplik\u00e1ci\u00ed, aby sme zaru\u010dili, \u017ee ka\u017ed\u00e1 aplik\u00e1cia je v\u00fdkonn\u00e1, bezpe\u010dn\u00e1 a u\u017e\u00edvate\u013esky pr\u00edvetiv\u00e1.<\/p>\r\n\r\n\r\n\r\n<p class=\"has-black-color has-text-color has-link-color wp-elements-9241ba3dbe0bd5ee07f0c22eddef227b\" style=\"font-size:1rem\">Pevne ver\u00edme, \u017ee technol\u00f3gia mus\u00ed by\u0165 pr\u00edstupn\u00e1 pre v\u0161etk\u00fdch. Preto integrujeme pr\u00edstupnos\u0165 od za\u010diatku ka\u017ed\u00e9ho projektu. Navrhujeme aplik\u00e1cie, ktor\u00e9 m\u00f4\u017eu pou\u017e\u00edva\u0165 \u013eudia so zrakov\u00fdmi, sluchov\u00fdmi, motorick\u00fdmi alebo kognit\u00edvnymi poruchami. To zah\u0155\u0148a podporu pre \u010d\u00edta\u010dky obrazovky (TalkBack pre Android, VoiceOver pre iOS), zoh\u013eadnenie kontrastov a ve\u013ekost\u00ed p\u00edsma, ako aj rozhrania prisp\u00f4soben\u00e9 na navig\u00e1ciu hlasov\u00fdmi pr\u00edkazmi alebo tla\u010didlami.<\/p>\r\n\r\n\r\n\r\n<h2 class=\"wp-block-heading has-text-align-center\" style=\"margin-top:var(--wp--preset--spacing--40);margin-bottom:var(--wp--preset--spacing--40);font-size:25px\"><strong>Najnov\u0161ie publik\u00e1cie<\/strong><\/h2>\r\n\r\n\r\n\r\n<figure class=\"wp-block-image aligncenter size-full is-resized\" style=\"margin-top:var(--wp--preset--spacing--30);margin-bottom:var(--wp--preset--spacing--30)\"><img fetchpriority=\"high\" decoding=\"async\" width=\"512\" height=\"512\" src=\"https:\/\/www.dataslatitudes.com\/enterprise\/wp-content\/uploads\/2025\/08\/img_presentation.webp\" alt=\"Pou\u017e\u00edvatelia SOS Universal v bezpe\u010d\u00ed vo svojej ochrannej bubline napriek hroziv\u00e9mu tie\u0148u\" class=\"wp-image-141\" style=\"width:376px;height:auto\" srcset=\"https:\/\/www.dataslatitudes.com\/enterprise\/wp-content\/uploads\/2025\/08\/img_presentation.webp 512w, https:\/\/www.dataslatitudes.com\/enterprise\/wp-content\/uploads\/2025\/08\/img_presentation-300x300.webp 300w, https:\/\/www.dataslatitudes.com\/enterprise\/wp-content\/uploads\/2025\/08\/img_presentation-150x150.webp 150w\" sizes=\"(max-width: 512px) 100vw, 512px\" \/><\/figure>\r\n\r\n\r\n\r\n<div class=\"wp-block-columns has-background is-layout-flex wp-container-core-columns-is-layout-7b1c9e8d wp-block-columns-is-layout-flex\" style=\"background-color:#fafaf3;margin-top:0;margin-bottom:0;padding-top:var(--wp--preset--spacing--30);padding-bottom:var(--wp--preset--spacing--30)\">\r\n<div class=\"wp-block-column is-layout-flow wp-block-column-is-layout-flow\" style=\"flex-basis:20%\">\r\n<figure class=\"wp-block-image aligncenter size-full\"><a href=\"https:\/\/www.dataslatitudes.com\/sosuniversal\/sk\/index.php\/\" target=\"_blank\" rel=\" noreferrer noopener\"><img decoding=\"async\" width=\"512\" height=\"512\" src=\"http:\/\/www.dataslatitudes.com\/enterprise\/wp-content\/uploads\/2025\/08\/icone_application.webp\" alt=\"SOS Universal - logo\" class=\"wp-image-89\" srcset=\"https:\/\/www.dataslatitudes.com\/enterprise\/wp-content\/uploads\/2025\/08\/icone_application.webp 512w, https:\/\/www.dataslatitudes.com\/enterprise\/wp-content\/uploads\/2025\/08\/icone_application-300x300.webp 300w, https:\/\/www.dataslatitudes.com\/enterprise\/wp-content\/uploads\/2025\/08\/icone_application-150x150.webp 150w\" sizes=\"(max-width: 512px) 100vw, 512px\" \/><\/a><\/figure>\r\n<\/div>\r\n\r\n\r\n\r\n<div class=\"wp-block-column is-vertically-aligned-center is-layout-flow wp-block-column-is-layout-flow\" style=\"flex-basis:80%\">\r\n<h2 class=\"wp-block-heading has-medium-font-size\"><strong><a href=\"https:\/\/www.dataslatitudes.com\/sosuniversal\/sk\/index.php\/\" target=\"_blank\" rel=\"noreferrer noopener\">SOS Universal umo\u017e\u0148uje odosiela\u0165 upozornenia v mnoh\u00fdch form\u00e1ch<\/a><\/strong><\/h2>\r\n\r\n\r\n\r\n<p>V pr\u00edpade probl\u00e9mov je mo\u017en\u00e9 po\u017eiada\u0165 o pomoc bl\u00edzkych, za r\u00f4znych okolnost\u00ed a r\u00f4znymi prostriedkami. SOS Universal sa m\u00f4\u017ee pou\u017ei\u0165 v pr\u00edpade \u00fatoku, ob\u0165a\u017eovania, nevo\u013enosti, neistej situ\u00e1cie alebo akejko\u013evek inej nepr\u00edjemnej situ\u00e1cie. <a data-type=\"page\" data-id=\"127\" href=\"https:\/\/www.dataslatitudes.com\/sosuniversal\/sk\/index.php\/cas-dutilisation\/\" target=\"_blank\" rel=\"noreferrer noopener\">Pozrite si pr\u00edklady pr\u00edpadov pou\u017eitia<\/a><\/p>\r\n<\/div>\r\n<\/div>\r\n\r\n\r\n\r\n<p><\/p>\r\n","protected":false},"excerpt":{"rendered":"<p>DatasLatitudes je vydavate\u013e mobiln\u00fdch aplik\u00e1ci\u00ed (Android a iOS). Ovl\u00e1dame najnov\u0161ie technol\u00f3gie a trendy v oblasti v\u00fdvoja mobiln\u00fdch aplik\u00e1ci\u00ed, aby sme [&hellip;]<\/p>\n","protected":false},"author":1,"featured_media":0,"parent":0,"menu_order":0,"comment_status":"closed","ping_status":"closed","template":"","meta":{"site-sidebar-layout":"default","site-content-layout":"","ast-site-content-layout":"default","site-content-style":"default","site-sidebar-style":"default","ast-global-header-display":"","ast-banner-title-visibility":"","ast-main-header-display":"","ast-hfb-above-header-display":"","ast-hfb-below-header-display":"","ast-hfb-mobile-header-display":"","site-post-title":"disabled","ast-breadcrumbs-content":"","ast-featured-img":"","footer-sml-layout":"","theme-transparent-header-meta":"","adv-header-id-meta":"","stick-header-meta":"","header-above-stick-meta":"","header-main-stick-meta":"","header-below-stick-meta":"","astra-migrate-meta-layouts":"default","ast-page-background-enabled":"default","ast-page-background-meta":{"desktop":{"background-color":"var(--ast-global-color-5)","background-image":"","background-repeat":"repeat","background-position":"center center","background-size":"auto","background-attachment":"scroll","background-type":"","background-media":"","overlay-type":"","overlay-color":"","overlay-opacity":"","overlay-gradient":""},"tablet":{"background-color":"","background-image":"","background-repeat":"repeat","background-position":"center center","background-size":"auto","background-attachment":"scroll","background-type":"","background-media":"","overlay-type":"","overlay-color":"","overlay-opacity":"","overlay-gradient":""},"mobile":{"background-color":"","background-image":"","background-repeat":"repeat","background-position":"center center","background-size":"auto","background-attachment":"scroll","background-type":"","background-media":"","overlay-type":"","overlay-color":"","overlay-opacity":"","overlay-gradient":""}},"ast-content-background-meta":{"desktop":{"background-color":"var(--ast-global-color-4)","background-image":"","background-repeat":"repeat","background-position":"center center","background-size":"auto","background-attachment":"scroll","background-type":"","background-media":"","overlay-type":"","overlay-color":"","overlay-opacity":"","overlay-gradient":""},"tablet":{"background-color":"var(--ast-global-color-4)","background-image":"","background-repeat":"repeat","background-position":"center center","background-size":"auto","background-attachment":"scroll","background-type":"","background-media":"","overlay-type":"","overlay-color":"","overlay-opacity":"","overlay-gradient":""},"mobile":{"background-color":"var(--ast-global-color-4)","background-image":"","background-repeat":"repeat","background-position":"center center","background-size":"auto","background-attachment":"scroll","background-type":"","background-media":"","overlay-type":"","overlay-color":"","overlay-opacity":"","overlay-gradient":""}},"footnotes":""},"class_list":["post-122","page","type-page","status-publish","hentry"],"yoast_head":"<!-- This site is optimized with the Yoast SEO plugin v25.6 - https:\/\/yoast.com\/wordpress\/plugins\/seo\/ -->\n<title>Prezent\u00e1cia<\/title>\n<meta name=\"description\" content=\"DatasLatitudes je vydavate\u013e mobiln\u00fdch aplik\u00e1ci\u00ed (Android a iOS). Ovl\u00e1dame najnov\u0161ie technol\u00f3gie a trendy v oblasti v\u00fdvoja mobiln\u00fdch aplik\u00e1ci\u00ed, aby sme zaru\u010dili, \u017ee ka\u017ed\u00e1 aplik\u00e1cia je v\u00fdkonn\u00e1, bezpe\u010dn\u00e1 a u\u017e\u00edvate\u013esky pr\u00edvetiv\u00e1. Pevne ver\u00edme, \u017ee technol\u00f3gia mus\u00ed by\u0165 pr\u00edstupn\u00e1 pre v\u0161etk\u00fdch. Preto integrujeme pr\u00edstupnos\u0165 od za\u010diatku ka\u017ed\u00e9ho projektu. Navrhujeme aplik\u00e1cie, ktor\u00e9 m\u00f4\u017eu pou\u017e\u00edva\u0165 \u013eudia so zrakov\u00fdmi, sluchov\u00fdmi,&hellip;\" \/>\n<meta name=\"robots\" content=\"index, follow, max-snippet:-1, max-image-preview:large, max-video-preview:-1\" \/>\n<link rel=\"canonical\" href=\"http:\/\/DatasLatitudes%20je%20vydavate\u013e%20mobiln\u00fdch%20aplik\u00e1ci\u00ed%20(Android%20a%20iOS).%20Ovl\u00e1dame%20najnov\u0161ie%20technol\u00f3gie%20a%20trendy%20v%20oblasti%20v\u00fdvoja%20mobiln\u00fdch%20aplik\u00e1ci\u00ed,%20aby%20sme%20zaru\u010dili,%20\u017ee%20ka\u017ed\u00e1%20aplik\u00e1cia%20je%20v\u00fdkonn\u00e1,%20bezpe\u010dn\u00e1%20a%20u\u017e\u00edvate\u013esky%20pr\u00edvetiv\u00e1.%20Pevne%20ver\u00edme,%20\u017ee%20technol\u00f3gia%20mus\u00ed%20by\u0165%20pr\u00edstupn\u00e1%20pre%20v\u0161etk\u00fdch.%20Preto%20integrujeme%20pr\u00edstupnos\u0165%20od%20za\u010diatku%20ka\u017ed\u00e9ho%20projektu.%20Navrhujeme%20aplik\u00e1cie,%20ktor\u00e9%20m\u00f4\u017eu%20pou\u017e\u00edva\u0165%20\u013eudia%20so%20zrakov\u00fdmi,%20sluchov\u00fdmi,&hellip;\" \/>\n<meta property=\"og:locale\" content=\"sk_SK\" \/>\n<meta property=\"og:type\" content=\"article\" \/>\n<meta property=\"og:title\" content=\"Prezent\u00e1cia\" \/>\n<meta property=\"og:description\" content=\"DatasLatitudes je vydavate\u013e mobiln\u00fdch aplik\u00e1ci\u00ed (Android a iOS). Ovl\u00e1dame najnov\u0161ie technol\u00f3gie a trendy v oblasti v\u00fdvoja mobiln\u00fdch aplik\u00e1ci\u00ed, aby sme zaru\u010dili, \u017ee ka\u017ed\u00e1 aplik\u00e1cia je v\u00fdkonn\u00e1, bezpe\u010dn\u00e1 a u\u017e\u00edvate\u013esky pr\u00edvetiv\u00e1. Pevne ver\u00edme, \u017ee technol\u00f3gia mus\u00ed by\u0165 pr\u00edstupn\u00e1 pre v\u0161etk\u00fdch. Preto integrujeme pr\u00edstupnos\u0165 od za\u010diatku ka\u017ed\u00e9ho projektu. Navrhujeme aplik\u00e1cie, ktor\u00e9 m\u00f4\u017eu pou\u017e\u00edva\u0165 \u013eudia so zrakov\u00fdmi, sluchov\u00fdmi,&hellip;\" \/>\n<meta property=\"og:url\" content=\"https:\/\/www.dataslatitudes.com\/enterprise\/sk\/\" \/>\n<meta property=\"og:site_name\" content=\"DatasLatitudes\" \/>\n<meta property=\"article:modified_time\" content=\"2025-08-15T04:25:01+00:00\" \/>\n<meta property=\"og:image\" content=\"https:\/\/www.dataslatitudes.com\/enterprise\/wp-content\/uploads\/2025\/08\/img_presentation.webp\" \/>\n\t<meta property=\"og:image:width\" content=\"512\" \/>\n\t<meta property=\"og:image:height\" content=\"512\" \/>\n\t<meta property=\"og:image:type\" content=\"image\/webp\" \/>\n<meta name=\"twitter:card\" content=\"summary_large_image\" \/>\n<meta name=\"twitter:label1\" content=\"Predpokladan\u00fd \u010das \u010d\u00edtania\" \/>\n\t<meta name=\"twitter:data1\" content=\"2 min\u00faty\" \/>\n<script type=\"application\/ld+json\" class=\"yoast-schema-graph\">{\"@context\":\"https:\/\/schema.org\",\"@graph\":[{\"@type\":\"WebPage\",\"@id\":\"https:\/\/www.dataslatitudes.com\/enterprise\/sk\/\",\"url\":\"https:\/\/www.dataslatitudes.com\/enterprise\/sk\/\",\"name\":\"Presentation - DatasLatitudes\",\"isPartOf\":{\"@id\":\"https:\/\/www.dataslatitudes.com\/enterprise\/en\/#website\"},\"primaryImageOfPage\":{\"@id\":\"https:\/\/www.dataslatitudes.com\/enterprise\/sk\/#primaryimage\"},\"image\":{\"@id\":\"https:\/\/www.dataslatitudes.com\/enterprise\/sk\/#primaryimage\"},\"thumbnailUrl\":\"https:\/\/www.dataslatitudes.com\/enterprise\/wp-content\/uploads\/2025\/08\/img_presentation.webp\",\"datePublished\":\"2025-08-14T14:09:19+00:00\",\"dateModified\":\"2025-08-15T04:25:01+00:00\",\"description\":\"We are experts in the latest technologies and trends in mobile development, ensuring that every application is high-performing, secure and user-friendly.\",\"breadcrumb\":{\"@id\":\"https:\/\/www.dataslatitudes.com\/enterprise\/sk\/#breadcrumb\"},\"inLanguage\":\"sk-SK\",\"potentialAction\":[{\"@type\":\"ReadAction\",\"target\":[\"https:\/\/www.dataslatitudes.com\/enterprise\/sk\/\"]}]},{\"@type\":\"ImageObject\",\"inLanguage\":\"sk-SK\",\"@id\":\"https:\/\/www.dataslatitudes.com\/enterprise\/sk\/#primaryimage\",\"url\":\"https:\/\/www.dataslatitudes.com\/enterprise\/wp-content\/uploads\/2025\/08\/img_presentation.webp\",\"contentUrl\":\"https:\/\/www.dataslatitudes.com\/enterprise\/wp-content\/uploads\/2025\/08\/img_presentation.webp\"},{\"@type\":\"BreadcrumbList\",\"@id\":\"https:\/\/www.dataslatitudes.com\/enterprise\/sk\/#breadcrumb\",\"itemListElement\":[{\"@type\":\"ListItem\",\"position\":1,\"name\":\"Prezent\u00e1cia\",\"item\":\"https:\/\/www.dataslatitudes.com\/enterprise\/en\/\"},{\"@type\":\"ListItem\",\"position\":2,\"name\":\"Prezent\u00e1cia\"}]},{\"@type\":\"WebSite\",\"@id\":\"https:\/\/www.dataslatitudes.com\/enterprise\/sk\/en\/#website\",\"url\":\"https:\/\/www.dataslatitudes.com\/enterprise\/sk\/en\/\",\"name\":\"DatasLatitudes\",\"description\":\"DatasLatitudes web site\",\"publisher\":{\"@id\":\"https:\/\/www.dataslatitudes.com\/enterprise\/sk\/en\/#organization\"},\"potentialAction\":[{\"@type\":\"SearchAction\",\"target\":{\"@type\":\"EntryPoint\",\"urlTemplate\":\"https:\/\/www.dataslatitudes.com\/enterprise\/sk\/en\/?s={search_term_string}\"},\"query-input\":{\"@type\":\"PropertyValueSpecification\",\"valueRequired\":true,\"valueName\":\"search_term_string\"}}],\"inLanguage\":\"sk-SK\"},{\"@type\":\"Organization\",\"@id\":\"https:\/\/www.dataslatitudes.com\/enterprise\/sk\/en\/#organization\",\"name\":\"DatasLatitudes\",\"url\":\"https:\/\/www.dataslatitudes.com\/enterprise\/sk\/en\/\",\"logo\":{\"@type\":\"ImageObject\",\"inLanguage\":\"sk-SK\",\"@id\":\"https:\/\/www.dataslatitudes.com\/enterprise\/sk\/en\/#\/schema\/logo\/image\/\",\"url\":\"https:\/\/www.dataslatitudes.com\/enterprise\/wp-content\/uploads\/2025\/08\/logo_mrdv.png\",\"contentUrl\":\"https:\/\/www.dataslatitudes.com\/enterprise\/wp-content\/uploads\/2025\/08\/logo_mrdv.png\",\"width\":72,\"height\":72,\"caption\":\"DatasLatitudes\"},\"image\":{\"@id\":\"https:\/\/www.dataslatitudes.com\/enterprise\/sk\/en\/#\/schema\/logo\/image\/\"}}]}<\/script>\n<!-- \/ Yoast SEO plugin. -->","yoast_head_json":{"title":"Prezent\u00e1cia","description":"DatasLatitudes je vydavate\u013e mobiln\u00fdch aplik\u00e1ci\u00ed (Android a iOS). Ovl\u00e1dame najnov\u0161ie technol\u00f3gie a trendy v oblasti v\u00fdvoja mobiln\u00fdch aplik\u00e1ci\u00ed, aby sme zaru\u010dili, \u017ee ka\u017ed\u00e1 aplik\u00e1cia je v\u00fdkonn\u00e1, bezpe\u010dn\u00e1 a u\u017e\u00edvate\u013esky pr\u00edvetiv\u00e1. Pevne ver\u00edme, \u017ee technol\u00f3gia mus\u00ed by\u0165 pr\u00edstupn\u00e1 pre v\u0161etk\u00fdch. Preto integrujeme pr\u00edstupnos\u0165 od za\u010diatku ka\u017ed\u00e9ho projektu. Navrhujeme aplik\u00e1cie, ktor\u00e9 m\u00f4\u017eu pou\u017e\u00edva\u0165 \u013eudia so zrakov\u00fdmi, sluchov\u00fdmi,&hellip;","robots":{"index":"index","follow":"follow","max-snippet":"max-snippet:-1","max-image-preview":"max-image-preview:large","max-video-preview":"max-video-preview:-1"},"canonical":"DatasLatitudes je vydavate\u013e mobiln\u00fdch aplik\u00e1ci\u00ed (Android a iOS). Ovl\u00e1dame najnov\u0161ie technol\u00f3gie a trendy v oblasti v\u00fdvoja mobiln\u00fdch aplik\u00e1ci\u00ed, aby sme zaru\u010dili, \u017ee ka\u017ed\u00e1 aplik\u00e1cia je v\u00fdkonn\u00e1, bezpe\u010dn\u00e1 a u\u017e\u00edvate\u013esky pr\u00edvetiv\u00e1. Pevne ver\u00edme, \u017ee technol\u00f3gia mus\u00ed by\u0165 pr\u00edstupn\u00e1 pre v\u0161etk\u00fdch. Preto integrujeme pr\u00edstupnos\u0165 od za\u010diatku ka\u017ed\u00e9ho projektu. Navrhujeme aplik\u00e1cie, ktor\u00e9 m\u00f4\u017eu pou\u017e\u00edva\u0165 \u013eudia so zrakov\u00fdmi, sluchov\u00fdmi,&hellip;","og_locale":"sk_SK","og_type":"article","og_title":"Prezent\u00e1cia","og_description":"DatasLatitudes je vydavate\u013e mobiln\u00fdch aplik\u00e1ci\u00ed (Android a iOS). Ovl\u00e1dame najnov\u0161ie technol\u00f3gie a trendy v oblasti v\u00fdvoja mobiln\u00fdch aplik\u00e1ci\u00ed, aby sme zaru\u010dili, \u017ee ka\u017ed\u00e1 aplik\u00e1cia je v\u00fdkonn\u00e1, bezpe\u010dn\u00e1 a u\u017e\u00edvate\u013esky pr\u00edvetiv\u00e1. Pevne ver\u00edme, \u017ee technol\u00f3gia mus\u00ed by\u0165 pr\u00edstupn\u00e1 pre v\u0161etk\u00fdch. Preto integrujeme pr\u00edstupnos\u0165 od za\u010diatku ka\u017ed\u00e9ho projektu. Navrhujeme aplik\u00e1cie, ktor\u00e9 m\u00f4\u017eu pou\u017e\u00edva\u0165 \u013eudia so zrakov\u00fdmi, sluchov\u00fdmi,&hellip;","og_url":"https:\/\/www.dataslatitudes.com\/enterprise\/sk\/","og_site_name":"DatasLatitudes","article_modified_time":"2025-08-15T04:25:01+00:00","og_image":[{"width":512,"height":512,"url":"https:\/\/www.dataslatitudes.com\/enterprise\/wp-content\/uploads\/2025\/08\/img_presentation.webp","type":"image\/webp"}],"twitter_card":"summary_large_image","twitter_misc":{"Predpokladan\u00fd \u010das \u010d\u00edtania":"2 min\u00faty"},"schema":{"@context":"https:\/\/schema.org","@graph":[{"@type":"WebPage","@id":"https:\/\/www.dataslatitudes.com\/enterprise\/sk\/","url":"https:\/\/www.dataslatitudes.com\/enterprise\/sk\/","name":"Presentation - DatasLatitudes","isPartOf":{"@id":"https:\/\/www.dataslatitudes.com\/enterprise\/en\/#website"},"primaryImageOfPage":{"@id":"https:\/\/www.dataslatitudes.com\/enterprise\/sk\/#primaryimage"},"image":{"@id":"https:\/\/www.dataslatitudes.com\/enterprise\/sk\/#primaryimage"},"thumbnailUrl":"https:\/\/www.dataslatitudes.com\/enterprise\/wp-content\/uploads\/2025\/08\/img_presentation.webp","datePublished":"2025-08-14T14:09:19+00:00","dateModified":"2025-08-15T04:25:01+00:00","description":"We are experts in the latest technologies and trends in mobile development, ensuring that every application is high-performing, secure and user-friendly.","breadcrumb":{"@id":"https:\/\/www.dataslatitudes.com\/enterprise\/sk\/#breadcrumb"},"inLanguage":"sk-SK","potentialAction":[{"@type":"ReadAction","target":["https:\/\/www.dataslatitudes.com\/enterprise\/sk\/"]}]},{"@type":"ImageObject","inLanguage":"sk-SK","@id":"https:\/\/www.dataslatitudes.com\/enterprise\/sk\/#primaryimage","url":"https:\/\/www.dataslatitudes.com\/enterprise\/wp-content\/uploads\/2025\/08\/img_presentation.webp","contentUrl":"https:\/\/www.dataslatitudes.com\/enterprise\/wp-content\/uploads\/2025\/08\/img_presentation.webp"},{"@type":"BreadcrumbList","@id":"https:\/\/www.dataslatitudes.com\/enterprise\/sk\/#breadcrumb","itemListElement":[{"@type":"ListItem","position":1,"name":"Prezent\u00e1cia","item":"https:\/\/www.dataslatitudes.com\/enterprise\/en\/"},{"@type":"ListItem","position":2,"name":"Prezent\u00e1cia"}]},{"@type":"WebSite","@id":"https:\/\/www.dataslatitudes.com\/enterprise\/sk\/en\/#website","url":"https:\/\/www.dataslatitudes.com\/enterprise\/sk\/en\/","name":"DatasLatitudes","description":"DatasLatitudes web site","publisher":{"@id":"https:\/\/www.dataslatitudes.com\/enterprise\/sk\/en\/#organization"},"potentialAction":[{"@type":"SearchAction","target":{"@type":"EntryPoint","urlTemplate":"https:\/\/www.dataslatitudes.com\/enterprise\/sk\/en\/?s={search_term_string}"},"query-input":{"@type":"PropertyValueSpecification","valueRequired":true,"valueName":"search_term_string"}}],"inLanguage":"sk-SK"},{"@type":"Organization","@id":"https:\/\/www.dataslatitudes.com\/enterprise\/sk\/en\/#organization","name":"DatasLatitudes","url":"https:\/\/www.dataslatitudes.com\/enterprise\/sk\/en\/","logo":{"@type":"ImageObject","inLanguage":"sk-SK","@id":"https:\/\/www.dataslatitudes.com\/enterprise\/sk\/en\/#\/schema\/logo\/image\/","url":"https:\/\/www.dataslatitudes.com\/enterprise\/wp-content\/uploads\/2025\/08\/logo_mrdv.png","contentUrl":"https:\/\/www.dataslatitudes.com\/enterprise\/wp-content\/uploads\/2025\/08\/logo_mrdv.png","width":72,"height":72,"caption":"DatasLatitudes"},"image":{"@id":"https:\/\/www.dataslatitudes.com\/enterprise\/sk\/en\/#\/schema\/logo\/image\/"}}]}},"_links":{"self":[{"href":"https:\/\/www.dataslatitudes.com\/enterprise\/sk\/wp-json\/wp\/v2\/pages\/122","targetHints":{"allow":["GET"]}}],"collection":[{"href":"https:\/\/www.dataslatitudes.com\/enterprise\/sk\/wp-json\/wp\/v2\/pages"}],"about":[{"href":"https:\/\/www.dataslatitudes.com\/enterprise\/sk\/wp-json\/wp\/v2\/types\/page"}],"author":[{"embeddable":true,"href":"https:\/\/www.dataslatitudes.com\/enterprise\/sk\/wp-json\/wp\/v2\/users\/1"}],"replies":[{"embeddable":true,"href":"https:\/\/www.dataslatitudes.com\/enterprise\/sk\/wp-json\/wp\/v2\/comments?post=122"}],"version-history":[{"count":5,"href":"https:\/\/www.dataslatitudes.com\/enterprise\/sk\/wp-json\/wp\/v2\/pages\/122\/revisions"}],"predecessor-version":[{"id":201,"href":"https:\/\/www.dataslatitudes.com\/enterprise\/sk\/wp-json\/wp\/v2\/pages\/122\/revisions\/201"}],"wp:attachment":[{"href":"https:\/\/www.dataslatitudes.com\/enterprise\/sk\/wp-json\/wp\/v2\/media?parent=122"}],"curies":[{"name":"wp","href":"https:\/\/api.w.org\/{rel}","templated":true}]}}