{"id":122,"date":"2025-08-14T14:09:19","date_gmt":"2025-08-14T14:09:19","guid":{"rendered":"https:\/\/www.dataslatitudes.com\/enterprise\/?page_id=122"},"modified":"2025-08-15T04:25:01","modified_gmt":"2025-08-15T04:25:01","slug":"accueil","status":"publish","type":"page","link":"https:\/\/www.dataslatitudes.com\/enterprise\/pl\/","title":{"rendered":"Prezentacja"},"content":{"rendered":"\r\n<h1 class=\"wp-block-heading has-text-align-center\" style=\"margin-top:var(--wp--preset--spacing--60);margin-bottom:var(--wp--preset--spacing--60);font-size:25px\"><strong>DatasLatitudes jest wydawc\u0105 aplikacji mobilnych (Android i iOS).<\/strong><\/h1>\r\n\r\n\r\n\r\n<p><\/p>\r\n\r\n\r\n\r\n<p class=\"has-black-color has-text-color has-link-color wp-elements-30030f6ade3c2f9a4e67bfe6001b277f\" style=\"font-size:1rem\">Opanowali\u015bmy najnowsze technologie i trendy w rozwoju mobilnym, aby zapewni\u0107, \u017ce ka\u017cda aplikacja jest wydajna, bezpieczna i przyjazna dla u\u017cytkownika.<\/p>\r\n\r\n\r\n\r\n<p class=\"has-black-color has-text-color has-link-color wp-elements-aba2dd85dba0525b958044f1a03b9581\" style=\"font-size:1rem\">Mocno wierzymy, \u017ce technologia powinna by\u0107 dost\u0119pna dla wszystkich. Dlatego integracja dost\u0119pno\u015bci jest dla nas priorytetem od samego pocz\u0105tku ka\u017cdego projektu. Projektujemy aplikacje, kt\u00f3re mog\u0105 by\u0107 u\u017cywane przez osoby z niepe\u0142nosprawno\u015bciami wzrokowymi, s\u0142uchowymi, ruchowymi lub poznawczymi. Obejmuje to wsparcie dla czytnik\u00f3w ekranu (TalkBack dla Android, VoiceOver dla iOS), uwzgl\u0119dnianie kontrast\u00f3w i rozmiar\u00f3w czcionek, a tak\u017ce interfejsy dostosowane do nawigacji za pomoc\u0105 polece\u0144 g\u0142osowych lub przycisk\u00f3w.<\/p>\r\n\r\n\r\n\r\n<h2 class=\"wp-block-heading has-text-align-center\" style=\"margin-top:var(--wp--preset--spacing--40);margin-bottom:var(--wp--preset--spacing--40);font-size:25px\"><strong>Najnowsze publikacje<\/strong><\/h2>\r\n\r\n\r\n\r\n<figure class=\"wp-block-image aligncenter size-full is-resized\" style=\"margin-top:var(--wp--preset--spacing--30);margin-bottom:var(--wp--preset--spacing--30)\"><img fetchpriority=\"high\" decoding=\"async\" width=\"512\" height=\"512\" src=\"https:\/\/www.dataslatitudes.com\/enterprise\/wp-content\/uploads\/2025\/08\/img_presentation.webp\" alt=\"U\u017cytkownicy SOS Universal bezpieczni w swojej ochronnej ba\u0144ce pomimo gro\u017anego cienia\" class=\"wp-image-141\" style=\"width:376px;height:auto\" srcset=\"https:\/\/www.dataslatitudes.com\/enterprise\/wp-content\/uploads\/2025\/08\/img_presentation.webp 512w, https:\/\/www.dataslatitudes.com\/enterprise\/wp-content\/uploads\/2025\/08\/img_presentation-300x300.webp 300w, https:\/\/www.dataslatitudes.com\/enterprise\/wp-content\/uploads\/2025\/08\/img_presentation-150x150.webp 150w\" sizes=\"(max-width: 512px) 100vw, 512px\" \/><\/figure>\r\n\r\n\r\n\r\n<div class=\"wp-block-columns has-background is-layout-flex wp-container-core-columns-is-layout-7b1c9e8d wp-block-columns-is-layout-flex\" style=\"background-color:#fafaf3;margin-top:0;margin-bottom:0;padding-top:var(--wp--preset--spacing--30);padding-bottom:var(--wp--preset--spacing--30)\">\r\n<div class=\"wp-block-column is-layout-flow wp-block-column-is-layout-flow\" style=\"flex-basis:20%\">\r\n<figure class=\"wp-block-image aligncenter size-full\"><a href=\"https:\/\/www.dataslatitudes.com\/sosuniversal\/pl\/index.php\/\" target=\"_blank\" rel=\" noreferrer noopener\"><img decoding=\"async\" width=\"512\" height=\"512\" src=\"http:\/\/www.dataslatitudes.com\/enterprise\/wp-content\/uploads\/2025\/08\/icone_application.webp\" alt=\"SOS Universal - logo\" class=\"wp-image-89\" srcset=\"https:\/\/www.dataslatitudes.com\/enterprise\/wp-content\/uploads\/2025\/08\/icone_application.webp 512w, https:\/\/www.dataslatitudes.com\/enterprise\/wp-content\/uploads\/2025\/08\/icone_application-300x300.webp 300w, https:\/\/www.dataslatitudes.com\/enterprise\/wp-content\/uploads\/2025\/08\/icone_application-150x150.webp 150w\" sizes=\"(max-width: 512px) 100vw, 512px\" \/><\/a><\/figure>\r\n<\/div>\r\n\r\n\r\n\r\n<div class=\"wp-block-column is-vertically-aligned-center is-layout-flow wp-block-column-is-layout-flow\" style=\"flex-basis:80%\">\r\n<h2 class=\"wp-block-heading has-medium-font-size\"><strong><a href=\"https:\/\/www.dataslatitudes.com\/sosuniversal\/pl\/index.php\/\" target=\"_blank\" rel=\"noreferrer noopener\">SOS Universal umo\u017cliwia wysy\u0142anie alert\u00f3w w wielu formach<\/a><\/strong><\/h2>\r\n\r\n\r\n\r\n<p>Mo\u017cliwe jest wezwanie pomocy od bliskich w razie problem\u00f3w, w r\u00f3\u017cnych okoliczno\u015bciach i na kilka sposob\u00f3w. SOS Universal mo\u017ce by\u0107 u\u017cywany w przypadku agresji, n\u0119kania, z\u0142ego samopoczucia, w kontek\u015bcie braku bezpiecze\u0144stwa lub w ka\u017cdej innej niekomfortowej sytuacji. <a data-type=\"page\" data-id=\"127\" href=\"https:\/\/www.dataslatitudes.com\/sosuniversal\/pl\/index.php\/cas-dutilisation\/\" target=\"_blank\" rel=\"noreferrer noopener\">Zobacz przyk\u0142ady przypadk\u00f3w u\u017cycia<\/a><\/p>\r\n<\/div>\r\n<\/div>\r\n\r\n\r\n\r\n<p><\/p>\r\n","protected":false},"excerpt":{"rendered":"<p>DatasLatitudes jest wydawc\u0105 aplikacji mobilnych (Android i iOS). Opanowali\u015bmy najnowsze technologie i trendy w rozwoju mobilnym, aby zapewni\u0107, \u017ce ka\u017cda [&hellip;]<\/p>\n","protected":false},"author":1,"featured_media":0,"parent":0,"menu_order":0,"comment_status":"closed","ping_status":"closed","template":"","meta":{"site-sidebar-layout":"default","site-content-layout":"","ast-site-content-layout":"default","site-content-style":"default","site-sidebar-style":"default","ast-global-header-display":"","ast-banner-title-visibility":"","ast-main-header-display":"","ast-hfb-above-header-display":"","ast-hfb-below-header-display":"","ast-hfb-mobile-header-display":"","site-post-title":"disabled","ast-breadcrumbs-content":"","ast-featured-img":"","footer-sml-layout":"","theme-transparent-header-meta":"","adv-header-id-meta":"","stick-header-meta":"","header-above-stick-meta":"","header-main-stick-meta":"","header-below-stick-meta":"","astra-migrate-meta-layouts":"default","ast-page-background-enabled":"default","ast-page-background-meta":{"desktop":{"background-color":"var(--ast-global-color-5)","background-image":"","background-repeat":"repeat","background-position":"center center","background-size":"auto","background-attachment":"scroll","background-type":"","background-media":"","overlay-type":"","overlay-color":"","overlay-opacity":"","overlay-gradient":""},"tablet":{"background-color":"","background-image":"","background-repeat":"repeat","background-position":"center center","background-size":"auto","background-attachment":"scroll","background-type":"","background-media":"","overlay-type":"","overlay-color":"","overlay-opacity":"","overlay-gradient":""},"mobile":{"background-color":"","background-image":"","background-repeat":"repeat","background-position":"center center","background-size":"auto","background-attachment":"scroll","background-type":"","background-media":"","overlay-type":"","overlay-color":"","overlay-opacity":"","overlay-gradient":""}},"ast-content-background-meta":{"desktop":{"background-color":"var(--ast-global-color-4)","background-image":"","background-repeat":"repeat","background-position":"center center","background-size":"auto","background-attachment":"scroll","background-type":"","background-media":"","overlay-type":"","overlay-color":"","overlay-opacity":"","overlay-gradient":""},"tablet":{"background-color":"var(--ast-global-color-4)","background-image":"","background-repeat":"repeat","background-position":"center center","background-size":"auto","background-attachment":"scroll","background-type":"","background-media":"","overlay-type":"","overlay-color":"","overlay-opacity":"","overlay-gradient":""},"mobile":{"background-color":"var(--ast-global-color-4)","background-image":"","background-repeat":"repeat","background-position":"center center","background-size":"auto","background-attachment":"scroll","background-type":"","background-media":"","overlay-type":"","overlay-color":"","overlay-opacity":"","overlay-gradient":""}},"footnotes":""},"class_list":["post-122","page","type-page","status-publish","hentry"],"yoast_head":"<!-- This site is optimized with the Yoast SEO plugin v25.6 - https:\/\/yoast.com\/wordpress\/plugins\/seo\/ -->\n<title>Prezentacja<\/title>\n<meta name=\"description\" content=\"DatasLatitudes jest wydawc\u0105 aplikacji mobilnych (Android i iOS). Opanowali\u015bmy najnowsze technologie i trendy w rozwoju mobilnym, aby zapewni\u0107, \u017ce ka\u017cda aplikacja jest wydajna, bezpieczna i przyjazna dla u\u017cytkownika. Mocno wierzymy, \u017ce technologia powinna by\u0107 dost\u0119pna dla wszystkich. Dlatego integracja dost\u0119pno\u015bci jest dla nas priorytetem od samego pocz\u0105tku ka\u017cdego projektu. Projektujemy aplikacje, kt\u00f3re mog\u0105 by\u0107 u\u017cywane&hellip;\" \/>\n<meta name=\"robots\" content=\"index, follow, max-snippet:-1, max-image-preview:large, max-video-preview:-1\" \/>\n<link rel=\"canonical\" href=\"http:\/\/DatasLatitudes%20jest%20wydawc\u0105%20aplikacji%20mobilnych%20(Android%20i%20iOS).%20Opanowali\u015bmy%20najnowsze%20technologie%20i%20trendy%20w%20rozwoju%20mobilnym,%20aby%20zapewni\u0107,%20\u017ce%20ka\u017cda%20aplikacja%20jest%20wydajna,%20bezpieczna%20i%20przyjazna%20dla%20u\u017cytkownika.%20Mocno%20wierzymy,%20\u017ce%20technologia%20powinna%20by\u0107%20dost\u0119pna%20dla%20wszystkich.%20Dlatego%20integracja%20dost\u0119pno\u015bci%20jest%20dla%20nas%20priorytetem%20od%20samego%20pocz\u0105tku%20ka\u017cdego%20projektu.%20Projektujemy%20aplikacje,%20kt\u00f3re%20mog\u0105%20by\u0107%20u\u017cywane&hellip;\" \/>\n<meta property=\"og:locale\" content=\"pl_PL\" \/>\n<meta property=\"og:type\" content=\"article\" \/>\n<meta property=\"og:title\" content=\"Prezentacja\" \/>\n<meta property=\"og:description\" content=\"DatasLatitudes jest wydawc\u0105 aplikacji mobilnych (Android i iOS). Opanowali\u015bmy najnowsze technologie i trendy w rozwoju mobilnym, aby zapewni\u0107, \u017ce ka\u017cda aplikacja jest wydajna, bezpieczna i przyjazna dla u\u017cytkownika. Mocno wierzymy, \u017ce technologia powinna by\u0107 dost\u0119pna dla wszystkich. Dlatego integracja dost\u0119pno\u015bci jest dla nas priorytetem od samego pocz\u0105tku ka\u017cdego projektu. Projektujemy aplikacje, kt\u00f3re mog\u0105 by\u0107 u\u017cywane&hellip;\" \/>\n<meta property=\"og:url\" content=\"https:\/\/www.dataslatitudes.com\/enterprise\/pl\/\" \/>\n<meta property=\"og:site_name\" content=\"DatasLatitudes\" \/>\n<meta property=\"article:modified_time\" content=\"2025-08-15T04:25:01+00:00\" \/>\n<meta property=\"og:image\" content=\"https:\/\/www.dataslatitudes.com\/enterprise\/wp-content\/uploads\/2025\/08\/img_presentation.webp\" \/>\n\t<meta property=\"og:image:width\" content=\"512\" \/>\n\t<meta property=\"og:image:height\" content=\"512\" \/>\n\t<meta property=\"og:image:type\" content=\"image\/webp\" \/>\n<meta name=\"twitter:card\" content=\"summary_large_image\" \/>\n<meta name=\"twitter:label1\" content=\"Szacowany czas czytania\" \/>\n\t<meta name=\"twitter:data1\" content=\"2 minuty\" \/>\n<script type=\"application\/ld+json\" class=\"yoast-schema-graph\">{\"@context\":\"https:\/\/schema.org\",\"@graph\":[{\"@type\":\"WebPage\",\"@id\":\"https:\/\/www.dataslatitudes.com\/enterprise\/pl\/\",\"url\":\"https:\/\/www.dataslatitudes.com\/enterprise\/pl\/\",\"name\":\"Presentation - DatasLatitudes\",\"isPartOf\":{\"@id\":\"https:\/\/www.dataslatitudes.com\/enterprise\/en\/#website\"},\"primaryImageOfPage\":{\"@id\":\"https:\/\/www.dataslatitudes.com\/enterprise\/pl\/#primaryimage\"},\"image\":{\"@id\":\"https:\/\/www.dataslatitudes.com\/enterprise\/pl\/#primaryimage\"},\"thumbnailUrl\":\"https:\/\/www.dataslatitudes.com\/enterprise\/wp-content\/uploads\/2025\/08\/img_presentation.webp\",\"datePublished\":\"2025-08-14T14:09:19+00:00\",\"dateModified\":\"2025-08-15T04:25:01+00:00\",\"description\":\"We are experts in the latest technologies and trends in mobile development, ensuring that every application is high-performing, secure and user-friendly.\",\"breadcrumb\":{\"@id\":\"https:\/\/www.dataslatitudes.com\/enterprise\/pl\/#breadcrumb\"},\"inLanguage\":\"pl-PL\",\"potentialAction\":[{\"@type\":\"ReadAction\",\"target\":[\"https:\/\/www.dataslatitudes.com\/enterprise\/pl\/\"]}]},{\"@type\":\"ImageObject\",\"inLanguage\":\"pl-PL\",\"@id\":\"https:\/\/www.dataslatitudes.com\/enterprise\/pl\/#primaryimage\",\"url\":\"https:\/\/www.dataslatitudes.com\/enterprise\/wp-content\/uploads\/2025\/08\/img_presentation.webp\",\"contentUrl\":\"https:\/\/www.dataslatitudes.com\/enterprise\/wp-content\/uploads\/2025\/08\/img_presentation.webp\"},{\"@type\":\"BreadcrumbList\",\"@id\":\"https:\/\/www.dataslatitudes.com\/enterprise\/pl\/#breadcrumb\",\"itemListElement\":[{\"@type\":\"ListItem\",\"position\":1,\"name\":\"Prezentacja\",\"item\":\"https:\/\/www.dataslatitudes.com\/enterprise\/en\/\"},{\"@type\":\"ListItem\",\"position\":2,\"name\":\"Prezentacja\"}]},{\"@type\":\"WebSite\",\"@id\":\"https:\/\/www.dataslatitudes.com\/enterprise\/pl\/en\/#website\",\"url\":\"https:\/\/www.dataslatitudes.com\/enterprise\/pl\/en\/\",\"name\":\"DatasLatitudes\",\"description\":\"DatasLatitudes web site\",\"publisher\":{\"@id\":\"https:\/\/www.dataslatitudes.com\/enterprise\/pl\/en\/#organization\"},\"potentialAction\":[{\"@type\":\"SearchAction\",\"target\":{\"@type\":\"EntryPoint\",\"urlTemplate\":\"https:\/\/www.dataslatitudes.com\/enterprise\/pl\/en\/?s={search_term_string}\"},\"query-input\":{\"@type\":\"PropertyValueSpecification\",\"valueRequired\":true,\"valueName\":\"search_term_string\"}}],\"inLanguage\":\"pl-PL\"},{\"@type\":\"Organization\",\"@id\":\"https:\/\/www.dataslatitudes.com\/enterprise\/pl\/en\/#organization\",\"name\":\"DatasLatitudes\",\"url\":\"https:\/\/www.dataslatitudes.com\/enterprise\/pl\/en\/\",\"logo\":{\"@type\":\"ImageObject\",\"inLanguage\":\"pl-PL\",\"@id\":\"https:\/\/www.dataslatitudes.com\/enterprise\/pl\/en\/#\/schema\/logo\/image\/\",\"url\":\"https:\/\/www.dataslatitudes.com\/enterprise\/wp-content\/uploads\/2025\/08\/logo_mrdv.png\",\"contentUrl\":\"https:\/\/www.dataslatitudes.com\/enterprise\/wp-content\/uploads\/2025\/08\/logo_mrdv.png\",\"width\":72,\"height\":72,\"caption\":\"DatasLatitudes\"},\"image\":{\"@id\":\"https:\/\/www.dataslatitudes.com\/enterprise\/pl\/en\/#\/schema\/logo\/image\/\"}}]}<\/script>\n<!-- \/ Yoast SEO plugin. -->","yoast_head_json":{"title":"Prezentacja","description":"DatasLatitudes jest wydawc\u0105 aplikacji mobilnych (Android i iOS). Opanowali\u015bmy najnowsze technologie i trendy w rozwoju mobilnym, aby zapewni\u0107, \u017ce ka\u017cda aplikacja jest wydajna, bezpieczna i przyjazna dla u\u017cytkownika. Mocno wierzymy, \u017ce technologia powinna by\u0107 dost\u0119pna dla wszystkich. Dlatego integracja dost\u0119pno\u015bci jest dla nas priorytetem od samego pocz\u0105tku ka\u017cdego projektu. Projektujemy aplikacje, kt\u00f3re mog\u0105 by\u0107 u\u017cywane&hellip;","robots":{"index":"index","follow":"follow","max-snippet":"max-snippet:-1","max-image-preview":"max-image-preview:large","max-video-preview":"max-video-preview:-1"},"canonical":"DatasLatitudes jest wydawc\u0105 aplikacji mobilnych (Android i iOS). Opanowali\u015bmy najnowsze technologie i trendy w rozwoju mobilnym, aby zapewni\u0107, \u017ce ka\u017cda aplikacja jest wydajna, bezpieczna i przyjazna dla u\u017cytkownika. Mocno wierzymy, \u017ce technologia powinna by\u0107 dost\u0119pna dla wszystkich. Dlatego integracja dost\u0119pno\u015bci jest dla nas priorytetem od samego pocz\u0105tku ka\u017cdego projektu. Projektujemy aplikacje, kt\u00f3re mog\u0105 by\u0107 u\u017cywane&hellip;","og_locale":"pl_PL","og_type":"article","og_title":"Prezentacja","og_description":"DatasLatitudes jest wydawc\u0105 aplikacji mobilnych (Android i iOS). Opanowali\u015bmy najnowsze technologie i trendy w rozwoju mobilnym, aby zapewni\u0107, \u017ce ka\u017cda aplikacja jest wydajna, bezpieczna i przyjazna dla u\u017cytkownika. Mocno wierzymy, \u017ce technologia powinna by\u0107 dost\u0119pna dla wszystkich. Dlatego integracja dost\u0119pno\u015bci jest dla nas priorytetem od samego pocz\u0105tku ka\u017cdego projektu. Projektujemy aplikacje, kt\u00f3re mog\u0105 by\u0107 u\u017cywane&hellip;","og_url":"https:\/\/www.dataslatitudes.com\/enterprise\/pl\/","og_site_name":"DatasLatitudes","article_modified_time":"2025-08-15T04:25:01+00:00","og_image":[{"width":512,"height":512,"url":"https:\/\/www.dataslatitudes.com\/enterprise\/wp-content\/uploads\/2025\/08\/img_presentation.webp","type":"image\/webp"}],"twitter_card":"summary_large_image","twitter_misc":{"Szacowany czas czytania":"2 minuty"},"schema":{"@context":"https:\/\/schema.org","@graph":[{"@type":"WebPage","@id":"https:\/\/www.dataslatitudes.com\/enterprise\/pl\/","url":"https:\/\/www.dataslatitudes.com\/enterprise\/pl\/","name":"Presentation - DatasLatitudes","isPartOf":{"@id":"https:\/\/www.dataslatitudes.com\/enterprise\/en\/#website"},"primaryImageOfPage":{"@id":"https:\/\/www.dataslatitudes.com\/enterprise\/pl\/#primaryimage"},"image":{"@id":"https:\/\/www.dataslatitudes.com\/enterprise\/pl\/#primaryimage"},"thumbnailUrl":"https:\/\/www.dataslatitudes.com\/enterprise\/wp-content\/uploads\/2025\/08\/img_presentation.webp","datePublished":"2025-08-14T14:09:19+00:00","dateModified":"2025-08-15T04:25:01+00:00","description":"We are experts in the latest technologies and trends in mobile development, ensuring that every application is high-performing, secure and user-friendly.","breadcrumb":{"@id":"https:\/\/www.dataslatitudes.com\/enterprise\/pl\/#breadcrumb"},"inLanguage":"pl-PL","potentialAction":[{"@type":"ReadAction","target":["https:\/\/www.dataslatitudes.com\/enterprise\/pl\/"]}]},{"@type":"ImageObject","inLanguage":"pl-PL","@id":"https:\/\/www.dataslatitudes.com\/enterprise\/pl\/#primaryimage","url":"https:\/\/www.dataslatitudes.com\/enterprise\/wp-content\/uploads\/2025\/08\/img_presentation.webp","contentUrl":"https:\/\/www.dataslatitudes.com\/enterprise\/wp-content\/uploads\/2025\/08\/img_presentation.webp"},{"@type":"BreadcrumbList","@id":"https:\/\/www.dataslatitudes.com\/enterprise\/pl\/#breadcrumb","itemListElement":[{"@type":"ListItem","position":1,"name":"Prezentacja","item":"https:\/\/www.dataslatitudes.com\/enterprise\/en\/"},{"@type":"ListItem","position":2,"name":"Prezentacja"}]},{"@type":"WebSite","@id":"https:\/\/www.dataslatitudes.com\/enterprise\/pl\/en\/#website","url":"https:\/\/www.dataslatitudes.com\/enterprise\/pl\/en\/","name":"DatasLatitudes","description":"DatasLatitudes web site","publisher":{"@id":"https:\/\/www.dataslatitudes.com\/enterprise\/pl\/en\/#organization"},"potentialAction":[{"@type":"SearchAction","target":{"@type":"EntryPoint","urlTemplate":"https:\/\/www.dataslatitudes.com\/enterprise\/pl\/en\/?s={search_term_string}"},"query-input":{"@type":"PropertyValueSpecification","valueRequired":true,"valueName":"search_term_string"}}],"inLanguage":"pl-PL"},{"@type":"Organization","@id":"https:\/\/www.dataslatitudes.com\/enterprise\/pl\/en\/#organization","name":"DatasLatitudes","url":"https:\/\/www.dataslatitudes.com\/enterprise\/pl\/en\/","logo":{"@type":"ImageObject","inLanguage":"pl-PL","@id":"https:\/\/www.dataslatitudes.com\/enterprise\/pl\/en\/#\/schema\/logo\/image\/","url":"https:\/\/www.dataslatitudes.com\/enterprise\/wp-content\/uploads\/2025\/08\/logo_mrdv.png","contentUrl":"https:\/\/www.dataslatitudes.com\/enterprise\/wp-content\/uploads\/2025\/08\/logo_mrdv.png","width":72,"height":72,"caption":"DatasLatitudes"},"image":{"@id":"https:\/\/www.dataslatitudes.com\/enterprise\/pl\/en\/#\/schema\/logo\/image\/"}}]}},"_links":{"self":[{"href":"https:\/\/www.dataslatitudes.com\/enterprise\/pl\/wp-json\/wp\/v2\/pages\/122","targetHints":{"allow":["GET"]}}],"collection":[{"href":"https:\/\/www.dataslatitudes.com\/enterprise\/pl\/wp-json\/wp\/v2\/pages"}],"about":[{"href":"https:\/\/www.dataslatitudes.com\/enterprise\/pl\/wp-json\/wp\/v2\/types\/page"}],"author":[{"embeddable":true,"href":"https:\/\/www.dataslatitudes.com\/enterprise\/pl\/wp-json\/wp\/v2\/users\/1"}],"replies":[{"embeddable":true,"href":"https:\/\/www.dataslatitudes.com\/enterprise\/pl\/wp-json\/wp\/v2\/comments?post=122"}],"version-history":[{"count":5,"href":"https:\/\/www.dataslatitudes.com\/enterprise\/pl\/wp-json\/wp\/v2\/pages\/122\/revisions"}],"predecessor-version":[{"id":201,"href":"https:\/\/www.dataslatitudes.com\/enterprise\/pl\/wp-json\/wp\/v2\/pages\/122\/revisions\/201"}],"wp:attachment":[{"href":"https:\/\/www.dataslatitudes.com\/enterprise\/pl\/wp-json\/wp\/v2\/media?parent=122"}],"curies":[{"name":"wp","href":"https:\/\/api.w.org\/{rel}","templated":true}]}}