{"id":122,"date":"2025-08-14T14:09:19","date_gmt":"2025-08-14T14:09:19","guid":{"rendered":"https:\/\/www.dataslatitudes.com\/enterprise\/?page_id=122"},"modified":"2025-08-15T04:25:01","modified_gmt":"2025-08-15T04:25:01","slug":"accueil","status":"publish","type":"page","link":"https:\/\/www.dataslatitudes.com\/enterprise\/lv\/","title":{"rendered":"Prezent\u0101cija"},"content":{"rendered":"\r\n<h1 class=\"wp-block-heading has-text-align-center\" style=\"margin-top:var(--wp--preset--spacing--60);margin-bottom:var(--wp--preset--spacing--60);font-size:25px\"><strong>DatasLatitudes ir mobilo lietot\u0146u (Android un iOs) izdev\u0113js.<\/strong><\/h1>\r\n\r\n\r\n\r\n<p><\/p>\r\n\r\n\r\n\r\n<p class=\"has-black-color has-text-color has-link-color wp-elements-ce8fcbd74e268e34930c383aa56dfd49\" style=\"font-size:1rem\">M\u0113s apg\u016bstam jaun\u0101k\u0101s tehnolo\u0123ijas un tendences mobilo ier\u012b\u010du izstr\u0101d\u0113, lai nodro\u0161in\u0101tu, ka katra lietotne ir augstas veiktsp\u0113jas, dro\u0161a un lietot\u0101jam draudz\u012bga.<\/p>\r\n\r\n\r\n\r\n<p class=\"has-black-color has-text-color has-link-color wp-elements-5db179c2f257840e62f5461957f09146\" style=\"font-size:1rem\">M\u0113s stingri ticam, ka tehnolo\u0123ijai j\u0101b\u016bt pieejamai visiem. T\u0101p\u0113c m\u0113s pieejam\u012bbu integr\u0113jam jau no katra projekta s\u0101kuma. M\u0113s veidojam lietotnes, kuras var izmantot cilv\u0113ki ar redzes, dzirdes, motorisk\u0101m vai kognit\u012bv\u0101m trauc\u0113jumiem. Tas ietver atbalstu ekr\u0101na las\u012bt\u0101jiem (TalkBack oper\u0113t\u0101jsist\u0113mai Android, VoiceOver oper\u0113t\u0101jsist\u0113mai iOS), kontrastu un fontu izm\u0113ru \u0146em\u0161anu v\u0113r\u0101, k\u0101 ar\u012b saskarnes, kas piel\u0101gotas navig\u0101cijai ar balss komand\u0101m vai pog\u0101m.<\/p>\r\n\r\n\r\n\r\n<h2 class=\"wp-block-heading has-text-align-center\" style=\"margin-top:var(--wp--preset--spacing--40);margin-bottom:var(--wp--preset--spacing--40);font-size:25px\"><strong>Jaun\u0101k\u0101s publik\u0101cijas<\/strong><\/h2>\r\n\r\n\r\n\r\n<figure class=\"wp-block-image aligncenter size-full is-resized\" style=\"margin-top:var(--wp--preset--spacing--30);margin-bottom:var(--wp--preset--spacing--30)\"><img fetchpriority=\"high\" decoding=\"async\" width=\"512\" height=\"512\" src=\"https:\/\/www.dataslatitudes.com\/enterprise\/wp-content\/uploads\/2025\/08\/img_presentation.webp\" alt=\"SOS Universal lietot\u0101ji dro\u0161\u012bb\u0101 sav\u0101 aizsarg\u0101jo\u0161aj\u0101 burbul\u012b, neskatoties uz draud\u012bgu \u0113nu\" class=\"wp-image-141\" style=\"width:376px;height:auto\" srcset=\"https:\/\/www.dataslatitudes.com\/enterprise\/wp-content\/uploads\/2025\/08\/img_presentation.webp 512w, https:\/\/www.dataslatitudes.com\/enterprise\/wp-content\/uploads\/2025\/08\/img_presentation-300x300.webp 300w, https:\/\/www.dataslatitudes.com\/enterprise\/wp-content\/uploads\/2025\/08\/img_presentation-150x150.webp 150w\" sizes=\"(max-width: 512px) 100vw, 512px\" \/><\/figure>\r\n\r\n\r\n\r\n<div class=\"wp-block-columns has-background is-layout-flex wp-container-core-columns-is-layout-7b1c9e8d wp-block-columns-is-layout-flex\" style=\"background-color:#fafaf3;margin-top:0;margin-bottom:0;padding-top:var(--wp--preset--spacing--30);padding-bottom:var(--wp--preset--spacing--30)\">\r\n<div class=\"wp-block-column is-layout-flow wp-block-column-is-layout-flow\" style=\"flex-basis:20%\">\r\n<figure class=\"wp-block-image aligncenter size-full\"><a href=\"https:\/\/www.dataslatitudes.com\/sosuniversal\/lv\/index.php\/\" target=\"_blank\" rel=\" noreferrer noopener\"><img decoding=\"async\" width=\"512\" height=\"512\" src=\"http:\/\/www.dataslatitudes.com\/enterprise\/wp-content\/uploads\/2025\/08\/icone_application.webp\" alt=\"SOS Universal - logo\" class=\"wp-image-89\" srcset=\"https:\/\/www.dataslatitudes.com\/enterprise\/wp-content\/uploads\/2025\/08\/icone_application.webp 512w, https:\/\/www.dataslatitudes.com\/enterprise\/wp-content\/uploads\/2025\/08\/icone_application-300x300.webp 300w, https:\/\/www.dataslatitudes.com\/enterprise\/wp-content\/uploads\/2025\/08\/icone_application-150x150.webp 150w\" sizes=\"(max-width: 512px) 100vw, 512px\" \/><\/a><\/figure>\r\n<\/div>\r\n\r\n\r\n\r\n<div class=\"wp-block-column is-vertically-aligned-center is-layout-flow wp-block-column-is-layout-flow\" style=\"flex-basis:80%\">\r\n<h2 class=\"wp-block-heading has-medium-font-size\"><strong><a href=\"https:\/\/www.dataslatitudes.com\/sosuniversal\/lv\/index.php\/\" target=\"_blank\" rel=\"noreferrer noopener\">SOS Universal \u013cauj izs\u016bt\u012bt br\u012bdin\u0101jumus daudzveid\u012bg\u0101s form\u0101s<\/a><\/strong><\/h2>\r\n\r\n\r\n\r\n<p>Ir iesp\u0113jams l\u016bgt pal\u012bdz\u012bbu tuviniekiem probl\u0113mu gad\u012bjum\u0101, da\u017e\u0101dos apst\u0101k\u013cos un da\u017e\u0101dos veidos. SOS Universal var izmantot uzbrukuma, uzm\u0101k\u0161an\u0101s, sliktas pa\u0161saj\u016btas, nedro\u0161\u012bbas vai jebkur\u0101 cit\u0101 ne\u0113rt\u0101 situ\u0101cij\u0101. <a data-type=\"page\" data-id=\"127\" href=\"https:\/\/www.dataslatitudes.com\/sosuniversal\/lv\/index.php\/cas-dutilisation\/\" target=\"_blank\" rel=\"noreferrer noopener\">Skat\u012bt lieto\u0161anas gad\u012bjumu piem\u0113rus<\/a><\/p>\r\n<\/div>\r\n<\/div>\r\n\r\n\r\n\r\n<p><\/p>\r\n","protected":false},"excerpt":{"rendered":"<p>DatasLatitudes ir mobilo lietot\u0146u (Android un iOs) izdev\u0113js. M\u0113s apg\u016bstam jaun\u0101k\u0101s tehnolo\u0123ijas un tendences mobilo ier\u012b\u010du izstr\u0101d\u0113, lai nodro\u0161in\u0101tu, ka [&hellip;]<\/p>\n","protected":false},"author":1,"featured_media":0,"parent":0,"menu_order":0,"comment_status":"closed","ping_status":"closed","template":"","meta":{"site-sidebar-layout":"default","site-content-layout":"","ast-site-content-layout":"default","site-content-style":"default","site-sidebar-style":"default","ast-global-header-display":"","ast-banner-title-visibility":"","ast-main-header-display":"","ast-hfb-above-header-display":"","ast-hfb-below-header-display":"","ast-hfb-mobile-header-display":"","site-post-title":"disabled","ast-breadcrumbs-content":"","ast-featured-img":"","footer-sml-layout":"","theme-transparent-header-meta":"","adv-header-id-meta":"","stick-header-meta":"","header-above-stick-meta":"","header-main-stick-meta":"","header-below-stick-meta":"","astra-migrate-meta-layouts":"default","ast-page-background-enabled":"default","ast-page-background-meta":{"desktop":{"background-color":"var(--ast-global-color-5)","background-image":"","background-repeat":"repeat","background-position":"center center","background-size":"auto","background-attachment":"scroll","background-type":"","background-media":"","overlay-type":"","overlay-color":"","overlay-opacity":"","overlay-gradient":""},"tablet":{"background-color":"","background-image":"","background-repeat":"repeat","background-position":"center center","background-size":"auto","background-attachment":"scroll","background-type":"","background-media":"","overlay-type":"","overlay-color":"","overlay-opacity":"","overlay-gradient":""},"mobile":{"background-color":"","background-image":"","background-repeat":"repeat","background-position":"center center","background-size":"auto","background-attachment":"scroll","background-type":"","background-media":"","overlay-type":"","overlay-color":"","overlay-opacity":"","overlay-gradient":""}},"ast-content-background-meta":{"desktop":{"background-color":"var(--ast-global-color-4)","background-image":"","background-repeat":"repeat","background-position":"center center","background-size":"auto","background-attachment":"scroll","background-type":"","background-media":"","overlay-type":"","overlay-color":"","overlay-opacity":"","overlay-gradient":""},"tablet":{"background-color":"var(--ast-global-color-4)","background-image":"","background-repeat":"repeat","background-position":"center center","background-size":"auto","background-attachment":"scroll","background-type":"","background-media":"","overlay-type":"","overlay-color":"","overlay-opacity":"","overlay-gradient":""},"mobile":{"background-color":"var(--ast-global-color-4)","background-image":"","background-repeat":"repeat","background-position":"center center","background-size":"auto","background-attachment":"scroll","background-type":"","background-media":"","overlay-type":"","overlay-color":"","overlay-opacity":"","overlay-gradient":""}},"footnotes":""},"class_list":["post-122","page","type-page","status-publish","hentry"],"yoast_head":"<!-- This site is optimized with the Yoast SEO plugin v25.6 - https:\/\/yoast.com\/wordpress\/plugins\/seo\/ -->\n<title>Prezent\u0101cija<\/title>\n<meta name=\"description\" content=\"DatasLatitudes ir mobilo lietot\u0146u (Android un iOs) izdev\u0113js. M\u0113s apg\u016bstam jaun\u0101k\u0101s tehnolo\u0123ijas un tendences mobilo ier\u012b\u010du izstr\u0101d\u0113, lai nodro\u0161in\u0101tu, ka katra lietotne ir augstas veiktsp\u0113jas, dro\u0161a un lietot\u0101jam draudz\u012bga. M\u0113s stingri ticam, ka tehnolo\u0123ijai j\u0101b\u016bt pieejamai visiem. T\u0101p\u0113c m\u0113s pieejam\u012bbu integr\u0113jam jau no katra projekta s\u0101kuma. M\u0113s veidojam lietotnes, kuras var izmantot cilv\u0113ki ar redzes,&hellip;\" \/>\n<meta name=\"robots\" content=\"index, follow, max-snippet:-1, max-image-preview:large, max-video-preview:-1\" \/>\n<link rel=\"canonical\" href=\"http:\/\/DatasLatitudes%20ir%20mobilo%20lietot\u0146u%20(Android%20un%20iOs)%20izdev\u0113js.%20M\u0113s%20apg\u016bstam%20jaun\u0101k\u0101s%20tehnolo\u0123ijas%20un%20tendences%20mobilo%20ier\u012b\u010du%20izstr\u0101d\u0113,%20lai%20nodro\u0161in\u0101tu,%20ka%20katra%20lietotne%20ir%20augstas%20veiktsp\u0113jas,%20dro\u0161a%20un%20lietot\u0101jam%20draudz\u012bga.%20M\u0113s%20stingri%20ticam,%20ka%20tehnolo\u0123ijai%20j\u0101b\u016bt%20pieejamai%20visiem.%20T\u0101p\u0113c%20m\u0113s%20pieejam\u012bbu%20integr\u0113jam%20jau%20no%20katra%20projekta%20s\u0101kuma.%20M\u0113s%20veidojam%20lietotnes,%20kuras%20var%20izmantot%20cilv\u0113ki%20ar%20redzes,&hellip;\" \/>\n<meta property=\"og:locale\" content=\"lv_LV\" \/>\n<meta property=\"og:type\" content=\"article\" \/>\n<meta property=\"og:title\" content=\"Prezent\u0101cija\" \/>\n<meta property=\"og:description\" content=\"DatasLatitudes ir mobilo lietot\u0146u (Android un iOs) izdev\u0113js. M\u0113s apg\u016bstam jaun\u0101k\u0101s tehnolo\u0123ijas un tendences mobilo ier\u012b\u010du izstr\u0101d\u0113, lai nodro\u0161in\u0101tu, ka katra lietotne ir augstas veiktsp\u0113jas, dro\u0161a un lietot\u0101jam draudz\u012bga. M\u0113s stingri ticam, ka tehnolo\u0123ijai j\u0101b\u016bt pieejamai visiem. T\u0101p\u0113c m\u0113s pieejam\u012bbu integr\u0113jam jau no katra projekta s\u0101kuma. M\u0113s veidojam lietotnes, kuras var izmantot cilv\u0113ki ar redzes,&hellip;\" \/>\n<meta property=\"og:url\" content=\"https:\/\/www.dataslatitudes.com\/enterprise\/lv\/\" \/>\n<meta property=\"og:site_name\" content=\"DatasLatitudes\" \/>\n<meta property=\"article:modified_time\" content=\"2025-08-15T04:25:01+00:00\" \/>\n<meta property=\"og:image\" content=\"https:\/\/www.dataslatitudes.com\/enterprise\/wp-content\/uploads\/2025\/08\/img_presentation.webp\" \/>\n\t<meta property=\"og:image:width\" content=\"512\" \/>\n\t<meta property=\"og:image:height\" content=\"512\" \/>\n\t<meta property=\"og:image:type\" content=\"image\/webp\" \/>\n<meta name=\"twitter:card\" content=\"summary_large_image\" \/>\n<meta name=\"twitter:label1\" content=\"Est. reading time\" \/>\n\t<meta name=\"twitter:data1\" content=\"2 min\u016btes\" \/>\n<script type=\"application\/ld+json\" class=\"yoast-schema-graph\">{\"@context\":\"https:\/\/schema.org\",\"@graph\":[{\"@type\":\"WebPage\",\"@id\":\"https:\/\/www.dataslatitudes.com\/enterprise\/lv\/\",\"url\":\"https:\/\/www.dataslatitudes.com\/enterprise\/lv\/\",\"name\":\"Presentation - DatasLatitudes\",\"isPartOf\":{\"@id\":\"https:\/\/www.dataslatitudes.com\/enterprise\/en\/#website\"},\"primaryImageOfPage\":{\"@id\":\"https:\/\/www.dataslatitudes.com\/enterprise\/lv\/#primaryimage\"},\"image\":{\"@id\":\"https:\/\/www.dataslatitudes.com\/enterprise\/lv\/#primaryimage\"},\"thumbnailUrl\":\"https:\/\/www.dataslatitudes.com\/enterprise\/wp-content\/uploads\/2025\/08\/img_presentation.webp\",\"datePublished\":\"2025-08-14T14:09:19+00:00\",\"dateModified\":\"2025-08-15T04:25:01+00:00\",\"description\":\"We are experts in the latest technologies and trends in mobile development, ensuring that every application is high-performing, secure and user-friendly.\",\"breadcrumb\":{\"@id\":\"https:\/\/www.dataslatitudes.com\/enterprise\/lv\/#breadcrumb\"},\"inLanguage\":\"lv-LV\",\"potentialAction\":[{\"@type\":\"ReadAction\",\"target\":[\"https:\/\/www.dataslatitudes.com\/enterprise\/lv\/\"]}]},{\"@type\":\"ImageObject\",\"inLanguage\":\"lv-LV\",\"@id\":\"https:\/\/www.dataslatitudes.com\/enterprise\/lv\/#primaryimage\",\"url\":\"https:\/\/www.dataslatitudes.com\/enterprise\/wp-content\/uploads\/2025\/08\/img_presentation.webp\",\"contentUrl\":\"https:\/\/www.dataslatitudes.com\/enterprise\/wp-content\/uploads\/2025\/08\/img_presentation.webp\"},{\"@type\":\"BreadcrumbList\",\"@id\":\"https:\/\/www.dataslatitudes.com\/enterprise\/lv\/#breadcrumb\",\"itemListElement\":[{\"@type\":\"ListItem\",\"position\":1,\"name\":\"Prezent\u0101cija\",\"item\":\"https:\/\/www.dataslatitudes.com\/enterprise\/en\/\"},{\"@type\":\"ListItem\",\"position\":2,\"name\":\"Prezent\u0101cija\"}]},{\"@type\":\"WebSite\",\"@id\":\"https:\/\/www.dataslatitudes.com\/enterprise\/lv\/en\/#website\",\"url\":\"https:\/\/www.dataslatitudes.com\/enterprise\/lv\/en\/\",\"name\":\"DatasLatitudes\",\"description\":\"DatasLatitudes web site\",\"publisher\":{\"@id\":\"https:\/\/www.dataslatitudes.com\/enterprise\/lv\/en\/#organization\"},\"potentialAction\":[{\"@type\":\"SearchAction\",\"target\":{\"@type\":\"EntryPoint\",\"urlTemplate\":\"https:\/\/www.dataslatitudes.com\/enterprise\/lv\/en\/?s={search_term_string}\"},\"query-input\":{\"@type\":\"PropertyValueSpecification\",\"valueRequired\":true,\"valueName\":\"search_term_string\"}}],\"inLanguage\":\"lv-LV\"},{\"@type\":\"Organization\",\"@id\":\"https:\/\/www.dataslatitudes.com\/enterprise\/lv\/en\/#organization\",\"name\":\"DatasLatitudes\",\"url\":\"https:\/\/www.dataslatitudes.com\/enterprise\/lv\/en\/\",\"logo\":{\"@type\":\"ImageObject\",\"inLanguage\":\"lv-LV\",\"@id\":\"https:\/\/www.dataslatitudes.com\/enterprise\/lv\/en\/#\/schema\/logo\/image\/\",\"url\":\"https:\/\/www.dataslatitudes.com\/enterprise\/wp-content\/uploads\/2025\/08\/logo_mrdv.png\",\"contentUrl\":\"https:\/\/www.dataslatitudes.com\/enterprise\/wp-content\/uploads\/2025\/08\/logo_mrdv.png\",\"width\":72,\"height\":72,\"caption\":\"DatasLatitudes\"},\"image\":{\"@id\":\"https:\/\/www.dataslatitudes.com\/enterprise\/lv\/en\/#\/schema\/logo\/image\/\"}}]}<\/script>\n<!-- \/ Yoast SEO plugin. -->","yoast_head_json":{"title":"Prezent\u0101cija","description":"DatasLatitudes ir mobilo lietot\u0146u (Android un iOs) izdev\u0113js. M\u0113s apg\u016bstam jaun\u0101k\u0101s tehnolo\u0123ijas un tendences mobilo ier\u012b\u010du izstr\u0101d\u0113, lai nodro\u0161in\u0101tu, ka katra lietotne ir augstas veiktsp\u0113jas, dro\u0161a un lietot\u0101jam draudz\u012bga. M\u0113s stingri ticam, ka tehnolo\u0123ijai j\u0101b\u016bt pieejamai visiem. T\u0101p\u0113c m\u0113s pieejam\u012bbu integr\u0113jam jau no katra projekta s\u0101kuma. M\u0113s veidojam lietotnes, kuras var izmantot cilv\u0113ki ar redzes,&hellip;","robots":{"index":"index","follow":"follow","max-snippet":"max-snippet:-1","max-image-preview":"max-image-preview:large","max-video-preview":"max-video-preview:-1"},"canonical":"DatasLatitudes ir mobilo lietot\u0146u (Android un iOs) izdev\u0113js. M\u0113s apg\u016bstam jaun\u0101k\u0101s tehnolo\u0123ijas un tendences mobilo ier\u012b\u010du izstr\u0101d\u0113, lai nodro\u0161in\u0101tu, ka katra lietotne ir augstas veiktsp\u0113jas, dro\u0161a un lietot\u0101jam draudz\u012bga. M\u0113s stingri ticam, ka tehnolo\u0123ijai j\u0101b\u016bt pieejamai visiem. T\u0101p\u0113c m\u0113s pieejam\u012bbu integr\u0113jam jau no katra projekta s\u0101kuma. M\u0113s veidojam lietotnes, kuras var izmantot cilv\u0113ki ar redzes,&hellip;","og_locale":"lv_LV","og_type":"article","og_title":"Prezent\u0101cija","og_description":"DatasLatitudes ir mobilo lietot\u0146u (Android un iOs) izdev\u0113js. M\u0113s apg\u016bstam jaun\u0101k\u0101s tehnolo\u0123ijas un tendences mobilo ier\u012b\u010du izstr\u0101d\u0113, lai nodro\u0161in\u0101tu, ka katra lietotne ir augstas veiktsp\u0113jas, dro\u0161a un lietot\u0101jam draudz\u012bga. M\u0113s stingri ticam, ka tehnolo\u0123ijai j\u0101b\u016bt pieejamai visiem. T\u0101p\u0113c m\u0113s pieejam\u012bbu integr\u0113jam jau no katra projekta s\u0101kuma. M\u0113s veidojam lietotnes, kuras var izmantot cilv\u0113ki ar redzes,&hellip;","og_url":"https:\/\/www.dataslatitudes.com\/enterprise\/lv\/","og_site_name":"DatasLatitudes","article_modified_time":"2025-08-15T04:25:01+00:00","og_image":[{"width":512,"height":512,"url":"https:\/\/www.dataslatitudes.com\/enterprise\/wp-content\/uploads\/2025\/08\/img_presentation.webp","type":"image\/webp"}],"twitter_card":"summary_large_image","twitter_misc":{"Est. reading time":"2 min\u016btes"},"schema":{"@context":"https:\/\/schema.org","@graph":[{"@type":"WebPage","@id":"https:\/\/www.dataslatitudes.com\/enterprise\/lv\/","url":"https:\/\/www.dataslatitudes.com\/enterprise\/lv\/","name":"Presentation - DatasLatitudes","isPartOf":{"@id":"https:\/\/www.dataslatitudes.com\/enterprise\/en\/#website"},"primaryImageOfPage":{"@id":"https:\/\/www.dataslatitudes.com\/enterprise\/lv\/#primaryimage"},"image":{"@id":"https:\/\/www.dataslatitudes.com\/enterprise\/lv\/#primaryimage"},"thumbnailUrl":"https:\/\/www.dataslatitudes.com\/enterprise\/wp-content\/uploads\/2025\/08\/img_presentation.webp","datePublished":"2025-08-14T14:09:19+00:00","dateModified":"2025-08-15T04:25:01+00:00","description":"We are experts in the latest technologies and trends in mobile development, ensuring that every application is high-performing, secure and user-friendly.","breadcrumb":{"@id":"https:\/\/www.dataslatitudes.com\/enterprise\/lv\/#breadcrumb"},"inLanguage":"lv-LV","potentialAction":[{"@type":"ReadAction","target":["https:\/\/www.dataslatitudes.com\/enterprise\/lv\/"]}]},{"@type":"ImageObject","inLanguage":"lv-LV","@id":"https:\/\/www.dataslatitudes.com\/enterprise\/lv\/#primaryimage","url":"https:\/\/www.dataslatitudes.com\/enterprise\/wp-content\/uploads\/2025\/08\/img_presentation.webp","contentUrl":"https:\/\/www.dataslatitudes.com\/enterprise\/wp-content\/uploads\/2025\/08\/img_presentation.webp"},{"@type":"BreadcrumbList","@id":"https:\/\/www.dataslatitudes.com\/enterprise\/lv\/#breadcrumb","itemListElement":[{"@type":"ListItem","position":1,"name":"Prezent\u0101cija","item":"https:\/\/www.dataslatitudes.com\/enterprise\/en\/"},{"@type":"ListItem","position":2,"name":"Prezent\u0101cija"}]},{"@type":"WebSite","@id":"https:\/\/www.dataslatitudes.com\/enterprise\/lv\/en\/#website","url":"https:\/\/www.dataslatitudes.com\/enterprise\/lv\/en\/","name":"DatasLatitudes","description":"DatasLatitudes web site","publisher":{"@id":"https:\/\/www.dataslatitudes.com\/enterprise\/lv\/en\/#organization"},"potentialAction":[{"@type":"SearchAction","target":{"@type":"EntryPoint","urlTemplate":"https:\/\/www.dataslatitudes.com\/enterprise\/lv\/en\/?s={search_term_string}"},"query-input":{"@type":"PropertyValueSpecification","valueRequired":true,"valueName":"search_term_string"}}],"inLanguage":"lv-LV"},{"@type":"Organization","@id":"https:\/\/www.dataslatitudes.com\/enterprise\/lv\/en\/#organization","name":"DatasLatitudes","url":"https:\/\/www.dataslatitudes.com\/enterprise\/lv\/en\/","logo":{"@type":"ImageObject","inLanguage":"lv-LV","@id":"https:\/\/www.dataslatitudes.com\/enterprise\/lv\/en\/#\/schema\/logo\/image\/","url":"https:\/\/www.dataslatitudes.com\/enterprise\/wp-content\/uploads\/2025\/08\/logo_mrdv.png","contentUrl":"https:\/\/www.dataslatitudes.com\/enterprise\/wp-content\/uploads\/2025\/08\/logo_mrdv.png","width":72,"height":72,"caption":"DatasLatitudes"},"image":{"@id":"https:\/\/www.dataslatitudes.com\/enterprise\/lv\/en\/#\/schema\/logo\/image\/"}}]}},"_links":{"self":[{"href":"https:\/\/www.dataslatitudes.com\/enterprise\/lv\/wp-json\/wp\/v2\/pages\/122","targetHints":{"allow":["GET"]}}],"collection":[{"href":"https:\/\/www.dataslatitudes.com\/enterprise\/lv\/wp-json\/wp\/v2\/pages"}],"about":[{"href":"https:\/\/www.dataslatitudes.com\/enterprise\/lv\/wp-json\/wp\/v2\/types\/page"}],"author":[{"embeddable":true,"href":"https:\/\/www.dataslatitudes.com\/enterprise\/lv\/wp-json\/wp\/v2\/users\/1"}],"replies":[{"embeddable":true,"href":"https:\/\/www.dataslatitudes.com\/enterprise\/lv\/wp-json\/wp\/v2\/comments?post=122"}],"version-history":[{"count":5,"href":"https:\/\/www.dataslatitudes.com\/enterprise\/lv\/wp-json\/wp\/v2\/pages\/122\/revisions"}],"predecessor-version":[{"id":201,"href":"https:\/\/www.dataslatitudes.com\/enterprise\/lv\/wp-json\/wp\/v2\/pages\/122\/revisions\/201"}],"wp:attachment":[{"href":"https:\/\/www.dataslatitudes.com\/enterprise\/lv\/wp-json\/wp\/v2\/media?parent=122"}],"curies":[{"name":"wp","href":"https:\/\/api.w.org\/{rel}","templated":true}]}}