{"id":122,"date":"2025-08-14T14:09:19","date_gmt":"2025-08-14T14:09:19","guid":{"rendered":"https:\/\/www.dataslatitudes.com\/enterprise\/?page_id=122"},"modified":"2025-08-15T04:25:01","modified_gmt":"2025-08-15T04:25:01","slug":"accueil","status":"publish","type":"page","link":"https:\/\/www.dataslatitudes.com\/enterprise\/lt\/","title":{"rendered":"Pristatymas"},"content":{"rendered":"\r\n<h1 class=\"wp-block-heading has-text-align-center\" style=\"margin-top:var(--wp--preset--spacing--60);margin-bottom:var(--wp--preset--spacing--60);font-size:25px\"><strong>DatasLatitudes yra mobili\u0173j\u0173 program\u0173 (Android ir iOs) leid\u0117jas.<\/strong><\/h1>\r\n\r\n\r\n\r\n<p><\/p>\r\n\r\n\r\n\r\n<p class=\"has-black-color has-text-color has-link-color wp-elements-8729240aeb4cc1f438aaaa2a151b3723\" style=\"font-size:1rem\">Mes \u012fvaldome naujausias technologijas ir tendencijas mobili\u0173j\u0173 \u012frengini\u0173 k\u016brime, kad u\u017etikrintume, jog kiekviena programa b\u016bt\u0173 efektyvi, saugi ir patogi vartotojui.<\/p>\r\n\r\n\r\n\r\n<p class=\"has-black-color has-text-color has-link-color wp-elements-8e1444e73e7a929a9f4639ec81dbc1f4\" style=\"font-size:1rem\">Mes tvirtai tikime, kad technologijos turi b\u016bti prieinamos visiems. Tod\u0117l prieinamum\u0105 integruojame nuo kiekvieno projekto prad\u017eios. Mes kuriame programas, kurias gali naudoti \u017emon\u0117s su regos, klausos, jud\u0117jimo ar pa\u017einimo negalia. Tai apima palaikym\u0105 ekrano skaitytuvams (TalkBack, skirtas Android, VoiceOver, skirtas iOS), kontrast\u0173 ir \u0161rifto dyd\u017ei\u0173 atsi\u017evelgim\u0105, taip pat s\u0105sajas, pritaikytas nar\u0161ymui balsu ar mygtukais.<\/p>\r\n\r\n\r\n\r\n<h2 class=\"wp-block-heading has-text-align-center\" style=\"margin-top:var(--wp--preset--spacing--40);margin-bottom:var(--wp--preset--spacing--40);font-size:25px\"><strong>Naujausi leidiniai<\/strong><\/h2>\r\n\r\n\r\n\r\n<figure class=\"wp-block-image aligncenter size-full is-resized\" style=\"margin-top:var(--wp--preset--spacing--30);margin-bottom:var(--wp--preset--spacing--30)\"><img fetchpriority=\"high\" decoding=\"async\" width=\"512\" height=\"512\" src=\"https:\/\/www.dataslatitudes.com\/enterprise\/wp-content\/uploads\/2025\/08\/img_presentation.webp\" alt=\"SOS Universal vartotojai saug\u016bs savo apsauginiame burbule, nepaisant gr\u0117smingo \u0161e\u0161\u0117lio\" class=\"wp-image-141\" style=\"width:376px;height:auto\" srcset=\"https:\/\/www.dataslatitudes.com\/enterprise\/wp-content\/uploads\/2025\/08\/img_presentation.webp 512w, https:\/\/www.dataslatitudes.com\/enterprise\/wp-content\/uploads\/2025\/08\/img_presentation-300x300.webp 300w, https:\/\/www.dataslatitudes.com\/enterprise\/wp-content\/uploads\/2025\/08\/img_presentation-150x150.webp 150w\" sizes=\"(max-width: 512px) 100vw, 512px\" \/><\/figure>\r\n\r\n\r\n\r\n<div class=\"wp-block-columns has-background is-layout-flex wp-container-core-columns-is-layout-7b1c9e8d wp-block-columns-is-layout-flex\" style=\"background-color:#fafaf3;margin-top:0;margin-bottom:0;padding-top:var(--wp--preset--spacing--30);padding-bottom:var(--wp--preset--spacing--30)\">\r\n<div class=\"wp-block-column is-layout-flow wp-block-column-is-layout-flow\" style=\"flex-basis:20%\">\r\n<figure class=\"wp-block-image aligncenter size-full\"><a href=\"https:\/\/www.dataslatitudes.com\/sosuniversal\/lt\/index.php\/\" target=\"_blank\" rel=\" noreferrer noopener\"><img decoding=\"async\" width=\"512\" height=\"512\" src=\"http:\/\/www.dataslatitudes.com\/enterprise\/wp-content\/uploads\/2025\/08\/icone_application.webp\" alt=\"SOS Universal - logo\" class=\"wp-image-89\" srcset=\"https:\/\/www.dataslatitudes.com\/enterprise\/wp-content\/uploads\/2025\/08\/icone_application.webp 512w, https:\/\/www.dataslatitudes.com\/enterprise\/wp-content\/uploads\/2025\/08\/icone_application-300x300.webp 300w, https:\/\/www.dataslatitudes.com\/enterprise\/wp-content\/uploads\/2025\/08\/icone_application-150x150.webp 150w\" sizes=\"(max-width: 512px) 100vw, 512px\" \/><\/a><\/figure>\r\n<\/div>\r\n\r\n\r\n\r\n<div class=\"wp-block-column is-vertically-aligned-center is-layout-flow wp-block-column-is-layout-flow\" style=\"flex-basis:80%\">\r\n<h2 class=\"wp-block-heading has-medium-font-size\"><strong><a href=\"https:\/\/www.dataslatitudes.com\/sosuniversal\/lt\/index.php\/\" target=\"_blank\" rel=\"noreferrer noopener\">\u201eSOS Universal\u201c leid\u017eia si\u0173sti \u012fsp\u0117jimus \u012fvairiomis formomis<\/a><\/strong><\/h2>\r\n\r\n\r\n\r\n<p>Galima kreiptis pagalbos \u012f artimuosius problem\u0173 atveju, \u012fvairiomis aplinkyb\u0117mis ir keliais b\u016bdais. \u201eSOS Universal\u201c gali b\u016bti naudojama agresijos, priekabiavimo, negalavimo, nesaugumo kontekste ar bet kokioje kitoje nepatogioje situacijoje. <a data-type=\"page\" data-id=\"127\" href=\"https:\/\/www.dataslatitudes.com\/sosuniversal\/lt\/index.php\/cas-dutilisation\/\" target=\"_blank\" rel=\"noreferrer noopener\">\u017dr. naudojimo atvej\u0173 pavyzd\u017eius<\/a><\/p>\r\n<\/div>\r\n<\/div>\r\n\r\n\r\n\r\n<p><\/p>\r\n","protected":false},"excerpt":{"rendered":"<p>DatasLatitudes yra mobili\u0173j\u0173 program\u0173 (Android ir iOs) leid\u0117jas. Mes \u012fvaldome naujausias technologijas ir tendencijas mobili\u0173j\u0173 \u012frengini\u0173 k\u016brime, kad u\u017etikrintume, jog [&hellip;]<\/p>\n","protected":false},"author":1,"featured_media":0,"parent":0,"menu_order":0,"comment_status":"closed","ping_status":"closed","template":"","meta":{"site-sidebar-layout":"default","site-content-layout":"","ast-site-content-layout":"default","site-content-style":"default","site-sidebar-style":"default","ast-global-header-display":"","ast-banner-title-visibility":"","ast-main-header-display":"","ast-hfb-above-header-display":"","ast-hfb-below-header-display":"","ast-hfb-mobile-header-display":"","site-post-title":"disabled","ast-breadcrumbs-content":"","ast-featured-img":"","footer-sml-layout":"","theme-transparent-header-meta":"","adv-header-id-meta":"","stick-header-meta":"","header-above-stick-meta":"","header-main-stick-meta":"","header-below-stick-meta":"","astra-migrate-meta-layouts":"default","ast-page-background-enabled":"default","ast-page-background-meta":{"desktop":{"background-color":"var(--ast-global-color-5)","background-image":"","background-repeat":"repeat","background-position":"center center","background-size":"auto","background-attachment":"scroll","background-type":"","background-media":"","overlay-type":"","overlay-color":"","overlay-opacity":"","overlay-gradient":""},"tablet":{"background-color":"","background-image":"","background-repeat":"repeat","background-position":"center center","background-size":"auto","background-attachment":"scroll","background-type":"","background-media":"","overlay-type":"","overlay-color":"","overlay-opacity":"","overlay-gradient":""},"mobile":{"background-color":"","background-image":"","background-repeat":"repeat","background-position":"center center","background-size":"auto","background-attachment":"scroll","background-type":"","background-media":"","overlay-type":"","overlay-color":"","overlay-opacity":"","overlay-gradient":""}},"ast-content-background-meta":{"desktop":{"background-color":"var(--ast-global-color-4)","background-image":"","background-repeat":"repeat","background-position":"center center","background-size":"auto","background-attachment":"scroll","background-type":"","background-media":"","overlay-type":"","overlay-color":"","overlay-opacity":"","overlay-gradient":""},"tablet":{"background-color":"var(--ast-global-color-4)","background-image":"","background-repeat":"repeat","background-position":"center center","background-size":"auto","background-attachment":"scroll","background-type":"","background-media":"","overlay-type":"","overlay-color":"","overlay-opacity":"","overlay-gradient":""},"mobile":{"background-color":"var(--ast-global-color-4)","background-image":"","background-repeat":"repeat","background-position":"center center","background-size":"auto","background-attachment":"scroll","background-type":"","background-media":"","overlay-type":"","overlay-color":"","overlay-opacity":"","overlay-gradient":""}},"footnotes":""},"class_list":["post-122","page","type-page","status-publish","hentry"],"yoast_head":"<!-- This site is optimized with the Yoast SEO plugin v25.6 - https:\/\/yoast.com\/wordpress\/plugins\/seo\/ -->\n<title>Pristatymas<\/title>\n<meta name=\"description\" content=\"DatasLatitudes yra mobili\u0173j\u0173 program\u0173 (Android ir iOs) leid\u0117jas. Mes \u012fvaldome naujausias technologijas ir tendencijas mobili\u0173j\u0173 \u012frengini\u0173 k\u016brime, kad u\u017etikrintume, jog kiekviena programa b\u016bt\u0173 efektyvi, saugi ir patogi vartotojui. Mes tvirtai tikime, kad technologijos turi b\u016bti prieinamos visiems. Tod\u0117l prieinamum\u0105 integruojame nuo kiekvieno projekto prad\u017eios. Mes kuriame programas, kurias gali naudoti \u017emon\u0117s su regos, klausos, jud\u0117jimo&hellip;\" \/>\n<meta name=\"robots\" content=\"index, follow, max-snippet:-1, max-image-preview:large, max-video-preview:-1\" \/>\n<link rel=\"canonical\" href=\"http:\/\/DatasLatitudes%20yra%20mobili\u0173j\u0173%20program\u0173%20(Android%20ir%20iOs)%20leid\u0117jas.%20Mes%20\u012fvaldome%20naujausias%20technologijas%20ir%20tendencijas%20mobili\u0173j\u0173%20\u012frengini\u0173%20k\u016brime,%20kad%20u\u017etikrintume,%20jog%20kiekviena%20programa%20b\u016bt\u0173%20efektyvi,%20saugi%20ir%20patogi%20vartotojui.%20Mes%20tvirtai%20tikime,%20kad%20technologijos%20turi%20b\u016bti%20prieinamos%20visiems.%20Tod\u0117l%20prieinamum\u0105%20integruojame%20nuo%20kiekvieno%20projekto%20prad\u017eios.%20Mes%20kuriame%20programas,%20kurias%20gali%20naudoti%20\u017emon\u0117s%20su%20regos,%20klausos,%20jud\u0117jimo&hellip;\" \/>\n<meta property=\"og:locale\" content=\"lt_LT\" \/>\n<meta property=\"og:type\" content=\"article\" \/>\n<meta property=\"og:title\" content=\"Pristatymas\" \/>\n<meta property=\"og:description\" content=\"DatasLatitudes yra mobili\u0173j\u0173 program\u0173 (Android ir iOs) leid\u0117jas. Mes \u012fvaldome naujausias technologijas ir tendencijas mobili\u0173j\u0173 \u012frengini\u0173 k\u016brime, kad u\u017etikrintume, jog kiekviena programa b\u016bt\u0173 efektyvi, saugi ir patogi vartotojui. Mes tvirtai tikime, kad technologijos turi b\u016bti prieinamos visiems. Tod\u0117l prieinamum\u0105 integruojame nuo kiekvieno projekto prad\u017eios. Mes kuriame programas, kurias gali naudoti \u017emon\u0117s su regos, klausos, jud\u0117jimo&hellip;\" \/>\n<meta property=\"og:url\" content=\"https:\/\/www.dataslatitudes.com\/enterprise\/lt\/\" \/>\n<meta property=\"og:site_name\" content=\"DatasLatitudes\" \/>\n<meta property=\"article:modified_time\" content=\"2025-08-15T04:25:01+00:00\" \/>\n<meta property=\"og:image\" content=\"https:\/\/www.dataslatitudes.com\/enterprise\/wp-content\/uploads\/2025\/08\/img_presentation.webp\" \/>\n\t<meta property=\"og:image:width\" content=\"512\" \/>\n\t<meta property=\"og:image:height\" content=\"512\" \/>\n\t<meta property=\"og:image:type\" content=\"image\/webp\" \/>\n<meta name=\"twitter:card\" content=\"summary_large_image\" \/>\n<meta name=\"twitter:label1\" content=\"Est. reading time\" \/>\n\t<meta name=\"twitter:data1\" content=\"2 minut\u0117s\" \/>\n<script type=\"application\/ld+json\" class=\"yoast-schema-graph\">{\"@context\":\"https:\/\/schema.org\",\"@graph\":[{\"@type\":\"WebPage\",\"@id\":\"https:\/\/www.dataslatitudes.com\/enterprise\/lt\/\",\"url\":\"https:\/\/www.dataslatitudes.com\/enterprise\/lt\/\",\"name\":\"Presentation - DatasLatitudes\",\"isPartOf\":{\"@id\":\"https:\/\/www.dataslatitudes.com\/enterprise\/en\/#website\"},\"primaryImageOfPage\":{\"@id\":\"https:\/\/www.dataslatitudes.com\/enterprise\/lt\/#primaryimage\"},\"image\":{\"@id\":\"https:\/\/www.dataslatitudes.com\/enterprise\/lt\/#primaryimage\"},\"thumbnailUrl\":\"https:\/\/www.dataslatitudes.com\/enterprise\/wp-content\/uploads\/2025\/08\/img_presentation.webp\",\"datePublished\":\"2025-08-14T14:09:19+00:00\",\"dateModified\":\"2025-08-15T04:25:01+00:00\",\"description\":\"We are experts in the latest technologies and trends in mobile development, ensuring that every application is high-performing, secure and user-friendly.\",\"breadcrumb\":{\"@id\":\"https:\/\/www.dataslatitudes.com\/enterprise\/lt\/#breadcrumb\"},\"inLanguage\":\"lt-LT\",\"potentialAction\":[{\"@type\":\"ReadAction\",\"target\":[\"https:\/\/www.dataslatitudes.com\/enterprise\/lt\/\"]}]},{\"@type\":\"ImageObject\",\"inLanguage\":\"lt-LT\",\"@id\":\"https:\/\/www.dataslatitudes.com\/enterprise\/lt\/#primaryimage\",\"url\":\"https:\/\/www.dataslatitudes.com\/enterprise\/wp-content\/uploads\/2025\/08\/img_presentation.webp\",\"contentUrl\":\"https:\/\/www.dataslatitudes.com\/enterprise\/wp-content\/uploads\/2025\/08\/img_presentation.webp\"},{\"@type\":\"BreadcrumbList\",\"@id\":\"https:\/\/www.dataslatitudes.com\/enterprise\/lt\/#breadcrumb\",\"itemListElement\":[{\"@type\":\"ListItem\",\"position\":1,\"name\":\"Pristatymas\",\"item\":\"https:\/\/www.dataslatitudes.com\/enterprise\/en\/\"},{\"@type\":\"ListItem\",\"position\":2,\"name\":\"Pristatymas\"}]},{\"@type\":\"WebSite\",\"@id\":\"https:\/\/www.dataslatitudes.com\/enterprise\/lt\/en\/#website\",\"url\":\"https:\/\/www.dataslatitudes.com\/enterprise\/lt\/en\/\",\"name\":\"DatasLatitudes\",\"description\":\"DatasLatitudes web site\",\"publisher\":{\"@id\":\"https:\/\/www.dataslatitudes.com\/enterprise\/lt\/en\/#organization\"},\"potentialAction\":[{\"@type\":\"SearchAction\",\"target\":{\"@type\":\"EntryPoint\",\"urlTemplate\":\"https:\/\/www.dataslatitudes.com\/enterprise\/lt\/en\/?s={search_term_string}\"},\"query-input\":{\"@type\":\"PropertyValueSpecification\",\"valueRequired\":true,\"valueName\":\"search_term_string\"}}],\"inLanguage\":\"lt-LT\"},{\"@type\":\"Organization\",\"@id\":\"https:\/\/www.dataslatitudes.com\/enterprise\/lt\/en\/#organization\",\"name\":\"DatasLatitudes\",\"url\":\"https:\/\/www.dataslatitudes.com\/enterprise\/lt\/en\/\",\"logo\":{\"@type\":\"ImageObject\",\"inLanguage\":\"lt-LT\",\"@id\":\"https:\/\/www.dataslatitudes.com\/enterprise\/lt\/en\/#\/schema\/logo\/image\/\",\"url\":\"https:\/\/www.dataslatitudes.com\/enterprise\/wp-content\/uploads\/2025\/08\/logo_mrdv.png\",\"contentUrl\":\"https:\/\/www.dataslatitudes.com\/enterprise\/wp-content\/uploads\/2025\/08\/logo_mrdv.png\",\"width\":72,\"height\":72,\"caption\":\"DatasLatitudes\"},\"image\":{\"@id\":\"https:\/\/www.dataslatitudes.com\/enterprise\/lt\/en\/#\/schema\/logo\/image\/\"}}]}<\/script>\n<!-- \/ Yoast SEO plugin. -->","yoast_head_json":{"title":"Pristatymas","description":"DatasLatitudes yra mobili\u0173j\u0173 program\u0173 (Android ir iOs) leid\u0117jas. Mes \u012fvaldome naujausias technologijas ir tendencijas mobili\u0173j\u0173 \u012frengini\u0173 k\u016brime, kad u\u017etikrintume, jog kiekviena programa b\u016bt\u0173 efektyvi, saugi ir patogi vartotojui. Mes tvirtai tikime, kad technologijos turi b\u016bti prieinamos visiems. Tod\u0117l prieinamum\u0105 integruojame nuo kiekvieno projekto prad\u017eios. Mes kuriame programas, kurias gali naudoti \u017emon\u0117s su regos, klausos, jud\u0117jimo&hellip;","robots":{"index":"index","follow":"follow","max-snippet":"max-snippet:-1","max-image-preview":"max-image-preview:large","max-video-preview":"max-video-preview:-1"},"canonical":"DatasLatitudes yra mobili\u0173j\u0173 program\u0173 (Android ir iOs) leid\u0117jas. Mes \u012fvaldome naujausias technologijas ir tendencijas mobili\u0173j\u0173 \u012frengini\u0173 k\u016brime, kad u\u017etikrintume, jog kiekviena programa b\u016bt\u0173 efektyvi, saugi ir patogi vartotojui. Mes tvirtai tikime, kad technologijos turi b\u016bti prieinamos visiems. Tod\u0117l prieinamum\u0105 integruojame nuo kiekvieno projekto prad\u017eios. Mes kuriame programas, kurias gali naudoti \u017emon\u0117s su regos, klausos, jud\u0117jimo&hellip;","og_locale":"lt_LT","og_type":"article","og_title":"Pristatymas","og_description":"DatasLatitudes yra mobili\u0173j\u0173 program\u0173 (Android ir iOs) leid\u0117jas. Mes \u012fvaldome naujausias technologijas ir tendencijas mobili\u0173j\u0173 \u012frengini\u0173 k\u016brime, kad u\u017etikrintume, jog kiekviena programa b\u016bt\u0173 efektyvi, saugi ir patogi vartotojui. Mes tvirtai tikime, kad technologijos turi b\u016bti prieinamos visiems. Tod\u0117l prieinamum\u0105 integruojame nuo kiekvieno projekto prad\u017eios. Mes kuriame programas, kurias gali naudoti \u017emon\u0117s su regos, klausos, jud\u0117jimo&hellip;","og_url":"https:\/\/www.dataslatitudes.com\/enterprise\/lt\/","og_site_name":"DatasLatitudes","article_modified_time":"2025-08-15T04:25:01+00:00","og_image":[{"width":512,"height":512,"url":"https:\/\/www.dataslatitudes.com\/enterprise\/wp-content\/uploads\/2025\/08\/img_presentation.webp","type":"image\/webp"}],"twitter_card":"summary_large_image","twitter_misc":{"Est. reading time":"2 minut\u0117s"},"schema":{"@context":"https:\/\/schema.org","@graph":[{"@type":"WebPage","@id":"https:\/\/www.dataslatitudes.com\/enterprise\/lt\/","url":"https:\/\/www.dataslatitudes.com\/enterprise\/lt\/","name":"Presentation - DatasLatitudes","isPartOf":{"@id":"https:\/\/www.dataslatitudes.com\/enterprise\/en\/#website"},"primaryImageOfPage":{"@id":"https:\/\/www.dataslatitudes.com\/enterprise\/lt\/#primaryimage"},"image":{"@id":"https:\/\/www.dataslatitudes.com\/enterprise\/lt\/#primaryimage"},"thumbnailUrl":"https:\/\/www.dataslatitudes.com\/enterprise\/wp-content\/uploads\/2025\/08\/img_presentation.webp","datePublished":"2025-08-14T14:09:19+00:00","dateModified":"2025-08-15T04:25:01+00:00","description":"We are experts in the latest technologies and trends in mobile development, ensuring that every application is high-performing, secure and user-friendly.","breadcrumb":{"@id":"https:\/\/www.dataslatitudes.com\/enterprise\/lt\/#breadcrumb"},"inLanguage":"lt-LT","potentialAction":[{"@type":"ReadAction","target":["https:\/\/www.dataslatitudes.com\/enterprise\/lt\/"]}]},{"@type":"ImageObject","inLanguage":"lt-LT","@id":"https:\/\/www.dataslatitudes.com\/enterprise\/lt\/#primaryimage","url":"https:\/\/www.dataslatitudes.com\/enterprise\/wp-content\/uploads\/2025\/08\/img_presentation.webp","contentUrl":"https:\/\/www.dataslatitudes.com\/enterprise\/wp-content\/uploads\/2025\/08\/img_presentation.webp"},{"@type":"BreadcrumbList","@id":"https:\/\/www.dataslatitudes.com\/enterprise\/lt\/#breadcrumb","itemListElement":[{"@type":"ListItem","position":1,"name":"Pristatymas","item":"https:\/\/www.dataslatitudes.com\/enterprise\/en\/"},{"@type":"ListItem","position":2,"name":"Pristatymas"}]},{"@type":"WebSite","@id":"https:\/\/www.dataslatitudes.com\/enterprise\/lt\/en\/#website","url":"https:\/\/www.dataslatitudes.com\/enterprise\/lt\/en\/","name":"DatasLatitudes","description":"DatasLatitudes web site","publisher":{"@id":"https:\/\/www.dataslatitudes.com\/enterprise\/lt\/en\/#organization"},"potentialAction":[{"@type":"SearchAction","target":{"@type":"EntryPoint","urlTemplate":"https:\/\/www.dataslatitudes.com\/enterprise\/lt\/en\/?s={search_term_string}"},"query-input":{"@type":"PropertyValueSpecification","valueRequired":true,"valueName":"search_term_string"}}],"inLanguage":"lt-LT"},{"@type":"Organization","@id":"https:\/\/www.dataslatitudes.com\/enterprise\/lt\/en\/#organization","name":"DatasLatitudes","url":"https:\/\/www.dataslatitudes.com\/enterprise\/lt\/en\/","logo":{"@type":"ImageObject","inLanguage":"lt-LT","@id":"https:\/\/www.dataslatitudes.com\/enterprise\/lt\/en\/#\/schema\/logo\/image\/","url":"https:\/\/www.dataslatitudes.com\/enterprise\/wp-content\/uploads\/2025\/08\/logo_mrdv.png","contentUrl":"https:\/\/www.dataslatitudes.com\/enterprise\/wp-content\/uploads\/2025\/08\/logo_mrdv.png","width":72,"height":72,"caption":"DatasLatitudes"},"image":{"@id":"https:\/\/www.dataslatitudes.com\/enterprise\/lt\/en\/#\/schema\/logo\/image\/"}}]}},"_links":{"self":[{"href":"https:\/\/www.dataslatitudes.com\/enterprise\/lt\/wp-json\/wp\/v2\/pages\/122","targetHints":{"allow":["GET"]}}],"collection":[{"href":"https:\/\/www.dataslatitudes.com\/enterprise\/lt\/wp-json\/wp\/v2\/pages"}],"about":[{"href":"https:\/\/www.dataslatitudes.com\/enterprise\/lt\/wp-json\/wp\/v2\/types\/page"}],"author":[{"embeddable":true,"href":"https:\/\/www.dataslatitudes.com\/enterprise\/lt\/wp-json\/wp\/v2\/users\/1"}],"replies":[{"embeddable":true,"href":"https:\/\/www.dataslatitudes.com\/enterprise\/lt\/wp-json\/wp\/v2\/comments?post=122"}],"version-history":[{"count":5,"href":"https:\/\/www.dataslatitudes.com\/enterprise\/lt\/wp-json\/wp\/v2\/pages\/122\/revisions"}],"predecessor-version":[{"id":201,"href":"https:\/\/www.dataslatitudes.com\/enterprise\/lt\/wp-json\/wp\/v2\/pages\/122\/revisions\/201"}],"wp:attachment":[{"href":"https:\/\/www.dataslatitudes.com\/enterprise\/lt\/wp-json\/wp\/v2\/media?parent=122"}],"curies":[{"name":"wp","href":"https:\/\/api.w.org\/{rel}","templated":true}]}}