{"id":122,"date":"2025-08-14T14:09:19","date_gmt":"2025-08-14T14:09:19","guid":{"rendered":"https:\/\/www.dataslatitudes.com\/enterprise\/?page_id=122"},"modified":"2025-08-15T04:25:01","modified_gmt":"2025-08-15T04:25:01","slug":"accueil","status":"publish","type":"page","link":"https:\/\/www.dataslatitudes.com\/enterprise\/fi\/","title":{"rendered":"Esittely"},"content":{"rendered":"\r\n<h1 class=\"wp-block-heading has-text-align-center\" style=\"margin-top:var(--wp--preset--spacing--60);margin-bottom:var(--wp--preset--spacing--60);font-size:25px\"><strong>DatasLatitudes on mobiilisovellusten (Android ja iOS) julkaisija.<\/strong><\/h1>\r\n\r\n\r\n\r\n<p><\/p>\r\n\r\n\r\n\r\n<p class=\"has-black-color has-text-color has-link-color wp-elements-e18180c60fa5c831f9c16d60cf93230f\" style=\"font-size:1rem\">Osaamme uusimmat mobiilikehityksen teknologiat ja trendit varmistaaksemme, ett\u00e4 jokainen sovellus on tehokas, turvallinen ja k\u00e4ytt\u00e4j\u00e4yst\u00e4v\u00e4llinen.<\/p>\r\n\r\n\r\n\r\n<p class=\"has-black-color has-text-color has-link-color wp-elements-3d13f481c75812e2dcfb497046a11983\" style=\"font-size:1rem\">Uskomme vakaasti, ett\u00e4 teknologian on oltava kaikkien saatavilla. Siksi integroimme saavutettavuuden jokaisen projektin alusta alkaen. Suunnittelemme sovelluksia, joita voivat k\u00e4ytt\u00e4\u00e4 ihmiset, joilla on n\u00e4k\u00f6-, kuulo-, motorisia tai kognitiivisia vammoja. T\u00e4h\u00e4n sis\u00e4ltyy tuki n\u00e4yt\u00f6nlukijoille (TalkBack Androidille, VoiceOver iOS:lle), kontrastien ja fonttikokojen huomioiminen sek\u00e4 k\u00e4ytt\u00f6liittym\u00e4t, jotka on mukautettu \u00e4\u00e4nikomennoilla tai painikkeilla navigoimiseen.<\/p>\r\n\r\n\r\n\r\n<h2 class=\"wp-block-heading has-text-align-center\" style=\"margin-top:var(--wp--preset--spacing--40);margin-bottom:var(--wp--preset--spacing--40);font-size:25px\"><strong>Viimeisimm\u00e4t julkaisut<\/strong><\/h2>\r\n\r\n\r\n\r\n<figure class=\"wp-block-image aligncenter size-full is-resized\" style=\"margin-top:var(--wp--preset--spacing--30);margin-bottom:var(--wp--preset--spacing--30)\"><img fetchpriority=\"high\" decoding=\"async\" width=\"512\" height=\"512\" src=\"https:\/\/www.dataslatitudes.com\/enterprise\/wp-content\/uploads\/2025\/08\/img_presentation.webp\" alt=\"SOS Universalin k\u00e4ytt\u00e4j\u00e4t turvassa suojaavassa kuplassaan uhkaavasta varjosta huolimatta\" class=\"wp-image-141\" style=\"width:376px;height:auto\" srcset=\"https:\/\/www.dataslatitudes.com\/enterprise\/wp-content\/uploads\/2025\/08\/img_presentation.webp 512w, https:\/\/www.dataslatitudes.com\/enterprise\/wp-content\/uploads\/2025\/08\/img_presentation-300x300.webp 300w, https:\/\/www.dataslatitudes.com\/enterprise\/wp-content\/uploads\/2025\/08\/img_presentation-150x150.webp 150w\" sizes=\"(max-width: 512px) 100vw, 512px\" \/><\/figure>\r\n\r\n\r\n\r\n<div class=\"wp-block-columns has-background is-layout-flex wp-container-core-columns-is-layout-7b1c9e8d wp-block-columns-is-layout-flex\" style=\"background-color:#fafaf3;margin-top:0;margin-bottom:0;padding-top:var(--wp--preset--spacing--30);padding-bottom:var(--wp--preset--spacing--30)\">\r\n<div class=\"wp-block-column is-layout-flow wp-block-column-is-layout-flow\" style=\"flex-basis:20%\">\r\n<figure class=\"wp-block-image aligncenter size-full\"><a href=\"https:\/\/www.dataslatitudes.com\/sosuniversal\/fi\/index.php\/\" target=\"_blank\" rel=\" noreferrer noopener\"><img decoding=\"async\" width=\"512\" height=\"512\" src=\"http:\/\/www.dataslatitudes.com\/enterprise\/wp-content\/uploads\/2025\/08\/icone_application.webp\" alt=\"SOS Universal - logo\" class=\"wp-image-89\" srcset=\"https:\/\/www.dataslatitudes.com\/enterprise\/wp-content\/uploads\/2025\/08\/icone_application.webp 512w, https:\/\/www.dataslatitudes.com\/enterprise\/wp-content\/uploads\/2025\/08\/icone_application-300x300.webp 300w, https:\/\/www.dataslatitudes.com\/enterprise\/wp-content\/uploads\/2025\/08\/icone_application-150x150.webp 150w\" sizes=\"(max-width: 512px) 100vw, 512px\" \/><\/a><\/figure>\r\n<\/div>\r\n\r\n\r\n\r\n<div class=\"wp-block-column is-vertically-aligned-center is-layout-flow wp-block-column-is-layout-flow\" style=\"flex-basis:80%\">\r\n<h2 class=\"wp-block-heading has-medium-font-size\"><strong><a href=\"https:\/\/www.dataslatitudes.com\/sosuniversal\/fi\/index.php\/\" target=\"_blank\" rel=\"noreferrer noopener\">SOS Universal mahdollistaa h\u00e4lytysten l\u00e4hett\u00e4misen monin eri tavoin<\/a><\/strong><\/h2>\r\n\r\n\r\n\r\n<p>On mahdollista pyyt\u00e4\u00e4 apua l\u00e4heisilt\u00e4 ongelmatilanteessa, eri olosuhteissa ja monin keinoin. SOS Universalia voidaan k\u00e4ytt\u00e4\u00e4 hy\u00f6kk\u00e4yksen, ahdistelun, pahoinvoinnin, turvattomuuden tai muun ep\u00e4mukavan tilanteen sattuessa. <a data-type=\"page\" data-id=\"127\" href=\"https:\/\/www.dataslatitudes.com\/sosuniversal\/fi\/index.php\/cas-dutilisation\/\" target=\"_blank\" rel=\"noreferrer noopener\">Katso k\u00e4ytt\u00f6tapausemplej\u00e4<\/a><\/p>\r\n<\/div>\r\n<\/div>\r\n\r\n\r\n\r\n<p><\/p>\r\n","protected":false},"excerpt":{"rendered":"<p>DatasLatitudes on mobiilisovellusten (Android ja iOS) julkaisija. Osaamme uusimmat mobiilikehityksen teknologiat ja trendit varmistaaksemme, ett\u00e4 jokainen sovellus on tehokas, turvallinen [&hellip;]<\/p>\n","protected":false},"author":1,"featured_media":0,"parent":0,"menu_order":0,"comment_status":"closed","ping_status":"closed","template":"","meta":{"site-sidebar-layout":"default","site-content-layout":"","ast-site-content-layout":"default","site-content-style":"default","site-sidebar-style":"default","ast-global-header-display":"","ast-banner-title-visibility":"","ast-main-header-display":"","ast-hfb-above-header-display":"","ast-hfb-below-header-display":"","ast-hfb-mobile-header-display":"","site-post-title":"disabled","ast-breadcrumbs-content":"","ast-featured-img":"","footer-sml-layout":"","theme-transparent-header-meta":"","adv-header-id-meta":"","stick-header-meta":"","header-above-stick-meta":"","header-main-stick-meta":"","header-below-stick-meta":"","astra-migrate-meta-layouts":"default","ast-page-background-enabled":"default","ast-page-background-meta":{"desktop":{"background-color":"var(--ast-global-color-5)","background-image":"","background-repeat":"repeat","background-position":"center center","background-size":"auto","background-attachment":"scroll","background-type":"","background-media":"","overlay-type":"","overlay-color":"","overlay-opacity":"","overlay-gradient":""},"tablet":{"background-color":"","background-image":"","background-repeat":"repeat","background-position":"center center","background-size":"auto","background-attachment":"scroll","background-type":"","background-media":"","overlay-type":"","overlay-color":"","overlay-opacity":"","overlay-gradient":""},"mobile":{"background-color":"","background-image":"","background-repeat":"repeat","background-position":"center center","background-size":"auto","background-attachment":"scroll","background-type":"","background-media":"","overlay-type":"","overlay-color":"","overlay-opacity":"","overlay-gradient":""}},"ast-content-background-meta":{"desktop":{"background-color":"var(--ast-global-color-4)","background-image":"","background-repeat":"repeat","background-position":"center center","background-size":"auto","background-attachment":"scroll","background-type":"","background-media":"","overlay-type":"","overlay-color":"","overlay-opacity":"","overlay-gradient":""},"tablet":{"background-color":"var(--ast-global-color-4)","background-image":"","background-repeat":"repeat","background-position":"center center","background-size":"auto","background-attachment":"scroll","background-type":"","background-media":"","overlay-type":"","overlay-color":"","overlay-opacity":"","overlay-gradient":""},"mobile":{"background-color":"var(--ast-global-color-4)","background-image":"","background-repeat":"repeat","background-position":"center center","background-size":"auto","background-attachment":"scroll","background-type":"","background-media":"","overlay-type":"","overlay-color":"","overlay-opacity":"","overlay-gradient":""}},"footnotes":""},"class_list":["post-122","page","type-page","status-publish","hentry"],"yoast_head":"<!-- This site is optimized with the Yoast SEO plugin v25.6 - https:\/\/yoast.com\/wordpress\/plugins\/seo\/ -->\n<title>Esittely<\/title>\n<meta name=\"description\" content=\"DatasLatitudes on mobiilisovellusten (Android ja iOS) julkaisija. Osaamme uusimmat mobiilikehityksen teknologiat ja trendit varmistaaksemme, ett\u00e4 jokainen sovellus on tehokas, turvallinen ja k\u00e4ytt\u00e4j\u00e4yst\u00e4v\u00e4llinen. Uskomme vakaasti, ett\u00e4 teknologian on oltava kaikkien saatavilla. Siksi integroimme saavutettavuuden jokaisen projektin alusta alkaen. Suunnittelemme sovelluksia, joita voivat k\u00e4ytt\u00e4\u00e4 ihmiset, joilla on n\u00e4k\u00f6-, kuulo-, motorisia tai kognitiivisia vammoja. T\u00e4h\u00e4n sis\u00e4ltyy tuki n\u00e4yt\u00f6nlukijoille&hellip;\" \/>\n<meta name=\"robots\" content=\"index, follow, max-snippet:-1, max-image-preview:large, max-video-preview:-1\" \/>\n<link rel=\"canonical\" href=\"http:\/\/DatasLatitudes%20on%20mobiilisovellusten%20(Android%20ja%20iOS)%20julkaisija.%20Osaamme%20uusimmat%20mobiilikehityksen%20teknologiat%20ja%20trendit%20varmistaaksemme,%20ett\u00e4%20jokainen%20sovellus%20on%20tehokas,%20turvallinen%20ja%20k\u00e4ytt\u00e4j\u00e4yst\u00e4v\u00e4llinen.%20Uskomme%20vakaasti,%20ett\u00e4%20teknologian%20on%20oltava%20kaikkien%20saatavilla.%20Siksi%20integroimme%20saavutettavuuden%20jokaisen%20projektin%20alusta%20alkaen.%20Suunnittelemme%20sovelluksia,%20joita%20voivat%20k\u00e4ytt\u00e4\u00e4%20ihmiset,%20joilla%20on%20n\u00e4k\u00f6-,%20kuulo-,%20motorisia%20tai%20kognitiivisia%20vammoja.%20T\u00e4h\u00e4n%20sis\u00e4ltyy%20tuki%20n\u00e4yt\u00f6nlukijoille&hellip;\" \/>\n<meta property=\"og:locale\" content=\"fi_FI\" \/>\n<meta property=\"og:type\" content=\"article\" \/>\n<meta property=\"og:title\" content=\"Esittely\" \/>\n<meta property=\"og:description\" content=\"DatasLatitudes on mobiilisovellusten (Android ja iOS) julkaisija. Osaamme uusimmat mobiilikehityksen teknologiat ja trendit varmistaaksemme, ett\u00e4 jokainen sovellus on tehokas, turvallinen ja k\u00e4ytt\u00e4j\u00e4yst\u00e4v\u00e4llinen. Uskomme vakaasti, ett\u00e4 teknologian on oltava kaikkien saatavilla. Siksi integroimme saavutettavuuden jokaisen projektin alusta alkaen. Suunnittelemme sovelluksia, joita voivat k\u00e4ytt\u00e4\u00e4 ihmiset, joilla on n\u00e4k\u00f6-, kuulo-, motorisia tai kognitiivisia vammoja. T\u00e4h\u00e4n sis\u00e4ltyy tuki n\u00e4yt\u00f6nlukijoille&hellip;\" \/>\n<meta property=\"og:url\" content=\"https:\/\/www.dataslatitudes.com\/enterprise\/fi\/\" \/>\n<meta property=\"og:site_name\" content=\"DatasLatitudes\" \/>\n<meta property=\"article:modified_time\" content=\"2025-08-15T04:25:01+00:00\" \/>\n<meta property=\"og:image\" content=\"https:\/\/www.dataslatitudes.com\/enterprise\/wp-content\/uploads\/2025\/08\/img_presentation.webp\" \/>\n\t<meta property=\"og:image:width\" content=\"512\" \/>\n\t<meta property=\"og:image:height\" content=\"512\" \/>\n\t<meta property=\"og:image:type\" content=\"image\/webp\" \/>\n<meta name=\"twitter:card\" content=\"summary_large_image\" \/>\n<meta name=\"twitter:label1\" content=\"Arvioitu lukuaika\" \/>\n\t<meta name=\"twitter:data1\" content=\"2 minuuttia\" \/>\n<script type=\"application\/ld+json\" class=\"yoast-schema-graph\">{\"@context\":\"https:\/\/schema.org\",\"@graph\":[{\"@type\":\"WebPage\",\"@id\":\"https:\/\/www.dataslatitudes.com\/enterprise\/fi\/\",\"url\":\"https:\/\/www.dataslatitudes.com\/enterprise\/fi\/\",\"name\":\"Presentation - DatasLatitudes\",\"isPartOf\":{\"@id\":\"https:\/\/www.dataslatitudes.com\/enterprise\/en\/#website\"},\"primaryImageOfPage\":{\"@id\":\"https:\/\/www.dataslatitudes.com\/enterprise\/fi\/#primaryimage\"},\"image\":{\"@id\":\"https:\/\/www.dataslatitudes.com\/enterprise\/fi\/#primaryimage\"},\"thumbnailUrl\":\"https:\/\/www.dataslatitudes.com\/enterprise\/wp-content\/uploads\/2025\/08\/img_presentation.webp\",\"datePublished\":\"2025-08-14T14:09:19+00:00\",\"dateModified\":\"2025-08-15T04:25:01+00:00\",\"description\":\"We are experts in the latest technologies and trends in mobile development, ensuring that every application is high-performing, secure and user-friendly.\",\"breadcrumb\":{\"@id\":\"https:\/\/www.dataslatitudes.com\/enterprise\/fi\/#breadcrumb\"},\"inLanguage\":\"fi\",\"potentialAction\":[{\"@type\":\"ReadAction\",\"target\":[\"https:\/\/www.dataslatitudes.com\/enterprise\/fi\/\"]}]},{\"@type\":\"ImageObject\",\"inLanguage\":\"fi\",\"@id\":\"https:\/\/www.dataslatitudes.com\/enterprise\/fi\/#primaryimage\",\"url\":\"https:\/\/www.dataslatitudes.com\/enterprise\/wp-content\/uploads\/2025\/08\/img_presentation.webp\",\"contentUrl\":\"https:\/\/www.dataslatitudes.com\/enterprise\/wp-content\/uploads\/2025\/08\/img_presentation.webp\"},{\"@type\":\"BreadcrumbList\",\"@id\":\"https:\/\/www.dataslatitudes.com\/enterprise\/fi\/#breadcrumb\",\"itemListElement\":[{\"@type\":\"ListItem\",\"position\":1,\"name\":\"Esittely\",\"item\":\"https:\/\/www.dataslatitudes.com\/enterprise\/en\/\"},{\"@type\":\"ListItem\",\"position\":2,\"name\":\"Esittely\"}]},{\"@type\":\"WebSite\",\"@id\":\"https:\/\/www.dataslatitudes.com\/enterprise\/fi\/en\/#website\",\"url\":\"https:\/\/www.dataslatitudes.com\/enterprise\/fi\/en\/\",\"name\":\"DatasLatitudes\",\"description\":\"DatasLatitudes web site\",\"publisher\":{\"@id\":\"https:\/\/www.dataslatitudes.com\/enterprise\/fi\/en\/#organization\"},\"potentialAction\":[{\"@type\":\"SearchAction\",\"target\":{\"@type\":\"EntryPoint\",\"urlTemplate\":\"https:\/\/www.dataslatitudes.com\/enterprise\/fi\/en\/?s={search_term_string}\"},\"query-input\":{\"@type\":\"PropertyValueSpecification\",\"valueRequired\":true,\"valueName\":\"search_term_string\"}}],\"inLanguage\":\"fi\"},{\"@type\":\"Organization\",\"@id\":\"https:\/\/www.dataslatitudes.com\/enterprise\/fi\/en\/#organization\",\"name\":\"DatasLatitudes\",\"url\":\"https:\/\/www.dataslatitudes.com\/enterprise\/fi\/en\/\",\"logo\":{\"@type\":\"ImageObject\",\"inLanguage\":\"fi\",\"@id\":\"https:\/\/www.dataslatitudes.com\/enterprise\/fi\/en\/#\/schema\/logo\/image\/\",\"url\":\"https:\/\/www.dataslatitudes.com\/enterprise\/wp-content\/uploads\/2025\/08\/logo_mrdv.png\",\"contentUrl\":\"https:\/\/www.dataslatitudes.com\/enterprise\/wp-content\/uploads\/2025\/08\/logo_mrdv.png\",\"width\":72,\"height\":72,\"caption\":\"DatasLatitudes\"},\"image\":{\"@id\":\"https:\/\/www.dataslatitudes.com\/enterprise\/fi\/en\/#\/schema\/logo\/image\/\"}}]}<\/script>\n<!-- \/ Yoast SEO plugin. -->","yoast_head_json":{"title":"Esittely","description":"DatasLatitudes on mobiilisovellusten (Android ja iOS) julkaisija. Osaamme uusimmat mobiilikehityksen teknologiat ja trendit varmistaaksemme, ett\u00e4 jokainen sovellus on tehokas, turvallinen ja k\u00e4ytt\u00e4j\u00e4yst\u00e4v\u00e4llinen. Uskomme vakaasti, ett\u00e4 teknologian on oltava kaikkien saatavilla. Siksi integroimme saavutettavuuden jokaisen projektin alusta alkaen. Suunnittelemme sovelluksia, joita voivat k\u00e4ytt\u00e4\u00e4 ihmiset, joilla on n\u00e4k\u00f6-, kuulo-, motorisia tai kognitiivisia vammoja. T\u00e4h\u00e4n sis\u00e4ltyy tuki n\u00e4yt\u00f6nlukijoille&hellip;","robots":{"index":"index","follow":"follow","max-snippet":"max-snippet:-1","max-image-preview":"max-image-preview:large","max-video-preview":"max-video-preview:-1"},"canonical":"DatasLatitudes on mobiilisovellusten (Android ja iOS) julkaisija. Osaamme uusimmat mobiilikehityksen teknologiat ja trendit varmistaaksemme, ett\u00e4 jokainen sovellus on tehokas, turvallinen ja k\u00e4ytt\u00e4j\u00e4yst\u00e4v\u00e4llinen. Uskomme vakaasti, ett\u00e4 teknologian on oltava kaikkien saatavilla. Siksi integroimme saavutettavuuden jokaisen projektin alusta alkaen. Suunnittelemme sovelluksia, joita voivat k\u00e4ytt\u00e4\u00e4 ihmiset, joilla on n\u00e4k\u00f6-, kuulo-, motorisia tai kognitiivisia vammoja. T\u00e4h\u00e4n sis\u00e4ltyy tuki n\u00e4yt\u00f6nlukijoille&hellip;","og_locale":"fi_FI","og_type":"article","og_title":"Esittely","og_description":"DatasLatitudes on mobiilisovellusten (Android ja iOS) julkaisija. Osaamme uusimmat mobiilikehityksen teknologiat ja trendit varmistaaksemme, ett\u00e4 jokainen sovellus on tehokas, turvallinen ja k\u00e4ytt\u00e4j\u00e4yst\u00e4v\u00e4llinen. Uskomme vakaasti, ett\u00e4 teknologian on oltava kaikkien saatavilla. Siksi integroimme saavutettavuuden jokaisen projektin alusta alkaen. Suunnittelemme sovelluksia, joita voivat k\u00e4ytt\u00e4\u00e4 ihmiset, joilla on n\u00e4k\u00f6-, kuulo-, motorisia tai kognitiivisia vammoja. T\u00e4h\u00e4n sis\u00e4ltyy tuki n\u00e4yt\u00f6nlukijoille&hellip;","og_url":"https:\/\/www.dataslatitudes.com\/enterprise\/fi\/","og_site_name":"DatasLatitudes","article_modified_time":"2025-08-15T04:25:01+00:00","og_image":[{"width":512,"height":512,"url":"https:\/\/www.dataslatitudes.com\/enterprise\/wp-content\/uploads\/2025\/08\/img_presentation.webp","type":"image\/webp"}],"twitter_card":"summary_large_image","twitter_misc":{"Arvioitu lukuaika":"2 minuuttia"},"schema":{"@context":"https:\/\/schema.org","@graph":[{"@type":"WebPage","@id":"https:\/\/www.dataslatitudes.com\/enterprise\/fi\/","url":"https:\/\/www.dataslatitudes.com\/enterprise\/fi\/","name":"Presentation - DatasLatitudes","isPartOf":{"@id":"https:\/\/www.dataslatitudes.com\/enterprise\/en\/#website"},"primaryImageOfPage":{"@id":"https:\/\/www.dataslatitudes.com\/enterprise\/fi\/#primaryimage"},"image":{"@id":"https:\/\/www.dataslatitudes.com\/enterprise\/fi\/#primaryimage"},"thumbnailUrl":"https:\/\/www.dataslatitudes.com\/enterprise\/wp-content\/uploads\/2025\/08\/img_presentation.webp","datePublished":"2025-08-14T14:09:19+00:00","dateModified":"2025-08-15T04:25:01+00:00","description":"We are experts in the latest technologies and trends in mobile development, ensuring that every application is high-performing, secure and user-friendly.","breadcrumb":{"@id":"https:\/\/www.dataslatitudes.com\/enterprise\/fi\/#breadcrumb"},"inLanguage":"fi","potentialAction":[{"@type":"ReadAction","target":["https:\/\/www.dataslatitudes.com\/enterprise\/fi\/"]}]},{"@type":"ImageObject","inLanguage":"fi","@id":"https:\/\/www.dataslatitudes.com\/enterprise\/fi\/#primaryimage","url":"https:\/\/www.dataslatitudes.com\/enterprise\/wp-content\/uploads\/2025\/08\/img_presentation.webp","contentUrl":"https:\/\/www.dataslatitudes.com\/enterprise\/wp-content\/uploads\/2025\/08\/img_presentation.webp"},{"@type":"BreadcrumbList","@id":"https:\/\/www.dataslatitudes.com\/enterprise\/fi\/#breadcrumb","itemListElement":[{"@type":"ListItem","position":1,"name":"Esittely","item":"https:\/\/www.dataslatitudes.com\/enterprise\/en\/"},{"@type":"ListItem","position":2,"name":"Esittely"}]},{"@type":"WebSite","@id":"https:\/\/www.dataslatitudes.com\/enterprise\/fi\/en\/#website","url":"https:\/\/www.dataslatitudes.com\/enterprise\/fi\/en\/","name":"DatasLatitudes","description":"DatasLatitudes web site","publisher":{"@id":"https:\/\/www.dataslatitudes.com\/enterprise\/fi\/en\/#organization"},"potentialAction":[{"@type":"SearchAction","target":{"@type":"EntryPoint","urlTemplate":"https:\/\/www.dataslatitudes.com\/enterprise\/fi\/en\/?s={search_term_string}"},"query-input":{"@type":"PropertyValueSpecification","valueRequired":true,"valueName":"search_term_string"}}],"inLanguage":"fi"},{"@type":"Organization","@id":"https:\/\/www.dataslatitudes.com\/enterprise\/fi\/en\/#organization","name":"DatasLatitudes","url":"https:\/\/www.dataslatitudes.com\/enterprise\/fi\/en\/","logo":{"@type":"ImageObject","inLanguage":"fi","@id":"https:\/\/www.dataslatitudes.com\/enterprise\/fi\/en\/#\/schema\/logo\/image\/","url":"https:\/\/www.dataslatitudes.com\/enterprise\/wp-content\/uploads\/2025\/08\/logo_mrdv.png","contentUrl":"https:\/\/www.dataslatitudes.com\/enterprise\/wp-content\/uploads\/2025\/08\/logo_mrdv.png","width":72,"height":72,"caption":"DatasLatitudes"},"image":{"@id":"https:\/\/www.dataslatitudes.com\/enterprise\/fi\/en\/#\/schema\/logo\/image\/"}}]}},"_links":{"self":[{"href":"https:\/\/www.dataslatitudes.com\/enterprise\/fi\/wp-json\/wp\/v2\/pages\/122","targetHints":{"allow":["GET"]}}],"collection":[{"href":"https:\/\/www.dataslatitudes.com\/enterprise\/fi\/wp-json\/wp\/v2\/pages"}],"about":[{"href":"https:\/\/www.dataslatitudes.com\/enterprise\/fi\/wp-json\/wp\/v2\/types\/page"}],"author":[{"embeddable":true,"href":"https:\/\/www.dataslatitudes.com\/enterprise\/fi\/wp-json\/wp\/v2\/users\/1"}],"replies":[{"embeddable":true,"href":"https:\/\/www.dataslatitudes.com\/enterprise\/fi\/wp-json\/wp\/v2\/comments?post=122"}],"version-history":[{"count":5,"href":"https:\/\/www.dataslatitudes.com\/enterprise\/fi\/wp-json\/wp\/v2\/pages\/122\/revisions"}],"predecessor-version":[{"id":201,"href":"https:\/\/www.dataslatitudes.com\/enterprise\/fi\/wp-json\/wp\/v2\/pages\/122\/revisions\/201"}],"wp:attachment":[{"href":"https:\/\/www.dataslatitudes.com\/enterprise\/fi\/wp-json\/wp\/v2\/media?parent=122"}],"curies":[{"name":"wp","href":"https:\/\/api.w.org\/{rel}","templated":true}]}}