{"id":122,"date":"2025-08-14T14:09:19","date_gmt":"2025-08-14T14:09:19","guid":{"rendered":"https:\/\/www.dataslatitudes.com\/enterprise\/?page_id=122"},"modified":"2025-08-15T04:25:01","modified_gmt":"2025-08-15T04:25:01","slug":"accueil","status":"publish","type":"page","link":"https:\/\/www.dataslatitudes.com\/enterprise\/et\/","title":{"rendered":"Esitlus"},"content":{"rendered":"\r\n<h1 class=\"wp-block-heading has-text-align-center\" style=\"margin-top:var(--wp--preset--spacing--60);margin-bottom:var(--wp--preset--spacing--60);font-size:25px\"><strong>DatasLatitudes on mobiilirakenduste (Android ja iOS) v\u00e4ljaandja.<\/strong><\/h1>\r\n\r\n\r\n\r\n<p><\/p>\r\n\r\n\r\n\r\n<p class=\"has-black-color has-text-color has-link-color wp-elements-1a2f7e4047cc59c9f954ec1fc0d6e4fb\" style=\"font-size:1rem\">Me valitseme mobiiliarenduse uusimaid tehnoloogiaid ja suundumusi, et tagada iga rakenduse suure j\u00f5udluse, turvalisuse ja kasutajas\u00f5bralikkuse.<\/p>\r\n\r\n\r\n\r\n<p class=\"has-black-color has-text-color has-link-color wp-elements-d7d3a9d429cd1234b05a7ea173d95bc5\" style=\"font-size:1rem\">Usume kindlalt, et tehnoloogia peab olema k\u00f5igile k\u00e4ttesaadav. Seet\u00f5ttu integreerime me juurdep\u00e4\u00e4setavuse iga projekti algusest peale. Me kujundame rakendusi, mida saavad kasutada n\u00e4gemis-, kuulmis-, motoorsete v\u00f5i kognitiivsete puuetega inimesed. See h\u00f5lmab ekraanilugejate tuge (TalkBack Androidile, VoiceOver iOS-ile), kontrastide ja fondisuuruste arvestamist ning liideseid, mis on kohandatud navigeerimiseks h\u00e4\u00e4lk\u00e4skluste v\u00f5i nuppude abil.<\/p>\r\n\r\n\r\n\r\n<h2 class=\"wp-block-heading has-text-align-center\" style=\"margin-top:var(--wp--preset--spacing--40);margin-bottom:var(--wp--preset--spacing--40);font-size:25px\"><strong>Viimased v\u00e4ljaanded<\/strong><\/h2>\r\n\r\n\r\n\r\n<figure class=\"wp-block-image aligncenter size-full is-resized\" style=\"margin-top:var(--wp--preset--spacing--30);margin-bottom:var(--wp--preset--spacing--30)\"><img fetchpriority=\"high\" decoding=\"async\" width=\"512\" height=\"512\" src=\"https:\/\/www.dataslatitudes.com\/enterprise\/wp-content\/uploads\/2025\/08\/img_presentation.webp\" alt=\"SOS Universali kasutajad on oma kaitsvas mullis turvaliselt vaatamata \u00e4hvardavale varjule\" class=\"wp-image-141\" style=\"width:376px;height:auto\" srcset=\"https:\/\/www.dataslatitudes.com\/enterprise\/wp-content\/uploads\/2025\/08\/img_presentation.webp 512w, https:\/\/www.dataslatitudes.com\/enterprise\/wp-content\/uploads\/2025\/08\/img_presentation-300x300.webp 300w, https:\/\/www.dataslatitudes.com\/enterprise\/wp-content\/uploads\/2025\/08\/img_presentation-150x150.webp 150w\" sizes=\"(max-width: 512px) 100vw, 512px\" \/><\/figure>\r\n\r\n\r\n\r\n<div class=\"wp-block-columns has-background is-layout-flex wp-container-core-columns-is-layout-7b1c9e8d wp-block-columns-is-layout-flex\" style=\"background-color:#fafaf3;margin-top:0;margin-bottom:0;padding-top:var(--wp--preset--spacing--30);padding-bottom:var(--wp--preset--spacing--30)\">\r\n<div class=\"wp-block-column is-layout-flow wp-block-column-is-layout-flow\" style=\"flex-basis:20%\">\r\n<figure class=\"wp-block-image aligncenter size-full\"><a href=\"https:\/\/www.dataslatitudes.com\/sosuniversal\/et\/index.php\/\" target=\"_blank\" rel=\" noreferrer noopener\"><img decoding=\"async\" width=\"512\" height=\"512\" src=\"http:\/\/www.dataslatitudes.com\/enterprise\/wp-content\/uploads\/2025\/08\/icone_application.webp\" alt=\"SOS Universal - logo\" class=\"wp-image-89\" srcset=\"https:\/\/www.dataslatitudes.com\/enterprise\/wp-content\/uploads\/2025\/08\/icone_application.webp 512w, https:\/\/www.dataslatitudes.com\/enterprise\/wp-content\/uploads\/2025\/08\/icone_application-300x300.webp 300w, https:\/\/www.dataslatitudes.com\/enterprise\/wp-content\/uploads\/2025\/08\/icone_application-150x150.webp 150w\" sizes=\"(max-width: 512px) 100vw, 512px\" \/><\/a><\/figure>\r\n<\/div>\r\n\r\n\r\n\r\n<div class=\"wp-block-column is-vertically-aligned-center is-layout-flow wp-block-column-is-layout-flow\" style=\"flex-basis:80%\">\r\n<h2 class=\"wp-block-heading has-medium-font-size\"><strong><a href=\"https:\/\/www.dataslatitudes.com\/sosuniversal\/et\/index.php\/\" target=\"_blank\" rel=\"noreferrer noopener\">SOS Universal v\u00f5imaldab v\u00e4ljastada hoiatusi mitmel kujul<\/a><\/strong><\/h2>\r\n\r\n\r\n\r\n<p>On v\u00f5imalik kutsuda abi l\u00e4hedastelt probleemide korral, erinevates olukordades ja mitmel viisil. SOS Universali saab kasutada agressiooni, ahistamise, halva enesetunde, ohtliku olukorra v\u00f5i mis tahes muu ebamugava olukorra korral. <a data-type=\"page\" data-id=\"127\" href=\"https:\/\/www.dataslatitudes.com\/sosuniversal\/et\/index.php\/cas-dutilisation\/\" target=\"_blank\" rel=\"noreferrer noopener\">Vaata kasutusjuhtude n\u00e4iteid<\/a><\/p>\r\n<\/div>\r\n<\/div>\r\n\r\n\r\n\r\n<p><\/p>\r\n","protected":false},"excerpt":{"rendered":"<p>DatasLatitudes on mobiilirakenduste (Android ja iOS) v\u00e4ljaandja. Me valitseme mobiiliarenduse uusimaid tehnoloogiaid ja suundumusi, et tagada iga rakenduse suure j\u00f5udluse, [&hellip;]<\/p>\n","protected":false},"author":1,"featured_media":0,"parent":0,"menu_order":0,"comment_status":"closed","ping_status":"closed","template":"","meta":{"site-sidebar-layout":"default","site-content-layout":"","ast-site-content-layout":"default","site-content-style":"default","site-sidebar-style":"default","ast-global-header-display":"","ast-banner-title-visibility":"","ast-main-header-display":"","ast-hfb-above-header-display":"","ast-hfb-below-header-display":"","ast-hfb-mobile-header-display":"","site-post-title":"disabled","ast-breadcrumbs-content":"","ast-featured-img":"","footer-sml-layout":"","theme-transparent-header-meta":"","adv-header-id-meta":"","stick-header-meta":"","header-above-stick-meta":"","header-main-stick-meta":"","header-below-stick-meta":"","astra-migrate-meta-layouts":"default","ast-page-background-enabled":"default","ast-page-background-meta":{"desktop":{"background-color":"var(--ast-global-color-5)","background-image":"","background-repeat":"repeat","background-position":"center center","background-size":"auto","background-attachment":"scroll","background-type":"","background-media":"","overlay-type":"","overlay-color":"","overlay-opacity":"","overlay-gradient":""},"tablet":{"background-color":"","background-image":"","background-repeat":"repeat","background-position":"center center","background-size":"auto","background-attachment":"scroll","background-type":"","background-media":"","overlay-type":"","overlay-color":"","overlay-opacity":"","overlay-gradient":""},"mobile":{"background-color":"","background-image":"","background-repeat":"repeat","background-position":"center center","background-size":"auto","background-attachment":"scroll","background-type":"","background-media":"","overlay-type":"","overlay-color":"","overlay-opacity":"","overlay-gradient":""}},"ast-content-background-meta":{"desktop":{"background-color":"var(--ast-global-color-4)","background-image":"","background-repeat":"repeat","background-position":"center center","background-size":"auto","background-attachment":"scroll","background-type":"","background-media":"","overlay-type":"","overlay-color":"","overlay-opacity":"","overlay-gradient":""},"tablet":{"background-color":"var(--ast-global-color-4)","background-image":"","background-repeat":"repeat","background-position":"center center","background-size":"auto","background-attachment":"scroll","background-type":"","background-media":"","overlay-type":"","overlay-color":"","overlay-opacity":"","overlay-gradient":""},"mobile":{"background-color":"var(--ast-global-color-4)","background-image":"","background-repeat":"repeat","background-position":"center center","background-size":"auto","background-attachment":"scroll","background-type":"","background-media":"","overlay-type":"","overlay-color":"","overlay-opacity":"","overlay-gradient":""}},"footnotes":""},"class_list":["post-122","page","type-page","status-publish","hentry"],"yoast_head":"<!-- This site is optimized with the Yoast SEO plugin v25.6 - https:\/\/yoast.com\/wordpress\/plugins\/seo\/ -->\n<title>Esitlus<\/title>\n<meta name=\"description\" content=\"DatasLatitudes on mobiilirakenduste (Android ja iOS) v\u00e4ljaandja. Me valitseme mobiiliarenduse uusimaid tehnoloogiaid ja suundumusi, et tagada iga rakenduse suure j\u00f5udluse, turvalisuse ja kasutajas\u00f5bralikkuse. Usume kindlalt, et tehnoloogia peab olema k\u00f5igile k\u00e4ttesaadav. Seet\u00f5ttu integreerime me juurdep\u00e4\u00e4setavuse iga projekti algusest peale. Me kujundame rakendusi, mida saavad kasutada n\u00e4gemis-, kuulmis-, motoorsete v\u00f5i kognitiivsete puuetega inimesed. See h\u00f5lmab ekraanilugejate&hellip;\" \/>\n<meta name=\"robots\" content=\"index, follow, max-snippet:-1, max-image-preview:large, max-video-preview:-1\" \/>\n<link rel=\"canonical\" href=\"http:\/\/DatasLatitudes%20on%20mobiilirakenduste%20(Android%20ja%20iOS)%20v\u00e4ljaandja.%20Me%20valitseme%20mobiiliarenduse%20uusimaid%20tehnoloogiaid%20ja%20suundumusi,%20et%20tagada%20iga%20rakenduse%20suure%20j\u00f5udluse,%20turvalisuse%20ja%20kasutajas\u00f5bralikkuse.%20Usume%20kindlalt,%20et%20tehnoloogia%20peab%20olema%20k\u00f5igile%20k\u00e4ttesaadav.%20Seet\u00f5ttu%20integreerime%20me%20juurdep\u00e4\u00e4setavuse%20iga%20projekti%20algusest%20peale.%20Me%20kujundame%20rakendusi,%20mida%20saavad%20kasutada%20n\u00e4gemis-,%20kuulmis-,%20motoorsete%20v\u00f5i%20kognitiivsete%20puuetega%20inimesed.%20See%20h\u00f5lmab%20ekraanilugejate&hellip;\" \/>\n<meta property=\"og:locale\" content=\"et_EE\" \/>\n<meta property=\"og:type\" content=\"article\" \/>\n<meta property=\"og:title\" content=\"Esitlus\" \/>\n<meta property=\"og:description\" content=\"DatasLatitudes on mobiilirakenduste (Android ja iOS) v\u00e4ljaandja. Me valitseme mobiiliarenduse uusimaid tehnoloogiaid ja suundumusi, et tagada iga rakenduse suure j\u00f5udluse, turvalisuse ja kasutajas\u00f5bralikkuse. Usume kindlalt, et tehnoloogia peab olema k\u00f5igile k\u00e4ttesaadav. Seet\u00f5ttu integreerime me juurdep\u00e4\u00e4setavuse iga projekti algusest peale. Me kujundame rakendusi, mida saavad kasutada n\u00e4gemis-, kuulmis-, motoorsete v\u00f5i kognitiivsete puuetega inimesed. See h\u00f5lmab ekraanilugejate&hellip;\" \/>\n<meta property=\"og:url\" content=\"https:\/\/www.dataslatitudes.com\/enterprise\/et\/\" \/>\n<meta property=\"og:site_name\" content=\"DatasLatitudes\" \/>\n<meta property=\"article:modified_time\" content=\"2025-08-15T04:25:01+00:00\" \/>\n<meta property=\"og:image\" content=\"https:\/\/www.dataslatitudes.com\/enterprise\/wp-content\/uploads\/2025\/08\/img_presentation.webp\" \/>\n\t<meta property=\"og:image:width\" content=\"512\" \/>\n\t<meta property=\"og:image:height\" content=\"512\" \/>\n\t<meta property=\"og:image:type\" content=\"image\/webp\" \/>\n<meta name=\"twitter:card\" content=\"summary_large_image\" \/>\n<meta name=\"twitter:label1\" content=\"Est. reading time\" \/>\n\t<meta name=\"twitter:data1\" content=\"2 minutit\" \/>\n<script type=\"application\/ld+json\" class=\"yoast-schema-graph\">{\"@context\":\"https:\/\/schema.org\",\"@graph\":[{\"@type\":\"WebPage\",\"@id\":\"https:\/\/www.dataslatitudes.com\/enterprise\/et\/\",\"url\":\"https:\/\/www.dataslatitudes.com\/enterprise\/et\/\",\"name\":\"Presentation - DatasLatitudes\",\"isPartOf\":{\"@id\":\"https:\/\/www.dataslatitudes.com\/enterprise\/en\/#website\"},\"primaryImageOfPage\":{\"@id\":\"https:\/\/www.dataslatitudes.com\/enterprise\/et\/#primaryimage\"},\"image\":{\"@id\":\"https:\/\/www.dataslatitudes.com\/enterprise\/et\/#primaryimage\"},\"thumbnailUrl\":\"https:\/\/www.dataslatitudes.com\/enterprise\/wp-content\/uploads\/2025\/08\/img_presentation.webp\",\"datePublished\":\"2025-08-14T14:09:19+00:00\",\"dateModified\":\"2025-08-15T04:25:01+00:00\",\"description\":\"We are experts in the latest technologies and trends in mobile development, ensuring that every application is high-performing, secure and user-friendly.\",\"breadcrumb\":{\"@id\":\"https:\/\/www.dataslatitudes.com\/enterprise\/et\/#breadcrumb\"},\"inLanguage\":\"et\",\"potentialAction\":[{\"@type\":\"ReadAction\",\"target\":[\"https:\/\/www.dataslatitudes.com\/enterprise\/et\/\"]}]},{\"@type\":\"ImageObject\",\"inLanguage\":\"et\",\"@id\":\"https:\/\/www.dataslatitudes.com\/enterprise\/et\/#primaryimage\",\"url\":\"https:\/\/www.dataslatitudes.com\/enterprise\/wp-content\/uploads\/2025\/08\/img_presentation.webp\",\"contentUrl\":\"https:\/\/www.dataslatitudes.com\/enterprise\/wp-content\/uploads\/2025\/08\/img_presentation.webp\"},{\"@type\":\"BreadcrumbList\",\"@id\":\"https:\/\/www.dataslatitudes.com\/enterprise\/et\/#breadcrumb\",\"itemListElement\":[{\"@type\":\"ListItem\",\"position\":1,\"name\":\"Esitlus\",\"item\":\"https:\/\/www.dataslatitudes.com\/enterprise\/en\/\"},{\"@type\":\"ListItem\",\"position\":2,\"name\":\"Esitlus\"}]},{\"@type\":\"WebSite\",\"@id\":\"https:\/\/www.dataslatitudes.com\/enterprise\/et\/en\/#website\",\"url\":\"https:\/\/www.dataslatitudes.com\/enterprise\/et\/en\/\",\"name\":\"DatasLatitudes\",\"description\":\"DatasLatitudes web site\",\"publisher\":{\"@id\":\"https:\/\/www.dataslatitudes.com\/enterprise\/et\/en\/#organization\"},\"potentialAction\":[{\"@type\":\"SearchAction\",\"target\":{\"@type\":\"EntryPoint\",\"urlTemplate\":\"https:\/\/www.dataslatitudes.com\/enterprise\/et\/en\/?s={search_term_string}\"},\"query-input\":{\"@type\":\"PropertyValueSpecification\",\"valueRequired\":true,\"valueName\":\"search_term_string\"}}],\"inLanguage\":\"et\"},{\"@type\":\"Organization\",\"@id\":\"https:\/\/www.dataslatitudes.com\/enterprise\/et\/en\/#organization\",\"name\":\"DatasLatitudes\",\"url\":\"https:\/\/www.dataslatitudes.com\/enterprise\/et\/en\/\",\"logo\":{\"@type\":\"ImageObject\",\"inLanguage\":\"et\",\"@id\":\"https:\/\/www.dataslatitudes.com\/enterprise\/et\/en\/#\/schema\/logo\/image\/\",\"url\":\"https:\/\/www.dataslatitudes.com\/enterprise\/wp-content\/uploads\/2025\/08\/logo_mrdv.png\",\"contentUrl\":\"https:\/\/www.dataslatitudes.com\/enterprise\/wp-content\/uploads\/2025\/08\/logo_mrdv.png\",\"width\":72,\"height\":72,\"caption\":\"DatasLatitudes\"},\"image\":{\"@id\":\"https:\/\/www.dataslatitudes.com\/enterprise\/et\/en\/#\/schema\/logo\/image\/\"}}]}<\/script>\n<!-- \/ Yoast SEO plugin. -->","yoast_head_json":{"title":"Esitlus","description":"DatasLatitudes on mobiilirakenduste (Android ja iOS) v\u00e4ljaandja. Me valitseme mobiiliarenduse uusimaid tehnoloogiaid ja suundumusi, et tagada iga rakenduse suure j\u00f5udluse, turvalisuse ja kasutajas\u00f5bralikkuse. Usume kindlalt, et tehnoloogia peab olema k\u00f5igile k\u00e4ttesaadav. Seet\u00f5ttu integreerime me juurdep\u00e4\u00e4setavuse iga projekti algusest peale. Me kujundame rakendusi, mida saavad kasutada n\u00e4gemis-, kuulmis-, motoorsete v\u00f5i kognitiivsete puuetega inimesed. See h\u00f5lmab ekraanilugejate&hellip;","robots":{"index":"index","follow":"follow","max-snippet":"max-snippet:-1","max-image-preview":"max-image-preview:large","max-video-preview":"max-video-preview:-1"},"canonical":"DatasLatitudes on mobiilirakenduste (Android ja iOS) v\u00e4ljaandja. Me valitseme mobiiliarenduse uusimaid tehnoloogiaid ja suundumusi, et tagada iga rakenduse suure j\u00f5udluse, turvalisuse ja kasutajas\u00f5bralikkuse. Usume kindlalt, et tehnoloogia peab olema k\u00f5igile k\u00e4ttesaadav. Seet\u00f5ttu integreerime me juurdep\u00e4\u00e4setavuse iga projekti algusest peale. Me kujundame rakendusi, mida saavad kasutada n\u00e4gemis-, kuulmis-, motoorsete v\u00f5i kognitiivsete puuetega inimesed. See h\u00f5lmab ekraanilugejate&hellip;","og_locale":"et_EE","og_type":"article","og_title":"Esitlus","og_description":"DatasLatitudes on mobiilirakenduste (Android ja iOS) v\u00e4ljaandja. Me valitseme mobiiliarenduse uusimaid tehnoloogiaid ja suundumusi, et tagada iga rakenduse suure j\u00f5udluse, turvalisuse ja kasutajas\u00f5bralikkuse. Usume kindlalt, et tehnoloogia peab olema k\u00f5igile k\u00e4ttesaadav. Seet\u00f5ttu integreerime me juurdep\u00e4\u00e4setavuse iga projekti algusest peale. Me kujundame rakendusi, mida saavad kasutada n\u00e4gemis-, kuulmis-, motoorsete v\u00f5i kognitiivsete puuetega inimesed. See h\u00f5lmab ekraanilugejate&hellip;","og_url":"https:\/\/www.dataslatitudes.com\/enterprise\/et\/","og_site_name":"DatasLatitudes","article_modified_time":"2025-08-15T04:25:01+00:00","og_image":[{"width":512,"height":512,"url":"https:\/\/www.dataslatitudes.com\/enterprise\/wp-content\/uploads\/2025\/08\/img_presentation.webp","type":"image\/webp"}],"twitter_card":"summary_large_image","twitter_misc":{"Est. reading time":"2 minutit"},"schema":{"@context":"https:\/\/schema.org","@graph":[{"@type":"WebPage","@id":"https:\/\/www.dataslatitudes.com\/enterprise\/et\/","url":"https:\/\/www.dataslatitudes.com\/enterprise\/et\/","name":"Presentation - DatasLatitudes","isPartOf":{"@id":"https:\/\/www.dataslatitudes.com\/enterprise\/en\/#website"},"primaryImageOfPage":{"@id":"https:\/\/www.dataslatitudes.com\/enterprise\/et\/#primaryimage"},"image":{"@id":"https:\/\/www.dataslatitudes.com\/enterprise\/et\/#primaryimage"},"thumbnailUrl":"https:\/\/www.dataslatitudes.com\/enterprise\/wp-content\/uploads\/2025\/08\/img_presentation.webp","datePublished":"2025-08-14T14:09:19+00:00","dateModified":"2025-08-15T04:25:01+00:00","description":"We are experts in the latest technologies and trends in mobile development, ensuring that every application is high-performing, secure and user-friendly.","breadcrumb":{"@id":"https:\/\/www.dataslatitudes.com\/enterprise\/et\/#breadcrumb"},"inLanguage":"et","potentialAction":[{"@type":"ReadAction","target":["https:\/\/www.dataslatitudes.com\/enterprise\/et\/"]}]},{"@type":"ImageObject","inLanguage":"et","@id":"https:\/\/www.dataslatitudes.com\/enterprise\/et\/#primaryimage","url":"https:\/\/www.dataslatitudes.com\/enterprise\/wp-content\/uploads\/2025\/08\/img_presentation.webp","contentUrl":"https:\/\/www.dataslatitudes.com\/enterprise\/wp-content\/uploads\/2025\/08\/img_presentation.webp"},{"@type":"BreadcrumbList","@id":"https:\/\/www.dataslatitudes.com\/enterprise\/et\/#breadcrumb","itemListElement":[{"@type":"ListItem","position":1,"name":"Esitlus","item":"https:\/\/www.dataslatitudes.com\/enterprise\/en\/"},{"@type":"ListItem","position":2,"name":"Esitlus"}]},{"@type":"WebSite","@id":"https:\/\/www.dataslatitudes.com\/enterprise\/et\/en\/#website","url":"https:\/\/www.dataslatitudes.com\/enterprise\/et\/en\/","name":"DatasLatitudes","description":"DatasLatitudes web site","publisher":{"@id":"https:\/\/www.dataslatitudes.com\/enterprise\/et\/en\/#organization"},"potentialAction":[{"@type":"SearchAction","target":{"@type":"EntryPoint","urlTemplate":"https:\/\/www.dataslatitudes.com\/enterprise\/et\/en\/?s={search_term_string}"},"query-input":{"@type":"PropertyValueSpecification","valueRequired":true,"valueName":"search_term_string"}}],"inLanguage":"et"},{"@type":"Organization","@id":"https:\/\/www.dataslatitudes.com\/enterprise\/et\/en\/#organization","name":"DatasLatitudes","url":"https:\/\/www.dataslatitudes.com\/enterprise\/et\/en\/","logo":{"@type":"ImageObject","inLanguage":"et","@id":"https:\/\/www.dataslatitudes.com\/enterprise\/et\/en\/#\/schema\/logo\/image\/","url":"https:\/\/www.dataslatitudes.com\/enterprise\/wp-content\/uploads\/2025\/08\/logo_mrdv.png","contentUrl":"https:\/\/www.dataslatitudes.com\/enterprise\/wp-content\/uploads\/2025\/08\/logo_mrdv.png","width":72,"height":72,"caption":"DatasLatitudes"},"image":{"@id":"https:\/\/www.dataslatitudes.com\/enterprise\/et\/en\/#\/schema\/logo\/image\/"}}]}},"_links":{"self":[{"href":"https:\/\/www.dataslatitudes.com\/enterprise\/et\/wp-json\/wp\/v2\/pages\/122","targetHints":{"allow":["GET"]}}],"collection":[{"href":"https:\/\/www.dataslatitudes.com\/enterprise\/et\/wp-json\/wp\/v2\/pages"}],"about":[{"href":"https:\/\/www.dataslatitudes.com\/enterprise\/et\/wp-json\/wp\/v2\/types\/page"}],"author":[{"embeddable":true,"href":"https:\/\/www.dataslatitudes.com\/enterprise\/et\/wp-json\/wp\/v2\/users\/1"}],"replies":[{"embeddable":true,"href":"https:\/\/www.dataslatitudes.com\/enterprise\/et\/wp-json\/wp\/v2\/comments?post=122"}],"version-history":[{"count":5,"href":"https:\/\/www.dataslatitudes.com\/enterprise\/et\/wp-json\/wp\/v2\/pages\/122\/revisions"}],"predecessor-version":[{"id":201,"href":"https:\/\/www.dataslatitudes.com\/enterprise\/et\/wp-json\/wp\/v2\/pages\/122\/revisions\/201"}],"wp:attachment":[{"href":"https:\/\/www.dataslatitudes.com\/enterprise\/et\/wp-json\/wp\/v2\/media?parent=122"}],"curies":[{"name":"wp","href":"https:\/\/api.w.org\/{rel}","templated":true}]}}