{"id":122,"date":"2025-08-14T14:09:19","date_gmt":"2025-08-14T14:09:19","guid":{"rendered":"https:\/\/www.dataslatitudes.com\/enterprise\/?page_id=122"},"modified":"2025-08-15T04:25:01","modified_gmt":"2025-08-15T04:25:01","slug":"accueil","status":"publish","type":"page","link":"https:\/\/www.dataslatitudes.com\/enterprise\/de\/","title":{"rendered":"Pr\u00e4sentation"},"content":{"rendered":"\r\n<h1 class=\"wp-block-heading has-text-align-center\" style=\"margin-top:var(--wp--preset--spacing--60);margin-bottom:var(--wp--preset--spacing--60);font-size:25px\"><strong>DatasLatitudes ist ein Herausgeber von mobilen Anwendungen (Android und iOs).<\/strong><\/h1>\r\n\r\n\r\n\r\n<p><\/p>\r\n\r\n\r\n\r\n<p class=\"has-black-color has-text-color has-link-color wp-elements-df6687cd112b22c742ce49bc2cebce7b\" style=\"font-size:1rem\">Wir beherrschen die neuesten Technologien und Trends in der mobilen Entwicklung, um sicherzustellen, dass jede Anwendung leistungsstark, sicher und benutzerfreundlich ist.<\/p>\r\n\r\n\r\n\r\n<p class=\"has-black-color has-text-color has-link-color wp-elements-12369d457af927d6b8b0871b08acf5e9\" style=\"font-size:1rem\">Wir sind der festen \u00dcberzeugung, dass Technologie f\u00fcr alle zug\u00e4nglich sein muss. Deshalb integrieren wir Barrierefreiheit von Anfang an in jedes Projekt. Wir entwickeln Anwendungen, die von Menschen mit Seh-, H\u00f6r-, motorischen oder kognitiven Einschr\u00e4nkungen genutzt werden k\u00f6nnen. Dazu geh\u00f6ren die Unterst\u00fctzung f\u00fcr Bildschirmleser (TalkBack f\u00fcr Android, VoiceOver f\u00fcr iOS), die Ber\u00fccksichtigung von Kontrasten und Schriftgr\u00f6\u00dfen sowie Benutzeroberfl\u00e4chen, die f\u00fcr die Navigation per Sprachbefehl oder \u00fcber Tasten angepasst sind.<\/p>\r\n\r\n\r\n\r\n<h2 class=\"wp-block-heading has-text-align-center\" style=\"margin-top:var(--wp--preset--spacing--40);margin-bottom:var(--wp--preset--spacing--40);font-size:25px\"><strong>Neueste Ver\u00f6ffentlichungen<\/strong><\/h2>\r\n\r\n\r\n\r\n<figure class=\"wp-block-image aligncenter size-full is-resized\" style=\"margin-top:var(--wp--preset--spacing--30);margin-bottom:var(--wp--preset--spacing--30)\"><img fetchpriority=\"high\" decoding=\"async\" width=\"512\" height=\"512\" src=\"https:\/\/www.dataslatitudes.com\/enterprise\/wp-content\/uploads\/2025\/08\/img_presentation.webp\" alt=\"Die Benutzer von SOS Universal in Sicherheit in ihrer Schutzblase trotz eines drohenden Schattens\" class=\"wp-image-141\" style=\"width:376px;height:auto\" srcset=\"https:\/\/www.dataslatitudes.com\/enterprise\/wp-content\/uploads\/2025\/08\/img_presentation.webp 512w, https:\/\/www.dataslatitudes.com\/enterprise\/wp-content\/uploads\/2025\/08\/img_presentation-300x300.webp 300w, https:\/\/www.dataslatitudes.com\/enterprise\/wp-content\/uploads\/2025\/08\/img_presentation-150x150.webp 150w\" sizes=\"(max-width: 512px) 100vw, 512px\" \/><\/figure>\r\n\r\n\r\n\r\n<div class=\"wp-block-columns has-background is-layout-flex wp-container-core-columns-is-layout-7b1c9e8d wp-block-columns-is-layout-flex\" style=\"background-color:#fafaf3;margin-top:0;margin-bottom:0;padding-top:var(--wp--preset--spacing--30);padding-bottom:var(--wp--preset--spacing--30)\">\r\n<div class=\"wp-block-column is-layout-flow wp-block-column-is-layout-flow\" style=\"flex-basis:20%\">\r\n<figure class=\"wp-block-image aligncenter size-full\"><a href=\"https:\/\/www.dataslatitudes.com\/sosuniversal\/de\/index.php\/\" target=\"_blank\" rel=\" noreferrer noopener\"><img decoding=\"async\" width=\"512\" height=\"512\" src=\"http:\/\/www.dataslatitudes.com\/enterprise\/wp-content\/uploads\/2025\/08\/icone_application.webp\" alt=\"SOS Universal - logo\" class=\"wp-image-89\" srcset=\"https:\/\/www.dataslatitudes.com\/enterprise\/wp-content\/uploads\/2025\/08\/icone_application.webp 512w, https:\/\/www.dataslatitudes.com\/enterprise\/wp-content\/uploads\/2025\/08\/icone_application-300x300.webp 300w, https:\/\/www.dataslatitudes.com\/enterprise\/wp-content\/uploads\/2025\/08\/icone_application-150x150.webp 150w\" sizes=\"(max-width: 512px) 100vw, 512px\" \/><\/a><\/figure>\r\n<\/div>\r\n\r\n\r\n\r\n<div class=\"wp-block-column is-vertically-aligned-center is-layout-flow wp-block-column-is-layout-flow\" style=\"flex-basis:80%\">\r\n<h2 class=\"wp-block-heading has-medium-font-size\"><strong><a href=\"https:\/\/www.dataslatitudes.com\/sosuniversal\/de\/index.php\/\" target=\"_blank\" rel=\"noreferrer noopener\">SOS Universal erm\u00f6glicht das Senden von Warnungen in verschiedenen Formen.<\/a><\/strong><\/h2>\r\n\r\n\r\n\r\n<p>Es ist m\u00f6glich, Angeh\u00f6rige im Problemfall, unter verschiedenen Umst\u00e4nden und auf verschiedene Weisen um Hilfe zu rufen. SOS Universal kann bei Unwohlsein, \u00dcbergriffen, Unsicherheit oder in jeder anderen unangenehmen Situation eingesetzt werden. <a data-type=\"page\" data-id=\"127\" href=\"https:\/\/www.dataslatitudes.com\/sosuniversal\/de\/index.php\/cas-dutilisation\/\" target=\"_blank\" rel=\"noreferrer noopener\">Siehe Anwendungsbeispiele<\/a><\/p>\r\n<\/div>\r\n<\/div>\r\n\r\n\r\n\r\n<p><\/p>\r\n","protected":false},"excerpt":{"rendered":"<p>DatasLatitudes ist ein Herausgeber von mobilen Anwendungen (Android und iOs). Wir beherrschen die neuesten Technologien und Trends in der mobilen [&hellip;]<\/p>\n","protected":false},"author":1,"featured_media":0,"parent":0,"menu_order":0,"comment_status":"closed","ping_status":"closed","template":"","meta":{"site-sidebar-layout":"default","site-content-layout":"","ast-site-content-layout":"default","site-content-style":"default","site-sidebar-style":"default","ast-global-header-display":"","ast-banner-title-visibility":"","ast-main-header-display":"","ast-hfb-above-header-display":"","ast-hfb-below-header-display":"","ast-hfb-mobile-header-display":"","site-post-title":"disabled","ast-breadcrumbs-content":"","ast-featured-img":"","footer-sml-layout":"","theme-transparent-header-meta":"","adv-header-id-meta":"","stick-header-meta":"","header-above-stick-meta":"","header-main-stick-meta":"","header-below-stick-meta":"","astra-migrate-meta-layouts":"default","ast-page-background-enabled":"default","ast-page-background-meta":{"desktop":{"background-color":"var(--ast-global-color-5)","background-image":"","background-repeat":"repeat","background-position":"center center","background-size":"auto","background-attachment":"scroll","background-type":"","background-media":"","overlay-type":"","overlay-color":"","overlay-opacity":"","overlay-gradient":""},"tablet":{"background-color":"","background-image":"","background-repeat":"repeat","background-position":"center center","background-size":"auto","background-attachment":"scroll","background-type":"","background-media":"","overlay-type":"","overlay-color":"","overlay-opacity":"","overlay-gradient":""},"mobile":{"background-color":"","background-image":"","background-repeat":"repeat","background-position":"center center","background-size":"auto","background-attachment":"scroll","background-type":"","background-media":"","overlay-type":"","overlay-color":"","overlay-opacity":"","overlay-gradient":""}},"ast-content-background-meta":{"desktop":{"background-color":"var(--ast-global-color-4)","background-image":"","background-repeat":"repeat","background-position":"center center","background-size":"auto","background-attachment":"scroll","background-type":"","background-media":"","overlay-type":"","overlay-color":"","overlay-opacity":"","overlay-gradient":""},"tablet":{"background-color":"var(--ast-global-color-4)","background-image":"","background-repeat":"repeat","background-position":"center center","background-size":"auto","background-attachment":"scroll","background-type":"","background-media":"","overlay-type":"","overlay-color":"","overlay-opacity":"","overlay-gradient":""},"mobile":{"background-color":"var(--ast-global-color-4)","background-image":"","background-repeat":"repeat","background-position":"center center","background-size":"auto","background-attachment":"scroll","background-type":"","background-media":"","overlay-type":"","overlay-color":"","overlay-opacity":"","overlay-gradient":""}},"footnotes":""},"class_list":["post-122","page","type-page","status-publish","hentry"],"yoast_head":"<!-- This site is optimized with the Yoast SEO plugin v25.6 - https:\/\/yoast.com\/wordpress\/plugins\/seo\/ -->\n<title>Pr\u00e4sentation<\/title>\n<meta name=\"description\" content=\"DatasLatitudes ist ein Herausgeber von mobilen Anwendungen (Android und iOs). Wir beherrschen die neuesten Technologien und Trends in der mobilen Entwicklung, um sicherzustellen, dass jede Anwendung leistungsstark, sicher und benutzerfreundlich ist. Wir sind der festen \u00dcberzeugung, dass Technologie f\u00fcr alle zug\u00e4nglich sein muss. Deshalb integrieren wir Barrierefreiheit von Anfang an in jedes Projekt. Wir entwickeln&hellip;\" \/>\n<meta name=\"robots\" content=\"index, follow, max-snippet:-1, max-image-preview:large, max-video-preview:-1\" \/>\n<link rel=\"canonical\" href=\"http:\/\/DatasLatitudes%20ist%20ein%20Herausgeber%20von%20mobilen%20Anwendungen%20(Android%20und%20iOs).%20Wir%20beherrschen%20die%20neuesten%20Technologien%20und%20Trends%20in%20der%20mobilen%20Entwicklung,%20um%20sicherzustellen,%20dass%20jede%20Anwendung%20leistungsstark,%20sicher%20und%20benutzerfreundlich%20ist.%20Wir%20sind%20der%20festen%20\u00dcberzeugung,%20dass%20Technologie%20f\u00fcr%20alle%20zug\u00e4nglich%20sein%20muss.%20Deshalb%20integrieren%20wir%20Barrierefreiheit%20von%20Anfang%20an%20in%20jedes%20Projekt.%20Wir%20entwickeln&hellip;\" \/>\n<meta property=\"og:locale\" content=\"de_DE\" \/>\n<meta property=\"og:type\" content=\"article\" \/>\n<meta property=\"og:title\" content=\"Pr\u00e4sentation\" \/>\n<meta property=\"og:description\" content=\"DatasLatitudes ist ein Herausgeber von mobilen Anwendungen (Android und iOs). Wir beherrschen die neuesten Technologien und Trends in der mobilen Entwicklung, um sicherzustellen, dass jede Anwendung leistungsstark, sicher und benutzerfreundlich ist. Wir sind der festen \u00dcberzeugung, dass Technologie f\u00fcr alle zug\u00e4nglich sein muss. Deshalb integrieren wir Barrierefreiheit von Anfang an in jedes Projekt. Wir entwickeln&hellip;\" \/>\n<meta property=\"og:url\" content=\"https:\/\/www.dataslatitudes.com\/enterprise\/de\/\" \/>\n<meta property=\"og:site_name\" content=\"DatasLatitudes\" \/>\n<meta property=\"article:modified_time\" content=\"2025-08-15T04:25:01+00:00\" \/>\n<meta property=\"og:image\" content=\"https:\/\/www.dataslatitudes.com\/enterprise\/wp-content\/uploads\/2025\/08\/img_presentation.webp\" \/>\n\t<meta property=\"og:image:width\" content=\"512\" \/>\n\t<meta property=\"og:image:height\" content=\"512\" \/>\n\t<meta property=\"og:image:type\" content=\"image\/webp\" \/>\n<meta name=\"twitter:card\" content=\"summary_large_image\" \/>\n<meta name=\"twitter:label1\" content=\"Gesch\u00e4tzte Lesezeit\" \/>\n\t<meta name=\"twitter:data1\" content=\"2\u00a0Minuten\" \/>\n<script type=\"application\/ld+json\" class=\"yoast-schema-graph\">{\"@context\":\"https:\/\/schema.org\",\"@graph\":[{\"@type\":\"WebPage\",\"@id\":\"https:\/\/www.dataslatitudes.com\/enterprise\/de\/\",\"url\":\"https:\/\/www.dataslatitudes.com\/enterprise\/de\/\",\"name\":\"Presentation - DatasLatitudes\",\"isPartOf\":{\"@id\":\"https:\/\/www.dataslatitudes.com\/enterprise\/en\/#website\"},\"primaryImageOfPage\":{\"@id\":\"https:\/\/www.dataslatitudes.com\/enterprise\/de\/#primaryimage\"},\"image\":{\"@id\":\"https:\/\/www.dataslatitudes.com\/enterprise\/de\/#primaryimage\"},\"thumbnailUrl\":\"https:\/\/www.dataslatitudes.com\/enterprise\/wp-content\/uploads\/2025\/08\/img_presentation.webp\",\"datePublished\":\"2025-08-14T14:09:19+00:00\",\"dateModified\":\"2025-08-15T04:25:01+00:00\",\"description\":\"We are experts in the latest technologies and trends in mobile development, ensuring that every application is high-performing, secure and user-friendly.\",\"breadcrumb\":{\"@id\":\"https:\/\/www.dataslatitudes.com\/enterprise\/de\/#breadcrumb\"},\"inLanguage\":\"de\",\"potentialAction\":[{\"@type\":\"ReadAction\",\"target\":[\"https:\/\/www.dataslatitudes.com\/enterprise\/de\/\"]}]},{\"@type\":\"ImageObject\",\"inLanguage\":\"de\",\"@id\":\"https:\/\/www.dataslatitudes.com\/enterprise\/de\/#primaryimage\",\"url\":\"https:\/\/www.dataslatitudes.com\/enterprise\/wp-content\/uploads\/2025\/08\/img_presentation.webp\",\"contentUrl\":\"https:\/\/www.dataslatitudes.com\/enterprise\/wp-content\/uploads\/2025\/08\/img_presentation.webp\"},{\"@type\":\"BreadcrumbList\",\"@id\":\"https:\/\/www.dataslatitudes.com\/enterprise\/de\/#breadcrumb\",\"itemListElement\":[{\"@type\":\"ListItem\",\"position\":1,\"name\":\"Pr\u00e4sentation\",\"item\":\"https:\/\/www.dataslatitudes.com\/enterprise\/en\/\"},{\"@type\":\"ListItem\",\"position\":2,\"name\":\"Pr\u00e4sentation\"}]},{\"@type\":\"WebSite\",\"@id\":\"https:\/\/www.dataslatitudes.com\/enterprise\/de\/en\/#website\",\"url\":\"https:\/\/www.dataslatitudes.com\/enterprise\/de\/en\/\",\"name\":\"DatasLatitudes\",\"description\":\"DatasLatitudes web site\",\"publisher\":{\"@id\":\"https:\/\/www.dataslatitudes.com\/enterprise\/de\/en\/#organization\"},\"potentialAction\":[{\"@type\":\"SearchAction\",\"target\":{\"@type\":\"EntryPoint\",\"urlTemplate\":\"https:\/\/www.dataslatitudes.com\/enterprise\/de\/en\/?s={search_term_string}\"},\"query-input\":{\"@type\":\"PropertyValueSpecification\",\"valueRequired\":true,\"valueName\":\"search_term_string\"}}],\"inLanguage\":\"de\"},{\"@type\":\"Organization\",\"@id\":\"https:\/\/www.dataslatitudes.com\/enterprise\/de\/en\/#organization\",\"name\":\"DatasLatitudes\",\"url\":\"https:\/\/www.dataslatitudes.com\/enterprise\/de\/en\/\",\"logo\":{\"@type\":\"ImageObject\",\"inLanguage\":\"de\",\"@id\":\"https:\/\/www.dataslatitudes.com\/enterprise\/de\/en\/#\/schema\/logo\/image\/\",\"url\":\"https:\/\/www.dataslatitudes.com\/enterprise\/wp-content\/uploads\/2025\/08\/logo_mrdv.png\",\"contentUrl\":\"https:\/\/www.dataslatitudes.com\/enterprise\/wp-content\/uploads\/2025\/08\/logo_mrdv.png\",\"width\":72,\"height\":72,\"caption\":\"DatasLatitudes\"},\"image\":{\"@id\":\"https:\/\/www.dataslatitudes.com\/enterprise\/de\/en\/#\/schema\/logo\/image\/\"}}]}<\/script>\n<!-- \/ Yoast SEO plugin. -->","yoast_head_json":{"title":"Pr\u00e4sentation","description":"DatasLatitudes ist ein Herausgeber von mobilen Anwendungen (Android und iOs). Wir beherrschen die neuesten Technologien und Trends in der mobilen Entwicklung, um sicherzustellen, dass jede Anwendung leistungsstark, sicher und benutzerfreundlich ist. Wir sind der festen \u00dcberzeugung, dass Technologie f\u00fcr alle zug\u00e4nglich sein muss. Deshalb integrieren wir Barrierefreiheit von Anfang an in jedes Projekt. Wir entwickeln&hellip;","robots":{"index":"index","follow":"follow","max-snippet":"max-snippet:-1","max-image-preview":"max-image-preview:large","max-video-preview":"max-video-preview:-1"},"canonical":"DatasLatitudes ist ein Herausgeber von mobilen Anwendungen (Android und iOs). Wir beherrschen die neuesten Technologien und Trends in der mobilen Entwicklung, um sicherzustellen, dass jede Anwendung leistungsstark, sicher und benutzerfreundlich ist. Wir sind der festen \u00dcberzeugung, dass Technologie f\u00fcr alle zug\u00e4nglich sein muss. Deshalb integrieren wir Barrierefreiheit von Anfang an in jedes Projekt. Wir entwickeln&hellip;","og_locale":"de_DE","og_type":"article","og_title":"Pr\u00e4sentation","og_description":"DatasLatitudes ist ein Herausgeber von mobilen Anwendungen (Android und iOs). Wir beherrschen die neuesten Technologien und Trends in der mobilen Entwicklung, um sicherzustellen, dass jede Anwendung leistungsstark, sicher und benutzerfreundlich ist. Wir sind der festen \u00dcberzeugung, dass Technologie f\u00fcr alle zug\u00e4nglich sein muss. Deshalb integrieren wir Barrierefreiheit von Anfang an in jedes Projekt. Wir entwickeln&hellip;","og_url":"https:\/\/www.dataslatitudes.com\/enterprise\/de\/","og_site_name":"DatasLatitudes","article_modified_time":"2025-08-15T04:25:01+00:00","og_image":[{"width":512,"height":512,"url":"https:\/\/www.dataslatitudes.com\/enterprise\/wp-content\/uploads\/2025\/08\/img_presentation.webp","type":"image\/webp"}],"twitter_card":"summary_large_image","twitter_misc":{"Gesch\u00e4tzte Lesezeit":"2\u00a0Minuten"},"schema":{"@context":"https:\/\/schema.org","@graph":[{"@type":"WebPage","@id":"https:\/\/www.dataslatitudes.com\/enterprise\/de\/","url":"https:\/\/www.dataslatitudes.com\/enterprise\/de\/","name":"Presentation - DatasLatitudes","isPartOf":{"@id":"https:\/\/www.dataslatitudes.com\/enterprise\/en\/#website"},"primaryImageOfPage":{"@id":"https:\/\/www.dataslatitudes.com\/enterprise\/de\/#primaryimage"},"image":{"@id":"https:\/\/www.dataslatitudes.com\/enterprise\/de\/#primaryimage"},"thumbnailUrl":"https:\/\/www.dataslatitudes.com\/enterprise\/wp-content\/uploads\/2025\/08\/img_presentation.webp","datePublished":"2025-08-14T14:09:19+00:00","dateModified":"2025-08-15T04:25:01+00:00","description":"We are experts in the latest technologies and trends in mobile development, ensuring that every application is high-performing, secure and user-friendly.","breadcrumb":{"@id":"https:\/\/www.dataslatitudes.com\/enterprise\/de\/#breadcrumb"},"inLanguage":"de","potentialAction":[{"@type":"ReadAction","target":["https:\/\/www.dataslatitudes.com\/enterprise\/de\/"]}]},{"@type":"ImageObject","inLanguage":"de","@id":"https:\/\/www.dataslatitudes.com\/enterprise\/de\/#primaryimage","url":"https:\/\/www.dataslatitudes.com\/enterprise\/wp-content\/uploads\/2025\/08\/img_presentation.webp","contentUrl":"https:\/\/www.dataslatitudes.com\/enterprise\/wp-content\/uploads\/2025\/08\/img_presentation.webp"},{"@type":"BreadcrumbList","@id":"https:\/\/www.dataslatitudes.com\/enterprise\/de\/#breadcrumb","itemListElement":[{"@type":"ListItem","position":1,"name":"Pr\u00e4sentation","item":"https:\/\/www.dataslatitudes.com\/enterprise\/en\/"},{"@type":"ListItem","position":2,"name":"Pr\u00e4sentation"}]},{"@type":"WebSite","@id":"https:\/\/www.dataslatitudes.com\/enterprise\/de\/en\/#website","url":"https:\/\/www.dataslatitudes.com\/enterprise\/de\/en\/","name":"DatasLatitudes","description":"DatasLatitudes web site","publisher":{"@id":"https:\/\/www.dataslatitudes.com\/enterprise\/de\/en\/#organization"},"potentialAction":[{"@type":"SearchAction","target":{"@type":"EntryPoint","urlTemplate":"https:\/\/www.dataslatitudes.com\/enterprise\/de\/en\/?s={search_term_string}"},"query-input":{"@type":"PropertyValueSpecification","valueRequired":true,"valueName":"search_term_string"}}],"inLanguage":"de"},{"@type":"Organization","@id":"https:\/\/www.dataslatitudes.com\/enterprise\/de\/en\/#organization","name":"DatasLatitudes","url":"https:\/\/www.dataslatitudes.com\/enterprise\/de\/en\/","logo":{"@type":"ImageObject","inLanguage":"de","@id":"https:\/\/www.dataslatitudes.com\/enterprise\/de\/en\/#\/schema\/logo\/image\/","url":"https:\/\/www.dataslatitudes.com\/enterprise\/wp-content\/uploads\/2025\/08\/logo_mrdv.png","contentUrl":"https:\/\/www.dataslatitudes.com\/enterprise\/wp-content\/uploads\/2025\/08\/logo_mrdv.png","width":72,"height":72,"caption":"DatasLatitudes"},"image":{"@id":"https:\/\/www.dataslatitudes.com\/enterprise\/de\/en\/#\/schema\/logo\/image\/"}}]}},"_links":{"self":[{"href":"https:\/\/www.dataslatitudes.com\/enterprise\/de\/wp-json\/wp\/v2\/pages\/122","targetHints":{"allow":["GET"]}}],"collection":[{"href":"https:\/\/www.dataslatitudes.com\/enterprise\/de\/wp-json\/wp\/v2\/pages"}],"about":[{"href":"https:\/\/www.dataslatitudes.com\/enterprise\/de\/wp-json\/wp\/v2\/types\/page"}],"author":[{"embeddable":true,"href":"https:\/\/www.dataslatitudes.com\/enterprise\/de\/wp-json\/wp\/v2\/users\/1"}],"replies":[{"embeddable":true,"href":"https:\/\/www.dataslatitudes.com\/enterprise\/de\/wp-json\/wp\/v2\/comments?post=122"}],"version-history":[{"count":5,"href":"https:\/\/www.dataslatitudes.com\/enterprise\/de\/wp-json\/wp\/v2\/pages\/122\/revisions"}],"predecessor-version":[{"id":201,"href":"https:\/\/www.dataslatitudes.com\/enterprise\/de\/wp-json\/wp\/v2\/pages\/122\/revisions\/201"}],"wp:attachment":[{"href":"https:\/\/www.dataslatitudes.com\/enterprise\/de\/wp-json\/wp\/v2\/media?parent=122"}],"curies":[{"name":"wp","href":"https:\/\/api.w.org\/{rel}","templated":true}]}}