{"id":122,"date":"2025-08-14T14:09:19","date_gmt":"2025-08-14T14:09:19","guid":{"rendered":"https:\/\/www.dataslatitudes.com\/enterprise\/?page_id=122"},"modified":"2025-08-15T04:25:01","modified_gmt":"2025-08-15T04:25:01","slug":"accueil","status":"publish","type":"page","link":"https:\/\/www.dataslatitudes.com\/enterprise\/cs\/","title":{"rendered":"P\u0159edstaven\u00ed"},"content":{"rendered":"\r\n<h1 class=\"wp-block-heading has-text-align-center\" style=\"margin-top:var(--wp--preset--spacing--60);margin-bottom:var(--wp--preset--spacing--60);font-size:25px\"><strong>DatasLatitudes je vydavatel mobiln\u00edch aplikac\u00ed (Android a iOS).<\/strong><\/h1>\r\n\r\n\r\n\r\n<p><\/p>\r\n\r\n\r\n\r\n<p class=\"has-black-color has-text-color has-link-color wp-elements-0fcb04b326c9c3383204e7fdf20ee337\" style=\"font-size:1rem\">Ovl\u00e1d\u00e1me nejnov\u011bj\u0161\u00ed technologie a trendy v mobiln\u00edm v\u00fdvoji, abychom zaru\u010dili, \u017ee ka\u017ed\u00e1 aplikace je v\u00fdkonn\u00e1, bezpe\u010dn\u00e1 a u\u017eivatelsky p\u0159\u00edv\u011btiv\u00e1.<\/p>\r\n\r\n\r\n\r\n<p class=\"has-black-color has-text-color has-link-color wp-elements-dfd43292e9670d1a793c3a61099f526d\" style=\"font-size:1rem\">Pevn\u011b v\u011b\u0159\u00edme, \u017ee technologie mus\u00ed b\u00fdt p\u0159\u00edstupn\u00e1 v\u0161em. Proto integraci p\u0159\u00edstupnosti za\u010dle\u0148ujeme od za\u010d\u00e1tku ka\u017ed\u00e9ho projektu. Navrhujeme aplikace, kter\u00e9 mohou pou\u017e\u00edvat lid\u00e9 s poruchami zraku, sluchu, pohybu nebo kognitivn\u00edch funkc\u00ed. To zahrnuje podporu pro \u010dte\u010dky obrazovky (TalkBack pro Android, VoiceOver pro iOS), zohledn\u011bn\u00ed kontrast\u016f a velikost\u00ed p\u00edsma, jako\u017e i rozhran\u00ed p\u0159izp\u016fsoben\u00e1 pro navigaci hlasov\u00fdmi p\u0159\u00edkazy nebo tla\u010d\u00edtky.<\/p>\r\n\r\n\r\n\r\n<h2 class=\"wp-block-heading has-text-align-center\" style=\"margin-top:var(--wp--preset--spacing--40);margin-bottom:var(--wp--preset--spacing--40);font-size:25px\"><strong>Nejnov\u011bj\u0161\u00ed publikace<\/strong><\/h2>\r\n\r\n\r\n\r\n<figure class=\"wp-block-image aligncenter size-full is-resized\" style=\"margin-top:var(--wp--preset--spacing--30);margin-bottom:var(--wp--preset--spacing--30)\"><img fetchpriority=\"high\" decoding=\"async\" width=\"512\" height=\"512\" src=\"https:\/\/www.dataslatitudes.com\/enterprise\/wp-content\/uploads\/2025\/08\/img_presentation.webp\" alt=\"U\u017eivatel\u00e9 SOS Universal v bezpe\u010d\u00ed ve sv\u00e9 ochrann\u00e9 bublin\u011b navzdory hroziv\u00e9mu st\u00ednu\" class=\"wp-image-141\" style=\"width:376px;height:auto\" srcset=\"https:\/\/www.dataslatitudes.com\/enterprise\/wp-content\/uploads\/2025\/08\/img_presentation.webp 512w, https:\/\/www.dataslatitudes.com\/enterprise\/wp-content\/uploads\/2025\/08\/img_presentation-300x300.webp 300w, https:\/\/www.dataslatitudes.com\/enterprise\/wp-content\/uploads\/2025\/08\/img_presentation-150x150.webp 150w\" sizes=\"(max-width: 512px) 100vw, 512px\" \/><\/figure>\r\n\r\n\r\n\r\n<div class=\"wp-block-columns has-background is-layout-flex wp-container-core-columns-is-layout-7b1c9e8d wp-block-columns-is-layout-flex\" style=\"background-color:#fafaf3;margin-top:0;margin-bottom:0;padding-top:var(--wp--preset--spacing--30);padding-bottom:var(--wp--preset--spacing--30)\">\r\n<div class=\"wp-block-column is-layout-flow wp-block-column-is-layout-flow\" style=\"flex-basis:20%\">\r\n<figure class=\"wp-block-image aligncenter size-full\"><a href=\"https:\/\/www.dataslatitudes.com\/sosuniversal\/cs\/index.php\/\" target=\"_blank\" rel=\" noreferrer noopener\"><img decoding=\"async\" width=\"512\" height=\"512\" src=\"http:\/\/www.dataslatitudes.com\/enterprise\/wp-content\/uploads\/2025\/08\/icone_application.webp\" alt=\"SOS Universal - logo\" class=\"wp-image-89\" srcset=\"https:\/\/www.dataslatitudes.com\/enterprise\/wp-content\/uploads\/2025\/08\/icone_application.webp 512w, https:\/\/www.dataslatitudes.com\/enterprise\/wp-content\/uploads\/2025\/08\/icone_application-300x300.webp 300w, https:\/\/www.dataslatitudes.com\/enterprise\/wp-content\/uploads\/2025\/08\/icone_application-150x150.webp 150w\" sizes=\"(max-width: 512px) 100vw, 512px\" \/><\/a><\/figure>\r\n<\/div>\r\n\r\n\r\n\r\n<div class=\"wp-block-column is-vertically-aligned-center is-layout-flow wp-block-column-is-layout-flow\" style=\"flex-basis:80%\">\r\n<h2 class=\"wp-block-heading has-medium-font-size\"><strong><a href=\"https:\/\/www.dataslatitudes.com\/sosuniversal\/cs\/index.php\/\" target=\"_blank\" rel=\"noreferrer noopener\">SOS Universal umo\u017e\u0148uje vyd\u00e1vat upozorn\u011bn\u00ed v mnoha form\u00e1ch<\/a><\/strong><\/h2>\r\n\r\n\r\n\r\n<p>Je mo\u017en\u00e9 zavolat o pomoc sv\u00e9 bl\u00edzk\u00e9 v p\u0159\u00edpad\u011b probl\u00e9m\u016f, za r\u016fzn\u00fdch okolnost\u00ed a r\u016fzn\u00fdmi zp\u016fsoby. SOS Universal lze pou\u017e\u00edt v p\u0159\u00edpad\u011b napaden\u00ed, obt\u011b\u017eov\u00e1n\u00ed, nevolnosti, nejist\u00e9 situace nebo v jak\u00e9koli jin\u00e9 nep\u0159\u00edjemn\u00e9 situaci. <a data-type=\"page\" data-id=\"127\" href=\"https:\/\/www.dataslatitudes.com\/sosuniversal\/cs\/index.php\/cas-dutilisation\/\" target=\"_blank\" rel=\"noreferrer noopener\">Viz p\u0159\u00edklady p\u0159\u00edpad\u016f pou\u017eit\u00ed<\/a><\/p>\r\n<\/div>\r\n<\/div>\r\n\r\n\r\n\r\n<p><\/p>\r\n","protected":false},"excerpt":{"rendered":"<p>DatasLatitudes je vydavatel mobiln\u00edch aplikac\u00ed (Android a iOS). Ovl\u00e1d\u00e1me nejnov\u011bj\u0161\u00ed technologie a trendy v mobiln\u00edm v\u00fdvoji, abychom zaru\u010dili, \u017ee ka\u017ed\u00e1 [&hellip;]<\/p>\n","protected":false},"author":1,"featured_media":0,"parent":0,"menu_order":0,"comment_status":"closed","ping_status":"closed","template":"","meta":{"site-sidebar-layout":"default","site-content-layout":"","ast-site-content-layout":"default","site-content-style":"default","site-sidebar-style":"default","ast-global-header-display":"","ast-banner-title-visibility":"","ast-main-header-display":"","ast-hfb-above-header-display":"","ast-hfb-below-header-display":"","ast-hfb-mobile-header-display":"","site-post-title":"disabled","ast-breadcrumbs-content":"","ast-featured-img":"","footer-sml-layout":"","theme-transparent-header-meta":"","adv-header-id-meta":"","stick-header-meta":"","header-above-stick-meta":"","header-main-stick-meta":"","header-below-stick-meta":"","astra-migrate-meta-layouts":"default","ast-page-background-enabled":"default","ast-page-background-meta":{"desktop":{"background-color":"var(--ast-global-color-5)","background-image":"","background-repeat":"repeat","background-position":"center center","background-size":"auto","background-attachment":"scroll","background-type":"","background-media":"","overlay-type":"","overlay-color":"","overlay-opacity":"","overlay-gradient":""},"tablet":{"background-color":"","background-image":"","background-repeat":"repeat","background-position":"center center","background-size":"auto","background-attachment":"scroll","background-type":"","background-media":"","overlay-type":"","overlay-color":"","overlay-opacity":"","overlay-gradient":""},"mobile":{"background-color":"","background-image":"","background-repeat":"repeat","background-position":"center center","background-size":"auto","background-attachment":"scroll","background-type":"","background-media":"","overlay-type":"","overlay-color":"","overlay-opacity":"","overlay-gradient":""}},"ast-content-background-meta":{"desktop":{"background-color":"var(--ast-global-color-4)","background-image":"","background-repeat":"repeat","background-position":"center center","background-size":"auto","background-attachment":"scroll","background-type":"","background-media":"","overlay-type":"","overlay-color":"","overlay-opacity":"","overlay-gradient":""},"tablet":{"background-color":"var(--ast-global-color-4)","background-image":"","background-repeat":"repeat","background-position":"center center","background-size":"auto","background-attachment":"scroll","background-type":"","background-media":"","overlay-type":"","overlay-color":"","overlay-opacity":"","overlay-gradient":""},"mobile":{"background-color":"var(--ast-global-color-4)","background-image":"","background-repeat":"repeat","background-position":"center center","background-size":"auto","background-attachment":"scroll","background-type":"","background-media":"","overlay-type":"","overlay-color":"","overlay-opacity":"","overlay-gradient":""}},"footnotes":""},"class_list":["post-122","page","type-page","status-publish","hentry"],"yoast_head":"<!-- This site is optimized with the Yoast SEO plugin v25.6 - https:\/\/yoast.com\/wordpress\/plugins\/seo\/ -->\n<title>P\u0159edstaven\u00ed<\/title>\n<meta name=\"description\" content=\"DatasLatitudes je vydavatel mobiln\u00edch aplikac\u00ed (Android a iOS). Ovl\u00e1d\u00e1me nejnov\u011bj\u0161\u00ed technologie a trendy v mobiln\u00edm v\u00fdvoji, abychom zaru\u010dili, \u017ee ka\u017ed\u00e1 aplikace je v\u00fdkonn\u00e1, bezpe\u010dn\u00e1 a u\u017eivatelsky p\u0159\u00edv\u011btiv\u00e1. Pevn\u011b v\u011b\u0159\u00edme, \u017ee technologie mus\u00ed b\u00fdt p\u0159\u00edstupn\u00e1 v\u0161em. Proto integraci p\u0159\u00edstupnosti za\u010dle\u0148ujeme od za\u010d\u00e1tku ka\u017ed\u00e9ho projektu. Navrhujeme aplikace, kter\u00e9 mohou pou\u017e\u00edvat lid\u00e9 s poruchami zraku, sluchu, pohybu nebo&hellip;\" \/>\n<meta name=\"robots\" content=\"index, follow, max-snippet:-1, max-image-preview:large, max-video-preview:-1\" \/>\n<link rel=\"canonical\" href=\"http:\/\/DatasLatitudes%20je%20vydavatel%20mobiln\u00edch%20aplikac\u00ed%20(Android%20a%20iOS).%20Ovl\u00e1d\u00e1me%20nejnov\u011bj\u0161\u00ed%20technologie%20a%20trendy%20v%20mobiln\u00edm%20v\u00fdvoji,%20abychom%20zaru\u010dili,%20\u017ee%20ka\u017ed\u00e1%20aplikace%20je%20v\u00fdkonn\u00e1,%20bezpe\u010dn\u00e1%20a%20u\u017eivatelsky%20p\u0159\u00edv\u011btiv\u00e1.%20Pevn\u011b%20v\u011b\u0159\u00edme,%20\u017ee%20technologie%20mus\u00ed%20b\u00fdt%20p\u0159\u00edstupn\u00e1%20v\u0161em.%20Proto%20integraci%20p\u0159\u00edstupnosti%20za\u010dle\u0148ujeme%20od%20za\u010d\u00e1tku%20ka\u017ed\u00e9ho%20projektu.%20Navrhujeme%20aplikace,%20kter\u00e9%20mohou%20pou\u017e\u00edvat%20lid\u00e9%20s%20poruchami%20zraku,%20sluchu,%20pohybu%20nebo&hellip;\" \/>\n<meta property=\"og:locale\" content=\"cs_CZ\" \/>\n<meta property=\"og:type\" content=\"article\" \/>\n<meta property=\"og:title\" content=\"P\u0159edstaven\u00ed\" \/>\n<meta property=\"og:description\" content=\"DatasLatitudes je vydavatel mobiln\u00edch aplikac\u00ed (Android a iOS). Ovl\u00e1d\u00e1me nejnov\u011bj\u0161\u00ed technologie a trendy v mobiln\u00edm v\u00fdvoji, abychom zaru\u010dili, \u017ee ka\u017ed\u00e1 aplikace je v\u00fdkonn\u00e1, bezpe\u010dn\u00e1 a u\u017eivatelsky p\u0159\u00edv\u011btiv\u00e1. Pevn\u011b v\u011b\u0159\u00edme, \u017ee technologie mus\u00ed b\u00fdt p\u0159\u00edstupn\u00e1 v\u0161em. Proto integraci p\u0159\u00edstupnosti za\u010dle\u0148ujeme od za\u010d\u00e1tku ka\u017ed\u00e9ho projektu. Navrhujeme aplikace, kter\u00e9 mohou pou\u017e\u00edvat lid\u00e9 s poruchami zraku, sluchu, pohybu nebo&hellip;\" \/>\n<meta property=\"og:url\" content=\"https:\/\/www.dataslatitudes.com\/enterprise\/cs\/\" \/>\n<meta property=\"og:site_name\" content=\"DatasLatitudes\" \/>\n<meta property=\"article:modified_time\" content=\"2025-08-15T04:25:01+00:00\" \/>\n<meta property=\"og:image\" content=\"https:\/\/www.dataslatitudes.com\/enterprise\/wp-content\/uploads\/2025\/08\/img_presentation.webp\" \/>\n\t<meta property=\"og:image:width\" content=\"512\" \/>\n\t<meta property=\"og:image:height\" content=\"512\" \/>\n\t<meta property=\"og:image:type\" content=\"image\/webp\" \/>\n<meta name=\"twitter:card\" content=\"summary_large_image\" \/>\n<meta name=\"twitter:label1\" content=\"Odhadovan\u00e1 doba \u010dten\u00ed\" \/>\n\t<meta name=\"twitter:data1\" content=\"2 minuty\" \/>\n<script type=\"application\/ld+json\" class=\"yoast-schema-graph\">{\"@context\":\"https:\/\/schema.org\",\"@graph\":[{\"@type\":\"WebPage\",\"@id\":\"https:\/\/www.dataslatitudes.com\/enterprise\/cs\/\",\"url\":\"https:\/\/www.dataslatitudes.com\/enterprise\/cs\/\",\"name\":\"Presentation - DatasLatitudes\",\"isPartOf\":{\"@id\":\"https:\/\/www.dataslatitudes.com\/enterprise\/en\/#website\"},\"primaryImageOfPage\":{\"@id\":\"https:\/\/www.dataslatitudes.com\/enterprise\/cs\/#primaryimage\"},\"image\":{\"@id\":\"https:\/\/www.dataslatitudes.com\/enterprise\/cs\/#primaryimage\"},\"thumbnailUrl\":\"https:\/\/www.dataslatitudes.com\/enterprise\/wp-content\/uploads\/2025\/08\/img_presentation.webp\",\"datePublished\":\"2025-08-14T14:09:19+00:00\",\"dateModified\":\"2025-08-15T04:25:01+00:00\",\"description\":\"We are experts in the latest technologies and trends in mobile development, ensuring that every application is high-performing, secure and user-friendly.\",\"breadcrumb\":{\"@id\":\"https:\/\/www.dataslatitudes.com\/enterprise\/cs\/#breadcrumb\"},\"inLanguage\":\"cs\",\"potentialAction\":[{\"@type\":\"ReadAction\",\"target\":[\"https:\/\/www.dataslatitudes.com\/enterprise\/cs\/\"]}]},{\"@type\":\"ImageObject\",\"inLanguage\":\"cs\",\"@id\":\"https:\/\/www.dataslatitudes.com\/enterprise\/cs\/#primaryimage\",\"url\":\"https:\/\/www.dataslatitudes.com\/enterprise\/wp-content\/uploads\/2025\/08\/img_presentation.webp\",\"contentUrl\":\"https:\/\/www.dataslatitudes.com\/enterprise\/wp-content\/uploads\/2025\/08\/img_presentation.webp\"},{\"@type\":\"BreadcrumbList\",\"@id\":\"https:\/\/www.dataslatitudes.com\/enterprise\/cs\/#breadcrumb\",\"itemListElement\":[{\"@type\":\"ListItem\",\"position\":1,\"name\":\"P\u0159edstaven\u00ed\",\"item\":\"https:\/\/www.dataslatitudes.com\/enterprise\/en\/\"},{\"@type\":\"ListItem\",\"position\":2,\"name\":\"P\u0159edstaven\u00ed\"}]},{\"@type\":\"WebSite\",\"@id\":\"https:\/\/www.dataslatitudes.com\/enterprise\/cs\/en\/#website\",\"url\":\"https:\/\/www.dataslatitudes.com\/enterprise\/cs\/en\/\",\"name\":\"DatasLatitudes\",\"description\":\"DatasLatitudes web site\",\"publisher\":{\"@id\":\"https:\/\/www.dataslatitudes.com\/enterprise\/cs\/en\/#organization\"},\"potentialAction\":[{\"@type\":\"SearchAction\",\"target\":{\"@type\":\"EntryPoint\",\"urlTemplate\":\"https:\/\/www.dataslatitudes.com\/enterprise\/cs\/en\/?s={search_term_string}\"},\"query-input\":{\"@type\":\"PropertyValueSpecification\",\"valueRequired\":true,\"valueName\":\"search_term_string\"}}],\"inLanguage\":\"cs\"},{\"@type\":\"Organization\",\"@id\":\"https:\/\/www.dataslatitudes.com\/enterprise\/cs\/en\/#organization\",\"name\":\"DatasLatitudes\",\"url\":\"https:\/\/www.dataslatitudes.com\/enterprise\/cs\/en\/\",\"logo\":{\"@type\":\"ImageObject\",\"inLanguage\":\"cs\",\"@id\":\"https:\/\/www.dataslatitudes.com\/enterprise\/cs\/en\/#\/schema\/logo\/image\/\",\"url\":\"https:\/\/www.dataslatitudes.com\/enterprise\/wp-content\/uploads\/2025\/08\/logo_mrdv.png\",\"contentUrl\":\"https:\/\/www.dataslatitudes.com\/enterprise\/wp-content\/uploads\/2025\/08\/logo_mrdv.png\",\"width\":72,\"height\":72,\"caption\":\"DatasLatitudes\"},\"image\":{\"@id\":\"https:\/\/www.dataslatitudes.com\/enterprise\/cs\/en\/#\/schema\/logo\/image\/\"}}]}<\/script>\n<!-- \/ Yoast SEO plugin. -->","yoast_head_json":{"title":"P\u0159edstaven\u00ed","description":"DatasLatitudes je vydavatel mobiln\u00edch aplikac\u00ed (Android a iOS). Ovl\u00e1d\u00e1me nejnov\u011bj\u0161\u00ed technologie a trendy v mobiln\u00edm v\u00fdvoji, abychom zaru\u010dili, \u017ee ka\u017ed\u00e1 aplikace je v\u00fdkonn\u00e1, bezpe\u010dn\u00e1 a u\u017eivatelsky p\u0159\u00edv\u011btiv\u00e1. Pevn\u011b v\u011b\u0159\u00edme, \u017ee technologie mus\u00ed b\u00fdt p\u0159\u00edstupn\u00e1 v\u0161em. Proto integraci p\u0159\u00edstupnosti za\u010dle\u0148ujeme od za\u010d\u00e1tku ka\u017ed\u00e9ho projektu. Navrhujeme aplikace, kter\u00e9 mohou pou\u017e\u00edvat lid\u00e9 s poruchami zraku, sluchu, pohybu nebo&hellip;","robots":{"index":"index","follow":"follow","max-snippet":"max-snippet:-1","max-image-preview":"max-image-preview:large","max-video-preview":"max-video-preview:-1"},"canonical":"DatasLatitudes je vydavatel mobiln\u00edch aplikac\u00ed (Android a iOS). Ovl\u00e1d\u00e1me nejnov\u011bj\u0161\u00ed technologie a trendy v mobiln\u00edm v\u00fdvoji, abychom zaru\u010dili, \u017ee ka\u017ed\u00e1 aplikace je v\u00fdkonn\u00e1, bezpe\u010dn\u00e1 a u\u017eivatelsky p\u0159\u00edv\u011btiv\u00e1. Pevn\u011b v\u011b\u0159\u00edme, \u017ee technologie mus\u00ed b\u00fdt p\u0159\u00edstupn\u00e1 v\u0161em. Proto integraci p\u0159\u00edstupnosti za\u010dle\u0148ujeme od za\u010d\u00e1tku ka\u017ed\u00e9ho projektu. Navrhujeme aplikace, kter\u00e9 mohou pou\u017e\u00edvat lid\u00e9 s poruchami zraku, sluchu, pohybu nebo&hellip;","og_locale":"cs_CZ","og_type":"article","og_title":"P\u0159edstaven\u00ed","og_description":"DatasLatitudes je vydavatel mobiln\u00edch aplikac\u00ed (Android a iOS). Ovl\u00e1d\u00e1me nejnov\u011bj\u0161\u00ed technologie a trendy v mobiln\u00edm v\u00fdvoji, abychom zaru\u010dili, \u017ee ka\u017ed\u00e1 aplikace je v\u00fdkonn\u00e1, bezpe\u010dn\u00e1 a u\u017eivatelsky p\u0159\u00edv\u011btiv\u00e1. Pevn\u011b v\u011b\u0159\u00edme, \u017ee technologie mus\u00ed b\u00fdt p\u0159\u00edstupn\u00e1 v\u0161em. Proto integraci p\u0159\u00edstupnosti za\u010dle\u0148ujeme od za\u010d\u00e1tku ka\u017ed\u00e9ho projektu. Navrhujeme aplikace, kter\u00e9 mohou pou\u017e\u00edvat lid\u00e9 s poruchami zraku, sluchu, pohybu nebo&hellip;","og_url":"https:\/\/www.dataslatitudes.com\/enterprise\/cs\/","og_site_name":"DatasLatitudes","article_modified_time":"2025-08-15T04:25:01+00:00","og_image":[{"width":512,"height":512,"url":"https:\/\/www.dataslatitudes.com\/enterprise\/wp-content\/uploads\/2025\/08\/img_presentation.webp","type":"image\/webp"}],"twitter_card":"summary_large_image","twitter_misc":{"Odhadovan\u00e1 doba \u010dten\u00ed":"2 minuty"},"schema":{"@context":"https:\/\/schema.org","@graph":[{"@type":"WebPage","@id":"https:\/\/www.dataslatitudes.com\/enterprise\/cs\/","url":"https:\/\/www.dataslatitudes.com\/enterprise\/cs\/","name":"Presentation - DatasLatitudes","isPartOf":{"@id":"https:\/\/www.dataslatitudes.com\/enterprise\/en\/#website"},"primaryImageOfPage":{"@id":"https:\/\/www.dataslatitudes.com\/enterprise\/cs\/#primaryimage"},"image":{"@id":"https:\/\/www.dataslatitudes.com\/enterprise\/cs\/#primaryimage"},"thumbnailUrl":"https:\/\/www.dataslatitudes.com\/enterprise\/wp-content\/uploads\/2025\/08\/img_presentation.webp","datePublished":"2025-08-14T14:09:19+00:00","dateModified":"2025-08-15T04:25:01+00:00","description":"We are experts in the latest technologies and trends in mobile development, ensuring that every application is high-performing, secure and user-friendly.","breadcrumb":{"@id":"https:\/\/www.dataslatitudes.com\/enterprise\/cs\/#breadcrumb"},"inLanguage":"cs","potentialAction":[{"@type":"ReadAction","target":["https:\/\/www.dataslatitudes.com\/enterprise\/cs\/"]}]},{"@type":"ImageObject","inLanguage":"cs","@id":"https:\/\/www.dataslatitudes.com\/enterprise\/cs\/#primaryimage","url":"https:\/\/www.dataslatitudes.com\/enterprise\/wp-content\/uploads\/2025\/08\/img_presentation.webp","contentUrl":"https:\/\/www.dataslatitudes.com\/enterprise\/wp-content\/uploads\/2025\/08\/img_presentation.webp"},{"@type":"BreadcrumbList","@id":"https:\/\/www.dataslatitudes.com\/enterprise\/cs\/#breadcrumb","itemListElement":[{"@type":"ListItem","position":1,"name":"P\u0159edstaven\u00ed","item":"https:\/\/www.dataslatitudes.com\/enterprise\/en\/"},{"@type":"ListItem","position":2,"name":"P\u0159edstaven\u00ed"}]},{"@type":"WebSite","@id":"https:\/\/www.dataslatitudes.com\/enterprise\/cs\/en\/#website","url":"https:\/\/www.dataslatitudes.com\/enterprise\/cs\/en\/","name":"DatasLatitudes","description":"DatasLatitudes web site","publisher":{"@id":"https:\/\/www.dataslatitudes.com\/enterprise\/cs\/en\/#organization"},"potentialAction":[{"@type":"SearchAction","target":{"@type":"EntryPoint","urlTemplate":"https:\/\/www.dataslatitudes.com\/enterprise\/cs\/en\/?s={search_term_string}"},"query-input":{"@type":"PropertyValueSpecification","valueRequired":true,"valueName":"search_term_string"}}],"inLanguage":"cs"},{"@type":"Organization","@id":"https:\/\/www.dataslatitudes.com\/enterprise\/cs\/en\/#organization","name":"DatasLatitudes","url":"https:\/\/www.dataslatitudes.com\/enterprise\/cs\/en\/","logo":{"@type":"ImageObject","inLanguage":"cs","@id":"https:\/\/www.dataslatitudes.com\/enterprise\/cs\/en\/#\/schema\/logo\/image\/","url":"https:\/\/www.dataslatitudes.com\/enterprise\/wp-content\/uploads\/2025\/08\/logo_mrdv.png","contentUrl":"https:\/\/www.dataslatitudes.com\/enterprise\/wp-content\/uploads\/2025\/08\/logo_mrdv.png","width":72,"height":72,"caption":"DatasLatitudes"},"image":{"@id":"https:\/\/www.dataslatitudes.com\/enterprise\/cs\/en\/#\/schema\/logo\/image\/"}}]}},"_links":{"self":[{"href":"https:\/\/www.dataslatitudes.com\/enterprise\/cs\/wp-json\/wp\/v2\/pages\/122","targetHints":{"allow":["GET"]}}],"collection":[{"href":"https:\/\/www.dataslatitudes.com\/enterprise\/cs\/wp-json\/wp\/v2\/pages"}],"about":[{"href":"https:\/\/www.dataslatitudes.com\/enterprise\/cs\/wp-json\/wp\/v2\/types\/page"}],"author":[{"embeddable":true,"href":"https:\/\/www.dataslatitudes.com\/enterprise\/cs\/wp-json\/wp\/v2\/users\/1"}],"replies":[{"embeddable":true,"href":"https:\/\/www.dataslatitudes.com\/enterprise\/cs\/wp-json\/wp\/v2\/comments?post=122"}],"version-history":[{"count":5,"href":"https:\/\/www.dataslatitudes.com\/enterprise\/cs\/wp-json\/wp\/v2\/pages\/122\/revisions"}],"predecessor-version":[{"id":201,"href":"https:\/\/www.dataslatitudes.com\/enterprise\/cs\/wp-json\/wp\/v2\/pages\/122\/revisions\/201"}],"wp:attachment":[{"href":"https:\/\/www.dataslatitudes.com\/enterprise\/cs\/wp-json\/wp\/v2\/media?parent=122"}],"curies":[{"name":"wp","href":"https:\/\/api.w.org\/{rel}","templated":true}]}}