{"id":122,"date":"2025-08-14T14:09:19","date_gmt":"2025-08-14T14:09:19","guid":{"rendered":"https:\/\/www.dataslatitudes.com\/enterprise\/?page_id=122"},"modified":"2025-08-15T04:25:01","modified_gmt":"2025-08-15T04:25:01","slug":"accueil","status":"publish","type":"page","link":"https:\/\/www.dataslatitudes.com\/enterprise\/az\/","title":{"rendered":"T\u0259qdimat"},"content":{"rendered":"\r\n<h1 class=\"wp-block-heading has-text-align-center\" style=\"margin-top:var(--wp--preset--spacing--60);margin-bottom:var(--wp--preset--spacing--60);font-size:25px\"><strong>DatasLatitudes mobil proqramlar\u0131n (Android v\u0259 iOs) n\u0259\u015friyyat\u00e7\u0131s\u0131d\u0131r.<\/strong><\/h1>\r\n\r\n\r\n\r\n<p><\/p>\r\n\r\n\r\n\r\n<p class=\"has-black-color has-text-color has-link-color wp-elements-eddcd42fa96d8c36538cd3580a10d871\" style=\"font-size:1rem\">H\u0259r bir proqram\u0131n y\u00fcks\u0259k performansl\u0131, t\u0259hl\u00fck\u0259siz v\u0259 istifad\u0259\u00e7i dostu olmas\u0131n\u0131 t\u0259min etm\u0259k \u00fc\u00e7\u00fcn mobil inki\u015faf sah\u0259sind\u0259 \u0259n son texnologiyalara v\u0259 tendensiyalara hakimik.<\/p>\r\n\r\n\r\n\r\n<p class=\"has-black-color has-text-color has-link-color wp-elements-1dd4d89bbd469ffb864d8a1a039ccdc5\" style=\"font-size:1rem\">Biz q\u0259tiyy\u0259tl\u0259 inan\u0131r\u0131q ki, texnologiya ham\u0131 \u00fc\u00e7\u00fcn \u0259l\u00e7atan olmal\u0131d\u0131r. Buna g\u00f6r\u0259 d\u0259 biz \u0259l\u00e7atanl\u0131\u011f\u0131 h\u0259r bir layih\u0259nin ba\u015flan\u011f\u0131c\u0131ndan inteqrasiya edirik. Biz g\u00f6rm\u0259, e\u015fitm\u0259, h\u0259r\u0259k\u0259t v\u0259 ya koqnitiv \u0259lilliyi olan insanlar t\u0259r\u0259find\u0259n istifad\u0259 oluna bil\u0259n proqramlar haz\u0131rlay\u0131r\u0131q. Buna ekran oxuyucular\u0131 \u00fc\u00e7\u00fcn d\u0259st\u0259k (Android \u00fc\u00e7\u00fcn TalkBack, iOS \u00fc\u00e7\u00fcn VoiceOver), kontrastlar\u0131n v\u0259 \u015frift \u00f6l\u00e7\u00fcl\u0259rinin n\u0259z\u0259r\u0259 al\u0131nmas\u0131, habel\u0259 s\u0259sli \u0259mrl\u0259r v\u0259 ya d\u00fcym\u0259l\u0259r vasit\u0259sil\u0259 naviqasiya \u00fc\u00e7\u00fcn uy\u011funla\u015fd\u0131r\u0131lm\u0131\u015f interfeysl\u0259r daxildir.<\/p>\r\n\r\n\r\n\r\n<h2 class=\"wp-block-heading has-text-align-center\" style=\"margin-top:var(--wp--preset--spacing--40);margin-bottom:var(--wp--preset--spacing--40);font-size:25px\"><strong>\u018fn son n\u0259\u015frl\u0259r<\/strong><\/h2>\r\n\r\n\r\n\r\n<figure class=\"wp-block-image aligncenter size-full is-resized\" style=\"margin-top:var(--wp--preset--spacing--30);margin-bottom:var(--wp--preset--spacing--30)\"><img fetchpriority=\"high\" decoding=\"async\" width=\"512\" height=\"512\" src=\"https:\/\/www.dataslatitudes.com\/enterprise\/wp-content\/uploads\/2025\/08\/img_presentation.webp\" alt=\"SOS Universal istifad\u0259\u00e7il\u0259ri t\u0259hl\u00fck\u0259li k\u00f6lg\u0259y\u0259 baxmayaraq qoruyucu baloncuklar\u0131nda t\u0259hl\u00fck\u0259sizdir\" class=\"wp-image-141\" style=\"width:376px;height:auto\" srcset=\"https:\/\/www.dataslatitudes.com\/enterprise\/wp-content\/uploads\/2025\/08\/img_presentation.webp 512w, https:\/\/www.dataslatitudes.com\/enterprise\/wp-content\/uploads\/2025\/08\/img_presentation-300x300.webp 300w, https:\/\/www.dataslatitudes.com\/enterprise\/wp-content\/uploads\/2025\/08\/img_presentation-150x150.webp 150w\" sizes=\"(max-width: 512px) 100vw, 512px\" \/><\/figure>\r\n\r\n\r\n\r\n<div class=\"wp-block-columns has-background is-layout-flex wp-container-core-columns-is-layout-7b1c9e8d wp-block-columns-is-layout-flex\" style=\"background-color:#fafaf3;margin-top:0;margin-bottom:0;padding-top:var(--wp--preset--spacing--30);padding-bottom:var(--wp--preset--spacing--30)\">\r\n<div class=\"wp-block-column is-layout-flow wp-block-column-is-layout-flow\" style=\"flex-basis:20%\">\r\n<figure class=\"wp-block-image aligncenter size-full\"><a href=\"https:\/\/www.dataslatitudes.com\/sosuniversal\/az\/index.php\/\" target=\"_blank\" rel=\" noreferrer noopener\"><img decoding=\"async\" width=\"512\" height=\"512\" src=\"http:\/\/www.dataslatitudes.com\/enterprise\/wp-content\/uploads\/2025\/08\/icone_application.webp\" alt=\"SOS Universal - logo\" class=\"wp-image-89\" srcset=\"https:\/\/www.dataslatitudes.com\/enterprise\/wp-content\/uploads\/2025\/08\/icone_application.webp 512w, https:\/\/www.dataslatitudes.com\/enterprise\/wp-content\/uploads\/2025\/08\/icone_application-300x300.webp 300w, https:\/\/www.dataslatitudes.com\/enterprise\/wp-content\/uploads\/2025\/08\/icone_application-150x150.webp 150w\" sizes=\"(max-width: 512px) 100vw, 512px\" \/><\/a><\/figure>\r\n<\/div>\r\n\r\n\r\n\r\n<div class=\"wp-block-column is-vertically-aligned-center is-layout-flow wp-block-column-is-layout-flow\" style=\"flex-basis:80%\">\r\n<h2 class=\"wp-block-heading has-medium-font-size\"><strong><a href=\"https:\/\/www.dataslatitudes.com\/sosuniversal\/az\/index.php\/\" target=\"_blank\" rel=\"noreferrer noopener\">SOS Universal m\u00fcxt\u0259lif formalarda bildiri\u015fl\u0259r g\u00f6nd\u0259rm\u0259y\u0259 imkan verir<\/a><\/strong><\/h2>\r\n\r\n\r\n\r\n<p>Problemli hallarda, m\u00fcxt\u0259lif \u015f\u0259raitd\u0259 v\u0259 m\u00fcxt\u0259lif vasit\u0259l\u0259rl\u0259 yax\u0131nlar\u0131ndan k\u00f6m\u0259k ist\u0259m\u0259k m\u00fcmk\u00fcnd\u00fcr. SOS Universal t\u0259cav\u00fcz, t\u0259qib, narahatl\u0131q, t\u0259hl\u00fck\u0259sizlik \u015f\u0259raiti v\u0259 ya h\u0259r hans\u0131 dig\u0259r narahat v\u0259ziyy\u0259td\u0259 istifad\u0259 edil\u0259 bil\u0259r. <a data-type=\"page\" data-id=\"127\" href=\"https:\/\/www.dataslatitudes.com\/sosuniversal\/az\/index.php\/cas-dutilisation\/\" target=\"_blank\" rel=\"noreferrer noopener\">\u0130stifad\u0259 hallar\u0131 n\u00fcmun\u0259l\u0259rin\u0259 bax\u0131n<\/a><\/p>\r\n<\/div>\r\n<\/div>\r\n\r\n\r\n\r\n<p><\/p>\r\n","protected":false},"excerpt":{"rendered":"<p>DatasLatitudes mobil proqramlar\u0131n (Android v\u0259 iOs) n\u0259\u015friyyat\u00e7\u0131s\u0131d\u0131r. H\u0259r bir proqram\u0131n y\u00fcks\u0259k performansl\u0131, t\u0259hl\u00fck\u0259siz v\u0259 istifad\u0259\u00e7i dostu olmas\u0131n\u0131 t\u0259min etm\u0259k \u00fc\u00e7\u00fcn [&hellip;]<\/p>\n","protected":false},"author":1,"featured_media":0,"parent":0,"menu_order":0,"comment_status":"closed","ping_status":"closed","template":"","meta":{"site-sidebar-layout":"default","site-content-layout":"","ast-site-content-layout":"default","site-content-style":"default","site-sidebar-style":"default","ast-global-header-display":"","ast-banner-title-visibility":"","ast-main-header-display":"","ast-hfb-above-header-display":"","ast-hfb-below-header-display":"","ast-hfb-mobile-header-display":"","site-post-title":"disabled","ast-breadcrumbs-content":"","ast-featured-img":"","footer-sml-layout":"","theme-transparent-header-meta":"","adv-header-id-meta":"","stick-header-meta":"","header-above-stick-meta":"","header-main-stick-meta":"","header-below-stick-meta":"","astra-migrate-meta-layouts":"default","ast-page-background-enabled":"default","ast-page-background-meta":{"desktop":{"background-color":"var(--ast-global-color-5)","background-image":"","background-repeat":"repeat","background-position":"center center","background-size":"auto","background-attachment":"scroll","background-type":"","background-media":"","overlay-type":"","overlay-color":"","overlay-opacity":"","overlay-gradient":""},"tablet":{"background-color":"","background-image":"","background-repeat":"repeat","background-position":"center center","background-size":"auto","background-attachment":"scroll","background-type":"","background-media":"","overlay-type":"","overlay-color":"","overlay-opacity":"","overlay-gradient":""},"mobile":{"background-color":"","background-image":"","background-repeat":"repeat","background-position":"center center","background-size":"auto","background-attachment":"scroll","background-type":"","background-media":"","overlay-type":"","overlay-color":"","overlay-opacity":"","overlay-gradient":""}},"ast-content-background-meta":{"desktop":{"background-color":"var(--ast-global-color-4)","background-image":"","background-repeat":"repeat","background-position":"center center","background-size":"auto","background-attachment":"scroll","background-type":"","background-media":"","overlay-type":"","overlay-color":"","overlay-opacity":"","overlay-gradient":""},"tablet":{"background-color":"var(--ast-global-color-4)","background-image":"","background-repeat":"repeat","background-position":"center center","background-size":"auto","background-attachment":"scroll","background-type":"","background-media":"","overlay-type":"","overlay-color":"","overlay-opacity":"","overlay-gradient":""},"mobile":{"background-color":"var(--ast-global-color-4)","background-image":"","background-repeat":"repeat","background-position":"center center","background-size":"auto","background-attachment":"scroll","background-type":"","background-media":"","overlay-type":"","overlay-color":"","overlay-opacity":"","overlay-gradient":""}},"footnotes":""},"class_list":["post-122","page","type-page","status-publish","hentry"],"yoast_head":"<!-- This site is optimized with the Yoast SEO plugin v25.6 - https:\/\/yoast.com\/wordpress\/plugins\/seo\/ -->\n<title>T\u0259qdimat<\/title>\n<meta name=\"description\" content=\"DatasLatitudes mobil proqramlar\u0131n (Android v\u0259 iOs) n\u0259\u015friyyat\u00e7\u0131s\u0131d\u0131r. H\u0259r bir proqram\u0131n y\u00fcks\u0259k performansl\u0131, t\u0259hl\u00fck\u0259siz v\u0259 istifad\u0259\u00e7i dostu olmas\u0131n\u0131 t\u0259min etm\u0259k \u00fc\u00e7\u00fcn mobil inki\u015faf sah\u0259sind\u0259 \u0259n son texnologiyalara v\u0259 tendensiyalara hakimik. Biz q\u0259tiyy\u0259tl\u0259 inan\u0131r\u0131q ki, texnologiya ham\u0131 \u00fc\u00e7\u00fcn \u0259l\u00e7atan olmal\u0131d\u0131r. Buna g\u00f6r\u0259 d\u0259 biz \u0259l\u00e7atanl\u0131\u011f\u0131 h\u0259r bir layih\u0259nin ba\u015flan\u011f\u0131c\u0131ndan inteqrasiya edirik. Biz g\u00f6rm\u0259, e\u015fitm\u0259, h\u0259r\u0259k\u0259t v\u0259 ya&hellip;\" \/>\n<meta name=\"robots\" content=\"index, follow, max-snippet:-1, max-image-preview:large, max-video-preview:-1\" \/>\n<link rel=\"canonical\" href=\"http:\/\/DatasLatitudes%20mobil%20proqramlar\u0131n%20(Android%20v\u0259%20iOs)%20n\u0259\u015friyyat\u00e7\u0131s\u0131d\u0131r.%20H\u0259r%20bir%20proqram\u0131n%20y\u00fcks\u0259k%20performansl\u0131,%20t\u0259hl\u00fck\u0259siz%20v\u0259%20istifad\u0259\u00e7i%20dostu%20olmas\u0131n\u0131%20t\u0259min%20etm\u0259k%20\u00fc\u00e7\u00fcn%20mobil%20inki\u015faf%20sah\u0259sind\u0259%20\u0259n%20son%20texnologiyalara%20v\u0259%20tendensiyalara%20hakimik.%20Biz%20q\u0259tiyy\u0259tl\u0259%20inan\u0131r\u0131q%20ki,%20texnologiya%20ham\u0131%20\u00fc\u00e7\u00fcn%20\u0259l\u00e7atan%20olmal\u0131d\u0131r.%20Buna%20g\u00f6r\u0259%20d\u0259%20biz%20\u0259l\u00e7atanl\u0131\u011f\u0131%20h\u0259r%20bir%20layih\u0259nin%20ba\u015flan\u011f\u0131c\u0131ndan%20inteqrasiya%20edirik.%20Biz%20g\u00f6rm\u0259,%20e\u015fitm\u0259,%20h\u0259r\u0259k\u0259t%20v\u0259%20ya&hellip;\" \/>\n<meta property=\"og:locale\" content=\"az_AZ\" \/>\n<meta property=\"og:type\" content=\"article\" \/>\n<meta property=\"og:title\" content=\"T\u0259qdimat\" \/>\n<meta property=\"og:description\" content=\"DatasLatitudes mobil proqramlar\u0131n (Android v\u0259 iOs) n\u0259\u015friyyat\u00e7\u0131s\u0131d\u0131r. H\u0259r bir proqram\u0131n y\u00fcks\u0259k performansl\u0131, t\u0259hl\u00fck\u0259siz v\u0259 istifad\u0259\u00e7i dostu olmas\u0131n\u0131 t\u0259min etm\u0259k \u00fc\u00e7\u00fcn mobil inki\u015faf sah\u0259sind\u0259 \u0259n son texnologiyalara v\u0259 tendensiyalara hakimik. Biz q\u0259tiyy\u0259tl\u0259 inan\u0131r\u0131q ki, texnologiya ham\u0131 \u00fc\u00e7\u00fcn \u0259l\u00e7atan olmal\u0131d\u0131r. Buna g\u00f6r\u0259 d\u0259 biz \u0259l\u00e7atanl\u0131\u011f\u0131 h\u0259r bir layih\u0259nin ba\u015flan\u011f\u0131c\u0131ndan inteqrasiya edirik. Biz g\u00f6rm\u0259, e\u015fitm\u0259, h\u0259r\u0259k\u0259t v\u0259 ya&hellip;\" \/>\n<meta property=\"og:url\" content=\"https:\/\/www.dataslatitudes.com\/enterprise\/az\/\" \/>\n<meta property=\"og:site_name\" content=\"DatasLatitudes\" \/>\n<meta property=\"article:modified_time\" content=\"2025-08-15T04:25:01+00:00\" \/>\n<meta property=\"og:image\" content=\"https:\/\/www.dataslatitudes.com\/enterprise\/wp-content\/uploads\/2025\/08\/img_presentation.webp\" \/>\n\t<meta property=\"og:image:width\" content=\"512\" \/>\n\t<meta property=\"og:image:height\" content=\"512\" \/>\n\t<meta property=\"og:image:type\" content=\"image\/webp\" \/>\n<meta name=\"twitter:card\" content=\"summary_large_image\" \/>\n<meta name=\"twitter:label1\" content=\"Est. reading time\" \/>\n\t<meta name=\"twitter:data1\" content=\"2 minutes\" \/>\n<script type=\"application\/ld+json\" class=\"yoast-schema-graph\">{\"@context\":\"https:\/\/schema.org\",\"@graph\":[{\"@type\":\"WebPage\",\"@id\":\"https:\/\/www.dataslatitudes.com\/enterprise\/az\/\",\"url\":\"https:\/\/www.dataslatitudes.com\/enterprise\/az\/\",\"name\":\"Presentation - DatasLatitudes\",\"isPartOf\":{\"@id\":\"https:\/\/www.dataslatitudes.com\/enterprise\/en\/#website\"},\"primaryImageOfPage\":{\"@id\":\"https:\/\/www.dataslatitudes.com\/enterprise\/az\/#primaryimage\"},\"image\":{\"@id\":\"https:\/\/www.dataslatitudes.com\/enterprise\/az\/#primaryimage\"},\"thumbnailUrl\":\"https:\/\/www.dataslatitudes.com\/enterprise\/wp-content\/uploads\/2025\/08\/img_presentation.webp\",\"datePublished\":\"2025-08-14T14:09:19+00:00\",\"dateModified\":\"2025-08-15T04:25:01+00:00\",\"description\":\"We are experts in the latest technologies and trends in mobile development, ensuring that every application is high-performing, secure and user-friendly.\",\"breadcrumb\":{\"@id\":\"https:\/\/www.dataslatitudes.com\/enterprise\/az\/#breadcrumb\"},\"inLanguage\":\"az\",\"potentialAction\":[{\"@type\":\"ReadAction\",\"target\":[\"https:\/\/www.dataslatitudes.com\/enterprise\/az\/\"]}]},{\"@type\":\"ImageObject\",\"inLanguage\":\"az\",\"@id\":\"https:\/\/www.dataslatitudes.com\/enterprise\/az\/#primaryimage\",\"url\":\"https:\/\/www.dataslatitudes.com\/enterprise\/wp-content\/uploads\/2025\/08\/img_presentation.webp\",\"contentUrl\":\"https:\/\/www.dataslatitudes.com\/enterprise\/wp-content\/uploads\/2025\/08\/img_presentation.webp\"},{\"@type\":\"BreadcrumbList\",\"@id\":\"https:\/\/www.dataslatitudes.com\/enterprise\/az\/#breadcrumb\",\"itemListElement\":[{\"@type\":\"ListItem\",\"position\":1,\"name\":\"T\u0259qdimat\",\"item\":\"https:\/\/www.dataslatitudes.com\/enterprise\/en\/\"},{\"@type\":\"ListItem\",\"position\":2,\"name\":\"T\u0259qdimat\"}]},{\"@type\":\"WebSite\",\"@id\":\"https:\/\/www.dataslatitudes.com\/enterprise\/az\/en\/#website\",\"url\":\"https:\/\/www.dataslatitudes.com\/enterprise\/az\/en\/\",\"name\":\"DatasLatitudes\",\"description\":\"DatasLatitudes web site\",\"publisher\":{\"@id\":\"https:\/\/www.dataslatitudes.com\/enterprise\/az\/en\/#organization\"},\"potentialAction\":[{\"@type\":\"SearchAction\",\"target\":{\"@type\":\"EntryPoint\",\"urlTemplate\":\"https:\/\/www.dataslatitudes.com\/enterprise\/az\/en\/?s={search_term_string}\"},\"query-input\":{\"@type\":\"PropertyValueSpecification\",\"valueRequired\":true,\"valueName\":\"search_term_string\"}}],\"inLanguage\":\"az\"},{\"@type\":\"Organization\",\"@id\":\"https:\/\/www.dataslatitudes.com\/enterprise\/az\/en\/#organization\",\"name\":\"DatasLatitudes\",\"url\":\"https:\/\/www.dataslatitudes.com\/enterprise\/az\/en\/\",\"logo\":{\"@type\":\"ImageObject\",\"inLanguage\":\"az\",\"@id\":\"https:\/\/www.dataslatitudes.com\/enterprise\/az\/en\/#\/schema\/logo\/image\/\",\"url\":\"https:\/\/www.dataslatitudes.com\/enterprise\/wp-content\/uploads\/2025\/08\/logo_mrdv.png\",\"contentUrl\":\"https:\/\/www.dataslatitudes.com\/enterprise\/wp-content\/uploads\/2025\/08\/logo_mrdv.png\",\"width\":72,\"height\":72,\"caption\":\"DatasLatitudes\"},\"image\":{\"@id\":\"https:\/\/www.dataslatitudes.com\/enterprise\/az\/en\/#\/schema\/logo\/image\/\"}}]}<\/script>\n<!-- \/ Yoast SEO plugin. -->","yoast_head_json":{"title":"T\u0259qdimat","description":"DatasLatitudes mobil proqramlar\u0131n (Android v\u0259 iOs) n\u0259\u015friyyat\u00e7\u0131s\u0131d\u0131r. H\u0259r bir proqram\u0131n y\u00fcks\u0259k performansl\u0131, t\u0259hl\u00fck\u0259siz v\u0259 istifad\u0259\u00e7i dostu olmas\u0131n\u0131 t\u0259min etm\u0259k \u00fc\u00e7\u00fcn mobil inki\u015faf sah\u0259sind\u0259 \u0259n son texnologiyalara v\u0259 tendensiyalara hakimik. Biz q\u0259tiyy\u0259tl\u0259 inan\u0131r\u0131q ki, texnologiya ham\u0131 \u00fc\u00e7\u00fcn \u0259l\u00e7atan olmal\u0131d\u0131r. Buna g\u00f6r\u0259 d\u0259 biz \u0259l\u00e7atanl\u0131\u011f\u0131 h\u0259r bir layih\u0259nin ba\u015flan\u011f\u0131c\u0131ndan inteqrasiya edirik. Biz g\u00f6rm\u0259, e\u015fitm\u0259, h\u0259r\u0259k\u0259t v\u0259 ya&hellip;","robots":{"index":"index","follow":"follow","max-snippet":"max-snippet:-1","max-image-preview":"max-image-preview:large","max-video-preview":"max-video-preview:-1"},"canonical":"DatasLatitudes mobil proqramlar\u0131n (Android v\u0259 iOs) n\u0259\u015friyyat\u00e7\u0131s\u0131d\u0131r. H\u0259r bir proqram\u0131n y\u00fcks\u0259k performansl\u0131, t\u0259hl\u00fck\u0259siz v\u0259 istifad\u0259\u00e7i dostu olmas\u0131n\u0131 t\u0259min etm\u0259k \u00fc\u00e7\u00fcn mobil inki\u015faf sah\u0259sind\u0259 \u0259n son texnologiyalara v\u0259 tendensiyalara hakimik. Biz q\u0259tiyy\u0259tl\u0259 inan\u0131r\u0131q ki, texnologiya ham\u0131 \u00fc\u00e7\u00fcn \u0259l\u00e7atan olmal\u0131d\u0131r. Buna g\u00f6r\u0259 d\u0259 biz \u0259l\u00e7atanl\u0131\u011f\u0131 h\u0259r bir layih\u0259nin ba\u015flan\u011f\u0131c\u0131ndan inteqrasiya edirik. Biz g\u00f6rm\u0259, e\u015fitm\u0259, h\u0259r\u0259k\u0259t v\u0259 ya&hellip;","og_locale":"az_AZ","og_type":"article","og_title":"T\u0259qdimat","og_description":"DatasLatitudes mobil proqramlar\u0131n (Android v\u0259 iOs) n\u0259\u015friyyat\u00e7\u0131s\u0131d\u0131r. H\u0259r bir proqram\u0131n y\u00fcks\u0259k performansl\u0131, t\u0259hl\u00fck\u0259siz v\u0259 istifad\u0259\u00e7i dostu olmas\u0131n\u0131 t\u0259min etm\u0259k \u00fc\u00e7\u00fcn mobil inki\u015faf sah\u0259sind\u0259 \u0259n son texnologiyalara v\u0259 tendensiyalara hakimik. Biz q\u0259tiyy\u0259tl\u0259 inan\u0131r\u0131q ki, texnologiya ham\u0131 \u00fc\u00e7\u00fcn \u0259l\u00e7atan olmal\u0131d\u0131r. Buna g\u00f6r\u0259 d\u0259 biz \u0259l\u00e7atanl\u0131\u011f\u0131 h\u0259r bir layih\u0259nin ba\u015flan\u011f\u0131c\u0131ndan inteqrasiya edirik. Biz g\u00f6rm\u0259, e\u015fitm\u0259, h\u0259r\u0259k\u0259t v\u0259 ya&hellip;","og_url":"https:\/\/www.dataslatitudes.com\/enterprise\/az\/","og_site_name":"DatasLatitudes","article_modified_time":"2025-08-15T04:25:01+00:00","og_image":[{"width":512,"height":512,"url":"https:\/\/www.dataslatitudes.com\/enterprise\/wp-content\/uploads\/2025\/08\/img_presentation.webp","type":"image\/webp"}],"twitter_card":"summary_large_image","twitter_misc":{"Est. reading time":"2 minutes"},"schema":{"@context":"https:\/\/schema.org","@graph":[{"@type":"WebPage","@id":"https:\/\/www.dataslatitudes.com\/enterprise\/az\/","url":"https:\/\/www.dataslatitudes.com\/enterprise\/az\/","name":"Presentation - DatasLatitudes","isPartOf":{"@id":"https:\/\/www.dataslatitudes.com\/enterprise\/en\/#website"},"primaryImageOfPage":{"@id":"https:\/\/www.dataslatitudes.com\/enterprise\/az\/#primaryimage"},"image":{"@id":"https:\/\/www.dataslatitudes.com\/enterprise\/az\/#primaryimage"},"thumbnailUrl":"https:\/\/www.dataslatitudes.com\/enterprise\/wp-content\/uploads\/2025\/08\/img_presentation.webp","datePublished":"2025-08-14T14:09:19+00:00","dateModified":"2025-08-15T04:25:01+00:00","description":"We are experts in the latest technologies and trends in mobile development, ensuring that every application is high-performing, secure and user-friendly.","breadcrumb":{"@id":"https:\/\/www.dataslatitudes.com\/enterprise\/az\/#breadcrumb"},"inLanguage":"az","potentialAction":[{"@type":"ReadAction","target":["https:\/\/www.dataslatitudes.com\/enterprise\/az\/"]}]},{"@type":"ImageObject","inLanguage":"az","@id":"https:\/\/www.dataslatitudes.com\/enterprise\/az\/#primaryimage","url":"https:\/\/www.dataslatitudes.com\/enterprise\/wp-content\/uploads\/2025\/08\/img_presentation.webp","contentUrl":"https:\/\/www.dataslatitudes.com\/enterprise\/wp-content\/uploads\/2025\/08\/img_presentation.webp"},{"@type":"BreadcrumbList","@id":"https:\/\/www.dataslatitudes.com\/enterprise\/az\/#breadcrumb","itemListElement":[{"@type":"ListItem","position":1,"name":"T\u0259qdimat","item":"https:\/\/www.dataslatitudes.com\/enterprise\/en\/"},{"@type":"ListItem","position":2,"name":"T\u0259qdimat"}]},{"@type":"WebSite","@id":"https:\/\/www.dataslatitudes.com\/enterprise\/az\/en\/#website","url":"https:\/\/www.dataslatitudes.com\/enterprise\/az\/en\/","name":"DatasLatitudes","description":"DatasLatitudes web site","publisher":{"@id":"https:\/\/www.dataslatitudes.com\/enterprise\/az\/en\/#organization"},"potentialAction":[{"@type":"SearchAction","target":{"@type":"EntryPoint","urlTemplate":"https:\/\/www.dataslatitudes.com\/enterprise\/az\/en\/?s={search_term_string}"},"query-input":{"@type":"PropertyValueSpecification","valueRequired":true,"valueName":"search_term_string"}}],"inLanguage":"az"},{"@type":"Organization","@id":"https:\/\/www.dataslatitudes.com\/enterprise\/az\/en\/#organization","name":"DatasLatitudes","url":"https:\/\/www.dataslatitudes.com\/enterprise\/az\/en\/","logo":{"@type":"ImageObject","inLanguage":"az","@id":"https:\/\/www.dataslatitudes.com\/enterprise\/az\/en\/#\/schema\/logo\/image\/","url":"https:\/\/www.dataslatitudes.com\/enterprise\/wp-content\/uploads\/2025\/08\/logo_mrdv.png","contentUrl":"https:\/\/www.dataslatitudes.com\/enterprise\/wp-content\/uploads\/2025\/08\/logo_mrdv.png","width":72,"height":72,"caption":"DatasLatitudes"},"image":{"@id":"https:\/\/www.dataslatitudes.com\/enterprise\/az\/en\/#\/schema\/logo\/image\/"}}]}},"_links":{"self":[{"href":"https:\/\/www.dataslatitudes.com\/enterprise\/az\/wp-json\/wp\/v2\/pages\/122","targetHints":{"allow":["GET"]}}],"collection":[{"href":"https:\/\/www.dataslatitudes.com\/enterprise\/az\/wp-json\/wp\/v2\/pages"}],"about":[{"href":"https:\/\/www.dataslatitudes.com\/enterprise\/az\/wp-json\/wp\/v2\/types\/page"}],"author":[{"embeddable":true,"href":"https:\/\/www.dataslatitudes.com\/enterprise\/az\/wp-json\/wp\/v2\/users\/1"}],"replies":[{"embeddable":true,"href":"https:\/\/www.dataslatitudes.com\/enterprise\/az\/wp-json\/wp\/v2\/comments?post=122"}],"version-history":[{"count":5,"href":"https:\/\/www.dataslatitudes.com\/enterprise\/az\/wp-json\/wp\/v2\/pages\/122\/revisions"}],"predecessor-version":[{"id":201,"href":"https:\/\/www.dataslatitudes.com\/enterprise\/az\/wp-json\/wp\/v2\/pages\/122\/revisions\/201"}],"wp:attachment":[{"href":"https:\/\/www.dataslatitudes.com\/enterprise\/az\/wp-json\/wp\/v2\/media?parent=122"}],"curies":[{"name":"wp","href":"https:\/\/api.w.org\/{rel}","templated":true}]}}